{"id":94038,"date":"2022-06-18T09:53:36","date_gmt":"2022-06-18T08:53:36","guid":{"rendered":"https:\/\/speedfun.bike\/?post_type=product&#038;p=94038"},"modified":"2026-02-13T09:22:11","modified_gmt":"2026-02-13T08:22:11","slug":"speedfun-furious-evo-easy-pour-bosch-smart-system","status":"publish","type":"product","link":"https:\/\/www.speedfun.bike\/fr\/produit\/speedfun-furious-evo-easy-pour-bosch-smart-system\/","title":{"rendered":"SpeedFun Furious Evo easy+ pour Bosch Smart System"},"content":{"rendered":"<div class=\"wpb-content-wrapper\"><p>[vc_row][vc_column width=&#8221;1\/1&#8243;][vc_column_text uncode_shortcode_id=&#8221;170035&#8243;]<\/p>\n<h2>Qu&#8217;est-ce que le tuning SpeedFun Furious Evo pour Bosch Smart System?<\/h2>\n<p>La fonction du dispositif de r\u00e9glage Furious Evo pour Bosch Smart System BES3 est de manipuler \u00e9lectroniquement la vitesse de rotation de la roue arri\u00e8re et de communiquer au moteur une vitesse toujours inf\u00e9rieure \u00e0 25 KmH afin d&#8217;obtenir une vitesse r\u00e9elle avec un moteur actif tr\u00e8s \u00e9lev\u00e9. La limite de vitesse maximale sera donc dict\u00e9e par la puissance du moteur ajout\u00e9e \u00e0 la puissance exprim\u00e9e par les jambes (<a href=\"https:\/\/speedfun.bike\/wp-content\/uploads\/2019\/06\/ebike-non-va-a-50-kmh.pdf\">info<\/a>).<\/p>\n<p>Lorsque le dispositif est actif, l&#8217;\u00e9cran affichera la vitesse exacte jusqu&#8217;au seuil d&#8217;environ 20 KmH, au-del\u00e0 duquel une vitesse manipul\u00e9e sera toujours affich\u00e9e en dessous de 25 KmH.<\/p>\n<p>Ce dispositif de d\u00e9bridage de vitesse est <strong>compatible avec les moteurs Bosch Smart System BES3 gen.4<\/strong> (Active Line, Active Line Plus, Performance Line, Performance Line CX, Performance Line CX Race Limited Edition et Performance Line SX)<strong> et Bosch Performance Line CX gen.5<\/strong> \u00e9quip\u00e9 d&#8217;une <strong>LED Remote<\/strong> ou d&#8217;un <strong>System Controller<\/strong> (\u00e9galement compatible avec Led Remote + Kiox 300\/500, Intuvia 100, Purion 200\/400 ou System Controller + Mini Remote).<\/p>\n<p>SpeedFun Furious Evo <strong>est fourni pr\u00eat \u00e0 l&#8217;emploi, plug and go, peut \u00eatre activ\u00e9 et d\u00e9sactiv\u00e9<\/strong> \u00e0 volont\u00e9 et maintient le r\u00e9glage m\u00eame apr\u00e8s l&#8217;arr\u00eat du v\u00e9lo \u00e9lectrique. Il peut \u00eatre install\u00e9 facilement gr\u00e2ce aux connecteurs compatibles.<\/p>\n<p><strong>ATTENTION!<\/strong><br \/>\nCet appareil n&#8217;est pas compatible avec les v\u00e9los \u00e9lectriques \u00e9quip\u00e9s d&#8217;un aimant fix\u00e9 \u00e0 la valve Bosch Rim Magnet (voir <a href=\"https:\/\/speedfun.bike\/wp-content\/uploads\/2024\/11\/Magneti-Bosch-Compatibilita-NO-RIM_compressed.pdf\">ici<\/a>).<br \/>\nCet appareil n&#8217;est pas compatible avec les v\u00e9los \u00e9lectriques \u00e9quip\u00e9s du syst\u00e8me ABS Bosch.<br \/>\nCet appareil n&#8217;est pas compatible avec les v\u00e9los \u00e9lectriques \u00e9quip\u00e9s du syst\u00e8me GPS (Bosch ConnectModule).<\/p>\n<p>&nbsp;<\/p>\n<h2>Ebike avec moteur Bosch Smart System BES3 o\u00f9 le dispositif Furious Evo easy+ a \u00e9t\u00e9 install\u00e9 avec succ\u00e8s<\/h2>\n<p>(cette liste est illustrative et non exhaustive)[\/vc_column_text][vc_row_inner][vc_column_inner width=&#8221;1\/3&#8243;][vc_column_text]<\/p>\n<p>&#8211; Cube Stereo Hybrid 120 SL<br \/>\n&#8211; Cube Stereo Hybrid 120 SL<br \/>\n&#8211; Cube Stereo Hybrid ALLROAD<br \/>\n&#8211; Cube Stereo Hybrid 120 SLT<br \/>\n&#8211; Cube Stereo Hybrid 120 TM<br \/>\n&#8211; Cube Stereo Hybrid 120 RACE<br \/>\n&#8211; Cube Stereo Hybrid 120 PRO<br \/>\n&#8211; Cube Stereo Hybrid 140 HPC<br \/>\n&#8211; Cube Stereo Hybrid 140 HPC TM<br \/>\n&#8211; Cube Stereo Hybrid 140 HPC SL<br \/>\n&#8211; Cube Stereo Hybrid 140 HPC ACTIONTEAM<br \/>\n&#8211; Cube Stereo Hybrid 140 HPC RACE<br \/>\n&#8211; Cube Stereo Hybrid 140 HPC PRO<\/p>\n<p>[\/vc_column_text][\/vc_column_inner][vc_column_inner width=&#8221;1\/3&#8243;][vc_column_text]<\/p>\n<p>&#8211; Cube Stereo Hybrid 160 HPC<br \/>\n&#8211; Cube Stereo Hybrid 160 HPC TM<br \/>\n&#8211; Cube Stereo Hybrid 160 HPC SL<br \/>\n&#8211; Cube Stereo Hybrid 160 HPC ACTIONTEAM<br \/>\n&#8211; Cube Stereo Hybrid 160 HPC RACE<br \/>\n&#8211; Focus Thron2 6.9<br \/>\n&#8211; Focus Thron2 6.8<br \/>\n&#8211; Focus Thron2 6.8 EQP<br \/>\n&#8211; Focus Jarifa2 6.9<br \/>\n&#8211; Focus Jarifa2 6.8<\/p>\n<p>[\/vc_column_text][\/vc_column_inner][vc_column_inner width=&#8221;1\/3&#8243;][vc_column_text]<\/p>\n<p>&#8211; Haibike AllMtn CF SE<br \/>\n&#8211; Ghost E-Riot AM Full Party<br \/>\n&#8211; Bulls Copperhead Evo AM 3 750<\/p>\n<p>[\/vc_column_text][\/vc_column_inner][\/vc_row_inner][\/vc_column][\/vc_row]<\/p>\n<\/div>","protected":false},"excerpt":{"rendered":"<p>SpeedFun Furious Evo easy+ est un tuning pour v\u00e9lo \u00e9lectrique \u00e9quip\u00e9 d&#8217;un moteur Bosch Smart System qui permet de supprimer le blocage de vitesse \u00e0 25 km\/h.<\/p>\n<p>Ce dispositif de d\u00e9verrouillage est sp\u00e9cialement con\u00e7u pour les moteurs Bosch Smart System BES3 (Active Line, Active Line Plus, Performance Line, Performance Line CX, Performance Line CX Race Limited Edition et Performance Line SX) et Bosch Performance Line CX gen.5 utilis\u00e9s principalement par Cube, Focus, Riese &amp; Muller, Haibike, Ghost, Bulls et bien d&#8217;autres, quel que soit l&#8217;affichage ou la commande au guidon.<\/p>\n<p>Tous les d\u00e9clencheurs rapides SpeedFun Furious Evo peuvent \u00eatre activ\u00e9s et d\u00e9sactiv\u00e9s \u00e0 tout moment et la connexion \u00e0 la sortie lumi\u00e8re n&#8217;est pas n\u00e9cessaire.<\/p>\n","protected":false},"featured_media":123934,"comment_status":"open","ping_status":"closed","template":"","meta":{"_acf_changed":false},"product_brand":[],"product_cat":[20,273],"product_tag":[],"class_list":{"0":"post-94038","1":"product","2":"type-product","3":"status-publish","4":"has-post-thumbnail","6":"product_cat-for-bosch-fr","7":"product_cat-furious-fr","8":"product_shipping_class-armadi-fr","10":"first","11":"instock","12":"taxable","13":"shipping-taxable","14":"purchasable","15":"product-type-simple"},"acf":[],"yoast_head":"<!-- This site is optimized with the Yoast SEO plugin v27.3 - https:\/\/yoast.com\/product\/yoast-seo-wordpress\/ -->\n<title>SpeedFun Furious Evo tuning ebike Bosch Smart System CX SX<\/title>\n<meta name=\"description\" content=\"Chip tuning Ebike avec Bosch Smart System BES3 Performance CX gen4, Performance SX gen4 et Performance CX gen5. Vitesse sup\u00e9rieure \u00e0 60 km\/h.\" \/>\n<meta name=\"robots\" content=\"index, follow, max-snippet:-1, max-image-preview:large, max-video-preview:-1\" \/>\n<link rel=\"canonical\" href=\"https:\/\/www.speedfun.bike\/fr\/produit\/speedfun-furious-evo-easy-pour-bosch-smart-system\/\" \/>\n<meta property=\"og:locale\" content=\"fr_FR\" \/>\n<meta property=\"og:type\" content=\"article\" \/>\n<meta property=\"og:title\" content=\"SpeedFun Furious Evo tuning ebike Bosch Smart System CX SX\" \/>\n<meta property=\"og:description\" content=\"Chip tuning Ebike avec Bosch Smart System BES3 Performance CX gen4, Performance SX gen4 et Performance CX gen5. Vitesse sup\u00e9rieure \u00e0 60 km\/h.\" \/>\n<meta property=\"og:url\" content=\"https:\/\/www.speedfun.bike\/fr\/produit\/speedfun-furious-evo-easy-pour-bosch-smart-system\/\" \/>\n<meta property=\"og:site_name\" content=\"Speed Fun\" \/>\n<meta property=\"article:modified_time\" content=\"2026-02-13T08:22:11+00:00\" \/>\n<meta property=\"og:image\" content=\"https:\/\/www.speedfun.bike\/wp-content\/uploads\/2024\/05\/SpeedFun-Furious-Evo-easy-tuning-Bosch-smart-sytem_new_connectors_product-scaled.jpg\" \/>\n\t<meta property=\"og:image:width\" content=\"2560\" \/>\n\t<meta property=\"og:image:height\" content=\"2049\" \/>\n\t<meta property=\"og:image:type\" content=\"image\/jpeg\" \/>\n<meta name=\"twitter:card\" content=\"summary_large_image\" \/>\n<meta name=\"twitter:label1\" content=\"Est. reading time\" \/>\n\t<meta name=\"twitter:data1\" content=\"3 minutes\" \/>\n<script type=\"application\/ld+json\" class=\"yoast-schema-graph\">{\"@context\":\"https:\\\/\\\/schema.org\",\"@graph\":[{\"@type\":\"WebPage\",\"@id\":\"https:\\\/\\\/www.speedfun.bike\\\/fr\\\/produit\\\/speedfun-furious-evo-easy-pour-bosch-smart-system\\\/\",\"url\":\"https:\\\/\\\/www.speedfun.bike\\\/fr\\\/produit\\\/speedfun-furious-evo-easy-pour-bosch-smart-system\\\/\",\"name\":\"SpeedFun Furious Evo tuning ebike Bosch Smart System CX SX\",\"isPartOf\":{\"@id\":\"https:\\\/\\\/www.speedfun.bike\\\/#website\"},\"primaryImageOfPage\":{\"@id\":\"https:\\\/\\\/www.speedfun.bike\\\/fr\\\/produit\\\/speedfun-furious-evo-easy-pour-bosch-smart-system\\\/#primaryimage\"},\"image\":{\"@id\":\"https:\\\/\\\/www.speedfun.bike\\\/fr\\\/produit\\\/speedfun-furious-evo-easy-pour-bosch-smart-system\\\/#primaryimage\"},\"thumbnailUrl\":\"https:\\\/\\\/www.speedfun.bike\\\/wp-content\\\/uploads\\\/2024\\\/05\\\/SpeedFun-Furious-Evo-easy-tuning-Bosch-smart-sytem_new_connectors_product-scaled.jpg\",\"datePublished\":\"2022-06-18T08:53:36+00:00\",\"dateModified\":\"2026-02-13T08:22:11+00:00\",\"description\":\"Chip tuning Ebike avec Bosch Smart System BES3 Performance CX gen4, Performance SX gen4 et Performance CX gen5. Vitesse sup\u00e9rieure \u00e0 60 km\\\/h.\",\"breadcrumb\":{\"@id\":\"https:\\\/\\\/www.speedfun.bike\\\/fr\\\/produit\\\/speedfun-furious-evo-easy-pour-bosch-smart-system\\\/#breadcrumb\"},\"inLanguage\":\"fr-FR\",\"potentialAction\":[{\"@type\":\"ReadAction\",\"target\":[\"https:\\\/\\\/www.speedfun.bike\\\/fr\\\/produit\\\/speedfun-furious-evo-easy-pour-bosch-smart-system\\\/\"]}]},{\"@type\":\"ImageObject\",\"inLanguage\":\"fr-FR\",\"@id\":\"https:\\\/\\\/www.speedfun.bike\\\/fr\\\/produit\\\/speedfun-furious-evo-easy-pour-bosch-smart-system\\\/#primaryimage\",\"url\":\"https:\\\/\\\/www.speedfun.bike\\\/wp-content\\\/uploads\\\/2024\\\/05\\\/SpeedFun-Furious-Evo-easy-tuning-Bosch-smart-sytem_new_connectors_product-scaled.jpg\",\"contentUrl\":\"https:\\\/\\\/www.speedfun.bike\\\/wp-content\\\/uploads\\\/2024\\\/05\\\/SpeedFun-Furious-Evo-easy-tuning-Bosch-smart-sytem_new_connectors_product-scaled.jpg\",\"width\":2560,\"height\":2049,\"caption\":\"SpeedFun Furious Evo easy+ est un tuning pour v\u00e9los \u00e9lectriques \u00e9quip\u00e9s du moteur Bosch Performance Line CX Smart System \u00e0 partir de 2022. Il d\u00e9bloque la vitesse jusqu'\u00e0 plus de 60 km\\\/h et est compatible avec les v\u00e9los \u00e9lectriques \u00e9quip\u00e9s du syst\u00e8me Bosch Smart System compos\u00e9 d'un moteur + LED \u00e0 distance. contr\u00f4le ou contr\u00f4leur de syst\u00e8me.\"},{\"@type\":\"BreadcrumbList\",\"@id\":\"https:\\\/\\\/www.speedfun.bike\\\/fr\\\/produit\\\/speedfun-furious-evo-easy-pour-bosch-smart-system\\\/#breadcrumb\",\"itemListElement\":[{\"@type\":\"ListItem\",\"position\":1,\"name\":\"Home\",\"item\":\"https:\\\/\\\/www.speedfun.bike\\\/fr\\\/\"},{\"@type\":\"ListItem\",\"position\":2,\"name\":\"Boutique\",\"item\":\"https:\\\/\\\/www.speedfun.bike\\\/fr\\\/boutique\\\/\"},{\"@type\":\"ListItem\",\"position\":3,\"name\":\"SpeedFun Furious Evo easy+ pour Bosch Smart System\"}]},{\"@type\":\"WebSite\",\"@id\":\"https:\\\/\\\/www.speedfun.bike\\\/#website\",\"url\":\"https:\\\/\\\/www.speedfun.bike\\\/\",\"name\":\"Speed Fun\",\"description\":\"Sblocco velocit\u00e0 bici elettriche\",\"potentialAction\":[{\"@type\":\"SearchAction\",\"target\":{\"@type\":\"EntryPoint\",\"urlTemplate\":\"https:\\\/\\\/www.speedfun.bike\\\/?s={search_term_string}\"},\"query-input\":{\"@type\":\"PropertyValueSpecification\",\"valueRequired\":true,\"valueName\":\"search_term_string\"}}],\"inLanguage\":\"fr-FR\"}]}<\/script>\n<!-- \/ Yoast SEO plugin. -->","yoast_head_json":{"title":"SpeedFun Furious Evo tuning ebike Bosch Smart System CX SX","description":"Chip tuning Ebike avec Bosch Smart System BES3 Performance CX gen4, Performance SX gen4 et Performance CX gen5. Vitesse sup\u00e9rieure \u00e0 60 km\/h.","robots":{"index":"index","follow":"follow","max-snippet":"max-snippet:-1","max-image-preview":"max-image-preview:large","max-video-preview":"max-video-preview:-1"},"canonical":"https:\/\/www.speedfun.bike\/fr\/produit\/speedfun-furious-evo-easy-pour-bosch-smart-system\/","og_locale":"fr_FR","og_type":"article","og_title":"SpeedFun Furious Evo tuning ebike Bosch Smart System CX SX","og_description":"Chip tuning Ebike avec Bosch Smart System BES3 Performance CX gen4, Performance SX gen4 et Performance CX gen5. Vitesse sup\u00e9rieure \u00e0 60 km\/h.","og_url":"https:\/\/www.speedfun.bike\/fr\/produit\/speedfun-furious-evo-easy-pour-bosch-smart-system\/","og_site_name":"Speed Fun","article_modified_time":"2026-02-13T08:22:11+00:00","og_image":[{"width":2560,"height":2049,"url":"https:\/\/www.speedfun.bike\/wp-content\/uploads\/2024\/05\/SpeedFun-Furious-Evo-easy-tuning-Bosch-smart-sytem_new_connectors_product-scaled.jpg","type":"image\/jpeg"}],"twitter_card":"summary_large_image","twitter_misc":{"Est. reading time":"3 minutes"},"schema":{"@context":"https:\/\/schema.org","@graph":[{"@type":"WebPage","@id":"https:\/\/www.speedfun.bike\/fr\/produit\/speedfun-furious-evo-easy-pour-bosch-smart-system\/","url":"https:\/\/www.speedfun.bike\/fr\/produit\/speedfun-furious-evo-easy-pour-bosch-smart-system\/","name":"SpeedFun Furious Evo tuning ebike Bosch Smart System CX SX","isPartOf":{"@id":"https:\/\/www.speedfun.bike\/#website"},"primaryImageOfPage":{"@id":"https:\/\/www.speedfun.bike\/fr\/produit\/speedfun-furious-evo-easy-pour-bosch-smart-system\/#primaryimage"},"image":{"@id":"https:\/\/www.speedfun.bike\/fr\/produit\/speedfun-furious-evo-easy-pour-bosch-smart-system\/#primaryimage"},"thumbnailUrl":"https:\/\/www.speedfun.bike\/wp-content\/uploads\/2024\/05\/SpeedFun-Furious-Evo-easy-tuning-Bosch-smart-sytem_new_connectors_product-scaled.jpg","datePublished":"2022-06-18T08:53:36+00:00","dateModified":"2026-02-13T08:22:11+00:00","description":"Chip tuning Ebike avec Bosch Smart System BES3 Performance CX gen4, Performance SX gen4 et Performance CX gen5. Vitesse sup\u00e9rieure \u00e0 60 km\/h.","breadcrumb":{"@id":"https:\/\/www.speedfun.bike\/fr\/produit\/speedfun-furious-evo-easy-pour-bosch-smart-system\/#breadcrumb"},"inLanguage":"fr-FR","potentialAction":[{"@type":"ReadAction","target":["https:\/\/www.speedfun.bike\/fr\/produit\/speedfun-furious-evo-easy-pour-bosch-smart-system\/"]}]},{"@type":"ImageObject","inLanguage":"fr-FR","@id":"https:\/\/www.speedfun.bike\/fr\/produit\/speedfun-furious-evo-easy-pour-bosch-smart-system\/#primaryimage","url":"https:\/\/www.speedfun.bike\/wp-content\/uploads\/2024\/05\/SpeedFun-Furious-Evo-easy-tuning-Bosch-smart-sytem_new_connectors_product-scaled.jpg","contentUrl":"https:\/\/www.speedfun.bike\/wp-content\/uploads\/2024\/05\/SpeedFun-Furious-Evo-easy-tuning-Bosch-smart-sytem_new_connectors_product-scaled.jpg","width":2560,"height":2049,"caption":"SpeedFun Furious Evo easy+ est un tuning pour v\u00e9los \u00e9lectriques \u00e9quip\u00e9s du moteur Bosch Performance Line CX Smart System \u00e0 partir de 2022. Il d\u00e9bloque la vitesse jusqu'\u00e0 plus de 60 km\/h et est compatible avec les v\u00e9los \u00e9lectriques \u00e9quip\u00e9s du syst\u00e8me Bosch Smart System compos\u00e9 d'un moteur + LED \u00e0 distance. contr\u00f4le ou contr\u00f4leur de syst\u00e8me."},{"@type":"BreadcrumbList","@id":"https:\/\/www.speedfun.bike\/fr\/produit\/speedfun-furious-evo-easy-pour-bosch-smart-system\/#breadcrumb","itemListElement":[{"@type":"ListItem","position":1,"name":"Home","item":"https:\/\/www.speedfun.bike\/fr\/"},{"@type":"ListItem","position":2,"name":"Boutique","item":"https:\/\/www.speedfun.bike\/fr\/boutique\/"},{"@type":"ListItem","position":3,"name":"SpeedFun Furious Evo easy+ pour Bosch Smart System"}]},{"@type":"WebSite","@id":"https:\/\/www.speedfun.bike\/#website","url":"https:\/\/www.speedfun.bike\/","name":"Speed Fun","description":"Sblocco velocit\u00e0 bici elettriche","potentialAction":[{"@type":"SearchAction","target":{"@type":"EntryPoint","urlTemplate":"https:\/\/www.speedfun.bike\/?s={search_term_string}"},"query-input":{"@type":"PropertyValueSpecification","valueRequired":true,"valueName":"search_term_string"}}],"inLanguage":"fr-FR"}]}},"_links":{"self":[{"href":"https:\/\/www.speedfun.bike\/fr\/wp-json\/wp\/v2\/product\/94038","targetHints":{"allow":["GET"]}}],"collection":[{"href":"https:\/\/www.speedfun.bike\/fr\/wp-json\/wp\/v2\/product"}],"about":[{"href":"https:\/\/www.speedfun.bike\/fr\/wp-json\/wp\/v2\/types\/product"}],"replies":[{"embeddable":true,"href":"https:\/\/www.speedfun.bike\/fr\/wp-json\/wp\/v2\/comments?post=94038"}],"wp:featuredmedia":[{"embeddable":true,"href":"https:\/\/www.speedfun.bike\/fr\/wp-json\/wp\/v2\/media\/123934"}],"wp:attachment":[{"href":"https:\/\/www.speedfun.bike\/fr\/wp-json\/wp\/v2\/media?parent=94038"}],"wp:term":[{"taxonomy":"product_brand","embeddable":true,"href":"https:\/\/www.speedfun.bike\/fr\/wp-json\/wp\/v2\/product_brand?post=94038"},{"taxonomy":"product_cat","embeddable":true,"href":"https:\/\/www.speedfun.bike\/fr\/wp-json\/wp\/v2\/product_cat?post=94038"},{"taxonomy":"product_tag","embeddable":true,"href":"https:\/\/www.speedfun.bike\/fr\/wp-json\/wp\/v2\/product_tag?post=94038"}],"curies":[{"name":"wp","href":"https:\/\/api.w.org\/{rel}","templated":true}]}}