{"id":82998,"date":"2021-11-10T10:52:01","date_gmt":"2021-11-10T09:52:16","guid":{"rendered":"https:\/\/speedfun.bike\/?post_type=product&#038;p=82998"},"modified":"2026-01-27T10:55:14","modified_gmt":"2026-01-27T09:55:14","slug":"speedfun-furious-evo-pour-bafang-m400-et-m420","status":"publish","type":"product","link":"https:\/\/www.speedfun.bike\/fr\/produit\/speedfun-furious-evo-pour-bafang-m400-et-m420\/","title":{"rendered":"SpeedFun Furious Evo pour Bafang M400 et M420"},"content":{"rendered":"<div class=\"wpb-content-wrapper\"><p>[vc_row][vc_column width=&#8221;1\/1&#8243;][vc_column_text uncode_shortcode_id=&#8221;709260&#8243;]<\/p>\n<h2>Qu&#8217;est-ce que le r\u00e9glage du v\u00e9lo \u00e9lectrique SpeedFun Furious Evo pour moteur Bafang M400 et M420?<\/h2>\n<p><strong>La fonction du dispositif tuning Furious Evo pour\u00a0Bafang M400 et M420 <\/strong>est de manipuler \u00e9lectroniquement la vitesse de rotation de la roue arri\u00e8re et de communiquer au moteur une vitesse toujours inf\u00e9rieure \u00e0 25 KmH afin d&#8217;obtenir une vitesse r\u00e9elle avec un moteur actif tr\u00e8s \u00e9lev\u00e9. La limite de vitesse maximale sera donc dict\u00e9e par la puissance du moteur ajout\u00e9e \u00e0 la puissance exprim\u00e9e par les jambes (<a href=\"https:\/\/speedfun.bike\/wp-content\/uploads\/2019\/06\/ebike-non-va-a-50-kmh.pdf\">info<\/a>).<\/p>\n<p>Lorsque le dispositif de r\u00e9glage est actif, n&#8217;ayant aucune communication avec l&#8217;\u00e9cran, il affichera les donn\u00e9es r\u00e9duites de moiti\u00e9 sur l&#8217;\u00e9cran \u00e0 partir d&#8217;un certain seuil.<\/p>\n<p>SpeedFun Furious Evo peut \u00eatre activ\u00e9 et d\u00e9sactiv\u00e9 \u00e0 volont\u00e9 et maintient le r\u00e9glage m\u00eame apr\u00e8s que le v\u00e9lo \u00e9lectrique est \u00e9teint. Il peut \u00eatre install\u00e9 sur ebike avec moteur Bafang M400 et M420 quel que soit le type d&#8217;affichage ou de contr\u00f4le lat\u00e9ral du v\u00e9lo \u00e9lectrique.<\/p>\n<p>Le dispositif de r\u00e9glage Furiosu Evo pour Bafang M400 et M420 peut \u00eatre activ\u00e9\/d\u00e9sactiv\u00e9 en appuyant simplement sur le bouton d&#8217;\u00e9clairage du v\u00e9lo \u00e9lectrique. Si le v\u00e9lo \u00e9lectrique a d\u00e9j\u00e0 les feux connect\u00e9s \u00e0 la sortie lumi\u00e8re, ou s&#8217;il n&#8217;est pas possible de l&#8217;utiliser, il sera toujours possible d&#8217;activer\/d\u00e9sactiver le r\u00e9glage avec un syst\u00e8me tr\u00e8s pratique (pour plus d&#8217;informations voir les instructions ici). L&#8217;appareil est fourni plug and go pr\u00eat \u00e0 l&#8217;emploi et s&#8217;installe de mani\u00e8re tr\u00e8s simple gr\u00e2ce aux connecteurs d&#8217;origine avec lesquels aucune modification physique du v\u00e9lo \u00e9lectrique n&#8217;est n\u00e9cessaire.<\/p>\n<p>&nbsp;<\/p>\n<p><strong>ATTENTION 1<\/strong><br \/>\nDepuis 2020, des capteurs de vitesse avec des connecteurs \u00e0 4 broches sont produits au lieu de 3 (cliquez <a href=\"https:\/\/speedfun.bike\/wp-content\/uploads\/2020\/08\/Connettore-Bafang-3-4-pin-1.png\">ici<\/a>) comme pr\u00e9c\u00e9demment.<br \/>\nAvant d&#8217;acheter, il est important de v\u00e9rifier la version du connecteur du capteur de vitesse de votre v\u00e9lo pour \u00e9viter les probl\u00e8mes d&#8217;incompatibilit\u00e9 du dispositif Furious Evo avec votre moteur. En cliquant <a href=\"https:\/\/speedfun.bike\/wp-content\/uploads\/2020\/08\/Connettore-Bafang-3-4-pin-1.png\">ici<\/a>, vous pouvez facilement reconna\u00eetre si un connecteur \u00e0 4 broches ou \u00e0 3 broches a \u00e9t\u00e9 mont\u00e9 sur votre v\u00e9lo \u00e9lectrique.<\/p>\n<p><strong data-start=\"77\" data-end=\"95\">ATTENTION 2<\/strong><br data-start=\"95\" data-end=\"98\" \/>Si le v\u00e9lo \u00e9lectrique est \u00e9quip\u00e9 d\u2019un \u00e9clairage, il est recommand\u00e9 d\u2019acheter le <a href=\"https:\/\/speedfun.bike\/fr\/produit\/cable-separateur-y\/\">c\u00e2ble r\u00e9partiteur en Y (mod\u00e8le CY-01)<\/a> en m\u00eame temps que le dispositif.<\/p>\n<p>&nbsp;<\/p>\n<h2>V\u00e9lo \u00e9lectrique avec moteur Bafang M400 et\u00a0 M420 o\u00f9 l&#8217;appareil Furious Evo a \u00e9t\u00e9 install\u00e9 avec succ\u00e8s<\/h2>\n<p>(cette liste est illustrative et non exhaustive)[\/vc_column_text][vc_row_inner][vc_column_inner width=&#8221;1\/2&#8243;][vc_column_text]<\/p>\n<p>&#8211; Torpado Thor<br \/>\n&#8211; Torpado Xanto Z<br \/>\n&#8211; Bottecchia BE 31 Kripton E-MTB 27,5&#8243;<br \/>\n&#8211; Bottecchia BE 20 e-bike TRK lady 28&#8243;<\/p>\n<p>[\/vc_column_text][\/vc_column_inner][vc_column_inner width=&#8221;1\/2&#8243;][vc_column_text]<\/p>\n<p>&#8211; Bottecchia BE 18 e-bike TRK man 28&#8243;<br \/>\n&#8211; Montana E-Vort 29&#8243; E-MTB<br \/>\n&#8211;\u00a0Vektor Krug 27,5&#8243;<\/p>\n<p>[\/vc_column_text][\/vc_column_inner][\/vc_row_inner][\/vc_column][\/vc_row]<\/p>\n<\/div>","protected":false},"excerpt":{"rendered":"<p>SpeedFun Furious Evo est un r\u00e9glage de v\u00e9lo \u00e9lectrique qui vous permet de supprimer le bloc de vitesse de 25 kmH en exploitant pleinement le potentiel du moteur Bafang.<\/p>\n<p>Ce dispositif de tuning pour ebike est sp\u00e9cialement con\u00e7u pour d\u00e9bloquer la vitesse des moteurs Bafang M400 et M420 principalement mont\u00e9s sur le v\u00e9lo \u00e9lectrique Bottecchia, Montana, Torpado e Vektor..<\/p>\n<p>Tous les dispositifs de d\u00e9clenchement de vitesse SpeedFun Furious Evo peuvent \u00eatre activ\u00e9s et d\u00e9sactiv\u00e9s \u00e0 tout moment, m\u00eame sans \u00eatre connect\u00e9s \u00e0 la sortie des feux du moteur.<\/p>\n","protected":false},"featured_media":83875,"comment_status":"open","ping_status":"closed","template":"","meta":{"_acf_changed":false},"product_brand":[],"product_cat":[42,273],"product_tag":[],"class_list":{"0":"post-82998","1":"product","2":"type-product","3":"status-publish","4":"has-post-thumbnail","6":"product_cat-for-bafang-fr","7":"product_cat-furious-fr","8":"product_shipping_class-armadi-fr","10":"first","11":"instock","12":"taxable","13":"shipping-taxable","14":"purchasable","15":"product-type-variable"},"acf":[],"yoast_head":"<!-- This site is optimized with the Yoast SEO plugin v27.3 - https:\/\/yoast.com\/product\/yoast-seo-wordpress\/ -->\n<title>SpeedFun tuning ebike Bafang M400-M420 (Max Drive et Modest Drive)<\/title>\n<meta name=\"description\" content=\"SpeedFun Furious Evo est un tuning sp\u00e9cialement con\u00e7u pour augmenter l&#039;assistance \u00e0 plus de 25 Km\/h sur un v\u00e9lo \u00e9lectrique \u00e9quip\u00e9 du moteur Bafang M400 et M420 (Max drive et Modest drive). Compatible avec les v\u00e9los \u00e9lectriques Bottecchia, Montana, Torpado et Vektor et bien d&#039;autres.\" \/>\n<meta name=\"robots\" content=\"index, follow, max-snippet:-1, max-image-preview:large, max-video-preview:-1\" \/>\n<link rel=\"canonical\" href=\"https:\/\/www.speedfun.bike\/fr\/produit\/speedfun-furious-evo-pour-bafang-m400-et-m420\/\" \/>\n<meta property=\"og:locale\" content=\"fr_FR\" \/>\n<meta property=\"og:type\" content=\"article\" \/>\n<meta property=\"og:title\" content=\"SpeedFun tuning ebike Bafang M400-M420 (Max Drive et Modest Drive)\" \/>\n<meta property=\"og:description\" content=\"SpeedFun Furious Evo est un tuning sp\u00e9cialement con\u00e7u pour augmenter l&#039;assistance \u00e0 plus de 25 Km\/h sur un v\u00e9lo \u00e9lectrique \u00e9quip\u00e9 du moteur Bafang M400 et M420 (Max drive et Modest drive). Compatible avec les v\u00e9los \u00e9lectriques Bottecchia, Montana, Torpado et Vektor et bien d&#039;autres.\" \/>\n<meta property=\"og:url\" content=\"https:\/\/www.speedfun.bike\/fr\/produit\/speedfun-furious-evo-pour-bafang-m400-et-m420\/\" \/>\n<meta property=\"og:site_name\" content=\"Speed Fun\" \/>\n<meta property=\"article:modified_time\" content=\"2026-01-27T09:55:14+00:00\" \/>\n<meta property=\"og:image\" content=\"https:\/\/www.speedfun.bike\/wp-content\/uploads\/2021\/12\/Furious-Evo-per-Bafang-4pin_product_resize-scaled.jpg\" \/>\n\t<meta property=\"og:image:width\" content=\"2560\" \/>\n\t<meta property=\"og:image:height\" content=\"2049\" \/>\n\t<meta property=\"og:image:type\" content=\"image\/jpeg\" \/>\n<meta name=\"twitter:card\" content=\"summary_large_image\" \/>\n<meta name=\"twitter:label1\" content=\"Est. reading time\" \/>\n\t<meta name=\"twitter:data1\" content=\"3 minutes\" \/>\n<script type=\"application\/ld+json\" class=\"yoast-schema-graph\">{\"@context\":\"https:\\\/\\\/schema.org\",\"@graph\":[{\"@type\":\"WebPage\",\"@id\":\"https:\\\/\\\/www.speedfun.bike\\\/fr\\\/produit\\\/speedfun-furious-evo-pour-bafang-m400-et-m420\\\/\",\"url\":\"https:\\\/\\\/www.speedfun.bike\\\/fr\\\/produit\\\/speedfun-furious-evo-pour-bafang-m400-et-m420\\\/\",\"name\":\"SpeedFun tuning ebike Bafang M400-M420 (Max Drive et Modest Drive)\",\"isPartOf\":{\"@id\":\"https:\\\/\\\/speedfun.bike\\\/#website\"},\"primaryImageOfPage\":{\"@id\":\"https:\\\/\\\/www.speedfun.bike\\\/fr\\\/produit\\\/speedfun-furious-evo-pour-bafang-m400-et-m420\\\/#primaryimage\"},\"image\":{\"@id\":\"https:\\\/\\\/www.speedfun.bike\\\/fr\\\/produit\\\/speedfun-furious-evo-pour-bafang-m400-et-m420\\\/#primaryimage\"},\"thumbnailUrl\":\"https:\\\/\\\/www.speedfun.bike\\\/wp-content\\\/uploads\\\/2021\\\/12\\\/Furious-Evo-per-Bafang-4pin_product_resize-scaled.jpg\",\"datePublished\":\"2021-11-10T09:52:16+00:00\",\"dateModified\":\"2026-01-27T09:55:14+00:00\",\"description\":\"SpeedFun Furious Evo est un tuning sp\u00e9cialement con\u00e7u pour augmenter l'assistance \u00e0 plus de 25 Km\\\/h sur un v\u00e9lo \u00e9lectrique \u00e9quip\u00e9 du moteur Bafang M400 et M420 (Max drive et Modest drive). Compatible avec les v\u00e9los \u00e9lectriques Bottecchia, Montana, Torpado et Vektor et bien d'autres.\",\"breadcrumb\":{\"@id\":\"https:\\\/\\\/www.speedfun.bike\\\/fr\\\/produit\\\/speedfun-furious-evo-pour-bafang-m400-et-m420\\\/#breadcrumb\"},\"inLanguage\":\"fr-FR\",\"potentialAction\":[{\"@type\":\"ReadAction\",\"target\":[\"https:\\\/\\\/www.speedfun.bike\\\/fr\\\/produit\\\/speedfun-furious-evo-pour-bafang-m400-et-m420\\\/\"]}]},{\"@type\":\"ImageObject\",\"inLanguage\":\"fr-FR\",\"@id\":\"https:\\\/\\\/www.speedfun.bike\\\/fr\\\/produit\\\/speedfun-furious-evo-pour-bafang-m400-et-m420\\\/#primaryimage\",\"url\":\"https:\\\/\\\/www.speedfun.bike\\\/wp-content\\\/uploads\\\/2021\\\/12\\\/Furious-Evo-per-Bafang-4pin_product_resize-scaled.jpg\",\"contentUrl\":\"https:\\\/\\\/www.speedfun.bike\\\/wp-content\\\/uploads\\\/2021\\\/12\\\/Furious-Evo-per-Bafang-4pin_product_resize-scaled.jpg\",\"width\":2560,\"height\":2049,\"caption\":\"SpeedFun Furious Evo est un r\u00e9glage de v\u00e9lo \u00e9lectrique qui vous permet de supprimer le blocage de vitesse de 25 km\\\/h. Sp\u00e9cialement con\u00e7u pour les moteurs Bafang M300 M400 et M420.\"},{\"@type\":\"BreadcrumbList\",\"@id\":\"https:\\\/\\\/www.speedfun.bike\\\/fr\\\/produit\\\/speedfun-furious-evo-pour-bafang-m400-et-m420\\\/#breadcrumb\",\"itemListElement\":[{\"@type\":\"ListItem\",\"position\":1,\"name\":\"Home\",\"item\":\"https:\\\/\\\/speedfun.bike\\\/fr\\\/\"},{\"@type\":\"ListItem\",\"position\":2,\"name\":\"Boutique\",\"item\":\"https:\\\/\\\/speedfun.bike\\\/fr\\\/boutique\\\/\"},{\"@type\":\"ListItem\",\"position\":3,\"name\":\"SpeedFun Furious Evo pour Bafang M400 et M420\"}]},{\"@type\":\"WebSite\",\"@id\":\"https:\\\/\\\/speedfun.bike\\\/#website\",\"url\":\"https:\\\/\\\/speedfun.bike\\\/\",\"name\":\"Speed Fun\",\"description\":\"Sblocco velocit\u00e0 bici elettriche\",\"potentialAction\":[{\"@type\":\"SearchAction\",\"target\":{\"@type\":\"EntryPoint\",\"urlTemplate\":\"https:\\\/\\\/speedfun.bike\\\/?s={search_term_string}\"},\"query-input\":{\"@type\":\"PropertyValueSpecification\",\"valueRequired\":true,\"valueName\":\"search_term_string\"}}],\"inLanguage\":\"fr-FR\"}]}<\/script>\n<!-- \/ Yoast SEO plugin. -->","yoast_head_json":{"title":"SpeedFun tuning ebike Bafang M400-M420 (Max Drive et Modest Drive)","description":"SpeedFun Furious Evo est un tuning sp\u00e9cialement con\u00e7u pour augmenter l'assistance \u00e0 plus de 25 Km\/h sur un v\u00e9lo \u00e9lectrique \u00e9quip\u00e9 du moteur Bafang M400 et M420 (Max drive et Modest drive). Compatible avec les v\u00e9los \u00e9lectriques Bottecchia, Montana, Torpado et Vektor et bien d'autres.","robots":{"index":"index","follow":"follow","max-snippet":"max-snippet:-1","max-image-preview":"max-image-preview:large","max-video-preview":"max-video-preview:-1"},"canonical":"https:\/\/www.speedfun.bike\/fr\/produit\/speedfun-furious-evo-pour-bafang-m400-et-m420\/","og_locale":"fr_FR","og_type":"article","og_title":"SpeedFun tuning ebike Bafang M400-M420 (Max Drive et Modest Drive)","og_description":"SpeedFun Furious Evo est un tuning sp\u00e9cialement con\u00e7u pour augmenter l'assistance \u00e0 plus de 25 Km\/h sur un v\u00e9lo \u00e9lectrique \u00e9quip\u00e9 du moteur Bafang M400 et M420 (Max drive et Modest drive). Compatible avec les v\u00e9los \u00e9lectriques Bottecchia, Montana, Torpado et Vektor et bien d'autres.","og_url":"https:\/\/www.speedfun.bike\/fr\/produit\/speedfun-furious-evo-pour-bafang-m400-et-m420\/","og_site_name":"Speed Fun","article_modified_time":"2026-01-27T09:55:14+00:00","og_image":[{"width":2560,"height":2049,"url":"https:\/\/www.speedfun.bike\/wp-content\/uploads\/2021\/12\/Furious-Evo-per-Bafang-4pin_product_resize-scaled.jpg","type":"image\/jpeg"}],"twitter_card":"summary_large_image","twitter_misc":{"Est. reading time":"3 minutes"},"schema":{"@context":"https:\/\/schema.org","@graph":[{"@type":"WebPage","@id":"https:\/\/www.speedfun.bike\/fr\/produit\/speedfun-furious-evo-pour-bafang-m400-et-m420\/","url":"https:\/\/www.speedfun.bike\/fr\/produit\/speedfun-furious-evo-pour-bafang-m400-et-m420\/","name":"SpeedFun tuning ebike Bafang M400-M420 (Max Drive et Modest Drive)","isPartOf":{"@id":"https:\/\/speedfun.bike\/#website"},"primaryImageOfPage":{"@id":"https:\/\/www.speedfun.bike\/fr\/produit\/speedfun-furious-evo-pour-bafang-m400-et-m420\/#primaryimage"},"image":{"@id":"https:\/\/www.speedfun.bike\/fr\/produit\/speedfun-furious-evo-pour-bafang-m400-et-m420\/#primaryimage"},"thumbnailUrl":"https:\/\/www.speedfun.bike\/wp-content\/uploads\/2021\/12\/Furious-Evo-per-Bafang-4pin_product_resize-scaled.jpg","datePublished":"2021-11-10T09:52:16+00:00","dateModified":"2026-01-27T09:55:14+00:00","description":"SpeedFun Furious Evo est un tuning sp\u00e9cialement con\u00e7u pour augmenter l'assistance \u00e0 plus de 25 Km\/h sur un v\u00e9lo \u00e9lectrique \u00e9quip\u00e9 du moteur Bafang M400 et M420 (Max drive et Modest drive). Compatible avec les v\u00e9los \u00e9lectriques Bottecchia, Montana, Torpado et Vektor et bien d'autres.","breadcrumb":{"@id":"https:\/\/www.speedfun.bike\/fr\/produit\/speedfun-furious-evo-pour-bafang-m400-et-m420\/#breadcrumb"},"inLanguage":"fr-FR","potentialAction":[{"@type":"ReadAction","target":["https:\/\/www.speedfun.bike\/fr\/produit\/speedfun-furious-evo-pour-bafang-m400-et-m420\/"]}]},{"@type":"ImageObject","inLanguage":"fr-FR","@id":"https:\/\/www.speedfun.bike\/fr\/produit\/speedfun-furious-evo-pour-bafang-m400-et-m420\/#primaryimage","url":"https:\/\/www.speedfun.bike\/wp-content\/uploads\/2021\/12\/Furious-Evo-per-Bafang-4pin_product_resize-scaled.jpg","contentUrl":"https:\/\/www.speedfun.bike\/wp-content\/uploads\/2021\/12\/Furious-Evo-per-Bafang-4pin_product_resize-scaled.jpg","width":2560,"height":2049,"caption":"SpeedFun Furious Evo est un r\u00e9glage de v\u00e9lo \u00e9lectrique qui vous permet de supprimer le blocage de vitesse de 25 km\/h. Sp\u00e9cialement con\u00e7u pour les moteurs Bafang M300 M400 et M420."},{"@type":"BreadcrumbList","@id":"https:\/\/www.speedfun.bike\/fr\/produit\/speedfun-furious-evo-pour-bafang-m400-et-m420\/#breadcrumb","itemListElement":[{"@type":"ListItem","position":1,"name":"Home","item":"https:\/\/speedfun.bike\/fr\/"},{"@type":"ListItem","position":2,"name":"Boutique","item":"https:\/\/speedfun.bike\/fr\/boutique\/"},{"@type":"ListItem","position":3,"name":"SpeedFun Furious Evo pour Bafang M400 et M420"}]},{"@type":"WebSite","@id":"https:\/\/speedfun.bike\/#website","url":"https:\/\/speedfun.bike\/","name":"Speed Fun","description":"Sblocco velocit\u00e0 bici elettriche","potentialAction":[{"@type":"SearchAction","target":{"@type":"EntryPoint","urlTemplate":"https:\/\/speedfun.bike\/?s={search_term_string}"},"query-input":{"@type":"PropertyValueSpecification","valueRequired":true,"valueName":"search_term_string"}}],"inLanguage":"fr-FR"}]}},"_links":{"self":[{"href":"https:\/\/www.speedfun.bike\/fr\/wp-json\/wp\/v2\/product\/82998","targetHints":{"allow":["GET"]}}],"collection":[{"href":"https:\/\/www.speedfun.bike\/fr\/wp-json\/wp\/v2\/product"}],"about":[{"href":"https:\/\/www.speedfun.bike\/fr\/wp-json\/wp\/v2\/types\/product"}],"replies":[{"embeddable":true,"href":"https:\/\/www.speedfun.bike\/fr\/wp-json\/wp\/v2\/comments?post=82998"}],"wp:featuredmedia":[{"embeddable":true,"href":"https:\/\/www.speedfun.bike\/fr\/wp-json\/wp\/v2\/media\/83875"}],"wp:attachment":[{"href":"https:\/\/www.speedfun.bike\/fr\/wp-json\/wp\/v2\/media?parent=82998"}],"wp:term":[{"taxonomy":"product_brand","embeddable":true,"href":"https:\/\/www.speedfun.bike\/fr\/wp-json\/wp\/v2\/product_brand?post=82998"},{"taxonomy":"product_cat","embeddable":true,"href":"https:\/\/www.speedfun.bike\/fr\/wp-json\/wp\/v2\/product_cat?post=82998"},{"taxonomy":"product_tag","embeddable":true,"href":"https:\/\/www.speedfun.bike\/fr\/wp-json\/wp\/v2\/product_tag?post=82998"}],"curies":[{"name":"wp","href":"https:\/\/api.w.org\/{rel}","templated":true}]}}