{"id":82211,"date":"2021-10-16T14:50:45","date_gmt":"2021-10-16T13:50:50","guid":{"rendered":"https:\/\/speedfun.bike\/?post_type=product&#038;p=82211"},"modified":"2023-10-04T07:46:55","modified_gmt":"2023-10-04T06:46:55","slug":"speedfun-furious-evo-pour-mahle-specialized-sl-1-1","status":"publish","type":"product","link":"https:\/\/www.speedfun.bike\/fr\/produit\/speedfun-furious-evo-pour-mahle-specialized-sl-1-1\/","title":{"rendered":"SpeedFun Furious Evo easy+ pour Specialized Turbo Levo SL, Kenevo SL, Creo SL, Como SL et Vado SL"},"content":{"rendered":"<div class=\"wpb-content-wrapper\"><p>[vc_row][vc_column width=&#8221;1\/1&#8243;][vc_column_text uncode_shortcode_id=&#8221;325484&#8243;]<\/p>\n<h2>Qu\u2019est-ce que le r\u00e9glage SpeedFun Furious Evo pour les v\u00e9los \u00e9lectriques avec moteur Mahle Specialized SL 1.1 et Turbo SL 1.2?<\/h2>\n<p><strong>La fonction du dispositif de r\u00e9glage Furious Evo pour les moteurs Mahle Specialized SL 1.1 et Turbo SL 1.2<\/strong>\u00a0(Specialized Turbo Kenevo SL, Turbo Levo SL, Turbo Creo SL, Turbo Vado SL, Turbo Como SL et Turbo Vado SL)\u00a0est de manipuler \u00e9lectroniquement la vitesse de rotation de la roue arri\u00e8re et de communiquer au moteur une vitesse toujours inf\u00e9rieure \u00e0 25 KmH afin d\u2019obtenir une vitesse r\u00e9elle tr\u00e8s \u00e9lev\u00e9e avec le moteur actif. La limite de vitesse maximale sera donc dict\u00e9e par la puissance du moteur ajout\u00e9e \u00e0 la puissance exprim\u00e9e par les jambes (<a href=\"https:\/\/speedfun.bike\/wp-content\/uploads\/2019\/06\/ebike-non-va-a-50-kmh.pdf\">info<\/a>).<\/p>\n<p>Lorsque le dispositif de r\u00e9glage est actif, puisqu\u2019il n\u2019a pas de communication avec l\u2019\u00e9cran, il affichera des donn\u00e9es divis\u00e9es par deux sur l\u2019\u00e9cran \u00e0 partir d\u2019un certain seuil.<\/p>\n<p>SpeedFun Furious Evo peut \u00eatre activ\u00e9 et d\u00e9sactiv\u00e9 \u00e0 volont\u00e9 et maintient le r\u00e9glage m\u00eame apr\u00e8s l\u2019arr\u00eat du v\u00e9lo \u00e9lectrique. Il peut \u00eatre install\u00e9 sur les v\u00e9los \u00e9lectriques Specialized avec moteur Mahle Specialized SL 1.1 (35Nm) et Turbo SL 1.2 (50Nm) principalement mont\u00e9 sur Turbo Kenevo SL, Turbo Levo SL, Turbo Creo SL, Turbo Vado SL, Turbo Como SL et Turbo Vado SL quel que soit le type d\u2019affichage ou c\u00f4t\u00e9 commande du v\u00e9lo \u00e9lectrique.<\/p>\n<p>Le dispositif de r\u00e9glage Furiosu Evo pour les moteurs Mahle Specialized SL 1.1 et Turbo SL 1.2 peut \u00eatre activ\u00e9\/d\u00e9sactiv\u00e9 avec un syst\u00e8me tr\u00e8s pratique (pour plus d\u2019informations, consultez la notice) et ne n\u00e9cessite pas l\u2019activation de la sortie voyant moteur. L\u2019appareil est fourni plug and go pr\u00eat \u00e0 l\u2019emploi, il s\u2019installe tr\u00e8s simplement gr\u00e2ce aux connecteurs d\u2019origine avec lesquels aucune modification physique de l\u2019ebike n\u2019est n\u00e9cessaire.<\/p>\n<p>&nbsp;<\/p>\n<h2>V\u00e9lo \u00e9lectrique avec moteur Mahle Specialized SL 1.1 et Turbo SL 1.2 o\u00f9 le dispositif Furious Evo a \u00e9t\u00e9 install\u00e9 avec succ\u00e8s<\/h2>\n<p>(cette liste est exemplaire et non exhaustive)[\/vc_column_text][vc_row_inner][vc_column_inner width=&#8221;1\/3&#8243;][vc_column_text]<\/p>\n<h3>Specialized Turbo Kenevo SL<\/h3>\n<p>&#8211; S-Works Turbo Kenevo SL<br \/>\n&#8211; Turbo Kenevo SL Expert<br \/>\n&#8211; Turbo Kenevo SL Comp<\/p>\n<p>[\/vc_column_text][\/vc_column_inner][vc_column_inner width=&#8221;1\/3&#8243;][vc_column_text]<\/p>\n<h3>Specialized Turbo Levo SL<\/h3>\n<p>&#8211; Turbo Levo SL Expert Carbon<br \/>\n&#8211; Turbo Levo SL Expert Carbon<br \/>\n&#8211; Turbo Levo SL Comp Carbon<br \/>\n&#8211; Turbo Levo SL Comp Carbon<br \/>\n&#8211; Turbo Levo SL Comp<\/p>\n<p>[\/vc_column_text][\/vc_column_inner][vc_column_inner width=&#8221;1\/3&#8243;][vc_column_text]<\/p>\n<h3>Specialized Turbo Creo SL<\/h3>\n<p>&#8211; S-Works Turbo Creo SL EVO<br \/>\n&#8211; S-Works Turbo Creo SL<br \/>\n&#8211; Turbo Creo SL Expert Carbon EVO<br \/>\n&#8211; Turbo Creo SL Expert Carbon<br \/>\n&#8211; Turbo Creo SL Comp Carbon EVO<br \/>\n&#8211; Turbo Creo SL Comp Carbon<br \/>\n&#8211; Turbo Creo SL Comp E5<\/p>\n<p>[\/vc_column_text][\/vc_column_inner][\/vc_row_inner][vc_row_inner][vc_column_inner width=&#8221;1\/3&#8243;][vc_column_text]<\/p>\n<h3>Specialized Turbo Como SL<\/h3>\n<p>&#8211; Turbo Como SL 5.0<br \/>\n&#8211; Turbo Como SL 4.0<\/p>\n<p>[\/vc_column_text][\/vc_column_inner][vc_column_inner width=&#8221;1\/3&#8243;][vc_column_text]<\/p>\n<h3>Specialized Turbo Vado SL<\/h3>\n<p>&#8211; Turbo Vado SL 4.0 Step-Through Equipped<br \/>\n&#8211; Turbo Vado SL 4.0 EQ<\/p>\n<p>[\/vc_column_text][\/vc_column_inner][vc_column_inner width=&#8221;1\/3&#8243;][\/vc_column_inner][\/vc_row_inner][\/vc_column][\/vc_row][vc_row unlock_row_content=&#8221;yes&#8221; row_height_percent=&#8221;0&#8243; back_color=&#8221;color-jevc&#8221; overlay_alpha=&#8221;50&#8243; gutter_size=&#8221;3&#8243; shift_y=&#8221;0&#8243;][vc_column column_width_percent=&#8221;100&#8243; align_horizontal=&#8221;align_center&#8221; gutter_size=&#8221;3&#8243; overlay_alpha=&#8221;50&#8243; shift_x=&#8221;0&#8243; shift_y=&#8221;0&#8243; z_index=&#8221;0&#8243; medium_width=&#8221;0&#8243; mobile_width=&#8221;0&#8243; width=&#8221;1\/1&#8243;][vc_gallery el_id=&#8221;gallery-179427&#8243; medias=&#8221;30958,30992&#8243; gutter_size=&#8221;4&#8243; screen_lg=&#8221;1000&#8243; screen_md=&#8221;600&#8243; screen_sm=&#8221;480&#8243; single_width=&#8221;6&#8243; single_overlay_opacity=&#8221;50&#8243; single_h_align=&#8221;center&#8221; single_padding=&#8221;2&#8243;][\/vc_column][\/vc_row]<\/p>\n<\/div>","protected":false},"excerpt":{"rendered":"<p>SpeedFun Furious Evo est un r\u00e9glage de v\u00e9lo \u00e9lectrique qui vous permet de supprimer le bloc de vitesse de 25 kmH et d&#8217;augmenter son assistance active jusqu&#8217;\u00e0 des vitesses pouvant atteindre 60 kmH en exploitant pleinement le potentiel du moteur Specialized SL 1.1 et Turbo SL 1.2.<\/p>\n<p>Ce tuning est sp\u00e9cialement con\u00e7u pour les moteurs Mahle Specialized SL 1.1 (35Nm) et Turbo SL 1.2 (50Nm) principalement mont\u00e9s sur Turbo Kenevo SL, Turbo Levo SL, Turbo Creo SL, Turbo Vado SL, Turbo Como SL et Turbo Vado SL.<\/p>\n<div class=\"woocommerce-product-details__short-description\">\n<p>Tous les dispositifs de d\u00e9clenchement de vitesse SpeedFun Furious Evo peuvent \u00eatre activ\u00e9s et d\u00e9sactiv\u00e9s \u00e0 tout moment, m\u00eame sans \u00eatre connect\u00e9s \u00e0 la sortie des feux du moteur.<\/p>\n<\/div>\n","protected":false},"featured_media":93514,"comment_status":"closed","ping_status":"closed","template":"","meta":{"_acf_changed":false},"product_brand":[],"product_cat":[126,273],"product_tag":[],"class_list":{"0":"post-82211","1":"product","2":"type-product","3":"status-publish","4":"has-post-thumbnail","6":"product_cat-for-specialized-2-fr","7":"product_cat-furious-fr","9":"first","10":"instock","11":"taxable","12":"shipping-taxable","13":"purchasable","14":"product-type-simple"},"acf":[],"yoast_head":"<!-- This site is optimized with the Yoast SEO plugin v27.3 - https:\/\/yoast.com\/product\/yoast-seo-wordpress\/ -->\n<title>SpeedFun tuning Specialized Turbo Levo SL, Kenevo SL et Turbo Creo SL<\/title>\n<meta name=\"description\" content=\"R\u00e9glage SpeedFun Furious Evo pour les v\u00e9los \u00e9lectriques Specialized avec moteur Specialized SL 1.1 et Turbo SL 1.2. Retirez le blocage de 25 km\/h sur les Turbo Kenevo SL, Turbo Levo SL, Turbo Creo SL, Turbo Vado SL, Turbo Como SL et Turbo Vado SL.\" \/>\n<meta name=\"robots\" content=\"index, follow, max-snippet:-1, max-image-preview:large, max-video-preview:-1\" \/>\n<link rel=\"canonical\" href=\"https:\/\/www.speedfun.bike\/fr\/produit\/speedfun-furious-evo-pour-mahle-specialized-sl-1-1\/\" \/>\n<meta property=\"og:locale\" content=\"fr_FR\" \/>\n<meta property=\"og:type\" content=\"article\" \/>\n<meta property=\"og:title\" content=\"SpeedFun tuning Specialized Turbo Levo SL, Kenevo SL et Turbo Creo SL\" \/>\n<meta property=\"og:description\" content=\"R\u00e9glage SpeedFun Furious Evo pour les v\u00e9los \u00e9lectriques Specialized avec moteur Specialized SL 1.1 et Turbo SL 1.2. Retirez le blocage de 25 km\/h sur les Turbo Kenevo SL, Turbo Levo SL, Turbo Creo SL, Turbo Vado SL, Turbo Como SL et Turbo Vado SL.\" \/>\n<meta property=\"og:url\" content=\"https:\/\/www.speedfun.bike\/fr\/produit\/speedfun-furious-evo-pour-mahle-specialized-sl-1-1\/\" \/>\n<meta property=\"og:site_name\" content=\"Speed Fun\" \/>\n<meta property=\"article:modified_time\" content=\"2023-10-04T06:46:55+00:00\" \/>\n<meta property=\"og:image\" content=\"https:\/\/www.speedfun.bike\/wp-content\/uploads\/2022\/06\/Furious-Evo-easy-per-Specialized-Creo-e-SL_product.png\" \/>\n\t<meta property=\"og:image:width\" content=\"2745\" \/>\n\t<meta property=\"og:image:height\" content=\"2197\" \/>\n\t<meta property=\"og:image:type\" content=\"image\/png\" \/>\n<meta name=\"twitter:card\" content=\"summary_large_image\" \/>\n<meta name=\"twitter:label1\" content=\"Est. reading time\" \/>\n\t<meta name=\"twitter:data1\" content=\"3 minutes\" \/>\n<script type=\"application\/ld+json\" class=\"yoast-schema-graph\">{\"@context\":\"https:\\\/\\\/schema.org\",\"@graph\":[{\"@type\":\"WebPage\",\"@id\":\"https:\\\/\\\/www.speedfun.bike\\\/fr\\\/produit\\\/speedfun-furious-evo-pour-mahle-specialized-sl-1-1\\\/\",\"url\":\"https:\\\/\\\/www.speedfun.bike\\\/fr\\\/produit\\\/speedfun-furious-evo-pour-mahle-specialized-sl-1-1\\\/\",\"name\":\"SpeedFun tuning Specialized Turbo Levo SL, Kenevo SL et Turbo Creo SL\",\"isPartOf\":{\"@id\":\"https:\\\/\\\/www.speedfun.bike\\\/#website\"},\"primaryImageOfPage\":{\"@id\":\"https:\\\/\\\/www.speedfun.bike\\\/fr\\\/produit\\\/speedfun-furious-evo-pour-mahle-specialized-sl-1-1\\\/#primaryimage\"},\"image\":{\"@id\":\"https:\\\/\\\/www.speedfun.bike\\\/fr\\\/produit\\\/speedfun-furious-evo-pour-mahle-specialized-sl-1-1\\\/#primaryimage\"},\"thumbnailUrl\":\"https:\\\/\\\/www.speedfun.bike\\\/wp-content\\\/uploads\\\/2022\\\/06\\\/Furious-Evo-easy-per-Specialized-Creo-e-SL_product.png\",\"datePublished\":\"2021-10-16T13:50:50+00:00\",\"dateModified\":\"2023-10-04T06:46:55+00:00\",\"description\":\"R\u00e9glage SpeedFun Furious Evo pour les v\u00e9los \u00e9lectriques Specialized avec moteur Specialized SL 1.1 et Turbo SL 1.2. Retirez le blocage de 25 km\\\/h sur les Turbo Kenevo SL, Turbo Levo SL, Turbo Creo SL, Turbo Vado SL, Turbo Como SL et Turbo Vado SL.\",\"breadcrumb\":{\"@id\":\"https:\\\/\\\/www.speedfun.bike\\\/fr\\\/produit\\\/speedfun-furious-evo-pour-mahle-specialized-sl-1-1\\\/#breadcrumb\"},\"inLanguage\":\"fr-FR\",\"potentialAction\":[{\"@type\":\"ReadAction\",\"target\":[\"https:\\\/\\\/www.speedfun.bike\\\/fr\\\/produit\\\/speedfun-furious-evo-pour-mahle-specialized-sl-1-1\\\/\"]}]},{\"@type\":\"ImageObject\",\"inLanguage\":\"fr-FR\",\"@id\":\"https:\\\/\\\/www.speedfun.bike\\\/fr\\\/produit\\\/speedfun-furious-evo-pour-mahle-specialized-sl-1-1\\\/#primaryimage\",\"url\":\"https:\\\/\\\/www.speedfun.bike\\\/wp-content\\\/uploads\\\/2022\\\/06\\\/Furious-Evo-easy-per-Specialized-Creo-e-SL_product.png\",\"contentUrl\":\"https:\\\/\\\/www.speedfun.bike\\\/wp-content\\\/uploads\\\/2022\\\/06\\\/Furious-Evo-easy-per-Specialized-Creo-e-SL_product.png\",\"width\":2745,\"height\":2197,\"caption\":\"SpeedFun Furious Evo est un r\u00e9glage de v\u00e9lo \u00e9lectrique Specialized SL. D\u00e9verrouille la vitesse jusqu'\u00e0 plus de 60km\\\/h et est compatible avec les moteurs 35Nm Specialized SL 1.1 principalement mont\u00e9s sur Turbo Kenevo SL, Turbo Levo SL, Turbo Creo SL, Turbo Vado SL, Turbo Como SL et Turbo Vado SL.\"},{\"@type\":\"BreadcrumbList\",\"@id\":\"https:\\\/\\\/www.speedfun.bike\\\/fr\\\/produit\\\/speedfun-furious-evo-pour-mahle-specialized-sl-1-1\\\/#breadcrumb\",\"itemListElement\":[{\"@type\":\"ListItem\",\"position\":1,\"name\":\"Home\",\"item\":\"https:\\\/\\\/www.speedfun.bike\\\/fr\\\/\"},{\"@type\":\"ListItem\",\"position\":2,\"name\":\"Boutique\",\"item\":\"https:\\\/\\\/www.speedfun.bike\\\/fr\\\/boutique\\\/\"},{\"@type\":\"ListItem\",\"position\":3,\"name\":\"SpeedFun Furious Evo easy+ pour Specialized Turbo Levo SL, Kenevo SL, Creo SL, Como SL et Vado SL\"}]},{\"@type\":\"WebSite\",\"@id\":\"https:\\\/\\\/www.speedfun.bike\\\/#website\",\"url\":\"https:\\\/\\\/www.speedfun.bike\\\/\",\"name\":\"Speed Fun\",\"description\":\"Sblocco velocit\u00e0 bici elettriche\",\"potentialAction\":[{\"@type\":\"SearchAction\",\"target\":{\"@type\":\"EntryPoint\",\"urlTemplate\":\"https:\\\/\\\/www.speedfun.bike\\\/?s={search_term_string}\"},\"query-input\":{\"@type\":\"PropertyValueSpecification\",\"valueRequired\":true,\"valueName\":\"search_term_string\"}}],\"inLanguage\":\"fr-FR\"}]}<\/script>\n<!-- \/ Yoast SEO plugin. -->","yoast_head_json":{"title":"SpeedFun tuning Specialized Turbo Levo SL, Kenevo SL et Turbo Creo SL","description":"R\u00e9glage SpeedFun Furious Evo pour les v\u00e9los \u00e9lectriques Specialized avec moteur Specialized SL 1.1 et Turbo SL 1.2. Retirez le blocage de 25 km\/h sur les Turbo Kenevo SL, Turbo Levo SL, Turbo Creo SL, Turbo Vado SL, Turbo Como SL et Turbo Vado SL.","robots":{"index":"index","follow":"follow","max-snippet":"max-snippet:-1","max-image-preview":"max-image-preview:large","max-video-preview":"max-video-preview:-1"},"canonical":"https:\/\/www.speedfun.bike\/fr\/produit\/speedfun-furious-evo-pour-mahle-specialized-sl-1-1\/","og_locale":"fr_FR","og_type":"article","og_title":"SpeedFun tuning Specialized Turbo Levo SL, Kenevo SL et Turbo Creo SL","og_description":"R\u00e9glage SpeedFun Furious Evo pour les v\u00e9los \u00e9lectriques Specialized avec moteur Specialized SL 1.1 et Turbo SL 1.2. Retirez le blocage de 25 km\/h sur les Turbo Kenevo SL, Turbo Levo SL, Turbo Creo SL, Turbo Vado SL, Turbo Como SL et Turbo Vado SL.","og_url":"https:\/\/www.speedfun.bike\/fr\/produit\/speedfun-furious-evo-pour-mahle-specialized-sl-1-1\/","og_site_name":"Speed Fun","article_modified_time":"2023-10-04T06:46:55+00:00","og_image":[{"width":2745,"height":2197,"url":"https:\/\/www.speedfun.bike\/wp-content\/uploads\/2022\/06\/Furious-Evo-easy-per-Specialized-Creo-e-SL_product.png","type":"image\/png"}],"twitter_card":"summary_large_image","twitter_misc":{"Est. reading time":"3 minutes"},"schema":{"@context":"https:\/\/schema.org","@graph":[{"@type":"WebPage","@id":"https:\/\/www.speedfun.bike\/fr\/produit\/speedfun-furious-evo-pour-mahle-specialized-sl-1-1\/","url":"https:\/\/www.speedfun.bike\/fr\/produit\/speedfun-furious-evo-pour-mahle-specialized-sl-1-1\/","name":"SpeedFun tuning Specialized Turbo Levo SL, Kenevo SL et Turbo Creo SL","isPartOf":{"@id":"https:\/\/www.speedfun.bike\/#website"},"primaryImageOfPage":{"@id":"https:\/\/www.speedfun.bike\/fr\/produit\/speedfun-furious-evo-pour-mahle-specialized-sl-1-1\/#primaryimage"},"image":{"@id":"https:\/\/www.speedfun.bike\/fr\/produit\/speedfun-furious-evo-pour-mahle-specialized-sl-1-1\/#primaryimage"},"thumbnailUrl":"https:\/\/www.speedfun.bike\/wp-content\/uploads\/2022\/06\/Furious-Evo-easy-per-Specialized-Creo-e-SL_product.png","datePublished":"2021-10-16T13:50:50+00:00","dateModified":"2023-10-04T06:46:55+00:00","description":"R\u00e9glage SpeedFun Furious Evo pour les v\u00e9los \u00e9lectriques Specialized avec moteur Specialized SL 1.1 et Turbo SL 1.2. Retirez le blocage de 25 km\/h sur les Turbo Kenevo SL, Turbo Levo SL, Turbo Creo SL, Turbo Vado SL, Turbo Como SL et Turbo Vado SL.","breadcrumb":{"@id":"https:\/\/www.speedfun.bike\/fr\/produit\/speedfun-furious-evo-pour-mahle-specialized-sl-1-1\/#breadcrumb"},"inLanguage":"fr-FR","potentialAction":[{"@type":"ReadAction","target":["https:\/\/www.speedfun.bike\/fr\/produit\/speedfun-furious-evo-pour-mahle-specialized-sl-1-1\/"]}]},{"@type":"ImageObject","inLanguage":"fr-FR","@id":"https:\/\/www.speedfun.bike\/fr\/produit\/speedfun-furious-evo-pour-mahle-specialized-sl-1-1\/#primaryimage","url":"https:\/\/www.speedfun.bike\/wp-content\/uploads\/2022\/06\/Furious-Evo-easy-per-Specialized-Creo-e-SL_product.png","contentUrl":"https:\/\/www.speedfun.bike\/wp-content\/uploads\/2022\/06\/Furious-Evo-easy-per-Specialized-Creo-e-SL_product.png","width":2745,"height":2197,"caption":"SpeedFun Furious Evo est un r\u00e9glage de v\u00e9lo \u00e9lectrique Specialized SL. D\u00e9verrouille la vitesse jusqu'\u00e0 plus de 60km\/h et est compatible avec les moteurs 35Nm Specialized SL 1.1 principalement mont\u00e9s sur Turbo Kenevo SL, Turbo Levo SL, Turbo Creo SL, Turbo Vado SL, Turbo Como SL et Turbo Vado SL."},{"@type":"BreadcrumbList","@id":"https:\/\/www.speedfun.bike\/fr\/produit\/speedfun-furious-evo-pour-mahle-specialized-sl-1-1\/#breadcrumb","itemListElement":[{"@type":"ListItem","position":1,"name":"Home","item":"https:\/\/www.speedfun.bike\/fr\/"},{"@type":"ListItem","position":2,"name":"Boutique","item":"https:\/\/www.speedfun.bike\/fr\/boutique\/"},{"@type":"ListItem","position":3,"name":"SpeedFun Furious Evo easy+ pour Specialized Turbo Levo SL, Kenevo SL, Creo SL, Como SL et Vado SL"}]},{"@type":"WebSite","@id":"https:\/\/www.speedfun.bike\/#website","url":"https:\/\/www.speedfun.bike\/","name":"Speed Fun","description":"Sblocco velocit\u00e0 bici elettriche","potentialAction":[{"@type":"SearchAction","target":{"@type":"EntryPoint","urlTemplate":"https:\/\/www.speedfun.bike\/?s={search_term_string}"},"query-input":{"@type":"PropertyValueSpecification","valueRequired":true,"valueName":"search_term_string"}}],"inLanguage":"fr-FR"}]}},"_links":{"self":[{"href":"https:\/\/www.speedfun.bike\/fr\/wp-json\/wp\/v2\/product\/82211","targetHints":{"allow":["GET"]}}],"collection":[{"href":"https:\/\/www.speedfun.bike\/fr\/wp-json\/wp\/v2\/product"}],"about":[{"href":"https:\/\/www.speedfun.bike\/fr\/wp-json\/wp\/v2\/types\/product"}],"replies":[{"embeddable":true,"href":"https:\/\/www.speedfun.bike\/fr\/wp-json\/wp\/v2\/comments?post=82211"}],"wp:featuredmedia":[{"embeddable":true,"href":"https:\/\/www.speedfun.bike\/fr\/wp-json\/wp\/v2\/media\/93514"}],"wp:attachment":[{"href":"https:\/\/www.speedfun.bike\/fr\/wp-json\/wp\/v2\/media?parent=82211"}],"wp:term":[{"taxonomy":"product_brand","embeddable":true,"href":"https:\/\/www.speedfun.bike\/fr\/wp-json\/wp\/v2\/product_brand?post=82211"},{"taxonomy":"product_cat","embeddable":true,"href":"https:\/\/www.speedfun.bike\/fr\/wp-json\/wp\/v2\/product_cat?post=82211"},{"taxonomy":"product_tag","embeddable":true,"href":"https:\/\/www.speedfun.bike\/fr\/wp-json\/wp\/v2\/product_tag?post=82211"}],"curies":[{"name":"wp","href":"https:\/\/api.w.org\/{rel}","templated":true}]}}