{"id":82091,"date":"2021-10-13T17:14:03","date_gmt":"2021-10-13T16:14:14","guid":{"rendered":"https:\/\/speedfun.bike\/?post_type=product&#038;p=82091"},"modified":"2024-09-03T09:26:03","modified_gmt":"2024-09-03T08:26:03","slug":"speedfun-furious-evo-pour-bosch","status":"publish","type":"product","link":"https:\/\/www.speedfun.bike\/fr\/produit\/speedfun-furious-evo-pour-bosch\/","title":{"rendered":"SpeedFun Furious Evo pour Bosch"},"content":{"rendered":"<div class=\"wpb-content-wrapper\"><p>[vc_row][vc_column width=&#8221;1\/1&#8243;][vc_column_text uncode_shortcode_id=&#8221;150043&#8243;]<\/p>\n<h2>Quel est le tuning pour Bosch SpeedFun Furious Evo?<\/h2>\n<p><strong>La fonction du dispositif de tuning Furious Evo pour Bosch<\/strong>\u00a0est de manipuler \u00e9lectroniquement la vitesse de rotation de la roue arri\u00e8re et de communiquer au moteur une vitesse toujours inf\u00e9rieure \u00e0 25 KmH afin d\u2019obtenir une vitesse r\u00e9elle avec un moteur actif tr\u00e8s \u00e9lev\u00e9. La limite de vitesse maximale sera donc dict\u00e9e par la puissance du moteur ajout\u00e9e \u00e0 la puissance exprim\u00e9e par les jambes (<a href=\"https:\/\/speedfun.bike\/app\/uploads\/2019\/06\/ebike-non-va-a-50-kmh.pdf\">info<\/a>).<\/p>\n<p>Ce dispositif de lib\u00e9ration rapide est compatible avec les \u00e9crans Intuvia, Purion, Nyon (y compris le nouveau Nyon 2021), Kiox, Cobi et Smart Hub et peut \u00eatre install\u00e9 sur Bosch Gen. 1 (Bosch Classic), Gen. 2 (Active, Performance et Performance CX 2014, 2015, 2016, 2017, 2018, 2019 et 2020), Gen. 3 (Active Line, Active Line Plus 2018, 2019 et 2020) et Gen. 4 (Performance CX et Performance Line 2020 et 2021).<\/p>\n<p>Lorsque l\u2019appareil est actif, l\u2019\u00e9cran affichera la vitesse exacte jusqu\u2019\u00e0 environ 20 KmH, au-del\u00e0 de laquelle une vitesse manipul\u00e9e sera toujours affich\u00e9e en dessous de 25 KmH.<\/p>\n<div class=\"widget\">\n<p>Speedup Furious Evo peut \u00eatre activ\u00e9 et d\u00e9sactiv\u00e9 \u00e0 volont\u00e9 et maintient le r\u00e9glage m\u00eame apr\u00e8s l\u2019arr\u00eat du v\u00e9lo \u00e9lectrique. Il peut \u00eatre install\u00e9 sur des v\u00e9los \u00e9lectriques avec tout type d\u2019affichage ou de contr\u00f4le lat\u00e9ral ainsi que sur des v\u00e9los \u00e9lectriques sans \u00e9cran.<\/p>\n<p>La nouvelle technologie de ce module de r\u00e9glage pour Bosch ne n\u00e9cessite pas l\u2019activation de la sortie d\u2019\u00e9clairage du moteur ou des interventions avec des diagnostics ou des applications. Il est fourni plug and go pr\u00eat \u00e0 l\u2019emploi et s\u2019installe de mani\u00e8re tr\u00e8s simple gr\u00e2ce aux connecteurs avec lesquels aucune modification physique du v\u00e9lo \u00e9lectrique n\u2019est n\u00e9cessaire.<\/p>\n<\/div>\n<p>&nbsp;<\/p>\n<p><strong>ATTENTION!<\/strong><br \/>\nCet appareil n&#8217;est pas compatible avec les moteurs Bosch &#8220;smart system&#8221;.[\/vc_column_text][\/vc_column][\/vc_row]<\/p>\n<\/div>","protected":false},"excerpt":{"rendered":"<div class=\"woocommerce-product-details__short-description\">\n<p>SpeedFun Furious Evo est un tuning pour ebike avec moteur Bosch qui vous permet de supprimer le bloc de vitesse de 25 kmH en exploitant pleinement le potentiel du moteur.<\/p>\n<p>Ce dispositif de tuning est sp\u00e9cialement con\u00e7u pour tous les moteurs Bosch (de Gen. 1 \u00e0 Gen. 4 y compris CX 2020\/2021) quel que soit l&#8217;affichage ou la commande au guidon.<\/p>\n<p>Tous les dispositifs de d\u00e9clenchement de vitesse SpeedFun Furious Evo peuvent \u00eatre activ\u00e9s et d\u00e9sactiv\u00e9s \u00e0 tout moment, m\u00eame sans \u00eatre connect\u00e9s \u00e0 la sortie des feux du moteur.<\/p>\n<\/div>\n","protected":false},"featured_media":82167,"comment_status":"closed","ping_status":"closed","template":"","meta":{"_acf_changed":false},"product_brand":[],"product_cat":[20,273],"product_tag":[],"class_list":{"0":"post-82091","1":"product","2":"type-product","3":"status-publish","4":"has-post-thumbnail","6":"product_cat-for-bosch-fr","7":"product_cat-furious-fr","8":"product_shipping_class-armadi-fr","10":"first","11":"instock","12":"taxable","13":"shipping-taxable","14":"purchasable","15":"product-type-simple"},"acf":[],"yoast_head":"<!-- This site is optimized with the Yoast SEO plugin v27.3 - https:\/\/yoast.com\/product\/yoast-seo-wordpress\/ -->\n<title>SpeedFun Furious Evo tuning ebike Bosch Performance CX 2021<\/title>\n<meta name=\"description\" content=\"SpeedFun Furious Evo est un r\u00e9glage de v\u00e9lo \u00e9lectrique sp\u00e9cialement con\u00e7u pour d\u00e9bloquer la vitesse sup\u00e9rieure \u00e0 25 km \/ h des moteurs Bosch. Compatible avec tous les moteurs Bosch ebike, y compris Percofmance CX 2020 et 2021 (gen4). Il peut \u00eatre activ\u00e9\/d\u00e9sactiv\u00e9 \u00e0 tout moment et peut \u00eatre install\u00e9 en quelques minutes gr\u00e2ce aux connecteurs d&#039;origine\" \/>\n<meta name=\"robots\" content=\"index, follow, max-snippet:-1, max-image-preview:large, max-video-preview:-1\" \/>\n<link rel=\"canonical\" href=\"https:\/\/www.speedfun.bike\/fr\/produit\/speedfun-furious-evo-pour-bosch\/\" \/>\n<meta property=\"og:locale\" content=\"fr_FR\" \/>\n<meta property=\"og:type\" content=\"article\" \/>\n<meta property=\"og:title\" content=\"SpeedFun Furious Evo tuning ebike Bosch Performance CX 2021\" \/>\n<meta property=\"og:description\" content=\"SpeedFun Furious Evo est un r\u00e9glage de v\u00e9lo \u00e9lectrique sp\u00e9cialement con\u00e7u pour d\u00e9bloquer la vitesse sup\u00e9rieure \u00e0 25 km \/ h des moteurs Bosch. Compatible avec tous les moteurs Bosch ebike, y compris Percofmance CX 2020 et 2021 (gen4). Il peut \u00eatre activ\u00e9\/d\u00e9sactiv\u00e9 \u00e0 tout moment et peut \u00eatre install\u00e9 en quelques minutes gr\u00e2ce aux connecteurs d&#039;origine\" \/>\n<meta property=\"og:url\" content=\"https:\/\/www.speedfun.bike\/fr\/produit\/speedfun-furious-evo-pour-bosch\/\" \/>\n<meta property=\"og:site_name\" content=\"Speed Fun\" \/>\n<meta property=\"article:modified_time\" content=\"2024-09-03T08:26:03+00:00\" \/>\n<meta property=\"og:image\" content=\"https:\/\/www.speedfun.bike\/wp-content\/uploads\/2021\/10\/Tuning-SpeedFun-Furious-Evo_anteprima-scaled.jpg\" \/>\n\t<meta property=\"og:image:width\" content=\"2560\" \/>\n\t<meta property=\"og:image:height\" content=\"2049\" \/>\n\t<meta property=\"og:image:type\" content=\"image\/jpeg\" \/>\n<meta name=\"twitter:card\" content=\"summary_large_image\" \/>\n<meta name=\"twitter:label1\" content=\"Est. reading time\" \/>\n\t<meta name=\"twitter:data1\" content=\"2 minutes\" \/>\n<script type=\"application\/ld+json\" class=\"yoast-schema-graph\">{\"@context\":\"https:\\\/\\\/schema.org\",\"@graph\":[{\"@type\":\"WebPage\",\"@id\":\"https:\\\/\\\/www.speedfun.bike\\\/fr\\\/produit\\\/speedfun-furious-evo-pour-bosch\\\/\",\"url\":\"https:\\\/\\\/www.speedfun.bike\\\/fr\\\/produit\\\/speedfun-furious-evo-pour-bosch\\\/\",\"name\":\"SpeedFun Furious Evo tuning ebike Bosch Performance CX 2021\",\"isPartOf\":{\"@id\":\"https:\\\/\\\/www.speedfun.bike\\\/#website\"},\"primaryImageOfPage\":{\"@id\":\"https:\\\/\\\/www.speedfun.bike\\\/fr\\\/produit\\\/speedfun-furious-evo-pour-bosch\\\/#primaryimage\"},\"image\":{\"@id\":\"https:\\\/\\\/www.speedfun.bike\\\/fr\\\/produit\\\/speedfun-furious-evo-pour-bosch\\\/#primaryimage\"},\"thumbnailUrl\":\"https:\\\/\\\/www.speedfun.bike\\\/wp-content\\\/uploads\\\/2021\\\/10\\\/Tuning-SpeedFun-Furious-Evo_anteprima-scaled.jpg\",\"datePublished\":\"2021-10-13T16:14:14+00:00\",\"dateModified\":\"2024-09-03T08:26:03+00:00\",\"description\":\"SpeedFun Furious Evo est un r\u00e9glage de v\u00e9lo \u00e9lectrique sp\u00e9cialement con\u00e7u pour d\u00e9bloquer la vitesse sup\u00e9rieure \u00e0 25 km \\\/ h des moteurs Bosch. Compatible avec tous les moteurs Bosch ebike, y compris Percofmance CX 2020 et 2021 (gen4). Il peut \u00eatre activ\u00e9\\\/d\u00e9sactiv\u00e9 \u00e0 tout moment et peut \u00eatre install\u00e9 en quelques minutes gr\u00e2ce aux connecteurs d'origine\",\"breadcrumb\":{\"@id\":\"https:\\\/\\\/www.speedfun.bike\\\/fr\\\/produit\\\/speedfun-furious-evo-pour-bosch\\\/#breadcrumb\"},\"inLanguage\":\"fr-FR\",\"potentialAction\":[{\"@type\":\"ReadAction\",\"target\":[\"https:\\\/\\\/www.speedfun.bike\\\/fr\\\/produit\\\/speedfun-furious-evo-pour-bosch\\\/\"]}]},{\"@type\":\"ImageObject\",\"inLanguage\":\"fr-FR\",\"@id\":\"https:\\\/\\\/www.speedfun.bike\\\/fr\\\/produit\\\/speedfun-furious-evo-pour-bosch\\\/#primaryimage\",\"url\":\"https:\\\/\\\/www.speedfun.bike\\\/wp-content\\\/uploads\\\/2021\\\/10\\\/Tuning-SpeedFun-Furious-Evo_anteprima-scaled.jpg\",\"contentUrl\":\"https:\\\/\\\/www.speedfun.bike\\\/wp-content\\\/uploads\\\/2021\\\/10\\\/Tuning-SpeedFun-Furious-Evo_anteprima-scaled.jpg\",\"width\":2560,\"height\":2049,\"caption\":\"SpeedFun Furious Evo est un r\u00e9glage pour les v\u00e9los \u00e9lectriques Bosch. D\u00e9verrouille la vitesse jusqu'\u00e0 plus de 60 km\\\/h et est compatible avec les moteurs Bosch gen.2, gen.3 et gen.4 (y compris Performance CX 2020 et 2021) et avec les \u00e9crans Intuvia, Purion, Nyon (y compris le nouveau Nyon 2021) et Kiox .\"},{\"@type\":\"BreadcrumbList\",\"@id\":\"https:\\\/\\\/www.speedfun.bike\\\/fr\\\/produit\\\/speedfun-furious-evo-pour-bosch\\\/#breadcrumb\",\"itemListElement\":[{\"@type\":\"ListItem\",\"position\":1,\"name\":\"Home\",\"item\":\"https:\\\/\\\/www.speedfun.bike\\\/fr\\\/\"},{\"@type\":\"ListItem\",\"position\":2,\"name\":\"Boutique\",\"item\":\"https:\\\/\\\/www.speedfun.bike\\\/fr\\\/boutique\\\/\"},{\"@type\":\"ListItem\",\"position\":3,\"name\":\"SpeedFun Furious Evo pour Bosch\"}]},{\"@type\":\"WebSite\",\"@id\":\"https:\\\/\\\/www.speedfun.bike\\\/#website\",\"url\":\"https:\\\/\\\/www.speedfun.bike\\\/\",\"name\":\"Speed Fun\",\"description\":\"Sblocco velocit\u00e0 bici elettriche\",\"potentialAction\":[{\"@type\":\"SearchAction\",\"target\":{\"@type\":\"EntryPoint\",\"urlTemplate\":\"https:\\\/\\\/www.speedfun.bike\\\/?s={search_term_string}\"},\"query-input\":{\"@type\":\"PropertyValueSpecification\",\"valueRequired\":true,\"valueName\":\"search_term_string\"}}],\"inLanguage\":\"fr-FR\"}]}<\/script>\n<!-- \/ Yoast SEO plugin. -->","yoast_head_json":{"title":"SpeedFun Furious Evo tuning ebike Bosch Performance CX 2021","description":"SpeedFun Furious Evo est un r\u00e9glage de v\u00e9lo \u00e9lectrique sp\u00e9cialement con\u00e7u pour d\u00e9bloquer la vitesse sup\u00e9rieure \u00e0 25 km \/ h des moteurs Bosch. Compatible avec tous les moteurs Bosch ebike, y compris Percofmance CX 2020 et 2021 (gen4). Il peut \u00eatre activ\u00e9\/d\u00e9sactiv\u00e9 \u00e0 tout moment et peut \u00eatre install\u00e9 en quelques minutes gr\u00e2ce aux connecteurs d'origine","robots":{"index":"index","follow":"follow","max-snippet":"max-snippet:-1","max-image-preview":"max-image-preview:large","max-video-preview":"max-video-preview:-1"},"canonical":"https:\/\/www.speedfun.bike\/fr\/produit\/speedfun-furious-evo-pour-bosch\/","og_locale":"fr_FR","og_type":"article","og_title":"SpeedFun Furious Evo tuning ebike Bosch Performance CX 2021","og_description":"SpeedFun Furious Evo est un r\u00e9glage de v\u00e9lo \u00e9lectrique sp\u00e9cialement con\u00e7u pour d\u00e9bloquer la vitesse sup\u00e9rieure \u00e0 25 km \/ h des moteurs Bosch. Compatible avec tous les moteurs Bosch ebike, y compris Percofmance CX 2020 et 2021 (gen4). Il peut \u00eatre activ\u00e9\/d\u00e9sactiv\u00e9 \u00e0 tout moment et peut \u00eatre install\u00e9 en quelques minutes gr\u00e2ce aux connecteurs d'origine","og_url":"https:\/\/www.speedfun.bike\/fr\/produit\/speedfun-furious-evo-pour-bosch\/","og_site_name":"Speed Fun","article_modified_time":"2024-09-03T08:26:03+00:00","og_image":[{"width":2560,"height":2049,"url":"https:\/\/www.speedfun.bike\/wp-content\/uploads\/2021\/10\/Tuning-SpeedFun-Furious-Evo_anteprima-scaled.jpg","type":"image\/jpeg"}],"twitter_card":"summary_large_image","twitter_misc":{"Est. reading time":"2 minutes"},"schema":{"@context":"https:\/\/schema.org","@graph":[{"@type":"WebPage","@id":"https:\/\/www.speedfun.bike\/fr\/produit\/speedfun-furious-evo-pour-bosch\/","url":"https:\/\/www.speedfun.bike\/fr\/produit\/speedfun-furious-evo-pour-bosch\/","name":"SpeedFun Furious Evo tuning ebike Bosch Performance CX 2021","isPartOf":{"@id":"https:\/\/www.speedfun.bike\/#website"},"primaryImageOfPage":{"@id":"https:\/\/www.speedfun.bike\/fr\/produit\/speedfun-furious-evo-pour-bosch\/#primaryimage"},"image":{"@id":"https:\/\/www.speedfun.bike\/fr\/produit\/speedfun-furious-evo-pour-bosch\/#primaryimage"},"thumbnailUrl":"https:\/\/www.speedfun.bike\/wp-content\/uploads\/2021\/10\/Tuning-SpeedFun-Furious-Evo_anteprima-scaled.jpg","datePublished":"2021-10-13T16:14:14+00:00","dateModified":"2024-09-03T08:26:03+00:00","description":"SpeedFun Furious Evo est un r\u00e9glage de v\u00e9lo \u00e9lectrique sp\u00e9cialement con\u00e7u pour d\u00e9bloquer la vitesse sup\u00e9rieure \u00e0 25 km \/ h des moteurs Bosch. Compatible avec tous les moteurs Bosch ebike, y compris Percofmance CX 2020 et 2021 (gen4). Il peut \u00eatre activ\u00e9\/d\u00e9sactiv\u00e9 \u00e0 tout moment et peut \u00eatre install\u00e9 en quelques minutes gr\u00e2ce aux connecteurs d'origine","breadcrumb":{"@id":"https:\/\/www.speedfun.bike\/fr\/produit\/speedfun-furious-evo-pour-bosch\/#breadcrumb"},"inLanguage":"fr-FR","potentialAction":[{"@type":"ReadAction","target":["https:\/\/www.speedfun.bike\/fr\/produit\/speedfun-furious-evo-pour-bosch\/"]}]},{"@type":"ImageObject","inLanguage":"fr-FR","@id":"https:\/\/www.speedfun.bike\/fr\/produit\/speedfun-furious-evo-pour-bosch\/#primaryimage","url":"https:\/\/www.speedfun.bike\/wp-content\/uploads\/2021\/10\/Tuning-SpeedFun-Furious-Evo_anteprima-scaled.jpg","contentUrl":"https:\/\/www.speedfun.bike\/wp-content\/uploads\/2021\/10\/Tuning-SpeedFun-Furious-Evo_anteprima-scaled.jpg","width":2560,"height":2049,"caption":"SpeedFun Furious Evo est un r\u00e9glage pour les v\u00e9los \u00e9lectriques Bosch. D\u00e9verrouille la vitesse jusqu'\u00e0 plus de 60 km\/h et est compatible avec les moteurs Bosch gen.2, gen.3 et gen.4 (y compris Performance CX 2020 et 2021) et avec les \u00e9crans Intuvia, Purion, Nyon (y compris le nouveau Nyon 2021) et Kiox ."},{"@type":"BreadcrumbList","@id":"https:\/\/www.speedfun.bike\/fr\/produit\/speedfun-furious-evo-pour-bosch\/#breadcrumb","itemListElement":[{"@type":"ListItem","position":1,"name":"Home","item":"https:\/\/www.speedfun.bike\/fr\/"},{"@type":"ListItem","position":2,"name":"Boutique","item":"https:\/\/www.speedfun.bike\/fr\/boutique\/"},{"@type":"ListItem","position":3,"name":"SpeedFun Furious Evo pour Bosch"}]},{"@type":"WebSite","@id":"https:\/\/www.speedfun.bike\/#website","url":"https:\/\/www.speedfun.bike\/","name":"Speed Fun","description":"Sblocco velocit\u00e0 bici elettriche","potentialAction":[{"@type":"SearchAction","target":{"@type":"EntryPoint","urlTemplate":"https:\/\/www.speedfun.bike\/?s={search_term_string}"},"query-input":{"@type":"PropertyValueSpecification","valueRequired":true,"valueName":"search_term_string"}}],"inLanguage":"fr-FR"}]}},"_links":{"self":[{"href":"https:\/\/www.speedfun.bike\/fr\/wp-json\/wp\/v2\/product\/82091","targetHints":{"allow":["GET"]}}],"collection":[{"href":"https:\/\/www.speedfun.bike\/fr\/wp-json\/wp\/v2\/product"}],"about":[{"href":"https:\/\/www.speedfun.bike\/fr\/wp-json\/wp\/v2\/types\/product"}],"replies":[{"embeddable":true,"href":"https:\/\/www.speedfun.bike\/fr\/wp-json\/wp\/v2\/comments?post=82091"}],"wp:featuredmedia":[{"embeddable":true,"href":"https:\/\/www.speedfun.bike\/fr\/wp-json\/wp\/v2\/media\/82167"}],"wp:attachment":[{"href":"https:\/\/www.speedfun.bike\/fr\/wp-json\/wp\/v2\/media?parent=82091"}],"wp:term":[{"taxonomy":"product_brand","embeddable":true,"href":"https:\/\/www.speedfun.bike\/fr\/wp-json\/wp\/v2\/product_brand?post=82091"},{"taxonomy":"product_cat","embeddable":true,"href":"https:\/\/www.speedfun.bike\/fr\/wp-json\/wp\/v2\/product_cat?post=82091"},{"taxonomy":"product_tag","embeddable":true,"href":"https:\/\/www.speedfun.bike\/fr\/wp-json\/wp\/v2\/product_tag?post=82091"}],"curies":[{"name":"wp","href":"https:\/\/api.w.org\/{rel}","templated":true}]}}