{"id":81652,"date":"2021-10-05T14:37:33","date_gmt":"2021-10-05T13:37:36","guid":{"rendered":"https:\/\/speedfun.bike\/?post_type=product&#038;p=81652"},"modified":"2024-09-26T07:48:12","modified_gmt":"2024-09-26T06:48:12","slug":"speedfun-furious-evo-pour-giant-syncdrive-life-sport-pro-et-core","status":"publish","type":"product","link":"https:\/\/www.speedfun.bike\/fr\/produit\/speedfun-furious-evo-pour-giant-syncdrive-life-sport-pro-et-core\/","title":{"rendered":"SpeedFun Furious Evo pour Giant Syncdrive Life, Sport, Pro et Core"},"content":{"rendered":"<div class=\"wpb-content-wrapper\"><p>[vc_row][vc_column width=&#8221;1\/1&#8243;][vc_column_text uncode_shortcode_id=&#8221;644733&#8243;]<\/p>\n<h2>Qu&#8217;est-ce que le r\u00e9glage du v\u00e9lo \u00e9lectrique Giant SpeedFun Furious Evo?<\/h2>\n<p>La fonction du dispositif de r\u00e9glage Furious Evo\u00a0pour Giant\u00a0Syncdrive Life, Sport, Pro et Core\u00a0est de manipuler \u00e9lectroniquement la vitesse de rotation de la roue arri\u00e8re et de communiquer au moteur une vitesse toujours inf\u00e9rieure \u00e0 25 KmH afin d&#8217;obtenir une vitesse r\u00e9elle avec le moteur tr\u00e8s actif. La limitation de vitesse maximale sera donc dict\u00e9e par la puissance du moteur ajout\u00e9e \u00e0 la puissance exprim\u00e9e par vos jambes (<a href=\"https:\/\/speedfun.bike\/wp-content\/uploads\/2019\/06\/ebike-non-va-a-50-kmh.pdf\">info<\/a>).<\/p>\n<p>Lorsque le dispositif de r\u00e9glage est actif et n&#8217;a pas de communication avec l&#8217;\u00e9cran, il affichera les donn\u00e9es divis\u00e9es par deux sur l&#8217;\u00e9cran \u00e0 partir d&#8217;un certain seuil.<\/p>\n<p>SpeedFun Furious Evo peut \u00eatre activ\u00e9 et d\u00e9sactiv\u00e9 \u00e0 volont\u00e9 et conserve le r\u00e9glage m\u00eame apr\u00e8s l&#8217;arr\u00eat du v\u00e9lo \u00e9lectrique. Il peut \u00eatre install\u00e9 sur les v\u00e9los \u00e9lectriques \u00e9quip\u00e9s de moteurs Giant Syncdrive Life, Sport, Pro et Core, quel que soit le type d&#8217;affichage ou de commande lat\u00e9rale du v\u00e9lo \u00e9lectrique.<\/p>\n<p>Le dispositif de r\u00e9glage Furiosu Evo pour v\u00e9los \u00e9lectriques Giant peut \u00eatre activ\u00e9\/d\u00e9sactiv\u00e9 en appuyant simplement sur le bouton d&#8217;\u00e9clairage du v\u00e9lo \u00e9lectrique. Si le v\u00e9lo \u00e9lectrique dispose d\u00e9j\u00e0 de lumi\u00e8res connect\u00e9es \u00e0 la sortie lumineuse, ou s&#8217;il n&#8217;est pas possible de l&#8217;utiliser, il sera toujours possible d&#8217;activer\/d\u00e9sactiver le r\u00e9glage avec un syst\u00e8me tr\u00e8s pratique (pour plus d&#8217;informations voir les instructions ici). L&#8217;appareil est fourni plug and go pr\u00eat \u00e0 l&#8217;emploi\u00a0il s&#8217;installe tr\u00e8s simplement gr\u00e2ce aux connecteurs d&#8217;origine avec lesquels aucune modification physique du v\u00e9lo \u00e9lectrique n&#8217;est n\u00e9cessaire.<\/p>\n<p><strong>ATTENTION!<\/strong><br \/>\nCet appareil n&#8217;est pas compatible avec les unit\u00e9s d&#8217;entra\u00eenement Giant avec les versions logicielles 2022 ou ult\u00e9rieures.<\/p>\n<p>&nbsp;<\/p>\n<h2>V\u00e9lo \u00e9lectrique avec moteur Giant sur lequel le dispositif Furious Evo a \u00e9t\u00e9 install\u00e9 avec succ\u00e8s<\/h2>\n<p>(cette liste est illustrative et non exhaustive)[\/vc_column_text][vc_row_inner][vc_column_inner width=&#8221;1\/2&#8243;][vc_column_text]<\/p>\n<p>&#8211; Giant AnyTour E+ 3 GTS<br \/>\n&#8211; Giant AnyTour E+ 3 LDS<br \/>\n&#8211; Giant Fathom E+ Pro<br \/>\n&#8211; Giant Fathom E+<br \/>\n&#8211;\u00a0Giant Talon E+<br \/>\n&#8211; Giant Stance E+<br \/>\n&#8211; Giant Reign E+<br \/>\n&#8211; Giant Fathom E+ Pro 29<\/p>\n<p>[\/vc_column_text][\/vc_column_inner][vc_column_inner width=&#8221;1\/2&#8243;][vc_column_text]<\/p>\n<p>&#8211;\u00a0Giant Fathom E+ 29<br \/>\n&#8211;\u00a0Giant Talon E+ 29<br \/>\n&#8211;\u00a0Giant Trance X E+ Pro 29<br \/>\n&#8211;\u00a0Giant Stance E+<br \/>\n&#8211;\u00a0Giant Explore E+<br \/>\n&#8211; Giant Roam E+<br \/>\n&#8211;\u00a0Giant Explore E+ Pro<br \/>\n&#8211; Giant Explore E+<\/p>\n<p>[\/vc_column_text][\/vc_column_inner][\/vc_row_inner][\/vc_column][\/vc_row]<\/p>\n<\/div>","protected":false},"excerpt":{"rendered":"<p>SpeedFun Furious Evo est un r\u00e9glage de v\u00e9lo \u00e9lectrique qui vous permet de supprimer le bloc de vitesse de 25 kmH en exploitant pleinement le potentiel du moteur Giant.<\/p>\n<p>Ce dispositif de tuning pour ebike est sp\u00e9cialement con\u00e7u pour d\u00e9bloquer la vitesse des moteurs Syncdrive Life, Syncdrive Sport, Syncdrive Pro et Syncdrive Core principalement mont\u00e9s sur le v\u00e9lo \u00e9lectrique Giant.<\/p>\n<p>Tous les dispositifs de d\u00e9clenchement de vitesse SpeedFun Furious Evo peuvent \u00eatre activ\u00e9s et d\u00e9sactiv\u00e9s \u00e0 tout moment, m\u00eame sans \u00eatre connect\u00e9s \u00e0 la sortie des feux du moteur.<\/p>\n","protected":false},"featured_media":83104,"comment_status":"closed","ping_status":"closed","template":"","meta":{"_acf_changed":false},"product_brand":[],"product_cat":[273,88],"product_tag":[],"class_list":{"0":"post-81652","1":"product","2":"type-product","3":"status-publish","4":"has-post-thumbnail","6":"product_cat-furious-fr","7":"product_cat-for-giant-fr","8":"product_shipping_class-armadi-fr","10":"first","11":"outofstock","12":"taxable","13":"shipping-taxable","14":"purchasable","15":"product-type-simple"},"acf":[],"yoast_head":"<!-- This site is optimized with the Yoast SEO plugin v27.3 - https:\/\/yoast.com\/product\/yoast-seo-wordpress\/ -->\n<title>SpeedFun Furious Evo tuning pour Giant Syncdrive Life, Sport et Pro<\/title>\n<meta name=\"description\" content=\"SpeedFun Furious Evo est un kit de r\u00e9glage pour les v\u00e9los \u00e9lectriques Giant Syncdrive Life, Sport, Pro et Core pour augmenter l&#039;assistance au-dessus de 60 km\/h. Kit avec connecteurs d&#039;origine.\" \/>\n<meta name=\"robots\" content=\"index, follow, max-snippet:-1, max-image-preview:large, max-video-preview:-1\" \/>\n<link rel=\"canonical\" href=\"https:\/\/www.speedfun.bike\/fr\/produit\/speedfun-furious-evo-pour-giant-syncdrive-life-sport-pro-et-core\/\" \/>\n<meta property=\"og:locale\" content=\"fr_FR\" \/>\n<meta property=\"og:type\" content=\"article\" \/>\n<meta property=\"og:title\" content=\"SpeedFun Furious Evo tuning pour Giant Syncdrive Life, Sport et Pro\" \/>\n<meta property=\"og:description\" content=\"SpeedFun Furious Evo est un kit de r\u00e9glage pour les v\u00e9los \u00e9lectriques Giant Syncdrive Life, Sport, Pro et Core pour augmenter l&#039;assistance au-dessus de 60 km\/h. Kit avec connecteurs d&#039;origine.\" \/>\n<meta property=\"og:url\" content=\"https:\/\/www.speedfun.bike\/fr\/produit\/speedfun-furious-evo-pour-giant-syncdrive-life-sport-pro-et-core\/\" \/>\n<meta property=\"og:site_name\" content=\"Speed Fun\" \/>\n<meta property=\"article:modified_time\" content=\"2024-09-26T06:48:12+00:00\" \/>\n<meta property=\"og:image\" content=\"https:\/\/www.speedfun.bike\/wp-content\/uploads\/2021\/11\/furious-evo-giant-prodotto-1-scaled.jpg\" \/>\n\t<meta property=\"og:image:width\" content=\"2560\" \/>\n\t<meta property=\"og:image:height\" content=\"2049\" \/>\n\t<meta property=\"og:image:type\" content=\"image\/jpeg\" \/>\n<meta name=\"twitter:card\" content=\"summary_large_image\" \/>\n<meta name=\"twitter:label1\" content=\"Est. reading time\" \/>\n\t<meta name=\"twitter:data1\" content=\"2 minutes\" \/>\n<script type=\"application\/ld+json\" class=\"yoast-schema-graph\">{\"@context\":\"https:\\\/\\\/schema.org\",\"@graph\":[{\"@type\":\"WebPage\",\"@id\":\"https:\\\/\\\/www.speedfun.bike\\\/fr\\\/produit\\\/speedfun-furious-evo-pour-giant-syncdrive-life-sport-pro-et-core\\\/\",\"url\":\"https:\\\/\\\/www.speedfun.bike\\\/fr\\\/produit\\\/speedfun-furious-evo-pour-giant-syncdrive-life-sport-pro-et-core\\\/\",\"name\":\"SpeedFun Furious Evo tuning pour Giant Syncdrive Life, Sport et Pro\",\"isPartOf\":{\"@id\":\"https:\\\/\\\/www.speedfun.bike\\\/#website\"},\"primaryImageOfPage\":{\"@id\":\"https:\\\/\\\/www.speedfun.bike\\\/fr\\\/produit\\\/speedfun-furious-evo-pour-giant-syncdrive-life-sport-pro-et-core\\\/#primaryimage\"},\"image\":{\"@id\":\"https:\\\/\\\/www.speedfun.bike\\\/fr\\\/produit\\\/speedfun-furious-evo-pour-giant-syncdrive-life-sport-pro-et-core\\\/#primaryimage\"},\"thumbnailUrl\":\"https:\\\/\\\/www.speedfun.bike\\\/wp-content\\\/uploads\\\/2021\\\/11\\\/furious-evo-giant-prodotto-1-scaled.jpg\",\"datePublished\":\"2021-10-05T13:37:36+00:00\",\"dateModified\":\"2024-09-26T06:48:12+00:00\",\"description\":\"SpeedFun Furious Evo est un kit de r\u00e9glage pour les v\u00e9los \u00e9lectriques Giant Syncdrive Life, Sport, Pro et Core pour augmenter l'assistance au-dessus de 60 km\\\/h. Kit avec connecteurs d'origine.\",\"breadcrumb\":{\"@id\":\"https:\\\/\\\/www.speedfun.bike\\\/fr\\\/produit\\\/speedfun-furious-evo-pour-giant-syncdrive-life-sport-pro-et-core\\\/#breadcrumb\"},\"inLanguage\":\"fr-FR\",\"potentialAction\":[{\"@type\":\"ReadAction\",\"target\":[\"https:\\\/\\\/www.speedfun.bike\\\/fr\\\/produit\\\/speedfun-furious-evo-pour-giant-syncdrive-life-sport-pro-et-core\\\/\"]}]},{\"@type\":\"ImageObject\",\"inLanguage\":\"fr-FR\",\"@id\":\"https:\\\/\\\/www.speedfun.bike\\\/fr\\\/produit\\\/speedfun-furious-evo-pour-giant-syncdrive-life-sport-pro-et-core\\\/#primaryimage\",\"url\":\"https:\\\/\\\/www.speedfun.bike\\\/wp-content\\\/uploads\\\/2021\\\/11\\\/furious-evo-giant-prodotto-1-scaled.jpg\",\"contentUrl\":\"https:\\\/\\\/www.speedfun.bike\\\/wp-content\\\/uploads\\\/2021\\\/11\\\/furious-evo-giant-prodotto-1-scaled.jpg\",\"width\":2560,\"height\":2049,\"caption\":\"SpeedFun Furious Evo est un r\u00e9glage de v\u00e9lo \u00e9lectrique qui vous permet de supprimer le bloc de vitesse de 25 km\\\/h et d'atteindre des vitesses de plus de 60 km\\\/h en exploitant pleinement le potentiel du moteur. Sp\u00e9cialement con\u00e7u pour les moteurs Giant.\"},{\"@type\":\"BreadcrumbList\",\"@id\":\"https:\\\/\\\/www.speedfun.bike\\\/fr\\\/produit\\\/speedfun-furious-evo-pour-giant-syncdrive-life-sport-pro-et-core\\\/#breadcrumb\",\"itemListElement\":[{\"@type\":\"ListItem\",\"position\":1,\"name\":\"Home\",\"item\":\"https:\\\/\\\/www.speedfun.bike\\\/fr\\\/\"},{\"@type\":\"ListItem\",\"position\":2,\"name\":\"Boutique\",\"item\":\"https:\\\/\\\/www.speedfun.bike\\\/fr\\\/boutique\\\/\"},{\"@type\":\"ListItem\",\"position\":3,\"name\":\"SpeedFun Furious Evo pour Giant Syncdrive Life, Sport, Pro et Core\"}]},{\"@type\":\"WebSite\",\"@id\":\"https:\\\/\\\/www.speedfun.bike\\\/#website\",\"url\":\"https:\\\/\\\/www.speedfun.bike\\\/\",\"name\":\"Speed Fun\",\"description\":\"Sblocco velocit\u00e0 bici elettriche\",\"potentialAction\":[{\"@type\":\"SearchAction\",\"target\":{\"@type\":\"EntryPoint\",\"urlTemplate\":\"https:\\\/\\\/www.speedfun.bike\\\/?s={search_term_string}\"},\"query-input\":{\"@type\":\"PropertyValueSpecification\",\"valueRequired\":true,\"valueName\":\"search_term_string\"}}],\"inLanguage\":\"fr-FR\"}]}<\/script>\n<!-- \/ Yoast SEO plugin. -->","yoast_head_json":{"title":"SpeedFun Furious Evo tuning pour Giant Syncdrive Life, Sport et Pro","description":"SpeedFun Furious Evo est un kit de r\u00e9glage pour les v\u00e9los \u00e9lectriques Giant Syncdrive Life, Sport, Pro et Core pour augmenter l'assistance au-dessus de 60 km\/h. Kit avec connecteurs d'origine.","robots":{"index":"index","follow":"follow","max-snippet":"max-snippet:-1","max-image-preview":"max-image-preview:large","max-video-preview":"max-video-preview:-1"},"canonical":"https:\/\/www.speedfun.bike\/fr\/produit\/speedfun-furious-evo-pour-giant-syncdrive-life-sport-pro-et-core\/","og_locale":"fr_FR","og_type":"article","og_title":"SpeedFun Furious Evo tuning pour Giant Syncdrive Life, Sport et Pro","og_description":"SpeedFun Furious Evo est un kit de r\u00e9glage pour les v\u00e9los \u00e9lectriques Giant Syncdrive Life, Sport, Pro et Core pour augmenter l'assistance au-dessus de 60 km\/h. Kit avec connecteurs d'origine.","og_url":"https:\/\/www.speedfun.bike\/fr\/produit\/speedfun-furious-evo-pour-giant-syncdrive-life-sport-pro-et-core\/","og_site_name":"Speed Fun","article_modified_time":"2024-09-26T06:48:12+00:00","og_image":[{"width":2560,"height":2049,"url":"https:\/\/www.speedfun.bike\/wp-content\/uploads\/2021\/11\/furious-evo-giant-prodotto-1-scaled.jpg","type":"image\/jpeg"}],"twitter_card":"summary_large_image","twitter_misc":{"Est. reading time":"2 minutes"},"schema":{"@context":"https:\/\/schema.org","@graph":[{"@type":"WebPage","@id":"https:\/\/www.speedfun.bike\/fr\/produit\/speedfun-furious-evo-pour-giant-syncdrive-life-sport-pro-et-core\/","url":"https:\/\/www.speedfun.bike\/fr\/produit\/speedfun-furious-evo-pour-giant-syncdrive-life-sport-pro-et-core\/","name":"SpeedFun Furious Evo tuning pour Giant Syncdrive Life, Sport et Pro","isPartOf":{"@id":"https:\/\/www.speedfun.bike\/#website"},"primaryImageOfPage":{"@id":"https:\/\/www.speedfun.bike\/fr\/produit\/speedfun-furious-evo-pour-giant-syncdrive-life-sport-pro-et-core\/#primaryimage"},"image":{"@id":"https:\/\/www.speedfun.bike\/fr\/produit\/speedfun-furious-evo-pour-giant-syncdrive-life-sport-pro-et-core\/#primaryimage"},"thumbnailUrl":"https:\/\/www.speedfun.bike\/wp-content\/uploads\/2021\/11\/furious-evo-giant-prodotto-1-scaled.jpg","datePublished":"2021-10-05T13:37:36+00:00","dateModified":"2024-09-26T06:48:12+00:00","description":"SpeedFun Furious Evo est un kit de r\u00e9glage pour les v\u00e9los \u00e9lectriques Giant Syncdrive Life, Sport, Pro et Core pour augmenter l'assistance au-dessus de 60 km\/h. Kit avec connecteurs d'origine.","breadcrumb":{"@id":"https:\/\/www.speedfun.bike\/fr\/produit\/speedfun-furious-evo-pour-giant-syncdrive-life-sport-pro-et-core\/#breadcrumb"},"inLanguage":"fr-FR","potentialAction":[{"@type":"ReadAction","target":["https:\/\/www.speedfun.bike\/fr\/produit\/speedfun-furious-evo-pour-giant-syncdrive-life-sport-pro-et-core\/"]}]},{"@type":"ImageObject","inLanguage":"fr-FR","@id":"https:\/\/www.speedfun.bike\/fr\/produit\/speedfun-furious-evo-pour-giant-syncdrive-life-sport-pro-et-core\/#primaryimage","url":"https:\/\/www.speedfun.bike\/wp-content\/uploads\/2021\/11\/furious-evo-giant-prodotto-1-scaled.jpg","contentUrl":"https:\/\/www.speedfun.bike\/wp-content\/uploads\/2021\/11\/furious-evo-giant-prodotto-1-scaled.jpg","width":2560,"height":2049,"caption":"SpeedFun Furious Evo est un r\u00e9glage de v\u00e9lo \u00e9lectrique qui vous permet de supprimer le bloc de vitesse de 25 km\/h et d'atteindre des vitesses de plus de 60 km\/h en exploitant pleinement le potentiel du moteur. Sp\u00e9cialement con\u00e7u pour les moteurs Giant."},{"@type":"BreadcrumbList","@id":"https:\/\/www.speedfun.bike\/fr\/produit\/speedfun-furious-evo-pour-giant-syncdrive-life-sport-pro-et-core\/#breadcrumb","itemListElement":[{"@type":"ListItem","position":1,"name":"Home","item":"https:\/\/www.speedfun.bike\/fr\/"},{"@type":"ListItem","position":2,"name":"Boutique","item":"https:\/\/www.speedfun.bike\/fr\/boutique\/"},{"@type":"ListItem","position":3,"name":"SpeedFun Furious Evo pour Giant Syncdrive Life, Sport, Pro et Core"}]},{"@type":"WebSite","@id":"https:\/\/www.speedfun.bike\/#website","url":"https:\/\/www.speedfun.bike\/","name":"Speed Fun","description":"Sblocco velocit\u00e0 bici elettriche","potentialAction":[{"@type":"SearchAction","target":{"@type":"EntryPoint","urlTemplate":"https:\/\/www.speedfun.bike\/?s={search_term_string}"},"query-input":{"@type":"PropertyValueSpecification","valueRequired":true,"valueName":"search_term_string"}}],"inLanguage":"fr-FR"}]}},"_links":{"self":[{"href":"https:\/\/www.speedfun.bike\/fr\/wp-json\/wp\/v2\/product\/81652","targetHints":{"allow":["GET"]}}],"collection":[{"href":"https:\/\/www.speedfun.bike\/fr\/wp-json\/wp\/v2\/product"}],"about":[{"href":"https:\/\/www.speedfun.bike\/fr\/wp-json\/wp\/v2\/types\/product"}],"replies":[{"embeddable":true,"href":"https:\/\/www.speedfun.bike\/fr\/wp-json\/wp\/v2\/comments?post=81652"}],"wp:featuredmedia":[{"embeddable":true,"href":"https:\/\/www.speedfun.bike\/fr\/wp-json\/wp\/v2\/media\/83104"}],"wp:attachment":[{"href":"https:\/\/www.speedfun.bike\/fr\/wp-json\/wp\/v2\/media?parent=81652"}],"wp:term":[{"taxonomy":"product_brand","embeddable":true,"href":"https:\/\/www.speedfun.bike\/fr\/wp-json\/wp\/v2\/product_brand?post=81652"},{"taxonomy":"product_cat","embeddable":true,"href":"https:\/\/www.speedfun.bike\/fr\/wp-json\/wp\/v2\/product_cat?post=81652"},{"taxonomy":"product_tag","embeddable":true,"href":"https:\/\/www.speedfun.bike\/fr\/wp-json\/wp\/v2\/product_tag?post=81652"}],"curies":[{"name":"wp","href":"https:\/\/api.w.org\/{rel}","templated":true}]}}