{"id":81195,"date":"2021-09-23T14:05:53","date_gmt":"2021-09-23T13:06:05","guid":{"rendered":"https:\/\/speedfun.bike\/?post_type=product&#038;p=81195"},"modified":"2024-06-27T07:37:38","modified_gmt":"2024-06-27T06:37:38","slug":"speedfun-furious-evo-pour-brose-continental","status":"publish","type":"product","link":"https:\/\/www.speedfun.bike\/fr\/produit\/speedfun-furious-evo-pour-brose-continental\/","title":{"rendered":"SpeedFun Furious Evo pour Brose &#038; Continental"},"content":{"rendered":"<div class=\"wpb-content-wrapper\"><p>[vc_row][vc_column width=&#8221;1\/1&#8243;][vc_column_text uncode_shortcode_id=&#8221;188943&#8243;]<\/p>\n<h2>Qu\u2019est-ce que le r\u00e9glage du v\u00e9lo \u00e9lectrique Panasonic SpeedFun Furious Evo ?<\/h2>\n<p><strong>La fonction du dispositif tuning Furious Evo pour Brose et Continental\u00a0<\/strong>est de manipuler \u00e9lectroniquement la vitesse de rotation de la roue arri\u00e8re et de communiquer au moteur une vitesse toujours inf\u00e9rieure \u00e0 25 KmH afin d\u2019obtenir une vitesse r\u00e9elle avec un moteur actif tr\u00e8s \u00e9lev\u00e9. La limite de vitesse maximale sera donc dict\u00e9e par la puissance du moteur ajout\u00e9e \u00e0 la puissance exprim\u00e9e par les jambes (<a href=\"https:\/\/speedfun.bike\/app\/uploads\/2019\/06\/ebike-non-va-a-50-kmh.pdf\">info<\/a>).<\/p>\n<p>Lorsque le dispositif de r\u00e9glage est actif, n\u2019ayant aucune communication avec l\u2019\u00e9cran, il affichera les donn\u00e9es r\u00e9duites de moiti\u00e9 sur l\u2019\u00e9cran \u00e0 partir d\u2019un certain seuil.<\/p>\n<p>SpeedFun Furious Evo peut \u00eatre install\u00e9 sur ebike avec moteur Brose en aluminium (Brose C, Brose T, Brose TF, Brose S) ou avec moteurs Brose en magn\u00e9sium (Brose S Mag) et Continental principalement mont\u00e9s sur ebike Axevo, Bergstrom, Besv, BH, Bikel, BMW, Bulls, Campus, Cheetah, Cucuma, Devinci, Diavelo, Douze Cycles, e-Framer, Elops, Fantic, Fischer, FXX Cycles, Head, Hercules, Innata, Kraft Stoff, Leaos, LeeCougan, Olmo, Olympia, M1 Sport Technik, Maxx, Nox Cycles, Neomuv, NSR, Pedal Power, Pedego, Pininfarina, Poison, Pragma Industries, QWIC, Rockrider (Decathlon), Rotwild, Sblocs, Specialized, Sunn, Triobike, VKT quel que soit le type d\u2019affichage ou de contr\u00f4le lat\u00e9ral du v\u00e9lo \u00e9lectrique.<\/p>\n<p>Le dispositif de tuning Furious Evo pour Brose et Continental est disponible en deux versions :<\/p>\n<ul>\n<li>\u2013 Version Easy+: fournie d\u00e9j\u00e0 active, elle peut en tout cas \u00eatre activ\u00e9e\/d\u00e9sactiv\u00e9e avec un syst\u00e8me tr\u00e8s pratique (pour plus d\u2019informations voir la notice)<\/li>\n<li>\u2013 Version on\/off feux: peut \u00eatre activ\u00e9e\/d\u00e9sactiv\u00e9e en appuyant simplement sur le bouton lumi\u00e8res du v\u00e9lo \u00e9lectrique. Dans ce cas, il est n\u00e9cessaire de s\u2019assurer que le v\u00e9lo \u00e9lectrique dispose du bouton d\u2019\u00e9clairage et qu\u2019aucun \u00e9clairage n\u2019est install\u00e9.<\/li>\n<\/ul>\n<p>L\u2019appareil est fourni plug and go pr\u00eat \u00e0 l\u2019emploi et s\u2019installe de mani\u00e8re tr\u00e8s simple gr\u00e2ce aux connecteurs compatible avec lesquels aucune modification physique du v\u00e9lo \u00e9lectrique n\u2019est n\u00e9cessaire.<\/p>\n<p>&nbsp;<\/p>\n<h2>V\u00e9lo \u00e9lectrique avec moteur\u00a0<strong>Brose et Continental\u00a0<\/strong>o\u00f9 l\u2019appareil Furious Evo a \u00e9t\u00e9 install\u00e9 avec succ\u00e8s<\/h2>\n<p>(cette liste est illustrative et non exhaustive)[\/vc_column_text][vc_row_inner][vc_column_inner width=&#8221;1\/3&#8243;][vc_column_text]<\/p>\n<p>&#8211;\u00a0Rotwild R.X750<br \/>\n&#8211;\u00a0Rockrider E-ST520<\/p>\n<p>[\/vc_column_text][\/vc_column_inner][vc_column_inner width=&#8221;1\/3&#8243;][vc_column_text]- Fantic xf1 integra 160[\/vc_column_text][\/vc_column_inner][vc_column_inner width=&#8221;1\/3&#8243;][vc_column_text][\/vc_column_text][\/vc_column_inner][\/vc_row_inner][\/vc_column][\/vc_row]<\/p>\n<\/div>","protected":false},"excerpt":{"rendered":"<p>SpeedFun Furious Evo est un r\u00e9glage de v\u00e9lo \u00e9lectrique qui vous permet de supprimer le bloc de vitesse de 25 kmH en exploitant pleinement le potentiel du moteur Brose et Continental.<\/p>\n<p>Ce dispositif de r\u00e9glage de v\u00e9lo \u00e9lectrique est sp\u00e9cialement con\u00e7u pour d\u00e9bloquer la vitesse des moteurs Brose C, Brose T, Brose TF, Brose S (aluminium) et Brose S Mag (magn\u00e9sium)\u00a0principalement mont\u00e9s sur les v\u00e9los \u00e9lectriques BH, Bikel, Bulls, Devinci, Diavelo, e-Framer, Fantic, Hercules, Olmo, Pragma Industries, Rockrider (Decathlon), Specialized, VKT et bien d&#8217;autres.<\/p>\n<p>Tous les dispositifs de d\u00e9clenchement de vitesse SpeedFun Furious Evo peuvent \u00eatre activ\u00e9s et d\u00e9sactiv\u00e9s \u00e0 tout moment, m\u00eame sans \u00eatre connect\u00e9s \u00e0 la sortie des feux du moteur.<\/p>\n","protected":false},"featured_media":124519,"comment_status":"closed","ping_status":"closed","template":"","meta":{"_acf_changed":false},"product_brand":[],"product_cat":[52,273],"product_tag":[],"class_list":{"0":"post-81195","1":"product","2":"type-product","3":"status-publish","4":"has-post-thumbnail","6":"product_cat-for-brose-fr","7":"product_cat-furious-fr","8":"product_shipping_class-armadi-fr","10":"first","11":"instock","12":"taxable","13":"shipping-taxable","14":"purchasable","15":"product-type-variable"},"acf":[],"yoast_head":"<!-- This site is optimized with the Yoast SEO plugin v27.3 - https:\/\/yoast.com\/product\/yoast-seo-wordpress\/ -->\n<title>SpeedFun Furious Evo kit chip pour Brose - SpeedFun ebike tuning<\/title>\n<meta name=\"description\" content=\"SpeedFun Furious Evo est une puce de r\u00e9glage pour v\u00e9los \u00e9lectriques qui augmente la vitesse au-dessus de 25 km\/h. Compatible avec les moteurs Brose C, Brose\u00a0T, Brose S, Alu et Mag.\" \/>\n<meta name=\"robots\" content=\"index, follow, max-snippet:-1, max-image-preview:large, max-video-preview:-1\" \/>\n<link rel=\"canonical\" href=\"https:\/\/www.speedfun.bike\/fr\/produit\/speedfun-furious-evo-pour-brose-continental\/\" \/>\n<meta property=\"og:locale\" content=\"fr_FR\" \/>\n<meta property=\"og:type\" content=\"article\" \/>\n<meta property=\"og:title\" content=\"SpeedFun Furious Evo kit chip pour Brose - SpeedFun ebike tuning\" \/>\n<meta property=\"og:description\" content=\"SpeedFun Furious Evo est une puce de r\u00e9glage pour v\u00e9los \u00e9lectriques qui augmente la vitesse au-dessus de 25 km\/h. Compatible avec les moteurs Brose C, Brose\u00a0T, Brose S, Alu et Mag.\" \/>\n<meta property=\"og:url\" content=\"https:\/\/www.speedfun.bike\/fr\/produit\/speedfun-furious-evo-pour-brose-continental\/\" \/>\n<meta property=\"og:site_name\" content=\"Speed Fun\" \/>\n<meta property=\"article:modified_time\" content=\"2024-06-27T06:37:38+00:00\" \/>\n<meta property=\"og:image\" content=\"https:\/\/www.speedfun.bike\/wp-content\/uploads\/2024\/06\/SpeedFun-ebike-tuning-chip-kit-speed-release-for-Brose-motor_lights-version_product_resized-scaled.jpg\" \/>\n\t<meta property=\"og:image:width\" content=\"2560\" \/>\n\t<meta property=\"og:image:height\" content=\"2049\" \/>\n\t<meta property=\"og:image:type\" content=\"image\/jpeg\" \/>\n<meta name=\"twitter:card\" content=\"summary_large_image\" \/>\n<meta name=\"twitter:label1\" content=\"Est. reading time\" \/>\n\t<meta name=\"twitter:data1\" content=\"3 minutes\" \/>\n<script type=\"application\/ld+json\" class=\"yoast-schema-graph\">{\"@context\":\"https:\\\/\\\/schema.org\",\"@graph\":[{\"@type\":\"WebPage\",\"@id\":\"https:\\\/\\\/www.speedfun.bike\\\/fr\\\/produit\\\/speedfun-furious-evo-pour-brose-continental\\\/\",\"url\":\"https:\\\/\\\/www.speedfun.bike\\\/fr\\\/produit\\\/speedfun-furious-evo-pour-brose-continental\\\/\",\"name\":\"SpeedFun Furious Evo kit chip pour Brose - SpeedFun ebike tuning\",\"isPartOf\":{\"@id\":\"https:\\\/\\\/www.speedfun.bike\\\/#website\"},\"primaryImageOfPage\":{\"@id\":\"https:\\\/\\\/www.speedfun.bike\\\/fr\\\/produit\\\/speedfun-furious-evo-pour-brose-continental\\\/#primaryimage\"},\"image\":{\"@id\":\"https:\\\/\\\/www.speedfun.bike\\\/fr\\\/produit\\\/speedfun-furious-evo-pour-brose-continental\\\/#primaryimage\"},\"thumbnailUrl\":\"https:\\\/\\\/www.speedfun.bike\\\/wp-content\\\/uploads\\\/2024\\\/06\\\/SpeedFun-ebike-tuning-chip-kit-speed-release-for-Brose-motor_lights-version_product_resized-scaled.jpg\",\"datePublished\":\"2021-09-23T13:06:05+00:00\",\"dateModified\":\"2024-06-27T06:37:38+00:00\",\"description\":\"SpeedFun Furious Evo est une puce de r\u00e9glage pour v\u00e9los \u00e9lectriques qui augmente la vitesse au-dessus de 25 km\\\/h. Compatible avec les moteurs Brose C, Brose\u00a0T, Brose S, Alu et Mag.\",\"breadcrumb\":{\"@id\":\"https:\\\/\\\/www.speedfun.bike\\\/fr\\\/produit\\\/speedfun-furious-evo-pour-brose-continental\\\/#breadcrumb\"},\"inLanguage\":\"fr-FR\",\"potentialAction\":[{\"@type\":\"ReadAction\",\"target\":[\"https:\\\/\\\/www.speedfun.bike\\\/fr\\\/produit\\\/speedfun-furious-evo-pour-brose-continental\\\/\"]}]},{\"@type\":\"ImageObject\",\"inLanguage\":\"fr-FR\",\"@id\":\"https:\\\/\\\/www.speedfun.bike\\\/fr\\\/produit\\\/speedfun-furious-evo-pour-brose-continental\\\/#primaryimage\",\"url\":\"https:\\\/\\\/www.speedfun.bike\\\/wp-content\\\/uploads\\\/2024\\\/06\\\/SpeedFun-ebike-tuning-chip-kit-speed-release-for-Brose-motor_lights-version_product_resized-scaled.jpg\",\"contentUrl\":\"https:\\\/\\\/www.speedfun.bike\\\/wp-content\\\/uploads\\\/2024\\\/06\\\/SpeedFun-ebike-tuning-chip-kit-speed-release-for-Brose-motor_lights-version_product_resized-scaled.jpg\",\"width\":2560,\"height\":2049,\"caption\":\"SpeedFun ebike tuning chip kit speed release for Brose motor_easy+ version_1\"},{\"@type\":\"BreadcrumbList\",\"@id\":\"https:\\\/\\\/www.speedfun.bike\\\/fr\\\/produit\\\/speedfun-furious-evo-pour-brose-continental\\\/#breadcrumb\",\"itemListElement\":[{\"@type\":\"ListItem\",\"position\":1,\"name\":\"Home\",\"item\":\"https:\\\/\\\/www.speedfun.bike\\\/fr\\\/\"},{\"@type\":\"ListItem\",\"position\":2,\"name\":\"Boutique\",\"item\":\"https:\\\/\\\/www.speedfun.bike\\\/fr\\\/boutique\\\/\"},{\"@type\":\"ListItem\",\"position\":3,\"name\":\"SpeedFun Furious Evo pour Brose &#038; Continental\"}]},{\"@type\":\"WebSite\",\"@id\":\"https:\\\/\\\/www.speedfun.bike\\\/#website\",\"url\":\"https:\\\/\\\/www.speedfun.bike\\\/\",\"name\":\"Speed Fun\",\"description\":\"Sblocco velocit\u00e0 bici elettriche\",\"potentialAction\":[{\"@type\":\"SearchAction\",\"target\":{\"@type\":\"EntryPoint\",\"urlTemplate\":\"https:\\\/\\\/www.speedfun.bike\\\/?s={search_term_string}\"},\"query-input\":{\"@type\":\"PropertyValueSpecification\",\"valueRequired\":true,\"valueName\":\"search_term_string\"}}],\"inLanguage\":\"fr-FR\"}]}<\/script>\n<!-- \/ Yoast SEO plugin. -->","yoast_head_json":{"title":"SpeedFun Furious Evo kit chip pour Brose - SpeedFun ebike tuning","description":"SpeedFun Furious Evo est une puce de r\u00e9glage pour v\u00e9los \u00e9lectriques qui augmente la vitesse au-dessus de 25 km\/h. Compatible avec les moteurs Brose C, Brose\u00a0T, Brose S, Alu et Mag.","robots":{"index":"index","follow":"follow","max-snippet":"max-snippet:-1","max-image-preview":"max-image-preview:large","max-video-preview":"max-video-preview:-1"},"canonical":"https:\/\/www.speedfun.bike\/fr\/produit\/speedfun-furious-evo-pour-brose-continental\/","og_locale":"fr_FR","og_type":"article","og_title":"SpeedFun Furious Evo kit chip pour Brose - SpeedFun ebike tuning","og_description":"SpeedFun Furious Evo est une puce de r\u00e9glage pour v\u00e9los \u00e9lectriques qui augmente la vitesse au-dessus de 25 km\/h. Compatible avec les moteurs Brose C, Brose\u00a0T, Brose S, Alu et Mag.","og_url":"https:\/\/www.speedfun.bike\/fr\/produit\/speedfun-furious-evo-pour-brose-continental\/","og_site_name":"Speed Fun","article_modified_time":"2024-06-27T06:37:38+00:00","og_image":[{"width":2560,"height":2049,"url":"https:\/\/www.speedfun.bike\/wp-content\/uploads\/2024\/06\/SpeedFun-ebike-tuning-chip-kit-speed-release-for-Brose-motor_lights-version_product_resized-scaled.jpg","type":"image\/jpeg"}],"twitter_card":"summary_large_image","twitter_misc":{"Est. reading time":"3 minutes"},"schema":{"@context":"https:\/\/schema.org","@graph":[{"@type":"WebPage","@id":"https:\/\/www.speedfun.bike\/fr\/produit\/speedfun-furious-evo-pour-brose-continental\/","url":"https:\/\/www.speedfun.bike\/fr\/produit\/speedfun-furious-evo-pour-brose-continental\/","name":"SpeedFun Furious Evo kit chip pour Brose - SpeedFun ebike tuning","isPartOf":{"@id":"https:\/\/www.speedfun.bike\/#website"},"primaryImageOfPage":{"@id":"https:\/\/www.speedfun.bike\/fr\/produit\/speedfun-furious-evo-pour-brose-continental\/#primaryimage"},"image":{"@id":"https:\/\/www.speedfun.bike\/fr\/produit\/speedfun-furious-evo-pour-brose-continental\/#primaryimage"},"thumbnailUrl":"https:\/\/www.speedfun.bike\/wp-content\/uploads\/2024\/06\/SpeedFun-ebike-tuning-chip-kit-speed-release-for-Brose-motor_lights-version_product_resized-scaled.jpg","datePublished":"2021-09-23T13:06:05+00:00","dateModified":"2024-06-27T06:37:38+00:00","description":"SpeedFun Furious Evo est une puce de r\u00e9glage pour v\u00e9los \u00e9lectriques qui augmente la vitesse au-dessus de 25 km\/h. Compatible avec les moteurs Brose C, Brose\u00a0T, Brose S, Alu et Mag.","breadcrumb":{"@id":"https:\/\/www.speedfun.bike\/fr\/produit\/speedfun-furious-evo-pour-brose-continental\/#breadcrumb"},"inLanguage":"fr-FR","potentialAction":[{"@type":"ReadAction","target":["https:\/\/www.speedfun.bike\/fr\/produit\/speedfun-furious-evo-pour-brose-continental\/"]}]},{"@type":"ImageObject","inLanguage":"fr-FR","@id":"https:\/\/www.speedfun.bike\/fr\/produit\/speedfun-furious-evo-pour-brose-continental\/#primaryimage","url":"https:\/\/www.speedfun.bike\/wp-content\/uploads\/2024\/06\/SpeedFun-ebike-tuning-chip-kit-speed-release-for-Brose-motor_lights-version_product_resized-scaled.jpg","contentUrl":"https:\/\/www.speedfun.bike\/wp-content\/uploads\/2024\/06\/SpeedFun-ebike-tuning-chip-kit-speed-release-for-Brose-motor_lights-version_product_resized-scaled.jpg","width":2560,"height":2049,"caption":"SpeedFun ebike tuning chip kit speed release for Brose motor_easy+ version_1"},{"@type":"BreadcrumbList","@id":"https:\/\/www.speedfun.bike\/fr\/produit\/speedfun-furious-evo-pour-brose-continental\/#breadcrumb","itemListElement":[{"@type":"ListItem","position":1,"name":"Home","item":"https:\/\/www.speedfun.bike\/fr\/"},{"@type":"ListItem","position":2,"name":"Boutique","item":"https:\/\/www.speedfun.bike\/fr\/boutique\/"},{"@type":"ListItem","position":3,"name":"SpeedFun Furious Evo pour Brose &#038; Continental"}]},{"@type":"WebSite","@id":"https:\/\/www.speedfun.bike\/#website","url":"https:\/\/www.speedfun.bike\/","name":"Speed Fun","description":"Sblocco velocit\u00e0 bici elettriche","potentialAction":[{"@type":"SearchAction","target":{"@type":"EntryPoint","urlTemplate":"https:\/\/www.speedfun.bike\/?s={search_term_string}"},"query-input":{"@type":"PropertyValueSpecification","valueRequired":true,"valueName":"search_term_string"}}],"inLanguage":"fr-FR"}]}},"_links":{"self":[{"href":"https:\/\/www.speedfun.bike\/fr\/wp-json\/wp\/v2\/product\/81195","targetHints":{"allow":["GET"]}}],"collection":[{"href":"https:\/\/www.speedfun.bike\/fr\/wp-json\/wp\/v2\/product"}],"about":[{"href":"https:\/\/www.speedfun.bike\/fr\/wp-json\/wp\/v2\/types\/product"}],"replies":[{"embeddable":true,"href":"https:\/\/www.speedfun.bike\/fr\/wp-json\/wp\/v2\/comments?post=81195"}],"wp:featuredmedia":[{"embeddable":true,"href":"https:\/\/www.speedfun.bike\/fr\/wp-json\/wp\/v2\/media\/124519"}],"wp:attachment":[{"href":"https:\/\/www.speedfun.bike\/fr\/wp-json\/wp\/v2\/media?parent=81195"}],"wp:term":[{"taxonomy":"product_brand","embeddable":true,"href":"https:\/\/www.speedfun.bike\/fr\/wp-json\/wp\/v2\/product_brand?post=81195"},{"taxonomy":"product_cat","embeddable":true,"href":"https:\/\/www.speedfun.bike\/fr\/wp-json\/wp\/v2\/product_cat?post=81195"},{"taxonomy":"product_tag","embeddable":true,"href":"https:\/\/www.speedfun.bike\/fr\/wp-json\/wp\/v2\/product_tag?post=81195"}],"curies":[{"name":"wp","href":"https:\/\/api.w.org\/{rel}","templated":true}]}}