{"id":77343,"date":"2021-07-03T10:46:28","date_gmt":"2021-07-03T09:46:32","guid":{"rendered":"https:\/\/speedfun.bike\/?post_type=product&#038;p=77343"},"modified":"2025-10-15T16:23:31","modified_gmt":"2025-10-15T15:23:31","slug":"speedfun-furious-evo-for-shimano-ep8","status":"publish","type":"product","link":"https:\/\/www.speedfun.bike\/fr\/produit\/speedfun-furious-evo-for-shimano-ep8\/","title":{"rendered":"SpeedFun Furious Evo for Shimano Ep8 (EP800)"},"content":{"rendered":"<div class=\"wpb-content-wrapper\"><p>[vc_row][vc_column width=&#8221;1\/1&#8243;][vc_column_text uncode_shortcode_id=&#8221;116959&#8243;]<\/p>\n<h2>Quel est le tuning pour Shimano Ep8 (EP800) SpeedFun Furious Evo?<\/h2>\n<p><strong>La fonction du dispositif de tuning Furious Evo pour Shimano Ep8 (EP800)<\/strong> est de manipuler \u00e9lectroniquement la vitesse de rotation de la roue arri\u00e8re et de communiquer au moteur une vitesse toujours inf\u00e9rieure \u00e0 25 KmH afin d&#8217;obtenir une vitesse r\u00e9elle avec un moteur actif tr\u00e8s \u00e9lev\u00e9. La limite de vitesse maximale sera donc dict\u00e9e par la puissance du moteur ajout\u00e9e \u00e0 la puissance exprim\u00e9e par les jambes (<a href=\"https:\/\/speedfun.bike\/wp-content\/uploads\/2019\/06\/ebike-non-va-a-50-kmh.pdf\">info<\/a>).<\/p>\n<p>Lorsque l&#8217;appareil est actif, l&#8217;\u00e9cran affichera la vitesse exacte jusqu&#8217;\u00e0 environ 20 KmH, au-del\u00e0 de laquelle une vitesse manipul\u00e9e sera toujours affich\u00e9e en dessous de 25 KmH.<\/p>\n<div class=\"widget\">\n<p>SpeedFun Furious Evo peut \u00eatre activ\u00e9 et d\u00e9sactiv\u00e9 \u00e0 volont\u00e9 et maintient le r\u00e9glage m\u00eame apr\u00e8s l&#8217;arr\u00eat du v\u00e9lo \u00e9lectrique. Il peut \u00eatre install\u00e9 sur des v\u00e9los \u00e9lectriques avec tout type d&#8217;affichage ou de contr\u00f4le lat\u00e9ral ainsi que sur des v\u00e9los \u00e9lectriques sans \u00e9cran ou qui montent le module sans fil EW-EN100.<\/p>\n<p>La nouvelle technologie de ce module de r\u00e9glage pour Shimano ne n\u00e9cessite pas l&#8217;activation de la sortie d&#8217;\u00e9clairage du moteur ou des interventions avec des diagnostics ou des applications. Il est fourni plug and go pr\u00eat \u00e0 l&#8217;emploi et s&#8217;installe de mani\u00e8re tr\u00e8s simple gr\u00e2ce aux connecteurs avec lesquels aucune modification physique du v\u00e9lo \u00e9lectrique n&#8217;est n\u00e9cessaire.<\/p>\n<p>&nbsp;<\/p>\n<p><strong>ATTENTION 1<\/strong><br \/>\nCe r\u00e9glage n&#8217;est pas compatible avec les v\u00e9los \u00e9lectriques \u00e9quip\u00e9s d&#8217;un d\u00e9railleur \u00e9lectronique Shimano Di2.<br \/>\nCe r\u00e9glage est compatible uniquement avec les moteurs Shimano EP800 (non compatible avec EP801 et EP600).<\/p>\n<\/div>\n<p>[\/vc_column_text][\/vc_column][\/vc_row]<\/p>\n<\/div>","protected":false},"excerpt":{"rendered":"<p>SpeedFun Furious Evo est un tuning pour ebike avec moteur Shimano qui vous permet de supprimer le bloc de vitesse de 25 kmH en exploitant pleinement le potentiel du moteur Shimano Ep8 (EP800).<\/p>\n<p>Ce dispositif de tuning est sp\u00e9cialement con\u00e7u pour les moteur Shimano Ep8 (EP800) avec d\u00e9railleur m\u00e9canique (no DI2).<\/p>\n<p>Tous les dispositifs de d\u00e9clenchement de vitesse SpeedFun Furious Evo peuvent \u00eatre activ\u00e9s et d\u00e9sactiv\u00e9s \u00e0 tout moment, m\u00eame sans \u00eatre connect\u00e9s \u00e0 la sortie des feux du moteur.<\/p>\n","protected":false},"featured_media":83193,"comment_status":"closed","ping_status":"closed","template":"","meta":{"_acf_changed":false},"product_brand":[],"product_cat":[48,273],"product_tag":[],"class_list":{"0":"post-77343","1":"product","2":"type-product","3":"status-publish","4":"has-post-thumbnail","6":"product_cat-for-shimano-fr","7":"product_cat-furious-fr","9":"first","10":"instock","11":"taxable","12":"shipping-taxable","13":"purchasable","14":"product-type-simple"},"acf":[],"yoast_head":"<!-- This site is optimized with the Yoast SEO plugin v27.3 - https:\/\/yoast.com\/product\/yoast-seo-wordpress\/ -->\n<title>SpeedFun Furious Evo tuning ebike pour Shimano Ep8<\/title>\n<meta name=\"description\" content=\"SpeedFun Furious Evo est un r\u00e9glage de v\u00e9lo \u00e9lectrique sp\u00e9cialement con\u00e7u pour d\u00e9bloquer la vitesse sup\u00e9rieure \u00e0 25 km\/h du moteur Shimano Ep8. Il peut \u00eatre activ\u00e9\/d\u00e9sactiv\u00e9 \u00e0 tout moment et peut \u00eatre install\u00e9 en quelques minutes gr\u00e2ce aux connecteurs d&#039;origine Shimano. Peut \u00eatre install\u00e9 sur tous les v\u00e9los \u00e9lectriques avec tous les \u00e9crans Shimano.\" \/>\n<meta name=\"robots\" content=\"index, follow, max-snippet:-1, max-image-preview:large, max-video-preview:-1\" \/>\n<link rel=\"canonical\" href=\"https:\/\/www.speedfun.bike\/fr\/produit\/speedfun-furious-evo-for-shimano-ep8\/\" \/>\n<meta property=\"og:locale\" content=\"fr_FR\" \/>\n<meta property=\"og:type\" content=\"article\" \/>\n<meta property=\"og:title\" content=\"SpeedFun Furious Evo tuning ebike pour Shimano Ep8\" \/>\n<meta property=\"og:description\" content=\"SpeedFun Furious Evo est un r\u00e9glage de v\u00e9lo \u00e9lectrique sp\u00e9cialement con\u00e7u pour d\u00e9bloquer la vitesse sup\u00e9rieure \u00e0 25 km\/h du moteur Shimano Ep8. Il peut \u00eatre activ\u00e9\/d\u00e9sactiv\u00e9 \u00e0 tout moment et peut \u00eatre install\u00e9 en quelques minutes gr\u00e2ce aux connecteurs d&#039;origine Shimano. Peut \u00eatre install\u00e9 sur tous les v\u00e9los \u00e9lectriques avec tous les \u00e9crans Shimano.\" \/>\n<meta property=\"og:url\" content=\"https:\/\/www.speedfun.bike\/fr\/produit\/speedfun-furious-evo-for-shimano-ep8\/\" \/>\n<meta property=\"og:site_name\" content=\"Speed Fun\" \/>\n<meta property=\"article:modified_time\" content=\"2025-10-15T15:23:31+00:00\" \/>\n<meta property=\"og:image\" content=\"https:\/\/www.speedfun.bike\/wp-content\/uploads\/2021\/11\/Furious-Evo-Shimano-Ep8_product.png\" \/>\n\t<meta property=\"og:image:width\" content=\"2745\" \/>\n\t<meta property=\"og:image:height\" content=\"2197\" \/>\n\t<meta property=\"og:image:type\" content=\"image\/png\" \/>\n<meta name=\"twitter:card\" content=\"summary_large_image\" \/>\n<meta name=\"twitter:label1\" content=\"Est. reading time\" \/>\n\t<meta name=\"twitter:data1\" content=\"2 minutes\" \/>\n<script type=\"application\/ld+json\" class=\"yoast-schema-graph\">{\"@context\":\"https:\\\/\\\/schema.org\",\"@graph\":[{\"@type\":\"WebPage\",\"@id\":\"https:\\\/\\\/www.speedfun.bike\\\/fr\\\/produit\\\/speedfun-furious-evo-for-shimano-ep8\\\/\",\"url\":\"https:\\\/\\\/www.speedfun.bike\\\/fr\\\/produit\\\/speedfun-furious-evo-for-shimano-ep8\\\/\",\"name\":\"SpeedFun Furious Evo tuning ebike pour Shimano Ep8\",\"isPartOf\":{\"@id\":\"https:\\\/\\\/speedfun.bike\\\/#website\"},\"primaryImageOfPage\":{\"@id\":\"https:\\\/\\\/www.speedfun.bike\\\/fr\\\/produit\\\/speedfun-furious-evo-for-shimano-ep8\\\/#primaryimage\"},\"image\":{\"@id\":\"https:\\\/\\\/www.speedfun.bike\\\/fr\\\/produit\\\/speedfun-furious-evo-for-shimano-ep8\\\/#primaryimage\"},\"thumbnailUrl\":\"https:\\\/\\\/www.speedfun.bike\\\/wp-content\\\/uploads\\\/2021\\\/11\\\/Furious-Evo-Shimano-Ep8_product.png\",\"datePublished\":\"2021-07-03T09:46:32+00:00\",\"dateModified\":\"2025-10-15T15:23:31+00:00\",\"description\":\"SpeedFun Furious Evo est un r\u00e9glage de v\u00e9lo \u00e9lectrique sp\u00e9cialement con\u00e7u pour d\u00e9bloquer la vitesse sup\u00e9rieure \u00e0 25 km\\\/h du moteur Shimano Ep8. Il peut \u00eatre activ\u00e9\\\/d\u00e9sactiv\u00e9 \u00e0 tout moment et peut \u00eatre install\u00e9 en quelques minutes gr\u00e2ce aux connecteurs d'origine Shimano. Peut \u00eatre install\u00e9 sur tous les v\u00e9los \u00e9lectriques avec tous les \u00e9crans Shimano.\",\"breadcrumb\":{\"@id\":\"https:\\\/\\\/www.speedfun.bike\\\/fr\\\/produit\\\/speedfun-furious-evo-for-shimano-ep8\\\/#breadcrumb\"},\"inLanguage\":\"fr-FR\",\"potentialAction\":[{\"@type\":\"ReadAction\",\"target\":[\"https:\\\/\\\/www.speedfun.bike\\\/fr\\\/produit\\\/speedfun-furious-evo-for-shimano-ep8\\\/\"]}]},{\"@type\":\"ImageObject\",\"inLanguage\":\"fr-FR\",\"@id\":\"https:\\\/\\\/www.speedfun.bike\\\/fr\\\/produit\\\/speedfun-furious-evo-for-shimano-ep8\\\/#primaryimage\",\"url\":\"https:\\\/\\\/www.speedfun.bike\\\/wp-content\\\/uploads\\\/2021\\\/11\\\/Furious-Evo-Shimano-Ep8_product.png\",\"contentUrl\":\"https:\\\/\\\/www.speedfun.bike\\\/wp-content\\\/uploads\\\/2021\\\/11\\\/Furious-Evo-Shimano-Ep8_product.png\",\"width\":2745,\"height\":2197,\"caption\":\"SpeedFun Furious Evo est un r\u00e9glage de v\u00e9lo \u00e9lectrique qui vous permet de supprimer le bloc de vitesse de 25 km\\\/h et d'atteindre des vitesses de plus de 60 km\\\/h en exploitant pleinement le potentiel du moteur. Sp\u00e9cialement con\u00e7u pour les moteurs Shimano Step Ep8.\"},{\"@type\":\"BreadcrumbList\",\"@id\":\"https:\\\/\\\/www.speedfun.bike\\\/fr\\\/produit\\\/speedfun-furious-evo-for-shimano-ep8\\\/#breadcrumb\",\"itemListElement\":[{\"@type\":\"ListItem\",\"position\":1,\"name\":\"Home\",\"item\":\"https:\\\/\\\/speedfun.bike\\\/fr\\\/\"},{\"@type\":\"ListItem\",\"position\":2,\"name\":\"Boutique\",\"item\":\"https:\\\/\\\/speedfun.bike\\\/fr\\\/boutique\\\/\"},{\"@type\":\"ListItem\",\"position\":3,\"name\":\"SpeedFun Furious Evo for Shimano Ep8 (EP800)\"}]},{\"@type\":\"WebSite\",\"@id\":\"https:\\\/\\\/speedfun.bike\\\/#website\",\"url\":\"https:\\\/\\\/speedfun.bike\\\/\",\"name\":\"Speed Fun\",\"description\":\"Sblocco velocit\u00e0 bici elettriche\",\"potentialAction\":[{\"@type\":\"SearchAction\",\"target\":{\"@type\":\"EntryPoint\",\"urlTemplate\":\"https:\\\/\\\/speedfun.bike\\\/?s={search_term_string}\"},\"query-input\":{\"@type\":\"PropertyValueSpecification\",\"valueRequired\":true,\"valueName\":\"search_term_string\"}}],\"inLanguage\":\"fr-FR\"}]}<\/script>\n<!-- \/ Yoast SEO plugin. -->","yoast_head_json":{"title":"SpeedFun Furious Evo tuning ebike pour Shimano Ep8","description":"SpeedFun Furious Evo est un r\u00e9glage de v\u00e9lo \u00e9lectrique sp\u00e9cialement con\u00e7u pour d\u00e9bloquer la vitesse sup\u00e9rieure \u00e0 25 km\/h du moteur Shimano Ep8. Il peut \u00eatre activ\u00e9\/d\u00e9sactiv\u00e9 \u00e0 tout moment et peut \u00eatre install\u00e9 en quelques minutes gr\u00e2ce aux connecteurs d'origine Shimano. Peut \u00eatre install\u00e9 sur tous les v\u00e9los \u00e9lectriques avec tous les \u00e9crans Shimano.","robots":{"index":"index","follow":"follow","max-snippet":"max-snippet:-1","max-image-preview":"max-image-preview:large","max-video-preview":"max-video-preview:-1"},"canonical":"https:\/\/www.speedfun.bike\/fr\/produit\/speedfun-furious-evo-for-shimano-ep8\/","og_locale":"fr_FR","og_type":"article","og_title":"SpeedFun Furious Evo tuning ebike pour Shimano Ep8","og_description":"SpeedFun Furious Evo est un r\u00e9glage de v\u00e9lo \u00e9lectrique sp\u00e9cialement con\u00e7u pour d\u00e9bloquer la vitesse sup\u00e9rieure \u00e0 25 km\/h du moteur Shimano Ep8. Il peut \u00eatre activ\u00e9\/d\u00e9sactiv\u00e9 \u00e0 tout moment et peut \u00eatre install\u00e9 en quelques minutes gr\u00e2ce aux connecteurs d'origine Shimano. Peut \u00eatre install\u00e9 sur tous les v\u00e9los \u00e9lectriques avec tous les \u00e9crans Shimano.","og_url":"https:\/\/www.speedfun.bike\/fr\/produit\/speedfun-furious-evo-for-shimano-ep8\/","og_site_name":"Speed Fun","article_modified_time":"2025-10-15T15:23:31+00:00","og_image":[{"width":2745,"height":2197,"url":"https:\/\/www.speedfun.bike\/wp-content\/uploads\/2021\/11\/Furious-Evo-Shimano-Ep8_product.png","type":"image\/png"}],"twitter_card":"summary_large_image","twitter_misc":{"Est. reading time":"2 minutes"},"schema":{"@context":"https:\/\/schema.org","@graph":[{"@type":"WebPage","@id":"https:\/\/www.speedfun.bike\/fr\/produit\/speedfun-furious-evo-for-shimano-ep8\/","url":"https:\/\/www.speedfun.bike\/fr\/produit\/speedfun-furious-evo-for-shimano-ep8\/","name":"SpeedFun Furious Evo tuning ebike pour Shimano Ep8","isPartOf":{"@id":"https:\/\/speedfun.bike\/#website"},"primaryImageOfPage":{"@id":"https:\/\/www.speedfun.bike\/fr\/produit\/speedfun-furious-evo-for-shimano-ep8\/#primaryimage"},"image":{"@id":"https:\/\/www.speedfun.bike\/fr\/produit\/speedfun-furious-evo-for-shimano-ep8\/#primaryimage"},"thumbnailUrl":"https:\/\/www.speedfun.bike\/wp-content\/uploads\/2021\/11\/Furious-Evo-Shimano-Ep8_product.png","datePublished":"2021-07-03T09:46:32+00:00","dateModified":"2025-10-15T15:23:31+00:00","description":"SpeedFun Furious Evo est un r\u00e9glage de v\u00e9lo \u00e9lectrique sp\u00e9cialement con\u00e7u pour d\u00e9bloquer la vitesse sup\u00e9rieure \u00e0 25 km\/h du moteur Shimano Ep8. Il peut \u00eatre activ\u00e9\/d\u00e9sactiv\u00e9 \u00e0 tout moment et peut \u00eatre install\u00e9 en quelques minutes gr\u00e2ce aux connecteurs d'origine Shimano. Peut \u00eatre install\u00e9 sur tous les v\u00e9los \u00e9lectriques avec tous les \u00e9crans Shimano.","breadcrumb":{"@id":"https:\/\/www.speedfun.bike\/fr\/produit\/speedfun-furious-evo-for-shimano-ep8\/#breadcrumb"},"inLanguage":"fr-FR","potentialAction":[{"@type":"ReadAction","target":["https:\/\/www.speedfun.bike\/fr\/produit\/speedfun-furious-evo-for-shimano-ep8\/"]}]},{"@type":"ImageObject","inLanguage":"fr-FR","@id":"https:\/\/www.speedfun.bike\/fr\/produit\/speedfun-furious-evo-for-shimano-ep8\/#primaryimage","url":"https:\/\/www.speedfun.bike\/wp-content\/uploads\/2021\/11\/Furious-Evo-Shimano-Ep8_product.png","contentUrl":"https:\/\/www.speedfun.bike\/wp-content\/uploads\/2021\/11\/Furious-Evo-Shimano-Ep8_product.png","width":2745,"height":2197,"caption":"SpeedFun Furious Evo est un r\u00e9glage de v\u00e9lo \u00e9lectrique qui vous permet de supprimer le bloc de vitesse de 25 km\/h et d'atteindre des vitesses de plus de 60 km\/h en exploitant pleinement le potentiel du moteur. Sp\u00e9cialement con\u00e7u pour les moteurs Shimano Step Ep8."},{"@type":"BreadcrumbList","@id":"https:\/\/www.speedfun.bike\/fr\/produit\/speedfun-furious-evo-for-shimano-ep8\/#breadcrumb","itemListElement":[{"@type":"ListItem","position":1,"name":"Home","item":"https:\/\/speedfun.bike\/fr\/"},{"@type":"ListItem","position":2,"name":"Boutique","item":"https:\/\/speedfun.bike\/fr\/boutique\/"},{"@type":"ListItem","position":3,"name":"SpeedFun Furious Evo for Shimano Ep8 (EP800)"}]},{"@type":"WebSite","@id":"https:\/\/speedfun.bike\/#website","url":"https:\/\/speedfun.bike\/","name":"Speed Fun","description":"Sblocco velocit\u00e0 bici elettriche","potentialAction":[{"@type":"SearchAction","target":{"@type":"EntryPoint","urlTemplate":"https:\/\/speedfun.bike\/?s={search_term_string}"},"query-input":{"@type":"PropertyValueSpecification","valueRequired":true,"valueName":"search_term_string"}}],"inLanguage":"fr-FR"}]}},"_links":{"self":[{"href":"https:\/\/www.speedfun.bike\/fr\/wp-json\/wp\/v2\/product\/77343","targetHints":{"allow":["GET"]}}],"collection":[{"href":"https:\/\/www.speedfun.bike\/fr\/wp-json\/wp\/v2\/product"}],"about":[{"href":"https:\/\/www.speedfun.bike\/fr\/wp-json\/wp\/v2\/types\/product"}],"replies":[{"embeddable":true,"href":"https:\/\/www.speedfun.bike\/fr\/wp-json\/wp\/v2\/comments?post=77343"}],"wp:featuredmedia":[{"embeddable":true,"href":"https:\/\/www.speedfun.bike\/fr\/wp-json\/wp\/v2\/media\/83193"}],"wp:attachment":[{"href":"https:\/\/www.speedfun.bike\/fr\/wp-json\/wp\/v2\/media?parent=77343"}],"wp:term":[{"taxonomy":"product_brand","embeddable":true,"href":"https:\/\/www.speedfun.bike\/fr\/wp-json\/wp\/v2\/product_brand?post=77343"},{"taxonomy":"product_cat","embeddable":true,"href":"https:\/\/www.speedfun.bike\/fr\/wp-json\/wp\/v2\/product_cat?post=77343"},{"taxonomy":"product_tag","embeddable":true,"href":"https:\/\/www.speedfun.bike\/fr\/wp-json\/wp\/v2\/product_tag?post=77343"}],"curies":[{"name":"wp","href":"https:\/\/api.w.org\/{rel}","templated":true}]}}