{"id":7005,"date":"2017-11-01T10:24:44","date_gmt":"2017-11-01T09:24:44","guid":{"rendered":"https:\/\/speedfun.bike\/prodotto\/cables-pour-furious-olieds-am80\/"},"modified":"2025-06-23T07:57:46","modified_gmt":"2025-06-23T06:57:46","slug":"cable-separateur-y","status":"publish","type":"product","link":"https:\/\/www.speedfun.bike\/fr\/produit\/cable-separateur-y\/","title":{"rendered":"C\u00e2ble s\u00e9parateur &#8220;Y&#8221;"},"content":{"rendered":"<div class=\"wpb-content-wrapper\"><p>[vc_row][vc_column width=&#8221;1\/1&#8243;][vc_column_text uncode_shortcode_id=&#8221;314794&#8243;]<\/p>\n<h3>S\u00e9parateur de c\u00e2ble en Y<\/h3>\n<p>Lorsque l&#8217;ebike est \u00e9quip\u00e9 de phares qui peuvent \u00eatre command\u00e9s par les commandes du moteur puis aliment\u00e9s par le ebike lui-m\u00eame, cela signifie que la sortie de lumi\u00e8re est utilis\u00e9e pour connecter les feux. Pour obtenir une sortie parall\u00e8le suppl\u00e9mentaire pour la connexion et le fonctionnement de l&#8217;appareil FURIOUS feux on\/off, le c\u00e2ble s\u00e9parateur en Y doit \u00eatre install\u00e9, ce qui permet d&#8217;obtenir une sortie suppl\u00e9mentaire.<br \/>\nL&#8217;installation est tr\u00e8s simple, il suffit de d\u00e9connecter le connecteur entre le moteur et les phares et de brancher le c\u00e2ble en Y.<\/p>\n<p>Le c\u00e2ble s\u00e9parateur en Y est disponible pour les moteurs suivants:<br \/>\n&#8211; Version pour moteurs Ananda M60 M81 M100 M230, Bafang M400 M420 et Yamaha PW-X PW-X2 PW-SE PW-TE PW-ST (mod. CY-01)<br \/>\n&#8211; Version pour moteurs Giant Syncdrive Core, Life, Pro, Sport (PW-X2) et Oli Sport (mod. CY-02)<br \/>\n&#8211; Version pour moteurs Yamaha PW-X3 et PW-S2 (mod. CY-03)[\/vc_column_text][\/vc_column][\/vc_row]<\/p>\n<\/div>","protected":false},"excerpt":{"rendered":"<p>C\u00e2ble s\u00e9parateur en Y pour le feux.<\/p>\n<p>Lorsque l&#8217;ebike est \u00e9quip\u00e9 de phares qui peuvent \u00eatre command\u00e9s par les commandes du moteur puis aliment\u00e9s par le ebike lui-m\u00eame, cela signifie que la sortie de lumi\u00e8re est utilis\u00e9e pour connecter les feux. Pour obtenir une sortie parall\u00e8le suppl\u00e9mentaire pour la connexion et le fonctionnement de l&#8217;appareil FURIOUS feux on \/ off, le c\u00e2ble s\u00e9parateur en Y doit \u00eatre install\u00e9, ce qui permet d&#8217;obtenir une sortie suppl\u00e9mentaire.<\/p>\n<p>L&#8217;installation est tr\u00e8s simple, il suffit de d\u00e9connecter le connecteur entre le moteur et les phares et de brancher le c\u00e2ble en Y.<\/p>\n","protected":false},"featured_media":118299,"comment_status":"closed","ping_status":"closed","template":"","meta":{"_acf_changed":false},"product_brand":[],"product_cat":[88,104,698,26,42,45],"product_tag":[],"class_list":{"0":"post-7005","1":"product","2":"type-product","3":"status-publish","4":"has-post-thumbnail","6":"product_cat-for-giant-fr","7":"product_cat-for-ananda-fr","8":"product_cat-autres-marques-avec-moteur-yamaha","9":"product_cat-for-yamaha-fr","10":"product_cat-for-bafang-fr","11":"product_cat-for-olieds-am80-fr","13":"first","14":"instock","15":"taxable","16":"shipping-taxable","17":"purchasable","18":"product-type-variable"},"acf":[],"yoast_head":"<!-- This site is optimized with the Yoast SEO plugin v27.3 - https:\/\/yoast.com\/product\/yoast-seo-wordpress\/ -->\n<title>C\u00e2ble r\u00e9partiteur en Y pour sortie de lumi\u00e8re ebike - SpeedFun tuning ebike<\/title>\n<meta name=\"description\" content=\"Obtenez une deuxi\u00e8me sortie lumineuse sur votre v\u00e9lo \u00e9lectrique avec SpeedFun, vous pouvez connecter une lumi\u00e8re ou un r\u00e9glage. Exp\u00e9dition express en Italie et en Europe.\" \/>\n<meta name=\"robots\" content=\"index, follow, max-snippet:-1, max-image-preview:large, max-video-preview:-1\" \/>\n<link rel=\"canonical\" href=\"https:\/\/speedfun.bike\/fr\/produit\/cable-separateur-y\/\" \/>\n<meta property=\"og:locale\" content=\"fr_FR\" \/>\n<meta property=\"og:type\" content=\"article\" \/>\n<meta property=\"og:title\" content=\"C\u00e2ble r\u00e9partiteur en Y pour sortie de lumi\u00e8re ebike - SpeedFun tuning ebike\" \/>\n<meta property=\"og:description\" content=\"Obtenez une deuxi\u00e8me sortie lumineuse sur votre v\u00e9lo \u00e9lectrique avec SpeedFun, vous pouvez connecter une lumi\u00e8re ou un r\u00e9glage. Exp\u00e9dition express en Italie et en Europe.\" \/>\n<meta property=\"og:url\" content=\"https:\/\/speedfun.bike\/fr\/produit\/cable-separateur-y\/\" \/>\n<meta property=\"og:site_name\" content=\"Speed Fun\" \/>\n<meta property=\"article:modified_time\" content=\"2025-06-23T06:57:46+00:00\" \/>\n<meta property=\"og:image\" content=\"https:\/\/speedfun.bike\/wp-content\/uploads\/2019\/06\/Cavo-a-y-scaled.jpg\" \/>\n\t<meta property=\"og:image:width\" content=\"2560\" \/>\n\t<meta property=\"og:image:height\" content=\"2049\" \/>\n\t<meta property=\"og:image:type\" content=\"image\/jpeg\" \/>\n<meta name=\"twitter:card\" content=\"summary_large_image\" \/>\n<meta name=\"twitter:label1\" content=\"Est. reading time\" \/>\n\t<meta name=\"twitter:data1\" content=\"1 minute\" \/>\n<script type=\"application\/ld+json\" class=\"yoast-schema-graph\">{\"@context\":\"https:\\\/\\\/schema.org\",\"@graph\":[{\"@type\":\"WebPage\",\"@id\":\"https:\\\/\\\/speedfun.bike\\\/fr\\\/produit\\\/cable-separateur-y\\\/\",\"url\":\"https:\\\/\\\/speedfun.bike\\\/fr\\\/produit\\\/cable-separateur-y\\\/\",\"name\":\"C\u00e2ble r\u00e9partiteur en Y pour sortie de lumi\u00e8re ebike - SpeedFun tuning ebike\",\"isPartOf\":{\"@id\":\"https:\\\/\\\/speedfun.bike\\\/#website\"},\"primaryImageOfPage\":{\"@id\":\"https:\\\/\\\/speedfun.bike\\\/fr\\\/produit\\\/cable-separateur-y\\\/#primaryimage\"},\"image\":{\"@id\":\"https:\\\/\\\/speedfun.bike\\\/fr\\\/produit\\\/cable-separateur-y\\\/#primaryimage\"},\"thumbnailUrl\":\"https:\\\/\\\/www.speedfun.bike\\\/wp-content\\\/uploads\\\/2019\\\/06\\\/Cavo-a-y-scaled.jpg\",\"datePublished\":\"2017-11-01T09:24:44+00:00\",\"dateModified\":\"2025-06-23T06:57:46+00:00\",\"description\":\"Obtenez une deuxi\u00e8me sortie lumineuse sur votre v\u00e9lo \u00e9lectrique avec SpeedFun, vous pouvez connecter une lumi\u00e8re ou un r\u00e9glage. Exp\u00e9dition express en Italie et en Europe.\",\"breadcrumb\":{\"@id\":\"https:\\\/\\\/speedfun.bike\\\/fr\\\/produit\\\/cable-separateur-y\\\/#breadcrumb\"},\"inLanguage\":\"fr-FR\",\"potentialAction\":[{\"@type\":\"ReadAction\",\"target\":[\"https:\\\/\\\/speedfun.bike\\\/fr\\\/produit\\\/cable-separateur-y\\\/\"]}]},{\"@type\":\"ImageObject\",\"inLanguage\":\"fr-FR\",\"@id\":\"https:\\\/\\\/speedfun.bike\\\/fr\\\/produit\\\/cable-separateur-y\\\/#primaryimage\",\"url\":\"https:\\\/\\\/www.speedfun.bike\\\/wp-content\\\/uploads\\\/2019\\\/06\\\/Cavo-a-y-scaled.jpg\",\"contentUrl\":\"https:\\\/\\\/www.speedfun.bike\\\/wp-content\\\/uploads\\\/2019\\\/06\\\/Cavo-a-y-scaled.jpg\",\"width\":2560,\"height\":2049},{\"@type\":\"BreadcrumbList\",\"@id\":\"https:\\\/\\\/speedfun.bike\\\/fr\\\/produit\\\/cable-separateur-y\\\/#breadcrumb\",\"itemListElement\":[{\"@type\":\"ListItem\",\"position\":1,\"name\":\"Home\",\"item\":\"https:\\\/\\\/speedfun.bike\\\/fr\\\/\"},{\"@type\":\"ListItem\",\"position\":2,\"name\":\"Boutique\",\"item\":\"https:\\\/\\\/speedfun.bike\\\/fr\\\/boutique\\\/\"},{\"@type\":\"ListItem\",\"position\":3,\"name\":\"C\u00e2ble s\u00e9parateur &#8220;Y&#8221;\"}]},{\"@type\":\"WebSite\",\"@id\":\"https:\\\/\\\/speedfun.bike\\\/#website\",\"url\":\"https:\\\/\\\/speedfun.bike\\\/\",\"name\":\"Speed Fun\",\"description\":\"Sblocco velocit\u00e0 bici elettriche\",\"potentialAction\":[{\"@type\":\"SearchAction\",\"target\":{\"@type\":\"EntryPoint\",\"urlTemplate\":\"https:\\\/\\\/speedfun.bike\\\/?s={search_term_string}\"},\"query-input\":{\"@type\":\"PropertyValueSpecification\",\"valueRequired\":true,\"valueName\":\"search_term_string\"}}],\"inLanguage\":\"fr-FR\"}]}<\/script>\n<!-- \/ Yoast SEO plugin. -->","yoast_head_json":{"title":"C\u00e2ble r\u00e9partiteur en Y pour sortie de lumi\u00e8re ebike - SpeedFun tuning ebike","description":"Obtenez une deuxi\u00e8me sortie lumineuse sur votre v\u00e9lo \u00e9lectrique avec SpeedFun, vous pouvez connecter une lumi\u00e8re ou un r\u00e9glage. Exp\u00e9dition express en Italie et en Europe.","robots":{"index":"index","follow":"follow","max-snippet":"max-snippet:-1","max-image-preview":"max-image-preview:large","max-video-preview":"max-video-preview:-1"},"canonical":"https:\/\/speedfun.bike\/fr\/produit\/cable-separateur-y\/","og_locale":"fr_FR","og_type":"article","og_title":"C\u00e2ble r\u00e9partiteur en Y pour sortie de lumi\u00e8re ebike - SpeedFun tuning ebike","og_description":"Obtenez une deuxi\u00e8me sortie lumineuse sur votre v\u00e9lo \u00e9lectrique avec SpeedFun, vous pouvez connecter une lumi\u00e8re ou un r\u00e9glage. Exp\u00e9dition express en Italie et en Europe.","og_url":"https:\/\/speedfun.bike\/fr\/produit\/cable-separateur-y\/","og_site_name":"Speed Fun","article_modified_time":"2025-06-23T06:57:46+00:00","og_image":[{"width":2560,"height":2049,"url":"https:\/\/speedfun.bike\/wp-content\/uploads\/2019\/06\/Cavo-a-y-scaled.jpg","type":"image\/jpeg"}],"twitter_card":"summary_large_image","twitter_misc":{"Est. reading time":"1 minute"},"schema":{"@context":"https:\/\/schema.org","@graph":[{"@type":"WebPage","@id":"https:\/\/speedfun.bike\/fr\/produit\/cable-separateur-y\/","url":"https:\/\/speedfun.bike\/fr\/produit\/cable-separateur-y\/","name":"C\u00e2ble r\u00e9partiteur en Y pour sortie de lumi\u00e8re ebike - SpeedFun tuning ebike","isPartOf":{"@id":"https:\/\/speedfun.bike\/#website"},"primaryImageOfPage":{"@id":"https:\/\/speedfun.bike\/fr\/produit\/cable-separateur-y\/#primaryimage"},"image":{"@id":"https:\/\/speedfun.bike\/fr\/produit\/cable-separateur-y\/#primaryimage"},"thumbnailUrl":"https:\/\/www.speedfun.bike\/wp-content\/uploads\/2019\/06\/Cavo-a-y-scaled.jpg","datePublished":"2017-11-01T09:24:44+00:00","dateModified":"2025-06-23T06:57:46+00:00","description":"Obtenez une deuxi\u00e8me sortie lumineuse sur votre v\u00e9lo \u00e9lectrique avec SpeedFun, vous pouvez connecter une lumi\u00e8re ou un r\u00e9glage. Exp\u00e9dition express en Italie et en Europe.","breadcrumb":{"@id":"https:\/\/speedfun.bike\/fr\/produit\/cable-separateur-y\/#breadcrumb"},"inLanguage":"fr-FR","potentialAction":[{"@type":"ReadAction","target":["https:\/\/speedfun.bike\/fr\/produit\/cable-separateur-y\/"]}]},{"@type":"ImageObject","inLanguage":"fr-FR","@id":"https:\/\/speedfun.bike\/fr\/produit\/cable-separateur-y\/#primaryimage","url":"https:\/\/www.speedfun.bike\/wp-content\/uploads\/2019\/06\/Cavo-a-y-scaled.jpg","contentUrl":"https:\/\/www.speedfun.bike\/wp-content\/uploads\/2019\/06\/Cavo-a-y-scaled.jpg","width":2560,"height":2049},{"@type":"BreadcrumbList","@id":"https:\/\/speedfun.bike\/fr\/produit\/cable-separateur-y\/#breadcrumb","itemListElement":[{"@type":"ListItem","position":1,"name":"Home","item":"https:\/\/speedfun.bike\/fr\/"},{"@type":"ListItem","position":2,"name":"Boutique","item":"https:\/\/speedfun.bike\/fr\/boutique\/"},{"@type":"ListItem","position":3,"name":"C\u00e2ble s\u00e9parateur &#8220;Y&#8221;"}]},{"@type":"WebSite","@id":"https:\/\/speedfun.bike\/#website","url":"https:\/\/speedfun.bike\/","name":"Speed Fun","description":"Sblocco velocit\u00e0 bici elettriche","potentialAction":[{"@type":"SearchAction","target":{"@type":"EntryPoint","urlTemplate":"https:\/\/speedfun.bike\/?s={search_term_string}"},"query-input":{"@type":"PropertyValueSpecification","valueRequired":true,"valueName":"search_term_string"}}],"inLanguage":"fr-FR"}]}},"_links":{"self":[{"href":"https:\/\/www.speedfun.bike\/fr\/wp-json\/wp\/v2\/product\/7005","targetHints":{"allow":["GET"]}}],"collection":[{"href":"https:\/\/www.speedfun.bike\/fr\/wp-json\/wp\/v2\/product"}],"about":[{"href":"https:\/\/www.speedfun.bike\/fr\/wp-json\/wp\/v2\/types\/product"}],"replies":[{"embeddable":true,"href":"https:\/\/www.speedfun.bike\/fr\/wp-json\/wp\/v2\/comments?post=7005"}],"wp:featuredmedia":[{"embeddable":true,"href":"https:\/\/www.speedfun.bike\/fr\/wp-json\/wp\/v2\/media\/118299"}],"wp:attachment":[{"href":"https:\/\/www.speedfun.bike\/fr\/wp-json\/wp\/v2\/media?parent=7005"}],"wp:term":[{"taxonomy":"product_brand","embeddable":true,"href":"https:\/\/www.speedfun.bike\/fr\/wp-json\/wp\/v2\/product_brand?post=7005"},{"taxonomy":"product_cat","embeddable":true,"href":"https:\/\/www.speedfun.bike\/fr\/wp-json\/wp\/v2\/product_cat?post=7005"},{"taxonomy":"product_tag","embeddable":true,"href":"https:\/\/www.speedfun.bike\/fr\/wp-json\/wp\/v2\/product_tag?post=7005"}],"curies":[{"name":"wp","href":"https:\/\/api.w.org\/{rel}","templated":true}]}}