{"id":4547,"date":"2017-12-20T13:48:33","date_gmt":"2017-12-20T12:48:33","guid":{"rendered":"https:\/\/speedfun.bike\/prodotto\/speedup-furious-pour-rocky-mountain\/"},"modified":"2024-09-03T09:35:23","modified_gmt":"2024-09-03T08:35:23","slug":"speedup-furious-pour-rocky-mountain","status":"publish","type":"product","link":"https:\/\/www.speedfun.bike\/fr\/produit\/speedup-furious-pour-rocky-mountain\/","title":{"rendered":"SpeedFun Furious Evo pour Rocky Mountain et Altitude Powerplay"},"content":{"rendered":"<div class=\"wpb-content-wrapper\"><p>[vc_row][vc_column width=&#8221;1\/1&#8243;][vc_column_text]<\/p>\n<h2>Qu&#8217;est-ce que le r\u00e9glage du v\u00e9lo \u00e9lectrique Rocky Mountain SpeedFun Furious Evo ?<\/h2>\n<p><strong>La fonction du dispositif tuning Furious Evo pour Rocky Mountain et Altitude Powerplay\u00a0<\/strong>est de manipuler \u00e9lectroniquement la vitesse de rotation de la roue arri\u00e8re et de communiquer au moteur une vitesse toujours inf\u00e9rieure \u00e0 25 KmH afin d&#8217;obtenir une vitesse r\u00e9elle avec un moteur actif tr\u00e8s \u00e9lev\u00e9. La limite de vitesse maximale sera donc dict\u00e9e par la puissance du moteur ajout\u00e9e \u00e0 la puissance exprim\u00e9e par les jambes (<a href=\"https:\/\/speedfun.bike\/wp-content\/uploads\/2019\/06\/ebike-non-va-a-50-kmh.pdf\">info<\/a>).<\/p>\n<p>Lorsque le dispositif de r\u00e9glage est actif, n&#8217;ayant aucune communication avec l&#8217;\u00e9cran, il affichera les donn\u00e9es r\u00e9duites de moiti\u00e9 sur l&#8217;\u00e9cran \u00e0 partir d&#8217;un certain seuil.<\/p>\n<p>Speedup Furious Evo peut \u00eatre activ\u00e9 et d\u00e9sactiv\u00e9 \u00e0 volont\u00e9 et maintient le r\u00e9glage m\u00eame apr\u00e8s que le v\u00e9lo \u00e9lectrique est \u00e9teint. Il peut \u00eatre install\u00e9 sur ebike avec moteur Rocky Mountain principalement mont\u00e9s sur ebike \u00a0Altitude Powerplay,\u00a0Growler Powerplay et Instinct\u00a0Powerplay quel que soit le type d&#8217;affichage ou de contr\u00f4le lat\u00e9ral du v\u00e9lo \u00e9lectrique.<\/p>\n<p>Le dispositif de r\u00e9glage Furiosu Evo pour Rocky Mountain peut \u00eatre activ\u00e9\/d\u00e9sactiv\u00e9 avec un syst\u00e8me tr\u00e8s pratique (pour plus d&#8217;informations voir les instructions <a href=\"https:\/\/speedfun.bike\/wp-content\/uploads\/2021\/07\/Speedfun-Furious-Evo-Istruzioni_compressed.pdf\">ici<\/a>) et ne n\u00e9cessite pas l&#8217;activation de la sortie lumi\u00e8re du moteur. L&#8217;appareil est fourni plug and go pr\u00eat \u00e0 l&#8217;emploi, il s&#8217;installe de mani\u00e8re tr\u00e8s simple gr\u00e2ce aux connecteurs d&#8217;origine avec lesquels aucune modification physique du v\u00e9lo \u00e9lectrique n&#8217;est n\u00e9cessaire.<\/p>\n<p>&nbsp;<\/p>\n<h2>V\u00e9lo \u00e9lectrique avec moteur\u00a0<strong>Rocky Mountain\u00a0<\/strong>o\u00f9 l&#8217;appareil Furious Evo a \u00e9t\u00e9 install\u00e9 avec succ\u00e8s<\/h2>\n<p>(cette liste est illustrative et non exhaustive)[\/vc_column_text][vc_row_inner][vc_column_inner width=&#8221;1\/3&#8243;][vc_column_text]<\/p>\n<p>&#8211; Altitude Powerplay<br \/>\n&#8211; Instinct Powerplay BC Edition<\/p>\n<p>[\/vc_column_text][\/vc_column_inner][vc_column_inner width=&#8221;1\/3&#8243;][vc_column_text]- Growler Powerplay[\/vc_column_text][\/vc_column_inner][vc_column_inner width=&#8221;1\/3&#8243;][vc_column_text]- Instinct\u00a0Powerplay[\/vc_column_text][\/vc_column_inner][\/vc_row_inner][\/vc_column][\/vc_row]<\/p>\n<\/div>","protected":false},"excerpt":{"rendered":"<p>SpeedFun Furious Evo est un r\u00e9glage de v\u00e9lo \u00e9lectrique qui vous permet de supprimer le bloc de vitesse de 25 kmH en exploitant pleinement le potentiel du moteur Rocky Mountain.<\/p>\n<p>Ce dispositif de r\u00e9glage de v\u00e9lo \u00e9lectrique est sp\u00e9cialement con\u00e7u pour d\u00e9verrouiller la vitesse du moteur Rocky Mountain mont\u00e9 principalement sur le v\u00e9lo \u00e9lectrique Altitude Powerplay, Growler Powerplay, Instinct Powerplay et Instinct Powerplay BC Edition.<\/p>\n<p>Tous les dispositifs de d\u00e9clenchement rapide SpeedFun Furious Evo peuvent \u00eatre activ\u00e9s et d\u00e9sactiv\u00e9s \u00e0 tout moment et sans avoir besoin de connexions \u00e0 la sortie lumineuse.<\/p>\n","protected":false},"featured_media":78495,"comment_status":"closed","ping_status":"closed","template":"","meta":{"_acf_changed":false},"product_brand":[],"product_cat":[46,273],"product_tag":[],"class_list":{"0":"post-4547","1":"product","2":"type-product","3":"status-publish","4":"has-post-thumbnail","6":"product_cat-for-rocky-mountain-fr","7":"product_cat-furious-fr","8":"product_shipping_class-armadi-fr","10":"first","11":"instock","12":"taxable","13":"shipping-taxable","14":"purchasable","15":"product-type-simple"},"acf":[],"yoast_head":"<!-- This site is optimized with the Yoast SEO plugin v27.3 - https:\/\/yoast.com\/product\/yoast-seo-wordpress\/ -->\n<title>SpeedFun Furious Evo tuning ebike Rocky Mountain Powerplay<\/title>\n<meta name=\"description\" content=\"SpeedFun Furious Evo est un r\u00e9glage de v\u00e9lo \u00e9lectrique sp\u00e9cialement con\u00e7u pour d\u00e9bloquer la vitesse de plus de 25 km\/h des moteurs Rocky Mountain mont\u00e9s sur Altitude Powerplay, Growler Powerplay, Instinct Powerplay et Instinct Powerplay BC Edition. Peut \u00eatre activ\u00e9\/d\u00e9sactiv\u00e9 \u00e0 tout moment, plug and go avec les connecteurs d&#039;origine.\" \/>\n<meta name=\"robots\" content=\"index, follow, max-snippet:-1, max-image-preview:large, max-video-preview:-1\" \/>\n<link rel=\"canonical\" href=\"https:\/\/www.speedfun.bike\/fr\/produit\/speedup-furious-pour-rocky-mountain\/\" \/>\n<meta property=\"og:locale\" content=\"fr_FR\" \/>\n<meta property=\"og:type\" content=\"article\" \/>\n<meta property=\"og:title\" content=\"SpeedFun Furious Evo tuning ebike Rocky Mountain Powerplay\" \/>\n<meta property=\"og:description\" content=\"SpeedFun Furious Evo est un r\u00e9glage de v\u00e9lo \u00e9lectrique sp\u00e9cialement con\u00e7u pour d\u00e9bloquer la vitesse de plus de 25 km\/h des moteurs Rocky Mountain mont\u00e9s sur Altitude Powerplay, Growler Powerplay, Instinct Powerplay et Instinct Powerplay BC Edition. Peut \u00eatre activ\u00e9\/d\u00e9sactiv\u00e9 \u00e0 tout moment, plug and go avec les connecteurs d&#039;origine.\" \/>\n<meta property=\"og:url\" content=\"https:\/\/www.speedfun.bike\/fr\/produit\/speedup-furious-pour-rocky-mountain\/\" \/>\n<meta property=\"og:site_name\" content=\"Speed Fun\" \/>\n<meta property=\"article:modified_time\" content=\"2024-09-03T08:35:23+00:00\" \/>\n<meta property=\"og:image\" content=\"https:\/\/www.speedfun.bike\/wp-content\/uploads\/2021\/07\/Furious-Evo-Rocky-Mountain-1-1.png\" \/>\n\t<meta property=\"og:image:width\" content=\"2745\" \/>\n\t<meta property=\"og:image:height\" content=\"2197\" \/>\n\t<meta property=\"og:image:type\" content=\"image\/png\" \/>\n<meta name=\"twitter:card\" content=\"summary_large_image\" \/>\n<meta name=\"twitter:label1\" content=\"Est. reading time\" \/>\n\t<meta name=\"twitter:data1\" content=\"2 minutes\" \/>\n<script type=\"application\/ld+json\" class=\"yoast-schema-graph\">{\"@context\":\"https:\\\/\\\/schema.org\",\"@graph\":[{\"@type\":\"WebPage\",\"@id\":\"https:\\\/\\\/www.speedfun.bike\\\/fr\\\/produit\\\/speedup-furious-pour-rocky-mountain\\\/\",\"url\":\"https:\\\/\\\/www.speedfun.bike\\\/fr\\\/produit\\\/speedup-furious-pour-rocky-mountain\\\/\",\"name\":\"SpeedFun Furious Evo tuning ebike Rocky Mountain Powerplay\",\"isPartOf\":{\"@id\":\"https:\\\/\\\/speedfun.bike\\\/#website\"},\"primaryImageOfPage\":{\"@id\":\"https:\\\/\\\/www.speedfun.bike\\\/fr\\\/produit\\\/speedup-furious-pour-rocky-mountain\\\/#primaryimage\"},\"image\":{\"@id\":\"https:\\\/\\\/www.speedfun.bike\\\/fr\\\/produit\\\/speedup-furious-pour-rocky-mountain\\\/#primaryimage\"},\"thumbnailUrl\":\"https:\\\/\\\/www.speedfun.bike\\\/wp-content\\\/uploads\\\/2021\\\/07\\\/Furious-Evo-Rocky-Mountain-1-1.png\",\"datePublished\":\"2017-12-20T12:48:33+00:00\",\"dateModified\":\"2024-09-03T08:35:23+00:00\",\"description\":\"SpeedFun Furious Evo est un r\u00e9glage de v\u00e9lo \u00e9lectrique sp\u00e9cialement con\u00e7u pour d\u00e9bloquer la vitesse de plus de 25 km\\\/h des moteurs Rocky Mountain mont\u00e9s sur Altitude Powerplay, Growler Powerplay, Instinct Powerplay et Instinct Powerplay BC Edition. Peut \u00eatre activ\u00e9\\\/d\u00e9sactiv\u00e9 \u00e0 tout moment, plug and go avec les connecteurs d'origine.\",\"breadcrumb\":{\"@id\":\"https:\\\/\\\/www.speedfun.bike\\\/fr\\\/produit\\\/speedup-furious-pour-rocky-mountain\\\/#breadcrumb\"},\"inLanguage\":\"fr-FR\",\"potentialAction\":[{\"@type\":\"ReadAction\",\"target\":[\"https:\\\/\\\/www.speedfun.bike\\\/fr\\\/produit\\\/speedup-furious-pour-rocky-mountain\\\/\"]}]},{\"@type\":\"ImageObject\",\"inLanguage\":\"fr-FR\",\"@id\":\"https:\\\/\\\/www.speedfun.bike\\\/fr\\\/produit\\\/speedup-furious-pour-rocky-mountain\\\/#primaryimage\",\"url\":\"https:\\\/\\\/www.speedfun.bike\\\/wp-content\\\/uploads\\\/2021\\\/07\\\/Furious-Evo-Rocky-Mountain-1-1.png\",\"contentUrl\":\"https:\\\/\\\/www.speedfun.bike\\\/wp-content\\\/uploads\\\/2021\\\/07\\\/Furious-Evo-Rocky-Mountain-1-1.png\",\"width\":2745,\"height\":2197,\"caption\":\"Tuning pour les moteurs Rocky Mountain. Ce dispositif de d\u00e9verrouillage supprime la limite de 25 km\\\/h d'Altitude Powerplay, Growler Powerplay, Instinct Powerplay et Instinct Powerplay BC Edition.\"},{\"@type\":\"BreadcrumbList\",\"@id\":\"https:\\\/\\\/www.speedfun.bike\\\/fr\\\/produit\\\/speedup-furious-pour-rocky-mountain\\\/#breadcrumb\",\"itemListElement\":[{\"@type\":\"ListItem\",\"position\":1,\"name\":\"Home\",\"item\":\"https:\\\/\\\/speedfun.bike\\\/fr\\\/\"},{\"@type\":\"ListItem\",\"position\":2,\"name\":\"Boutique\",\"item\":\"https:\\\/\\\/speedfun.bike\\\/fr\\\/boutique\\\/\"},{\"@type\":\"ListItem\",\"position\":3,\"name\":\"SpeedFun Furious Evo pour Rocky Mountain et Altitude Powerplay\"}]},{\"@type\":\"WebSite\",\"@id\":\"https:\\\/\\\/speedfun.bike\\\/#website\",\"url\":\"https:\\\/\\\/speedfun.bike\\\/\",\"name\":\"Speed Fun\",\"description\":\"Sblocco velocit\u00e0 bici elettriche\",\"potentialAction\":[{\"@type\":\"SearchAction\",\"target\":{\"@type\":\"EntryPoint\",\"urlTemplate\":\"https:\\\/\\\/speedfun.bike\\\/?s={search_term_string}\"},\"query-input\":{\"@type\":\"PropertyValueSpecification\",\"valueRequired\":true,\"valueName\":\"search_term_string\"}}],\"inLanguage\":\"fr-FR\"}]}<\/script>\n<!-- \/ Yoast SEO plugin. -->","yoast_head_json":{"title":"SpeedFun Furious Evo tuning ebike Rocky Mountain Powerplay","description":"SpeedFun Furious Evo est un r\u00e9glage de v\u00e9lo \u00e9lectrique sp\u00e9cialement con\u00e7u pour d\u00e9bloquer la vitesse de plus de 25 km\/h des moteurs Rocky Mountain mont\u00e9s sur Altitude Powerplay, Growler Powerplay, Instinct Powerplay et Instinct Powerplay BC Edition. Peut \u00eatre activ\u00e9\/d\u00e9sactiv\u00e9 \u00e0 tout moment, plug and go avec les connecteurs d'origine.","robots":{"index":"index","follow":"follow","max-snippet":"max-snippet:-1","max-image-preview":"max-image-preview:large","max-video-preview":"max-video-preview:-1"},"canonical":"https:\/\/www.speedfun.bike\/fr\/produit\/speedup-furious-pour-rocky-mountain\/","og_locale":"fr_FR","og_type":"article","og_title":"SpeedFun Furious Evo tuning ebike Rocky Mountain Powerplay","og_description":"SpeedFun Furious Evo est un r\u00e9glage de v\u00e9lo \u00e9lectrique sp\u00e9cialement con\u00e7u pour d\u00e9bloquer la vitesse de plus de 25 km\/h des moteurs Rocky Mountain mont\u00e9s sur Altitude Powerplay, Growler Powerplay, Instinct Powerplay et Instinct Powerplay BC Edition. Peut \u00eatre activ\u00e9\/d\u00e9sactiv\u00e9 \u00e0 tout moment, plug and go avec les connecteurs d'origine.","og_url":"https:\/\/www.speedfun.bike\/fr\/produit\/speedup-furious-pour-rocky-mountain\/","og_site_name":"Speed Fun","article_modified_time":"2024-09-03T08:35:23+00:00","og_image":[{"width":2745,"height":2197,"url":"https:\/\/www.speedfun.bike\/wp-content\/uploads\/2021\/07\/Furious-Evo-Rocky-Mountain-1-1.png","type":"image\/png"}],"twitter_card":"summary_large_image","twitter_misc":{"Est. reading time":"2 minutes"},"schema":{"@context":"https:\/\/schema.org","@graph":[{"@type":"WebPage","@id":"https:\/\/www.speedfun.bike\/fr\/produit\/speedup-furious-pour-rocky-mountain\/","url":"https:\/\/www.speedfun.bike\/fr\/produit\/speedup-furious-pour-rocky-mountain\/","name":"SpeedFun Furious Evo tuning ebike Rocky Mountain Powerplay","isPartOf":{"@id":"https:\/\/speedfun.bike\/#website"},"primaryImageOfPage":{"@id":"https:\/\/www.speedfun.bike\/fr\/produit\/speedup-furious-pour-rocky-mountain\/#primaryimage"},"image":{"@id":"https:\/\/www.speedfun.bike\/fr\/produit\/speedup-furious-pour-rocky-mountain\/#primaryimage"},"thumbnailUrl":"https:\/\/www.speedfun.bike\/wp-content\/uploads\/2021\/07\/Furious-Evo-Rocky-Mountain-1-1.png","datePublished":"2017-12-20T12:48:33+00:00","dateModified":"2024-09-03T08:35:23+00:00","description":"SpeedFun Furious Evo est un r\u00e9glage de v\u00e9lo \u00e9lectrique sp\u00e9cialement con\u00e7u pour d\u00e9bloquer la vitesse de plus de 25 km\/h des moteurs Rocky Mountain mont\u00e9s sur Altitude Powerplay, Growler Powerplay, Instinct Powerplay et Instinct Powerplay BC Edition. Peut \u00eatre activ\u00e9\/d\u00e9sactiv\u00e9 \u00e0 tout moment, plug and go avec les connecteurs d'origine.","breadcrumb":{"@id":"https:\/\/www.speedfun.bike\/fr\/produit\/speedup-furious-pour-rocky-mountain\/#breadcrumb"},"inLanguage":"fr-FR","potentialAction":[{"@type":"ReadAction","target":["https:\/\/www.speedfun.bike\/fr\/produit\/speedup-furious-pour-rocky-mountain\/"]}]},{"@type":"ImageObject","inLanguage":"fr-FR","@id":"https:\/\/www.speedfun.bike\/fr\/produit\/speedup-furious-pour-rocky-mountain\/#primaryimage","url":"https:\/\/www.speedfun.bike\/wp-content\/uploads\/2021\/07\/Furious-Evo-Rocky-Mountain-1-1.png","contentUrl":"https:\/\/www.speedfun.bike\/wp-content\/uploads\/2021\/07\/Furious-Evo-Rocky-Mountain-1-1.png","width":2745,"height":2197,"caption":"Tuning pour les moteurs Rocky Mountain. Ce dispositif de d\u00e9verrouillage supprime la limite de 25 km\/h d'Altitude Powerplay, Growler Powerplay, Instinct Powerplay et Instinct Powerplay BC Edition."},{"@type":"BreadcrumbList","@id":"https:\/\/www.speedfun.bike\/fr\/produit\/speedup-furious-pour-rocky-mountain\/#breadcrumb","itemListElement":[{"@type":"ListItem","position":1,"name":"Home","item":"https:\/\/speedfun.bike\/fr\/"},{"@type":"ListItem","position":2,"name":"Boutique","item":"https:\/\/speedfun.bike\/fr\/boutique\/"},{"@type":"ListItem","position":3,"name":"SpeedFun Furious Evo pour Rocky Mountain et Altitude Powerplay"}]},{"@type":"WebSite","@id":"https:\/\/speedfun.bike\/#website","url":"https:\/\/speedfun.bike\/","name":"Speed Fun","description":"Sblocco velocit\u00e0 bici elettriche","potentialAction":[{"@type":"SearchAction","target":{"@type":"EntryPoint","urlTemplate":"https:\/\/speedfun.bike\/?s={search_term_string}"},"query-input":{"@type":"PropertyValueSpecification","valueRequired":true,"valueName":"search_term_string"}}],"inLanguage":"fr-FR"}]}},"_links":{"self":[{"href":"https:\/\/www.speedfun.bike\/fr\/wp-json\/wp\/v2\/product\/4547","targetHints":{"allow":["GET"]}}],"collection":[{"href":"https:\/\/www.speedfun.bike\/fr\/wp-json\/wp\/v2\/product"}],"about":[{"href":"https:\/\/www.speedfun.bike\/fr\/wp-json\/wp\/v2\/types\/product"}],"replies":[{"embeddable":true,"href":"https:\/\/www.speedfun.bike\/fr\/wp-json\/wp\/v2\/comments?post=4547"}],"wp:featuredmedia":[{"embeddable":true,"href":"https:\/\/www.speedfun.bike\/fr\/wp-json\/wp\/v2\/media\/78495"}],"wp:attachment":[{"href":"https:\/\/www.speedfun.bike\/fr\/wp-json\/wp\/v2\/media?parent=4547"}],"wp:term":[{"taxonomy":"product_brand","embeddable":true,"href":"https:\/\/www.speedfun.bike\/fr\/wp-json\/wp\/v2\/product_brand?post=4547"},{"taxonomy":"product_cat","embeddable":true,"href":"https:\/\/www.speedfun.bike\/fr\/wp-json\/wp\/v2\/product_cat?post=4547"},{"taxonomy":"product_tag","embeddable":true,"href":"https:\/\/www.speedfun.bike\/fr\/wp-json\/wp\/v2\/product_tag?post=4547"}],"curies":[{"name":"wp","href":"https:\/\/api.w.org\/{rel}","templated":true}]}}