{"id":4514,"date":"2021-07-02T11:30:50","date_gmt":"2021-07-02T10:30:50","guid":{"rendered":"https:\/\/speedfun.bike\/prodotto\/speedup-furious-pour-shimano-e6000-8000\/"},"modified":"2025-09-02T15:24:24","modified_gmt":"2025-09-02T14:24:24","slug":"speedfun-furious-evo-pour-shimano-steps-e8000-e7000-et","status":"publish","type":"product","link":"https:\/\/www.speedfun.bike\/fr\/produit\/speedfun-furious-evo-pour-shimano-steps-e8000-e7000-et\/","title":{"rendered":"SpeedFun Furious Evo pour Shimano Steps E8000 E7000 et&#8230;"},"content":{"rendered":"<div class=\"wpb-content-wrapper\"><p>[vc_row][vc_column width=&#8221;1\/1&#8243;][vc_column_text uncode_shortcode_id=&#8221;262685&#8243;]<\/p>\n<h2>Qu&#8217;est-ce que le r\u00e9glage Shimano SpeedFun Furious Evo ?<\/h2>\n<p><strong>La fonction du dispositif de r\u00e9glage Furious Evo<\/strong> est de manipuler \u00e9lectroniquement la vitesse de rotation de la roue arri\u00e8re et de communiquer au moteur une vitesse toujours inf\u00e9rieure \u00e0 25 KmH afin d&#8217;obtenir une vitesse r\u00e9elle tr\u00e8s \u00e9lev\u00e9e avec le moteur actif. La limite de vitesse maximale sera donc dict\u00e9e par la puissance du moteur ajout\u00e9e \u00e0 la puissance exprim\u00e9e par les jambes (<a href=\"https:\/\/speedfun.bike\/wp-content\/uploads\/2019\/06\/ebike-non-va-a-50-kmh.pdf\">info<\/a>).<\/p>\n<p>Lorsque le dispositif est actif, l&#8217;\u00e9cran affichera la vitesse exacte jusqu&#8217;au seuil d&#8217;environ 20 KmH, au-del\u00e0 duquel une vitesse manipul\u00e9e sera toujours affich\u00e9e en dessous de 25 KmH.<\/p>\n<p>SpeedFun Furious Evo peut \u00eatre activ\u00e9 et d\u00e9sactiv\u00e9 \u00e0 volont\u00e9 et maintient le r\u00e9glage m\u00eame apr\u00e8s l&#8217;arr\u00eat du v\u00e9lo \u00e9lectrique. Il peut \u00eatre install\u00e9 sur des v\u00e9los \u00e9lectriques avec n&#8217;importe quel type d&#8217;affichage ou de commande lat\u00e9rale ainsi que sur des v\u00e9los \u00e9lectriques sans \u00e9cran ou qui montent le module sans fil EW-EN100.<\/p>\n<p>La nouvelle technologie de ce module de r\u00e9glage pour Shimano ne n\u00e9cessite pas l&#8217;activation de la puissance lumineuse du moteur ou des interventions avec des diagnostics ou des applications. Il est fourni plug and go pr\u00eat \u00e0 l&#8217;emploi\u00a0il est tr\u00e8s simple \u00e0 installer gr\u00e2ce aux connecteurs avec lesquels aucune modification physique de l&#8217;ebike n&#8217;est n\u00e9cessaire.<\/p>\n<p><strong>VEUILLEZ NOTER:<\/strong> Ce r\u00e9glage n&#8217;est pas compatible avec les v\u00e9los \u00e9lectriques \u00e9quip\u00e9s d&#8217;un d\u00e9railleur \u00e9lectronique Shimano Di2.<br \/>\n[\/vc_column_text][\/vc_column][\/vc_row]<\/p>\n<\/div>","protected":false},"excerpt":{"rendered":"<p>SpeedFun Furious Evo est un tuning pour ebike avec moteur Shimano qui vous permet de supprimer le bloc de vitesse de 25 kmH en exploitant pleinement le potentiel du moteur Shimano Steps.<\/p>\n<p>Ce dispositif de d\u00e9verrouillage est sp\u00e9cialement con\u00e7u pour les moteurs Shimano Steps E5000 E6000 E6001 E6002 E6010 E6012 E6050 E6100 E7000 E8000 et E8080 avec d\u00e9railleur m\u00e9canique (no DI2).<\/p>\n<p>Tous les d\u00e9clencheurs rapides SpeedFun Furious Evo peuvent \u00eatre activ\u00e9s et d\u00e9sactiv\u00e9s \u00e0 tout moment et sans avoir besoin d&#8217;\u00eatre connect\u00e9s \u00e0 la sortie lumi\u00e8re.<\/p>\n","protected":false},"featured_media":124260,"comment_status":"closed","ping_status":"closed","template":"","meta":{"_acf_changed":false},"product_brand":[],"product_cat":[48,273],"product_tag":[],"class_list":{"0":"post-4514","1":"product","2":"type-product","3":"status-publish","4":"has-post-thumbnail","6":"product_cat-for-shimano-fr","7":"product_cat-furious-fr","9":"first","10":"instock","11":"taxable","12":"shipping-taxable","13":"purchasable","14":"product-type-simple"},"acf":[],"yoast_head":"<!-- This site is optimized with the Yoast SEO plugin v27.3 - https:\/\/yoast.com\/product\/yoast-seo-wordpress\/ -->\n<title>SpeedFun Furious Evo tuning pour Shimano Steps E8000 E7000 E6000<\/title>\n<meta name=\"description\" content=\"SpeedFun Furious Evo est un r\u00e9glage de v\u00e9lo \u00e9lectrique sp\u00e9cialement con\u00e7u pour d\u00e9bloquer la vitesse sup\u00e9rieure \u00e0 25 km\/h des moteurs Shimano Steps E5000 E6000 E6001 E6002 E6010 E6012 E6050 E6100 E7000 E8000 et E8080. Il peut \u00eatre activ\u00e9\/d\u00e9sactiv\u00e9 \u00e0 tout moment et peut \u00eatre install\u00e9 en quelques minutes gr\u00e2ce aux connecteurs d&#039;origine Shimano.\" \/>\n<meta name=\"robots\" content=\"index, follow, max-snippet:-1, max-image-preview:large, max-video-preview:-1\" \/>\n<link rel=\"canonical\" href=\"https:\/\/www.speedfun.bike\/fr\/produit\/speedfun-furious-evo-pour-shimano-steps-e8000-e7000-et\/\" \/>\n<meta property=\"og:locale\" content=\"fr_FR\" \/>\n<meta property=\"og:type\" content=\"article\" \/>\n<meta property=\"og:title\" content=\"SpeedFun Furious Evo tuning pour Shimano Steps E8000 E7000 E6000\" \/>\n<meta property=\"og:description\" content=\"SpeedFun Furious Evo est un r\u00e9glage de v\u00e9lo \u00e9lectrique sp\u00e9cialement con\u00e7u pour d\u00e9bloquer la vitesse sup\u00e9rieure \u00e0 25 km\/h des moteurs Shimano Steps E5000 E6000 E6001 E6002 E6010 E6012 E6050 E6100 E7000 E8000 et E8080. Il peut \u00eatre activ\u00e9\/d\u00e9sactiv\u00e9 \u00e0 tout moment et peut \u00eatre install\u00e9 en quelques minutes gr\u00e2ce aux connecteurs d&#039;origine Shimano.\" \/>\n<meta property=\"og:url\" content=\"https:\/\/www.speedfun.bike\/fr\/produit\/speedfun-furious-evo-pour-shimano-steps-e8000-e7000-et\/\" \/>\n<meta property=\"og:site_name\" content=\"Speed Fun\" \/>\n<meta property=\"article:modified_time\" content=\"2025-09-02T14:24:24+00:00\" \/>\n<meta property=\"og:image\" content=\"https:\/\/www.speedfun.bike\/wp-content\/uploads\/2024\/05\/SpeedFun-ebike-tuning-chip-kit-Furious-evo-for-Shimano-E5000-E6000-E7000-E8000_product_resized.png\" \/>\n\t<meta property=\"og:image:width\" content=\"2745\" \/>\n\t<meta property=\"og:image:height\" content=\"2197\" \/>\n\t<meta property=\"og:image:type\" content=\"image\/png\" \/>\n<meta name=\"twitter:card\" content=\"summary_large_image\" \/>\n<meta name=\"twitter:label1\" content=\"Est. reading time\" \/>\n\t<meta name=\"twitter:data1\" content=\"2 minutes\" \/>\n<script type=\"application\/ld+json\" class=\"yoast-schema-graph\">{\"@context\":\"https:\\\/\\\/schema.org\",\"@graph\":[{\"@type\":\"WebPage\",\"@id\":\"https:\\\/\\\/www.speedfun.bike\\\/fr\\\/produit\\\/speedfun-furious-evo-pour-shimano-steps-e8000-e7000-et\\\/\",\"url\":\"https:\\\/\\\/www.speedfun.bike\\\/fr\\\/produit\\\/speedfun-furious-evo-pour-shimano-steps-e8000-e7000-et\\\/\",\"name\":\"SpeedFun Furious Evo tuning pour Shimano Steps E8000 E7000 E6000\",\"isPartOf\":{\"@id\":\"https:\\\/\\\/www.speedfun.bike\\\/#website\"},\"primaryImageOfPage\":{\"@id\":\"https:\\\/\\\/www.speedfun.bike\\\/fr\\\/produit\\\/speedfun-furious-evo-pour-shimano-steps-e8000-e7000-et\\\/#primaryimage\"},\"image\":{\"@id\":\"https:\\\/\\\/www.speedfun.bike\\\/fr\\\/produit\\\/speedfun-furious-evo-pour-shimano-steps-e8000-e7000-et\\\/#primaryimage\"},\"thumbnailUrl\":\"https:\\\/\\\/www.speedfun.bike\\\/wp-content\\\/uploads\\\/2024\\\/05\\\/SpeedFun-ebike-tuning-chip-kit-Furious-evo-for-Shimano-E5000-E6000-E7000-E8000_product_resized.png\",\"datePublished\":\"2021-07-02T10:30:50+00:00\",\"dateModified\":\"2025-09-02T14:24:24+00:00\",\"description\":\"SpeedFun Furious Evo est un r\u00e9glage de v\u00e9lo \u00e9lectrique sp\u00e9cialement con\u00e7u pour d\u00e9bloquer la vitesse sup\u00e9rieure \u00e0 25 km\\\/h des moteurs Shimano Steps E5000 E6000 E6001 E6002 E6010 E6012 E6050 E6100 E7000 E8000 et E8080. Il peut \u00eatre activ\u00e9\\\/d\u00e9sactiv\u00e9 \u00e0 tout moment et peut \u00eatre install\u00e9 en quelques minutes gr\u00e2ce aux connecteurs d'origine Shimano.\",\"breadcrumb\":{\"@id\":\"https:\\\/\\\/www.speedfun.bike\\\/fr\\\/produit\\\/speedfun-furious-evo-pour-shimano-steps-e8000-e7000-et\\\/#breadcrumb\"},\"inLanguage\":\"fr-FR\",\"potentialAction\":[{\"@type\":\"ReadAction\",\"target\":[\"https:\\\/\\\/www.speedfun.bike\\\/fr\\\/produit\\\/speedfun-furious-evo-pour-shimano-steps-e8000-e7000-et\\\/\"]}]},{\"@type\":\"ImageObject\",\"inLanguage\":\"fr-FR\",\"@id\":\"https:\\\/\\\/www.speedfun.bike\\\/fr\\\/produit\\\/speedfun-furious-evo-pour-shimano-steps-e8000-e7000-et\\\/#primaryimage\",\"url\":\"https:\\\/\\\/www.speedfun.bike\\\/wp-content\\\/uploads\\\/2024\\\/05\\\/SpeedFun-ebike-tuning-chip-kit-Furious-evo-for-Shimano-E5000-E6000-E7000-E8000_product_resized.png\",\"contentUrl\":\"https:\\\/\\\/www.speedfun.bike\\\/wp-content\\\/uploads\\\/2024\\\/05\\\/SpeedFun-ebike-tuning-chip-kit-Furious-evo-for-Shimano-E5000-E6000-E7000-E8000_product_resized.png\",\"width\":2745,\"height\":2197,\"caption\":\"SpeedFun Furious evo est un dispositif permettant d'augmenter l'assistance au-dessus de 25 km\\\/h. Ce kit de r\u00e9glage est sp\u00e9cialement con\u00e7u pour les v\u00e9los \u00e9lectriques \u00e9quip\u00e9s d'un moteur Shimano E5000 E6000 E7000 E8000.\"},{\"@type\":\"BreadcrumbList\",\"@id\":\"https:\\\/\\\/www.speedfun.bike\\\/fr\\\/produit\\\/speedfun-furious-evo-pour-shimano-steps-e8000-e7000-et\\\/#breadcrumb\",\"itemListElement\":[{\"@type\":\"ListItem\",\"position\":1,\"name\":\"Home\",\"item\":\"https:\\\/\\\/www.speedfun.bike\\\/fr\\\/\"},{\"@type\":\"ListItem\",\"position\":2,\"name\":\"Boutique\",\"item\":\"https:\\\/\\\/www.speedfun.bike\\\/fr\\\/boutique\\\/\"},{\"@type\":\"ListItem\",\"position\":3,\"name\":\"SpeedFun Furious Evo pour Shimano Steps E8000 E7000 et&#8230;\"}]},{\"@type\":\"WebSite\",\"@id\":\"https:\\\/\\\/www.speedfun.bike\\\/#website\",\"url\":\"https:\\\/\\\/www.speedfun.bike\\\/\",\"name\":\"Speed Fun\",\"description\":\"Sblocco velocit\u00e0 bici elettriche\",\"potentialAction\":[{\"@type\":\"SearchAction\",\"target\":{\"@type\":\"EntryPoint\",\"urlTemplate\":\"https:\\\/\\\/www.speedfun.bike\\\/?s={search_term_string}\"},\"query-input\":{\"@type\":\"PropertyValueSpecification\",\"valueRequired\":true,\"valueName\":\"search_term_string\"}}],\"inLanguage\":\"fr-FR\"}]}<\/script>\n<!-- \/ Yoast SEO plugin. -->","yoast_head_json":{"title":"SpeedFun Furious Evo tuning pour Shimano Steps E8000 E7000 E6000","description":"SpeedFun Furious Evo est un r\u00e9glage de v\u00e9lo \u00e9lectrique sp\u00e9cialement con\u00e7u pour d\u00e9bloquer la vitesse sup\u00e9rieure \u00e0 25 km\/h des moteurs Shimano Steps E5000 E6000 E6001 E6002 E6010 E6012 E6050 E6100 E7000 E8000 et E8080. Il peut \u00eatre activ\u00e9\/d\u00e9sactiv\u00e9 \u00e0 tout moment et peut \u00eatre install\u00e9 en quelques minutes gr\u00e2ce aux connecteurs d'origine Shimano.","robots":{"index":"index","follow":"follow","max-snippet":"max-snippet:-1","max-image-preview":"max-image-preview:large","max-video-preview":"max-video-preview:-1"},"canonical":"https:\/\/www.speedfun.bike\/fr\/produit\/speedfun-furious-evo-pour-shimano-steps-e8000-e7000-et\/","og_locale":"fr_FR","og_type":"article","og_title":"SpeedFun Furious Evo tuning pour Shimano Steps E8000 E7000 E6000","og_description":"SpeedFun Furious Evo est un r\u00e9glage de v\u00e9lo \u00e9lectrique sp\u00e9cialement con\u00e7u pour d\u00e9bloquer la vitesse sup\u00e9rieure \u00e0 25 km\/h des moteurs Shimano Steps E5000 E6000 E6001 E6002 E6010 E6012 E6050 E6100 E7000 E8000 et E8080. Il peut \u00eatre activ\u00e9\/d\u00e9sactiv\u00e9 \u00e0 tout moment et peut \u00eatre install\u00e9 en quelques minutes gr\u00e2ce aux connecteurs d'origine Shimano.","og_url":"https:\/\/www.speedfun.bike\/fr\/produit\/speedfun-furious-evo-pour-shimano-steps-e8000-e7000-et\/","og_site_name":"Speed Fun","article_modified_time":"2025-09-02T14:24:24+00:00","og_image":[{"width":2745,"height":2197,"url":"https:\/\/www.speedfun.bike\/wp-content\/uploads\/2024\/05\/SpeedFun-ebike-tuning-chip-kit-Furious-evo-for-Shimano-E5000-E6000-E7000-E8000_product_resized.png","type":"image\/png"}],"twitter_card":"summary_large_image","twitter_misc":{"Est. reading time":"2 minutes"},"schema":{"@context":"https:\/\/schema.org","@graph":[{"@type":"WebPage","@id":"https:\/\/www.speedfun.bike\/fr\/produit\/speedfun-furious-evo-pour-shimano-steps-e8000-e7000-et\/","url":"https:\/\/www.speedfun.bike\/fr\/produit\/speedfun-furious-evo-pour-shimano-steps-e8000-e7000-et\/","name":"SpeedFun Furious Evo tuning pour Shimano Steps E8000 E7000 E6000","isPartOf":{"@id":"https:\/\/www.speedfun.bike\/#website"},"primaryImageOfPage":{"@id":"https:\/\/www.speedfun.bike\/fr\/produit\/speedfun-furious-evo-pour-shimano-steps-e8000-e7000-et\/#primaryimage"},"image":{"@id":"https:\/\/www.speedfun.bike\/fr\/produit\/speedfun-furious-evo-pour-shimano-steps-e8000-e7000-et\/#primaryimage"},"thumbnailUrl":"https:\/\/www.speedfun.bike\/wp-content\/uploads\/2024\/05\/SpeedFun-ebike-tuning-chip-kit-Furious-evo-for-Shimano-E5000-E6000-E7000-E8000_product_resized.png","datePublished":"2021-07-02T10:30:50+00:00","dateModified":"2025-09-02T14:24:24+00:00","description":"SpeedFun Furious Evo est un r\u00e9glage de v\u00e9lo \u00e9lectrique sp\u00e9cialement con\u00e7u pour d\u00e9bloquer la vitesse sup\u00e9rieure \u00e0 25 km\/h des moteurs Shimano Steps E5000 E6000 E6001 E6002 E6010 E6012 E6050 E6100 E7000 E8000 et E8080. Il peut \u00eatre activ\u00e9\/d\u00e9sactiv\u00e9 \u00e0 tout moment et peut \u00eatre install\u00e9 en quelques minutes gr\u00e2ce aux connecteurs d'origine Shimano.","breadcrumb":{"@id":"https:\/\/www.speedfun.bike\/fr\/produit\/speedfun-furious-evo-pour-shimano-steps-e8000-e7000-et\/#breadcrumb"},"inLanguage":"fr-FR","potentialAction":[{"@type":"ReadAction","target":["https:\/\/www.speedfun.bike\/fr\/produit\/speedfun-furious-evo-pour-shimano-steps-e8000-e7000-et\/"]}]},{"@type":"ImageObject","inLanguage":"fr-FR","@id":"https:\/\/www.speedfun.bike\/fr\/produit\/speedfun-furious-evo-pour-shimano-steps-e8000-e7000-et\/#primaryimage","url":"https:\/\/www.speedfun.bike\/wp-content\/uploads\/2024\/05\/SpeedFun-ebike-tuning-chip-kit-Furious-evo-for-Shimano-E5000-E6000-E7000-E8000_product_resized.png","contentUrl":"https:\/\/www.speedfun.bike\/wp-content\/uploads\/2024\/05\/SpeedFun-ebike-tuning-chip-kit-Furious-evo-for-Shimano-E5000-E6000-E7000-E8000_product_resized.png","width":2745,"height":2197,"caption":"SpeedFun Furious evo est un dispositif permettant d'augmenter l'assistance au-dessus de 25 km\/h. Ce kit de r\u00e9glage est sp\u00e9cialement con\u00e7u pour les v\u00e9los \u00e9lectriques \u00e9quip\u00e9s d'un moteur Shimano E5000 E6000 E7000 E8000."},{"@type":"BreadcrumbList","@id":"https:\/\/www.speedfun.bike\/fr\/produit\/speedfun-furious-evo-pour-shimano-steps-e8000-e7000-et\/#breadcrumb","itemListElement":[{"@type":"ListItem","position":1,"name":"Home","item":"https:\/\/www.speedfun.bike\/fr\/"},{"@type":"ListItem","position":2,"name":"Boutique","item":"https:\/\/www.speedfun.bike\/fr\/boutique\/"},{"@type":"ListItem","position":3,"name":"SpeedFun Furious Evo pour Shimano Steps E8000 E7000 et&#8230;"}]},{"@type":"WebSite","@id":"https:\/\/www.speedfun.bike\/#website","url":"https:\/\/www.speedfun.bike\/","name":"Speed Fun","description":"Sblocco velocit\u00e0 bici elettriche","potentialAction":[{"@type":"SearchAction","target":{"@type":"EntryPoint","urlTemplate":"https:\/\/www.speedfun.bike\/?s={search_term_string}"},"query-input":{"@type":"PropertyValueSpecification","valueRequired":true,"valueName":"search_term_string"}}],"inLanguage":"fr-FR"}]}},"_links":{"self":[{"href":"https:\/\/www.speedfun.bike\/fr\/wp-json\/wp\/v2\/product\/4514","targetHints":{"allow":["GET"]}}],"collection":[{"href":"https:\/\/www.speedfun.bike\/fr\/wp-json\/wp\/v2\/product"}],"about":[{"href":"https:\/\/www.speedfun.bike\/fr\/wp-json\/wp\/v2\/types\/product"}],"replies":[{"embeddable":true,"href":"https:\/\/www.speedfun.bike\/fr\/wp-json\/wp\/v2\/comments?post=4514"}],"wp:featuredmedia":[{"embeddable":true,"href":"https:\/\/www.speedfun.bike\/fr\/wp-json\/wp\/v2\/media\/124260"}],"wp:attachment":[{"href":"https:\/\/www.speedfun.bike\/fr\/wp-json\/wp\/v2\/media?parent=4514"}],"wp:term":[{"taxonomy":"product_brand","embeddable":true,"href":"https:\/\/www.speedfun.bike\/fr\/wp-json\/wp\/v2\/product_brand?post=4514"},{"taxonomy":"product_cat","embeddable":true,"href":"https:\/\/www.speedfun.bike\/fr\/wp-json\/wp\/v2\/product_cat?post=4514"},{"taxonomy":"product_tag","embeddable":true,"href":"https:\/\/www.speedfun.bike\/fr\/wp-json\/wp\/v2\/product_tag?post=4514"}],"curies":[{"name":"wp","href":"https:\/\/api.w.org\/{rel}","templated":true}]}}