{"id":4508,"date":"2017-09-26T09:39:54","date_gmt":"2017-09-26T08:39:54","guid":{"rendered":"https:\/\/speedfun.bike\/prodotto\/speedup-furious-pour-impulse\/"},"modified":"2023-07-13T16:14:17","modified_gmt":"2023-07-13T15:14:17","slug":"speedup-furious-pour-impulse","status":"publish","type":"product","link":"https:\/\/www.speedfun.bike\/fr\/produit\/speedup-furious-pour-impulse\/","title":{"rendered":"SpeedFun Furious easy for Impulse"},"content":{"rendered":"<div class=\"wpb-content-wrapper\"><p>[vc_row unlock_row_content=&#8221;yes&#8221; row_height_percent=&#8221;0&#8243; back_color=&#8221;color-jevc&#8221; overlay_alpha=&#8221;50&#8243; gutter_size=&#8221;3&#8243; shift_y=&#8221;0&#8243;][vc_column column_width_percent=&#8221;100&#8243; align_horizontal=&#8221;align_center&#8221; gutter_size=&#8221;3&#8243; overlay_alpha=&#8221;50&#8243; shift_x=&#8221;0&#8243; shift_y=&#8221;0&#8243; z_index=&#8221;0&#8243; medium_width=&#8221;0&#8243; mobile_width=&#8221;0&#8243; width=&#8221;1\/1&#8243;][vc_single_image media=&#8221;354&#8243; media_width_use_pixel=&#8221;yes&#8221; alignment=&#8221;center&#8221; media_width_pixel=&#8221;320&#8243;][\/vc_column][\/vc_row][vc_row][vc_column width=&#8221;1\/1&#8243;][vc_column_text]<\/p>\n<h2>Qu&#8217;est-ce que c&#8217;est SpeedFun Furious?<\/h2>\n<p>SpeedFun FURIOUS est un dispositif de d\u00e9bridage \u00e9lectronique et intelligent ne n\u00e9cessitant aucune alimentation externe.<\/p>\n<p>Il est con\u00e7u pour les moteurs Impulse pour lever la restriction de vitesse \u00e0 25 km\/h et permettre d&#8217;augmenter l\u2019assistance active jusqu&#8217;\u00e0 une vitesse de 50 km\/h en exploitant totalement le potentiel de l&#8217;excellent moteur Impulse.<\/p>\n<p>Speedup FURIOUS peut \u00eatre assembl\u00e9 d&#8217;une mani\u00e8re tr\u00e8s simple, il interposant entre le capteur de vitesse et le moteur en utilisant des connecteurs originaux qui ne modifient pas les caract\u00e9ristiques \u00e9lectriques de la r\u00e9sistance et l&#8217;\u00e9tanch\u00e9it\u00e9. Il ne modifie pas l&#8217;\u00e9lectronique du moteur Impulse, qui peut \u00eatre r\u00e9initialis\u00e9e \u00e0 tout moment et en quelques minutes \u00e0 la configuration d&#8217;usine.<\/p>\n<p>Cela permet de conserver la garantie et la valeur commerciale effective du v\u00e9lo.<\/p>\n<p>Une fois install\u00e9 le dispositif Furious Easy, le tachygraphe affiche les donn\u00e9es et la vitesse de bicyclette r\u00e9duit de moiti\u00e9 permettant, en multipliant simplement pour deux, le calcul de la vitesse r\u00e9elle et le kilom\u00e9trage.<\/p>\n<p><strong>Furious pour Impulse est disponible en deux versions:<\/strong><\/p>\n<p>&#8211; Version <strong>EASY<\/strong> pour moteur <strong>IMPULSE<\/strong> <strong>1<\/strong>: depuis l&#8217;installation de l&#8217;appareil fonctionne, toujours actif, ne peut pas \u00eatre d\u00e9sactiv\u00e9.<\/p>\n<p>&#8211; Version EASY pour moteur <strong>IMPULSE 2, IMPULSE 2 EVO et IMPULSE 2 EVO RS<\/strong>: depuis l&#8217;installation de l&#8217;appareil fonctionne, toujours actif, ne peut pas \u00eatre d\u00e9sactiv\u00e9.<\/p>\n<p>&nbsp;<\/p>\n<h2>Les Principales Caract\u00e9ristiques<\/h2>\n<p>&#8211; Totalement INVISIBLE<\/p>\n<p>&#8211; Peut \u00eatre mont\u00e9 \/ d\u00e9mont\u00e9 \u00e0 tout moment sans laisser de trace<\/p>\n<p>&#8211; Il n&#8217;a pas besoin de modification destructive des pi\u00e8ces d&#8217;origine de la bicyclette<\/p>\n<p>&#8211; Vous permet d&#8217;atteindre la vitesse de 50 kmH m\u00eame avec l&#8217;assistance activ\u00e9e<\/p>\n<p>&#8211; Installable en quelques minutes, pr\u00eat \u00e0 l&#8217;emploi, plug and go<\/p>\n<p>&#8211; Convient pour les moteurs Impulse 1, Impulse 2 Impulse 2 EVO, Impulse 2 EVO RS<\/p>\n<p>&#8211; Il n&#8217;a pas besoin de piles ou d&#8217;alimentation externe.[\/vc_column_text][\/vc_column][\/vc_row]<\/p>\n<\/div>","protected":false},"excerpt":{"rendered":"<p>SpeedFun FURIOUS est un dispositif de d\u00e9bridage \u00e9lectronique et intelligent ne n\u00e9cessitant aucune alimentation externe.<\/p>\n<p>Il est con\u00e7u pour les moteurs Impulse pour lever la restriction de vitesse \u00e0 25 km\/h et permettre d&#8217;augmenter l\u2019assistance active jusqu&#8217;\u00e0 une vitesse de 50 km\/h en exploitant totalement le potentiel de l&#8217;excellent moteur Impulse.<\/p>\n","protected":false},"featured_media":1432,"comment_status":"closed","ping_status":"closed","template":"","meta":{"_acf_changed":false},"product_brand":[],"product_cat":[50,273],"product_tag":[],"class_list":{"0":"post-4508","1":"product","2":"type-product","3":"status-publish","4":"has-post-thumbnail","6":"product_cat-for-impulse-fr","7":"product_cat-furious-fr","9":"first","10":"instock","11":"taxable","12":"shipping-taxable","13":"purchasable","14":"product-type-variable"},"acf":[],"yoast_head":"<!-- This site is optimized with the Yoast SEO plugin v27.3 - https:\/\/yoast.com\/product\/yoast-seo-wordpress\/ -->\n<title>SpeedFun tuning ebike kit Impulse 1, Impulse 2, 2evo et 2evo RS<\/title>\n<meta name=\"description\" content=\"SpeedFun Furious est un kit de r\u00e9glage pour v\u00e9lo \u00e9lectrique sp\u00e9cialement con\u00e7u pour les moteurs Impulse 1, Impulse 2, 2evo et 2evo RS. Plug and go, avec connecteurs d&#039;origine\" \/>\n<meta name=\"robots\" content=\"index, follow, max-snippet:-1, max-image-preview:large, max-video-preview:-1\" \/>\n<link rel=\"canonical\" href=\"https:\/\/www.speedfun.bike\/fr\/produit\/speedup-furious-pour-impulse\/\" \/>\n<meta property=\"og:locale\" content=\"fr_FR\" \/>\n<meta property=\"og:type\" content=\"article\" \/>\n<meta property=\"og:title\" content=\"SpeedFun tuning ebike kit Impulse 1, Impulse 2, 2evo et 2evo RS\" \/>\n<meta property=\"og:description\" content=\"SpeedFun Furious est un kit de r\u00e9glage pour v\u00e9lo \u00e9lectrique sp\u00e9cialement con\u00e7u pour les moteurs Impulse 1, Impulse 2, 2evo et 2evo RS. Plug and go, avec connecteurs d&#039;origine\" \/>\n<meta property=\"og:url\" content=\"https:\/\/www.speedfun.bike\/fr\/produit\/speedup-furious-pour-impulse\/\" \/>\n<meta property=\"og:site_name\" content=\"Speed Fun\" \/>\n<meta property=\"article:modified_time\" content=\"2023-07-13T15:14:17+00:00\" \/>\n<meta property=\"og:image\" content=\"https:\/\/www.speedfun.bike\/wp-content\/uploads\/2017\/09\/Furious-Easy-Impulse-1-scaled.jpg\" \/>\n\t<meta property=\"og:image:width\" content=\"2560\" \/>\n\t<meta property=\"og:image:height\" content=\"1436\" \/>\n\t<meta property=\"og:image:type\" content=\"image\/jpeg\" \/>\n<meta name=\"twitter:card\" content=\"summary_large_image\" \/>\n<meta name=\"twitter:label1\" content=\"Est. reading time\" \/>\n\t<meta name=\"twitter:data1\" content=\"2 minutes\" \/>\n<script type=\"application\/ld+json\" class=\"yoast-schema-graph\">{\"@context\":\"https:\\\/\\\/schema.org\",\"@graph\":[{\"@type\":\"WebPage\",\"@id\":\"https:\\\/\\\/www.speedfun.bike\\\/fr\\\/produit\\\/speedup-furious-pour-impulse\\\/\",\"url\":\"https:\\\/\\\/www.speedfun.bike\\\/fr\\\/produit\\\/speedup-furious-pour-impulse\\\/\",\"name\":\"SpeedFun tuning ebike kit Impulse 1, Impulse 2, 2evo et 2evo RS\",\"isPartOf\":{\"@id\":\"https:\\\/\\\/speedfun.bike\\\/#website\"},\"primaryImageOfPage\":{\"@id\":\"https:\\\/\\\/www.speedfun.bike\\\/fr\\\/produit\\\/speedup-furious-pour-impulse\\\/#primaryimage\"},\"image\":{\"@id\":\"https:\\\/\\\/www.speedfun.bike\\\/fr\\\/produit\\\/speedup-furious-pour-impulse\\\/#primaryimage\"},\"thumbnailUrl\":\"https:\\\/\\\/www.speedfun.bike\\\/wp-content\\\/uploads\\\/2017\\\/09\\\/Furious-Easy-Impulse-1-scaled.jpg\",\"datePublished\":\"2017-09-26T08:39:54+00:00\",\"dateModified\":\"2023-07-13T15:14:17+00:00\",\"description\":\"SpeedFun Furious est un kit de r\u00e9glage pour v\u00e9lo \u00e9lectrique sp\u00e9cialement con\u00e7u pour les moteurs Impulse 1, Impulse 2, 2evo et 2evo RS. Plug and go, avec connecteurs d'origine\",\"breadcrumb\":{\"@id\":\"https:\\\/\\\/www.speedfun.bike\\\/fr\\\/produit\\\/speedup-furious-pour-impulse\\\/#breadcrumb\"},\"inLanguage\":\"fr-FR\",\"potentialAction\":[{\"@type\":\"ReadAction\",\"target\":[\"https:\\\/\\\/www.speedfun.bike\\\/fr\\\/produit\\\/speedup-furious-pour-impulse\\\/\"]}]},{\"@type\":\"ImageObject\",\"inLanguage\":\"fr-FR\",\"@id\":\"https:\\\/\\\/www.speedfun.bike\\\/fr\\\/produit\\\/speedup-furious-pour-impulse\\\/#primaryimage\",\"url\":\"https:\\\/\\\/www.speedfun.bike\\\/wp-content\\\/uploads\\\/2017\\\/09\\\/Furious-Easy-Impulse-1-scaled.jpg\",\"contentUrl\":\"https:\\\/\\\/www.speedfun.bike\\\/wp-content\\\/uploads\\\/2017\\\/09\\\/Furious-Easy-Impulse-1-scaled.jpg\",\"width\":2560,\"height\":1436},{\"@type\":\"BreadcrumbList\",\"@id\":\"https:\\\/\\\/www.speedfun.bike\\\/fr\\\/produit\\\/speedup-furious-pour-impulse\\\/#breadcrumb\",\"itemListElement\":[{\"@type\":\"ListItem\",\"position\":1,\"name\":\"Home\",\"item\":\"https:\\\/\\\/speedfun.bike\\\/fr\\\/\"},{\"@type\":\"ListItem\",\"position\":2,\"name\":\"Boutique\",\"item\":\"https:\\\/\\\/speedfun.bike\\\/fr\\\/boutique\\\/\"},{\"@type\":\"ListItem\",\"position\":3,\"name\":\"SpeedFun Furious easy for Impulse\"}]},{\"@type\":\"WebSite\",\"@id\":\"https:\\\/\\\/speedfun.bike\\\/#website\",\"url\":\"https:\\\/\\\/speedfun.bike\\\/\",\"name\":\"Speed Fun\",\"description\":\"Sblocco velocit\u00e0 bici elettriche\",\"potentialAction\":[{\"@type\":\"SearchAction\",\"target\":{\"@type\":\"EntryPoint\",\"urlTemplate\":\"https:\\\/\\\/speedfun.bike\\\/?s={search_term_string}\"},\"query-input\":{\"@type\":\"PropertyValueSpecification\",\"valueRequired\":true,\"valueName\":\"search_term_string\"}}],\"inLanguage\":\"fr-FR\"}]}<\/script>\n<!-- \/ Yoast SEO plugin. -->","yoast_head_json":{"title":"SpeedFun tuning ebike kit Impulse 1, Impulse 2, 2evo et 2evo RS","description":"SpeedFun Furious est un kit de r\u00e9glage pour v\u00e9lo \u00e9lectrique sp\u00e9cialement con\u00e7u pour les moteurs Impulse 1, Impulse 2, 2evo et 2evo RS. Plug and go, avec connecteurs d'origine","robots":{"index":"index","follow":"follow","max-snippet":"max-snippet:-1","max-image-preview":"max-image-preview:large","max-video-preview":"max-video-preview:-1"},"canonical":"https:\/\/www.speedfun.bike\/fr\/produit\/speedup-furious-pour-impulse\/","og_locale":"fr_FR","og_type":"article","og_title":"SpeedFun tuning ebike kit Impulse 1, Impulse 2, 2evo et 2evo RS","og_description":"SpeedFun Furious est un kit de r\u00e9glage pour v\u00e9lo \u00e9lectrique sp\u00e9cialement con\u00e7u pour les moteurs Impulse 1, Impulse 2, 2evo et 2evo RS. Plug and go, avec connecteurs d'origine","og_url":"https:\/\/www.speedfun.bike\/fr\/produit\/speedup-furious-pour-impulse\/","og_site_name":"Speed Fun","article_modified_time":"2023-07-13T15:14:17+00:00","og_image":[{"width":2560,"height":1436,"url":"https:\/\/www.speedfun.bike\/wp-content\/uploads\/2017\/09\/Furious-Easy-Impulse-1-scaled.jpg","type":"image\/jpeg"}],"twitter_card":"summary_large_image","twitter_misc":{"Est. reading time":"2 minutes"},"schema":{"@context":"https:\/\/schema.org","@graph":[{"@type":"WebPage","@id":"https:\/\/www.speedfun.bike\/fr\/produit\/speedup-furious-pour-impulse\/","url":"https:\/\/www.speedfun.bike\/fr\/produit\/speedup-furious-pour-impulse\/","name":"SpeedFun tuning ebike kit Impulse 1, Impulse 2, 2evo et 2evo RS","isPartOf":{"@id":"https:\/\/speedfun.bike\/#website"},"primaryImageOfPage":{"@id":"https:\/\/www.speedfun.bike\/fr\/produit\/speedup-furious-pour-impulse\/#primaryimage"},"image":{"@id":"https:\/\/www.speedfun.bike\/fr\/produit\/speedup-furious-pour-impulse\/#primaryimage"},"thumbnailUrl":"https:\/\/www.speedfun.bike\/wp-content\/uploads\/2017\/09\/Furious-Easy-Impulse-1-scaled.jpg","datePublished":"2017-09-26T08:39:54+00:00","dateModified":"2023-07-13T15:14:17+00:00","description":"SpeedFun Furious est un kit de r\u00e9glage pour v\u00e9lo \u00e9lectrique sp\u00e9cialement con\u00e7u pour les moteurs Impulse 1, Impulse 2, 2evo et 2evo RS. Plug and go, avec connecteurs d'origine","breadcrumb":{"@id":"https:\/\/www.speedfun.bike\/fr\/produit\/speedup-furious-pour-impulse\/#breadcrumb"},"inLanguage":"fr-FR","potentialAction":[{"@type":"ReadAction","target":["https:\/\/www.speedfun.bike\/fr\/produit\/speedup-furious-pour-impulse\/"]}]},{"@type":"ImageObject","inLanguage":"fr-FR","@id":"https:\/\/www.speedfun.bike\/fr\/produit\/speedup-furious-pour-impulse\/#primaryimage","url":"https:\/\/www.speedfun.bike\/wp-content\/uploads\/2017\/09\/Furious-Easy-Impulse-1-scaled.jpg","contentUrl":"https:\/\/www.speedfun.bike\/wp-content\/uploads\/2017\/09\/Furious-Easy-Impulse-1-scaled.jpg","width":2560,"height":1436},{"@type":"BreadcrumbList","@id":"https:\/\/www.speedfun.bike\/fr\/produit\/speedup-furious-pour-impulse\/#breadcrumb","itemListElement":[{"@type":"ListItem","position":1,"name":"Home","item":"https:\/\/speedfun.bike\/fr\/"},{"@type":"ListItem","position":2,"name":"Boutique","item":"https:\/\/speedfun.bike\/fr\/boutique\/"},{"@type":"ListItem","position":3,"name":"SpeedFun Furious easy for Impulse"}]},{"@type":"WebSite","@id":"https:\/\/speedfun.bike\/#website","url":"https:\/\/speedfun.bike\/","name":"Speed Fun","description":"Sblocco velocit\u00e0 bici elettriche","potentialAction":[{"@type":"SearchAction","target":{"@type":"EntryPoint","urlTemplate":"https:\/\/speedfun.bike\/?s={search_term_string}"},"query-input":{"@type":"PropertyValueSpecification","valueRequired":true,"valueName":"search_term_string"}}],"inLanguage":"fr-FR"}]}},"_links":{"self":[{"href":"https:\/\/www.speedfun.bike\/fr\/wp-json\/wp\/v2\/product\/4508","targetHints":{"allow":["GET"]}}],"collection":[{"href":"https:\/\/www.speedfun.bike\/fr\/wp-json\/wp\/v2\/product"}],"about":[{"href":"https:\/\/www.speedfun.bike\/fr\/wp-json\/wp\/v2\/types\/product"}],"replies":[{"embeddable":true,"href":"https:\/\/www.speedfun.bike\/fr\/wp-json\/wp\/v2\/comments?post=4508"}],"wp:featuredmedia":[{"embeddable":true,"href":"https:\/\/www.speedfun.bike\/fr\/wp-json\/wp\/v2\/media\/1432"}],"wp:attachment":[{"href":"https:\/\/www.speedfun.bike\/fr\/wp-json\/wp\/v2\/media?parent=4508"}],"wp:term":[{"taxonomy":"product_brand","embeddable":true,"href":"https:\/\/www.speedfun.bike\/fr\/wp-json\/wp\/v2\/product_brand?post=4508"},{"taxonomy":"product_cat","embeddable":true,"href":"https:\/\/www.speedfun.bike\/fr\/wp-json\/wp\/v2\/product_cat?post=4508"},{"taxonomy":"product_tag","embeddable":true,"href":"https:\/\/www.speedfun.bike\/fr\/wp-json\/wp\/v2\/product_tag?post=4508"}],"curies":[{"name":"wp","href":"https:\/\/api.w.org\/{rel}","templated":true}]}}