{"id":44619,"date":"2020-08-08T10:45:13","date_gmt":"2020-08-08T09:45:13","guid":{"rendered":"https:\/\/speedfun.bike\/prodotto\/cable-adaptateur-3-4-pin-pour-bafang\/"},"modified":"2024-11-26T11:30:14","modified_gmt":"2024-11-26T10:30:14","slug":"cable-adaptateur-3-4-pin-pour-bafang","status":"publish","type":"product","link":"https:\/\/www.speedfun.bike\/fr\/produit\/cable-adaptateur-3-4-pin-pour-bafang\/","title":{"rendered":"C\u00e2ble adaptateur 3\/4 pin pour Bafang"},"content":{"rendered":"<div class=\"wpb-content-wrapper\"><p>[vc_row][vc_column width=&#8221;1\/1&#8243;][vc_column_text]Cavetto adattatore utilizzabile per connettere un Furious Bafang con connettore 3 pin ai motori con i nuovi sensori a 4 pin.<\/p>\n<p>Clicca <a href=\"https:\/\/speedfun.bike\/wp-content\/uploads\/2020\/08\/Connettore-Bafang-3-4-pin-1.png\">qui<\/a> per vedere le differenze tra i due sensori di velocit\u00e0.<\/p>\n<p>&nbsp;<\/p>\n<p>&nbsp;<\/p>\n<p>[\/vc_column_text][\/vc_column][\/vc_row]<\/p>\n<\/div>","protected":false},"excerpt":{"rendered":"<p>C\u00e2ble adaptateur qui peut \u00eatre utilis\u00e9 pour connecter un Furious Bafang avec connecteur 3 pin aux moteurs avec les nouveaux capteurs 4 pin.<\/p>\n","protected":false},"featured_media":44546,"comment_status":"closed","ping_status":"closed","template":"","meta":{"_acf_changed":false},"product_brand":[],"product_cat":[42],"product_tag":[],"class_list":{"0":"post-44619","1":"product","2":"type-product","3":"status-publish","4":"has-post-thumbnail","6":"product_cat-for-bafang-fr","8":"first","9":"outofstock","10":"taxable","11":"shipping-taxable","12":"purchasable","13":"product-type-simple"},"acf":[],"yoast_head":"<!-- This site is optimized with the Yoast SEO plugin v27.3 - https:\/\/yoast.com\/product\/yoast-seo-wordpress\/ -->\n<title>C\u00e2ble adaptateur 3\/4 pin pour Bafang - Speed \u200bFun<\/title>\n<meta name=\"description\" content=\"C\u00e2ble adaptateur qui peut \u00eatre utilis\u00e9 pour connecter un Furious Bafang avec connecteur 3 pin aux moteurs avec les nouveaux capteurs 4 pin.\" \/>\n<meta name=\"robots\" content=\"index, follow, max-snippet:-1, max-image-preview:large, max-video-preview:-1\" \/>\n<link rel=\"canonical\" href=\"https:\/\/www.speedfun.bike\/fr\/produit\/cable-adaptateur-3-4-pin-pour-bafang\/\" \/>\n<meta property=\"og:locale\" content=\"fr_FR\" \/>\n<meta property=\"og:type\" content=\"article\" \/>\n<meta property=\"og:title\" content=\"C\u00e2ble adaptateur 3\/4 pin pour Bafang - Speed \u200bFun\" \/>\n<meta property=\"og:description\" content=\"C\u00e2ble adaptateur qui peut \u00eatre utilis\u00e9 pour connecter un Furious Bafang avec connecteur 3 pin aux moteurs avec les nouveaux capteurs 4 pin.\" \/>\n<meta property=\"og:url\" content=\"https:\/\/www.speedfun.bike\/fr\/produit\/cable-adaptateur-3-4-pin-pour-bafang\/\" \/>\n<meta property=\"og:site_name\" content=\"Speed Fun\" \/>\n<meta property=\"article:modified_time\" content=\"2024-11-26T10:30:14+00:00\" \/>\n<meta property=\"og:image\" content=\"https:\/\/www.speedfun.bike\/wp-content\/uploads\/2020\/08\/Cavo-3-4-pin.jpg\" \/>\n\t<meta property=\"og:image:width\" content=\"1008\" \/>\n\t<meta property=\"og:image:height\" content=\"756\" \/>\n\t<meta property=\"og:image:type\" content=\"image\/jpeg\" \/>\n<meta name=\"twitter:card\" content=\"summary_large_image\" \/>\n<meta name=\"twitter:label1\" content=\"Est. reading time\" \/>\n\t<meta name=\"twitter:data1\" content=\"1 minute\" \/>\n<script type=\"application\/ld+json\" class=\"yoast-schema-graph\">{\"@context\":\"https:\\\/\\\/schema.org\",\"@graph\":[{\"@type\":\"WebPage\",\"@id\":\"https:\\\/\\\/www.speedfun.bike\\\/fr\\\/produit\\\/cable-adaptateur-3-4-pin-pour-bafang\\\/\",\"url\":\"https:\\\/\\\/www.speedfun.bike\\\/fr\\\/produit\\\/cable-adaptateur-3-4-pin-pour-bafang\\\/\",\"name\":\"C\u00e2ble adaptateur 3\\\/4 pin pour Bafang - Speed \u200bFun\",\"isPartOf\":{\"@id\":\"https:\\\/\\\/speedfun.bike\\\/#website\"},\"primaryImageOfPage\":{\"@id\":\"https:\\\/\\\/www.speedfun.bike\\\/fr\\\/produit\\\/cable-adaptateur-3-4-pin-pour-bafang\\\/#primaryimage\"},\"image\":{\"@id\":\"https:\\\/\\\/www.speedfun.bike\\\/fr\\\/produit\\\/cable-adaptateur-3-4-pin-pour-bafang\\\/#primaryimage\"},\"thumbnailUrl\":\"https:\\\/\\\/www.speedfun.bike\\\/wp-content\\\/uploads\\\/2020\\\/08\\\/Cavo-3-4-pin.jpg\",\"datePublished\":\"2020-08-08T09:45:13+00:00\",\"dateModified\":\"2024-11-26T10:30:14+00:00\",\"description\":\"C\u00e2ble adaptateur qui peut \u00eatre utilis\u00e9 pour connecter un Furious Bafang avec connecteur 3 pin aux moteurs avec les nouveaux capteurs 4 pin.\",\"breadcrumb\":{\"@id\":\"https:\\\/\\\/www.speedfun.bike\\\/fr\\\/produit\\\/cable-adaptateur-3-4-pin-pour-bafang\\\/#breadcrumb\"},\"inLanguage\":\"fr-FR\",\"potentialAction\":[{\"@type\":\"ReadAction\",\"target\":[\"https:\\\/\\\/www.speedfun.bike\\\/fr\\\/produit\\\/cable-adaptateur-3-4-pin-pour-bafang\\\/\"]}]},{\"@type\":\"ImageObject\",\"inLanguage\":\"fr-FR\",\"@id\":\"https:\\\/\\\/www.speedfun.bike\\\/fr\\\/produit\\\/cable-adaptateur-3-4-pin-pour-bafang\\\/#primaryimage\",\"url\":\"https:\\\/\\\/www.speedfun.bike\\\/wp-content\\\/uploads\\\/2020\\\/08\\\/Cavo-3-4-pin.jpg\",\"contentUrl\":\"https:\\\/\\\/www.speedfun.bike\\\/wp-content\\\/uploads\\\/2020\\\/08\\\/Cavo-3-4-pin.jpg\",\"width\":1008,\"height\":756},{\"@type\":\"BreadcrumbList\",\"@id\":\"https:\\\/\\\/www.speedfun.bike\\\/fr\\\/produit\\\/cable-adaptateur-3-4-pin-pour-bafang\\\/#breadcrumb\",\"itemListElement\":[{\"@type\":\"ListItem\",\"position\":1,\"name\":\"Home\",\"item\":\"https:\\\/\\\/speedfun.bike\\\/fr\\\/\"},{\"@type\":\"ListItem\",\"position\":2,\"name\":\"Boutique\",\"item\":\"https:\\\/\\\/speedfun.bike\\\/fr\\\/boutique\\\/\"},{\"@type\":\"ListItem\",\"position\":3,\"name\":\"C\u00e2ble adaptateur 3\\\/4 pin pour Bafang\"}]},{\"@type\":\"WebSite\",\"@id\":\"https:\\\/\\\/speedfun.bike\\\/#website\",\"url\":\"https:\\\/\\\/speedfun.bike\\\/\",\"name\":\"Speed Fun\",\"description\":\"Sblocco velocit\u00e0 bici elettriche\",\"potentialAction\":[{\"@type\":\"SearchAction\",\"target\":{\"@type\":\"EntryPoint\",\"urlTemplate\":\"https:\\\/\\\/speedfun.bike\\\/?s={search_term_string}\"},\"query-input\":{\"@type\":\"PropertyValueSpecification\",\"valueRequired\":true,\"valueName\":\"search_term_string\"}}],\"inLanguage\":\"fr-FR\"}]}<\/script>\n<!-- \/ Yoast SEO plugin. -->","yoast_head_json":{"title":"C\u00e2ble adaptateur 3\/4 pin pour Bafang - Speed \u200bFun","description":"C\u00e2ble adaptateur qui peut \u00eatre utilis\u00e9 pour connecter un Furious Bafang avec connecteur 3 pin aux moteurs avec les nouveaux capteurs 4 pin.","robots":{"index":"index","follow":"follow","max-snippet":"max-snippet:-1","max-image-preview":"max-image-preview:large","max-video-preview":"max-video-preview:-1"},"canonical":"https:\/\/www.speedfun.bike\/fr\/produit\/cable-adaptateur-3-4-pin-pour-bafang\/","og_locale":"fr_FR","og_type":"article","og_title":"C\u00e2ble adaptateur 3\/4 pin pour Bafang - Speed \u200bFun","og_description":"C\u00e2ble adaptateur qui peut \u00eatre utilis\u00e9 pour connecter un Furious Bafang avec connecteur 3 pin aux moteurs avec les nouveaux capteurs 4 pin.","og_url":"https:\/\/www.speedfun.bike\/fr\/produit\/cable-adaptateur-3-4-pin-pour-bafang\/","og_site_name":"Speed Fun","article_modified_time":"2024-11-26T10:30:14+00:00","og_image":[{"width":1008,"height":756,"url":"https:\/\/www.speedfun.bike\/wp-content\/uploads\/2020\/08\/Cavo-3-4-pin.jpg","type":"image\/jpeg"}],"twitter_card":"summary_large_image","twitter_misc":{"Est. reading time":"1 minute"},"schema":{"@context":"https:\/\/schema.org","@graph":[{"@type":"WebPage","@id":"https:\/\/www.speedfun.bike\/fr\/produit\/cable-adaptateur-3-4-pin-pour-bafang\/","url":"https:\/\/www.speedfun.bike\/fr\/produit\/cable-adaptateur-3-4-pin-pour-bafang\/","name":"C\u00e2ble adaptateur 3\/4 pin pour Bafang - Speed \u200bFun","isPartOf":{"@id":"https:\/\/speedfun.bike\/#website"},"primaryImageOfPage":{"@id":"https:\/\/www.speedfun.bike\/fr\/produit\/cable-adaptateur-3-4-pin-pour-bafang\/#primaryimage"},"image":{"@id":"https:\/\/www.speedfun.bike\/fr\/produit\/cable-adaptateur-3-4-pin-pour-bafang\/#primaryimage"},"thumbnailUrl":"https:\/\/www.speedfun.bike\/wp-content\/uploads\/2020\/08\/Cavo-3-4-pin.jpg","datePublished":"2020-08-08T09:45:13+00:00","dateModified":"2024-11-26T10:30:14+00:00","description":"C\u00e2ble adaptateur qui peut \u00eatre utilis\u00e9 pour connecter un Furious Bafang avec connecteur 3 pin aux moteurs avec les nouveaux capteurs 4 pin.","breadcrumb":{"@id":"https:\/\/www.speedfun.bike\/fr\/produit\/cable-adaptateur-3-4-pin-pour-bafang\/#breadcrumb"},"inLanguage":"fr-FR","potentialAction":[{"@type":"ReadAction","target":["https:\/\/www.speedfun.bike\/fr\/produit\/cable-adaptateur-3-4-pin-pour-bafang\/"]}]},{"@type":"ImageObject","inLanguage":"fr-FR","@id":"https:\/\/www.speedfun.bike\/fr\/produit\/cable-adaptateur-3-4-pin-pour-bafang\/#primaryimage","url":"https:\/\/www.speedfun.bike\/wp-content\/uploads\/2020\/08\/Cavo-3-4-pin.jpg","contentUrl":"https:\/\/www.speedfun.bike\/wp-content\/uploads\/2020\/08\/Cavo-3-4-pin.jpg","width":1008,"height":756},{"@type":"BreadcrumbList","@id":"https:\/\/www.speedfun.bike\/fr\/produit\/cable-adaptateur-3-4-pin-pour-bafang\/#breadcrumb","itemListElement":[{"@type":"ListItem","position":1,"name":"Home","item":"https:\/\/speedfun.bike\/fr\/"},{"@type":"ListItem","position":2,"name":"Boutique","item":"https:\/\/speedfun.bike\/fr\/boutique\/"},{"@type":"ListItem","position":3,"name":"C\u00e2ble adaptateur 3\/4 pin pour Bafang"}]},{"@type":"WebSite","@id":"https:\/\/speedfun.bike\/#website","url":"https:\/\/speedfun.bike\/","name":"Speed Fun","description":"Sblocco velocit\u00e0 bici elettriche","potentialAction":[{"@type":"SearchAction","target":{"@type":"EntryPoint","urlTemplate":"https:\/\/speedfun.bike\/?s={search_term_string}"},"query-input":{"@type":"PropertyValueSpecification","valueRequired":true,"valueName":"search_term_string"}}],"inLanguage":"fr-FR"}]}},"_links":{"self":[{"href":"https:\/\/www.speedfun.bike\/fr\/wp-json\/wp\/v2\/product\/44619","targetHints":{"allow":["GET"]}}],"collection":[{"href":"https:\/\/www.speedfun.bike\/fr\/wp-json\/wp\/v2\/product"}],"about":[{"href":"https:\/\/www.speedfun.bike\/fr\/wp-json\/wp\/v2\/types\/product"}],"replies":[{"embeddable":true,"href":"https:\/\/www.speedfun.bike\/fr\/wp-json\/wp\/v2\/comments?post=44619"}],"wp:featuredmedia":[{"embeddable":true,"href":"https:\/\/www.speedfun.bike\/fr\/wp-json\/wp\/v2\/media\/44546"}],"wp:attachment":[{"href":"https:\/\/www.speedfun.bike\/fr\/wp-json\/wp\/v2\/media?parent=44619"}],"wp:term":[{"taxonomy":"product_brand","embeddable":true,"href":"https:\/\/www.speedfun.bike\/fr\/wp-json\/wp\/v2\/product_brand?post=44619"},{"taxonomy":"product_cat","embeddable":true,"href":"https:\/\/www.speedfun.bike\/fr\/wp-json\/wp\/v2\/product_cat?post=44619"},{"taxonomy":"product_tag","embeddable":true,"href":"https:\/\/www.speedfun.bike\/fr\/wp-json\/wp\/v2\/product_tag?post=44619"}],"curies":[{"name":"wp","href":"https:\/\/api.w.org\/{rel}","templated":true}]}}