{"id":39685,"date":"2020-05-21T15:15:05","date_gmt":"2020-05-21T14:15:03","guid":{"rendered":"https:\/\/speedfun.bike\/?post_type=product&#038;p=39685"},"modified":"2023-03-10T15:53:02","modified_gmt":"2023-03-10T14:53:02","slug":"speedfun-ribelle-pour-tq-flyon","status":"publish","type":"product","link":"https:\/\/www.speedfun.bike\/fr\/produit\/speedfun-ribelle-pour-tq-flyon\/","title":{"rendered":"SpeedFun Ribelle pour TQ HPR 120S"},"content":{"rendered":"<div class=\"wpb-content-wrapper\"><p>[vc_row][vc_column width=&#8221;1\/1&#8243;][vc_column_text uncode_shortcode_id=&#8221;610840&#8243;]<\/p>\n<h2>Qu&#8217;est-ce que SpeedFun RIBELLE pour TQ HPR 120S ?<\/h2>\n<div class=\"widget\">\n<p>SpeedFun RIBELLE est un dispositif de d\u00e9verrouillage \u00e9lectronique et intelligent pour v\u00e9lo \u00e9lectrique qui ne n\u00e9cessite aucune alimentation externe.<\/p>\n<p>Il est con\u00e7u pour les moteurs TQ HPR 120S utilis\u00e9s sur le Haibike Flyon pour contourner le blocage de vitesse \u00e0 25 kmH, permettant d&#8217;augmenter son assistance active jusqu&#8217;\u00e0 des vitesses pouvant d\u00e9passer 50 KmH (<a href=\"https:\/\/speedfun.bike\/wp-content\/uploads\/2019\/06\/ebike-non-va-a-50-kmh.pdf\">info<\/a>) en exploitant pleinement le potentiel du TQ HPR 120S moteur.<\/p>\n<p>SpeedFun REBEL affiche toutes les donn\u00e9es r\u00e9elles sur l&#8217;\u00e9cran.<\/p>\n<p>SpeedFun RIBELLE est \u00e9quip\u00e9 d&#8217;un syst\u00e8me d&#8217;auto-apprentissage pour m\u00e9moriser tous les param\u00e8tres du v\u00e9lo \u00e9lectrique sur lequel il est mont\u00e9. Par cons\u00e9quent, aucun r\u00e9glage n&#8217;est requis.<\/p>\n<p>Speedup RIBELLE se monte de mani\u00e8re tr\u00e8s simple en la pla\u00e7ant entre le capteur de vitesse et le moteur et entre l&#8217;afficheur et le moteur \u00e0 l&#8217;aide de connecteurs d&#8217;origine qui n&#8217;alt\u00e8rent pas les caract\u00e9ristiques de r\u00e9sistance \u00e9lectrique et d&#8217;\u00e9tanch\u00e9it\u00e9.<\/p>\n<p>SpeedFun RIBELLE peut \u00eatre activ\u00e9 et d\u00e9sactiv\u00e9 avec une s\u00e9quence de touches (voir instructions). Des commentaires anim\u00e9s s&#8217;affichent \u00e0 l&#8217;\u00e9cran chaque fois que l&#8217;\u00e9tat activ\u00e9 ou d\u00e9sactiv\u00e9 est modifi\u00e9.<\/p>\n<\/div>\n<p>[\/vc_column_text][\/vc_column][\/vc_row][vc_row row_height_percent=&#8221;0&#8243; back_color=&#8221;color-jevc&#8221; overlay_alpha=&#8221;50&#8243; gutter_size=&#8221;3&#8243; shift_y=&#8221;0&#8243;][vc_column width=&#8221;1\/1&#8243;][vc_gallery el_id=&#8221;gallery-950612&#8243; medias=&#8221;39691,39692,39693&#8243; gutter_size=&#8221;3&#8243; screen_lg=&#8221;1000&#8243; screen_md=&#8221;600&#8243; screen_sm=&#8221;480&#8243; single_overlay_opacity=&#8221;50&#8243; single_padding=&#8221;2&#8243;][\/vc_column][\/vc_row]<\/p>\n<\/div>","protected":false},"excerpt":{"rendered":"<p>SpeedFun RIBELLE est un dispositif de d\u00e9verrouillage \u00e9lectronique et intelligent pour v\u00e9lo \u00e9lectrique qui ne n\u00e9cessite aucune alimentation externe.<\/p>\n<p>Il est con\u00e7u pour les moteurs Haibike TQ Flyon pour \u00e9chapper au blocage de vitesse \u00e0 25km\/h permettant d&#8217;augmenter son assistance active jusqu&#8217;\u00e0 des vitesses pouvant d\u00e9passer 50km\/h en exploitant pleinement le potentiel du moteur TQ HPR 120S.<\/p>\n<p>Le dispositif de r\u00e9glage Ribelle pour les moteurs TQ HPR 120S affiche toujours les vitesses et distances r\u00e9elles sur display.<\/p>\n","protected":false},"featured_media":39714,"comment_status":"closed","ping_status":"closed","template":"","meta":{"_acf_changed":false},"product_brand":[],"product_cat":[110,274],"product_tag":[],"class_list":{"0":"post-39685","1":"product","2":"type-product","3":"status-publish","4":"has-post-thumbnail","6":"product_cat-for-flyon-fr","7":"product_cat-ribelle-fr","9":"first","10":"outofstock","11":"taxable","12":"shipping-taxable","13":"purchasable","14":"product-type-simple"},"acf":[],"yoast_head":"<!-- This site is optimized with the Yoast SEO plugin v27.3 - https:\/\/yoast.com\/product\/yoast-seo-wordpress\/ -->\n<title>SpeedFun Ribelle ebike tuning TQ HPR 120S Haibike - SpeedFun tuning<\/title>\n<meta name=\"description\" content=\"SpeedFun Ribelle est un r\u00e9glage sp\u00e9cialement con\u00e7u pour augmenter l&#039;assistance au-del\u00e0 de 60 km\/h. Compatible avec les moteurs TQ HPR 120S utilis\u00e9s surtout sur les v\u00e9los \u00e9lectriques Haibike Flyon.\" \/>\n<meta name=\"robots\" content=\"index, follow, max-snippet:-1, max-image-preview:large, max-video-preview:-1\" \/>\n<link rel=\"canonical\" href=\"https:\/\/www.speedfun.bike\/fr\/produit\/speedfun-ribelle-pour-tq-flyon\/\" \/>\n<meta property=\"og:locale\" content=\"fr_FR\" \/>\n<meta property=\"og:type\" content=\"article\" \/>\n<meta property=\"og:title\" content=\"SpeedFun Ribelle ebike tuning TQ HPR 120S Haibike - SpeedFun tuning\" \/>\n<meta property=\"og:description\" content=\"SpeedFun Ribelle est un r\u00e9glage sp\u00e9cialement con\u00e7u pour augmenter l&#039;assistance au-del\u00e0 de 60 km\/h. Compatible avec les moteurs TQ HPR 120S utilis\u00e9s surtout sur les v\u00e9los \u00e9lectriques Haibike Flyon.\" \/>\n<meta property=\"og:url\" content=\"https:\/\/www.speedfun.bike\/fr\/produit\/speedfun-ribelle-pour-tq-flyon\/\" \/>\n<meta property=\"og:site_name\" content=\"Speed Fun\" \/>\n<meta property=\"article:modified_time\" content=\"2023-03-10T14:53:02+00:00\" \/>\n<meta property=\"og:image\" content=\"https:\/\/www.speedfun.bike\/wp-content\/uploads\/2020\/05\/Flyon-foto-prodotto.png\" \/>\n\t<meta property=\"og:image:width\" content=\"2745\" \/>\n\t<meta property=\"og:image:height\" content=\"2197\" \/>\n\t<meta property=\"og:image:type\" content=\"image\/png\" \/>\n<meta name=\"twitter:card\" content=\"summary_large_image\" \/>\n<meta name=\"twitter:label1\" content=\"Est. reading time\" \/>\n\t<meta name=\"twitter:data1\" content=\"2 minutes\" \/>\n<script type=\"application\/ld+json\" class=\"yoast-schema-graph\">{\"@context\":\"https:\\\/\\\/schema.org\",\"@graph\":[{\"@type\":\"WebPage\",\"@id\":\"https:\\\/\\\/www.speedfun.bike\\\/fr\\\/produit\\\/speedfun-ribelle-pour-tq-flyon\\\/\",\"url\":\"https:\\\/\\\/www.speedfun.bike\\\/fr\\\/produit\\\/speedfun-ribelle-pour-tq-flyon\\\/\",\"name\":\"SpeedFun Ribelle ebike tuning TQ HPR 120S Haibike - SpeedFun tuning\",\"isPartOf\":{\"@id\":\"https:\\\/\\\/speedfun.bike\\\/#website\"},\"primaryImageOfPage\":{\"@id\":\"https:\\\/\\\/www.speedfun.bike\\\/fr\\\/produit\\\/speedfun-ribelle-pour-tq-flyon\\\/#primaryimage\"},\"image\":{\"@id\":\"https:\\\/\\\/www.speedfun.bike\\\/fr\\\/produit\\\/speedfun-ribelle-pour-tq-flyon\\\/#primaryimage\"},\"thumbnailUrl\":\"https:\\\/\\\/www.speedfun.bike\\\/wp-content\\\/uploads\\\/2020\\\/05\\\/Flyon-foto-prodotto.png\",\"datePublished\":\"2020-05-21T14:15:03+00:00\",\"dateModified\":\"2023-03-10T14:53:02+00:00\",\"description\":\"SpeedFun Ribelle est un r\u00e9glage sp\u00e9cialement con\u00e7u pour augmenter l'assistance au-del\u00e0 de 60 km\\\/h. Compatible avec les moteurs TQ HPR 120S utilis\u00e9s surtout sur les v\u00e9los \u00e9lectriques Haibike Flyon.\",\"breadcrumb\":{\"@id\":\"https:\\\/\\\/www.speedfun.bike\\\/fr\\\/produit\\\/speedfun-ribelle-pour-tq-flyon\\\/#breadcrumb\"},\"inLanguage\":\"fr-FR\",\"potentialAction\":[{\"@type\":\"ReadAction\",\"target\":[\"https:\\\/\\\/www.speedfun.bike\\\/fr\\\/produit\\\/speedfun-ribelle-pour-tq-flyon\\\/\"]}]},{\"@type\":\"ImageObject\",\"inLanguage\":\"fr-FR\",\"@id\":\"https:\\\/\\\/www.speedfun.bike\\\/fr\\\/produit\\\/speedfun-ribelle-pour-tq-flyon\\\/#primaryimage\",\"url\":\"https:\\\/\\\/www.speedfun.bike\\\/wp-content\\\/uploads\\\/2020\\\/05\\\/Flyon-foto-prodotto.png\",\"contentUrl\":\"https:\\\/\\\/www.speedfun.bike\\\/wp-content\\\/uploads\\\/2020\\\/05\\\/Flyon-foto-prodotto.png\",\"width\":2745,\"height\":2197,\"caption\":\"Dispositif de r\u00e9glage de d\u00e9verrouillage SpeedFun Ribelle pour les moteurs TQ Flyon sur le v\u00e9lo \u00e9lectrique Haibike 2020. Le kit d\u00e9verrouille la vitesse jusqu'\u00e0 50 km\\\/h et affiche les donn\u00e9es correctes sur l'\u00e9cran.\"},{\"@type\":\"BreadcrumbList\",\"@id\":\"https:\\\/\\\/www.speedfun.bike\\\/fr\\\/produit\\\/speedfun-ribelle-pour-tq-flyon\\\/#breadcrumb\",\"itemListElement\":[{\"@type\":\"ListItem\",\"position\":1,\"name\":\"Home\",\"item\":\"https:\\\/\\\/speedfun.bike\\\/fr\\\/\"},{\"@type\":\"ListItem\",\"position\":2,\"name\":\"Boutique\",\"item\":\"https:\\\/\\\/speedfun.bike\\\/fr\\\/boutique\\\/\"},{\"@type\":\"ListItem\",\"position\":3,\"name\":\"SpeedFun Ribelle pour TQ HPR 120S\"}]},{\"@type\":\"WebSite\",\"@id\":\"https:\\\/\\\/speedfun.bike\\\/#website\",\"url\":\"https:\\\/\\\/speedfun.bike\\\/\",\"name\":\"Speed Fun\",\"description\":\"Sblocco velocit\u00e0 bici elettriche\",\"potentialAction\":[{\"@type\":\"SearchAction\",\"target\":{\"@type\":\"EntryPoint\",\"urlTemplate\":\"https:\\\/\\\/speedfun.bike\\\/?s={search_term_string}\"},\"query-input\":{\"@type\":\"PropertyValueSpecification\",\"valueRequired\":true,\"valueName\":\"search_term_string\"}}],\"inLanguage\":\"fr-FR\"}]}<\/script>\n<!-- \/ Yoast SEO plugin. -->","yoast_head_json":{"title":"SpeedFun Ribelle ebike tuning TQ HPR 120S Haibike - SpeedFun tuning","description":"SpeedFun Ribelle est un r\u00e9glage sp\u00e9cialement con\u00e7u pour augmenter l'assistance au-del\u00e0 de 60 km\/h. Compatible avec les moteurs TQ HPR 120S utilis\u00e9s surtout sur les v\u00e9los \u00e9lectriques Haibike Flyon.","robots":{"index":"index","follow":"follow","max-snippet":"max-snippet:-1","max-image-preview":"max-image-preview:large","max-video-preview":"max-video-preview:-1"},"canonical":"https:\/\/www.speedfun.bike\/fr\/produit\/speedfun-ribelle-pour-tq-flyon\/","og_locale":"fr_FR","og_type":"article","og_title":"SpeedFun Ribelle ebike tuning TQ HPR 120S Haibike - SpeedFun tuning","og_description":"SpeedFun Ribelle est un r\u00e9glage sp\u00e9cialement con\u00e7u pour augmenter l'assistance au-del\u00e0 de 60 km\/h. Compatible avec les moteurs TQ HPR 120S utilis\u00e9s surtout sur les v\u00e9los \u00e9lectriques Haibike Flyon.","og_url":"https:\/\/www.speedfun.bike\/fr\/produit\/speedfun-ribelle-pour-tq-flyon\/","og_site_name":"Speed Fun","article_modified_time":"2023-03-10T14:53:02+00:00","og_image":[{"width":2745,"height":2197,"url":"https:\/\/www.speedfun.bike\/wp-content\/uploads\/2020\/05\/Flyon-foto-prodotto.png","type":"image\/png"}],"twitter_card":"summary_large_image","twitter_misc":{"Est. reading time":"2 minutes"},"schema":{"@context":"https:\/\/schema.org","@graph":[{"@type":"WebPage","@id":"https:\/\/www.speedfun.bike\/fr\/produit\/speedfun-ribelle-pour-tq-flyon\/","url":"https:\/\/www.speedfun.bike\/fr\/produit\/speedfun-ribelle-pour-tq-flyon\/","name":"SpeedFun Ribelle ebike tuning TQ HPR 120S Haibike - SpeedFun tuning","isPartOf":{"@id":"https:\/\/speedfun.bike\/#website"},"primaryImageOfPage":{"@id":"https:\/\/www.speedfun.bike\/fr\/produit\/speedfun-ribelle-pour-tq-flyon\/#primaryimage"},"image":{"@id":"https:\/\/www.speedfun.bike\/fr\/produit\/speedfun-ribelle-pour-tq-flyon\/#primaryimage"},"thumbnailUrl":"https:\/\/www.speedfun.bike\/wp-content\/uploads\/2020\/05\/Flyon-foto-prodotto.png","datePublished":"2020-05-21T14:15:03+00:00","dateModified":"2023-03-10T14:53:02+00:00","description":"SpeedFun Ribelle est un r\u00e9glage sp\u00e9cialement con\u00e7u pour augmenter l'assistance au-del\u00e0 de 60 km\/h. Compatible avec les moteurs TQ HPR 120S utilis\u00e9s surtout sur les v\u00e9los \u00e9lectriques Haibike Flyon.","breadcrumb":{"@id":"https:\/\/www.speedfun.bike\/fr\/produit\/speedfun-ribelle-pour-tq-flyon\/#breadcrumb"},"inLanguage":"fr-FR","potentialAction":[{"@type":"ReadAction","target":["https:\/\/www.speedfun.bike\/fr\/produit\/speedfun-ribelle-pour-tq-flyon\/"]}]},{"@type":"ImageObject","inLanguage":"fr-FR","@id":"https:\/\/www.speedfun.bike\/fr\/produit\/speedfun-ribelle-pour-tq-flyon\/#primaryimage","url":"https:\/\/www.speedfun.bike\/wp-content\/uploads\/2020\/05\/Flyon-foto-prodotto.png","contentUrl":"https:\/\/www.speedfun.bike\/wp-content\/uploads\/2020\/05\/Flyon-foto-prodotto.png","width":2745,"height":2197,"caption":"Dispositif de r\u00e9glage de d\u00e9verrouillage SpeedFun Ribelle pour les moteurs TQ Flyon sur le v\u00e9lo \u00e9lectrique Haibike 2020. Le kit d\u00e9verrouille la vitesse jusqu'\u00e0 50 km\/h et affiche les donn\u00e9es correctes sur l'\u00e9cran."},{"@type":"BreadcrumbList","@id":"https:\/\/www.speedfun.bike\/fr\/produit\/speedfun-ribelle-pour-tq-flyon\/#breadcrumb","itemListElement":[{"@type":"ListItem","position":1,"name":"Home","item":"https:\/\/speedfun.bike\/fr\/"},{"@type":"ListItem","position":2,"name":"Boutique","item":"https:\/\/speedfun.bike\/fr\/boutique\/"},{"@type":"ListItem","position":3,"name":"SpeedFun Ribelle pour TQ HPR 120S"}]},{"@type":"WebSite","@id":"https:\/\/speedfun.bike\/#website","url":"https:\/\/speedfun.bike\/","name":"Speed Fun","description":"Sblocco velocit\u00e0 bici elettriche","potentialAction":[{"@type":"SearchAction","target":{"@type":"EntryPoint","urlTemplate":"https:\/\/speedfun.bike\/?s={search_term_string}"},"query-input":{"@type":"PropertyValueSpecification","valueRequired":true,"valueName":"search_term_string"}}],"inLanguage":"fr-FR"}]}},"_links":{"self":[{"href":"https:\/\/www.speedfun.bike\/fr\/wp-json\/wp\/v2\/product\/39685","targetHints":{"allow":["GET"]}}],"collection":[{"href":"https:\/\/www.speedfun.bike\/fr\/wp-json\/wp\/v2\/product"}],"about":[{"href":"https:\/\/www.speedfun.bike\/fr\/wp-json\/wp\/v2\/types\/product"}],"replies":[{"embeddable":true,"href":"https:\/\/www.speedfun.bike\/fr\/wp-json\/wp\/v2\/comments?post=39685"}],"wp:featuredmedia":[{"embeddable":true,"href":"https:\/\/www.speedfun.bike\/fr\/wp-json\/wp\/v2\/media\/39714"}],"wp:attachment":[{"href":"https:\/\/www.speedfun.bike\/fr\/wp-json\/wp\/v2\/media?parent=39685"}],"wp:term":[{"taxonomy":"product_brand","embeddable":true,"href":"https:\/\/www.speedfun.bike\/fr\/wp-json\/wp\/v2\/product_brand?post=39685"},{"taxonomy":"product_cat","embeddable":true,"href":"https:\/\/www.speedfun.bike\/fr\/wp-json\/wp\/v2\/product_cat?post=39685"},{"taxonomy":"product_tag","embeddable":true,"href":"https:\/\/www.speedfun.bike\/fr\/wp-json\/wp\/v2\/product_tag?post=39685"}],"curies":[{"name":"wp","href":"https:\/\/api.w.org\/{rel}","templated":true}]}}