{"id":3929,"date":"2017-10-20T23:03:45","date_gmt":"2017-10-20T21:03:45","guid":{"rendered":"https:\/\/speedfun.bike\/prodotto\/speedup-ribelle-pour-bosch\/"},"modified":"2025-01-28T16:03:59","modified_gmt":"2025-01-28T15:03:59","slug":"speedup-ribelle-pour-bosch","status":"publish","type":"product","link":"https:\/\/www.speedfun.bike\/fr\/produit\/speedup-ribelle-pour-bosch\/","title":{"rendered":"SpeedFun Ribelle pour Bosch"},"content":{"rendered":"<div class=\"wpb-content-wrapper\"><p>[vc_row][vc_column width=&#8221;1\/1&#8243;][vc_column_text uncode_shortcode_id=&#8221;143868&#8243;]<\/p>\n<h2>Qu\u2019est-ce que le r\u00e9glage du ebike Bosch SpeedFun Ribelle?<\/h2>\n<p>SpeedFun Ribelle est un r\u00e9glage de v\u00e9lo \u00e9lectrique Bosch qui vous permet d\u2019augmenter la vitesse du ebike en supprimant le bloc r\u00e9gl\u00e9 \u00e0 25 kmH. Avec SpeedFun Ribelle, l\u2019assistance active est augment\u00e9e jusqu\u2019\u00e0 des vitesses pouvant d\u00e9passer 60 km\/h (<a href=\"https:\/\/speedfun.bike\/wp-content\/uploads\/2019\/06\/ebike-non-va-a-50-kmh.pdf\">info<\/a>), profitant pleinement du potentiel du moteur.<\/p>\n<p>Cet appareil est <strong>compatible avec les display Intuvia, Purion, Nyon (y compris les nouveaux display Nyon 2021) et Kiox<\/strong> et peut \u00eatre install\u00e9 sur <strong>Bosch (BES2)<\/strong>:<\/p>\n<ul>\n<li>&#8211; Gen.2 (Active, Performance and Performance CX 2014, 2015, 2016, 2017, 2018, 2019 et 2020)<\/li>\n<li>&#8211; Gen.3 (Active Line, Active Line Plus 2018, 2019 et 2020)<\/li>\n<li>&#8211; Gen. 4 (Performance CX et Performance Line \u00e0 partir de 2020)<\/li>\n<\/ul>\n<p>SpeedFun Ribelle <strong>est un tr\u00e8s petit appareil<\/strong>, mesurant seulement 38 x 16,5 x 7,5 mm et \u00e9tant <strong>\u00e9quip\u00e9 de connecteurs d\u2019origine<\/strong>, il n\u2019alt\u00e8re pas la r\u00e9sistance \u00e9lectrique et les caract\u00e9ristiques d\u2019\u00e9tanch\u00e9it\u00e9.<\/p>\n<p>Le tuning du ebike Bosch SpeedFun <strong>Ribelle affiche toujours \u00e0 la fois la vitesse et la distance r\u00e9elles sur display et peut \u00eatre activ\u00e9 ou d\u00e9sactiv\u00e9<\/strong> en appuyant sur une simple s\u00e9quence de touches directement \u00e0 partir de la commande du guidon du v\u00e9lo \u00e9lectrique. L\u2019activation et la d\u00e9sactivation de l\u2019appareil sont indiqu\u00e9es sur l\u2019\u00e9cran.<\/p>\n<p>SpeedFun Ribelle pour Bosch, gr\u00e2ce \u00e0 son algorithme de fonctionnement particulier, entre en action \u00e0 16 km\/h sans que le cycliste ne remarque aucune diff\u00e9rence d\u2019assistance. Il n\u2019intervient en aucun cas \u00e0 basse vitesse. Cette pr\u00e9caution importante a \u00e9t\u00e9 mise en \u0153uvre pour \u00e9viter les pertes de puissance, les pannes ou les op\u00e9rations de \u00abhoquet\u00bb.<\/p>\n<p><strong>SpeedFun Ribelle pour Bosch<\/strong>\u00a0est disponible\u00a0<strong>en deux versions:<\/strong><\/p>\n<ul>\n<li><strong>\u2013 version standard:<\/strong>\u00a0vous permet de d\u00e9verrouiller le v\u00e9lo \u00e9lectrique \u00e0 plus de 25 km\/h en laissant les donn\u00e9es r\u00e9elles sur display.<\/li>\n<li>\u2013\u00a0<strong>version plus:<\/strong>\u00a0m\u00eames fonctions que la version standard mais plus:\n<ul>\n<li>R\u00e9glage de la vitesse maximale: vous pouvez d\u00e9finir la vitesse maximale. au-del\u00e0 de laquelle le moteur cesse d\u2019assister.<\/li>\n<li>Fonction \u00ab Antivol \u00bb : une s\u00e9quence de cl\u00e9s peut \u00eatre activ\u00e9e (unique pour chaque appareil) \u00e0 ins\u00e9rer dans les 10s suivant le d\u00e9marrage du v\u00e9lo \u00e9lectrique. Si la s\u00e9quence n\u2019est pas entr\u00e9e correctement, le v\u00e9lo \u00e9lectrique s\u2019\u00e9teindra et n\u2019assistera pas.<\/li>\n<li>Modification de la courbe de couple: il est possible de choisir entre 3 niveaux pr\u00e9d\u00e9finis diff\u00e9rents qui font varier la r\u00e9ponse du moteur.<\/li>\n<\/ul>\n<\/li>\n<\/ul>\n<p><strong>Avis important:<\/strong><br \/>\nAffichage COBI et SmartHub : le dispositif de r\u00e9glage Ribelle Plus est compatible avec l affichage SmartHub de COBI mais ne permet que l activation et la d\u00e9sactivation du d\u00e9clencheur, toutes les autres fonctionnalit\u00e9s ne peuvent pas \u00eatre g\u00e9r\u00e9es.<br \/>\nMode \u00ab personnalisation p\u00e9dalage \/ assistance personnalis\u00e9e \u00bb : le dispositif de r\u00e9glage Ribelle (tant standard que plus) n\u2019est pas compatible avec cette fonctionnalit\u00e9 propos\u00e9e par Bosch sur les \u00e9crans Nyon (dont le nouveau Nyon 2021).<\/p>\n<p>&nbsp;<\/p>\n<p><strong>ATTENTION!<\/strong><br \/>\nCet appareil n\u2019est pas compatible avec les moteurs Bosch \u201csmart system\u201d.[\/vc_column_text][\/vc_column][\/vc_row]<\/p>\n<\/div>","protected":false},"excerpt":{"rendered":"<p><strong>SpeedFun Ribelle est un r\u00e9glage de ebike Bosch<\/strong> qui vous permet de supprimer le bloc de vitesse \u00e0 25 kmH et <strong>d&#8217;augmenter son assistance active<\/strong> jusqu&#8217;\u00e0 des vitesses pouvant d\u00e9passer <strong>60 kmH<\/strong>.<\/p>\n<p>Ce dispositif de debridage est <strong>compatible avec les moteurs Bosch gen.2, gen.3 et gen.4 (BES2)<\/strong> et avec les <strong>display Intuvia, Purion, Nyon<\/strong> (y compris les <strong>nouveaux display Nyon 2021<\/strong>)<strong> et Kiox.<\/strong><\/p>\n<p><strong>SpeedFun Ribelle pour ebike Bosch affiche des donn\u00e9es r\u00e9elles sur display.<\/strong><\/p>\n","protected":false},"featured_media":70734,"comment_status":"open","ping_status":"closed","template":"","meta":{"_acf_changed":false},"product_brand":[],"product_cat":[20,274],"product_tag":[],"class_list":{"0":"post-3929","1":"product","2":"type-product","3":"status-publish","4":"has-post-thumbnail","6":"product_cat-for-bosch-fr","7":"product_cat-ribelle-fr","9":"first","10":"instock","11":"taxable","12":"shipping-taxable","13":"purchasable","14":"product-type-variable","15":"has-default-attributes"},"acf":[],"yoast_head":"<!-- This site is optimized with the Yoast SEO plugin v27.3 - https:\/\/yoast.com\/product\/yoast-seo-wordpress\/ -->\n<title>SpeedFun Ribelle ebike tuning kit Bosch CX Performance, Active Line<\/title>\n<meta name=\"description\" content=\"Le kit de r\u00e9glage pour v\u00e9lo \u00e9lectrique SpeedFun Ribelle augmente l&#039;assistance \u00e0 60 km\/h sur Bosch Performance CX, Active Line, Active Line Plus et tous les moteurs Bosch BES2\" \/>\n<meta name=\"robots\" content=\"index, follow, max-snippet:-1, max-image-preview:large, max-video-preview:-1\" \/>\n<link rel=\"canonical\" href=\"https:\/\/www.speedfun.bike\/prodotto\/speedup-ribelle\/\" \/>\n<meta property=\"og:locale\" content=\"fr_FR\" \/>\n<meta property=\"og:type\" content=\"article\" \/>\n<meta property=\"og:title\" content=\"SpeedFun Ribelle ebike tuning kit Bosch CX Performance, Active Line\" \/>\n<meta property=\"og:description\" content=\"Le kit de r\u00e9glage pour v\u00e9lo \u00e9lectrique SpeedFun Ribelle augmente l&#039;assistance \u00e0 60 km\/h sur Bosch Performance CX, Active Line, Active Line Plus et tous les moteurs Bosch BES2\" \/>\n<meta property=\"og:url\" content=\"https:\/\/www.speedfun.bike\/prodotto\/speedup-ribelle\/\" \/>\n<meta property=\"og:site_name\" content=\"Speed Fun\" \/>\n<meta property=\"article:modified_time\" content=\"2025-01-28T15:03:59+00:00\" \/>\n<meta property=\"og:image\" content=\"https:\/\/www.speedfun.bike\/wp-content\/uploads\/2021\/03\/Nuovo-tuning-speedfun-ribelle-per-ebike-bosch-2.2.png\" \/>\n\t<meta property=\"og:image:width\" content=\"1280\" \/>\n\t<meta property=\"og:image:height\" content=\"960\" \/>\n\t<meta property=\"og:image:type\" content=\"image\/png\" \/>\n<meta name=\"twitter:card\" content=\"summary_large_image\" \/>\n<meta name=\"twitter:label1\" content=\"Est. reading time\" \/>\n\t<meta name=\"twitter:data1\" content=\"3 minutes\" \/>\n<script type=\"application\/ld+json\" class=\"yoast-schema-graph\">{\"@context\":\"https:\\\/\\\/schema.org\",\"@graph\":[{\"@type\":\"WebPage\",\"@id\":\"https:\\\/\\\/www.speedfun.bike\\\/prodotto\\\/speedup-ribelle\\\/\",\"url\":\"https:\\\/\\\/www.speedfun.bike\\\/prodotto\\\/speedup-ribelle\\\/\",\"name\":\"SpeedFun Ribelle ebike tuning kit Bosch CX Performance, Active Line\",\"isPartOf\":{\"@id\":\"https:\\\/\\\/www.speedfun.bike\\\/#website\"},\"primaryImageOfPage\":{\"@id\":\"https:\\\/\\\/www.speedfun.bike\\\/prodotto\\\/speedup-ribelle\\\/#primaryimage\"},\"image\":{\"@id\":\"https:\\\/\\\/www.speedfun.bike\\\/prodotto\\\/speedup-ribelle\\\/#primaryimage\"},\"thumbnailUrl\":\"https:\\\/\\\/www.speedfun.bike\\\/wp-content\\\/uploads\\\/2021\\\/03\\\/Nuovo-tuning-speedfun-ribelle-per-ebike-bosch-2.2.png\",\"datePublished\":\"2017-10-20T21:03:45+00:00\",\"dateModified\":\"2025-01-28T15:03:59+00:00\",\"description\":\"Le kit de r\u00e9glage pour v\u00e9lo \u00e9lectrique SpeedFun Ribelle augmente l'assistance \u00e0 60 km\\\/h sur Bosch Performance CX, Active Line, Active Line Plus et tous les moteurs Bosch BES2\",\"breadcrumb\":{\"@id\":\"https:\\\/\\\/www.speedfun.bike\\\/prodotto\\\/speedup-ribelle\\\/#breadcrumb\"},\"inLanguage\":\"fr-FR\",\"potentialAction\":[{\"@type\":\"ReadAction\",\"target\":[\"https:\\\/\\\/www.speedfun.bike\\\/prodotto\\\/speedup-ribelle\\\/\"]}]},{\"@type\":\"ImageObject\",\"inLanguage\":\"fr-FR\",\"@id\":\"https:\\\/\\\/www.speedfun.bike\\\/prodotto\\\/speedup-ribelle\\\/#primaryimage\",\"url\":\"https:\\\/\\\/www.speedfun.bike\\\/wp-content\\\/uploads\\\/2021\\\/03\\\/Nuovo-tuning-speedfun-ribelle-per-ebike-bosch-2.2.png\",\"contentUrl\":\"https:\\\/\\\/www.speedfun.bike\\\/wp-content\\\/uploads\\\/2021\\\/03\\\/Nuovo-tuning-speedfun-ribelle-per-ebike-bosch-2.2.png\",\"width\":1280,\"height\":960,\"caption\":\"SpeedFun Ribelle est un r\u00e9glage pour les v\u00e9los \u00e9lectriques Bosch. Il d\u00e9verrouille la vitesse jusqu'\u00e0 60 km\\\/h et est compatible avec les moteurs Bosch gen.2, gen.3 et gen.4 (y compris Performance CX 2020 et 2021) et avec Intuvia, Purion, Nyon (y compris le nouveau Nyon 2021) et Kiox .\"},{\"@type\":\"BreadcrumbList\",\"@id\":\"https:\\\/\\\/www.speedfun.bike\\\/prodotto\\\/speedup-ribelle\\\/#breadcrumb\",\"itemListElement\":[{\"@type\":\"ListItem\",\"position\":1,\"name\":\"Home\",\"item\":\"https:\\\/\\\/www.speedfun.bike\\\/fr\\\/\"},{\"@type\":\"ListItem\",\"position\":2,\"name\":\"Boutique\",\"item\":\"https:\\\/\\\/www.speedfun.bike\\\/fr\\\/boutique\\\/\"},{\"@type\":\"ListItem\",\"position\":3,\"name\":\"SpeedFun Ribelle pour Bosch\"}]},{\"@type\":\"WebSite\",\"@id\":\"https:\\\/\\\/www.speedfun.bike\\\/#website\",\"url\":\"https:\\\/\\\/www.speedfun.bike\\\/\",\"name\":\"Speed Fun\",\"description\":\"Sblocco velocit\u00e0 bici elettriche\",\"potentialAction\":[{\"@type\":\"SearchAction\",\"target\":{\"@type\":\"EntryPoint\",\"urlTemplate\":\"https:\\\/\\\/www.speedfun.bike\\\/?s={search_term_string}\"},\"query-input\":{\"@type\":\"PropertyValueSpecification\",\"valueRequired\":true,\"valueName\":\"search_term_string\"}}],\"inLanguage\":\"fr-FR\"}]}<\/script>\n<!-- \/ Yoast SEO plugin. -->","yoast_head_json":{"title":"SpeedFun Ribelle ebike tuning kit Bosch CX Performance, Active Line","description":"Le kit de r\u00e9glage pour v\u00e9lo \u00e9lectrique SpeedFun Ribelle augmente l'assistance \u00e0 60 km\/h sur Bosch Performance CX, Active Line, Active Line Plus et tous les moteurs Bosch BES2","robots":{"index":"index","follow":"follow","max-snippet":"max-snippet:-1","max-image-preview":"max-image-preview:large","max-video-preview":"max-video-preview:-1"},"canonical":"https:\/\/www.speedfun.bike\/prodotto\/speedup-ribelle\/","og_locale":"fr_FR","og_type":"article","og_title":"SpeedFun Ribelle ebike tuning kit Bosch CX Performance, Active Line","og_description":"Le kit de r\u00e9glage pour v\u00e9lo \u00e9lectrique SpeedFun Ribelle augmente l'assistance \u00e0 60 km\/h sur Bosch Performance CX, Active Line, Active Line Plus et tous les moteurs Bosch BES2","og_url":"https:\/\/www.speedfun.bike\/prodotto\/speedup-ribelle\/","og_site_name":"Speed Fun","article_modified_time":"2025-01-28T15:03:59+00:00","og_image":[{"width":1280,"height":960,"url":"https:\/\/www.speedfun.bike\/wp-content\/uploads\/2021\/03\/Nuovo-tuning-speedfun-ribelle-per-ebike-bosch-2.2.png","type":"image\/png"}],"twitter_card":"summary_large_image","twitter_misc":{"Est. reading time":"3 minutes"},"schema":{"@context":"https:\/\/schema.org","@graph":[{"@type":"WebPage","@id":"https:\/\/www.speedfun.bike\/prodotto\/speedup-ribelle\/","url":"https:\/\/www.speedfun.bike\/prodotto\/speedup-ribelle\/","name":"SpeedFun Ribelle ebike tuning kit Bosch CX Performance, Active Line","isPartOf":{"@id":"https:\/\/www.speedfun.bike\/#website"},"primaryImageOfPage":{"@id":"https:\/\/www.speedfun.bike\/prodotto\/speedup-ribelle\/#primaryimage"},"image":{"@id":"https:\/\/www.speedfun.bike\/prodotto\/speedup-ribelle\/#primaryimage"},"thumbnailUrl":"https:\/\/www.speedfun.bike\/wp-content\/uploads\/2021\/03\/Nuovo-tuning-speedfun-ribelle-per-ebike-bosch-2.2.png","datePublished":"2017-10-20T21:03:45+00:00","dateModified":"2025-01-28T15:03:59+00:00","description":"Le kit de r\u00e9glage pour v\u00e9lo \u00e9lectrique SpeedFun Ribelle augmente l'assistance \u00e0 60 km\/h sur Bosch Performance CX, Active Line, Active Line Plus et tous les moteurs Bosch BES2","breadcrumb":{"@id":"https:\/\/www.speedfun.bike\/prodotto\/speedup-ribelle\/#breadcrumb"},"inLanguage":"fr-FR","potentialAction":[{"@type":"ReadAction","target":["https:\/\/www.speedfun.bike\/prodotto\/speedup-ribelle\/"]}]},{"@type":"ImageObject","inLanguage":"fr-FR","@id":"https:\/\/www.speedfun.bike\/prodotto\/speedup-ribelle\/#primaryimage","url":"https:\/\/www.speedfun.bike\/wp-content\/uploads\/2021\/03\/Nuovo-tuning-speedfun-ribelle-per-ebike-bosch-2.2.png","contentUrl":"https:\/\/www.speedfun.bike\/wp-content\/uploads\/2021\/03\/Nuovo-tuning-speedfun-ribelle-per-ebike-bosch-2.2.png","width":1280,"height":960,"caption":"SpeedFun Ribelle est un r\u00e9glage pour les v\u00e9los \u00e9lectriques Bosch. Il d\u00e9verrouille la vitesse jusqu'\u00e0 60 km\/h et est compatible avec les moteurs Bosch gen.2, gen.3 et gen.4 (y compris Performance CX 2020 et 2021) et avec Intuvia, Purion, Nyon (y compris le nouveau Nyon 2021) et Kiox ."},{"@type":"BreadcrumbList","@id":"https:\/\/www.speedfun.bike\/prodotto\/speedup-ribelle\/#breadcrumb","itemListElement":[{"@type":"ListItem","position":1,"name":"Home","item":"https:\/\/www.speedfun.bike\/fr\/"},{"@type":"ListItem","position":2,"name":"Boutique","item":"https:\/\/www.speedfun.bike\/fr\/boutique\/"},{"@type":"ListItem","position":3,"name":"SpeedFun Ribelle pour Bosch"}]},{"@type":"WebSite","@id":"https:\/\/www.speedfun.bike\/#website","url":"https:\/\/www.speedfun.bike\/","name":"Speed Fun","description":"Sblocco velocit\u00e0 bici elettriche","potentialAction":[{"@type":"SearchAction","target":{"@type":"EntryPoint","urlTemplate":"https:\/\/www.speedfun.bike\/?s={search_term_string}"},"query-input":{"@type":"PropertyValueSpecification","valueRequired":true,"valueName":"search_term_string"}}],"inLanguage":"fr-FR"}]}},"_links":{"self":[{"href":"https:\/\/www.speedfun.bike\/fr\/wp-json\/wp\/v2\/product\/3929","targetHints":{"allow":["GET"]}}],"collection":[{"href":"https:\/\/www.speedfun.bike\/fr\/wp-json\/wp\/v2\/product"}],"about":[{"href":"https:\/\/www.speedfun.bike\/fr\/wp-json\/wp\/v2\/types\/product"}],"replies":[{"embeddable":true,"href":"https:\/\/www.speedfun.bike\/fr\/wp-json\/wp\/v2\/comments?post=3929"}],"wp:featuredmedia":[{"embeddable":true,"href":"https:\/\/www.speedfun.bike\/fr\/wp-json\/wp\/v2\/media\/70734"}],"wp:attachment":[{"href":"https:\/\/www.speedfun.bike\/fr\/wp-json\/wp\/v2\/media?parent=3929"}],"wp:term":[{"taxonomy":"product_brand","embeddable":true,"href":"https:\/\/www.speedfun.bike\/fr\/wp-json\/wp\/v2\/product_brand?post=3929"},{"taxonomy":"product_cat","embeddable":true,"href":"https:\/\/www.speedfun.bike\/fr\/wp-json\/wp\/v2\/product_cat?post=3929"},{"taxonomy":"product_tag","embeddable":true,"href":"https:\/\/www.speedfun.bike\/fr\/wp-json\/wp\/v2\/product_tag?post=3929"}],"curies":[{"name":"wp","href":"https:\/\/api.w.org\/{rel}","templated":true}]}}