{"id":37093,"date":"2019-12-15T19:06:58","date_gmt":"2019-12-15T18:06:58","guid":{"rendered":"https:\/\/speedfun.bike\/prodotto\/speedfun-ribelle-pour-oli-et-am80-atala\/"},"modified":"2024-06-21T17:26:43","modified_gmt":"2024-06-21T16:26:43","slug":"speedfun-ribelle-pour-oli-et-am80-atala","status":"publish","type":"product","link":"https:\/\/www.speedfun.bike\/fr\/produit\/speedfun-ribelle-pour-oli-et-am80-atala\/","title":{"rendered":"SpeedFun Ribelle pour Oli Move, Oli Move Plus, Oli Sport et Oli Sport Plus"},"content":{"rendered":"<div class=\"wpb-content-wrapper\"><p>[vc_row][vc_column width=&#8221;1\/1&#8243;][vc_column_text uncode_shortcode_id=&#8221;207502&#8243;]<\/p>\n<h2>Qu\u2019est-ce que SpeedFun Ribelle pour Oli Move, Oli Move Plus, Oli Sport et Oli Sport Plus, AM80-Atala et Bianchi by Oli ?<\/h2>\n<div class=\"widget\">\n<p>SpeedFun Ribelle est un r\u00e9glage pour v\u00e9los \u00e9lectriques avec moteurs Oli Move, Oli Move Plus, Oli Sport et Oli Sport Plus qui permet d\u2019augmenter la vitesse du v\u00e9lo \u00e9lectrique en supprimant le bloc r\u00e9gl\u00e9 \u00e0 25 kmH. Avec SpeedFun Ribelle, l\u2019assistance active est augment\u00e9e jusqu\u2019\u00e0 des vitesses pouvant d\u00e9passer 60 km\/h (<a href=\"https:\/\/speedfun.bike\/wp-content\/uploads\/2019\/06\/ebike-non-va-a-50-kmh.pdf\">info<\/a>), en exploitant pleinement le potentiel du moteur.<\/p>\n<p>Ce dispositif de lib\u00e9ration de vitesse pour v\u00e9lo \u00e9lectrique est con\u00e7u pour les moteurs Oli Move, Oli Move Plus, Oli Sport et Oli Sport Plus, AM80-Atala (c\u2019est un Oli) et Bianchi by Oli principalement utilis\u00e9s sur les v\u00e9los \u00e9lectriques Olympia, Bianchi, Atala et de nombreuses autres marques.<\/p>\n<p>Le r\u00e9glage du v\u00e9lo \u00e9lectrique SpeedFun Ribelle affiche toujours \u00e0 l\u2019\u00e9cran la vitesse et la distance r\u00e9elles et peut \u00eatre activ\u00e9 ou d\u00e9sactiv\u00e9 en appuyant sur une simple s\u00e9quence de touches directement depuis la commande du guidon du v\u00e9lo \u00e9lectrique. L\u2019activation et la d\u00e9sactivation du dispositif sont signal\u00e9es sur l\u2019\u00e9cran.<\/p>\n<div class=\"widget\">\n<p>&nbsp;<\/p>\n<\/div>\n<h2>V\u00e9lo \u00e9lectrique avec moteur Oli Move, Oli Move Plus, Oli Sport et Oli Sport Plus, AM80-Atala (c\u2019est un Oli) et Bianchi by Oli o\u00f9 le dispositif RIBELLE a \u00e9t\u00e9 install\u00e9 avec succ\u00e8s<\/h2>\n<p>(cette liste est exemplaire et non exhaustive)<\/p>\n<\/div>\n<p>[\/vc_column_text][vc_row_inner][vc_column_inner width=&#8221;1\/3&#8243;][vc_column_text]<\/p>\n<p>&#8211; Armony Imola<br \/>\n&#8211; Armony Sestriere Evo<br \/>\n&#8211; Armony Campione Pro<br \/>\n&#8211; Olympia E-Country<br \/>\n&#8211; Olympia E2<br \/>\n&#8211; Olympia EX 900 Sport e EX 900 Karbo Sport<br \/>\n&#8211; Olympia Performer 900 Sport<br \/>\n&#8211; Olympia Explorer 900<br \/>\n&#8211; Olympia Speedster man e Speedster comfort<\/p>\n<p>[\/vc_column_text][\/vc_column_inner][vc_column_inner width=&#8221;1\/3&#8243;][vc_column_text]<\/p>\n<p>&#8211; MBM Titania<br \/>\n&#8211; MBM Maui<br \/>\n&#8211; MBM Maui Lady<br \/>\n&#8211; MBM Oberon<br \/>\n&#8211; MBM Plus Metis<br \/>\n&#8211; MBM Metis<\/p>\n<p>[\/vc_column_text][\/vc_column_inner][vc_column_inner width=&#8221;1\/3&#8243;][vc_column_text]<\/p>\n<p>&#8211; Atala B-XGR 8<br \/>\n&#8211; Atala B-Cross 500<br \/>\n&#8211; Atala B-Cross 400<br \/>\n&#8211; Atala B-Easy S<br \/>\n&#8211; Atala B-Easy<br \/>\n&#8211; Garelli Audax xc 005<\/p>\n<p>[\/vc_column_text][\/vc_column_inner][\/vc_row_inner][\/vc_column][\/vc_row]<\/p>\n<\/div>","protected":false},"excerpt":{"rendered":"<p>SpeedFun Ribelle est un r\u00e9glage de v\u00e9lo \u00e9lectrique qui permet de supprimer le blocage de vitesse \u00e0 25 kmH et d&#8217;augmenter son assistance active jusqu&#8217;\u00e0 des vitesses pouvant d\u00e9passer 60 KmH en exploitant pleinement le potentiel du moteur.<\/p>\n<p>Ce dispositif de d\u00e9verrouillage est compatible avec les moteurs Oli Move, Oli Move Plus, Oli Sport et Oli Sport Plus, AM80-Atala et Bianchi by Oli, quel que soit l&#8217;\u00e9cran install\u00e9 sur le v\u00e9lo \u00e9lectrique.<\/p>\n<p>SpeedFun Ribelle pour v\u00e9los \u00e9lectriques avec moteur Oli affiche toujours la vitesse et les distances r\u00e9elles sur l&#8217;\u00e9cran.<\/p>\n","protected":false},"featured_media":120762,"comment_status":"open","ping_status":"closed","template":"","meta":{"_acf_changed":false},"product_brand":[],"product_cat":[45,274],"product_tag":[],"class_list":{"0":"post-37093","1":"product","2":"type-product","3":"status-publish","4":"has-post-thumbnail","6":"product_cat-for-olieds-am80-fr","7":"product_cat-ribelle-fr","9":"first","10":"instock","11":"taxable","12":"shipping-taxable","13":"purchasable","14":"product-type-simple"},"acf":[],"yoast_head":"<!-- This site is optimized with the Yoast SEO plugin v27.3 - https:\/\/yoast.com\/product\/yoast-seo-wordpress\/ -->\n<title>SpeedFun Ribelle tuning ebike Oli Move, Oli Move Plus et Oli Sport<\/title>\n<meta name=\"description\" content=\"Le r\u00e9glage du v\u00e9lo \u00e9lectrique SpeedFun Ribelle pour les moteurs Oli Move, Oli Move Plus et Oli Sport supprime le blocage \u00e0 25 km\/h, augmentant les performances de votre v\u00e9lo \u00e9lectrique jusqu&#039;\u00e0 60 km\/h\" \/>\n<meta name=\"robots\" content=\"index, follow, max-snippet:-1, max-image-preview:large, max-video-preview:-1\" \/>\n<link rel=\"canonical\" href=\"https:\/\/www.speedfun.bike\/fr\/produit\/speedfun-ribelle-pour-oli-et-am80-atala\/\" \/>\n<meta property=\"og:locale\" content=\"fr_FR\" \/>\n<meta property=\"og:type\" content=\"article\" \/>\n<meta property=\"og:title\" content=\"SpeedFun Ribelle tuning ebike Oli Move, Oli Move Plus et Oli Sport\" \/>\n<meta property=\"og:description\" content=\"Le r\u00e9glage du v\u00e9lo \u00e9lectrique SpeedFun Ribelle pour les moteurs Oli Move, Oli Move Plus et Oli Sport supprime le blocage \u00e0 25 km\/h, augmentant les performances de votre v\u00e9lo \u00e9lectrique jusqu&#039;\u00e0 60 km\/h\" \/>\n<meta property=\"og:url\" content=\"https:\/\/www.speedfun.bike\/fr\/produit\/speedfun-ribelle-pour-oli-et-am80-atala\/\" \/>\n<meta property=\"og:site_name\" content=\"Speed Fun\" \/>\n<meta property=\"article:modified_time\" content=\"2024-06-21T16:26:43+00:00\" \/>\n<meta property=\"og:image\" content=\"https:\/\/www.speedfun.bike\/wp-content\/uploads\/2023\/06\/SpeedFun-kit-tuning-ebike-OLI_product_resized-scaled.jpg\" \/>\n\t<meta property=\"og:image:width\" content=\"2560\" \/>\n\t<meta property=\"og:image:height\" content=\"2049\" \/>\n\t<meta property=\"og:image:type\" content=\"image\/jpeg\" \/>\n<meta name=\"twitter:card\" content=\"summary_large_image\" \/>\n<meta name=\"twitter:label1\" content=\"Est. reading time\" \/>\n\t<meta name=\"twitter:data1\" content=\"2 minutes\" \/>\n<script type=\"application\/ld+json\" class=\"yoast-schema-graph\">{\"@context\":\"https:\\\/\\\/schema.org\",\"@graph\":[{\"@type\":\"WebPage\",\"@id\":\"https:\\\/\\\/www.speedfun.bike\\\/fr\\\/produit\\\/speedfun-ribelle-pour-oli-et-am80-atala\\\/\",\"url\":\"https:\\\/\\\/www.speedfun.bike\\\/fr\\\/produit\\\/speedfun-ribelle-pour-oli-et-am80-atala\\\/\",\"name\":\"SpeedFun Ribelle tuning ebike Oli Move, Oli Move Plus et Oli Sport\",\"isPartOf\":{\"@id\":\"https:\\\/\\\/speedfun.bike\\\/#website\"},\"primaryImageOfPage\":{\"@id\":\"https:\\\/\\\/www.speedfun.bike\\\/fr\\\/produit\\\/speedfun-ribelle-pour-oli-et-am80-atala\\\/#primaryimage\"},\"image\":{\"@id\":\"https:\\\/\\\/www.speedfun.bike\\\/fr\\\/produit\\\/speedfun-ribelle-pour-oli-et-am80-atala\\\/#primaryimage\"},\"thumbnailUrl\":\"https:\\\/\\\/www.speedfun.bike\\\/wp-content\\\/uploads\\\/2023\\\/06\\\/SpeedFun-kit-tuning-ebike-OLI_product_resized-scaled.jpg\",\"datePublished\":\"2019-12-15T18:06:58+00:00\",\"dateModified\":\"2024-06-21T16:26:43+00:00\",\"description\":\"Le r\u00e9glage du v\u00e9lo \u00e9lectrique SpeedFun Ribelle pour les moteurs Oli Move, Oli Move Plus et Oli Sport supprime le blocage \u00e0 25 km\\\/h, augmentant les performances de votre v\u00e9lo \u00e9lectrique jusqu'\u00e0 60 km\\\/h\",\"breadcrumb\":{\"@id\":\"https:\\\/\\\/www.speedfun.bike\\\/fr\\\/produit\\\/speedfun-ribelle-pour-oli-et-am80-atala\\\/#breadcrumb\"},\"inLanguage\":\"fr-FR\",\"potentialAction\":[{\"@type\":\"ReadAction\",\"target\":[\"https:\\\/\\\/www.speedfun.bike\\\/fr\\\/produit\\\/speedfun-ribelle-pour-oli-et-am80-atala\\\/\"]}]},{\"@type\":\"ImageObject\",\"inLanguage\":\"fr-FR\",\"@id\":\"https:\\\/\\\/www.speedfun.bike\\\/fr\\\/produit\\\/speedfun-ribelle-pour-oli-et-am80-atala\\\/#primaryimage\",\"url\":\"https:\\\/\\\/www.speedfun.bike\\\/wp-content\\\/uploads\\\/2023\\\/06\\\/SpeedFun-kit-tuning-ebike-OLI_product_resized-scaled.jpg\",\"contentUrl\":\"https:\\\/\\\/www.speedfun.bike\\\/wp-content\\\/uploads\\\/2023\\\/06\\\/SpeedFun-kit-tuning-ebike-OLI_product_resized-scaled.jpg\",\"width\":2560,\"height\":2049,\"caption\":\"R\u00e9glage du ebike SpeedFun pour les moteur Oli Move, Oli Move Plus et Oli Sport pour supprimer le blocage \u00e0 25 km\\\/h\"},{\"@type\":\"BreadcrumbList\",\"@id\":\"https:\\\/\\\/www.speedfun.bike\\\/fr\\\/produit\\\/speedfun-ribelle-pour-oli-et-am80-atala\\\/#breadcrumb\",\"itemListElement\":[{\"@type\":\"ListItem\",\"position\":1,\"name\":\"Home\",\"item\":\"https:\\\/\\\/speedfun.bike\\\/fr\\\/\"},{\"@type\":\"ListItem\",\"position\":2,\"name\":\"Boutique\",\"item\":\"https:\\\/\\\/speedfun.bike\\\/fr\\\/boutique\\\/\"},{\"@type\":\"ListItem\",\"position\":3,\"name\":\"SpeedFun Ribelle pour Oli Move, Oli Move Plus, Oli Sport et Oli Sport Plus\"}]},{\"@type\":\"WebSite\",\"@id\":\"https:\\\/\\\/speedfun.bike\\\/#website\",\"url\":\"https:\\\/\\\/speedfun.bike\\\/\",\"name\":\"Speed Fun\",\"description\":\"Sblocco velocit\u00e0 bici elettriche\",\"potentialAction\":[{\"@type\":\"SearchAction\",\"target\":{\"@type\":\"EntryPoint\",\"urlTemplate\":\"https:\\\/\\\/speedfun.bike\\\/?s={search_term_string}\"},\"query-input\":{\"@type\":\"PropertyValueSpecification\",\"valueRequired\":true,\"valueName\":\"search_term_string\"}}],\"inLanguage\":\"fr-FR\"}]}<\/script>\n<!-- \/ Yoast SEO plugin. -->","yoast_head_json":{"title":"SpeedFun Ribelle tuning ebike Oli Move, Oli Move Plus et Oli Sport","description":"Le r\u00e9glage du v\u00e9lo \u00e9lectrique SpeedFun Ribelle pour les moteurs Oli Move, Oli Move Plus et Oli Sport supprime le blocage \u00e0 25 km\/h, augmentant les performances de votre v\u00e9lo \u00e9lectrique jusqu'\u00e0 60 km\/h","robots":{"index":"index","follow":"follow","max-snippet":"max-snippet:-1","max-image-preview":"max-image-preview:large","max-video-preview":"max-video-preview:-1"},"canonical":"https:\/\/www.speedfun.bike\/fr\/produit\/speedfun-ribelle-pour-oli-et-am80-atala\/","og_locale":"fr_FR","og_type":"article","og_title":"SpeedFun Ribelle tuning ebike Oli Move, Oli Move Plus et Oli Sport","og_description":"Le r\u00e9glage du v\u00e9lo \u00e9lectrique SpeedFun Ribelle pour les moteurs Oli Move, Oli Move Plus et Oli Sport supprime le blocage \u00e0 25 km\/h, augmentant les performances de votre v\u00e9lo \u00e9lectrique jusqu'\u00e0 60 km\/h","og_url":"https:\/\/www.speedfun.bike\/fr\/produit\/speedfun-ribelle-pour-oli-et-am80-atala\/","og_site_name":"Speed Fun","article_modified_time":"2024-06-21T16:26:43+00:00","og_image":[{"width":2560,"height":2049,"url":"https:\/\/www.speedfun.bike\/wp-content\/uploads\/2023\/06\/SpeedFun-kit-tuning-ebike-OLI_product_resized-scaled.jpg","type":"image\/jpeg"}],"twitter_card":"summary_large_image","twitter_misc":{"Est. reading time":"2 minutes"},"schema":{"@context":"https:\/\/schema.org","@graph":[{"@type":"WebPage","@id":"https:\/\/www.speedfun.bike\/fr\/produit\/speedfun-ribelle-pour-oli-et-am80-atala\/","url":"https:\/\/www.speedfun.bike\/fr\/produit\/speedfun-ribelle-pour-oli-et-am80-atala\/","name":"SpeedFun Ribelle tuning ebike Oli Move, Oli Move Plus et Oli Sport","isPartOf":{"@id":"https:\/\/speedfun.bike\/#website"},"primaryImageOfPage":{"@id":"https:\/\/www.speedfun.bike\/fr\/produit\/speedfun-ribelle-pour-oli-et-am80-atala\/#primaryimage"},"image":{"@id":"https:\/\/www.speedfun.bike\/fr\/produit\/speedfun-ribelle-pour-oli-et-am80-atala\/#primaryimage"},"thumbnailUrl":"https:\/\/www.speedfun.bike\/wp-content\/uploads\/2023\/06\/SpeedFun-kit-tuning-ebike-OLI_product_resized-scaled.jpg","datePublished":"2019-12-15T18:06:58+00:00","dateModified":"2024-06-21T16:26:43+00:00","description":"Le r\u00e9glage du v\u00e9lo \u00e9lectrique SpeedFun Ribelle pour les moteurs Oli Move, Oli Move Plus et Oli Sport supprime le blocage \u00e0 25 km\/h, augmentant les performances de votre v\u00e9lo \u00e9lectrique jusqu'\u00e0 60 km\/h","breadcrumb":{"@id":"https:\/\/www.speedfun.bike\/fr\/produit\/speedfun-ribelle-pour-oli-et-am80-atala\/#breadcrumb"},"inLanguage":"fr-FR","potentialAction":[{"@type":"ReadAction","target":["https:\/\/www.speedfun.bike\/fr\/produit\/speedfun-ribelle-pour-oli-et-am80-atala\/"]}]},{"@type":"ImageObject","inLanguage":"fr-FR","@id":"https:\/\/www.speedfun.bike\/fr\/produit\/speedfun-ribelle-pour-oli-et-am80-atala\/#primaryimage","url":"https:\/\/www.speedfun.bike\/wp-content\/uploads\/2023\/06\/SpeedFun-kit-tuning-ebike-OLI_product_resized-scaled.jpg","contentUrl":"https:\/\/www.speedfun.bike\/wp-content\/uploads\/2023\/06\/SpeedFun-kit-tuning-ebike-OLI_product_resized-scaled.jpg","width":2560,"height":2049,"caption":"R\u00e9glage du ebike SpeedFun pour les moteur Oli Move, Oli Move Plus et Oli Sport pour supprimer le blocage \u00e0 25 km\/h"},{"@type":"BreadcrumbList","@id":"https:\/\/www.speedfun.bike\/fr\/produit\/speedfun-ribelle-pour-oli-et-am80-atala\/#breadcrumb","itemListElement":[{"@type":"ListItem","position":1,"name":"Home","item":"https:\/\/speedfun.bike\/fr\/"},{"@type":"ListItem","position":2,"name":"Boutique","item":"https:\/\/speedfun.bike\/fr\/boutique\/"},{"@type":"ListItem","position":3,"name":"SpeedFun Ribelle pour Oli Move, Oli Move Plus, Oli Sport et Oli Sport Plus"}]},{"@type":"WebSite","@id":"https:\/\/speedfun.bike\/#website","url":"https:\/\/speedfun.bike\/","name":"Speed Fun","description":"Sblocco velocit\u00e0 bici elettriche","potentialAction":[{"@type":"SearchAction","target":{"@type":"EntryPoint","urlTemplate":"https:\/\/speedfun.bike\/?s={search_term_string}"},"query-input":{"@type":"PropertyValueSpecification","valueRequired":true,"valueName":"search_term_string"}}],"inLanguage":"fr-FR"}]}},"_links":{"self":[{"href":"https:\/\/www.speedfun.bike\/fr\/wp-json\/wp\/v2\/product\/37093","targetHints":{"allow":["GET"]}}],"collection":[{"href":"https:\/\/www.speedfun.bike\/fr\/wp-json\/wp\/v2\/product"}],"about":[{"href":"https:\/\/www.speedfun.bike\/fr\/wp-json\/wp\/v2\/types\/product"}],"replies":[{"embeddable":true,"href":"https:\/\/www.speedfun.bike\/fr\/wp-json\/wp\/v2\/comments?post=37093"}],"wp:featuredmedia":[{"embeddable":true,"href":"https:\/\/www.speedfun.bike\/fr\/wp-json\/wp\/v2\/media\/120762"}],"wp:attachment":[{"href":"https:\/\/www.speedfun.bike\/fr\/wp-json\/wp\/v2\/media?parent=37093"}],"wp:term":[{"taxonomy":"product_brand","embeddable":true,"href":"https:\/\/www.speedfun.bike\/fr\/wp-json\/wp\/v2\/product_brand?post=37093"},{"taxonomy":"product_cat","embeddable":true,"href":"https:\/\/www.speedfun.bike\/fr\/wp-json\/wp\/v2\/product_cat?post=37093"},{"taxonomy":"product_tag","embeddable":true,"href":"https:\/\/www.speedfun.bike\/fr\/wp-json\/wp\/v2\/product_tag?post=37093"}],"curies":[{"name":"wp","href":"https:\/\/api.w.org\/{rel}","templated":true}]}}