{"id":34404,"date":"2020-01-28T16:46:56","date_gmt":"2020-01-28T15:46:56","guid":{"rendered":"https:\/\/speedfun.bike\/?post_type=product&#038;p=34404"},"modified":"2025-07-26T11:07:51","modified_gmt":"2025-07-26T10:07:51","slug":"speedfun-furious-pour-m100","status":"publish","type":"product","link":"https:\/\/www.speedfun.bike\/fr\/produit\/speedfun-furious-pour-m100\/","title":{"rendered":"SpeedFun Furious Evo pour Ananda M60 M81 M100 M230"},"content":{"rendered":"<div class=\"wpb-content-wrapper\"><p>[vc_row][vc_column width=&#8221;1\/1&#8243;][vc_column_text uncode_shortcode_id=&#8221;194956&#8243;]<\/p>\n<h2>Qu&#8217;est-ce que le r\u00e9glage du ebike <strong>Ananda M60 M81 M100 M230 et Atala AM80 Agile (Gen. 2)?<\/strong><\/h2>\n<p><strong>La fonction du dispositif tuning Furious Evo pour Ananda M60 M81 M100 M230 et Atala AM80 Agile (Gen. 2) <\/strong>est de manipuler \u00e9lectroniquement la vitesse de rotation de la roue arri\u00e8re et de communiquer au moteur une vitesse toujours inf\u00e9rieure \u00e0 25 KmH afin d&#8217;obtenir une vitesse r\u00e9elle avec un moteur actif tr\u00e8s \u00e9lev\u00e9. La limite de vitesse maximale sera donc dict\u00e9e par la puissance du moteur ajout\u00e9e \u00e0 la puissance exprim\u00e9e par les jambes (<a href=\"https:\/\/speedfun.bike\/wp-content\/uploads\/2019\/06\/ebike-non-va-a-50-kmh.pdf\">info<\/a>).<\/p>\n<p>Lorsque le dispositif de r\u00e9glage est actif, n&#8217;ayant aucune communication avec l&#8217;\u00e9cran, il affichera les donn\u00e9es r\u00e9duites de moiti\u00e9 sur l&#8217;\u00e9cran \u00e0 partir d&#8217;un certain seuil.<\/p>\n<p>Speedup Furious Evo peut \u00eatre activ\u00e9 et d\u00e9sactiv\u00e9 \u00e0 volont\u00e9 et maintient le r\u00e9glage m\u00eame apr\u00e8s que le v\u00e9lo \u00e9lectrique est \u00e9teint. Il peut \u00eatre install\u00e9 sur ebike avec moteur Ananda M60 M81 M100 M230 et Atala AM80 Agile (Gen. 2) principalement mont\u00e9s sur des v\u00e9los \u00e9lectriques Olympia (dans ce cas, souvent \u00e9tiquet\u00e9s &#8220;Tuned by Olympia&#8221;) quel que soit le type d&#8217;affichage ou de contr\u00f4le lat\u00e9ral du v\u00e9lo \u00e9lectrique.<\/p>\n<p>Le dispositif de r\u00e9glage Furiosu Evo pour Ananda M60 M81 M100 M230 peut \u00eatre activ\u00e9\/d\u00e9sactiv\u00e9 en appuyant simplement sur le bouton d&#8217;\u00e9clairage du v\u00e9lo \u00e9lectrique. Si le v\u00e9lo \u00e9lectrique a d\u00e9j\u00e0 les feux connect\u00e9s \u00e0 la sortie lumi\u00e8re, ou s&#8217;il n&#8217;est pas possible de l&#8217;utiliser, il sera toujours possible d&#8217;activer\/d\u00e9sactiver le r\u00e9glage avec un syst\u00e8me tr\u00e8s pratique (pour plus d&#8217;informations voir les instructions ici). L&#8217;appareil est fourni plug and go pr\u00eat \u00e0 l&#8217;emploi et s&#8217;installe de mani\u00e8re tr\u00e8s simple gr\u00e2ce aux connecteurs d&#8217;origine avec lesquels aucune modification physique du v\u00e9lo \u00e9lectrique n&#8217;est n\u00e9cessaire.<\/p>\n<p><strong>ATTENTION!<\/strong><br \/>\nCet appareil n&#8217;est pas compatible avec les moteurs Atala AM80 Agile (Gen. 1). Le produit compatible avec les moteurs Atala AM80 Agile (Gen. 1) est disponible <a href=\"https:\/\/speedfun.bike\/fr\/produit\/speedfun-furious-evo-easy-pour-ananda-m80-et-am80-agile\/\">ICI<\/a>.<\/p>\n<p>&nbsp;<\/p>\n<h2>V\u00e9lo \u00e9lectrique avec moteur\u00a0<strong>Ananda M60 M81 M100 M230 et Atala AM80 Agile (Gen. 2) <\/strong>o\u00f9 l&#8217;appareil Furious Evo a \u00e9t\u00e9 install\u00e9 avec succ\u00e8s<\/h2>\n<p>(cette liste est illustrative et non exhaustive)[\/vc_column_text][vc_row_inner][vc_column_inner width=&#8221;1\/3&#8243;][vc_column_text]<\/p>\n<h3>Ananda M100 tuned by Olympia<\/h3>\n<p>&#8211; Olympia EX 900 et EX 900 Prime<br \/>\n&#8211; Olympia\u00a0Performer 900 et Performer 900 Prime<br \/>\n&#8211; Olympia Mistral 900 X et Mistral 900 GT[\/vc_column_text][\/vc_column_inner][vc_column_inner width=&#8221;1\/3&#8243;][vc_column_text]<\/p>\n<h3>Ananda\u00a0M81 tuned by Olympia (100Nm)<\/h3>\n<p>&#8211; Olympia EX 900 Trail<br \/>\n&#8211; Olympia Master 630 29&#8243; o Master 630 26&#8243;<br \/>\n&#8211; Olympia Explorer 630<br \/>\n&#8211; Olympia Super Magnum man et Super Magnum comfort[\/vc_column_text][\/vc_column_inner][vc_column_inner width=&#8221;1\/3&#8243;][vc_column_text uncode_shortcode_id=&#8221;999455&#8243;]<\/p>\n<h3>Autres v\u00e9los \u00e9lectriques M60 M81 M100 M230<\/h3>\n<p>&#8211; Nakamura\u00a0Crossover XV<br \/>\n&#8211; Puch E-Modern N7[\/vc_column_text][\/vc_column_inner][\/vc_row_inner][\/vc_column][\/vc_row][vc_row row_height_percent=&#8221;0&#8243; back_color=&#8221;color-jevc&#8221; overlay_alpha=&#8221;50&#8243; gutter_size=&#8221;3&#8243; shift_y=&#8221;0&#8243;][vc_column width=&#8221;1\/1&#8243;][vc_gallery el_id=&#8221;gallery-441792&#8243; medias=&#8221;35505,35506,35504&#8243; gutter_size=&#8221;3&#8243; screen_lg=&#8221;1000&#8243; screen_md=&#8221;600&#8243; screen_sm=&#8221;480&#8243; single_overlay_opacity=&#8221;50&#8243; single_padding=&#8221;2&#8243;][\/vc_column][\/vc_row]<\/p>\n<\/div>","protected":false},"excerpt":{"rendered":"<p>SpeedFun Furious Evo est un r\u00e9glage de v\u00e9lo \u00e9lectrique qui vous permet de supprimer le bloc de vitesse de 25 kmH en exploitant pleinement le potentiel du moteur Ananda.<\/p>\n<p>Il est con\u00e7u pour les moteurs Ananda M60 M81 M100 M230 et Atala AM80 Agile (Gen. 2) principalement install\u00e9s sur les v\u00e9los \u00e9lectriques Olympia avec le libell\u00e9 &#8220;tuned by Olympia&#8221; pour \u00e9chapper au bloc de vitesse \u00e0 25 kmH, ce qui permet d&#8217;augmenter l&#8217;assistance active jusqu&#8217;\u00e0 des vitesses pouvant atteindre 50 kmH en profitant pleinement de le potentiel du moteur.<\/p>\n<div class=\"woocommerce-product-details__short-description\">\n<p>Tous les dispositifs de tuning SpeedFun Furious Evo peuvent \u00eatre activ\u00e9s et d\u00e9sactiv\u00e9s \u00e0 tout moment et sans avoir besoin de connexions \u00e0 la sortie lumineuse.<\/p>\n<\/div>\n","protected":false},"featured_media":83180,"comment_status":"closed","ping_status":"closed","template":"","meta":{"_acf_changed":false},"product_brand":[],"product_cat":[104,273],"product_tag":[],"class_list":{"0":"post-34404","1":"product","2":"type-product","3":"status-publish","4":"has-post-thumbnail","6":"product_cat-for-ananda-fr","7":"product_cat-furious-fr","8":"product_shipping_class-armadi-fr","10":"first","11":"instock","12":"taxable","13":"shipping-taxable","14":"purchasable","15":"product-type-simple"},"acf":[],"yoast_head":"<!-- This site is optimized with the Yoast SEO plugin v27.3 - https:\/\/yoast.com\/product\/yoast-seo-wordpress\/ -->\n<title>SpeedFun Furious Evo tuning ebike pour Ananda M60 M81 M100 M230<\/title>\n<meta name=\"description\" content=\"Kit de r\u00e9glage SpeedFun Furious Evo pour v\u00e9los \u00e9lectriques avec moteur Ananda M60 M81 M100 M230. D\u00e9bloque l&#039;assistance au-dessus de 25 km\/h jusqu&#039;\u00e0 une vitesse de 60 km\/h. Branchez et c&#039;est parti\u00a0!\" \/>\n<meta name=\"robots\" content=\"index, follow, max-snippet:-1, max-image-preview:large, max-video-preview:-1\" \/>\n<link rel=\"canonical\" href=\"https:\/\/www.speedfun.bike\/fr\/produit\/speedfun-furious-pour-m100\/\" \/>\n<meta property=\"og:locale\" content=\"fr_FR\" \/>\n<meta property=\"og:type\" content=\"article\" \/>\n<meta property=\"og:title\" content=\"SpeedFun Furious Evo tuning ebike pour Ananda M60 M81 M100 M230\" \/>\n<meta property=\"og:description\" content=\"Kit de r\u00e9glage SpeedFun Furious Evo pour v\u00e9los \u00e9lectriques avec moteur Ananda M60 M81 M100 M230. D\u00e9bloque l&#039;assistance au-dessus de 25 km\/h jusqu&#039;\u00e0 une vitesse de 60 km\/h. Branchez et c&#039;est parti\u00a0!\" \/>\n<meta property=\"og:url\" content=\"https:\/\/www.speedfun.bike\/fr\/produit\/speedfun-furious-pour-m100\/\" \/>\n<meta property=\"og:site_name\" content=\"Speed Fun\" \/>\n<meta property=\"article:modified_time\" content=\"2025-07-26T10:07:51+00:00\" \/>\n<meta property=\"og:image\" content=\"https:\/\/www.speedfun.bike\/wp-content\/uploads\/2021\/11\/SpeedFun-Furious-Evo-M100_1-scaled.jpg\" \/>\n\t<meta property=\"og:image:width\" content=\"2560\" \/>\n\t<meta property=\"og:image:height\" content=\"2049\" \/>\n\t<meta property=\"og:image:type\" content=\"image\/jpeg\" \/>\n<meta name=\"twitter:card\" content=\"summary_large_image\" \/>\n<meta name=\"twitter:label1\" content=\"Est. reading time\" \/>\n\t<meta name=\"twitter:data1\" content=\"3 minutes\" \/>\n<script type=\"application\/ld+json\" class=\"yoast-schema-graph\">{\"@context\":\"https:\\\/\\\/schema.org\",\"@graph\":[{\"@type\":\"WebPage\",\"@id\":\"https:\\\/\\\/www.speedfun.bike\\\/fr\\\/produit\\\/speedfun-furious-pour-m100\\\/\",\"url\":\"https:\\\/\\\/www.speedfun.bike\\\/fr\\\/produit\\\/speedfun-furious-pour-m100\\\/\",\"name\":\"SpeedFun Furious Evo tuning ebike pour Ananda M60 M81 M100 M230\",\"isPartOf\":{\"@id\":\"https:\\\/\\\/www.speedfun.bike\\\/#website\"},\"primaryImageOfPage\":{\"@id\":\"https:\\\/\\\/www.speedfun.bike\\\/fr\\\/produit\\\/speedfun-furious-pour-m100\\\/#primaryimage\"},\"image\":{\"@id\":\"https:\\\/\\\/www.speedfun.bike\\\/fr\\\/produit\\\/speedfun-furious-pour-m100\\\/#primaryimage\"},\"thumbnailUrl\":\"https:\\\/\\\/www.speedfun.bike\\\/wp-content\\\/uploads\\\/2021\\\/11\\\/SpeedFun-Furious-Evo-M100_1-scaled.jpg\",\"datePublished\":\"2020-01-28T15:46:56+00:00\",\"dateModified\":\"2025-07-26T10:07:51+00:00\",\"description\":\"Kit de r\u00e9glage SpeedFun Furious Evo pour v\u00e9los \u00e9lectriques avec moteur Ananda M60 M81 M100 M230. D\u00e9bloque l'assistance au-dessus de 25 km\\\/h jusqu'\u00e0 une vitesse de 60 km\\\/h. Branchez et c'est parti\u00a0!\",\"breadcrumb\":{\"@id\":\"https:\\\/\\\/www.speedfun.bike\\\/fr\\\/produit\\\/speedfun-furious-pour-m100\\\/#breadcrumb\"},\"inLanguage\":\"fr-FR\",\"potentialAction\":[{\"@type\":\"ReadAction\",\"target\":[\"https:\\\/\\\/www.speedfun.bike\\\/fr\\\/produit\\\/speedfun-furious-pour-m100\\\/\"]}]},{\"@type\":\"ImageObject\",\"inLanguage\":\"fr-FR\",\"@id\":\"https:\\\/\\\/www.speedfun.bike\\\/fr\\\/produit\\\/speedfun-furious-pour-m100\\\/#primaryimage\",\"url\":\"https:\\\/\\\/www.speedfun.bike\\\/wp-content\\\/uploads\\\/2021\\\/11\\\/SpeedFun-Furious-Evo-M100_1-scaled.jpg\",\"contentUrl\":\"https:\\\/\\\/www.speedfun.bike\\\/wp-content\\\/uploads\\\/2021\\\/11\\\/SpeedFun-Furious-Evo-M100_1-scaled.jpg\",\"width\":2560,\"height\":2049,\"caption\":\"SpeedFun Furious Evo est un r\u00e9glage de v\u00e9lo \u00e9lectrique qui vous permet de supprimer le bloc de vitesse de 25 km\\\/h et d'atteindre des vitesses de plus de 60 km\\\/h en exploitant pleinement le potentiel du moteur. Sp\u00e9cialement con\u00e7u pour les moteurs Ananda M100 et M81.\"},{\"@type\":\"BreadcrumbList\",\"@id\":\"https:\\\/\\\/www.speedfun.bike\\\/fr\\\/produit\\\/speedfun-furious-pour-m100\\\/#breadcrumb\",\"itemListElement\":[{\"@type\":\"ListItem\",\"position\":1,\"name\":\"Home\",\"item\":\"https:\\\/\\\/www.speedfun.bike\\\/fr\\\/\"},{\"@type\":\"ListItem\",\"position\":2,\"name\":\"Boutique\",\"item\":\"https:\\\/\\\/www.speedfun.bike\\\/fr\\\/boutique\\\/\"},{\"@type\":\"ListItem\",\"position\":3,\"name\":\"SpeedFun Furious Evo pour Ananda M60 M81 M100 M230\"}]},{\"@type\":\"WebSite\",\"@id\":\"https:\\\/\\\/www.speedfun.bike\\\/#website\",\"url\":\"https:\\\/\\\/www.speedfun.bike\\\/\",\"name\":\"Speed Fun\",\"description\":\"Sblocco velocit\u00e0 bici elettriche\",\"potentialAction\":[{\"@type\":\"SearchAction\",\"target\":{\"@type\":\"EntryPoint\",\"urlTemplate\":\"https:\\\/\\\/www.speedfun.bike\\\/?s={search_term_string}\"},\"query-input\":{\"@type\":\"PropertyValueSpecification\",\"valueRequired\":true,\"valueName\":\"search_term_string\"}}],\"inLanguage\":\"fr-FR\"}]}<\/script>\n<!-- \/ Yoast SEO plugin. -->","yoast_head_json":{"title":"SpeedFun Furious Evo tuning ebike pour Ananda M60 M81 M100 M230","description":"Kit de r\u00e9glage SpeedFun Furious Evo pour v\u00e9los \u00e9lectriques avec moteur Ananda M60 M81 M100 M230. D\u00e9bloque l'assistance au-dessus de 25 km\/h jusqu'\u00e0 une vitesse de 60 km\/h. Branchez et c'est parti\u00a0!","robots":{"index":"index","follow":"follow","max-snippet":"max-snippet:-1","max-image-preview":"max-image-preview:large","max-video-preview":"max-video-preview:-1"},"canonical":"https:\/\/www.speedfun.bike\/fr\/produit\/speedfun-furious-pour-m100\/","og_locale":"fr_FR","og_type":"article","og_title":"SpeedFun Furious Evo tuning ebike pour Ananda M60 M81 M100 M230","og_description":"Kit de r\u00e9glage SpeedFun Furious Evo pour v\u00e9los \u00e9lectriques avec moteur Ananda M60 M81 M100 M230. D\u00e9bloque l'assistance au-dessus de 25 km\/h jusqu'\u00e0 une vitesse de 60 km\/h. Branchez et c'est parti\u00a0!","og_url":"https:\/\/www.speedfun.bike\/fr\/produit\/speedfun-furious-pour-m100\/","og_site_name":"Speed Fun","article_modified_time":"2025-07-26T10:07:51+00:00","og_image":[{"width":2560,"height":2049,"url":"https:\/\/www.speedfun.bike\/wp-content\/uploads\/2021\/11\/SpeedFun-Furious-Evo-M100_1-scaled.jpg","type":"image\/jpeg"}],"twitter_card":"summary_large_image","twitter_misc":{"Est. reading time":"3 minutes"},"schema":{"@context":"https:\/\/schema.org","@graph":[{"@type":"WebPage","@id":"https:\/\/www.speedfun.bike\/fr\/produit\/speedfun-furious-pour-m100\/","url":"https:\/\/www.speedfun.bike\/fr\/produit\/speedfun-furious-pour-m100\/","name":"SpeedFun Furious Evo tuning ebike pour Ananda M60 M81 M100 M230","isPartOf":{"@id":"https:\/\/www.speedfun.bike\/#website"},"primaryImageOfPage":{"@id":"https:\/\/www.speedfun.bike\/fr\/produit\/speedfun-furious-pour-m100\/#primaryimage"},"image":{"@id":"https:\/\/www.speedfun.bike\/fr\/produit\/speedfun-furious-pour-m100\/#primaryimage"},"thumbnailUrl":"https:\/\/www.speedfun.bike\/wp-content\/uploads\/2021\/11\/SpeedFun-Furious-Evo-M100_1-scaled.jpg","datePublished":"2020-01-28T15:46:56+00:00","dateModified":"2025-07-26T10:07:51+00:00","description":"Kit de r\u00e9glage SpeedFun Furious Evo pour v\u00e9los \u00e9lectriques avec moteur Ananda M60 M81 M100 M230. D\u00e9bloque l'assistance au-dessus de 25 km\/h jusqu'\u00e0 une vitesse de 60 km\/h. Branchez et c'est parti\u00a0!","breadcrumb":{"@id":"https:\/\/www.speedfun.bike\/fr\/produit\/speedfun-furious-pour-m100\/#breadcrumb"},"inLanguage":"fr-FR","potentialAction":[{"@type":"ReadAction","target":["https:\/\/www.speedfun.bike\/fr\/produit\/speedfun-furious-pour-m100\/"]}]},{"@type":"ImageObject","inLanguage":"fr-FR","@id":"https:\/\/www.speedfun.bike\/fr\/produit\/speedfun-furious-pour-m100\/#primaryimage","url":"https:\/\/www.speedfun.bike\/wp-content\/uploads\/2021\/11\/SpeedFun-Furious-Evo-M100_1-scaled.jpg","contentUrl":"https:\/\/www.speedfun.bike\/wp-content\/uploads\/2021\/11\/SpeedFun-Furious-Evo-M100_1-scaled.jpg","width":2560,"height":2049,"caption":"SpeedFun Furious Evo est un r\u00e9glage de v\u00e9lo \u00e9lectrique qui vous permet de supprimer le bloc de vitesse de 25 km\/h et d'atteindre des vitesses de plus de 60 km\/h en exploitant pleinement le potentiel du moteur. Sp\u00e9cialement con\u00e7u pour les moteurs Ananda M100 et M81."},{"@type":"BreadcrumbList","@id":"https:\/\/www.speedfun.bike\/fr\/produit\/speedfun-furious-pour-m100\/#breadcrumb","itemListElement":[{"@type":"ListItem","position":1,"name":"Home","item":"https:\/\/www.speedfun.bike\/fr\/"},{"@type":"ListItem","position":2,"name":"Boutique","item":"https:\/\/www.speedfun.bike\/fr\/boutique\/"},{"@type":"ListItem","position":3,"name":"SpeedFun Furious Evo pour Ananda M60 M81 M100 M230"}]},{"@type":"WebSite","@id":"https:\/\/www.speedfun.bike\/#website","url":"https:\/\/www.speedfun.bike\/","name":"Speed Fun","description":"Sblocco velocit\u00e0 bici elettriche","potentialAction":[{"@type":"SearchAction","target":{"@type":"EntryPoint","urlTemplate":"https:\/\/www.speedfun.bike\/?s={search_term_string}"},"query-input":{"@type":"PropertyValueSpecification","valueRequired":true,"valueName":"search_term_string"}}],"inLanguage":"fr-FR"}]}},"_links":{"self":[{"href":"https:\/\/www.speedfun.bike\/fr\/wp-json\/wp\/v2\/product\/34404","targetHints":{"allow":["GET"]}}],"collection":[{"href":"https:\/\/www.speedfun.bike\/fr\/wp-json\/wp\/v2\/product"}],"about":[{"href":"https:\/\/www.speedfun.bike\/fr\/wp-json\/wp\/v2\/types\/product"}],"replies":[{"embeddable":true,"href":"https:\/\/www.speedfun.bike\/fr\/wp-json\/wp\/v2\/comments?post=34404"}],"wp:featuredmedia":[{"embeddable":true,"href":"https:\/\/www.speedfun.bike\/fr\/wp-json\/wp\/v2\/media\/83180"}],"wp:attachment":[{"href":"https:\/\/www.speedfun.bike\/fr\/wp-json\/wp\/v2\/media?parent=34404"}],"wp:term":[{"taxonomy":"product_brand","embeddable":true,"href":"https:\/\/www.speedfun.bike\/fr\/wp-json\/wp\/v2\/product_brand?post=34404"},{"taxonomy":"product_cat","embeddable":true,"href":"https:\/\/www.speedfun.bike\/fr\/wp-json\/wp\/v2\/product_cat?post=34404"},{"taxonomy":"product_tag","embeddable":true,"href":"https:\/\/www.speedfun.bike\/fr\/wp-json\/wp\/v2\/product_tag?post=34404"}],"curies":[{"name":"wp","href":"https:\/\/api.w.org\/{rel}","templated":true}]}}