{"id":16688,"date":"2019-03-13T10:00:13","date_gmt":"2019-03-13T09:00:13","guid":{"rendered":"https:\/\/speedfun.bike\/prodotto\/16688\/"},"modified":"2024-08-02T16:53:06","modified_gmt":"2024-08-02T15:53:06","slug":"speedup-ribelle-pour-yamaha-pw-x-pw-se-et-pw-te-2019","status":"publish","type":"product","link":"https:\/\/www.speedfun.bike\/fr\/produit\/speedup-ribelle-pour-yamaha-pw-x-pw-se-et-pw-te-2019\/","title":{"rendered":"SpeedFun Ribelle pour Yamaha PW-X, PW-X2, PW-SE, PW-TE, PW-ST"},"content":{"rendered":"<div class=\"wpb-content-wrapper\"><p>[vc_row row_height_percent=&#8221;0&#8243; overlay_alpha=&#8221;50&#8243; gutter_size=&#8221;3&#8243; shift_y=&#8221;0&#8243;][vc_column width=&#8221;1\/1&#8243;][vc_column_text]<\/p>\n<h1 style=\"text-align: center;\"><span style=\"color: #ff0000;\">ATTENTION!<\/span><\/h1>\n<h3 style=\"text-align: center;\">Cet appareil est compatible avec les moteurs \u00e0 partir de 2019. Pour le moteur 2017-18, cliquez\u00a0<a href=\"https:\/\/speedfun.bike\/fr\/produit\/speedup-ribelle-pour-yamaha-pw-x-et-pw-se-2017-18-2\/\">ici<\/a>.<\/h3>\n<div class=\"page\" title=\"Page 1\">\n<div class=\"section\">\n<div class=\"layoutArea\">\n<div class=\"column\">\n<p id=\"tw-target-text\" class=\"tw-data-text tw-ta tw-text-small\" dir=\"ltr\" data-placeholder=\"Traduzione\"><span lang=\"fr\" tabindex=\"0\">Distinction entre les moteurs 2017\/18 et \u00e0 partir de 2019: les deux moteurs sont identiques \u00e0 l\u2019ext\u00e9rieur, mais le syst\u00e8me de communication est crypt\u00e9 \u00e0 partir de 2019. Yamaha a choisi d\u2019inverser le sexe des connecteurs afin d\u2019\u00e9viter de monter d\u2019anciens \u00e9crans sur de nouveaux moteurs o\u00f9 ils ne fonctionneraient pas. C\u2019est aussi la raison pour laquelle nous avons d\u00fb produire deux versions diff\u00e9rentes de Rebel.<\/span><\/p>\n<p class=\"tw-data-text tw-ta tw-text-small\" dir=\"ltr\" data-placeholder=\"Traduzione\"><span lang=\"fr\" tabindex=\"0\">Le moteur 2019 est reconnu car il installe normalement le contacteur lat\u00e9ral \u201cA\u201d et les affichages \u201cC\u201d. Un moyen unique de le distinguer consiste \u00e0 v\u00e9rifier le sexe du connecteur \u00e0 5 voies qui connecte l\u2019\u00e9cran (voir l\u2019image ci-dessous).<\/span><\/p>\n<\/div>\n<\/div>\n<\/div>\n<\/div>\n<p>[\/vc_column_text][vc_single_image media=&#8221;17301&#8243; media_width_percent=&#8221;100&#8243; alignment=&#8221;center&#8221; shape=&#8221;img-round&#8221;][\/vc_column][\/vc_row][vc_row unlock_row_content=&#8221;yes&#8221; row_height_percent=&#8221;0&#8243; back_color=&#8221;color-jevc&#8221; overlay_alpha=&#8221;50&#8243; gutter_size=&#8221;3&#8243; shift_y=&#8221;0&#8243;][vc_column column_width_percent=&#8221;100&#8243; align_horizontal=&#8221;align_center&#8221; gutter_size=&#8221;3&#8243; overlay_alpha=&#8221;50&#8243; shift_x=&#8221;0&#8243; shift_y=&#8221;0&#8243; z_index=&#8221;0&#8243; medium_width=&#8221;0&#8243; mobile_width=&#8221;0&#8243; width=&#8221;1\/1&#8243;][vc_single_image media=&#8221;15833&#8243; media_width_use_pixel=&#8221;yes&#8221; alignment=&#8221;center&#8221; media_width_pixel=&#8221;320&#8243;][\/vc_column][\/vc_row][vc_row][vc_column width=&#8221;1\/1&#8243;][vc_column_text uncode_shortcode_id=&#8221;904625&#8243;]<\/p>\n<h2>Qu&#8217;est-ce que SpeedFun Ribelle pour les moteurs Yamaha PW-X, PW-X2, PW-SE, PW-TE, PW-ST?<\/h2>\n<p>SpeedFun Ribelle est un <strong>r\u00e9glage<\/strong> <strong>pour<\/strong> les ebike avec les <strong>moteurs Yamaha PW-X, PW-X2, PW-SE, PW-TE, PW-ST \u00e0 partir de 2019<\/strong> qui vous permet d&#8217;augmenter la vitesse du v\u00e9lo \u00e9lectrique en supprimant le bloc r\u00e9gl\u00e9 \u00e0 25 kmH . Avec SpeedFun Ribelle, l&#8217;assistance active est augment\u00e9e jusqu&#8217;\u00e0 des vitesses pouvant d\u00e9passer 60 km\/h (info), en exploitant pleinement le potentiel du moteur.<\/p>\n<p>Ce dispositif de lib\u00e9ration de vitesse pour ebikes est <strong>con\u00e7u pour les moteurs PW-X, PW-X2, PW-SE, PW-TE, PW-ST \u00e0 partir de 2019<\/strong> avec <strong>display Yamaha &#8220;sideswitch&#8221;<\/strong> type A ou <strong>display Yamaha type C<\/strong> principalement utilis\u00e9 sur Ghost, Lapierre , MBK, Winora, Gitane, Bixs et bien d&#8217;autres v\u00e9los \u00e9lectriques de marque.<\/p>\n<p>Le r\u00e9glage du ebike <strong>SpeedFun Ribelle affiche toujours \u00e0 l&#8217;\u00e9cran la vitesse et la distance r\u00e9elles<\/strong> et peut \u00eatre activ\u00e9 ou d\u00e9sactiv\u00e9 en appuyant sur une simple s\u00e9quence de touches directement depuis la commande du guidon du v\u00e9lo \u00e9lectrique. L&#8217;activation et la d\u00e9sactivation du dispositif sont signal\u00e9es sur l&#8217;\u00e9cran.<\/p>\n<p>Le syst\u00e8me d&#8217;exploitation pour \u00e9viter le nombre de tours de la roue arri\u00e8re de la Ribelle n&#8217;intervient que lorsque les 16 km\/h sont atteints, r\u00e9duisant progressivement la communication des tours de roue au moteur avec un algorithme particulier, sans que le cycliste ressente la moindre diff\u00e9rence en aide. Il n&#8217;intervient en aucune mani\u00e8re \u00e0 basse vitesse. Il s&#8217;agit d&#8217;un exp\u00e9dient important destin\u00e9 \u00e0 ne pas faire varier les param\u00e8tres d&#8217;intervention du moteur lors des red\u00e9marrages et dans les mont\u00e9es raides (qui sont les moments critiques et les plus d\u00e9licats pour un moteur), laissant ainsi intacts les param\u00e8tres \u00e9tudi\u00e9s et optimis\u00e9s par le constructeur, \u00e9vitant ainsi les pertes de puissance, les pannes ou les op\u00e9rations &#8220;hoquet&#8221; qui se produisent \u00e0 la place avec les syst\u00e8mes de lib\u00e9ration d&#8217;autres fabricants.<\/p>\n<div class=\"widget\">\n<p>&nbsp;<\/p>\n<p><strong>ATTENTION!<\/strong><br \/>\n1. Cet appareil n&#8217;est pas compatible avec les mod\u00e8les Haibike \u00e9quip\u00e9s d&#8217;un amortisseur \u00e9lectronique E:I-Shock<br \/>\n2. Cet appareil n&#8217;est pas compatible avec les moteurs Yamaha Syncdrive mont\u00e9s sur les v\u00e9los \u00e9lectriques de marque Giant<br \/>\n3. Cet appareil n&#8217;est pas compatible avec Yamaha PW-X et PW-SE 2017\/18 avec \u00e9cran x (disponible <a href=\"https:\/\/speedfun.bike\/fr\/produit\/speedup-ribelle-pour-yamaha-pw-x-et-pw-se-2017-18\/\">ici<\/a>)<br \/>\n4. Cet appareil n&#8217;est pas compatible avec les v\u00e9los \u00e9lectriques de marque Yamaha (par exemple, Yamaha Moro, CrossCore, Booster, Wabash, etc.)<\/p>\n<\/div>\n<p>[\/vc_column_text][\/vc_column][\/vc_row]<\/p>\n<\/div>","protected":false},"excerpt":{"rendered":"<p>SpeedFun Ribelle est un dispositif de d\u00e9verrouillage \u00e9lectronique et intelligent pour v\u00e9lo \u00e9lectrique qui ne n\u00e9cessite aucune alimentation externe.<\/p>\n<p>Il est con\u00e7u pour les moteurs Yamaha PW-X, PW-X2, PW-SE, PW-TE et PW-ST \u00e0 partir de 2019 pour \u00e9chapper au blocage de vitesse \u00e0 25 kmH permettant d&#8217;augmenter son assistance active jusqu&#8217;\u00e0 des vitesses pouvant d\u00e9passer 60 KmH en exploitant pleinement le potentiel du moteur Yamaha.<\/p>\n<p>SpeedFun Ribelle pour les v\u00e9los \u00e9lectriques Yamaha affiche toujours la vitesse et les distances r\u00e9elles sur l&#8217;\u00e9cran.<\/p>\n","protected":false},"featured_media":120823,"comment_status":"closed","ping_status":"closed","template":"","meta":{"_acf_changed":false},"product_brand":[],"product_cat":[26,698,274],"product_tag":[],"class_list":{"0":"post-16688","1":"product","2":"type-product","3":"status-publish","4":"has-post-thumbnail","6":"product_cat-for-yamaha-fr","7":"product_cat-autres-marques-avec-moteur-yamaha","8":"product_cat-ribelle-fr","10":"first","11":"instock","12":"taxable","13":"shipping-taxable","14":"purchasable","15":"product-type-simple"},"acf":[],"yoast_head":"<!-- This site is optimized with the Yoast SEO plugin v27.3 - https:\/\/yoast.com\/product\/yoast-seo-wordpress\/ -->\n<title>SpeedFun tuning ebike Yamaha PW-X PW-X2 PW-SE PW-TE PW-ST \u00e0 partir de 2019<\/title>\n<meta name=\"description\" content=\"Le r\u00e9glage SpeedFun Ribelle pour les ebike \u00e0 moteur Yamaha PW-X, PW-X2, PW-SE, PW-ST et PW-TE \u00e0 partir de 2019 augmente l&#039;assistance jusqu&#039;\u00e0 plus de 60 km\/h du v\u00e9lo \u00e9lectrique. Kits plug-and-go!\" \/>\n<meta name=\"robots\" content=\"index, follow, max-snippet:-1, max-image-preview:large, max-video-preview:-1\" \/>\n<link rel=\"canonical\" href=\"https:\/\/www.speedfun.bike\/fr\/produit\/speedup-ribelle-pour-yamaha-pw-x-pw-se-et-pw-te-2019\/\" \/>\n<meta property=\"og:locale\" content=\"fr_FR\" \/>\n<meta property=\"og:type\" content=\"article\" \/>\n<meta property=\"og:title\" content=\"SpeedFun tuning ebike Yamaha PW-X PW-X2 PW-SE PW-TE PW-ST \u00e0 partir de 2019\" \/>\n<meta property=\"og:description\" content=\"Le r\u00e9glage SpeedFun Ribelle pour les ebike \u00e0 moteur Yamaha PW-X, PW-X2, PW-SE, PW-ST et PW-TE \u00e0 partir de 2019 augmente l&#039;assistance jusqu&#039;\u00e0 plus de 60 km\/h du v\u00e9lo \u00e9lectrique. Kits plug-and-go!\" \/>\n<meta property=\"og:url\" content=\"https:\/\/www.speedfun.bike\/fr\/produit\/speedup-ribelle-pour-yamaha-pw-x-pw-se-et-pw-te-2019\/\" \/>\n<meta property=\"og:site_name\" content=\"Speed Fun\" \/>\n<meta property=\"article:modified_time\" content=\"2024-08-02T15:53:06+00:00\" \/>\n<meta property=\"og:image\" content=\"https:\/\/www.speedfun.bike\/wp-content\/uploads\/2023\/06\/SpeedFun-Ribelle-tuning-ebike-Yamaha-PWX2-PWTE-PWSE-PWST_product_resized-scaled.jpg\" \/>\n\t<meta property=\"og:image:width\" content=\"2560\" \/>\n\t<meta property=\"og:image:height\" content=\"2049\" \/>\n\t<meta property=\"og:image:type\" content=\"image\/jpeg\" \/>\n<meta name=\"twitter:card\" content=\"summary_large_image\" \/>\n<meta name=\"twitter:label1\" content=\"Est. reading time\" \/>\n\t<meta name=\"twitter:data1\" content=\"3 minutes\" \/>\n<script type=\"application\/ld+json\" class=\"yoast-schema-graph\">{\"@context\":\"https:\\\/\\\/schema.org\",\"@graph\":[{\"@type\":\"WebPage\",\"@id\":\"https:\\\/\\\/www.speedfun.bike\\\/fr\\\/produit\\\/speedup-ribelle-pour-yamaha-pw-x-pw-se-et-pw-te-2019\\\/\",\"url\":\"https:\\\/\\\/www.speedfun.bike\\\/fr\\\/produit\\\/speedup-ribelle-pour-yamaha-pw-x-pw-se-et-pw-te-2019\\\/\",\"name\":\"SpeedFun tuning ebike Yamaha PW-X PW-X2 PW-SE PW-TE PW-ST \u00e0 partir de 2019\",\"isPartOf\":{\"@id\":\"https:\\\/\\\/www.speedfun.bike\\\/#website\"},\"primaryImageOfPage\":{\"@id\":\"https:\\\/\\\/www.speedfun.bike\\\/fr\\\/produit\\\/speedup-ribelle-pour-yamaha-pw-x-pw-se-et-pw-te-2019\\\/#primaryimage\"},\"image\":{\"@id\":\"https:\\\/\\\/www.speedfun.bike\\\/fr\\\/produit\\\/speedup-ribelle-pour-yamaha-pw-x-pw-se-et-pw-te-2019\\\/#primaryimage\"},\"thumbnailUrl\":\"https:\\\/\\\/www.speedfun.bike\\\/wp-content\\\/uploads\\\/2023\\\/06\\\/SpeedFun-Ribelle-tuning-ebike-Yamaha-PWX2-PWTE-PWSE-PWST_product_resized-scaled.jpg\",\"datePublished\":\"2019-03-13T09:00:13+00:00\",\"dateModified\":\"2024-08-02T15:53:06+00:00\",\"description\":\"Le r\u00e9glage SpeedFun Ribelle pour les ebike \u00e0 moteur Yamaha PW-X, PW-X2, PW-SE, PW-ST et PW-TE \u00e0 partir de 2019 augmente l'assistance jusqu'\u00e0 plus de 60 km\\\/h du v\u00e9lo \u00e9lectrique. Kits plug-and-go!\",\"breadcrumb\":{\"@id\":\"https:\\\/\\\/www.speedfun.bike\\\/fr\\\/produit\\\/speedup-ribelle-pour-yamaha-pw-x-pw-se-et-pw-te-2019\\\/#breadcrumb\"},\"inLanguage\":\"fr-FR\",\"potentialAction\":[{\"@type\":\"ReadAction\",\"target\":[\"https:\\\/\\\/www.speedfun.bike\\\/fr\\\/produit\\\/speedup-ribelle-pour-yamaha-pw-x-pw-se-et-pw-te-2019\\\/\"]}]},{\"@type\":\"ImageObject\",\"inLanguage\":\"fr-FR\",\"@id\":\"https:\\\/\\\/www.speedfun.bike\\\/fr\\\/produit\\\/speedup-ribelle-pour-yamaha-pw-x-pw-se-et-pw-te-2019\\\/#primaryimage\",\"url\":\"https:\\\/\\\/www.speedfun.bike\\\/wp-content\\\/uploads\\\/2023\\\/06\\\/SpeedFun-Ribelle-tuning-ebike-Yamaha-PWX2-PWTE-PWSE-PWST_product_resized-scaled.jpg\",\"contentUrl\":\"https:\\\/\\\/www.speedfun.bike\\\/wp-content\\\/uploads\\\/2023\\\/06\\\/SpeedFun-Ribelle-tuning-ebike-Yamaha-PWX2-PWTE-PWSE-PWST_product_resized-scaled.jpg\",\"width\":2560,\"height\":2049,\"caption\":\"R\u00e9glage du v\u00e9lo \u00e9lectrique SpeedFun pour les v\u00e9los \u00e9lectriques PW-X, PW-X2, PW-SE, PW-TE et PW-ST pour supprimer le blocage \u00e0 25 km\\\/h\"},{\"@type\":\"BreadcrumbList\",\"@id\":\"https:\\\/\\\/www.speedfun.bike\\\/fr\\\/produit\\\/speedup-ribelle-pour-yamaha-pw-x-pw-se-et-pw-te-2019\\\/#breadcrumb\",\"itemListElement\":[{\"@type\":\"ListItem\",\"position\":1,\"name\":\"Home\",\"item\":\"https:\\\/\\\/www.speedfun.bike\\\/fr\\\/\"},{\"@type\":\"ListItem\",\"position\":2,\"name\":\"Boutique\",\"item\":\"https:\\\/\\\/www.speedfun.bike\\\/fr\\\/boutique\\\/\"},{\"@type\":\"ListItem\",\"position\":3,\"name\":\"SpeedFun Ribelle pour Yamaha PW-X, PW-X2, PW-SE, PW-TE, PW-ST\"}]},{\"@type\":\"WebSite\",\"@id\":\"https:\\\/\\\/www.speedfun.bike\\\/#website\",\"url\":\"https:\\\/\\\/www.speedfun.bike\\\/\",\"name\":\"Speed Fun\",\"description\":\"Sblocco velocit\u00e0 bici elettriche\",\"potentialAction\":[{\"@type\":\"SearchAction\",\"target\":{\"@type\":\"EntryPoint\",\"urlTemplate\":\"https:\\\/\\\/www.speedfun.bike\\\/?s={search_term_string}\"},\"query-input\":{\"@type\":\"PropertyValueSpecification\",\"valueRequired\":true,\"valueName\":\"search_term_string\"}}],\"inLanguage\":\"fr-FR\"}]}<\/script>\n<!-- \/ Yoast SEO plugin. -->","yoast_head_json":{"title":"SpeedFun tuning ebike Yamaha PW-X PW-X2 PW-SE PW-TE PW-ST \u00e0 partir de 2019","description":"Le r\u00e9glage SpeedFun Ribelle pour les ebike \u00e0 moteur Yamaha PW-X, PW-X2, PW-SE, PW-ST et PW-TE \u00e0 partir de 2019 augmente l'assistance jusqu'\u00e0 plus de 60 km\/h du v\u00e9lo \u00e9lectrique. Kits plug-and-go!","robots":{"index":"index","follow":"follow","max-snippet":"max-snippet:-1","max-image-preview":"max-image-preview:large","max-video-preview":"max-video-preview:-1"},"canonical":"https:\/\/www.speedfun.bike\/fr\/produit\/speedup-ribelle-pour-yamaha-pw-x-pw-se-et-pw-te-2019\/","og_locale":"fr_FR","og_type":"article","og_title":"SpeedFun tuning ebike Yamaha PW-X PW-X2 PW-SE PW-TE PW-ST \u00e0 partir de 2019","og_description":"Le r\u00e9glage SpeedFun Ribelle pour les ebike \u00e0 moteur Yamaha PW-X, PW-X2, PW-SE, PW-ST et PW-TE \u00e0 partir de 2019 augmente l'assistance jusqu'\u00e0 plus de 60 km\/h du v\u00e9lo \u00e9lectrique. Kits plug-and-go!","og_url":"https:\/\/www.speedfun.bike\/fr\/produit\/speedup-ribelle-pour-yamaha-pw-x-pw-se-et-pw-te-2019\/","og_site_name":"Speed Fun","article_modified_time":"2024-08-02T15:53:06+00:00","og_image":[{"width":2560,"height":2049,"url":"https:\/\/www.speedfun.bike\/wp-content\/uploads\/2023\/06\/SpeedFun-Ribelle-tuning-ebike-Yamaha-PWX2-PWTE-PWSE-PWST_product_resized-scaled.jpg","type":"image\/jpeg"}],"twitter_card":"summary_large_image","twitter_misc":{"Est. reading time":"3 minutes"},"schema":{"@context":"https:\/\/schema.org","@graph":[{"@type":"WebPage","@id":"https:\/\/www.speedfun.bike\/fr\/produit\/speedup-ribelle-pour-yamaha-pw-x-pw-se-et-pw-te-2019\/","url":"https:\/\/www.speedfun.bike\/fr\/produit\/speedup-ribelle-pour-yamaha-pw-x-pw-se-et-pw-te-2019\/","name":"SpeedFun tuning ebike Yamaha PW-X PW-X2 PW-SE PW-TE PW-ST \u00e0 partir de 2019","isPartOf":{"@id":"https:\/\/www.speedfun.bike\/#website"},"primaryImageOfPage":{"@id":"https:\/\/www.speedfun.bike\/fr\/produit\/speedup-ribelle-pour-yamaha-pw-x-pw-se-et-pw-te-2019\/#primaryimage"},"image":{"@id":"https:\/\/www.speedfun.bike\/fr\/produit\/speedup-ribelle-pour-yamaha-pw-x-pw-se-et-pw-te-2019\/#primaryimage"},"thumbnailUrl":"https:\/\/www.speedfun.bike\/wp-content\/uploads\/2023\/06\/SpeedFun-Ribelle-tuning-ebike-Yamaha-PWX2-PWTE-PWSE-PWST_product_resized-scaled.jpg","datePublished":"2019-03-13T09:00:13+00:00","dateModified":"2024-08-02T15:53:06+00:00","description":"Le r\u00e9glage SpeedFun Ribelle pour les ebike \u00e0 moteur Yamaha PW-X, PW-X2, PW-SE, PW-ST et PW-TE \u00e0 partir de 2019 augmente l'assistance jusqu'\u00e0 plus de 60 km\/h du v\u00e9lo \u00e9lectrique. Kits plug-and-go!","breadcrumb":{"@id":"https:\/\/www.speedfun.bike\/fr\/produit\/speedup-ribelle-pour-yamaha-pw-x-pw-se-et-pw-te-2019\/#breadcrumb"},"inLanguage":"fr-FR","potentialAction":[{"@type":"ReadAction","target":["https:\/\/www.speedfun.bike\/fr\/produit\/speedup-ribelle-pour-yamaha-pw-x-pw-se-et-pw-te-2019\/"]}]},{"@type":"ImageObject","inLanguage":"fr-FR","@id":"https:\/\/www.speedfun.bike\/fr\/produit\/speedup-ribelle-pour-yamaha-pw-x-pw-se-et-pw-te-2019\/#primaryimage","url":"https:\/\/www.speedfun.bike\/wp-content\/uploads\/2023\/06\/SpeedFun-Ribelle-tuning-ebike-Yamaha-PWX2-PWTE-PWSE-PWST_product_resized-scaled.jpg","contentUrl":"https:\/\/www.speedfun.bike\/wp-content\/uploads\/2023\/06\/SpeedFun-Ribelle-tuning-ebike-Yamaha-PWX2-PWTE-PWSE-PWST_product_resized-scaled.jpg","width":2560,"height":2049,"caption":"R\u00e9glage du v\u00e9lo \u00e9lectrique SpeedFun pour les v\u00e9los \u00e9lectriques PW-X, PW-X2, PW-SE, PW-TE et PW-ST pour supprimer le blocage \u00e0 25 km\/h"},{"@type":"BreadcrumbList","@id":"https:\/\/www.speedfun.bike\/fr\/produit\/speedup-ribelle-pour-yamaha-pw-x-pw-se-et-pw-te-2019\/#breadcrumb","itemListElement":[{"@type":"ListItem","position":1,"name":"Home","item":"https:\/\/www.speedfun.bike\/fr\/"},{"@type":"ListItem","position":2,"name":"Boutique","item":"https:\/\/www.speedfun.bike\/fr\/boutique\/"},{"@type":"ListItem","position":3,"name":"SpeedFun Ribelle pour Yamaha PW-X, PW-X2, PW-SE, PW-TE, PW-ST"}]},{"@type":"WebSite","@id":"https:\/\/www.speedfun.bike\/#website","url":"https:\/\/www.speedfun.bike\/","name":"Speed Fun","description":"Sblocco velocit\u00e0 bici elettriche","potentialAction":[{"@type":"SearchAction","target":{"@type":"EntryPoint","urlTemplate":"https:\/\/www.speedfun.bike\/?s={search_term_string}"},"query-input":{"@type":"PropertyValueSpecification","valueRequired":true,"valueName":"search_term_string"}}],"inLanguage":"fr-FR"}]}},"_links":{"self":[{"href":"https:\/\/www.speedfun.bike\/fr\/wp-json\/wp\/v2\/product\/16688","targetHints":{"allow":["GET"]}}],"collection":[{"href":"https:\/\/www.speedfun.bike\/fr\/wp-json\/wp\/v2\/product"}],"about":[{"href":"https:\/\/www.speedfun.bike\/fr\/wp-json\/wp\/v2\/types\/product"}],"replies":[{"embeddable":true,"href":"https:\/\/www.speedfun.bike\/fr\/wp-json\/wp\/v2\/comments?post=16688"}],"wp:featuredmedia":[{"embeddable":true,"href":"https:\/\/www.speedfun.bike\/fr\/wp-json\/wp\/v2\/media\/120823"}],"wp:attachment":[{"href":"https:\/\/www.speedfun.bike\/fr\/wp-json\/wp\/v2\/media?parent=16688"}],"wp:term":[{"taxonomy":"product_brand","embeddable":true,"href":"https:\/\/www.speedfun.bike\/fr\/wp-json\/wp\/v2\/product_brand?post=16688"},{"taxonomy":"product_cat","embeddable":true,"href":"https:\/\/www.speedfun.bike\/fr\/wp-json\/wp\/v2\/product_cat?post=16688"},{"taxonomy":"product_tag","embeddable":true,"href":"https:\/\/www.speedfun.bike\/fr\/wp-json\/wp\/v2\/product_tag?post=16688"}],"curies":[{"name":"wp","href":"https:\/\/api.w.org\/{rel}","templated":true}]}}