{"id":16589,"date":"2019-03-11T18:49:02","date_gmt":"2019-03-11T17:49:02","guid":{"rendered":"https:\/\/speedfun.bike\/prodotto\/speedup-ribelle-per-yamaha-pw-x-e-pw-se-2017-18-2\/"},"modified":"2024-08-02T16:55:18","modified_gmt":"2024-08-02T15:55:18","slug":"speedup-ribelle-pour-yamaha-pw-x-et-pw-se-2017-18","status":"publish","type":"product","link":"https:\/\/www.speedfun.bike\/fr\/produit\/speedup-ribelle-pour-yamaha-pw-x-et-pw-se-2017-18\/","title":{"rendered":"SpeedFun RIBELLE pour Yamaha PW-X et PW-SE 2017\/18"},"content":{"rendered":"<div class=\"wpb-content-wrapper\"><p>[vc_row row_height_percent=&#8221;0&#8243; overlay_alpha=&#8221;50&#8243; gutter_size=&#8221;3&#8243; shift_y=&#8221;0&#8243;][vc_column width=&#8221;1\/1&#8243;][vc_column_text]<\/p>\n<h1 style=\"text-align: center;\"><span style=\"color: #ff0000;\">ATTENTION!<\/span><\/h1>\n<h3 style=\"text-align: center;\">Cet appareil est uniquement pour les moteurs 2017-18.\u00a0Pour les moteurs \u00e0 partir de 2019, cliquez <a href=\"https:\/\/speedfun.bike\/fr\/produit\/speedup-ribelle-pour-yamaha-pw-x-pw-se-et-pw-te-2019\/\">ici<\/a>.<\/h3>\n<div class=\"page\" title=\"Page 1\">\n<div class=\"section\">\n<div class=\"layoutArea\">\n<div class=\"column\">\n<p>Distinction entre les moteurs 2017\/18 et 2019-20: les deux moteurs sont ext\u00e9rieurement les m\u00eames mais le syst\u00e8me de communication devient crypt\u00e9 \u00e0 partir de 2019. Yamaha a choisi d&#8217;inverser le sexe des connecteurs pour \u00e9viter de monter d&#8217;anciens \u00e9crans sur de nouveaux moteurs o\u00f9 ils ne fonctionneraient pas. C&#8217;est aussi la raison pour laquelle nous avons d\u00fb produire deux versions diff\u00e9rentes de Ribelle.<\/p>\n<p>Le moteur 2019 est reconnu car il monte normalement les interrupteurs lat\u00e9raux &#8220;A&#8221; et &#8220;C&#8221;.<br \/>\nUne fa\u00e7on unique de le distinguer est de v\u00e9rifier le sexe du connecteur \u00e0 5 voies qui connecte l&#8217;\u00e9cran (voir l&#8217;image ci-dessous).<\/p>\n<\/div>\n<\/div>\n<\/div>\n<\/div>\n<p>[\/vc_column_text][vc_single_image media=&#8221;17301&#8243; media_width_percent=&#8221;100&#8243; alignment=&#8221;center&#8221; shape=&#8221;img-round&#8221;][\/vc_column][\/vc_row][vc_row unlock_row_content=&#8221;yes&#8221; row_height_percent=&#8221;0&#8243; back_color=&#8221;color-jevc&#8221; overlay_alpha=&#8221;50&#8243; gutter_size=&#8221;3&#8243; shift_y=&#8221;0&#8243;][vc_column column_width_percent=&#8221;100&#8243; align_horizontal=&#8221;align_center&#8221; gutter_size=&#8221;3&#8243; overlay_alpha=&#8221;50&#8243; shift_x=&#8221;0&#8243; shift_y=&#8221;0&#8243; z_index=&#8221;0&#8243; medium_width=&#8221;0&#8243; mobile_width=&#8221;0&#8243; width=&#8221;1\/1&#8243;][vc_single_image media=&#8221;15833&#8243; media_width_use_pixel=&#8221;yes&#8221; alignment=&#8221;center&#8221; media_width_pixel=&#8221;320&#8243;][\/vc_column][\/vc_row][vc_row][vc_column width=&#8221;1\/1&#8243;][vc_column_text uncode_shortcode_id=&#8221;908570&#8243;]<\/p>\n<h2>Qu\u2019est-ce que SpeedFun RIBELLE?<\/h2>\n<p><span style=\"font-weight: 400;\">SpeedFun RIBELLE est un dispositif de d\u00e9bridage \u00e9lectronique et intelligent ne n\u00e9cessitant aucune alimentation externe.<\/span><\/p>\n<p><span style=\"font-weight: 400;\">Il est con\u00e7u pour les moteurs YAMAHA PW-X et PW-SE 2017-2018 pour lever la restriction de vitesse \u00e0 25 km\/h et permettre d&#8217;augmenter l\u2019assistance active jusqu&#8217;\u00e0 une vitesse pouvant d\u00e9passer 60 km\/h (<a href=\"https:\/\/speedfun.bike\/wp-content\/uploads\/2019\/06\/ebike-non-va-a-50-kmh.pdf\">info<\/a>) en exploitant totalement le potentiel du moteur.\u00a0<\/span><\/p>\n<p>SpeedFun RIBELLE affiche toujours la vitesse et le kilom\u00e9trage\u00a0r\u00e9elles sur l\u2019affichage de votre Ebike m\u00eame avec le\u00a0dispositif de d\u00e9bridage\u00a0activ\u00e9e.<\/p>\n<p>SpeedFun RIBELLE est \u00e9quip\u00e9 d\u2019un syst\u00e8me d\u2019auto-apprentissage pour stocker tous les param\u00e8tres de l\u2019ebike sur lequel il est mont\u00e9. Par cons\u00e9quent, aucun r\u00e9glage n\u2019est n\u00e9cessaire. Seulement une courte s\u00e9quence initiale et alors vous ne pouvez penser qu\u2019\u00e0 vous amuser !<\/p>\n<p>SpeedFun\u00a0RIBELLE est assembl\u00e9 de mani\u00e8re tr\u00e8s simple en l\u2019interposant entre le capteur de vitesse et le moteur et entre l\u2019afficheur et le moteur en utilisant des connecteurs d\u2019origine qui ne modifient pas les caract\u00e9ristiques de r\u00e9sistance \u00e9lectrique et d\u2019\u00e9tanch\u00e9it\u00e9 \u00e0 l\u2019eau.<\/p>\n<p>SpeedFun RIBELLE ne modifie pas l\u2019\u00e9lectronique du moteur Yamaha de quelque mani\u00e8re que ce soit qui puisse \u00eatre restaur\u00e9e \u00e0 tout moment et en quelques minutes \u00e0 la configuration d\u2019usine et ne laisse aucune trace de son installation physique ou m\u00eame dans le logiciel de l\u2019ebike. Cela permet de conserver la garantie et la valeur commerciale effective du v\u00e9lo.<\/p>\n<p>Le syst\u00e8me de fonctionnement d\u2019\u00e9vitement du num\u00e9ro de roue arri\u00e8re de Ribelle est en jeu que lorsqu\u2019il atteint des 16 kmh r\u00e9duisant progressivement, avec une algorithme particulier, la\u00a0communication de tours par moteur sans le cycliste mettent en garde aucune diff\u00e9rence d\u2019assistance. Il n\u2019intervient en aucun cas \u00e0 basse vitesse. Ceci est une pr\u00e9caution importante con\u00e7ue pour ne pas varier les param\u00e8tres de fonctionnement du moteur au d\u00e9marrage et en mont\u00e9es importantes, (qui sont les moments critiques et les plus d\u00e9licats pour un moteur), laissant ainsi intact les param\u00e8tres \u00e9tudi\u00e9s et optimis\u00e9s par le fabricant, et \u00e9vitant ainsi la perte de puissance, les d\u00e9faillances ou les op\u00e9rations de \u201chic\u201d qui se produisent plut\u00f4t avec les syst\u00e8mes de lib\u00e9ration d\u2019autres fabricants.<\/p>\n<p>SpeedFun RIBELLE peut \u00eatre activ\u00e9 et d\u00e9sactiv\u00e9 en appuyant simplement sur le bouton d&#8217;\u00e9clairage de v\u00e9lo. Un retour est affich\u00e9 sur l\u2019\u00e9cran chaque fois que l\u2019\u00e9tat d\u2019activation ou de d\u00e9sactivation est modifi\u00e9.<\/p>\n<p>RIBELLE permet le r\u00e9glage fin des roues de circonf\u00e9rence \u00e0 partir de 20\u2033 \u00e0 un calcul extr\u00eamement pr\u00e9cis de la vitesse et des distances, m\u00eame si vous deviez remplacer le pneu avec une section diff\u00e9rente de l\u2019original. Normalement, cette possibilit\u00e9 est offerte par Yamaha syst\u00e8me original.<\/p>\n<p><strong>ATTENTION, Ribelle est installable avec les limitations suivantes:<\/strong><\/p>\n<p>1: Ne peut pas \u00eatre mont\u00e9 sur les mod\u00e8les Haibike avec syst\u00e8me d\u2019amortisseur \u00e9lectronique E: I-Shock<\/p>\n<p>2: Ne convient pas aux moteurs Yamaha Sinc Drive mont\u00e9s sur des v\u00e9los de marque Giant\u00a0(pour Giant, voir Rebel SpeedFun for Giant ou cliquez <a href=\"https:\/\/speedfun.bike\/fr\/produit\/speedup-ribelle-pour-giant-syncdrive-life-sport-et-pro\/\">ici<\/a>)<\/p>\n<p>3. Il ne convient pas aux moteurs Yamaha PW-X, PW-X2, PW-SE, PW-TE, PW-ST \u00e0 partir de 2019 avec display Sideswitch et display &#8220;C&#8221;.<br \/>\n[\/vc_column_text][\/vc_column][\/vc_row]<\/p>\n<\/div>","protected":false},"excerpt":{"rendered":"<p>SpeedFun RIBELLE est un dispositif de d\u00e9bridage \u00e9lectronique et intelligent ne n\u00e9cessitant aucune alimentation externe.<\/p>\n<p>Il est con\u00e7u pour les moteurs YAMAHA PW-X et PW-SE 2017-18 pour lever la restriction de vitesse \u00e0 25 km\/h et permettre d&#8217;augmenter l\u2019assistance active jusqu&#8217;\u00e0 une vitesse pouvant d\u00e9passer 60 km\/h en exploitant totalement le potentiel du moteur.<\/p>\n<p>SpeedFun Ribelle pour les v\u00e9los \u00e9lectriques Yamaha affiche toujours la vitesse et le kilom\u00e9trage r\u00e9els sur l&#8217;\u00e9cran.<\/p>\n","protected":false},"featured_media":16572,"comment_status":"closed","ping_status":"closed","template":"","meta":{"_acf_changed":false},"product_brand":[],"product_cat":[274,26,698],"product_tag":[],"class_list":{"0":"post-16589","1":"product","2":"type-product","3":"status-publish","4":"has-post-thumbnail","6":"product_cat-ribelle-fr","7":"product_cat-for-yamaha-fr","8":"product_cat-autres-marques-avec-moteur-yamaha","9":"product_shipping_class-armadi-fr","11":"first","12":"outofstock","13":"taxable","14":"shipping-taxable","15":"purchasable","16":"product-type-simple"},"acf":[],"yoast_head":"<!-- This site is optimized with the Yoast SEO plugin v27.3 - https:\/\/yoast.com\/product\/yoast-seo-wordpress\/ -->\n<title>Tuning ebike SpeedFun Ribelle pour Yamaha PW-X et PW-SE 2017-2018<\/title>\n<meta name=\"description\" content=\"Le r\u00e9glage du v\u00e9lo \u00e9lectrique SpeedFun permet de supprimer le blocage de vitesse \u00e0 25 km\/h et d&#039;augmenter son assistance active jusqu&#039;\u00e0 plus de 60 km\/h en profitant pleinement du puissant moteur Yamaha. Cette version de vitesse ebike est sp\u00e9cialement con\u00e7ue pour Yamaha PW-X et PW-SE 2017-2018\" \/>\n<meta name=\"robots\" content=\"index, follow, max-snippet:-1, max-image-preview:large, max-video-preview:-1\" \/>\n<link rel=\"canonical\" href=\"https:\/\/www.speedfun.bike\/fr\/produit\/speedup-ribelle-pour-yamaha-pw-x-et-pw-se-2017-18\/\" \/>\n<meta property=\"og:locale\" content=\"fr_FR\" \/>\n<meta property=\"og:type\" content=\"article\" \/>\n<meta property=\"og:title\" content=\"Tuning ebike SpeedFun Ribelle pour Yamaha PW-X et PW-SE 2017-2018\" \/>\n<meta property=\"og:description\" content=\"Le r\u00e9glage du v\u00e9lo \u00e9lectrique SpeedFun permet de supprimer le blocage de vitesse \u00e0 25 km\/h et d&#039;augmenter son assistance active jusqu&#039;\u00e0 plus de 60 km\/h en profitant pleinement du puissant moteur Yamaha. Cette version de vitesse ebike est sp\u00e9cialement con\u00e7ue pour Yamaha PW-X et PW-SE 2017-2018\" \/>\n<meta property=\"og:url\" content=\"https:\/\/www.speedfun.bike\/fr\/produit\/speedup-ribelle-pour-yamaha-pw-x-et-pw-se-2017-18\/\" \/>\n<meta property=\"og:site_name\" content=\"Speed Fun\" \/>\n<meta property=\"article:modified_time\" content=\"2024-08-02T15:55:18+00:00\" \/>\n<meta property=\"og:image\" content=\"https:\/\/www.speedfun.bike\/wp-content\/uploads\/2019\/03\/Ribelle-2017-18-con-display-4.png\" \/>\n\t<meta property=\"og:image:width\" content=\"2745\" \/>\n\t<meta property=\"og:image:height\" content=\"2197\" \/>\n\t<meta property=\"og:image:type\" content=\"image\/png\" \/>\n<meta name=\"twitter:card\" content=\"summary_large_image\" \/>\n<meta name=\"twitter:label1\" content=\"Est. reading time\" \/>\n\t<meta name=\"twitter:data1\" content=\"4 minutes\" \/>\n<script type=\"application\/ld+json\" class=\"yoast-schema-graph\">{\"@context\":\"https:\\\/\\\/schema.org\",\"@graph\":[{\"@type\":\"WebPage\",\"@id\":\"https:\\\/\\\/www.speedfun.bike\\\/fr\\\/produit\\\/speedup-ribelle-pour-yamaha-pw-x-et-pw-se-2017-18\\\/\",\"url\":\"https:\\\/\\\/www.speedfun.bike\\\/fr\\\/produit\\\/speedup-ribelle-pour-yamaha-pw-x-et-pw-se-2017-18\\\/\",\"name\":\"Tuning ebike SpeedFun Ribelle pour Yamaha PW-X et PW-SE 2017-2018\",\"isPartOf\":{\"@id\":\"https:\\\/\\\/www.speedfun.bike\\\/#website\"},\"primaryImageOfPage\":{\"@id\":\"https:\\\/\\\/www.speedfun.bike\\\/fr\\\/produit\\\/speedup-ribelle-pour-yamaha-pw-x-et-pw-se-2017-18\\\/#primaryimage\"},\"image\":{\"@id\":\"https:\\\/\\\/www.speedfun.bike\\\/fr\\\/produit\\\/speedup-ribelle-pour-yamaha-pw-x-et-pw-se-2017-18\\\/#primaryimage\"},\"thumbnailUrl\":\"https:\\\/\\\/www.speedfun.bike\\\/wp-content\\\/uploads\\\/2019\\\/03\\\/Ribelle-2017-18-con-display-4.png\",\"datePublished\":\"2019-03-11T17:49:02+00:00\",\"dateModified\":\"2024-08-02T15:55:18+00:00\",\"description\":\"Le r\u00e9glage du v\u00e9lo \u00e9lectrique SpeedFun permet de supprimer le blocage de vitesse \u00e0 25 km\\\/h et d'augmenter son assistance active jusqu'\u00e0 plus de 60 km\\\/h en profitant pleinement du puissant moteur Yamaha. Cette version de vitesse ebike est sp\u00e9cialement con\u00e7ue pour Yamaha PW-X et PW-SE 2017-2018\",\"breadcrumb\":{\"@id\":\"https:\\\/\\\/www.speedfun.bike\\\/fr\\\/produit\\\/speedup-ribelle-pour-yamaha-pw-x-et-pw-se-2017-18\\\/#breadcrumb\"},\"inLanguage\":\"fr-FR\",\"potentialAction\":[{\"@type\":\"ReadAction\",\"target\":[\"https:\\\/\\\/www.speedfun.bike\\\/fr\\\/produit\\\/speedup-ribelle-pour-yamaha-pw-x-et-pw-se-2017-18\\\/\"]}]},{\"@type\":\"ImageObject\",\"inLanguage\":\"fr-FR\",\"@id\":\"https:\\\/\\\/www.speedfun.bike\\\/fr\\\/produit\\\/speedup-ribelle-pour-yamaha-pw-x-et-pw-se-2017-18\\\/#primaryimage\",\"url\":\"https:\\\/\\\/www.speedfun.bike\\\/wp-content\\\/uploads\\\/2019\\\/03\\\/Ribelle-2017-18-con-display-4.png\",\"contentUrl\":\"https:\\\/\\\/www.speedfun.bike\\\/wp-content\\\/uploads\\\/2019\\\/03\\\/Ribelle-2017-18-con-display-4.png\",\"width\":2745,\"height\":2197,\"caption\":\"Dispositif de d\u00e9verrouillage du moteur SpeedFun Ribelle Yamaha PW-X PW-SE 2017-18. Dispositif SpeedFun Rebel pour supprimer la limite de 25 km\\\/h de votre v\u00e9lo \u00e9lectrique avec moteur Yamaha PW-X PW-SE 2017-18. Afficher les donn\u00e9es r\u00e9elles sur les \u00e9crans X.\"},{\"@type\":\"BreadcrumbList\",\"@id\":\"https:\\\/\\\/www.speedfun.bike\\\/fr\\\/produit\\\/speedup-ribelle-pour-yamaha-pw-x-et-pw-se-2017-18\\\/#breadcrumb\",\"itemListElement\":[{\"@type\":\"ListItem\",\"position\":1,\"name\":\"Home\",\"item\":\"https:\\\/\\\/www.speedfun.bike\\\/fr\\\/\"},{\"@type\":\"ListItem\",\"position\":2,\"name\":\"Boutique\",\"item\":\"https:\\\/\\\/www.speedfun.bike\\\/fr\\\/boutique\\\/\"},{\"@type\":\"ListItem\",\"position\":3,\"name\":\"SpeedFun RIBELLE pour Yamaha PW-X et PW-SE 2017\\\/18\"}]},{\"@type\":\"WebSite\",\"@id\":\"https:\\\/\\\/www.speedfun.bike\\\/#website\",\"url\":\"https:\\\/\\\/www.speedfun.bike\\\/\",\"name\":\"Speed Fun\",\"description\":\"Sblocco velocit\u00e0 bici elettriche\",\"potentialAction\":[{\"@type\":\"SearchAction\",\"target\":{\"@type\":\"EntryPoint\",\"urlTemplate\":\"https:\\\/\\\/www.speedfun.bike\\\/?s={search_term_string}\"},\"query-input\":{\"@type\":\"PropertyValueSpecification\",\"valueRequired\":true,\"valueName\":\"search_term_string\"}}],\"inLanguage\":\"fr-FR\"}]}<\/script>\n<!-- \/ Yoast SEO plugin. -->","yoast_head_json":{"title":"Tuning ebike SpeedFun Ribelle pour Yamaha PW-X et PW-SE 2017-2018","description":"Le r\u00e9glage du v\u00e9lo \u00e9lectrique SpeedFun permet de supprimer le blocage de vitesse \u00e0 25 km\/h et d'augmenter son assistance active jusqu'\u00e0 plus de 60 km\/h en profitant pleinement du puissant moteur Yamaha. Cette version de vitesse ebike est sp\u00e9cialement con\u00e7ue pour Yamaha PW-X et PW-SE 2017-2018","robots":{"index":"index","follow":"follow","max-snippet":"max-snippet:-1","max-image-preview":"max-image-preview:large","max-video-preview":"max-video-preview:-1"},"canonical":"https:\/\/www.speedfun.bike\/fr\/produit\/speedup-ribelle-pour-yamaha-pw-x-et-pw-se-2017-18\/","og_locale":"fr_FR","og_type":"article","og_title":"Tuning ebike SpeedFun Ribelle pour Yamaha PW-X et PW-SE 2017-2018","og_description":"Le r\u00e9glage du v\u00e9lo \u00e9lectrique SpeedFun permet de supprimer le blocage de vitesse \u00e0 25 km\/h et d'augmenter son assistance active jusqu'\u00e0 plus de 60 km\/h en profitant pleinement du puissant moteur Yamaha. Cette version de vitesse ebike est sp\u00e9cialement con\u00e7ue pour Yamaha PW-X et PW-SE 2017-2018","og_url":"https:\/\/www.speedfun.bike\/fr\/produit\/speedup-ribelle-pour-yamaha-pw-x-et-pw-se-2017-18\/","og_site_name":"Speed Fun","article_modified_time":"2024-08-02T15:55:18+00:00","og_image":[{"width":2745,"height":2197,"url":"https:\/\/www.speedfun.bike\/wp-content\/uploads\/2019\/03\/Ribelle-2017-18-con-display-4.png","type":"image\/png"}],"twitter_card":"summary_large_image","twitter_misc":{"Est. reading time":"4 minutes"},"schema":{"@context":"https:\/\/schema.org","@graph":[{"@type":"WebPage","@id":"https:\/\/www.speedfun.bike\/fr\/produit\/speedup-ribelle-pour-yamaha-pw-x-et-pw-se-2017-18\/","url":"https:\/\/www.speedfun.bike\/fr\/produit\/speedup-ribelle-pour-yamaha-pw-x-et-pw-se-2017-18\/","name":"Tuning ebike SpeedFun Ribelle pour Yamaha PW-X et PW-SE 2017-2018","isPartOf":{"@id":"https:\/\/www.speedfun.bike\/#website"},"primaryImageOfPage":{"@id":"https:\/\/www.speedfun.bike\/fr\/produit\/speedup-ribelle-pour-yamaha-pw-x-et-pw-se-2017-18\/#primaryimage"},"image":{"@id":"https:\/\/www.speedfun.bike\/fr\/produit\/speedup-ribelle-pour-yamaha-pw-x-et-pw-se-2017-18\/#primaryimage"},"thumbnailUrl":"https:\/\/www.speedfun.bike\/wp-content\/uploads\/2019\/03\/Ribelle-2017-18-con-display-4.png","datePublished":"2019-03-11T17:49:02+00:00","dateModified":"2024-08-02T15:55:18+00:00","description":"Le r\u00e9glage du v\u00e9lo \u00e9lectrique SpeedFun permet de supprimer le blocage de vitesse \u00e0 25 km\/h et d'augmenter son assistance active jusqu'\u00e0 plus de 60 km\/h en profitant pleinement du puissant moteur Yamaha. Cette version de vitesse ebike est sp\u00e9cialement con\u00e7ue pour Yamaha PW-X et PW-SE 2017-2018","breadcrumb":{"@id":"https:\/\/www.speedfun.bike\/fr\/produit\/speedup-ribelle-pour-yamaha-pw-x-et-pw-se-2017-18\/#breadcrumb"},"inLanguage":"fr-FR","potentialAction":[{"@type":"ReadAction","target":["https:\/\/www.speedfun.bike\/fr\/produit\/speedup-ribelle-pour-yamaha-pw-x-et-pw-se-2017-18\/"]}]},{"@type":"ImageObject","inLanguage":"fr-FR","@id":"https:\/\/www.speedfun.bike\/fr\/produit\/speedup-ribelle-pour-yamaha-pw-x-et-pw-se-2017-18\/#primaryimage","url":"https:\/\/www.speedfun.bike\/wp-content\/uploads\/2019\/03\/Ribelle-2017-18-con-display-4.png","contentUrl":"https:\/\/www.speedfun.bike\/wp-content\/uploads\/2019\/03\/Ribelle-2017-18-con-display-4.png","width":2745,"height":2197,"caption":"Dispositif de d\u00e9verrouillage du moteur SpeedFun Ribelle Yamaha PW-X PW-SE 2017-18. Dispositif SpeedFun Rebel pour supprimer la limite de 25 km\/h de votre v\u00e9lo \u00e9lectrique avec moteur Yamaha PW-X PW-SE 2017-18. Afficher les donn\u00e9es r\u00e9elles sur les \u00e9crans X."},{"@type":"BreadcrumbList","@id":"https:\/\/www.speedfun.bike\/fr\/produit\/speedup-ribelle-pour-yamaha-pw-x-et-pw-se-2017-18\/#breadcrumb","itemListElement":[{"@type":"ListItem","position":1,"name":"Home","item":"https:\/\/www.speedfun.bike\/fr\/"},{"@type":"ListItem","position":2,"name":"Boutique","item":"https:\/\/www.speedfun.bike\/fr\/boutique\/"},{"@type":"ListItem","position":3,"name":"SpeedFun RIBELLE pour Yamaha PW-X et PW-SE 2017\/18"}]},{"@type":"WebSite","@id":"https:\/\/www.speedfun.bike\/#website","url":"https:\/\/www.speedfun.bike\/","name":"Speed Fun","description":"Sblocco velocit\u00e0 bici elettriche","potentialAction":[{"@type":"SearchAction","target":{"@type":"EntryPoint","urlTemplate":"https:\/\/www.speedfun.bike\/?s={search_term_string}"},"query-input":{"@type":"PropertyValueSpecification","valueRequired":true,"valueName":"search_term_string"}}],"inLanguage":"fr-FR"}]}},"_links":{"self":[{"href":"https:\/\/www.speedfun.bike\/fr\/wp-json\/wp\/v2\/product\/16589","targetHints":{"allow":["GET"]}}],"collection":[{"href":"https:\/\/www.speedfun.bike\/fr\/wp-json\/wp\/v2\/product"}],"about":[{"href":"https:\/\/www.speedfun.bike\/fr\/wp-json\/wp\/v2\/types\/product"}],"replies":[{"embeddable":true,"href":"https:\/\/www.speedfun.bike\/fr\/wp-json\/wp\/v2\/comments?post=16589"}],"wp:featuredmedia":[{"embeddable":true,"href":"https:\/\/www.speedfun.bike\/fr\/wp-json\/wp\/v2\/media\/16572"}],"wp:attachment":[{"href":"https:\/\/www.speedfun.bike\/fr\/wp-json\/wp\/v2\/media?parent=16589"}],"wp:term":[{"taxonomy":"product_brand","embeddable":true,"href":"https:\/\/www.speedfun.bike\/fr\/wp-json\/wp\/v2\/product_brand?post=16589"},{"taxonomy":"product_cat","embeddable":true,"href":"https:\/\/www.speedfun.bike\/fr\/wp-json\/wp\/v2\/product_cat?post=16589"},{"taxonomy":"product_tag","embeddable":true,"href":"https:\/\/www.speedfun.bike\/fr\/wp-json\/wp\/v2\/product_tag?post=16589"}],"curies":[{"name":"wp","href":"https:\/\/api.w.org\/{rel}","templated":true}]}}