{"id":146315,"date":"2026-04-01T10:35:55","date_gmt":"2026-04-01T09:35:55","guid":{"rendered":"https:\/\/speedfun.bike\/prodotto\/speedfun-furious-evo-avec-fonction-on-off-des-lumieres-pour-bafang-m200-m210-m410-m800-et-m820\/"},"modified":"2026-04-01T11:01:06","modified_gmt":"2026-04-01T10:01:06","slug":"speedfun-furious-evo-avec-fonction-on-off-des-lumieres-pour-bafang-m200-m210-m410-m800-et-m820","status":"publish","type":"product","link":"https:\/\/www.speedfun.bike\/fr\/produit\/speedfun-furious-evo-avec-fonction-on-off-des-lumieres-pour-bafang-m200-m210-m410-m800-et-m820\/","title":{"rendered":"SpeedFun Furious Evo avec fonction on\/off des lumi\u00e8res pour Bafang M200, M210, M410, M800 et M820"},"content":{"rendered":"<div class=\"wpb-content-wrapper\"><p>[vc_row][vc_column width=&#8221;1\/1&#8243;][vc_column_text uncode_shortcode_id=&#8221;737640&#8243;]<\/p>\n<h2 data-start=\"0\" data-end=\"529\">Qu\u2019est-ce que SpeedFun Furious Evo pour Bafang M200, M210, M410, M800 et M820 ?<\/h2>\n<p data-start=\"0\" data-end=\"529\">La fonction du dispositif de tuning Furious Evo pour Bafang M200, M210, M410, M800 et M820 est de manipuler \u00e9lectroniquement la vitesse de rotation de la roue arri\u00e8re et de communiquer au moteur une vitesse toujours inf\u00e9rieure \u00e0 25 km\/h, afin d\u2019obtenir une vitesse r\u00e9elle beaucoup plus \u00e9lev\u00e9e avec le moteur actif. La vitesse maximale sera donc d\u00e9termin\u00e9e par la puissance du moteur additionn\u00e9e \u00e0 la puissance d\u00e9velopp\u00e9e par vos jambes (<a href=\"https:\/\/speedfun.bike\/wp-content\/uploads\/2019\/06\/ebike-non-va-a-50-kmh.pdf\">info<\/a>).<\/p>\n<p data-start=\"531\" data-end=\"699\">Il peut \u00eatre install\u00e9 sur des e-bikes \u00e9quip\u00e9s de moteurs Bafang M200, M210, M410, M800 et M820, ind\u00e9pendamment du type d\u2019afficheur ou de commande au guidon de l\u2019e-bike.<\/p>\n<p data-start=\"701\" data-end=\"865\">Lorsque le dispositif de tuning est actif, n\u2019ayant pas de communication avec l\u2019afficheur, il affichera des donn\u00e9es alt\u00e9r\u00e9es sur l\u2019\u00e9cran \u00e0 partir d\u2019un certain seuil.<\/p>\n<p data-start=\"867\" data-end=\"1249\">Le dispositif de tuning Furious Evo peut \u00eatre activ\u00e9\/d\u00e9sactiv\u00e9 simplement en appuyant sur le bouton des feux de l\u2019e-bike. Si l\u2019e-bike a d\u00e9j\u00e0 des feux connect\u00e9s \u00e0 la sortie lumi\u00e8res, ou s\u2019il n\u2019est pas possible de l\u2019utiliser, il sera tout de m\u00eame possible d\u2019activer\/d\u00e9sactiver le tuning gr\u00e2ce \u00e0 un syst\u00e8me tr\u00e8s pratique (pour plus d\u2019informations, veuillez consulter les instructions).<\/p>\n<p data-start=\"1251\" data-end=\"1419\">Le kit est fourni plug and go, pr\u00eat \u00e0 l\u2019emploi. Il s\u2019installe tr\u00e8s facilement gr\u00e2ce aux connecteurs d\u2019origine, sans n\u00e9cessiter aucune modification physique de l\u2019e-bike.<\/p>\n<p data-start=\"1251\" data-end=\"1419\"><strong data-start=\"1421\" data-end=\"1436\">ATTENTION !<\/strong><br data-start=\"1436\" data-end=\"1439\" \/>Ce dispositif n\u2019est pas compatible avec le syst\u00e8me de changement de vitesse automatique Enviolo (Enviolo AUTOMATiQ)<\/p>\n<p data-start=\"1251\" data-end=\"1419\">\n<h2 data-start=\"1421\" data-end=\"1554\">Ebikes \u00e9quip\u00e9s de moteurs Bafang M200, M210, M410, M800 et M820 sur lesquels le dispositif Furious Evo a \u00e9t\u00e9 install\u00e9 avec succ\u00e8s<\/h2>\n<p data-start=\"1421\" data-end=\"1554\">(cette liste est indicative et non exhaustive)<\/p>\n<p>[\/vc_column_text][vc_row_inner][vc_column_inner width=&#8221;1\/3&#8243;][vc_column_text uncode_shortcode_id=&#8221;211348&#8243;]<\/p>\n<p>&#8211; Alpek Evoke Pro 2020<br \/>\n&#8211; Alpek Runa e Runa Ultimate<\/p>\n<p>[\/vc_column_text][\/vc_column_inner][vc_column_inner width=&#8221;1\/3&#8243;][vc_column_text uncode_shortcode_id=&#8221;971638&#8243;]<\/p>\n<p>&#8211; Agazzini Bikes New Enduro<br \/>\n&#8211; Eskute Netuno<\/p>\n<p>[\/vc_column_text][\/vc_column_inner][vc_column_inner width=&#8221;1\/3&#8243;][\/vc_column_inner][\/vc_row_inner][vc_column_text uncode_shortcode_id=&#8221;146374&#8243;]<\/p>\n<h2>Instructions d\u2019installation et d\u2019utilisation<\/h2>\n<p><img decoding=\"async\" class=\"alignleft wp-image-81292\" src=\"https:\/\/speedfun.bike\/wp-content\/uploads\/2021\/09\/logo-istruzioni_page-0001.jpg\" alt=\"\" width=\"31\" height=\"30\" srcset=\"https:\/\/www.speedfun.bike\/wp-content\/uploads\/2021\/09\/logo-istruzioni_page-0001.jpg 799w, https:\/\/www.speedfun.bike\/wp-content\/uploads\/2021\/09\/logo-istruzioni_page-0001-300x300.jpg 300w, https:\/\/www.speedfun.bike\/wp-content\/uploads\/2021\/09\/logo-istruzioni_page-0001-100x100.jpg 100w, https:\/\/www.speedfun.bike\/wp-content\/uploads\/2021\/09\/logo-istruzioni_page-0001-600x600.jpg 600w, https:\/\/www.speedfun.bike\/wp-content\/uploads\/2021\/09\/logo-istruzioni_page-0001-150x150.jpg 150w, https:\/\/www.speedfun.bike\/wp-content\/uploads\/2021\/09\/logo-istruzioni_page-0001-768x752.jpg 768w, https:\/\/www.speedfun.bike\/wp-content\/uploads\/2021\/09\/logo-istruzioni_page-0001-180x180.jpg 180w\" sizes=\"(max-width: 31px) 100vw, 31px\" \/><\/p>\n<div class=\"flex flex-col text-sm pb-25\">\n<section class=\"text-token-text-primary w-full focus:outline-none [--shadow-height:45px] has-data-writing-block:pointer-events-none has-data-writing-block:-mt-(--shadow-height) has-data-writing-block:pt-(--shadow-height) [&amp;:has([data-writing-block])&gt;*]:pointer-events-auto scroll-mt-[calc(var(--header-height)+min(200px,max(70px,20svh)))]\" dir=\"auto\" data-turn-id=\"request-WEB:48d07402-0c46-4394-bb07-f4227ee2b8d2-11\" data-testid=\"conversation-turn-24\" data-scroll-anchor=\"true\" data-turn=\"assistant\">\n<div class=\"text-base my-auto mx-auto pb-10 [--thread-content-margin:var(--thread-content-margin-xs,calc(var(--spacing)*4))] @w-sm\/main:[--thread-content-margin:var(--thread-content-margin-sm,calc(var(--spacing)*6))] @w-lg\/main:[--thread-content-margin:var(--thread-content-margin-lg,calc(var(--spacing)*16))] px-(--thread-content-margin)\">\n<div class=\"[--thread-content-max-width:40rem] @w-lg\/main:[--thread-content-max-width:48rem] mx-auto max-w-(--thread-content-max-width) flex-1 group\/turn-messages focus-visible:outline-hidden relative flex w-full min-w-0 flex-col agent-turn\">\n<div class=\"flex max-w-full flex-col gap-4 grow\">\n<div class=\"min-h-8 text-message relative flex w-full flex-col items-end gap-2 text-start break-words whitespace-normal outline-none keyboard-focused:focus-ring [.text-message+&amp;]:mt-1\" dir=\"auto\" tabindex=\"0\" data-message-author-role=\"assistant\" data-message-id=\"883c5dbd-36bd-47a5-8a61-0ed03f8e86cb\" data-message-model-slug=\"gpt-5-3\" data-turn-start-message=\"true\">\n<div class=\"flex w-full flex-col gap-1 empty:hidden\">\n<div class=\"markdown prose dark:prose-invert w-full wrap-break-word light markdown-new-styling\"><span style=\"color: #ff0000;\">Instructions d\u2019installation et d\u2019utilisation Furious Evo pour Bafang M200, M210, M410, M800 et M820<\/span><\/div>\n<\/div>\n<\/div>\n<\/div>\n<\/div>\n<\/div>\n<\/section>\n<\/div>\n<p>[\/vc_column_text][\/vc_column][\/vc_row]<\/p>\n<\/div>","protected":false},"excerpt":{"rendered":"<p data-start=\"0\" data-end=\"209\">SpeedFun Furious Evo est un dispositif de tuning pour e-bike qui permet de supprimer la limite de vitesse de 25 km\/h en exploitant pleinement les performances des moteurs Bafang M200, M210, M410, M800 et M820.<\/p>\n<p data-start=\"211\" data-end=\"392\">Ce kit de d\u00e9bridage pour e-bike est sp\u00e9cialement con\u00e7u pour les moteurs Bafang M200, M210, M410, M800 et M820, ind\u00e9pendamment de l\u2019afficheur ou de la commande au guidon de l\u2019e-bike.<\/p>\n<p data-start=\"394\" data-end=\"554\" data-is-last-node=\"\" data-is-only-node=\"\">Tous les dispositifs de d\u00e9bridage SpeedFun Furious Evo peuvent \u00eatre activ\u00e9s et d\u00e9sactiv\u00e9s \u00e0 tout moment, m\u00eame sans n\u00e9cessiter de connexion \u00e0 la sortie lumi\u00e8res.<\/p>\n","protected":false},"featured_media":146295,"comment_status":"open","ping_status":"closed","template":"","meta":{"_acf_changed":false},"product_brand":[],"product_cat":[42,273],"product_tag":[],"class_list":{"0":"post-146315","1":"product","2":"type-product","3":"status-publish","4":"has-post-thumbnail","6":"product_cat-for-bafang-fr","7":"product_cat-furious-fr","8":"product_shipping_class-armadi-fr","10":"first","11":"instock","12":"taxable","13":"shipping-taxable","14":"purchasable","15":"product-type-simple"},"acf":[],"yoast_head":"<!-- This site is optimized with the Yoast SEO plugin v27.3 - https:\/\/yoast.com\/product\/yoast-seo-wordpress\/ -->\n<title>Kit de d\u00e9bridage vitesse Bafang M200 M210 M410 M800 M820 - SpeedFun tuning ebike<\/title>\n<meta name=\"description\" content=\"Furious Evo est une puce de tuning qui permet d\u2019augmenter l\u2019assistance de votre ebike \u00e9quip\u00e9e de moteurs Bafang M200, M210, M410, M800 et M820 jusqu\u2019\u00e0 60 km\/h. Kit plug and go!\" \/>\n<meta name=\"robots\" content=\"index, follow, max-snippet:-1, max-image-preview:large, max-video-preview:-1\" \/>\n<link rel=\"canonical\" href=\"https:\/\/www.speedfun.bike\/fr\/produit\/speedfun-furious-evo-avec-fonction-on-off-des-lumieres-pour-bafang-m200-m210-m410-m800-et-m820\/\" \/>\n<meta property=\"og:locale\" content=\"fr_FR\" \/>\n<meta property=\"og:type\" content=\"article\" \/>\n<meta property=\"og:title\" content=\"Kit de d\u00e9bridage vitesse Bafang M200 M210 M410 M800 M820 - SpeedFun tuning ebike\" \/>\n<meta property=\"og:description\" content=\"Furious Evo est une puce de tuning qui permet d\u2019augmenter l\u2019assistance de votre ebike \u00e9quip\u00e9e de moteurs Bafang M200, M210, M410, M800 et M820 jusqu\u2019\u00e0 60 km\/h. Kit plug and go!\" \/>\n<meta property=\"og:url\" content=\"https:\/\/www.speedfun.bike\/fr\/produit\/speedfun-furious-evo-avec-fonction-on-off-des-lumieres-pour-bafang-m200-m210-m410-m800-et-m820\/\" \/>\n<meta property=\"og:site_name\" content=\"Speed Fun\" \/>\n<meta property=\"article:modified_time\" content=\"2026-04-01T10:01:06+00:00\" \/>\n<meta property=\"og:image\" content=\"https:\/\/www.speedfun.bike\/wp-content\/uploads\/2026\/04\/SpeedFun-ebike-tuning-chip-kit-Furious-Evo-Bafang-M200-M210-M410-M800-M820_product-scaled.jpg\" \/>\n\t<meta property=\"og:image:width\" content=\"2560\" \/>\n\t<meta property=\"og:image:height\" content=\"2049\" \/>\n\t<meta property=\"og:image:type\" content=\"image\/jpeg\" \/>\n<meta name=\"twitter:card\" content=\"summary_large_image\" \/>\n<meta name=\"twitter:label1\" content=\"Est. reading time\" \/>\n\t<meta name=\"twitter:data1\" content=\"2 minutes\" \/>\n<script type=\"application\/ld+json\" class=\"yoast-schema-graph\">{\"@context\":\"https:\\\/\\\/schema.org\",\"@graph\":[{\"@type\":\"WebPage\",\"@id\":\"https:\\\/\\\/www.speedfun.bike\\\/fr\\\/produit\\\/speedfun-furious-evo-avec-fonction-on-off-des-lumieres-pour-bafang-m200-m210-m410-m800-et-m820\\\/\",\"url\":\"https:\\\/\\\/www.speedfun.bike\\\/fr\\\/produit\\\/speedfun-furious-evo-avec-fonction-on-off-des-lumieres-pour-bafang-m200-m210-m410-m800-et-m820\\\/\",\"name\":\"Kit de d\u00e9bridage vitesse Bafang M200 M210 M410 M800 M820 - SpeedFun tuning ebike\",\"isPartOf\":{\"@id\":\"https:\\\/\\\/www.speedfun.bike\\\/#website\"},\"primaryImageOfPage\":{\"@id\":\"https:\\\/\\\/www.speedfun.bike\\\/fr\\\/produit\\\/speedfun-furious-evo-avec-fonction-on-off-des-lumieres-pour-bafang-m200-m210-m410-m800-et-m820\\\/#primaryimage\"},\"image\":{\"@id\":\"https:\\\/\\\/www.speedfun.bike\\\/fr\\\/produit\\\/speedfun-furious-evo-avec-fonction-on-off-des-lumieres-pour-bafang-m200-m210-m410-m800-et-m820\\\/#primaryimage\"},\"thumbnailUrl\":\"https:\\\/\\\/www.speedfun.bike\\\/wp-content\\\/uploads\\\/2026\\\/04\\\/SpeedFun-ebike-tuning-chip-kit-Furious-Evo-Bafang-M200-M210-M410-M800-M820_product-scaled.jpg\",\"datePublished\":\"2026-04-01T09:35:55+00:00\",\"dateModified\":\"2026-04-01T10:01:06+00:00\",\"description\":\"Furious Evo est une puce de tuning qui permet d\u2019augmenter l\u2019assistance de votre ebike \u00e9quip\u00e9e de moteurs Bafang M200, M210, M410, M800 et M820 jusqu\u2019\u00e0 60 km\\\/h. Kit plug and go!\",\"breadcrumb\":{\"@id\":\"https:\\\/\\\/www.speedfun.bike\\\/fr\\\/produit\\\/speedfun-furious-evo-avec-fonction-on-off-des-lumieres-pour-bafang-m200-m210-m410-m800-et-m820\\\/#breadcrumb\"},\"inLanguage\":\"fr-FR\",\"potentialAction\":[{\"@type\":\"ReadAction\",\"target\":[\"https:\\\/\\\/www.speedfun.bike\\\/fr\\\/produit\\\/speedfun-furious-evo-avec-fonction-on-off-des-lumieres-pour-bafang-m200-m210-m410-m800-et-m820\\\/\"]}]},{\"@type\":\"ImageObject\",\"inLanguage\":\"fr-FR\",\"@id\":\"https:\\\/\\\/www.speedfun.bike\\\/fr\\\/produit\\\/speedfun-furious-evo-avec-fonction-on-off-des-lumieres-pour-bafang-m200-m210-m410-m800-et-m820\\\/#primaryimage\",\"url\":\"https:\\\/\\\/www.speedfun.bike\\\/wp-content\\\/uploads\\\/2026\\\/04\\\/SpeedFun-ebike-tuning-chip-kit-Furious-Evo-Bafang-M200-M210-M410-M800-M820_product-scaled.jpg\",\"contentUrl\":\"https:\\\/\\\/www.speedfun.bike\\\/wp-content\\\/uploads\\\/2026\\\/04\\\/SpeedFun-ebike-tuning-chip-kit-Furious-Evo-Bafang-M200-M210-M410-M800-M820_product-scaled.jpg\",\"width\":2560,\"height\":2049,\"caption\":\"SpeedFun Furious Evo easy+ est une puce de r\u00e9glage pour bloquer la vitesse au-del\u00e0 de 60 km\\\/h sur votre v\u00e9lo \u00e9lectrique dot\u00e9 de moteurs Bafang M200 M210 M410 M800 M820\"},{\"@type\":\"BreadcrumbList\",\"@id\":\"https:\\\/\\\/www.speedfun.bike\\\/fr\\\/produit\\\/speedfun-furious-evo-avec-fonction-on-off-des-lumieres-pour-bafang-m200-m210-m410-m800-et-m820\\\/#breadcrumb\",\"itemListElement\":[{\"@type\":\"ListItem\",\"position\":1,\"name\":\"Home\",\"item\":\"https:\\\/\\\/www.speedfun.bike\\\/fr\\\/\"},{\"@type\":\"ListItem\",\"position\":2,\"name\":\"Boutique\",\"item\":\"https:\\\/\\\/www.speedfun.bike\\\/fr\\\/boutique\\\/\"},{\"@type\":\"ListItem\",\"position\":3,\"name\":\"SpeedFun Furious Evo avec fonction on\\\/off des lumi\u00e8res pour Bafang M200, M210, M410, M800 et M820\"}]},{\"@type\":\"WebSite\",\"@id\":\"https:\\\/\\\/www.speedfun.bike\\\/#website\",\"url\":\"https:\\\/\\\/www.speedfun.bike\\\/\",\"name\":\"Speed Fun\",\"description\":\"Sblocco velocit\u00e0 bici elettriche\",\"potentialAction\":[{\"@type\":\"SearchAction\",\"target\":{\"@type\":\"EntryPoint\",\"urlTemplate\":\"https:\\\/\\\/www.speedfun.bike\\\/?s={search_term_string}\"},\"query-input\":{\"@type\":\"PropertyValueSpecification\",\"valueRequired\":true,\"valueName\":\"search_term_string\"}}],\"inLanguage\":\"fr-FR\"}]}<\/script>\n<!-- \/ Yoast SEO plugin. -->","yoast_head_json":{"title":"Kit de d\u00e9bridage vitesse Bafang M200 M210 M410 M800 M820 - SpeedFun tuning ebike","description":"Furious Evo est une puce de tuning qui permet d\u2019augmenter l\u2019assistance de votre ebike \u00e9quip\u00e9e de moteurs Bafang M200, M210, M410, M800 et M820 jusqu\u2019\u00e0 60 km\/h. Kit plug and go!","robots":{"index":"index","follow":"follow","max-snippet":"max-snippet:-1","max-image-preview":"max-image-preview:large","max-video-preview":"max-video-preview:-1"},"canonical":"https:\/\/www.speedfun.bike\/fr\/produit\/speedfun-furious-evo-avec-fonction-on-off-des-lumieres-pour-bafang-m200-m210-m410-m800-et-m820\/","og_locale":"fr_FR","og_type":"article","og_title":"Kit de d\u00e9bridage vitesse Bafang M200 M210 M410 M800 M820 - SpeedFun tuning ebike","og_description":"Furious Evo est une puce de tuning qui permet d\u2019augmenter l\u2019assistance de votre ebike \u00e9quip\u00e9e de moteurs Bafang M200, M210, M410, M800 et M820 jusqu\u2019\u00e0 60 km\/h. Kit plug and go!","og_url":"https:\/\/www.speedfun.bike\/fr\/produit\/speedfun-furious-evo-avec-fonction-on-off-des-lumieres-pour-bafang-m200-m210-m410-m800-et-m820\/","og_site_name":"Speed Fun","article_modified_time":"2026-04-01T10:01:06+00:00","og_image":[{"width":2560,"height":2049,"url":"https:\/\/www.speedfun.bike\/wp-content\/uploads\/2026\/04\/SpeedFun-ebike-tuning-chip-kit-Furious-Evo-Bafang-M200-M210-M410-M800-M820_product-scaled.jpg","type":"image\/jpeg"}],"twitter_card":"summary_large_image","twitter_misc":{"Est. reading time":"2 minutes"},"schema":{"@context":"https:\/\/schema.org","@graph":[{"@type":"WebPage","@id":"https:\/\/www.speedfun.bike\/fr\/produit\/speedfun-furious-evo-avec-fonction-on-off-des-lumieres-pour-bafang-m200-m210-m410-m800-et-m820\/","url":"https:\/\/www.speedfun.bike\/fr\/produit\/speedfun-furious-evo-avec-fonction-on-off-des-lumieres-pour-bafang-m200-m210-m410-m800-et-m820\/","name":"Kit de d\u00e9bridage vitesse Bafang M200 M210 M410 M800 M820 - SpeedFun tuning ebike","isPartOf":{"@id":"https:\/\/www.speedfun.bike\/#website"},"primaryImageOfPage":{"@id":"https:\/\/www.speedfun.bike\/fr\/produit\/speedfun-furious-evo-avec-fonction-on-off-des-lumieres-pour-bafang-m200-m210-m410-m800-et-m820\/#primaryimage"},"image":{"@id":"https:\/\/www.speedfun.bike\/fr\/produit\/speedfun-furious-evo-avec-fonction-on-off-des-lumieres-pour-bafang-m200-m210-m410-m800-et-m820\/#primaryimage"},"thumbnailUrl":"https:\/\/www.speedfun.bike\/wp-content\/uploads\/2026\/04\/SpeedFun-ebike-tuning-chip-kit-Furious-Evo-Bafang-M200-M210-M410-M800-M820_product-scaled.jpg","datePublished":"2026-04-01T09:35:55+00:00","dateModified":"2026-04-01T10:01:06+00:00","description":"Furious Evo est une puce de tuning qui permet d\u2019augmenter l\u2019assistance de votre ebike \u00e9quip\u00e9e de moteurs Bafang M200, M210, M410, M800 et M820 jusqu\u2019\u00e0 60 km\/h. Kit plug and go!","breadcrumb":{"@id":"https:\/\/www.speedfun.bike\/fr\/produit\/speedfun-furious-evo-avec-fonction-on-off-des-lumieres-pour-bafang-m200-m210-m410-m800-et-m820\/#breadcrumb"},"inLanguage":"fr-FR","potentialAction":[{"@type":"ReadAction","target":["https:\/\/www.speedfun.bike\/fr\/produit\/speedfun-furious-evo-avec-fonction-on-off-des-lumieres-pour-bafang-m200-m210-m410-m800-et-m820\/"]}]},{"@type":"ImageObject","inLanguage":"fr-FR","@id":"https:\/\/www.speedfun.bike\/fr\/produit\/speedfun-furious-evo-avec-fonction-on-off-des-lumieres-pour-bafang-m200-m210-m410-m800-et-m820\/#primaryimage","url":"https:\/\/www.speedfun.bike\/wp-content\/uploads\/2026\/04\/SpeedFun-ebike-tuning-chip-kit-Furious-Evo-Bafang-M200-M210-M410-M800-M820_product-scaled.jpg","contentUrl":"https:\/\/www.speedfun.bike\/wp-content\/uploads\/2026\/04\/SpeedFun-ebike-tuning-chip-kit-Furious-Evo-Bafang-M200-M210-M410-M800-M820_product-scaled.jpg","width":2560,"height":2049,"caption":"SpeedFun Furious Evo easy+ est une puce de r\u00e9glage pour bloquer la vitesse au-del\u00e0 de 60 km\/h sur votre v\u00e9lo \u00e9lectrique dot\u00e9 de moteurs Bafang M200 M210 M410 M800 M820"},{"@type":"BreadcrumbList","@id":"https:\/\/www.speedfun.bike\/fr\/produit\/speedfun-furious-evo-avec-fonction-on-off-des-lumieres-pour-bafang-m200-m210-m410-m800-et-m820\/#breadcrumb","itemListElement":[{"@type":"ListItem","position":1,"name":"Home","item":"https:\/\/www.speedfun.bike\/fr\/"},{"@type":"ListItem","position":2,"name":"Boutique","item":"https:\/\/www.speedfun.bike\/fr\/boutique\/"},{"@type":"ListItem","position":3,"name":"SpeedFun Furious Evo avec fonction on\/off des lumi\u00e8res pour Bafang M200, M210, M410, M800 et M820"}]},{"@type":"WebSite","@id":"https:\/\/www.speedfun.bike\/#website","url":"https:\/\/www.speedfun.bike\/","name":"Speed Fun","description":"Sblocco velocit\u00e0 bici elettriche","potentialAction":[{"@type":"SearchAction","target":{"@type":"EntryPoint","urlTemplate":"https:\/\/www.speedfun.bike\/?s={search_term_string}"},"query-input":{"@type":"PropertyValueSpecification","valueRequired":true,"valueName":"search_term_string"}}],"inLanguage":"fr-FR"}]}},"_links":{"self":[{"href":"https:\/\/www.speedfun.bike\/fr\/wp-json\/wp\/v2\/product\/146315","targetHints":{"allow":["GET"]}}],"collection":[{"href":"https:\/\/www.speedfun.bike\/fr\/wp-json\/wp\/v2\/product"}],"about":[{"href":"https:\/\/www.speedfun.bike\/fr\/wp-json\/wp\/v2\/types\/product"}],"replies":[{"embeddable":true,"href":"https:\/\/www.speedfun.bike\/fr\/wp-json\/wp\/v2\/comments?post=146315"}],"wp:featuredmedia":[{"embeddable":true,"href":"https:\/\/www.speedfun.bike\/fr\/wp-json\/wp\/v2\/media\/146295"}],"wp:attachment":[{"href":"https:\/\/www.speedfun.bike\/fr\/wp-json\/wp\/v2\/media?parent=146315"}],"wp:term":[{"taxonomy":"product_brand","embeddable":true,"href":"https:\/\/www.speedfun.bike\/fr\/wp-json\/wp\/v2\/product_brand?post=146315"},{"taxonomy":"product_cat","embeddable":true,"href":"https:\/\/www.speedfun.bike\/fr\/wp-json\/wp\/v2\/product_cat?post=146315"},{"taxonomy":"product_tag","embeddable":true,"href":"https:\/\/www.speedfun.bike\/fr\/wp-json\/wp\/v2\/product_tag?post=146315"}],"curies":[{"name":"wp","href":"https:\/\/api.w.org\/{rel}","templated":true}]}}