{"id":146017,"date":"2026-03-05T11:46:10","date_gmt":"2026-03-05T10:46:10","guid":{"rendered":"https:\/\/speedfun.bike\/?post_type=product&#038;p=146017"},"modified":"2026-03-26T11:14:32","modified_gmt":"2026-03-26T10:14:32","slug":"speedfun-furious-evo-easy-pour-bosch-smart-system-performance-line-px-et-performance-line-rim-magnet","status":"publish","type":"product","link":"https:\/\/www.speedfun.bike\/fr\/produit\/speedfun-furious-evo-easy-pour-bosch-smart-system-performance-line-px-et-performance-line-rim-magnet\/","title":{"rendered":"SpeedFun Furious Evo easy+ pour Bosch Smart System Performance Line PX et Performance Line &#8211; Rim Magnet"},"content":{"rendered":"<div class=\"wpb-content-wrapper\"><p>[vc_row][vc_column width=&#8221;1\/1&#8243;][vc_column_text uncode_shortcode_id=&#8221;165763&#8243;]<\/p>\n<h2>Fonctionnement du dispositif de tuning SpeedFun Furious Evo pour Bosch Performance Line PX (BDU347x) er Performance Line (BDU346x) Smart System &#8211; Rim Magnet?<\/h2>\n<p>La fonction du dispositif de tuning Furious Evo pour Bosch Smart System consiste \u00e0 manipuler \u00e9lectroniquement la vitesse de rotation de la roue arri\u00e8re et \u00e0 transmettre au moteur une vitesse toujours inf\u00e9rieure \u00e0 25 km\/h, permettant ainsi d&#8217;obtenir une vitesse r\u00e9elle beaucoup plus \u00e9lev\u00e9e avec l&#8217;assistance moteur active. La vitesse maximale atteignable sera donc d\u00e9termin\u00e9e par la puissance du moteur combin\u00e9e \u00e0 celle fournie par vos jambes (<a href=\"https:\/\/speedfun.bike\/wp-content\/uploads\/2019\/06\/ebike-non-va-a-50-kmh.pdf\">info<\/a>).<\/p>\n<p>Lorsque le dispositif est actif l&#8217;\u00e9cran affiche la vitesse exacte jusqu&#8217;\u00e0 environ 20 km\/h. Au-del\u00e0 de ce seuil, il affiche une vitesse manipul\u00e9e toujours inf\u00e9rieure \u00e0 25 km\/h.<\/p>\n<p>Ce dispositif de d\u00e9verrouillage de vitesse <strong>est compatible uniquement et exclusivement avec les moteurs Bosch Performance Line PX (BDU347x) et Bosch Performance Line (BDU346x) \u00e9quip\u00e9s d&#8217;un aimant sur la valve (Bosch Rim Magnet)<\/strong>, quel que soit l&#8217;\u00e9cran ou la commande au guidon.<\/p>\n<p>Le SpeedFun Furious Evo est fourni pr\u00eat \u00e0 l&#8217;emploi, plug and go.<br \/>\nIl peut \u00eatre activ\u00e9 et d\u00e9sactiv\u00e9 \u00e0 volont\u00e9 et conserve le dernier param\u00e9trage m\u00eame apr\u00e8s l&#8217;extinction du v\u00e9lo \u00e9lectrique.<br \/>\nL&#8217;installation est facile gr\u00e2ce aux connecteurs compatibles Bosch \u2013 aucune coupe ni modification des c\u00e2bles n&#8217;est n\u00e9cessaire.<br \/>\n[\/vc_column_text][vc_row_inner row_inner_height_percent=&#8221;0&#8243; overlay_alpha=&#8221;50&#8243; gutter_size=&#8221;3&#8243; shift_y=&#8221;0&#8243; z_index=&#8221;0&#8243; top_divider=&#8221;ray-opacity&#8221; uncode_shortcode_id=&#8221;159939&#8243;][vc_column_inner width=&#8221;1\/3&#8243;][vc_single_image media=&#8221;124831&#8243; media_width_percent=&#8221;100&#8243; uncode_shortcode_id=&#8221;190273&#8243;][\/vc_column_inner][vc_column_inner width=&#8221;2\/3&#8243;][vc_column_text uncode_shortcode_id=&#8221;212527&#8243;]Le kit comprend tous les \u00e9l\u00e9ments n\u00e9cessaires \u00e0 l\u2019installation, garantissant ainsi une extr\u00eame facilit\u00e9 de montage.<\/p>\n<p>Tous ces composants ont \u00e9t\u00e9 sp\u00e9cialement con\u00e7us et fabriqu\u00e9s par nos soins pour assurer un positionnement correct des pi\u00e8ces lors de l\u2019installation, et pour pr\u00e9venir tout dysfonctionnement \u00e0 long terme ou toute g\u00eane pendant vos sorties.<\/p>\n<p>Ces pi\u00e8ces \u00e9tant r\u00e9alis\u00e9es en interne au sein de notre entreprise, elles ont \u00e9t\u00e9 \u00e9tudi\u00e9es sp\u00e9cifiquement pour s\u2019adapter de mani\u00e8re optimale aux moteurs Bosch Performance Line PX (BDU347x) et Performance Line (BDU346x) Smart System.[\/vc_column_text][\/vc_column_inner][\/vc_row_inner][vc_column_text uncode_shortcode_id=&#8221;337850&#8243;]<\/p>\n<div class=\"widget\">\n<p><strong>ATTENTION!<\/strong><br \/>\nCe dispositif n\u2019est pas compatible avec les v\u00e9los \u00e9lectriques \u00e9quip\u00e9s d\u2019un aimant \u00ab classique \u00bb sur les rayons ou sur le disque de frein (voir <a href=\"https:\/\/speedfun.bike\/wp-content\/uploads\/2024\/11\/Magneti-Bosch-Compatibilita-RIM_compressed.pdf\">ici<\/a>).<br \/>\nCe dispositif n\u2019est pas compatible avec les v\u00e9los \u00e9lectriques \u00e9quip\u00e9s du syst\u00e8me ABS Bosch.<br \/>\nCe dispositif n\u2019est pas compatible avec les v\u00e9los \u00e9lectriques \u00e9quip\u00e9s du syst\u00e8me GPS (Bosch ConnectModule).<\/p>\n<p>&nbsp;<\/p>\n<div class=\"widget\">\n<h2>Instructions d\u2019installation et d\u2019utilisation<\/h2>\n<p><img decoding=\"async\" class=\"alignleft wp-image-81292\" src=\"https:\/\/speedfun.bike\/wp-content\/uploads\/2021\/09\/logo-istruzioni_page-0001.jpg\" alt=\"\" width=\"31\" height=\"30\" srcset=\"https:\/\/www.speedfun.bike\/wp-content\/uploads\/2021\/09\/logo-istruzioni_page-0001.jpg 799w, https:\/\/www.speedfun.bike\/wp-content\/uploads\/2021\/09\/logo-istruzioni_page-0001-300x300.jpg 300w, https:\/\/www.speedfun.bike\/wp-content\/uploads\/2021\/09\/logo-istruzioni_page-0001-100x100.jpg 100w, https:\/\/www.speedfun.bike\/wp-content\/uploads\/2021\/09\/logo-istruzioni_page-0001-600x600.jpg 600w, https:\/\/www.speedfun.bike\/wp-content\/uploads\/2021\/09\/logo-istruzioni_page-0001-150x150.jpg 150w, https:\/\/www.speedfun.bike\/wp-content\/uploads\/2021\/09\/logo-istruzioni_page-0001-768x752.jpg 768w, https:\/\/www.speedfun.bike\/wp-content\/uploads\/2021\/09\/logo-istruzioni_page-0001-180x180.jpg 180w\" sizes=\"(max-width: 31px) 100vw, 31px\" \/><a href=\"https:\/\/speedfun.bike\/wp-content\/uploads\/2026\/03\/Istruzioni-FURIOUS-EVO-EASY-BOSCH-RIM-MAGNET-PX-IT-EN-FR_compressed.pdf\"><span style=\"color: #ff0000;\">Instructions d\u2019installation et d\u2019utilisation de Furious Evo easy+ pour Bosch Performance Line PX (BDU347x) et Performance Line (BDU346x) \u2013 Rim Magnet<\/span><\/a><\/p>\n<\/div>\n<\/div>\n<p>[\/vc_column_text][\/vc_column][\/vc_row][vc_row row_height_percent=&#8221;0&#8243; back_color=&#8221;color-jevc&#8221; overlay_alpha=&#8221;50&#8243; gutter_size=&#8221;3&#8243; column_width_percent=&#8221;100&#8243; shift_y=&#8221;0&#8243; z_index=&#8221;0&#8243; uncode_shortcode_id=&#8221;117445&#8243; back_color_type=&#8221;uncode-palette&#8221;][vc_column width=&#8221;1\/1&#8243;][vc_gallery el_id=&#8221;gallery-128004&#8243; type=&#8221;carousel&#8221; medias=&#8221;146000,146006,146003&#8243; carousel_lg=&#8221;3&#8243; carousel_md=&#8221;3&#8243; carousel_sm=&#8221;1&#8243; gutter_size=&#8221;3&#8243; carousel_interval=&#8221;3000&#8243; carousel_navspeed=&#8221;400&#8243; stage_padding=&#8221;0&#8243; single_overlay_opacity=&#8221;50&#8243; single_padding=&#8221;2&#8243; uncode_shortcode_id=&#8221;157703&#8243;][\/vc_column][\/vc_row]<\/p>\n<\/div>","protected":false},"excerpt":{"rendered":"<p>SpeedFun Furious Evo easy+ est un tuning pour v\u00e9lo \u00e9lectrique \u00e9quip\u00e9 d\u2019un moteur Bosch Smart System qui permet de supprimer le blocage de vitesse \u00e0 25 km\/h.<\/p>\n<p>Ce dispositif de d\u00e9verrouillage est <strong>compatible uniquement et exclusivement avec les moteurs Bosch Performance Line PX (BDU347x) e Performance Line (BDU346x) \u00e9quip\u00e9s d&#8217;un aimant sur la valve (Bosch Rim Magnet)<\/strong> quel que soit l&#8217;afficheur ou la commande au guidon.<\/p>\n<p>Tous les d\u00e9clencheurs rapides SpeedFun Furious Evo peuvent \u00eatre activ\u00e9s et d\u00e9sactiv\u00e9s \u00e0 tout moment et la connexion \u00e0 la sortie lumi\u00e8re n\u2019est pas n\u00e9cessaire.<\/p>\n","protected":false},"featured_media":141981,"comment_status":"open","ping_status":"closed","template":"","meta":{"_acf_changed":false},"product_brand":[],"product_cat":[20,273],"product_tag":[],"class_list":{"0":"post-146017","1":"product","2":"type-product","3":"status-publish","4":"has-post-thumbnail","6":"product_cat-for-bosch-fr","7":"product_cat-furious-fr","8":"product_shipping_class-armadi-fr","10":"first","11":"instock","12":"taxable","13":"shipping-taxable","14":"purchasable","15":"product-type-simple"},"acf":[],"yoast_head":"<!-- This site is optimized with the Yoast SEO plugin v27.3 - https:\/\/yoast.com\/product\/yoast-seo-wordpress\/ -->\n<title>SpeedFun Bosch PX (BDU347x) Performance Line (BDU346x) - Ebike tuning kit<\/title>\n<meta name=\"description\" content=\"Puce de tuning eBike SpeedFun Furious Evo pour Bosch Performance Line PX (BDU347x) et Performance Line (BDU346x) avec Rim Magnet Vitesse maximale d\u00e9passant 60 km\/h\" \/>\n<meta name=\"robots\" content=\"index, follow, max-snippet:-1, max-image-preview:large, max-video-preview:-1\" \/>\n<link rel=\"canonical\" href=\"https:\/\/www.speedfun.bike\/fr\/produit\/speedfun-furious-evo-easy-pour-bosch-smart-system-performance-line-px-et-performance-line-rim-magnet\/\" \/>\n<meta property=\"og:locale\" content=\"fr_FR\" \/>\n<meta property=\"og:type\" content=\"article\" \/>\n<meta property=\"og:title\" content=\"SpeedFun Bosch PX (BDU347x) Performance Line (BDU346x) - Ebike tuning kit\" \/>\n<meta property=\"og:description\" content=\"Puce de tuning eBike SpeedFun Furious Evo pour Bosch Performance Line PX (BDU347x) et Performance Line (BDU346x) avec Rim Magnet Vitesse maximale d\u00e9passant 60 km\/h\" \/>\n<meta property=\"og:url\" content=\"https:\/\/www.speedfun.bike\/fr\/produit\/speedfun-furious-evo-easy-pour-bosch-smart-system-performance-line-px-et-performance-line-rim-magnet\/\" \/>\n<meta property=\"og:site_name\" content=\"Speed Fun\" \/>\n<meta property=\"article:modified_time\" content=\"2026-03-26T10:14:32+00:00\" \/>\n<meta property=\"og:image\" content=\"https:\/\/www.speedfun.bike\/wp-content\/uploads\/2024\/11\/SpeedFun-ebike-tuning-chip-kit-Furious-evo-easy-Bosch-smart-system-CX-gen5-rim-magnet-wireless_product_resized-scaled.jpg\" \/>\n\t<meta property=\"og:image:width\" content=\"2560\" \/>\n\t<meta property=\"og:image:height\" content=\"2049\" \/>\n\t<meta property=\"og:image:type\" content=\"image\/jpeg\" \/>\n<meta name=\"twitter:card\" content=\"summary_large_image\" \/>\n<meta name=\"twitter:label1\" content=\"Est. reading time\" \/>\n\t<meta name=\"twitter:data1\" content=\"3 minutes\" \/>\n<script type=\"application\/ld+json\" class=\"yoast-schema-graph\">{\"@context\":\"https:\\\/\\\/schema.org\",\"@graph\":[{\"@type\":\"WebPage\",\"@id\":\"https:\\\/\\\/www.speedfun.bike\\\/fr\\\/produit\\\/speedfun-furious-evo-easy-pour-bosch-smart-system-performance-line-px-et-performance-line-rim-magnet\\\/\",\"url\":\"https:\\\/\\\/www.speedfun.bike\\\/fr\\\/produit\\\/speedfun-furious-evo-easy-pour-bosch-smart-system-performance-line-px-et-performance-line-rim-magnet\\\/\",\"name\":\"SpeedFun Bosch PX (BDU347x) Performance Line (BDU346x) - Ebike tuning kit\",\"isPartOf\":{\"@id\":\"https:\\\/\\\/speedfun.bike\\\/#website\"},\"primaryImageOfPage\":{\"@id\":\"https:\\\/\\\/www.speedfun.bike\\\/fr\\\/produit\\\/speedfun-furious-evo-easy-pour-bosch-smart-system-performance-line-px-et-performance-line-rim-magnet\\\/#primaryimage\"},\"image\":{\"@id\":\"https:\\\/\\\/www.speedfun.bike\\\/fr\\\/produit\\\/speedfun-furious-evo-easy-pour-bosch-smart-system-performance-line-px-et-performance-line-rim-magnet\\\/#primaryimage\"},\"thumbnailUrl\":\"https:\\\/\\\/www.speedfun.bike\\\/wp-content\\\/uploads\\\/2024\\\/11\\\/SpeedFun-ebike-tuning-chip-kit-Furious-evo-easy-Bosch-smart-system-CX-gen5-rim-magnet-wireless_product_resized-scaled.jpg\",\"datePublished\":\"2026-03-05T10:46:10+00:00\",\"dateModified\":\"2026-03-26T10:14:32+00:00\",\"description\":\"Puce de tuning eBike SpeedFun Furious Evo pour Bosch Performance Line PX (BDU347x) et Performance Line (BDU346x) avec Rim Magnet Vitesse maximale d\u00e9passant 60 km\\\/h\",\"breadcrumb\":{\"@id\":\"https:\\\/\\\/www.speedfun.bike\\\/fr\\\/produit\\\/speedfun-furious-evo-easy-pour-bosch-smart-system-performance-line-px-et-performance-line-rim-magnet\\\/#breadcrumb\"},\"inLanguage\":\"fr-FR\",\"potentialAction\":[{\"@type\":\"ReadAction\",\"target\":[\"https:\\\/\\\/www.speedfun.bike\\\/fr\\\/produit\\\/speedfun-furious-evo-easy-pour-bosch-smart-system-performance-line-px-et-performance-line-rim-magnet\\\/\"]}]},{\"@type\":\"ImageObject\",\"inLanguage\":\"fr-FR\",\"@id\":\"https:\\\/\\\/www.speedfun.bike\\\/fr\\\/produit\\\/speedfun-furious-evo-easy-pour-bosch-smart-system-performance-line-px-et-performance-line-rim-magnet\\\/#primaryimage\",\"url\":\"https:\\\/\\\/www.speedfun.bike\\\/wp-content\\\/uploads\\\/2024\\\/11\\\/SpeedFun-ebike-tuning-chip-kit-Furious-evo-easy-Bosch-smart-system-CX-gen5-rim-magnet-wireless_product_resized-scaled.jpg\",\"contentUrl\":\"https:\\\/\\\/www.speedfun.bike\\\/wp-content\\\/uploads\\\/2024\\\/11\\\/SpeedFun-ebike-tuning-chip-kit-Furious-evo-easy-Bosch-smart-system-CX-gen5-rim-magnet-wireless_product_resized-scaled.jpg\",\"width\":2560,\"height\":2049,\"caption\":\"Le syst\u00e8me SpeedFun Furious Evo easy+ pour Bosch Performance CX gen5 Smart est une puce de r\u00e9glage permettant de d\u00e9bloquer des vitesses sup\u00e9rieures \u00e0 60 km\\\/h sur les v\u00e9los \u00e9lectriques \u00e9quip\u00e9s du syst\u00e8me Bosch Rim Magnet.\"},{\"@type\":\"BreadcrumbList\",\"@id\":\"https:\\\/\\\/www.speedfun.bike\\\/fr\\\/produit\\\/speedfun-furious-evo-easy-pour-bosch-smart-system-performance-line-px-et-performance-line-rim-magnet\\\/#breadcrumb\",\"itemListElement\":[{\"@type\":\"ListItem\",\"position\":1,\"name\":\"Home\",\"item\":\"https:\\\/\\\/speedfun.bike\\\/fr\\\/\"},{\"@type\":\"ListItem\",\"position\":2,\"name\":\"Boutique\",\"item\":\"https:\\\/\\\/speedfun.bike\\\/fr\\\/boutique\\\/\"},{\"@type\":\"ListItem\",\"position\":3,\"name\":\"SpeedFun Furious Evo easy+ pour Bosch Smart System Performance Line PX et Performance Line &#8211; Rim Magnet\"}]},{\"@type\":\"WebSite\",\"@id\":\"https:\\\/\\\/speedfun.bike\\\/#website\",\"url\":\"https:\\\/\\\/speedfun.bike\\\/\",\"name\":\"Speed Fun\",\"description\":\"Sblocco velocit\u00e0 bici elettriche\",\"potentialAction\":[{\"@type\":\"SearchAction\",\"target\":{\"@type\":\"EntryPoint\",\"urlTemplate\":\"https:\\\/\\\/speedfun.bike\\\/?s={search_term_string}\"},\"query-input\":{\"@type\":\"PropertyValueSpecification\",\"valueRequired\":true,\"valueName\":\"search_term_string\"}}],\"inLanguage\":\"fr-FR\"}]}<\/script>\n<!-- \/ Yoast SEO plugin. -->","yoast_head_json":{"title":"SpeedFun Bosch PX (BDU347x) Performance Line (BDU346x) - Ebike tuning kit","description":"Puce de tuning eBike SpeedFun Furious Evo pour Bosch Performance Line PX (BDU347x) et Performance Line (BDU346x) avec Rim Magnet Vitesse maximale d\u00e9passant 60 km\/h","robots":{"index":"index","follow":"follow","max-snippet":"max-snippet:-1","max-image-preview":"max-image-preview:large","max-video-preview":"max-video-preview:-1"},"canonical":"https:\/\/www.speedfun.bike\/fr\/produit\/speedfun-furious-evo-easy-pour-bosch-smart-system-performance-line-px-et-performance-line-rim-magnet\/","og_locale":"fr_FR","og_type":"article","og_title":"SpeedFun Bosch PX (BDU347x) Performance Line (BDU346x) - Ebike tuning kit","og_description":"Puce de tuning eBike SpeedFun Furious Evo pour Bosch Performance Line PX (BDU347x) et Performance Line (BDU346x) avec Rim Magnet Vitesse maximale d\u00e9passant 60 km\/h","og_url":"https:\/\/www.speedfun.bike\/fr\/produit\/speedfun-furious-evo-easy-pour-bosch-smart-system-performance-line-px-et-performance-line-rim-magnet\/","og_site_name":"Speed Fun","article_modified_time":"2026-03-26T10:14:32+00:00","og_image":[{"width":2560,"height":2049,"url":"https:\/\/www.speedfun.bike\/wp-content\/uploads\/2024\/11\/SpeedFun-ebike-tuning-chip-kit-Furious-evo-easy-Bosch-smart-system-CX-gen5-rim-magnet-wireless_product_resized-scaled.jpg","type":"image\/jpeg"}],"twitter_card":"summary_large_image","twitter_misc":{"Est. reading time":"3 minutes"},"schema":{"@context":"https:\/\/schema.org","@graph":[{"@type":"WebPage","@id":"https:\/\/www.speedfun.bike\/fr\/produit\/speedfun-furious-evo-easy-pour-bosch-smart-system-performance-line-px-et-performance-line-rim-magnet\/","url":"https:\/\/www.speedfun.bike\/fr\/produit\/speedfun-furious-evo-easy-pour-bosch-smart-system-performance-line-px-et-performance-line-rim-magnet\/","name":"SpeedFun Bosch PX (BDU347x) Performance Line (BDU346x) - Ebike tuning kit","isPartOf":{"@id":"https:\/\/speedfun.bike\/#website"},"primaryImageOfPage":{"@id":"https:\/\/www.speedfun.bike\/fr\/produit\/speedfun-furious-evo-easy-pour-bosch-smart-system-performance-line-px-et-performance-line-rim-magnet\/#primaryimage"},"image":{"@id":"https:\/\/www.speedfun.bike\/fr\/produit\/speedfun-furious-evo-easy-pour-bosch-smart-system-performance-line-px-et-performance-line-rim-magnet\/#primaryimage"},"thumbnailUrl":"https:\/\/www.speedfun.bike\/wp-content\/uploads\/2024\/11\/SpeedFun-ebike-tuning-chip-kit-Furious-evo-easy-Bosch-smart-system-CX-gen5-rim-magnet-wireless_product_resized-scaled.jpg","datePublished":"2026-03-05T10:46:10+00:00","dateModified":"2026-03-26T10:14:32+00:00","description":"Puce de tuning eBike SpeedFun Furious Evo pour Bosch Performance Line PX (BDU347x) et Performance Line (BDU346x) avec Rim Magnet Vitesse maximale d\u00e9passant 60 km\/h","breadcrumb":{"@id":"https:\/\/www.speedfun.bike\/fr\/produit\/speedfun-furious-evo-easy-pour-bosch-smart-system-performance-line-px-et-performance-line-rim-magnet\/#breadcrumb"},"inLanguage":"fr-FR","potentialAction":[{"@type":"ReadAction","target":["https:\/\/www.speedfun.bike\/fr\/produit\/speedfun-furious-evo-easy-pour-bosch-smart-system-performance-line-px-et-performance-line-rim-magnet\/"]}]},{"@type":"ImageObject","inLanguage":"fr-FR","@id":"https:\/\/www.speedfun.bike\/fr\/produit\/speedfun-furious-evo-easy-pour-bosch-smart-system-performance-line-px-et-performance-line-rim-magnet\/#primaryimage","url":"https:\/\/www.speedfun.bike\/wp-content\/uploads\/2024\/11\/SpeedFun-ebike-tuning-chip-kit-Furious-evo-easy-Bosch-smart-system-CX-gen5-rim-magnet-wireless_product_resized-scaled.jpg","contentUrl":"https:\/\/www.speedfun.bike\/wp-content\/uploads\/2024\/11\/SpeedFun-ebike-tuning-chip-kit-Furious-evo-easy-Bosch-smart-system-CX-gen5-rim-magnet-wireless_product_resized-scaled.jpg","width":2560,"height":2049,"caption":"Le syst\u00e8me SpeedFun Furious Evo easy+ pour Bosch Performance CX gen5 Smart est une puce de r\u00e9glage permettant de d\u00e9bloquer des vitesses sup\u00e9rieures \u00e0 60 km\/h sur les v\u00e9los \u00e9lectriques \u00e9quip\u00e9s du syst\u00e8me Bosch Rim Magnet."},{"@type":"BreadcrumbList","@id":"https:\/\/www.speedfun.bike\/fr\/produit\/speedfun-furious-evo-easy-pour-bosch-smart-system-performance-line-px-et-performance-line-rim-magnet\/#breadcrumb","itemListElement":[{"@type":"ListItem","position":1,"name":"Home","item":"https:\/\/speedfun.bike\/fr\/"},{"@type":"ListItem","position":2,"name":"Boutique","item":"https:\/\/speedfun.bike\/fr\/boutique\/"},{"@type":"ListItem","position":3,"name":"SpeedFun Furious Evo easy+ pour Bosch Smart System Performance Line PX et Performance Line &#8211; Rim Magnet"}]},{"@type":"WebSite","@id":"https:\/\/speedfun.bike\/#website","url":"https:\/\/speedfun.bike\/","name":"Speed Fun","description":"Sblocco velocit\u00e0 bici elettriche","potentialAction":[{"@type":"SearchAction","target":{"@type":"EntryPoint","urlTemplate":"https:\/\/speedfun.bike\/?s={search_term_string}"},"query-input":{"@type":"PropertyValueSpecification","valueRequired":true,"valueName":"search_term_string"}}],"inLanguage":"fr-FR"}]}},"_links":{"self":[{"href":"https:\/\/www.speedfun.bike\/fr\/wp-json\/wp\/v2\/product\/146017","targetHints":{"allow":["GET"]}}],"collection":[{"href":"https:\/\/www.speedfun.bike\/fr\/wp-json\/wp\/v2\/product"}],"about":[{"href":"https:\/\/www.speedfun.bike\/fr\/wp-json\/wp\/v2\/types\/product"}],"replies":[{"embeddable":true,"href":"https:\/\/www.speedfun.bike\/fr\/wp-json\/wp\/v2\/comments?post=146017"}],"wp:featuredmedia":[{"embeddable":true,"href":"https:\/\/www.speedfun.bike\/fr\/wp-json\/wp\/v2\/media\/141981"}],"wp:attachment":[{"href":"https:\/\/www.speedfun.bike\/fr\/wp-json\/wp\/v2\/media?parent=146017"}],"wp:term":[{"taxonomy":"product_brand","embeddable":true,"href":"https:\/\/www.speedfun.bike\/fr\/wp-json\/wp\/v2\/product_brand?post=146017"},{"taxonomy":"product_cat","embeddable":true,"href":"https:\/\/www.speedfun.bike\/fr\/wp-json\/wp\/v2\/product_cat?post=146017"},{"taxonomy":"product_tag","embeddable":true,"href":"https:\/\/www.speedfun.bike\/fr\/wp-json\/wp\/v2\/product_tag?post=146017"}],"curies":[{"name":"wp","href":"https:\/\/api.w.org\/{rel}","templated":true}]}}