{"id":145685,"date":"2026-01-26T11:33:30","date_gmt":"2026-01-26T10:33:30","guid":{"rendered":"https:\/\/speedfun.bike\/?post_type=product&#038;p=145685"},"modified":"2026-01-28T18:22:57","modified_gmt":"2026-01-28T17:22:57","slug":"speedfun-ribelle-pour-brose-sram-eagle-powertrain","status":"publish","type":"product","link":"https:\/\/www.speedfun.bike\/fr\/produit\/speedfun-ribelle-pour-brose-sram-eagle-powertrain\/","title":{"rendered":"SpeedFun Ribelle pour Brose-Sram Eagle Powertrain"},"content":{"rendered":"<div class=\"wpb-content-wrapper\"><p>[vc_row][vc_column width=&#8221;1\/1&#8243;][vc_column_text uncode_shortcode_id=&#8221;702654&#8243;]<\/p>\n<h2 data-start=\"100\" data-end=\"179\">Qu\u2019est-ce que le tuning SpeedFun Ribelle pour Brose-SRAM Eagle Powertrain ?<\/h2>\n<p data-start=\"181\" data-end=\"557\">SpeedFun Ribelle est un dispositif de tuning pour v\u00e9los \u00e9lectriques \u00e9quip\u00e9s du moteur Brose-SRAM Eagle Powertrain, qui permet d\u2019augmenter la vitesse de l\u2019e-bike en supprimant la limitation fix\u00e9e \u00e0 25 km\/h. Avec SpeedFun Ribelle, l\u2019assistance est augment\u00e9e jusqu\u2019\u00e0 des vitesses pouvant d\u00e9passer 60 km\/h (<a href=\"https:\/\/speedfun.bike\/wp-content\/uploads\/2019\/06\/ebike-non-va-a-50-kmh.pdf\">info<\/a>), en exploitant pleinement les performances du moteur.<\/p>\n<p data-start=\"559\" data-end=\"721\">Ce dispositif de d\u00e9bridage est c<strong>ompatible exclusivement avec les e-bikes \u00e9quip\u00e9s d\u2019un moteur Brose-SRAM<\/strong> Eagle Powertrain <strong>et d\u2019un d\u00e9railleur m\u00e9canique.<\/strong><\/p>\n<p data-start=\"723\" data-end=\"948\">Le tuning est dot\u00e9 de connecteurs compatibles, ce qui signifie qu\u2019aucune modification physique de l\u2019e-bike n\u2019est n\u00e9cessaire, et il n\u2019alt\u00e8re pas les caract\u00e9ristiques de r\u00e9sistance \u00e9lectrique ni l\u2019\u00e9tanch\u00e9it\u00e9 du syst\u00e8me.<\/p>\n<p data-start=\"950\" data-end=\"1201\">Le dispositif SpeedFun Ribelle affiche toujours sur l\u2019\u00e9cran la vitesse r\u00e9elle ainsi que la distance r\u00e9elle parcourue, et peut \u00eatre activ\u00e9 ou d\u00e9sactiv\u00e9 via une simple s\u00e9quence de touches directement depuis la commande\/l\u2019\u00e9cran de l\u2019ebike.<\/p>\n<p data-start=\"1203\" data-end=\"1641\">Gr\u00e2ce \u00e0 son algorithme de fonctionnement sp\u00e9cifique, SpeedFun Ribelle pour ebikes \u00e9quip\u00e9s du moteur Brose-SRAM Eagle Powertrain entre en fonction \u00e0 partir de 16 km\/h, sans que le cycliste ne per\u00e7oive la moindre diff\u00e9rence d\u2019assistance. Il n\u2019intervient en aucun cas \u00e0 basse vitesse. Cette caract\u00e9ristique essentielle a \u00e9t\u00e9 mise en \u0153uvre afin d\u2019\u00e9viter toute perte de puissance, coupure ou fonctionnement irr\u00e9gulier &#8220;\u00e0-coups&#8221;.<\/p>\n<h2 data-start=\"1648\" data-end=\"1769\">E-bikes \u00e9quip\u00e9s du moteur Brose-SRAM Eagle Powertrain sur lesquels le dispositif Ribelle a \u00e9t\u00e9 install\u00e9 avec succ\u00e8s<\/h2>\n<p data-start=\"1770\" data-end=\"1808\"><em data-start=\"1770\" data-end=\"1808\">(liste indicative et non exhaustive)<\/em><\/p>\n<p>[\/vc_column_text][vc_row_inner][vc_column_inner width=&#8221;1\/2&#8243;][vc_column_text uncode_shortcode_id=&#8221;168883&#8243;]<\/p>\n<p>\u2013 GasGas ECC6<br \/>\n\u2013 GasGas ECC5<br \/>\n\u2013 GasGas ECC4<br \/>\n\u2013 GasGas MXC6<br \/>\n\u2013 GasGas MXC5<\/p>\n<p>[\/vc_column_text][\/vc_column_inner][vc_column_inner width=&#8221;1\/2&#8243;][vc_column_text uncode_shortcode_id=&#8221;530835&#8243;]<\/p>\n<p>\u2013 GasGas MXC4<br \/>\n\u2013 Nukeproof Megawatt Carbon RS<br \/>\n\u2013 Transition Repeater PT<br \/>\n\u2013 Berria Stratos<br \/>\n\u2013 Propain Ekano 2 CF<\/p>\n<p>[\/vc_column_text][\/vc_column_inner][\/vc_row_inner][\/vc_column][\/vc_row][vc_row row_height_percent=&#8221;0&#8243; back_color=&#8221;color-jevc&#8221; overlay_alpha=&#8221;50&#8243; gutter_size=&#8221;3&#8243; shift_y=&#8221;0&#8243;][vc_column width=&#8221;1\/1&#8243;][vc_gallery el_id=&#8221;gallery-160314&#8243; gutter_size=&#8221;3&#8243; screen_lg=&#8221;1000&#8243; screen_md=&#8221;600&#8243; screen_sm=&#8221;480&#8243; single_overlay_opacity=&#8221;50&#8243; single_padding=&#8221;2&#8243; uncode_shortcode_id=&#8221;182594&#8243;][\/vc_column][\/vc_row]<\/p>\n<\/div>","protected":false},"excerpt":{"rendered":"<p>SpeedFun Ribelle est un tuning pour ebike avec un moteur Brose-SRAM qui permet de retirer le bloc de vitesse \u00e0 25 kmH et d&#8217;augmenter son assistance active jusqu&#8217;\u00e0 des vitesses pouvant d\u00e9passer 60 KmH en exploitant pleinement le potentiel du moteur.<\/p>\n<p>Ce dispositif de debridage de vitesse est <strong>compatible uniquement et exclusivement avec les moteurs Brose-Sram Eagle Powertrain mont\u00e9e sur des v\u00e9los \u00e9lectriques \u00e9quip\u00e9s d&#8217;un d\u00e9railleur m\u00e9canique.<\/strong><\/p>\n<p>Le dispositif de tuning Ribelle pour Brose-SRAM Eagle Powertrain affiche toujours la vitesse et le kilom\u00e9trage r\u00e9els sur l\u2019\u00e9cran.<\/p>\n","protected":false},"featured_media":145745,"comment_status":"open","ping_status":"closed","template":"","meta":{"_acf_changed":false},"product_brand":[],"product_cat":[779,274],"product_tag":[],"class_list":{"0":"post-145685","1":"product","2":"type-product","3":"status-publish","4":"has-post-thumbnail","6":"product_cat-for-brose-sram-eagle-powertrain-fr","7":"product_cat-ribelle-fr","8":"product_shipping_class-armadi-fr","10":"first","11":"outofstock","12":"taxable","13":"shipping-taxable","14":"purchasable","15":"product-type-simple"},"acf":[],"yoast_head":"<!-- This site is optimized with the Yoast SEO plugin v27.3 - https:\/\/yoast.com\/product\/yoast-seo-wordpress\/ -->\n<title>Ribelle tuning Brose-Sram Eagle Powertrain - SpeedFun ebike tuning<\/title>\n<meta name=\"description\" content=\"SpeedFun Ribelle est un dispositif de tuning pour moteurs Brose-SRAM Eagle Powertrain qui augmente l\u2019assistance au-del\u00e0 de 60 km\/h. Compatible uniquement avec un d\u00e9railleur m\u00e9canique.\" \/>\n<meta name=\"robots\" content=\"index, follow, max-snippet:-1, max-image-preview:large, max-video-preview:-1\" \/>\n<link rel=\"canonical\" href=\"https:\/\/www.speedfun.bike\/fr\/produit\/speedfun-ribelle-pour-brose-sram-eagle-powertrain\/\" \/>\n<meta property=\"og:locale\" content=\"fr_FR\" \/>\n<meta property=\"og:type\" content=\"article\" \/>\n<meta property=\"og:title\" content=\"Ribelle tuning Brose-Sram Eagle Powertrain - SpeedFun ebike tuning\" \/>\n<meta property=\"og:description\" content=\"SpeedFun Ribelle est un dispositif de tuning pour moteurs Brose-SRAM Eagle Powertrain qui augmente l\u2019assistance au-del\u00e0 de 60 km\/h. Compatible uniquement avec un d\u00e9railleur m\u00e9canique.\" \/>\n<meta property=\"og:url\" content=\"https:\/\/www.speedfun.bike\/fr\/produit\/speedfun-ribelle-pour-brose-sram-eagle-powertrain\/\" \/>\n<meta property=\"og:site_name\" content=\"Speed Fun\" \/>\n<meta property=\"article:modified_time\" content=\"2026-01-28T17:22:57+00:00\" \/>\n<meta property=\"og:image\" content=\"https:\/\/www.speedfun.bike\/wp-content\/uploads\/2026\/01\/Ribelle-Brose-Fantic-con-display._conn.originali-scaled.jpg\" \/>\n\t<meta property=\"og:image:width\" content=\"2560\" \/>\n\t<meta property=\"og:image:height\" content=\"2049\" \/>\n\t<meta property=\"og:image:type\" content=\"image\/jpeg\" \/>\n<meta name=\"twitter:card\" content=\"summary_large_image\" \/>\n<meta name=\"twitter:label1\" content=\"Est. reading time\" \/>\n\t<meta name=\"twitter:data1\" content=\"2 minutes\" \/>\n<script type=\"application\/ld+json\" class=\"yoast-schema-graph\">{\"@context\":\"https:\\\/\\\/schema.org\",\"@graph\":[{\"@type\":\"WebPage\",\"@id\":\"https:\\\/\\\/www.speedfun.bike\\\/fr\\\/produit\\\/speedfun-ribelle-pour-brose-sram-eagle-powertrain\\\/\",\"url\":\"https:\\\/\\\/www.speedfun.bike\\\/fr\\\/produit\\\/speedfun-ribelle-pour-brose-sram-eagle-powertrain\\\/\",\"name\":\"Ribelle tuning Brose-Sram Eagle Powertrain - SpeedFun ebike tuning\",\"isPartOf\":{\"@id\":\"https:\\\/\\\/www.speedfun.bike\\\/#website\"},\"primaryImageOfPage\":{\"@id\":\"https:\\\/\\\/www.speedfun.bike\\\/fr\\\/produit\\\/speedfun-ribelle-pour-brose-sram-eagle-powertrain\\\/#primaryimage\"},\"image\":{\"@id\":\"https:\\\/\\\/www.speedfun.bike\\\/fr\\\/produit\\\/speedfun-ribelle-pour-brose-sram-eagle-powertrain\\\/#primaryimage\"},\"thumbnailUrl\":\"https:\\\/\\\/www.speedfun.bike\\\/wp-content\\\/uploads\\\/2026\\\/01\\\/Ribelle-Brose-Fantic-con-display._conn.originali-scaled.jpg\",\"datePublished\":\"2026-01-26T10:33:30+00:00\",\"dateModified\":\"2026-01-28T17:22:57+00:00\",\"description\":\"SpeedFun Ribelle est un dispositif de tuning pour moteurs Brose-SRAM Eagle Powertrain qui augmente l\u2019assistance au-del\u00e0 de 60 km\\\/h. Compatible uniquement avec un d\u00e9railleur m\u00e9canique.\",\"breadcrumb\":{\"@id\":\"https:\\\/\\\/www.speedfun.bike\\\/fr\\\/produit\\\/speedfun-ribelle-pour-brose-sram-eagle-powertrain\\\/#breadcrumb\"},\"inLanguage\":\"fr-FR\",\"potentialAction\":[{\"@type\":\"ReadAction\",\"target\":[\"https:\\\/\\\/www.speedfun.bike\\\/fr\\\/produit\\\/speedfun-ribelle-pour-brose-sram-eagle-powertrain\\\/\"]}]},{\"@type\":\"ImageObject\",\"inLanguage\":\"fr-FR\",\"@id\":\"https:\\\/\\\/www.speedfun.bike\\\/fr\\\/produit\\\/speedfun-ribelle-pour-brose-sram-eagle-powertrain\\\/#primaryimage\",\"url\":\"https:\\\/\\\/www.speedfun.bike\\\/wp-content\\\/uploads\\\/2026\\\/01\\\/Ribelle-Brose-Fantic-con-display._conn.originali-scaled.jpg\",\"contentUrl\":\"https:\\\/\\\/www.speedfun.bike\\\/wp-content\\\/uploads\\\/2026\\\/01\\\/Ribelle-Brose-Fantic-con-display._conn.originali-scaled.jpg\",\"width\":2560,\"height\":2049,\"caption\":\"Le syst\u00e8me SpeedFun Ribelle pour Brose-Sram Eagle Powertrain avec d\u00e9railleur m\u00e9canique vous permet d'augmenter l'assistance de votre v\u00e9lo \u00e9lectrique au-del\u00e0 de 60 km\\\/h.\"},{\"@type\":\"BreadcrumbList\",\"@id\":\"https:\\\/\\\/www.speedfun.bike\\\/fr\\\/produit\\\/speedfun-ribelle-pour-brose-sram-eagle-powertrain\\\/#breadcrumb\",\"itemListElement\":[{\"@type\":\"ListItem\",\"position\":1,\"name\":\"Home\",\"item\":\"https:\\\/\\\/www.speedfun.bike\\\/fr\\\/\"},{\"@type\":\"ListItem\",\"position\":2,\"name\":\"Boutique\",\"item\":\"https:\\\/\\\/www.speedfun.bike\\\/fr\\\/boutique\\\/\"},{\"@type\":\"ListItem\",\"position\":3,\"name\":\"SpeedFun Ribelle pour Brose-Sram Eagle Powertrain\"}]},{\"@type\":\"WebSite\",\"@id\":\"https:\\\/\\\/www.speedfun.bike\\\/#website\",\"url\":\"https:\\\/\\\/www.speedfun.bike\\\/\",\"name\":\"Speed Fun\",\"description\":\"Sblocco velocit\u00e0 bici elettriche\",\"potentialAction\":[{\"@type\":\"SearchAction\",\"target\":{\"@type\":\"EntryPoint\",\"urlTemplate\":\"https:\\\/\\\/www.speedfun.bike\\\/?s={search_term_string}\"},\"query-input\":{\"@type\":\"PropertyValueSpecification\",\"valueRequired\":true,\"valueName\":\"search_term_string\"}}],\"inLanguage\":\"fr-FR\"}]}<\/script>\n<!-- \/ Yoast SEO plugin. -->","yoast_head_json":{"title":"Ribelle tuning Brose-Sram Eagle Powertrain - SpeedFun ebike tuning","description":"SpeedFun Ribelle est un dispositif de tuning pour moteurs Brose-SRAM Eagle Powertrain qui augmente l\u2019assistance au-del\u00e0 de 60 km\/h. Compatible uniquement avec un d\u00e9railleur m\u00e9canique.","robots":{"index":"index","follow":"follow","max-snippet":"max-snippet:-1","max-image-preview":"max-image-preview:large","max-video-preview":"max-video-preview:-1"},"canonical":"https:\/\/www.speedfun.bike\/fr\/produit\/speedfun-ribelle-pour-brose-sram-eagle-powertrain\/","og_locale":"fr_FR","og_type":"article","og_title":"Ribelle tuning Brose-Sram Eagle Powertrain - SpeedFun ebike tuning","og_description":"SpeedFun Ribelle est un dispositif de tuning pour moteurs Brose-SRAM Eagle Powertrain qui augmente l\u2019assistance au-del\u00e0 de 60 km\/h. Compatible uniquement avec un d\u00e9railleur m\u00e9canique.","og_url":"https:\/\/www.speedfun.bike\/fr\/produit\/speedfun-ribelle-pour-brose-sram-eagle-powertrain\/","og_site_name":"Speed Fun","article_modified_time":"2026-01-28T17:22:57+00:00","og_image":[{"width":2560,"height":2049,"url":"https:\/\/www.speedfun.bike\/wp-content\/uploads\/2026\/01\/Ribelle-Brose-Fantic-con-display._conn.originali-scaled.jpg","type":"image\/jpeg"}],"twitter_card":"summary_large_image","twitter_misc":{"Est. reading time":"2 minutes"},"schema":{"@context":"https:\/\/schema.org","@graph":[{"@type":"WebPage","@id":"https:\/\/www.speedfun.bike\/fr\/produit\/speedfun-ribelle-pour-brose-sram-eagle-powertrain\/","url":"https:\/\/www.speedfun.bike\/fr\/produit\/speedfun-ribelle-pour-brose-sram-eagle-powertrain\/","name":"Ribelle tuning Brose-Sram Eagle Powertrain - SpeedFun ebike tuning","isPartOf":{"@id":"https:\/\/www.speedfun.bike\/#website"},"primaryImageOfPage":{"@id":"https:\/\/www.speedfun.bike\/fr\/produit\/speedfun-ribelle-pour-brose-sram-eagle-powertrain\/#primaryimage"},"image":{"@id":"https:\/\/www.speedfun.bike\/fr\/produit\/speedfun-ribelle-pour-brose-sram-eagle-powertrain\/#primaryimage"},"thumbnailUrl":"https:\/\/www.speedfun.bike\/wp-content\/uploads\/2026\/01\/Ribelle-Brose-Fantic-con-display._conn.originali-scaled.jpg","datePublished":"2026-01-26T10:33:30+00:00","dateModified":"2026-01-28T17:22:57+00:00","description":"SpeedFun Ribelle est un dispositif de tuning pour moteurs Brose-SRAM Eagle Powertrain qui augmente l\u2019assistance au-del\u00e0 de 60 km\/h. Compatible uniquement avec un d\u00e9railleur m\u00e9canique.","breadcrumb":{"@id":"https:\/\/www.speedfun.bike\/fr\/produit\/speedfun-ribelle-pour-brose-sram-eagle-powertrain\/#breadcrumb"},"inLanguage":"fr-FR","potentialAction":[{"@type":"ReadAction","target":["https:\/\/www.speedfun.bike\/fr\/produit\/speedfun-ribelle-pour-brose-sram-eagle-powertrain\/"]}]},{"@type":"ImageObject","inLanguage":"fr-FR","@id":"https:\/\/www.speedfun.bike\/fr\/produit\/speedfun-ribelle-pour-brose-sram-eagle-powertrain\/#primaryimage","url":"https:\/\/www.speedfun.bike\/wp-content\/uploads\/2026\/01\/Ribelle-Brose-Fantic-con-display._conn.originali-scaled.jpg","contentUrl":"https:\/\/www.speedfun.bike\/wp-content\/uploads\/2026\/01\/Ribelle-Brose-Fantic-con-display._conn.originali-scaled.jpg","width":2560,"height":2049,"caption":"Le syst\u00e8me SpeedFun Ribelle pour Brose-Sram Eagle Powertrain avec d\u00e9railleur m\u00e9canique vous permet d'augmenter l'assistance de votre v\u00e9lo \u00e9lectrique au-del\u00e0 de 60 km\/h."},{"@type":"BreadcrumbList","@id":"https:\/\/www.speedfun.bike\/fr\/produit\/speedfun-ribelle-pour-brose-sram-eagle-powertrain\/#breadcrumb","itemListElement":[{"@type":"ListItem","position":1,"name":"Home","item":"https:\/\/www.speedfun.bike\/fr\/"},{"@type":"ListItem","position":2,"name":"Boutique","item":"https:\/\/www.speedfun.bike\/fr\/boutique\/"},{"@type":"ListItem","position":3,"name":"SpeedFun Ribelle pour Brose-Sram Eagle Powertrain"}]},{"@type":"WebSite","@id":"https:\/\/www.speedfun.bike\/#website","url":"https:\/\/www.speedfun.bike\/","name":"Speed Fun","description":"Sblocco velocit\u00e0 bici elettriche","potentialAction":[{"@type":"SearchAction","target":{"@type":"EntryPoint","urlTemplate":"https:\/\/www.speedfun.bike\/?s={search_term_string}"},"query-input":{"@type":"PropertyValueSpecification","valueRequired":true,"valueName":"search_term_string"}}],"inLanguage":"fr-FR"}]}},"_links":{"self":[{"href":"https:\/\/www.speedfun.bike\/fr\/wp-json\/wp\/v2\/product\/145685","targetHints":{"allow":["GET"]}}],"collection":[{"href":"https:\/\/www.speedfun.bike\/fr\/wp-json\/wp\/v2\/product"}],"about":[{"href":"https:\/\/www.speedfun.bike\/fr\/wp-json\/wp\/v2\/types\/product"}],"replies":[{"embeddable":true,"href":"https:\/\/www.speedfun.bike\/fr\/wp-json\/wp\/v2\/comments?post=145685"}],"wp:featuredmedia":[{"embeddable":true,"href":"https:\/\/www.speedfun.bike\/fr\/wp-json\/wp\/v2\/media\/145745"}],"wp:attachment":[{"href":"https:\/\/www.speedfun.bike\/fr\/wp-json\/wp\/v2\/media?parent=145685"}],"wp:term":[{"taxonomy":"product_brand","embeddable":true,"href":"https:\/\/www.speedfun.bike\/fr\/wp-json\/wp\/v2\/product_brand?post=145685"},{"taxonomy":"product_cat","embeddable":true,"href":"https:\/\/www.speedfun.bike\/fr\/wp-json\/wp\/v2\/product_cat?post=145685"},{"taxonomy":"product_tag","embeddable":true,"href":"https:\/\/www.speedfun.bike\/fr\/wp-json\/wp\/v2\/product_tag?post=145685"}],"curies":[{"name":"wp","href":"https:\/\/api.w.org\/{rel}","templated":true}]}}