{"id":142864,"date":"2025-02-15T16:45:43","date_gmt":"2025-02-15T15:45:44","guid":{"rendered":"https:\/\/speedfun.bike\/?post_type=product&#038;p=142864"},"modified":"2025-04-27T14:33:59","modified_gmt":"2025-04-27T13:33:59","slug":"speedfun-furious-evo-easy-pour-motinova-volans-et-motinova-pegasi","status":"publish","type":"product","link":"https:\/\/www.speedfun.bike\/fr\/produit\/speedfun-furious-evo-easy-pour-motinova-volans-et-motinova-pegasi\/","title":{"rendered":"SpeedFun Furious Evo easy+ pour Motinova Volans et Motinova Pegasi"},"content":{"rendered":"<div class=\"wpb-content-wrapper\"><p>[vc_row][vc_column width=&#8221;1\/1&#8243;][vc_row_inner][vc_column_inner width=&#8221;1\/1&#8243;][vc_custom_heading css_animation=&#8221;marquee&#8221; marquee_clone=&#8221;yes&#8221; marquee_speed=&#8221;0&#8243; uncode_shortcode_id=&#8221;189178&#8243;]<span style=\"color: #ff0000;\"><strong>ATTENTION &#8211;<\/strong><\/span>[\/vc_custom_heading][\/vc_column_inner][\/vc_row_inner][vc_row_inner][vc_column_inner width=&#8221;1\/3&#8243;][vc_single_image media=&#8221;143603&#8243; media_width_percent=&#8221;65&#8243; alignment=&#8221;right&#8221; uncode_shortcode_id=&#8221;201848&#8243;][\/vc_column_inner][vc_column_inner width=&#8221;1\/3&#8243;][vc_custom_heading uncode_shortcode_id=&#8221;151621&#8243;]<\/p>\n<h3>AVANT D&#8217;ACHETER CET APPAREIL, VOUS DEVEZ V\u00c9RIFIER LA COULEUR DES CONNECTEURS DE VOTRE V\u00c9LO \u00c9LECTRIQUE.<\/h3>\n<h3>DANS L&#8217;EXEMPLE, LES DEUX TYPES\/COULEURS DE CONNECTEURS SONT VISIBLES.<\/h3>\n<p>[\/vc_custom_heading][\/vc_column_inner][vc_column_inner width=&#8221;1\/3&#8243;][vc_single_image media=&#8221;143606&#8243; media_width_percent=&#8221;65&#8243; alignment=&#8221;right&#8221; uncode_shortcode_id=&#8221;876842&#8243;][\/vc_column_inner][\/vc_row_inner][vc_row_inner][vc_column_inner width=&#8221;1\/1&#8243;][vc_custom_heading css_animation=&#8221;marquee-opposite&#8221; marquee_clone=&#8221;yes&#8221; marquee_speed=&#8221;0&#8243; uncode_shortcode_id=&#8221;977042&#8243;]<span style=\"color: #ff0000;\"><strong>ATTENTION &#8211;<\/strong><\/span>[\/vc_custom_heading][\/vc_column_inner][\/vc_row_inner][\/vc_column][\/vc_row][vc_row][vc_column width=&#8221;1\/1&#8243;][vc_column_text uncode_shortcode_id=&#8221;902148&#8243;]<\/p>\n<h2>Quel est le tuning SpeedFun Furious Evo Motinova Volans et Motinova Pegasi?<\/h2>\n<p>La fonction du dispositif de tuning Furious Evo pour Motinova Volans et Motinova Pegasi est de manipuler \u00e9lectroniquement la vitesse de rotation de la roue arri\u00e8re et de communiquer au moteur une vitesse toujours inf\u00e9rieure \u00e0 25 KmH afin d\u2019obtenir une vitesse r\u00e9elle avec un moteur actif tr\u00e8s \u00e9lev\u00e9. La limite de vitesse maximale sera donc dict\u00e9e par la puissance du moteur ajout\u00e9e \u00e0 la puissance exprim\u00e9e par les jambes (<a href=\"https:\/\/speedfun.bike\/wp-content\/uploads\/2019\/06\/ebike-non-va-a-50-kmh.pdf\">info<\/a>).<\/p>\n<p>SpeedFun Furious Evo peut \u00eatre install\u00e9 sur les v\u00e9los \u00e9lectriques \u00e9quip\u00e9s de moteurs Motinova Volans et Motinova Pegasi quel que soit le type d&#8217;affichage ou de commande lat\u00e9rale du v\u00e9lo \u00e9lectrique.<\/p>\n<p>Lorsque le dispositif de r\u00e9glage est actif, sans communication avec l&#8217;\u00e9cran, il affichera les donn\u00e9es modifi\u00e9es sur l&#8217;\u00e9cran \u00e0 partir d&#8217;un certain seuil.<\/p>\n<div class=\"widget\">\n<p>SpeedFun Furious Evo peut \u00eatre activ\u00e9 et d\u00e9sactiv\u00e9 \u00e0 volont\u00e9 et maintient le r\u00e9glage m\u00eame apr\u00e8s l\u2019arr\u00eat du v\u00e9lo \u00e9lectrique (pour plus d&#8217;informations, consultez le manuel d&#8217;utilisation).<\/p>\n<p>Il est fourni plug and go pr\u00eat \u00e0 l\u2019emploi et s\u2019installe de mani\u00e8re tr\u00e8s simple gr\u00e2ce aux connecteurs avec lesquels aucune modification physique du v\u00e9lo \u00e9lectrique n\u2019est n\u00e9cessaire.<\/p>\n<p>&nbsp;<\/p>\n<h2>V\u00e9lo \u00e9lectrique avec moteur Motinova Volans et Motinova Pegasi sur lequel le dispositif Furious Evo a \u00e9t\u00e9 install\u00e9 avec succ\u00e8s<\/h2>\n<p>(cette liste est illustrative et non exhaustive)<\/p>\n<\/div>\n<p>[\/vc_column_text][\/vc_column][\/vc_row][vc_row][vc_column width=&#8221;1\/3&#8243;][vc_column_text uncode_shortcode_id=&#8221;146403&#8243;]- Focarini Agile 26&#8243;[\/vc_column_text][\/vc_column][vc_column width=&#8221;1\/3&#8243;][\/vc_column][vc_column width=&#8221;1\/3&#8243;][\/vc_column][\/vc_row][vc_row row_height_percent=&#8221;0&#8243; back_color=&#8221;color-jevc&#8221; overlay_alpha=&#8221;50&#8243; gutter_size=&#8221;3&#8243; column_width_percent=&#8221;100&#8243; shift_y=&#8221;0&#8243; z_index=&#8221;0&#8243; content_parallax=&#8221;0&#8243; uncode_shortcode_id=&#8221;792327&#8243; back_color_type=&#8221;uncode-palette&#8221;][vc_column width=&#8221;1\/1&#8243;][vc_gallery el_id=&#8221;gallery-441792&#8243; gutter_size=&#8221;3&#8243; screen_lg=&#8221;1000&#8243; screen_md=&#8221;600&#8243; screen_sm=&#8221;480&#8243; single_overlay_opacity=&#8221;50&#8243; single_padding=&#8221;2&#8243; uncode_shortcode_id=&#8221;210492&#8243;][\/vc_column][\/vc_row]<\/p>\n<\/div>","protected":false},"excerpt":{"rendered":"<p>SpeedFun Furious Evo est un tuning pour v\u00e9los \u00e9lectriques \u00e9quip\u00e9s de moteurs Motinova qui permet de supprimer la limite de vitesse de 25 kmH, en exploitant pleinement le potentiel des moteurs Motinova Volans et Motinova Pegasi.<\/p>\n<p>Ce dispositif de d\u00e9verrouillage est sp\u00e9cialement con\u00e7u pour les v\u00e9los \u00e9lectriques \u00e9quip\u00e9s de moteurs Motinova Volans et Motinova Pegasi.<\/p>\n<p>Tous les dispositifs de d\u00e9clenchement de vitesse SpeedFun Furious Evo peuvent \u00eatre activ\u00e9s et d\u00e9sactiv\u00e9s \u00e0 tout moment et sans avoir besoin de connexions \u00e0 la sortie lumineuse.<\/p>\n","protected":false},"featured_media":142934,"comment_status":"open","ping_status":"closed","template":"","meta":{"_acf_changed":false},"product_brand":[],"product_cat":[772,273],"product_tag":[],"class_list":{"0":"post-142864","1":"product","2":"type-product","3":"status-publish","4":"has-post-thumbnail","6":"product_cat-for-motinova-fr","7":"product_cat-furious-fr","8":"product_shipping_class-armadi-fr","10":"first","11":"instock","12":"taxable","13":"shipping-taxable","14":"purchasable","15":"product-type-variable"},"acf":[],"yoast_head":"<!-- This site is optimized with the Yoast SEO plugin v27.3 - https:\/\/yoast.com\/product\/yoast-seo-wordpress\/ -->\n<title>Ebike tuning Motinova Volans\/Pegasi - SpeedFun ebike tuning<\/title>\n<meta name=\"description\" content=\"SpeedFun Furious Evo est un r\u00e9glage pour les moteurs Motinova Volans\/Pegasi con\u00e7u pour d\u00e9bloquer la vitesse maximale. plus de 60 km\/h. Kit \u00e9quip\u00e9 de connecteurs d&#039;origine.\" \/>\n<meta name=\"robots\" content=\"index, follow, max-snippet:-1, max-image-preview:large, max-video-preview:-1\" \/>\n<link rel=\"canonical\" href=\"https:\/\/www.speedfun.bike\/fr\/produit\/speedfun-furious-evo-easy-pour-motinova-volans-et-motinova-pegasi\/\" \/>\n<meta property=\"og:locale\" content=\"fr_FR\" \/>\n<meta property=\"og:type\" content=\"article\" \/>\n<meta property=\"og:title\" content=\"Ebike tuning Motinova Volans\/Pegasi - SpeedFun ebike tuning\" \/>\n<meta property=\"og:description\" content=\"SpeedFun Furious Evo est un r\u00e9glage pour les moteurs Motinova Volans\/Pegasi con\u00e7u pour d\u00e9bloquer la vitesse maximale. plus de 60 km\/h. Kit \u00e9quip\u00e9 de connecteurs d&#039;origine.\" \/>\n<meta property=\"og:url\" content=\"https:\/\/www.speedfun.bike\/fr\/produit\/speedfun-furious-evo-easy-pour-motinova-volans-et-motinova-pegasi\/\" \/>\n<meta property=\"og:site_name\" content=\"Speed Fun\" \/>\n<meta property=\"article:modified_time\" content=\"2025-04-27T13:33:59+00:00\" \/>\n<meta property=\"og:image\" content=\"https:\/\/www.speedfun.bike\/wp-content\/uploads\/2025\/02\/SpeedFun-ebike-tuning-Furious-Evo-Motinova-Volans-Motinova-Pegasi_product_resized-scaled.jpg\" \/>\n\t<meta property=\"og:image:width\" content=\"2560\" \/>\n\t<meta property=\"og:image:height\" content=\"2049\" \/>\n\t<meta property=\"og:image:type\" content=\"image\/jpeg\" \/>\n<meta name=\"twitter:card\" content=\"summary_large_image\" \/>\n<meta name=\"twitter:label1\" content=\"Est. reading time\" \/>\n\t<meta name=\"twitter:data1\" content=\"2 minutes\" \/>\n<script type=\"application\/ld+json\" class=\"yoast-schema-graph\">{\"@context\":\"https:\\\/\\\/schema.org\",\"@graph\":[{\"@type\":\"WebPage\",\"@id\":\"https:\\\/\\\/www.speedfun.bike\\\/fr\\\/produit\\\/speedfun-furious-evo-easy-pour-motinova-volans-et-motinova-pegasi\\\/\",\"url\":\"https:\\\/\\\/www.speedfun.bike\\\/fr\\\/produit\\\/speedfun-furious-evo-easy-pour-motinova-volans-et-motinova-pegasi\\\/\",\"name\":\"Ebike tuning Motinova Volans\\\/Pegasi - SpeedFun ebike tuning\",\"isPartOf\":{\"@id\":\"https:\\\/\\\/www.speedfun.bike\\\/#website\"},\"primaryImageOfPage\":{\"@id\":\"https:\\\/\\\/www.speedfun.bike\\\/fr\\\/produit\\\/speedfun-furious-evo-easy-pour-motinova-volans-et-motinova-pegasi\\\/#primaryimage\"},\"image\":{\"@id\":\"https:\\\/\\\/www.speedfun.bike\\\/fr\\\/produit\\\/speedfun-furious-evo-easy-pour-motinova-volans-et-motinova-pegasi\\\/#primaryimage\"},\"thumbnailUrl\":\"https:\\\/\\\/www.speedfun.bike\\\/wp-content\\\/uploads\\\/2025\\\/02\\\/SpeedFun-ebike-tuning-Furious-Evo-Motinova-Volans-Motinova-Pegasi_product_resized-scaled.jpg\",\"datePublished\":\"2025-02-15T15:45:44+00:00\",\"dateModified\":\"2025-04-27T13:33:59+00:00\",\"description\":\"SpeedFun Furious Evo est un r\u00e9glage pour les moteurs Motinova Volans\\\/Pegasi con\u00e7u pour d\u00e9bloquer la vitesse maximale. plus de 60 km\\\/h. Kit \u00e9quip\u00e9 de connecteurs d'origine.\",\"breadcrumb\":{\"@id\":\"https:\\\/\\\/www.speedfun.bike\\\/fr\\\/produit\\\/speedfun-furious-evo-easy-pour-motinova-volans-et-motinova-pegasi\\\/#breadcrumb\"},\"inLanguage\":\"fr-FR\",\"potentialAction\":[{\"@type\":\"ReadAction\",\"target\":[\"https:\\\/\\\/www.speedfun.bike\\\/fr\\\/produit\\\/speedfun-furious-evo-easy-pour-motinova-volans-et-motinova-pegasi\\\/\"]}]},{\"@type\":\"ImageObject\",\"inLanguage\":\"fr-FR\",\"@id\":\"https:\\\/\\\/www.speedfun.bike\\\/fr\\\/produit\\\/speedfun-furious-evo-easy-pour-motinova-volans-et-motinova-pegasi\\\/#primaryimage\",\"url\":\"https:\\\/\\\/www.speedfun.bike\\\/wp-content\\\/uploads\\\/2025\\\/02\\\/SpeedFun-ebike-tuning-Furious-Evo-Motinova-Volans-Motinova-Pegasi_product_resized-scaled.jpg\",\"contentUrl\":\"https:\\\/\\\/www.speedfun.bike\\\/wp-content\\\/uploads\\\/2025\\\/02\\\/SpeedFun-ebike-tuning-Furious-Evo-Motinova-Volans-Motinova-Pegasi_product_resized-scaled.jpg\",\"width\":2560,\"height\":2049,\"caption\":\"SpeedFun Furious Evo pour moteurs Motinova Pegasi et Motinova Volans est une puce de r\u00e9glage permettant de d\u00e9bloquer des vitesses sup\u00e9rieures \u00e0 60 km\\\/h sur les v\u00e9los \u00e9lectriques \u00e9quip\u00e9s de moteurs Motinova Pegasi et Motinova Volans.\"},{\"@type\":\"BreadcrumbList\",\"@id\":\"https:\\\/\\\/www.speedfun.bike\\\/fr\\\/produit\\\/speedfun-furious-evo-easy-pour-motinova-volans-et-motinova-pegasi\\\/#breadcrumb\",\"itemListElement\":[{\"@type\":\"ListItem\",\"position\":1,\"name\":\"Home\",\"item\":\"https:\\\/\\\/www.speedfun.bike\\\/fr\\\/\"},{\"@type\":\"ListItem\",\"position\":2,\"name\":\"Boutique\",\"item\":\"https:\\\/\\\/www.speedfun.bike\\\/fr\\\/boutique\\\/\"},{\"@type\":\"ListItem\",\"position\":3,\"name\":\"SpeedFun Furious Evo easy+ pour Motinova Volans et Motinova Pegasi\"}]},{\"@type\":\"WebSite\",\"@id\":\"https:\\\/\\\/www.speedfun.bike\\\/#website\",\"url\":\"https:\\\/\\\/www.speedfun.bike\\\/\",\"name\":\"Speed Fun\",\"description\":\"Sblocco velocit\u00e0 bici elettriche\",\"potentialAction\":[{\"@type\":\"SearchAction\",\"target\":{\"@type\":\"EntryPoint\",\"urlTemplate\":\"https:\\\/\\\/www.speedfun.bike\\\/?s={search_term_string}\"},\"query-input\":{\"@type\":\"PropertyValueSpecification\",\"valueRequired\":true,\"valueName\":\"search_term_string\"}}],\"inLanguage\":\"fr-FR\"}]}<\/script>\n<!-- \/ Yoast SEO plugin. -->","yoast_head_json":{"title":"Ebike tuning Motinova Volans\/Pegasi - SpeedFun ebike tuning","description":"SpeedFun Furious Evo est un r\u00e9glage pour les moteurs Motinova Volans\/Pegasi con\u00e7u pour d\u00e9bloquer la vitesse maximale. plus de 60 km\/h. Kit \u00e9quip\u00e9 de connecteurs d'origine.","robots":{"index":"index","follow":"follow","max-snippet":"max-snippet:-1","max-image-preview":"max-image-preview:large","max-video-preview":"max-video-preview:-1"},"canonical":"https:\/\/www.speedfun.bike\/fr\/produit\/speedfun-furious-evo-easy-pour-motinova-volans-et-motinova-pegasi\/","og_locale":"fr_FR","og_type":"article","og_title":"Ebike tuning Motinova Volans\/Pegasi - SpeedFun ebike tuning","og_description":"SpeedFun Furious Evo est un r\u00e9glage pour les moteurs Motinova Volans\/Pegasi con\u00e7u pour d\u00e9bloquer la vitesse maximale. plus de 60 km\/h. Kit \u00e9quip\u00e9 de connecteurs d'origine.","og_url":"https:\/\/www.speedfun.bike\/fr\/produit\/speedfun-furious-evo-easy-pour-motinova-volans-et-motinova-pegasi\/","og_site_name":"Speed Fun","article_modified_time":"2025-04-27T13:33:59+00:00","og_image":[{"width":2560,"height":2049,"url":"https:\/\/www.speedfun.bike\/wp-content\/uploads\/2025\/02\/SpeedFun-ebike-tuning-Furious-Evo-Motinova-Volans-Motinova-Pegasi_product_resized-scaled.jpg","type":"image\/jpeg"}],"twitter_card":"summary_large_image","twitter_misc":{"Est. reading time":"2 minutes"},"schema":{"@context":"https:\/\/schema.org","@graph":[{"@type":"WebPage","@id":"https:\/\/www.speedfun.bike\/fr\/produit\/speedfun-furious-evo-easy-pour-motinova-volans-et-motinova-pegasi\/","url":"https:\/\/www.speedfun.bike\/fr\/produit\/speedfun-furious-evo-easy-pour-motinova-volans-et-motinova-pegasi\/","name":"Ebike tuning Motinova Volans\/Pegasi - SpeedFun ebike tuning","isPartOf":{"@id":"https:\/\/www.speedfun.bike\/#website"},"primaryImageOfPage":{"@id":"https:\/\/www.speedfun.bike\/fr\/produit\/speedfun-furious-evo-easy-pour-motinova-volans-et-motinova-pegasi\/#primaryimage"},"image":{"@id":"https:\/\/www.speedfun.bike\/fr\/produit\/speedfun-furious-evo-easy-pour-motinova-volans-et-motinova-pegasi\/#primaryimage"},"thumbnailUrl":"https:\/\/www.speedfun.bike\/wp-content\/uploads\/2025\/02\/SpeedFun-ebike-tuning-Furious-Evo-Motinova-Volans-Motinova-Pegasi_product_resized-scaled.jpg","datePublished":"2025-02-15T15:45:44+00:00","dateModified":"2025-04-27T13:33:59+00:00","description":"SpeedFun Furious Evo est un r\u00e9glage pour les moteurs Motinova Volans\/Pegasi con\u00e7u pour d\u00e9bloquer la vitesse maximale. plus de 60 km\/h. Kit \u00e9quip\u00e9 de connecteurs d'origine.","breadcrumb":{"@id":"https:\/\/www.speedfun.bike\/fr\/produit\/speedfun-furious-evo-easy-pour-motinova-volans-et-motinova-pegasi\/#breadcrumb"},"inLanguage":"fr-FR","potentialAction":[{"@type":"ReadAction","target":["https:\/\/www.speedfun.bike\/fr\/produit\/speedfun-furious-evo-easy-pour-motinova-volans-et-motinova-pegasi\/"]}]},{"@type":"ImageObject","inLanguage":"fr-FR","@id":"https:\/\/www.speedfun.bike\/fr\/produit\/speedfun-furious-evo-easy-pour-motinova-volans-et-motinova-pegasi\/#primaryimage","url":"https:\/\/www.speedfun.bike\/wp-content\/uploads\/2025\/02\/SpeedFun-ebike-tuning-Furious-Evo-Motinova-Volans-Motinova-Pegasi_product_resized-scaled.jpg","contentUrl":"https:\/\/www.speedfun.bike\/wp-content\/uploads\/2025\/02\/SpeedFun-ebike-tuning-Furious-Evo-Motinova-Volans-Motinova-Pegasi_product_resized-scaled.jpg","width":2560,"height":2049,"caption":"SpeedFun Furious Evo pour moteurs Motinova Pegasi et Motinova Volans est une puce de r\u00e9glage permettant de d\u00e9bloquer des vitesses sup\u00e9rieures \u00e0 60 km\/h sur les v\u00e9los \u00e9lectriques \u00e9quip\u00e9s de moteurs Motinova Pegasi et Motinova Volans."},{"@type":"BreadcrumbList","@id":"https:\/\/www.speedfun.bike\/fr\/produit\/speedfun-furious-evo-easy-pour-motinova-volans-et-motinova-pegasi\/#breadcrumb","itemListElement":[{"@type":"ListItem","position":1,"name":"Home","item":"https:\/\/www.speedfun.bike\/fr\/"},{"@type":"ListItem","position":2,"name":"Boutique","item":"https:\/\/www.speedfun.bike\/fr\/boutique\/"},{"@type":"ListItem","position":3,"name":"SpeedFun Furious Evo easy+ pour Motinova Volans et Motinova Pegasi"}]},{"@type":"WebSite","@id":"https:\/\/www.speedfun.bike\/#website","url":"https:\/\/www.speedfun.bike\/","name":"Speed Fun","description":"Sblocco velocit\u00e0 bici elettriche","potentialAction":[{"@type":"SearchAction","target":{"@type":"EntryPoint","urlTemplate":"https:\/\/www.speedfun.bike\/?s={search_term_string}"},"query-input":{"@type":"PropertyValueSpecification","valueRequired":true,"valueName":"search_term_string"}}],"inLanguage":"fr-FR"}]}},"_links":{"self":[{"href":"https:\/\/www.speedfun.bike\/fr\/wp-json\/wp\/v2\/product\/142864","targetHints":{"allow":["GET"]}}],"collection":[{"href":"https:\/\/www.speedfun.bike\/fr\/wp-json\/wp\/v2\/product"}],"about":[{"href":"https:\/\/www.speedfun.bike\/fr\/wp-json\/wp\/v2\/types\/product"}],"replies":[{"embeddable":true,"href":"https:\/\/www.speedfun.bike\/fr\/wp-json\/wp\/v2\/comments?post=142864"}],"wp:featuredmedia":[{"embeddable":true,"href":"https:\/\/www.speedfun.bike\/fr\/wp-json\/wp\/v2\/media\/142934"}],"wp:attachment":[{"href":"https:\/\/www.speedfun.bike\/fr\/wp-json\/wp\/v2\/media?parent=142864"}],"wp:term":[{"taxonomy":"product_brand","embeddable":true,"href":"https:\/\/www.speedfun.bike\/fr\/wp-json\/wp\/v2\/product_brand?post=142864"},{"taxonomy":"product_cat","embeddable":true,"href":"https:\/\/www.speedfun.bike\/fr\/wp-json\/wp\/v2\/product_cat?post=142864"},{"taxonomy":"product_tag","embeddable":true,"href":"https:\/\/www.speedfun.bike\/fr\/wp-json\/wp\/v2\/product_tag?post=142864"}],"curies":[{"name":"wp","href":"https:\/\/api.w.org\/{rel}","templated":true}]}}