{"id":125148,"date":"2024-07-05T14:53:12","date_gmt":"2024-07-05T13:53:13","guid":{"rendered":"https:\/\/speedfun.bike\/?post_type=product&#038;p=125148"},"modified":"2025-03-07T14:18:22","modified_gmt":"2025-03-07T13:18:22","slug":"speedfun-ribelle-pour-yamaha-wabash-rt-et-crosscore-rc","status":"publish","type":"product","link":"https:\/\/www.speedfun.bike\/fr\/produit\/speedfun-ribelle-pour-yamaha-wabash-rt-et-crosscore-rc\/","title":{"rendered":"SpeedFun Ribelle pour Yamaha Wabash RT et CrossCore RC"},"content":{"rendered":"<div class=\"wpb-content-wrapper\"><p>[vc_row][vc_column width=&#8221;1\/1&#8243;][vc_column_text uncode_shortcode_id=&#8221;332290&#8243;]<\/p>\n<h2>Qu\u2019est-ce que le kit de d\u00e9bridage SpeedFun Ribelle pour Yamaha Wabash RT et CrossCore RC?<\/h2>\n<p>SpeedFun Ribelle est un tuning pour v\u00e9los \u00e9lectriques Yamaha Wabash RT et CrossCore RC qui permet d\u2019augmenter la vitesse du v\u00e9lo \u00e9lectrique en supprimant le bloc r\u00e9gl\u00e9 \u00e0 25 kmH. Avec SpeedFun Ribelle, l\u2019assistance active est augment\u00e9e jusqu\u2019\u00e0 des vitesses pouvant d\u00e9passer 60 kmH (<a href=\"https:\/\/speedfun.bike\/wp-content\/uploads\/2019\/06\/ebike-non-va-a-50-kmh.pdf\">info<\/a>), exploitant pleinement le potentiel du moteur.<\/p>\n<p>Ce dispositif de lib\u00e9ration de vitesse est compatible uniquement et exclusivement sur les v\u00e9los \u00e9lectriques Yamaha Wabash RT et CrossCore RC de la marque Yamaha \u00e9quip\u00e9s d\u2019un moteur PW-ST et d\u2019un affichage\/commande Yamaha A \u00ab sideswitch \u00bb.<\/p>\n<p>Le dispositif de r\u00e9glage Ribelle pour Yamaha Wabash RT et CrossCore RC affiche toutes les donn\u00e9es r\u00e9elles sur display\/l\u2019application. Il peut \u00eatre activ\u00e9 ou d\u00e9sactiv\u00e9 en appuyant sur une simple s\u00e9quence de touches et l\u2019activation\/d\u00e9sactivation du dispositif est indiqu\u00e9e sur l\u2019\u00e9cran. Ce tuning est \u00e9quip\u00e9 de connecteurs d\u2019origine pour une installation simple et rapide.<\/p>\n<p>&nbsp;<\/p>\n<h2>Ebike sur lequel le dispositif Ribelle a \u00e9t\u00e9 install\u00e9 avec succ\u00e8s<\/h2>\n<p>(cette liste est illustrative et non exhaustive)[\/vc_column_text][vc_row_inner][vc_column_inner width=&#8221;1\/2&#8243;][vc_column_text uncode_shortcode_id=&#8221;152043&#8243;]- Yamaha Wabash RT<br \/>\n&#8211; Yamaha CrossCore RC[\/vc_column_text][\/vc_column_inner][vc_column_inner width=&#8221;1\/2&#8243;][\/vc_column_inner][\/vc_row_inner][\/vc_column][\/vc_row][vc_row row_height_percent=&#8221;0&#8243; back_color=&#8221;color-jevc&#8221; overlay_alpha=&#8221;50&#8243; gutter_size=&#8221;3&#8243; column_width_percent=&#8221;100&#8243; shift_y=&#8221;0&#8243; z_index=&#8221;0&#8243; uncode_shortcode_id=&#8221;479926&#8243; back_color_type=&#8221;uncode-palette&#8221;][vc_column width=&#8221;1\/1&#8243;][vc_gallery el_id=&#8221;gallery-142227&#8243; type=&#8221;carousel&#8221; medias=&#8221;125150,125153&#8243; carousel_lg=&#8221;2&#8243; carousel_md=&#8221;2&#8243; carousel_sm=&#8221;1&#8243; gutter_size=&#8221;3&#8243; carousel_interval=&#8221;3000&#8243; carousel_navspeed=&#8221;400&#8243; stage_padding=&#8221;0&#8243; single_overlay_opacity=&#8221;50&#8243; single_padding=&#8221;2&#8243; uncode_shortcode_id=&#8221;188936&#8243; items=&#8221;eyIxMjUxMzNfaSI6eyJzaW5nbGVfdGV4dCI6Im92ZXJsYXkifX0=&#8221;][\/vc_column][\/vc_row]<\/p>\n<\/div>","protected":false},"excerpt":{"rendered":"<p>SpeedFun Ribelle est une puce de r\u00e9glage qui permet de supprimer le blocage de vitesse \u00e0 25 kmH et d&#8217;augmenter l&#8217;assistance active jusqu&#8217;\u00e0 des vitesses pouvant d\u00e9passer 60 kmH, en exploitant pleinement le potentiel du moteur Yamaha.<\/p>\n<p>Ce dispositif de lib\u00e9ration de vitesse est compatible uniquement et exclusivement avec les v\u00e9los \u00e9lectriques Yamaha Wabash RT et Yamaha CrossCore RC \u00e9quip\u00e9s du moteur Yamaha PW-ST et de affichage\/contr\u00f4le Yamaha A \u201csideswitch\u201d.<\/p>\n<p>Le dispositif de r\u00e9glage Ribelle pour Yamaha Wabash RT et CrossCore RC affiche toutes les donn\u00e9es r\u00e9elles sur l&#8217;\u00e9cran.<\/p>\n","protected":false},"featured_media":141705,"comment_status":"open","ping_status":"closed","template":"","meta":{"_acf_changed":false},"product_brand":[],"product_cat":[26,699,274],"product_tag":[],"class_list":{"0":"post-125148","1":"product","2":"type-product","3":"status-publish","4":"has-post-thumbnail","6":"product_cat-for-yamaha-fr","7":"product_cat-ebike-de-marque-yamaha","8":"product_cat-ribelle-fr","10":"first","11":"instock","12":"taxable","13":"shipping-taxable","14":"purchasable","15":"product-type-simple"},"acf":[],"yoast_head":"<!-- This site is optimized with the Yoast SEO plugin v27.3 - https:\/\/yoast.com\/product\/yoast-seo-wordpress\/ -->\n<title>SpeedFun Ribelle ebike Yamaha Wabash RT CrossCore RC - SpeedFun ebike tuning<\/title>\n<meta name=\"description\" content=\"La puce de r\u00e9glage SpeedFun Ribelle augmente l&#039;assistance de votre v\u00e9lo \u00e9lectrique jusqu&#039;\u00e0 60 km\/h. Compatible exclusivement avec les v\u00e9los \u00e9lectriques Yamaha Wabash RT et CrossCore RC.\" \/>\n<meta name=\"robots\" content=\"index, follow, max-snippet:-1, max-image-preview:large, max-video-preview:-1\" \/>\n<link rel=\"canonical\" href=\"https:\/\/www.speedfun.bike\/fr\/produit\/speedfun-ribelle-pour-yamaha-wabash-rt-et-crosscore-rc\/\" \/>\n<meta property=\"og:locale\" content=\"fr_FR\" \/>\n<meta property=\"og:type\" content=\"article\" \/>\n<meta property=\"og:title\" content=\"SpeedFun Ribelle ebike Yamaha Wabash RT CrossCore RC - SpeedFun ebike tuning\" \/>\n<meta property=\"og:description\" content=\"La puce de r\u00e9glage SpeedFun Ribelle augmente l&#039;assistance de votre v\u00e9lo \u00e9lectrique jusqu&#039;\u00e0 60 km\/h. Compatible exclusivement avec les v\u00e9los \u00e9lectriques Yamaha Wabash RT et CrossCore RC.\" \/>\n<meta property=\"og:url\" content=\"https:\/\/www.speedfun.bike\/fr\/produit\/speedfun-ribelle-pour-yamaha-wabash-rt-et-crosscore-rc\/\" \/>\n<meta property=\"og:site_name\" content=\"Speed Fun\" \/>\n<meta property=\"article:modified_time\" content=\"2025-03-07T13:18:22+00:00\" \/>\n<meta property=\"og:image\" content=\"https:\/\/www.speedfun.bike\/wp-content\/uploads\/2024\/10\/SpeedFun-ebike-tuning-kit-chip-Ribelle-Yamaha-Wabash-RT-Yamaha-CrossCore-RC-ebike-speed-release_product_resize-1024x820.png\" \/>\n\t<meta property=\"og:image:width\" content=\"1024\" \/>\n\t<meta property=\"og:image:height\" content=\"820\" \/>\n\t<meta property=\"og:image:type\" content=\"image\/png\" \/>\n<meta name=\"twitter:card\" content=\"summary_large_image\" \/>\n<meta name=\"twitter:label1\" content=\"Est. reading time\" \/>\n\t<meta name=\"twitter:data1\" content=\"2 minutes\" \/>\n<script type=\"application\/ld+json\" class=\"yoast-schema-graph\">{\"@context\":\"https:\\\/\\\/schema.org\",\"@graph\":[{\"@type\":\"WebPage\",\"@id\":\"https:\\\/\\\/www.speedfun.bike\\\/fr\\\/produit\\\/speedfun-ribelle-pour-yamaha-wabash-rt-et-crosscore-rc\\\/\",\"url\":\"https:\\\/\\\/www.speedfun.bike\\\/fr\\\/produit\\\/speedfun-ribelle-pour-yamaha-wabash-rt-et-crosscore-rc\\\/\",\"name\":\"SpeedFun Ribelle ebike Yamaha Wabash RT CrossCore RC - SpeedFun ebike tuning\",\"isPartOf\":{\"@id\":\"https:\\\/\\\/www.speedfun.bike\\\/#website\"},\"primaryImageOfPage\":{\"@id\":\"https:\\\/\\\/www.speedfun.bike\\\/fr\\\/produit\\\/speedfun-ribelle-pour-yamaha-wabash-rt-et-crosscore-rc\\\/#primaryimage\"},\"image\":{\"@id\":\"https:\\\/\\\/www.speedfun.bike\\\/fr\\\/produit\\\/speedfun-ribelle-pour-yamaha-wabash-rt-et-crosscore-rc\\\/#primaryimage\"},\"thumbnailUrl\":\"https:\\\/\\\/www.speedfun.bike\\\/wp-content\\\/uploads\\\/2024\\\/10\\\/SpeedFun-ebike-tuning-kit-chip-Ribelle-Yamaha-Wabash-RT-Yamaha-CrossCore-RC-ebike-speed-release_product_resize.png\",\"datePublished\":\"2024-07-05T13:53:13+00:00\",\"dateModified\":\"2025-03-07T13:18:22+00:00\",\"description\":\"La puce de r\u00e9glage SpeedFun Ribelle augmente l'assistance de votre v\u00e9lo \u00e9lectrique jusqu'\u00e0 60 km\\\/h. Compatible exclusivement avec les v\u00e9los \u00e9lectriques Yamaha Wabash RT et CrossCore RC.\",\"breadcrumb\":{\"@id\":\"https:\\\/\\\/www.speedfun.bike\\\/fr\\\/produit\\\/speedfun-ribelle-pour-yamaha-wabash-rt-et-crosscore-rc\\\/#breadcrumb\"},\"inLanguage\":\"fr-FR\",\"potentialAction\":[{\"@type\":\"ReadAction\",\"target\":[\"https:\\\/\\\/www.speedfun.bike\\\/fr\\\/produit\\\/speedfun-ribelle-pour-yamaha-wabash-rt-et-crosscore-rc\\\/\"]}]},{\"@type\":\"ImageObject\",\"inLanguage\":\"fr-FR\",\"@id\":\"https:\\\/\\\/www.speedfun.bike\\\/fr\\\/produit\\\/speedfun-ribelle-pour-yamaha-wabash-rt-et-crosscore-rc\\\/#primaryimage\",\"url\":\"https:\\\/\\\/www.speedfun.bike\\\/wp-content\\\/uploads\\\/2024\\\/10\\\/SpeedFun-ebike-tuning-kit-chip-Ribelle-Yamaha-Wabash-RT-Yamaha-CrossCore-RC-ebike-speed-release_product_resize.png\",\"contentUrl\":\"https:\\\/\\\/www.speedfun.bike\\\/wp-content\\\/uploads\\\/2024\\\/10\\\/SpeedFun-ebike-tuning-kit-chip-Ribelle-Yamaha-Wabash-RT-Yamaha-CrossCore-RC-ebike-speed-release_product_resize.png\",\"width\":2745,\"height\":2197,\"caption\":\"SpeedFun Ribelle pour amaha Wabash RT et CrossCore RC est un r\u00e9glage pour v\u00e9los \u00e9lectriques Yamaha qui permet d'\u00e9liminer le blocage \u00e0 25 km\\\/h en augmentant l'assistance moteur au-dessus de 60 km\\\/h. Appareil compatible uniquement et exclusivement avec les v\u00e9los \u00e9lectriques amaha Wabash RT et CrossCore RC. Afficher les donn\u00e9es r\u00e9elles \u00e0 l'\u00e9cran.\"},{\"@type\":\"BreadcrumbList\",\"@id\":\"https:\\\/\\\/www.speedfun.bike\\\/fr\\\/produit\\\/speedfun-ribelle-pour-yamaha-wabash-rt-et-crosscore-rc\\\/#breadcrumb\",\"itemListElement\":[{\"@type\":\"ListItem\",\"position\":1,\"name\":\"Home\",\"item\":\"https:\\\/\\\/www.speedfun.bike\\\/fr\\\/\"},{\"@type\":\"ListItem\",\"position\":2,\"name\":\"Boutique\",\"item\":\"https:\\\/\\\/www.speedfun.bike\\\/fr\\\/boutique\\\/\"},{\"@type\":\"ListItem\",\"position\":3,\"name\":\"SpeedFun Ribelle pour Yamaha Wabash RT et CrossCore RC\"}]},{\"@type\":\"WebSite\",\"@id\":\"https:\\\/\\\/www.speedfun.bike\\\/#website\",\"url\":\"https:\\\/\\\/www.speedfun.bike\\\/\",\"name\":\"Speed Fun\",\"description\":\"Sblocco velocit\u00e0 bici elettriche\",\"potentialAction\":[{\"@type\":\"SearchAction\",\"target\":{\"@type\":\"EntryPoint\",\"urlTemplate\":\"https:\\\/\\\/www.speedfun.bike\\\/?s={search_term_string}\"},\"query-input\":{\"@type\":\"PropertyValueSpecification\",\"valueRequired\":true,\"valueName\":\"search_term_string\"}}],\"inLanguage\":\"fr-FR\"}]}<\/script>\n<!-- \/ Yoast SEO plugin. -->","yoast_head_json":{"title":"SpeedFun Ribelle ebike Yamaha Wabash RT CrossCore RC - SpeedFun ebike tuning","description":"La puce de r\u00e9glage SpeedFun Ribelle augmente l'assistance de votre v\u00e9lo \u00e9lectrique jusqu'\u00e0 60 km\/h. Compatible exclusivement avec les v\u00e9los \u00e9lectriques Yamaha Wabash RT et CrossCore RC.","robots":{"index":"index","follow":"follow","max-snippet":"max-snippet:-1","max-image-preview":"max-image-preview:large","max-video-preview":"max-video-preview:-1"},"canonical":"https:\/\/www.speedfun.bike\/fr\/produit\/speedfun-ribelle-pour-yamaha-wabash-rt-et-crosscore-rc\/","og_locale":"fr_FR","og_type":"article","og_title":"SpeedFun Ribelle ebike Yamaha Wabash RT CrossCore RC - SpeedFun ebike tuning","og_description":"La puce de r\u00e9glage SpeedFun Ribelle augmente l'assistance de votre v\u00e9lo \u00e9lectrique jusqu'\u00e0 60 km\/h. Compatible exclusivement avec les v\u00e9los \u00e9lectriques Yamaha Wabash RT et CrossCore RC.","og_url":"https:\/\/www.speedfun.bike\/fr\/produit\/speedfun-ribelle-pour-yamaha-wabash-rt-et-crosscore-rc\/","og_site_name":"Speed Fun","article_modified_time":"2025-03-07T13:18:22+00:00","og_image":[{"width":1024,"height":820,"url":"https:\/\/www.speedfun.bike\/wp-content\/uploads\/2024\/10\/SpeedFun-ebike-tuning-kit-chip-Ribelle-Yamaha-Wabash-RT-Yamaha-CrossCore-RC-ebike-speed-release_product_resize-1024x820.png","type":"image\/png"}],"twitter_card":"summary_large_image","twitter_misc":{"Est. reading time":"2 minutes"},"schema":{"@context":"https:\/\/schema.org","@graph":[{"@type":"WebPage","@id":"https:\/\/www.speedfun.bike\/fr\/produit\/speedfun-ribelle-pour-yamaha-wabash-rt-et-crosscore-rc\/","url":"https:\/\/www.speedfun.bike\/fr\/produit\/speedfun-ribelle-pour-yamaha-wabash-rt-et-crosscore-rc\/","name":"SpeedFun Ribelle ebike Yamaha Wabash RT CrossCore RC - SpeedFun ebike tuning","isPartOf":{"@id":"https:\/\/www.speedfun.bike\/#website"},"primaryImageOfPage":{"@id":"https:\/\/www.speedfun.bike\/fr\/produit\/speedfun-ribelle-pour-yamaha-wabash-rt-et-crosscore-rc\/#primaryimage"},"image":{"@id":"https:\/\/www.speedfun.bike\/fr\/produit\/speedfun-ribelle-pour-yamaha-wabash-rt-et-crosscore-rc\/#primaryimage"},"thumbnailUrl":"https:\/\/www.speedfun.bike\/wp-content\/uploads\/2024\/10\/SpeedFun-ebike-tuning-kit-chip-Ribelle-Yamaha-Wabash-RT-Yamaha-CrossCore-RC-ebike-speed-release_product_resize.png","datePublished":"2024-07-05T13:53:13+00:00","dateModified":"2025-03-07T13:18:22+00:00","description":"La puce de r\u00e9glage SpeedFun Ribelle augmente l'assistance de votre v\u00e9lo \u00e9lectrique jusqu'\u00e0 60 km\/h. Compatible exclusivement avec les v\u00e9los \u00e9lectriques Yamaha Wabash RT et CrossCore RC.","breadcrumb":{"@id":"https:\/\/www.speedfun.bike\/fr\/produit\/speedfun-ribelle-pour-yamaha-wabash-rt-et-crosscore-rc\/#breadcrumb"},"inLanguage":"fr-FR","potentialAction":[{"@type":"ReadAction","target":["https:\/\/www.speedfun.bike\/fr\/produit\/speedfun-ribelle-pour-yamaha-wabash-rt-et-crosscore-rc\/"]}]},{"@type":"ImageObject","inLanguage":"fr-FR","@id":"https:\/\/www.speedfun.bike\/fr\/produit\/speedfun-ribelle-pour-yamaha-wabash-rt-et-crosscore-rc\/#primaryimage","url":"https:\/\/www.speedfun.bike\/wp-content\/uploads\/2024\/10\/SpeedFun-ebike-tuning-kit-chip-Ribelle-Yamaha-Wabash-RT-Yamaha-CrossCore-RC-ebike-speed-release_product_resize.png","contentUrl":"https:\/\/www.speedfun.bike\/wp-content\/uploads\/2024\/10\/SpeedFun-ebike-tuning-kit-chip-Ribelle-Yamaha-Wabash-RT-Yamaha-CrossCore-RC-ebike-speed-release_product_resize.png","width":2745,"height":2197,"caption":"SpeedFun Ribelle pour amaha Wabash RT et CrossCore RC est un r\u00e9glage pour v\u00e9los \u00e9lectriques Yamaha qui permet d'\u00e9liminer le blocage \u00e0 25 km\/h en augmentant l'assistance moteur au-dessus de 60 km\/h. Appareil compatible uniquement et exclusivement avec les v\u00e9los \u00e9lectriques amaha Wabash RT et CrossCore RC. Afficher les donn\u00e9es r\u00e9elles \u00e0 l'\u00e9cran."},{"@type":"BreadcrumbList","@id":"https:\/\/www.speedfun.bike\/fr\/produit\/speedfun-ribelle-pour-yamaha-wabash-rt-et-crosscore-rc\/#breadcrumb","itemListElement":[{"@type":"ListItem","position":1,"name":"Home","item":"https:\/\/www.speedfun.bike\/fr\/"},{"@type":"ListItem","position":2,"name":"Boutique","item":"https:\/\/www.speedfun.bike\/fr\/boutique\/"},{"@type":"ListItem","position":3,"name":"SpeedFun Ribelle pour Yamaha Wabash RT et CrossCore RC"}]},{"@type":"WebSite","@id":"https:\/\/www.speedfun.bike\/#website","url":"https:\/\/www.speedfun.bike\/","name":"Speed Fun","description":"Sblocco velocit\u00e0 bici elettriche","potentialAction":[{"@type":"SearchAction","target":{"@type":"EntryPoint","urlTemplate":"https:\/\/www.speedfun.bike\/?s={search_term_string}"},"query-input":{"@type":"PropertyValueSpecification","valueRequired":true,"valueName":"search_term_string"}}],"inLanguage":"fr-FR"}]}},"_links":{"self":[{"href":"https:\/\/www.speedfun.bike\/fr\/wp-json\/wp\/v2\/product\/125148","targetHints":{"allow":["GET"]}}],"collection":[{"href":"https:\/\/www.speedfun.bike\/fr\/wp-json\/wp\/v2\/product"}],"about":[{"href":"https:\/\/www.speedfun.bike\/fr\/wp-json\/wp\/v2\/types\/product"}],"replies":[{"embeddable":true,"href":"https:\/\/www.speedfun.bike\/fr\/wp-json\/wp\/v2\/comments?post=125148"}],"wp:featuredmedia":[{"embeddable":true,"href":"https:\/\/www.speedfun.bike\/fr\/wp-json\/wp\/v2\/media\/141705"}],"wp:attachment":[{"href":"https:\/\/www.speedfun.bike\/fr\/wp-json\/wp\/v2\/media?parent=125148"}],"wp:term":[{"taxonomy":"product_brand","embeddable":true,"href":"https:\/\/www.speedfun.bike\/fr\/wp-json\/wp\/v2\/product_brand?post=125148"},{"taxonomy":"product_cat","embeddable":true,"href":"https:\/\/www.speedfun.bike\/fr\/wp-json\/wp\/v2\/product_cat?post=125148"},{"taxonomy":"product_tag","embeddable":true,"href":"https:\/\/www.speedfun.bike\/fr\/wp-json\/wp\/v2\/product_tag?post=125148"}],"curies":[{"name":"wp","href":"https:\/\/api.w.org\/{rel}","templated":true}]}}