{"id":124584,"date":"2024-06-12T16:48:04","date_gmt":"2024-06-12T15:48:05","guid":{"rendered":"https:\/\/speedfun.bike\/?post_type=product&#038;p=124584"},"modified":"2024-07-19T13:58:00","modified_gmt":"2024-07-19T12:58:00","slug":"speedfun-furious-evo-on-off-feux-pour-yamaha-booster-easy","status":"publish","type":"product","link":"https:\/\/www.speedfun.bike\/fr\/produit\/speedfun-furious-evo-on-off-feux-pour-yamaha-booster-easy\/","title":{"rendered":"SpeedFun Furious Evo on\/off feux pour Yamaha Booster Easy"},"content":{"rendered":"<div class=\"wpb-content-wrapper\"><p>[vc_row][vc_column width=&#8221;1\/1&#8243;][vc_column_text uncode_shortcode_id=&#8221;172565&#8243;]<\/p>\n<h2>Qu&#8217;est-ce que le r\u00e9glage SpeedFun Furious Evo on\/off feux pour les v\u00e9los \u00e9lectriques Yamaha Booster Easy?<\/h2>\n<p>La fonction du dispositif de r\u00e9glage Furious Evo pour v\u00e9los \u00e9lectriques Yamaha Booster Easy est de manipuler \u00e9lectroniquement la vitesse de rotation de la roue arri\u00e8re et de communiquer au moteur une vitesse toujours inf\u00e9rieure \u00e0 25 KmH afin d&#8217;obtenir une vitesse r\u00e9elle tr\u00e8s \u00e9lev\u00e9e avec le moteur. actif. La limitation de vitesse maximale sera donc dict\u00e9e par la puissance du moteur ajout\u00e9e \u00e0 la puissance exprim\u00e9e par vos jambes (<a href=\"https:\/\/speedfun.bike\/wp-content\/uploads\/2019\/06\/ebike-non-va-a-50-kmh.pdf\">info<\/a>).<\/p>\n<p>Lorsque le dispositif de r\u00e9glage est actif et n&#8217;a pas de communication avec l&#8217;\u00e9cran, il affichera les donn\u00e9es modifi\u00e9es sur l&#8217;\u00e9cran\/l&#8217;application \u00e0 partir d&#8217;un certain seuil.<\/p>\n<p>SpeedFun Furious Evo peut \u00eatre install\u00e9 uniquement et exclusivement sur les v\u00e9los \u00e9lectriques Booster Easy de la marque Yamaha \u00e9quip\u00e9s d&#8217;un moteur PW-S2 quel que soit le type d&#8217;affichage ou de commande lat\u00e9rale du v\u00e9lo \u00e9lectrique.<\/p>\n<p>L&#8217;appareil peut \u00eatre activ\u00e9\/d\u00e9sactiv\u00e9 en appuyant simplement sur le bouton d&#8217;\u00e9clairage du v\u00e9lo \u00e9lectrique. Si le v\u00e9lo \u00e9lectrique dispose d\u00e9j\u00e0 de lumi\u00e8res connect\u00e9es \u00e0 la sortie lumineuse, ou s&#8217;il n&#8217;est pas possible de l&#8217;utiliser, il sera toujours possible d&#8217;activer\/d\u00e9sactiver le r\u00e9glage avec un syst\u00e8me tr\u00e8s pratique (pour plus d&#8217;informations, consulter la notice). L&#8217;appareil est fourni plug and go pr\u00eat \u00e0 l&#8217;emploi et peut \u00eatre install\u00e9 tr\u00e8s simplement gr\u00e2ce aux connecteurs d&#8217;origine avec lesquels aucune modification physique du v\u00e9lo \u00e9lectrique n&#8217;est n\u00e9cessaire.<\/p>\n<p>&nbsp;<\/p>\n<h2>Ebike o\u00f9 l&#8217;appareil Furious Evo a \u00e9t\u00e9 install\u00e9 avec succ\u00e8s<\/h2>\n<p>(cette liste est illustrative et non exhaustive)[\/vc_column_text][vc_row_inner][vc_column_inner width=&#8221;1\/2&#8243;][vc_column_text uncode_shortcode_id=&#8221;162878&#8243;]- Yamaha Booster Easy[\/vc_column_text][\/vc_column_inner][vc_column_inner width=&#8221;1\/2&#8243;][\/vc_column_inner][\/vc_row_inner][\/vc_column][\/vc_row]<\/p>\n<\/div>","protected":false},"excerpt":{"rendered":"<p>SpeedFun Furious Evo est un r\u00e9glage de v\u00e9lo \u00e9lectrique qui vous permet de supprimer le blocage de vitesse de 25 kmH en exploitant pleinement le potentiel du moteur Yamaha utilis\u00e9 sur le v\u00e9lo \u00e9lectrique Yamaha Booster Easy.<\/p>\n<p>Ce dispositif de r\u00e9glage est uniquement compatible avec les v\u00e9los \u00e9lectriques Yamaha Booster Easy \u00e9quip\u00e9s d&#8217;un moteur Yamaha PW-S2, quel que soit le type d&#8217;affichage ou de commande lat\u00e9rale du v\u00e9lo \u00e9lectrique.<\/p>\n<p>Tous les d\u00e9clencheurs rapides SpeedFun Furious Evo peuvent \u00eatre activ\u00e9s et d\u00e9sactiv\u00e9s \u00e0 tout moment, m\u00eame sans avoir besoin de connexions \u00e0 la sortie lumineuse.<\/p>\n","protected":false},"featured_media":124624,"comment_status":"open","ping_status":"closed","template":"","meta":{"_acf_changed":false},"product_brand":[],"product_cat":[699,26,273],"product_tag":[],"class_list":{"0":"post-124584","1":"product","2":"type-product","3":"status-publish","4":"has-post-thumbnail","6":"product_cat-ebike-de-marque-yamaha","7":"product_cat-for-yamaha-fr","8":"product_cat-furious-fr","10":"first","11":"instock","12":"taxable","13":"shipping-taxable","14":"purchasable","15":"product-type-simple"},"acf":[],"yoast_head":"<!-- This site is optimized with the Yoast SEO plugin v27.3 - https:\/\/yoast.com\/product\/yoast-seo-wordpress\/ -->\n<title>SpeedFun Furious ebike Yamaha Booster Easy - SpeedFun ebike tuning<\/title>\n<meta name=\"description\" content=\"SpeedFun Furious Evo est une puce de r\u00e9glage qui augmente l&#039;assistance de votre v\u00e9lo \u00e9lectrique jusqu&#039;\u00e0 60 km\/h. Compatible exclusivement avec les v\u00e9los \u00e9lectriques Yamaha Booster Easy.\" \/>\n<meta name=\"robots\" content=\"index, follow, max-snippet:-1, max-image-preview:large, max-video-preview:-1\" \/>\n<link rel=\"canonical\" href=\"https:\/\/speedfun.bike\/fr\/produit\/speedfun-furious-evo-on-off-feux-pour-yamaha-booster-easy\/\" \/>\n<meta property=\"og:locale\" content=\"fr_FR\" \/>\n<meta property=\"og:type\" content=\"article\" \/>\n<meta property=\"og:title\" content=\"SpeedFun Furious ebike Yamaha Booster Easy - SpeedFun ebike tuning\" \/>\n<meta property=\"og:description\" content=\"SpeedFun Furious Evo est une puce de r\u00e9glage qui augmente l&#039;assistance de votre v\u00e9lo \u00e9lectrique jusqu&#039;\u00e0 60 km\/h. Compatible exclusivement avec les v\u00e9los \u00e9lectriques Yamaha Booster Easy.\" \/>\n<meta property=\"og:url\" content=\"https:\/\/speedfun.bike\/fr\/produit\/speedfun-furious-evo-on-off-feux-pour-yamaha-booster-easy\/\" \/>\n<meta property=\"og:site_name\" content=\"Speed Fun\" \/>\n<meta property=\"article:modified_time\" content=\"2024-07-19T12:58:00+00:00\" \/>\n<meta property=\"og:image\" content=\"https:\/\/speedfun.bike\/wp-content\/uploads\/2024\/06\/SpeedFun-Furious-Evo-ebike-tuning-Yamaha-Booster-Easy-speed-release_product_resize-scaled.jpg\" \/>\n\t<meta property=\"og:image:width\" content=\"2560\" \/>\n\t<meta property=\"og:image:height\" content=\"2049\" \/>\n\t<meta property=\"og:image:type\" content=\"image\/jpeg\" \/>\n<meta name=\"twitter:card\" content=\"summary_large_image\" \/>\n<meta name=\"twitter:label1\" content=\"Est. reading time\" \/>\n\t<meta name=\"twitter:data1\" content=\"2 minutes\" \/>\n<script type=\"application\/ld+json\" class=\"yoast-schema-graph\">{\"@context\":\"https:\\\/\\\/schema.org\",\"@graph\":[{\"@type\":\"WebPage\",\"@id\":\"https:\\\/\\\/speedfun.bike\\\/fr\\\/produit\\\/speedfun-furious-evo-on-off-feux-pour-yamaha-booster-easy\\\/\",\"url\":\"https:\\\/\\\/speedfun.bike\\\/fr\\\/produit\\\/speedfun-furious-evo-on-off-feux-pour-yamaha-booster-easy\\\/\",\"name\":\"SpeedFun Furious ebike Yamaha Booster Easy - SpeedFun ebike tuning\",\"isPartOf\":{\"@id\":\"https:\\\/\\\/speedfun.bike\\\/#website\"},\"primaryImageOfPage\":{\"@id\":\"https:\\\/\\\/speedfun.bike\\\/fr\\\/produit\\\/speedfun-furious-evo-on-off-feux-pour-yamaha-booster-easy\\\/#primaryimage\"},\"image\":{\"@id\":\"https:\\\/\\\/speedfun.bike\\\/fr\\\/produit\\\/speedfun-furious-evo-on-off-feux-pour-yamaha-booster-easy\\\/#primaryimage\"},\"thumbnailUrl\":\"https:\\\/\\\/www.speedfun.bike\\\/wp-content\\\/uploads\\\/2024\\\/06\\\/SpeedFun-Furious-Evo-ebike-tuning-Yamaha-Booster-Easy-speed-release_product_resize-scaled.jpg\",\"datePublished\":\"2024-06-12T15:48:05+00:00\",\"dateModified\":\"2024-07-19T12:58:00+00:00\",\"description\":\"SpeedFun Furious Evo est une puce de r\u00e9glage qui augmente l'assistance de votre v\u00e9lo \u00e9lectrique jusqu'\u00e0 60 km\\\/h. Compatible exclusivement avec les v\u00e9los \u00e9lectriques Yamaha Booster Easy.\",\"breadcrumb\":{\"@id\":\"https:\\\/\\\/speedfun.bike\\\/fr\\\/produit\\\/speedfun-furious-evo-on-off-feux-pour-yamaha-booster-easy\\\/#breadcrumb\"},\"inLanguage\":\"fr-FR\",\"potentialAction\":[{\"@type\":\"ReadAction\",\"target\":[\"https:\\\/\\\/speedfun.bike\\\/fr\\\/produit\\\/speedfun-furious-evo-on-off-feux-pour-yamaha-booster-easy\\\/\"]}]},{\"@type\":\"ImageObject\",\"inLanguage\":\"fr-FR\",\"@id\":\"https:\\\/\\\/speedfun.bike\\\/fr\\\/produit\\\/speedfun-furious-evo-on-off-feux-pour-yamaha-booster-easy\\\/#primaryimage\",\"url\":\"https:\\\/\\\/www.speedfun.bike\\\/wp-content\\\/uploads\\\/2024\\\/06\\\/SpeedFun-Furious-Evo-ebike-tuning-Yamaha-Booster-Easy-speed-release_product_resize-scaled.jpg\",\"contentUrl\":\"https:\\\/\\\/www.speedfun.bike\\\/wp-content\\\/uploads\\\/2024\\\/06\\\/SpeedFun-Furious-Evo-ebike-tuning-Yamaha-Booster-Easy-speed-release_product_resize-scaled.jpg\",\"width\":2560,\"height\":2049,\"caption\":\"Feux marche\\\/arr\u00eat SpeedFun Furious Evo pour Yamaha Booster Easy est un r\u00e9glage pour v\u00e9los \u00e9lectriques Yamaha qui permet d'\u00e9liminer le blocage \u00e0 25 km\\\/h en augmentant l'assistance moteur au-dessus de 60 km\\\/h. Appareil compatible uniquement et exclusivement avec les v\u00e9los \u00e9lectriques Yamaha Booster Easy.\"},{\"@type\":\"BreadcrumbList\",\"@id\":\"https:\\\/\\\/speedfun.bike\\\/fr\\\/produit\\\/speedfun-furious-evo-on-off-feux-pour-yamaha-booster-easy\\\/#breadcrumb\",\"itemListElement\":[{\"@type\":\"ListItem\",\"position\":1,\"name\":\"Home\",\"item\":\"https:\\\/\\\/speedfun.bike\\\/fr\\\/\"},{\"@type\":\"ListItem\",\"position\":2,\"name\":\"Boutique\",\"item\":\"https:\\\/\\\/speedfun.bike\\\/fr\\\/boutique\\\/\"},{\"@type\":\"ListItem\",\"position\":3,\"name\":\"SpeedFun Furious Evo on\\\/off feux pour Yamaha Booster Easy\"}]},{\"@type\":\"WebSite\",\"@id\":\"https:\\\/\\\/speedfun.bike\\\/#website\",\"url\":\"https:\\\/\\\/speedfun.bike\\\/\",\"name\":\"Speed Fun\",\"description\":\"Sblocco velocit\u00e0 bici elettriche\",\"potentialAction\":[{\"@type\":\"SearchAction\",\"target\":{\"@type\":\"EntryPoint\",\"urlTemplate\":\"https:\\\/\\\/speedfun.bike\\\/?s={search_term_string}\"},\"query-input\":{\"@type\":\"PropertyValueSpecification\",\"valueRequired\":true,\"valueName\":\"search_term_string\"}}],\"inLanguage\":\"fr-FR\"}]}<\/script>\n<!-- \/ Yoast SEO plugin. -->","yoast_head_json":{"title":"SpeedFun Furious ebike Yamaha Booster Easy - SpeedFun ebike tuning","description":"SpeedFun Furious Evo est une puce de r\u00e9glage qui augmente l'assistance de votre v\u00e9lo \u00e9lectrique jusqu'\u00e0 60 km\/h. Compatible exclusivement avec les v\u00e9los \u00e9lectriques Yamaha Booster Easy.","robots":{"index":"index","follow":"follow","max-snippet":"max-snippet:-1","max-image-preview":"max-image-preview:large","max-video-preview":"max-video-preview:-1"},"canonical":"https:\/\/speedfun.bike\/fr\/produit\/speedfun-furious-evo-on-off-feux-pour-yamaha-booster-easy\/","og_locale":"fr_FR","og_type":"article","og_title":"SpeedFun Furious ebike Yamaha Booster Easy - SpeedFun ebike tuning","og_description":"SpeedFun Furious Evo est une puce de r\u00e9glage qui augmente l'assistance de votre v\u00e9lo \u00e9lectrique jusqu'\u00e0 60 km\/h. Compatible exclusivement avec les v\u00e9los \u00e9lectriques Yamaha Booster Easy.","og_url":"https:\/\/speedfun.bike\/fr\/produit\/speedfun-furious-evo-on-off-feux-pour-yamaha-booster-easy\/","og_site_name":"Speed Fun","article_modified_time":"2024-07-19T12:58:00+00:00","og_image":[{"width":2560,"height":2049,"url":"https:\/\/speedfun.bike\/wp-content\/uploads\/2024\/06\/SpeedFun-Furious-Evo-ebike-tuning-Yamaha-Booster-Easy-speed-release_product_resize-scaled.jpg","type":"image\/jpeg"}],"twitter_card":"summary_large_image","twitter_misc":{"Est. reading time":"2 minutes"},"schema":{"@context":"https:\/\/schema.org","@graph":[{"@type":"WebPage","@id":"https:\/\/speedfun.bike\/fr\/produit\/speedfun-furious-evo-on-off-feux-pour-yamaha-booster-easy\/","url":"https:\/\/speedfun.bike\/fr\/produit\/speedfun-furious-evo-on-off-feux-pour-yamaha-booster-easy\/","name":"SpeedFun Furious ebike Yamaha Booster Easy - SpeedFun ebike tuning","isPartOf":{"@id":"https:\/\/speedfun.bike\/#website"},"primaryImageOfPage":{"@id":"https:\/\/speedfun.bike\/fr\/produit\/speedfun-furious-evo-on-off-feux-pour-yamaha-booster-easy\/#primaryimage"},"image":{"@id":"https:\/\/speedfun.bike\/fr\/produit\/speedfun-furious-evo-on-off-feux-pour-yamaha-booster-easy\/#primaryimage"},"thumbnailUrl":"https:\/\/www.speedfun.bike\/wp-content\/uploads\/2024\/06\/SpeedFun-Furious-Evo-ebike-tuning-Yamaha-Booster-Easy-speed-release_product_resize-scaled.jpg","datePublished":"2024-06-12T15:48:05+00:00","dateModified":"2024-07-19T12:58:00+00:00","description":"SpeedFun Furious Evo est une puce de r\u00e9glage qui augmente l'assistance de votre v\u00e9lo \u00e9lectrique jusqu'\u00e0 60 km\/h. Compatible exclusivement avec les v\u00e9los \u00e9lectriques Yamaha Booster Easy.","breadcrumb":{"@id":"https:\/\/speedfun.bike\/fr\/produit\/speedfun-furious-evo-on-off-feux-pour-yamaha-booster-easy\/#breadcrumb"},"inLanguage":"fr-FR","potentialAction":[{"@type":"ReadAction","target":["https:\/\/speedfun.bike\/fr\/produit\/speedfun-furious-evo-on-off-feux-pour-yamaha-booster-easy\/"]}]},{"@type":"ImageObject","inLanguage":"fr-FR","@id":"https:\/\/speedfun.bike\/fr\/produit\/speedfun-furious-evo-on-off-feux-pour-yamaha-booster-easy\/#primaryimage","url":"https:\/\/www.speedfun.bike\/wp-content\/uploads\/2024\/06\/SpeedFun-Furious-Evo-ebike-tuning-Yamaha-Booster-Easy-speed-release_product_resize-scaled.jpg","contentUrl":"https:\/\/www.speedfun.bike\/wp-content\/uploads\/2024\/06\/SpeedFun-Furious-Evo-ebike-tuning-Yamaha-Booster-Easy-speed-release_product_resize-scaled.jpg","width":2560,"height":2049,"caption":"Feux marche\/arr\u00eat SpeedFun Furious Evo pour Yamaha Booster Easy est un r\u00e9glage pour v\u00e9los \u00e9lectriques Yamaha qui permet d'\u00e9liminer le blocage \u00e0 25 km\/h en augmentant l'assistance moteur au-dessus de 60 km\/h. Appareil compatible uniquement et exclusivement avec les v\u00e9los \u00e9lectriques Yamaha Booster Easy."},{"@type":"BreadcrumbList","@id":"https:\/\/speedfun.bike\/fr\/produit\/speedfun-furious-evo-on-off-feux-pour-yamaha-booster-easy\/#breadcrumb","itemListElement":[{"@type":"ListItem","position":1,"name":"Home","item":"https:\/\/speedfun.bike\/fr\/"},{"@type":"ListItem","position":2,"name":"Boutique","item":"https:\/\/speedfun.bike\/fr\/boutique\/"},{"@type":"ListItem","position":3,"name":"SpeedFun Furious Evo on\/off feux pour Yamaha Booster Easy"}]},{"@type":"WebSite","@id":"https:\/\/speedfun.bike\/#website","url":"https:\/\/speedfun.bike\/","name":"Speed Fun","description":"Sblocco velocit\u00e0 bici elettriche","potentialAction":[{"@type":"SearchAction","target":{"@type":"EntryPoint","urlTemplate":"https:\/\/speedfun.bike\/?s={search_term_string}"},"query-input":{"@type":"PropertyValueSpecification","valueRequired":true,"valueName":"search_term_string"}}],"inLanguage":"fr-FR"}]}},"_links":{"self":[{"href":"https:\/\/www.speedfun.bike\/fr\/wp-json\/wp\/v2\/product\/124584","targetHints":{"allow":["GET"]}}],"collection":[{"href":"https:\/\/www.speedfun.bike\/fr\/wp-json\/wp\/v2\/product"}],"about":[{"href":"https:\/\/www.speedfun.bike\/fr\/wp-json\/wp\/v2\/types\/product"}],"replies":[{"embeddable":true,"href":"https:\/\/www.speedfun.bike\/fr\/wp-json\/wp\/v2\/comments?post=124584"}],"wp:featuredmedia":[{"embeddable":true,"href":"https:\/\/www.speedfun.bike\/fr\/wp-json\/wp\/v2\/media\/124624"}],"wp:attachment":[{"href":"https:\/\/www.speedfun.bike\/fr\/wp-json\/wp\/v2\/media?parent=124584"}],"wp:term":[{"taxonomy":"product_brand","embeddable":true,"href":"https:\/\/www.speedfun.bike\/fr\/wp-json\/wp\/v2\/product_brand?post=124584"},{"taxonomy":"product_cat","embeddable":true,"href":"https:\/\/www.speedfun.bike\/fr\/wp-json\/wp\/v2\/product_cat?post=124584"},{"taxonomy":"product_tag","embeddable":true,"href":"https:\/\/www.speedfun.bike\/fr\/wp-json\/wp\/v2\/product_tag?post=124584"}],"curies":[{"name":"wp","href":"https:\/\/api.w.org\/{rel}","templated":true}]}}