{"id":124571,"date":"2024-06-12T16:22:08","date_gmt":"2024-06-12T15:22:09","guid":{"rendered":"https:\/\/speedfun.bike\/?post_type=product&#038;p=124571"},"modified":"2024-07-19T14:01:24","modified_gmt":"2024-07-19T13:01:24","slug":"speedfun-furious-evo-f-easy-pour-yamaha-wabash-rt-et-crosscore-rc","status":"publish","type":"product","link":"https:\/\/www.speedfun.bike\/fr\/produit\/speedfun-furious-evo-f-easy-pour-yamaha-wabash-rt-et-crosscore-rc\/","title":{"rendered":"SpeedFun Furious Evo F easy+ pour Yamaha Wabash RT et CrossCore RC"},"content":{"rendered":"<div class=\"wpb-content-wrapper\"><p>[vc_row][vc_column width=&#8221;1\/1&#8243;][vc_column_text uncode_shortcode_id=&#8221;460127&#8243;]<\/p>\n<h2>Qu&#8217;est-ce que le r\u00e9glage SpeedFun Furious evo F pour les v\u00e9los \u00e9lectriques Yamaha Wabash RT et CrossCore RC?<\/h2>\n<p>La fonction du dispositif de r\u00e9glage Furious Evo F pour v\u00e9los \u00e9lectriques Yamaha Wabash RT et CrossCore RC est de manipuler \u00e9lectroniquement la vitesse de rotation de la roue arri\u00e8re et de communiquer au moteur une vitesse toujours inf\u00e9rieure \u00e0 25 KmH afin d&#8217;obtenir une vitesse r\u00e9elle avec le moteur actif tr\u00e8s \u00e9lev\u00e9. La limitation de vitesse maximale sera donc dict\u00e9e par la puissance du moteur ajout\u00e9e \u00e0 la puissance exprim\u00e9e par vos jambes (<a href=\"https:\/\/speedfun.bike\/wp-content\/uploads\/2019\/06\/ebike-non-va-a-50-kmh.pdf\">info<\/a>).<\/p>\n<p>Lorsque le dispositif de r\u00e9glage est actif et n&#8217;a pas de communication avec l&#8217;\u00e9cran, il affichera les donn\u00e9es modifi\u00e9es sur l&#8217;\u00e9cran\/l&#8217;application \u00e0 partir d&#8217;un certain seuil.<\/p>\n<p>SpeedFun Furious Evo F peut \u00eatre install\u00e9 uniquement et exclusivement sur les v\u00e9los \u00e9lectriques de marque Yamaha, les mod\u00e8les Wabash RT et CrossCore RC \u00e9quip\u00e9s d&#8217;un moteur PW-ST, quel que soit le type d&#8217;affichage ou de commande lat\u00e9rale du v\u00e9lo \u00e9lectrique.<\/p>\n<p>L&#8217;appareil peut \u00eatre activ\u00e9\/d\u00e9sactiv\u00e9 avec un syst\u00e8me tr\u00e8s pratique (pour plus d&#8217;informations voir la notice). Il est fourni plug and go pr\u00eat \u00e0 l&#8217;emploi et s&#8217;installe tr\u00e8s simplement gr\u00e2ce aux connecteurs d&#8217;origine avec lesquels aucune modification physique du v\u00e9lo \u00e9lectrique n&#8217;est n\u00e9cessaire.<\/p>\n<p>&nbsp;<\/p>\n<h2>Ebike o\u00f9 l&#8217;appareil Furious Evo a \u00e9t\u00e9 install\u00e9 avec succ\u00e8s<\/h2>\n<p>(cette liste est illustrative et non exhaustive)[\/vc_column_text][vc_row_inner][vc_column_inner width=&#8221;1\/2&#8243;][vc_column_text uncode_shortcode_id=&#8221;179596&#8243;]<\/p>\n<p>&#8211; Yamaha Wabash RT<br \/>\n&#8211; Yamaha CrossCore RC<\/p>\n<p>[\/vc_column_text][\/vc_column_inner][vc_column_inner width=&#8221;1\/2&#8243;][\/vc_column_inner][\/vc_row_inner][\/vc_column][\/vc_row]<\/p>\n<\/div>","protected":false},"excerpt":{"rendered":"<p>SpeedFun Furious Evo est un r\u00e9glage de v\u00e9lo \u00e9lectrique qui vous permet de supprimer le blocage de vitesse de 25 kmH en exploitant pleinement le potentiel du moteur Yamaha utilis\u00e9 sur les v\u00e9los \u00e9lectriques Yamaha Wabash RT et CrossCore RC.<\/p>\n<p>Ce dispositif de r\u00e9glage est uniquement compatible avec les v\u00e9los \u00e9lectriques Yamaha Wabash RT et CrossCore RC \u00e9quip\u00e9s d&#8217;un moteur Yamaha PW-ST quel que soit le type d&#8217;affichage ou de commande lat\u00e9rale du v\u00e9lo \u00e9lectrique.<\/p>\n<p>Tous les d\u00e9clencheurs rapides SpeedFun Furious Evo peuvent \u00eatre activ\u00e9s et d\u00e9sactiv\u00e9s \u00e0 tout moment, m\u00eame sans avoir besoin de connexions \u00e0 la sortie lumineuse.<\/p>\n","protected":false},"featured_media":124708,"comment_status":"open","ping_status":"closed","template":"","meta":{"_acf_changed":false},"product_brand":[],"product_cat":[26,699,273],"product_tag":[],"class_list":{"0":"post-124571","1":"product","2":"type-product","3":"status-publish","4":"has-post-thumbnail","6":"product_cat-for-yamaha-fr","7":"product_cat-ebike-de-marque-yamaha","8":"product_cat-furious-fr","10":"first","11":"instock","12":"taxable","13":"shipping-taxable","14":"purchasable","15":"product-type-simple"},"acf":[],"yoast_head":"<!-- This site is optimized with the Yoast SEO plugin v27.3 - https:\/\/yoast.com\/product\/yoast-seo-wordpress\/ -->\n<title>SpeedFun Furious Yamaha Wabash RT CrossCore RC - SpeedFun ebike tuning<\/title>\n<meta name=\"description\" content=\"SpeedFun Furious Evo est une puce de r\u00e9glage qui augmente l&#039;assistance de votre v\u00e9lo \u00e9lectrique jusqu&#039;\u00e0 60 km\/h. Compatible avec les v\u00e9los \u00e9lectriques Yamaha Wabash RT et CrossCore RC.\" \/>\n<meta name=\"robots\" content=\"index, follow, max-snippet:-1, max-image-preview:large, max-video-preview:-1\" \/>\n<link rel=\"canonical\" href=\"https:\/\/www.speedfun.bike\/fr\/produit\/speedfun-furious-evo-f-easy-pour-yamaha-wabash-rt-et-crosscore-rc\/\" \/>\n<meta property=\"og:locale\" content=\"fr_FR\" \/>\n<meta property=\"og:type\" content=\"article\" \/>\n<meta property=\"og:title\" content=\"SpeedFun Furious Yamaha Wabash RT CrossCore RC - SpeedFun ebike tuning\" \/>\n<meta property=\"og:description\" content=\"SpeedFun Furious Evo est une puce de r\u00e9glage qui augmente l&#039;assistance de votre v\u00e9lo \u00e9lectrique jusqu&#039;\u00e0 60 km\/h. Compatible avec les v\u00e9los \u00e9lectriques Yamaha Wabash RT et CrossCore RC.\" \/>\n<meta property=\"og:url\" content=\"https:\/\/www.speedfun.bike\/fr\/produit\/speedfun-furious-evo-f-easy-pour-yamaha-wabash-rt-et-crosscore-rc\/\" \/>\n<meta property=\"og:site_name\" content=\"Speed Fun\" \/>\n<meta property=\"article:modified_time\" content=\"2024-07-19T13:01:24+00:00\" \/>\n<meta property=\"og:image\" content=\"https:\/\/www.speedfun.bike\/wp-content\/uploads\/2024\/06\/SpeedFun-ebike-tuning-kit-chip-Furious-Evo-Yamaha-Crosscore-RC-Wabash-RT-sblocco-velocita-ebike_product_resized-scaled.jpg\" \/>\n\t<meta property=\"og:image:width\" content=\"2560\" \/>\n\t<meta property=\"og:image:height\" content=\"2049\" \/>\n\t<meta property=\"og:image:type\" content=\"image\/jpeg\" \/>\n<meta name=\"twitter:card\" content=\"summary_large_image\" \/>\n<meta name=\"twitter:label1\" content=\"Est. reading time\" \/>\n\t<meta name=\"twitter:data1\" content=\"2 minutes\" \/>\n<script type=\"application\/ld+json\" class=\"yoast-schema-graph\">{\"@context\":\"https:\\\/\\\/schema.org\",\"@graph\":[{\"@type\":\"WebPage\",\"@id\":\"https:\\\/\\\/www.speedfun.bike\\\/fr\\\/produit\\\/speedfun-furious-evo-f-easy-pour-yamaha-wabash-rt-et-crosscore-rc\\\/\",\"url\":\"https:\\\/\\\/www.speedfun.bike\\\/fr\\\/produit\\\/speedfun-furious-evo-f-easy-pour-yamaha-wabash-rt-et-crosscore-rc\\\/\",\"name\":\"SpeedFun Furious Yamaha Wabash RT CrossCore RC - SpeedFun ebike tuning\",\"isPartOf\":{\"@id\":\"https:\\\/\\\/speedfun.bike\\\/#website\"},\"primaryImageOfPage\":{\"@id\":\"https:\\\/\\\/www.speedfun.bike\\\/fr\\\/produit\\\/speedfun-furious-evo-f-easy-pour-yamaha-wabash-rt-et-crosscore-rc\\\/#primaryimage\"},\"image\":{\"@id\":\"https:\\\/\\\/www.speedfun.bike\\\/fr\\\/produit\\\/speedfun-furious-evo-f-easy-pour-yamaha-wabash-rt-et-crosscore-rc\\\/#primaryimage\"},\"thumbnailUrl\":\"https:\\\/\\\/www.speedfun.bike\\\/wp-content\\\/uploads\\\/2024\\\/06\\\/SpeedFun-ebike-tuning-kit-chip-Furious-Evo-Yamaha-Crosscore-RC-Wabash-RT-sblocco-velocita-ebike_product_resized-scaled.jpg\",\"datePublished\":\"2024-06-12T15:22:09+00:00\",\"dateModified\":\"2024-07-19T13:01:24+00:00\",\"description\":\"SpeedFun Furious Evo est une puce de r\u00e9glage qui augmente l'assistance de votre v\u00e9lo \u00e9lectrique jusqu'\u00e0 60 km\\\/h. Compatible avec les v\u00e9los \u00e9lectriques Yamaha Wabash RT et CrossCore RC.\",\"breadcrumb\":{\"@id\":\"https:\\\/\\\/www.speedfun.bike\\\/fr\\\/produit\\\/speedfun-furious-evo-f-easy-pour-yamaha-wabash-rt-et-crosscore-rc\\\/#breadcrumb\"},\"inLanguage\":\"fr-FR\",\"potentialAction\":[{\"@type\":\"ReadAction\",\"target\":[\"https:\\\/\\\/www.speedfun.bike\\\/fr\\\/produit\\\/speedfun-furious-evo-f-easy-pour-yamaha-wabash-rt-et-crosscore-rc\\\/\"]}]},{\"@type\":\"ImageObject\",\"inLanguage\":\"fr-FR\",\"@id\":\"https:\\\/\\\/www.speedfun.bike\\\/fr\\\/produit\\\/speedfun-furious-evo-f-easy-pour-yamaha-wabash-rt-et-crosscore-rc\\\/#primaryimage\",\"url\":\"https:\\\/\\\/www.speedfun.bike\\\/wp-content\\\/uploads\\\/2024\\\/06\\\/SpeedFun-ebike-tuning-kit-chip-Furious-Evo-Yamaha-Crosscore-RC-Wabash-RT-sblocco-velocita-ebike_product_resized-scaled.jpg\",\"contentUrl\":\"https:\\\/\\\/www.speedfun.bike\\\/wp-content\\\/uploads\\\/2024\\\/06\\\/SpeedFun-ebike-tuning-kit-chip-Furious-Evo-Yamaha-Crosscore-RC-Wabash-RT-sblocco-velocita-ebike_product_resized-scaled.jpg\",\"width\":2560,\"height\":2049,\"caption\":\"SpeedFun Furious Evo F easy+ pour Yamaha Crosscore RC Wabash RT est un r\u00e9glage pour v\u00e9los \u00e9lectriques Yamaha qui vous permet d'\u00e9liminer le blocage \u00e0 25 km\\\/h en augmentant l'assistance moteur au-dessus de 60 km\\\/h. Appareil compatible uniquement et exclusivement avec les v\u00e9los \u00e9lectriques Yamaha Crosscore RC Wabash RT.\"},{\"@type\":\"BreadcrumbList\",\"@id\":\"https:\\\/\\\/www.speedfun.bike\\\/fr\\\/produit\\\/speedfun-furious-evo-f-easy-pour-yamaha-wabash-rt-et-crosscore-rc\\\/#breadcrumb\",\"itemListElement\":[{\"@type\":\"ListItem\",\"position\":1,\"name\":\"Home\",\"item\":\"https:\\\/\\\/speedfun.bike\\\/fr\\\/\"},{\"@type\":\"ListItem\",\"position\":2,\"name\":\"Boutique\",\"item\":\"https:\\\/\\\/speedfun.bike\\\/fr\\\/boutique\\\/\"},{\"@type\":\"ListItem\",\"position\":3,\"name\":\"SpeedFun Furious Evo F easy+ pour Yamaha Wabash RT et CrossCore RC\"}]},{\"@type\":\"WebSite\",\"@id\":\"https:\\\/\\\/speedfun.bike\\\/#website\",\"url\":\"https:\\\/\\\/speedfun.bike\\\/\",\"name\":\"Speed Fun\",\"description\":\"Sblocco velocit\u00e0 bici elettriche\",\"potentialAction\":[{\"@type\":\"SearchAction\",\"target\":{\"@type\":\"EntryPoint\",\"urlTemplate\":\"https:\\\/\\\/speedfun.bike\\\/?s={search_term_string}\"},\"query-input\":{\"@type\":\"PropertyValueSpecification\",\"valueRequired\":true,\"valueName\":\"search_term_string\"}}],\"inLanguage\":\"fr-FR\"}]}<\/script>\n<!-- \/ Yoast SEO plugin. -->","yoast_head_json":{"title":"SpeedFun Furious Yamaha Wabash RT CrossCore RC - SpeedFun ebike tuning","description":"SpeedFun Furious Evo est une puce de r\u00e9glage qui augmente l'assistance de votre v\u00e9lo \u00e9lectrique jusqu'\u00e0 60 km\/h. Compatible avec les v\u00e9los \u00e9lectriques Yamaha Wabash RT et CrossCore RC.","robots":{"index":"index","follow":"follow","max-snippet":"max-snippet:-1","max-image-preview":"max-image-preview:large","max-video-preview":"max-video-preview:-1"},"canonical":"https:\/\/www.speedfun.bike\/fr\/produit\/speedfun-furious-evo-f-easy-pour-yamaha-wabash-rt-et-crosscore-rc\/","og_locale":"fr_FR","og_type":"article","og_title":"SpeedFun Furious Yamaha Wabash RT CrossCore RC - SpeedFun ebike tuning","og_description":"SpeedFun Furious Evo est une puce de r\u00e9glage qui augmente l'assistance de votre v\u00e9lo \u00e9lectrique jusqu'\u00e0 60 km\/h. Compatible avec les v\u00e9los \u00e9lectriques Yamaha Wabash RT et CrossCore RC.","og_url":"https:\/\/www.speedfun.bike\/fr\/produit\/speedfun-furious-evo-f-easy-pour-yamaha-wabash-rt-et-crosscore-rc\/","og_site_name":"Speed Fun","article_modified_time":"2024-07-19T13:01:24+00:00","og_image":[{"width":2560,"height":2049,"url":"https:\/\/www.speedfun.bike\/wp-content\/uploads\/2024\/06\/SpeedFun-ebike-tuning-kit-chip-Furious-Evo-Yamaha-Crosscore-RC-Wabash-RT-sblocco-velocita-ebike_product_resized-scaled.jpg","type":"image\/jpeg"}],"twitter_card":"summary_large_image","twitter_misc":{"Est. reading time":"2 minutes"},"schema":{"@context":"https:\/\/schema.org","@graph":[{"@type":"WebPage","@id":"https:\/\/www.speedfun.bike\/fr\/produit\/speedfun-furious-evo-f-easy-pour-yamaha-wabash-rt-et-crosscore-rc\/","url":"https:\/\/www.speedfun.bike\/fr\/produit\/speedfun-furious-evo-f-easy-pour-yamaha-wabash-rt-et-crosscore-rc\/","name":"SpeedFun Furious Yamaha Wabash RT CrossCore RC - SpeedFun ebike tuning","isPartOf":{"@id":"https:\/\/speedfun.bike\/#website"},"primaryImageOfPage":{"@id":"https:\/\/www.speedfun.bike\/fr\/produit\/speedfun-furious-evo-f-easy-pour-yamaha-wabash-rt-et-crosscore-rc\/#primaryimage"},"image":{"@id":"https:\/\/www.speedfun.bike\/fr\/produit\/speedfun-furious-evo-f-easy-pour-yamaha-wabash-rt-et-crosscore-rc\/#primaryimage"},"thumbnailUrl":"https:\/\/www.speedfun.bike\/wp-content\/uploads\/2024\/06\/SpeedFun-ebike-tuning-kit-chip-Furious-Evo-Yamaha-Crosscore-RC-Wabash-RT-sblocco-velocita-ebike_product_resized-scaled.jpg","datePublished":"2024-06-12T15:22:09+00:00","dateModified":"2024-07-19T13:01:24+00:00","description":"SpeedFun Furious Evo est une puce de r\u00e9glage qui augmente l'assistance de votre v\u00e9lo \u00e9lectrique jusqu'\u00e0 60 km\/h. Compatible avec les v\u00e9los \u00e9lectriques Yamaha Wabash RT et CrossCore RC.","breadcrumb":{"@id":"https:\/\/www.speedfun.bike\/fr\/produit\/speedfun-furious-evo-f-easy-pour-yamaha-wabash-rt-et-crosscore-rc\/#breadcrumb"},"inLanguage":"fr-FR","potentialAction":[{"@type":"ReadAction","target":["https:\/\/www.speedfun.bike\/fr\/produit\/speedfun-furious-evo-f-easy-pour-yamaha-wabash-rt-et-crosscore-rc\/"]}]},{"@type":"ImageObject","inLanguage":"fr-FR","@id":"https:\/\/www.speedfun.bike\/fr\/produit\/speedfun-furious-evo-f-easy-pour-yamaha-wabash-rt-et-crosscore-rc\/#primaryimage","url":"https:\/\/www.speedfun.bike\/wp-content\/uploads\/2024\/06\/SpeedFun-ebike-tuning-kit-chip-Furious-Evo-Yamaha-Crosscore-RC-Wabash-RT-sblocco-velocita-ebike_product_resized-scaled.jpg","contentUrl":"https:\/\/www.speedfun.bike\/wp-content\/uploads\/2024\/06\/SpeedFun-ebike-tuning-kit-chip-Furious-Evo-Yamaha-Crosscore-RC-Wabash-RT-sblocco-velocita-ebike_product_resized-scaled.jpg","width":2560,"height":2049,"caption":"SpeedFun Furious Evo F easy+ pour Yamaha Crosscore RC Wabash RT est un r\u00e9glage pour v\u00e9los \u00e9lectriques Yamaha qui vous permet d'\u00e9liminer le blocage \u00e0 25 km\/h en augmentant l'assistance moteur au-dessus de 60 km\/h. Appareil compatible uniquement et exclusivement avec les v\u00e9los \u00e9lectriques Yamaha Crosscore RC Wabash RT."},{"@type":"BreadcrumbList","@id":"https:\/\/www.speedfun.bike\/fr\/produit\/speedfun-furious-evo-f-easy-pour-yamaha-wabash-rt-et-crosscore-rc\/#breadcrumb","itemListElement":[{"@type":"ListItem","position":1,"name":"Home","item":"https:\/\/speedfun.bike\/fr\/"},{"@type":"ListItem","position":2,"name":"Boutique","item":"https:\/\/speedfun.bike\/fr\/boutique\/"},{"@type":"ListItem","position":3,"name":"SpeedFun Furious Evo F easy+ pour Yamaha Wabash RT et CrossCore RC"}]},{"@type":"WebSite","@id":"https:\/\/speedfun.bike\/#website","url":"https:\/\/speedfun.bike\/","name":"Speed Fun","description":"Sblocco velocit\u00e0 bici elettriche","potentialAction":[{"@type":"SearchAction","target":{"@type":"EntryPoint","urlTemplate":"https:\/\/speedfun.bike\/?s={search_term_string}"},"query-input":{"@type":"PropertyValueSpecification","valueRequired":true,"valueName":"search_term_string"}}],"inLanguage":"fr-FR"}]}},"_links":{"self":[{"href":"https:\/\/www.speedfun.bike\/fr\/wp-json\/wp\/v2\/product\/124571","targetHints":{"allow":["GET"]}}],"collection":[{"href":"https:\/\/www.speedfun.bike\/fr\/wp-json\/wp\/v2\/product"}],"about":[{"href":"https:\/\/www.speedfun.bike\/fr\/wp-json\/wp\/v2\/types\/product"}],"replies":[{"embeddable":true,"href":"https:\/\/www.speedfun.bike\/fr\/wp-json\/wp\/v2\/comments?post=124571"}],"wp:featuredmedia":[{"embeddable":true,"href":"https:\/\/www.speedfun.bike\/fr\/wp-json\/wp\/v2\/media\/124708"}],"wp:attachment":[{"href":"https:\/\/www.speedfun.bike\/fr\/wp-json\/wp\/v2\/media?parent=124571"}],"wp:term":[{"taxonomy":"product_brand","embeddable":true,"href":"https:\/\/www.speedfun.bike\/fr\/wp-json\/wp\/v2\/product_brand?post=124571"},{"taxonomy":"product_cat","embeddable":true,"href":"https:\/\/www.speedfun.bike\/fr\/wp-json\/wp\/v2\/product_cat?post=124571"},{"taxonomy":"product_tag","embeddable":true,"href":"https:\/\/www.speedfun.bike\/fr\/wp-json\/wp\/v2\/product_tag?post=124571"}],"curies":[{"name":"wp","href":"https:\/\/api.w.org\/{rel}","templated":true}]}}