{"id":124173,"date":"2024-05-25T08:36:48","date_gmt":"2024-05-25T07:36:49","guid":{"rendered":"https:\/\/speedfun.bike\/?post_type=product&#038;p=124173"},"modified":"2025-05-14T15:59:03","modified_gmt":"2025-05-14T14:59:03","slug":"speedfun-furious-evo-easy-pour-specialized-turbo-levo-kenevo-tero-como-et-vado","status":"publish","type":"product","link":"https:\/\/www.speedfun.bike\/fr\/produit\/speedfun-furious-evo-easy-pour-specialized-turbo-levo-kenevo-tero-como-et-vado\/","title":{"rendered":"SpeedFun Furious Evo easy+ pour Specialized Turbo Levo, Kenevo, Tero, Como et Vado"},"content":{"rendered":"<div class=\"wpb-content-wrapper\"><p>[vc_row][vc_column width=&#8221;1\/1&#8243;][vc_column_text uncode_shortcode_id=&#8221;518490&#8243;]<\/p>\n<h2>Qu\u2019est-ce que le tuning\/r\u00e9glage du ebike SpeedFun Furious Evo pour Specialized Turbo Levo, Kenevo, Tero, Como et Vado?<\/h2>\n<p><strong>La fonction du dispositif tuning Furious Evo pour\u00a0Specialized\u00a0<\/strong>est de manipuler \u00e9lectroniquement la vitesse de rotation de la roue arri\u00e8re et de communiquer au moteur une vitesse toujours inf\u00e9rieure \u00e0 25 KmH afin d\u2019obtenir une vitesse r\u00e9elle avec un moteur actif tr\u00e8s \u00e9lev\u00e9. La limite de vitesse maximale sera donc dict\u00e9e par la puissance du moteur ajout\u00e9e \u00e0 la puissance exprim\u00e9e par les jambes (<a href=\"https:\/\/speedfun.bike\/wp-content\/uploads\/2019\/06\/ebike-non-va-a-50-kmh.pdf\">info<\/a>).<\/p>\n<p>Lorsque le dispositif de r\u00e9glage est actif, n\u2019ayant aucune communication avec le TCU\/TCD, il affichera les donn\u00e9es r\u00e9duites de moiti\u00e9 sur n\u2019importe quel \u00e9cran (ou application) \u00e0 partir d\u2019un certain seuil.<\/p>\n<p>Cet appareil peut \u00eatre install\u00e9 sur les v\u00e9los \u00e9lectriques Specialized Turbo Levo, Turbo Kenevo, Turbo Tero, Turbo Como et Turbo Vado avec moteur Brose (officiellement \u201cTurbo 1.1\u201d, \u201cTurbo 1.2\u201d, \u201cTurbo 2.1\u201d et \u201cTurbo Full Power System 2.2\u201d) \u00e9quip\u00e9 de TCU1\/TCU2 &#8220;MasterMind&#8221; ou TCD. \u00c9galement compatible avec les v\u00e9los \u00e9lectriques Specialized gen1 (commande sur la batterie).<\/p>\n<p>Le dispositif de r\u00e9glage Furious Evo pour Specialized peut \u00eatre activ\u00e9\/d\u00e9sactiv\u00e9 \u00e0 volont\u00e9 avec un syst\u00e8me tr\u00e8s pratique (pour plus d&#8217;informations, consulter la notice) et maintient le r\u00e9glage m\u00eame apr\u00e8s l&#8217;extinction du v\u00e9lo \u00e9lectrique.<\/p>\n<p>L\u2019appareil est fourni plug and go pr\u00eat \u00e0 l\u2019emploi et s\u2019installe de mani\u00e8re tr\u00e8s simple gr\u00e2ce aux connecteurs compatible avec lesquels aucune modification physique du v\u00e9lo \u00e9lectrique n\u2019est n\u00e9cessaire.<\/p>\n<p><strong>ATTENTION!<\/strong><br \/>\nCet appareil n&#8217;est pas compatible avec les v\u00e9los \u00e9lectriques Specialized gen4 \u00e9quip\u00e9s du moteur Specialized 3.1 et du MasterMind T3 TCU.<\/p>\n<p>&nbsp;<\/p>\n<h2>V\u00e9lo \u00e9lectrique Specialized avec moteur Brose sur lequel le dispositif Furious Evo a \u00e9t\u00e9 install\u00e9 avec succ\u00e8s<\/h2>\n<p>(cette liste est illustrative et non exhaustive)[\/vc_column_text][vc_row_inner][vc_column_inner width=&#8221;1\/2&#8243;][vc_column_text uncode_shortcode_id=&#8221;144006&#8243;]<\/p>\n<h3>Specialized Turbo Levo<\/h3>\n<p>&#8211; Specialized Turbo Kenevo Expert<br \/>\n&#8211; Specizlied Turbo Kenevo Comp<br \/>\n&#8211;\u00a0Specizlied Turbo Levo Hardtail Comp M5<br \/>\n&#8211;\u00a0Specialized Turbo Levo Hardtail M5<br \/>\n&#8211; Specialized S-Works Turbo Levo<br \/>\n&#8211; Specialized\u00a0Turbo Levo Pro<br \/>\n&#8211; Specialized\u00a0Turbo Levo Expert<br \/>\n&#8211; Specialized\u00a0Turbo Levo Comp M5<br \/>\n&#8211; Specialized\u00a0Turbo Levo M5<\/p>\n<p>[\/vc_column_text][vc_column_text uncode_shortcode_id=&#8221;155448&#8243;]<\/p>\n<h3>Specialized Turbo Levo<\/h3>\n<p>&#8211; Specialized Turbo Levo Comp Alloy G3<br \/>\n&#8211; Specialized Turbo Levo Alloy G3<br \/>\n&#8211; Specialized S-Works Turbo Levo G3<br \/>\n&#8211; Specialized Turbo Levo Pro Carbon<br \/>\n&#8211; Specialized Turbo Levo Expert G3<br \/>\n&#8211; Specialized Turbo Levo Comp Carbon<br \/>\n&#8211; Specialized Turbo Levo Comp Alloy<br \/>\n&#8211; Specialized Turbo Levo Carbon<br \/>\n&#8211; Specialized S-Works Turbo Levo Carbon<br \/>\n&#8211; Specialized<br \/>\n&#8211; Specialized<\/p>\n<p>[\/vc_column_text][\/vc_column_inner][vc_column_inner width=&#8221;1\/2&#8243;][vc_column_text]<\/p>\n<p>&#8211; Specialized\u00a0Turbo Tero 5.0<br \/>\n&#8211; Specialized\u00a0Turbo Tero 4.0 EQ<br \/>\n&#8211; Specialized\u00a0Turbo Tero 4.0<br \/>\n&#8211; Specialized\u00a0Turbo Tero 3.0<br \/>\n&#8211; Specialized\u00a0Turbo Tero 3.0 Step-Through<\/p>\n<p>[\/vc_column_text][\/vc_column_inner][\/vc_row_inner][\/vc_column][\/vc_row]<\/p>\n<\/div>","protected":false},"excerpt":{"rendered":"<p>SpeedFun Furious Evo est un r\u00e9glage de v\u00e9lo \u00e9lectrique qui vous permet de supprimer le bloc de vitesse de 25 kmH en exploitant pleinement le potentiel du moteur Brose adopt\u00e9 par Specialized.<\/p>\n<p>Ce dispositif de r\u00e9glage de v\u00e9lo \u00e9lectrique est sp\u00e9cialement con\u00e7u pour ebike Specialized Turbo Levo, Turbo Kenevo, Turbo Tero, Turbo Como et Turbo Vado \u00e9quip\u00e9s du moteur Brose (officiellement &#8220;Turbo 1.1&#8221;, &#8220;Turbo 1.2&#8221;, &#8220;Turbo 2.1&#8221; et &#8220;Turbo Full Power System 2.2&#8221;) quel que soit le type de dysplay\/TCU\/TCD.<\/p>\n<p>Tous les dispositifs de d\u00e9clenchement de vitesse SpeedFun Furious Evo peuvent \u00eatre activ\u00e9s et d\u00e9sactiv\u00e9s \u00e0 tout moment, m\u00eame sans \u00eatre connect\u00e9s \u00e0 la sortie des feux du moteur.<\/p>\n","protected":false},"featured_media":124199,"comment_status":"open","ping_status":"closed","template":"","meta":{"_acf_changed":false},"product_brand":[],"product_cat":[126,273],"product_tag":[],"class_list":{"0":"post-124173","1":"product","2":"type-product","3":"status-publish","4":"has-post-thumbnail","6":"product_cat-for-specialized-2-fr","7":"product_cat-furious-fr","8":"product_shipping_class-armadi-fr","10":"first","11":"instock","12":"taxable","13":"shipping-taxable","14":"purchasable","15":"product-type-simple"},"acf":[],"yoast_head":"<!-- This site is optimized with the Yoast SEO plugin v27.3 - https:\/\/yoast.com\/product\/yoast-seo-wordpress\/ -->\n<title>SpeedFun ebike tuning Specialized Turbo Levo Kenevo Tero Como Vado<\/title>\n<meta name=\"description\" content=\"SpeedFun Furious Evo est un r\u00e9glage pour Specialized Turbo Levo, Turbo Kenevo, Turbo Tero, Turbo Como et Turbo Vado pour augmenter l&#039;assistance jusqu&#039;\u00e0 60 km\/h.\" \/>\n<meta name=\"robots\" content=\"index, follow, max-snippet:-1, max-image-preview:large, max-video-preview:-1\" \/>\n<link rel=\"canonical\" href=\"https:\/\/www.speedfun.bike\/fr\/produit\/speedfun-furious-evo-easy-pour-specialized-turbo-levo-kenevo-tero-como-et-vado\/\" \/>\n<meta property=\"og:locale\" content=\"fr_FR\" \/>\n<meta property=\"og:type\" content=\"article\" \/>\n<meta property=\"og:title\" content=\"SpeedFun ebike tuning Specialized Turbo Levo Kenevo Tero Como Vado\" \/>\n<meta property=\"og:description\" content=\"SpeedFun Furious Evo est un r\u00e9glage pour Specialized Turbo Levo, Turbo Kenevo, Turbo Tero, Turbo Como et Turbo Vado pour augmenter l&#039;assistance jusqu&#039;\u00e0 60 km\/h.\" \/>\n<meta property=\"og:url\" content=\"https:\/\/www.speedfun.bike\/fr\/produit\/speedfun-furious-evo-easy-pour-specialized-turbo-levo-kenevo-tero-como-et-vado\/\" \/>\n<meta property=\"og:site_name\" content=\"Speed Fun\" \/>\n<meta property=\"article:modified_time\" content=\"2025-05-14T14:59:03+00:00\" \/>\n<meta property=\"og:image\" content=\"https:\/\/www.speedfun.bike\/wp-content\/uploads\/2024\/05\/SpeedFun-ebike-tuning-chip-kit-speed-release-for-Specialized-Turbo-Levo-Turbo-Vado-Turbo-Kenevo-Turbo-Como-Turbo-Vado_easy-version_product-scaled.jpg\" \/>\n\t<meta property=\"og:image:width\" content=\"2560\" \/>\n\t<meta property=\"og:image:height\" content=\"2049\" \/>\n\t<meta property=\"og:image:type\" content=\"image\/jpeg\" \/>\n<meta name=\"twitter:card\" content=\"summary_large_image\" \/>\n<meta name=\"twitter:label1\" content=\"Est. reading time\" \/>\n\t<meta name=\"twitter:data1\" content=\"3 minutes\" \/>\n<script type=\"application\/ld+json\" class=\"yoast-schema-graph\">{\"@context\":\"https:\\\/\\\/schema.org\",\"@graph\":[{\"@type\":\"WebPage\",\"@id\":\"https:\\\/\\\/www.speedfun.bike\\\/fr\\\/produit\\\/speedfun-furious-evo-easy-pour-specialized-turbo-levo-kenevo-tero-como-et-vado\\\/\",\"url\":\"https:\\\/\\\/www.speedfun.bike\\\/fr\\\/produit\\\/speedfun-furious-evo-easy-pour-specialized-turbo-levo-kenevo-tero-como-et-vado\\\/\",\"name\":\"SpeedFun ebike tuning Specialized Turbo Levo Kenevo Tero Como Vado\",\"isPartOf\":{\"@id\":\"https:\\\/\\\/www.speedfun.bike\\\/#website\"},\"primaryImageOfPage\":{\"@id\":\"https:\\\/\\\/www.speedfun.bike\\\/fr\\\/produit\\\/speedfun-furious-evo-easy-pour-specialized-turbo-levo-kenevo-tero-como-et-vado\\\/#primaryimage\"},\"image\":{\"@id\":\"https:\\\/\\\/www.speedfun.bike\\\/fr\\\/produit\\\/speedfun-furious-evo-easy-pour-specialized-turbo-levo-kenevo-tero-como-et-vado\\\/#primaryimage\"},\"thumbnailUrl\":\"https:\\\/\\\/www.speedfun.bike\\\/wp-content\\\/uploads\\\/2024\\\/05\\\/SpeedFun-ebike-tuning-chip-kit-speed-release-for-Specialized-Turbo-Levo-Turbo-Vado-Turbo-Kenevo-Turbo-Como-Turbo-Vado_easy-version_product-scaled.jpg\",\"datePublished\":\"2024-05-25T07:36:49+00:00\",\"dateModified\":\"2025-05-14T14:59:03+00:00\",\"description\":\"SpeedFun Furious Evo est un r\u00e9glage pour Specialized Turbo Levo, Turbo Kenevo, Turbo Tero, Turbo Como et Turbo Vado pour augmenter l'assistance jusqu'\u00e0 60 km\\\/h.\",\"breadcrumb\":{\"@id\":\"https:\\\/\\\/www.speedfun.bike\\\/fr\\\/produit\\\/speedfun-furious-evo-easy-pour-specialized-turbo-levo-kenevo-tero-como-et-vado\\\/#breadcrumb\"},\"inLanguage\":\"fr-FR\",\"potentialAction\":[{\"@type\":\"ReadAction\",\"target\":[\"https:\\\/\\\/www.speedfun.bike\\\/fr\\\/produit\\\/speedfun-furious-evo-easy-pour-specialized-turbo-levo-kenevo-tero-como-et-vado\\\/\"]}]},{\"@type\":\"ImageObject\",\"inLanguage\":\"fr-FR\",\"@id\":\"https:\\\/\\\/www.speedfun.bike\\\/fr\\\/produit\\\/speedfun-furious-evo-easy-pour-specialized-turbo-levo-kenevo-tero-como-et-vado\\\/#primaryimage\",\"url\":\"https:\\\/\\\/www.speedfun.bike\\\/wp-content\\\/uploads\\\/2024\\\/05\\\/SpeedFun-ebike-tuning-chip-kit-speed-release-for-Specialized-Turbo-Levo-Turbo-Vado-Turbo-Kenevo-Turbo-Como-Turbo-Vado_easy-version_product-scaled.jpg\",\"contentUrl\":\"https:\\\/\\\/www.speedfun.bike\\\/wp-content\\\/uploads\\\/2024\\\/05\\\/SpeedFun-ebike-tuning-chip-kit-speed-release-for-Specialized-Turbo-Levo-Turbo-Vado-Turbo-Kenevo-Turbo-Como-Turbo-Vado_easy-version_product-scaled.jpg\",\"width\":2560,\"height\":2049,\"caption\":\"SpeedFun Furious Evo est un kit de r\u00e9glage sp\u00e9cifique pour les v\u00e9los \u00e9lectriques Specialized Turbo Levo, Specialized Turbo Kenevo, Specialized Turbo Tero, Specialized Turbo Como et Specialized Turbo Vado \u00e9quip\u00e9s d'un moteur Brose qui permet d'augmenter l'assistance au-dessus de 25 km\\\/h.\"},{\"@type\":\"BreadcrumbList\",\"@id\":\"https:\\\/\\\/www.speedfun.bike\\\/fr\\\/produit\\\/speedfun-furious-evo-easy-pour-specialized-turbo-levo-kenevo-tero-como-et-vado\\\/#breadcrumb\",\"itemListElement\":[{\"@type\":\"ListItem\",\"position\":1,\"name\":\"Home\",\"item\":\"https:\\\/\\\/www.speedfun.bike\\\/fr\\\/\"},{\"@type\":\"ListItem\",\"position\":2,\"name\":\"Boutique\",\"item\":\"https:\\\/\\\/www.speedfun.bike\\\/fr\\\/boutique\\\/\"},{\"@type\":\"ListItem\",\"position\":3,\"name\":\"SpeedFun Furious Evo easy+ pour Specialized Turbo Levo, Kenevo, Tero, Como et Vado\"}]},{\"@type\":\"WebSite\",\"@id\":\"https:\\\/\\\/www.speedfun.bike\\\/#website\",\"url\":\"https:\\\/\\\/www.speedfun.bike\\\/\",\"name\":\"Speed Fun\",\"description\":\"Sblocco velocit\u00e0 bici elettriche\",\"potentialAction\":[{\"@type\":\"SearchAction\",\"target\":{\"@type\":\"EntryPoint\",\"urlTemplate\":\"https:\\\/\\\/www.speedfun.bike\\\/?s={search_term_string}\"},\"query-input\":{\"@type\":\"PropertyValueSpecification\",\"valueRequired\":true,\"valueName\":\"search_term_string\"}}],\"inLanguage\":\"fr-FR\"}]}<\/script>\n<!-- \/ Yoast SEO plugin. -->","yoast_head_json":{"title":"SpeedFun ebike tuning Specialized Turbo Levo Kenevo Tero Como Vado","description":"SpeedFun Furious Evo est un r\u00e9glage pour Specialized Turbo Levo, Turbo Kenevo, Turbo Tero, Turbo Como et Turbo Vado pour augmenter l'assistance jusqu'\u00e0 60 km\/h.","robots":{"index":"index","follow":"follow","max-snippet":"max-snippet:-1","max-image-preview":"max-image-preview:large","max-video-preview":"max-video-preview:-1"},"canonical":"https:\/\/www.speedfun.bike\/fr\/produit\/speedfun-furious-evo-easy-pour-specialized-turbo-levo-kenevo-tero-como-et-vado\/","og_locale":"fr_FR","og_type":"article","og_title":"SpeedFun ebike tuning Specialized Turbo Levo Kenevo Tero Como Vado","og_description":"SpeedFun Furious Evo est un r\u00e9glage pour Specialized Turbo Levo, Turbo Kenevo, Turbo Tero, Turbo Como et Turbo Vado pour augmenter l'assistance jusqu'\u00e0 60 km\/h.","og_url":"https:\/\/www.speedfun.bike\/fr\/produit\/speedfun-furious-evo-easy-pour-specialized-turbo-levo-kenevo-tero-como-et-vado\/","og_site_name":"Speed Fun","article_modified_time":"2025-05-14T14:59:03+00:00","og_image":[{"width":2560,"height":2049,"url":"https:\/\/www.speedfun.bike\/wp-content\/uploads\/2024\/05\/SpeedFun-ebike-tuning-chip-kit-speed-release-for-Specialized-Turbo-Levo-Turbo-Vado-Turbo-Kenevo-Turbo-Como-Turbo-Vado_easy-version_product-scaled.jpg","type":"image\/jpeg"}],"twitter_card":"summary_large_image","twitter_misc":{"Est. reading time":"3 minutes"},"schema":{"@context":"https:\/\/schema.org","@graph":[{"@type":"WebPage","@id":"https:\/\/www.speedfun.bike\/fr\/produit\/speedfun-furious-evo-easy-pour-specialized-turbo-levo-kenevo-tero-como-et-vado\/","url":"https:\/\/www.speedfun.bike\/fr\/produit\/speedfun-furious-evo-easy-pour-specialized-turbo-levo-kenevo-tero-como-et-vado\/","name":"SpeedFun ebike tuning Specialized Turbo Levo Kenevo Tero Como Vado","isPartOf":{"@id":"https:\/\/www.speedfun.bike\/#website"},"primaryImageOfPage":{"@id":"https:\/\/www.speedfun.bike\/fr\/produit\/speedfun-furious-evo-easy-pour-specialized-turbo-levo-kenevo-tero-como-et-vado\/#primaryimage"},"image":{"@id":"https:\/\/www.speedfun.bike\/fr\/produit\/speedfun-furious-evo-easy-pour-specialized-turbo-levo-kenevo-tero-como-et-vado\/#primaryimage"},"thumbnailUrl":"https:\/\/www.speedfun.bike\/wp-content\/uploads\/2024\/05\/SpeedFun-ebike-tuning-chip-kit-speed-release-for-Specialized-Turbo-Levo-Turbo-Vado-Turbo-Kenevo-Turbo-Como-Turbo-Vado_easy-version_product-scaled.jpg","datePublished":"2024-05-25T07:36:49+00:00","dateModified":"2025-05-14T14:59:03+00:00","description":"SpeedFun Furious Evo est un r\u00e9glage pour Specialized Turbo Levo, Turbo Kenevo, Turbo Tero, Turbo Como et Turbo Vado pour augmenter l'assistance jusqu'\u00e0 60 km\/h.","breadcrumb":{"@id":"https:\/\/www.speedfun.bike\/fr\/produit\/speedfun-furious-evo-easy-pour-specialized-turbo-levo-kenevo-tero-como-et-vado\/#breadcrumb"},"inLanguage":"fr-FR","potentialAction":[{"@type":"ReadAction","target":["https:\/\/www.speedfun.bike\/fr\/produit\/speedfun-furious-evo-easy-pour-specialized-turbo-levo-kenevo-tero-como-et-vado\/"]}]},{"@type":"ImageObject","inLanguage":"fr-FR","@id":"https:\/\/www.speedfun.bike\/fr\/produit\/speedfun-furious-evo-easy-pour-specialized-turbo-levo-kenevo-tero-como-et-vado\/#primaryimage","url":"https:\/\/www.speedfun.bike\/wp-content\/uploads\/2024\/05\/SpeedFun-ebike-tuning-chip-kit-speed-release-for-Specialized-Turbo-Levo-Turbo-Vado-Turbo-Kenevo-Turbo-Como-Turbo-Vado_easy-version_product-scaled.jpg","contentUrl":"https:\/\/www.speedfun.bike\/wp-content\/uploads\/2024\/05\/SpeedFun-ebike-tuning-chip-kit-speed-release-for-Specialized-Turbo-Levo-Turbo-Vado-Turbo-Kenevo-Turbo-Como-Turbo-Vado_easy-version_product-scaled.jpg","width":2560,"height":2049,"caption":"SpeedFun Furious Evo est un kit de r\u00e9glage sp\u00e9cifique pour les v\u00e9los \u00e9lectriques Specialized Turbo Levo, Specialized Turbo Kenevo, Specialized Turbo Tero, Specialized Turbo Como et Specialized Turbo Vado \u00e9quip\u00e9s d'un moteur Brose qui permet d'augmenter l'assistance au-dessus de 25 km\/h."},{"@type":"BreadcrumbList","@id":"https:\/\/www.speedfun.bike\/fr\/produit\/speedfun-furious-evo-easy-pour-specialized-turbo-levo-kenevo-tero-como-et-vado\/#breadcrumb","itemListElement":[{"@type":"ListItem","position":1,"name":"Home","item":"https:\/\/www.speedfun.bike\/fr\/"},{"@type":"ListItem","position":2,"name":"Boutique","item":"https:\/\/www.speedfun.bike\/fr\/boutique\/"},{"@type":"ListItem","position":3,"name":"SpeedFun Furious Evo easy+ pour Specialized Turbo Levo, Kenevo, Tero, Como et Vado"}]},{"@type":"WebSite","@id":"https:\/\/www.speedfun.bike\/#website","url":"https:\/\/www.speedfun.bike\/","name":"Speed Fun","description":"Sblocco velocit\u00e0 bici elettriche","potentialAction":[{"@type":"SearchAction","target":{"@type":"EntryPoint","urlTemplate":"https:\/\/www.speedfun.bike\/?s={search_term_string}"},"query-input":{"@type":"PropertyValueSpecification","valueRequired":true,"valueName":"search_term_string"}}],"inLanguage":"fr-FR"}]}},"_links":{"self":[{"href":"https:\/\/www.speedfun.bike\/fr\/wp-json\/wp\/v2\/product\/124173","targetHints":{"allow":["GET"]}}],"collection":[{"href":"https:\/\/www.speedfun.bike\/fr\/wp-json\/wp\/v2\/product"}],"about":[{"href":"https:\/\/www.speedfun.bike\/fr\/wp-json\/wp\/v2\/types\/product"}],"replies":[{"embeddable":true,"href":"https:\/\/www.speedfun.bike\/fr\/wp-json\/wp\/v2\/comments?post=124173"}],"wp:featuredmedia":[{"embeddable":true,"href":"https:\/\/www.speedfun.bike\/fr\/wp-json\/wp\/v2\/media\/124199"}],"wp:attachment":[{"href":"https:\/\/www.speedfun.bike\/fr\/wp-json\/wp\/v2\/media?parent=124173"}],"wp:term":[{"taxonomy":"product_brand","embeddable":true,"href":"https:\/\/www.speedfun.bike\/fr\/wp-json\/wp\/v2\/product_brand?post=124173"},{"taxonomy":"product_cat","embeddable":true,"href":"https:\/\/www.speedfun.bike\/fr\/wp-json\/wp\/v2\/product_cat?post=124173"},{"taxonomy":"product_tag","embeddable":true,"href":"https:\/\/www.speedfun.bike\/fr\/wp-json\/wp\/v2\/product_tag?post=124173"}],"curies":[{"name":"wp","href":"https:\/\/api.w.org\/{rel}","templated":true}]}}