{"id":123076,"date":"2024-02-12T16:15:05","date_gmt":"2024-02-12T15:15:06","guid":{"rendered":"https:\/\/speedfun.bike\/?post_type=product&#038;p=123076"},"modified":"2024-03-26T14:57:01","modified_gmt":"2024-03-26T13:57:01","slug":"speedfun-furious-evo-f-easy-pour-giant-syncdrive-core-life-pro-et-sport","status":"publish","type":"product","link":"https:\/\/www.speedfun.bike\/fr\/produit\/speedfun-furious-evo-f-easy-pour-giant-syncdrive-core-life-pro-et-sport\/","title":{"rendered":"SpeedFun Furious Evo F easy+ pour Giant Syncdrive Core, Life, Pro et Sport"},"content":{"rendered":"<div class=\"wpb-content-wrapper\"><p>[vc_row][vc_column width=&#8221;1\/1&#8243;][vc_column_text uncode_shortcode_id=&#8221;182316&#8243;]<\/p>\n<h2>Qu\u2019est-ce que le r\u00e9glage du ebike SpeedFun Furious Evo F pour Giant Syncdrive Core, Life, Pro et Sport?<\/h2>\n<p><strong>La fonction du dispositif tuning Furious Evo F pour Giant Syncdrive Core, Life, Pro et Sport (PW-X2) <\/strong>est de manipuler \u00e9lectroniquement la vitesse de rotation de la roue arri\u00e8re et de communiquer au moteur une vitesse toujours inf\u00e9rieure \u00e0 25 KmH afin d\u2019obtenir une vitesse r\u00e9elle avec un moteur actif tr\u00e8s \u00e9lev\u00e9. La limite de vitesse maximale sera donc dict\u00e9e par la puissance du moteur ajout\u00e9e \u00e0 la puissance exprim\u00e9e par les jambes (<a href=\"https:\/\/speedfun.bike\/wp-content\/uploads\/2019\/06\/ebike-non-va-a-50-kmh.pdf\">info<\/a>).<\/p>\n<p>Lorsque le dispositif de r\u00e9glage est actif et n\u2019a pas de communication avec l\u2019\u00e9cran, il affichera les donn\u00e9es modifi\u00e9es sur l\u2019\u00e9cran \u00e0 partir d\u2019un certain seuil.<\/p>\n<p>SpeedFun Furious Evo F peut \u00eatre activ\u00e9 et d\u00e9sactiv\u00e9 \u00e0 volont\u00e9 et maintient le r\u00e9glage m\u00eame apr\u00e8s que le v\u00e9lo \u00e9lectrique est \u00e9teint. Il peut \u00eatre install\u00e9 sur ebike avec moteur Giant Syncdrive Core, Life, Pro et Sport (PW-X2) quel que soit le type d\u2019affichage ou de contr\u00f4le lat\u00e9ral du v\u00e9lo \u00e9lectrique.<\/p>\n<p>Le dispositif de r\u00e9glage Furiosu Evo F pour Giant Syncdrive Core, Life, Pro et Sport (PW-X2) peut \u00eatre activ\u00e9\/d\u00e9sactiv\u00e9 avec un syst\u00e8me tr\u00e8s pratique (pour plus d\u2019informations voir les instructions). L\u2019appareil est fourni plug and go pr\u00eat \u00e0 l\u2019emploi et peut \u00eatre install\u00e9 tr\u00e8s simplement gr\u00e2ce aux connecteurs d\u2019origine avec lesquels aucune modification physique du v\u00e9lo \u00e9lectrique n\u2019est n\u00e9cessaire.<\/p>\n<p>&nbsp;<\/p>\n<h2>V\u00e9lo \u00e9lectrique avec moteur Giant Syncdrive Core, Life, Pro et Sport (PW-X2)\u00a0o\u00f9 l\u2019appareil Furious Evo F a \u00e9t\u00e9 install\u00e9 avec succ\u00e8s<\/h2>\n<p>(cette liste est illustrative et non exhaustive)[\/vc_column_text][vc_row_inner][vc_column_inner width=&#8221;1\/2&#8243;][vc_column_text]<\/p>\n<p>&#8211; Giant AnyTour E+ 3 GTS<br \/>\n&#8211; Giant AnyTour E+ 3 LDS<br \/>\n&#8211; Giant Fathom E+ Pro<br \/>\n&#8211; Giant Fathom E+<br \/>\n&#8211;\u00a0Giant Talon E+<br \/>\n&#8211; Giant Stance E+<br \/>\n&#8211; Giant Reign E+<br \/>\n&#8211; Giant Fathom E+ Pro 29<\/p>\n<p>[\/vc_column_text][\/vc_column_inner][vc_column_inner width=&#8221;1\/2&#8243;][vc_column_text]<\/p>\n<p>&#8211;\u00a0Giant Fathom E+ 29<br \/>\n&#8211;\u00a0Giant Talon E+ 29<br \/>\n&#8211;\u00a0Giant Trance X E+ Pro 29<br \/>\n&#8211;\u00a0Giant Stance E+<br \/>\n&#8211;\u00a0Giant Explore E+<br \/>\n&#8211; Giant Roam E+<br \/>\n&#8211;\u00a0Giant Explore E+ Pro<br \/>\n&#8211; Giant Explore E+<\/p>\n<p>[\/vc_column_text][\/vc_column_inner][\/vc_row_inner][\/vc_column][\/vc_row]<\/p>\n<\/div>","protected":false},"excerpt":{"rendered":"<p>SpeedFun Furious Evo est un r\u00e9glage de v\u00e9lo \u00e9lectrique qui vous permet de supprimer le bloc de vitesse de 25 kmH en exploitant pleinement le potentiel du moteur Giant Syncdrive Core, Life, Pro et Sport (PW-X2).<\/p>\n<p>Ce dispositif de r\u00e9glage de v\u00e9lo \u00e9lectrique est sp\u00e9cialement con\u00e7u pour d\u00e9bloquer la vitesse des moteurs Giant Syncdrive Core, Life, Pro et Sport (PW-X2) mont\u00e9s sur les v\u00e9los \u00e9lectriques Giant, quel que soit le type d&#8217;affichage ou de commande lat\u00e9rale du v\u00e9lo \u00e9lectrique.<\/p>\n<p>Tous les dispositifs de d\u00e9clenchement de vitesse SpeedFun Furious Evo peuvent \u00eatre activ\u00e9s et d\u00e9sactiv\u00e9s \u00e0 tout moment, m\u00eame sans \u00eatre connect\u00e9s \u00e0 la sortie des feux du moteur.<\/p>\n","protected":false},"featured_media":123054,"comment_status":"open","ping_status":"closed","template":"","meta":{"_acf_changed":false},"product_brand":[],"product_cat":[88,273],"product_tag":[],"class_list":{"0":"post-123076","1":"product","2":"type-product","3":"status-publish","4":"has-post-thumbnail","6":"product_cat-for-giant-fr","7":"product_cat-furious-fr","9":"first","10":"instock","11":"taxable","12":"shipping-taxable","13":"purchasable","14":"product-type-simple"},"acf":[],"yoast_head":"<!-- This site is optimized with the Yoast SEO plugin v27.3 - https:\/\/yoast.com\/product\/yoast-seo-wordpress\/ -->\n<title>SpeedFun ebike tuning pour Giant Syncdrive Core, Life, Pro et Sport<\/title>\n<meta name=\"description\" content=\"SpeedFun Furious Evo F est un kit de r\u00e9glage qui augmente l&#039;assistance au-dessus de 25 km\/h sur les v\u00e9los \u00e9lectriques \u00e0 moteur Giant Syncdrive Core, Life, Pro et Sport. Kit pr\u00eat \u00e0 l&#039;emploi\u00a0!\" \/>\n<meta name=\"robots\" content=\"index, follow, max-snippet:-1, max-image-preview:large, max-video-preview:-1\" \/>\n<link rel=\"canonical\" href=\"https:\/\/www.speedfun.bike\/fr\/produit\/speedfun-furious-evo-f-easy-pour-giant-syncdrive-core-life-pro-et-sport\/\" \/>\n<meta property=\"og:locale\" content=\"fr_FR\" \/>\n<meta property=\"og:type\" content=\"article\" \/>\n<meta property=\"og:title\" content=\"SpeedFun ebike tuning pour Giant Syncdrive Core, Life, Pro et Sport\" \/>\n<meta property=\"og:description\" content=\"SpeedFun Furious Evo F est un kit de r\u00e9glage qui augmente l&#039;assistance au-dessus de 25 km\/h sur les v\u00e9los \u00e9lectriques \u00e0 moteur Giant Syncdrive Core, Life, Pro et Sport. Kit pr\u00eat \u00e0 l&#039;emploi\u00a0!\" \/>\n<meta property=\"og:url\" content=\"https:\/\/www.speedfun.bike\/fr\/produit\/speedfun-furious-evo-f-easy-pour-giant-syncdrive-core-life-pro-et-sport\/\" \/>\n<meta property=\"og:site_name\" content=\"Speed Fun\" \/>\n<meta property=\"article:modified_time\" content=\"2024-03-26T13:57:01+00:00\" \/>\n<meta property=\"og:image\" content=\"https:\/\/www.speedfun.bike\/wp-content\/uploads\/2024\/02\/SpeedFun-ebike-tuning-Furious-evo-F-easy-tuning-ebike-Giant-Syncdrive-Sport-Pro-Core_product_resized-scaled.jpg\" \/>\n\t<meta property=\"og:image:width\" content=\"2560\" \/>\n\t<meta property=\"og:image:height\" content=\"2049\" \/>\n\t<meta property=\"og:image:type\" content=\"image\/jpeg\" \/>\n<meta name=\"twitter:card\" content=\"summary_large_image\" \/>\n<meta name=\"twitter:label1\" content=\"Est. reading time\" \/>\n\t<meta name=\"twitter:data1\" content=\"2 minutes\" \/>\n<script type=\"application\/ld+json\" class=\"yoast-schema-graph\">{\"@context\":\"https:\\\/\\\/schema.org\",\"@graph\":[{\"@type\":\"WebPage\",\"@id\":\"https:\\\/\\\/www.speedfun.bike\\\/fr\\\/produit\\\/speedfun-furious-evo-f-easy-pour-giant-syncdrive-core-life-pro-et-sport\\\/\",\"url\":\"https:\\\/\\\/www.speedfun.bike\\\/fr\\\/produit\\\/speedfun-furious-evo-f-easy-pour-giant-syncdrive-core-life-pro-et-sport\\\/\",\"name\":\"SpeedFun ebike tuning pour Giant Syncdrive Core, Life, Pro et Sport\",\"isPartOf\":{\"@id\":\"https:\\\/\\\/www.speedfun.bike\\\/#website\"},\"primaryImageOfPage\":{\"@id\":\"https:\\\/\\\/www.speedfun.bike\\\/fr\\\/produit\\\/speedfun-furious-evo-f-easy-pour-giant-syncdrive-core-life-pro-et-sport\\\/#primaryimage\"},\"image\":{\"@id\":\"https:\\\/\\\/www.speedfun.bike\\\/fr\\\/produit\\\/speedfun-furious-evo-f-easy-pour-giant-syncdrive-core-life-pro-et-sport\\\/#primaryimage\"},\"thumbnailUrl\":\"https:\\\/\\\/www.speedfun.bike\\\/wp-content\\\/uploads\\\/2024\\\/02\\\/SpeedFun-ebike-tuning-Furious-evo-F-easy-tuning-ebike-Giant-Syncdrive-Sport-Pro-Core_product_resized-scaled.jpg\",\"datePublished\":\"2024-02-12T15:15:06+00:00\",\"dateModified\":\"2024-03-26T13:57:01+00:00\",\"description\":\"SpeedFun Furious Evo F est un kit de r\u00e9glage qui augmente l'assistance au-dessus de 25 km\\\/h sur les v\u00e9los \u00e9lectriques \u00e0 moteur Giant Syncdrive Core, Life, Pro et Sport. Kit pr\u00eat \u00e0 l'emploi\u00a0!\",\"breadcrumb\":{\"@id\":\"https:\\\/\\\/www.speedfun.bike\\\/fr\\\/produit\\\/speedfun-furious-evo-f-easy-pour-giant-syncdrive-core-life-pro-et-sport\\\/#breadcrumb\"},\"inLanguage\":\"fr-FR\",\"potentialAction\":[{\"@type\":\"ReadAction\",\"target\":[\"https:\\\/\\\/www.speedfun.bike\\\/fr\\\/produit\\\/speedfun-furious-evo-f-easy-pour-giant-syncdrive-core-life-pro-et-sport\\\/\"]}]},{\"@type\":\"ImageObject\",\"inLanguage\":\"fr-FR\",\"@id\":\"https:\\\/\\\/www.speedfun.bike\\\/fr\\\/produit\\\/speedfun-furious-evo-f-easy-pour-giant-syncdrive-core-life-pro-et-sport\\\/#primaryimage\",\"url\":\"https:\\\/\\\/www.speedfun.bike\\\/wp-content\\\/uploads\\\/2024\\\/02\\\/SpeedFun-ebike-tuning-Furious-evo-F-easy-tuning-ebike-Giant-Syncdrive-Sport-Pro-Core_product_resized-scaled.jpg\",\"contentUrl\":\"https:\\\/\\\/www.speedfun.bike\\\/wp-content\\\/uploads\\\/2024\\\/02\\\/SpeedFun-ebike-tuning-Furious-evo-F-easy-tuning-ebike-Giant-Syncdrive-Sport-Pro-Core_product_resized-scaled.jpg\",\"width\":2560,\"height\":2049,\"caption\":\"SpeedFun Furious evo F est un r\u00e9glage de nouvelle g\u00e9n\u00e9ration pour les v\u00e9los \u00e9lectriques Giant \u00e9quip\u00e9s de moteurs Giant Syncdrive Core, Syncdrive Life, Syncdrive Pro et Syncdrive Sport (PW-X2) et permet d'augmenter l'assistance au-dessus de 60 km\\\/h.\"},{\"@type\":\"BreadcrumbList\",\"@id\":\"https:\\\/\\\/www.speedfun.bike\\\/fr\\\/produit\\\/speedfun-furious-evo-f-easy-pour-giant-syncdrive-core-life-pro-et-sport\\\/#breadcrumb\",\"itemListElement\":[{\"@type\":\"ListItem\",\"position\":1,\"name\":\"Home\",\"item\":\"https:\\\/\\\/www.speedfun.bike\\\/fr\\\/\"},{\"@type\":\"ListItem\",\"position\":2,\"name\":\"Boutique\",\"item\":\"https:\\\/\\\/www.speedfun.bike\\\/fr\\\/boutique\\\/\"},{\"@type\":\"ListItem\",\"position\":3,\"name\":\"SpeedFun Furious Evo F easy+ pour Giant Syncdrive Core, Life, Pro et Sport\"}]},{\"@type\":\"WebSite\",\"@id\":\"https:\\\/\\\/www.speedfun.bike\\\/#website\",\"url\":\"https:\\\/\\\/www.speedfun.bike\\\/\",\"name\":\"Speed Fun\",\"description\":\"Sblocco velocit\u00e0 bici elettriche\",\"potentialAction\":[{\"@type\":\"SearchAction\",\"target\":{\"@type\":\"EntryPoint\",\"urlTemplate\":\"https:\\\/\\\/www.speedfun.bike\\\/?s={search_term_string}\"},\"query-input\":{\"@type\":\"PropertyValueSpecification\",\"valueRequired\":true,\"valueName\":\"search_term_string\"}}],\"inLanguage\":\"fr-FR\"}]}<\/script>\n<!-- \/ Yoast SEO plugin. -->","yoast_head_json":{"title":"SpeedFun ebike tuning pour Giant Syncdrive Core, Life, Pro et Sport","description":"SpeedFun Furious Evo F est un kit de r\u00e9glage qui augmente l'assistance au-dessus de 25 km\/h sur les v\u00e9los \u00e9lectriques \u00e0 moteur Giant Syncdrive Core, Life, Pro et Sport. Kit pr\u00eat \u00e0 l'emploi\u00a0!","robots":{"index":"index","follow":"follow","max-snippet":"max-snippet:-1","max-image-preview":"max-image-preview:large","max-video-preview":"max-video-preview:-1"},"canonical":"https:\/\/www.speedfun.bike\/fr\/produit\/speedfun-furious-evo-f-easy-pour-giant-syncdrive-core-life-pro-et-sport\/","og_locale":"fr_FR","og_type":"article","og_title":"SpeedFun ebike tuning pour Giant Syncdrive Core, Life, Pro et Sport","og_description":"SpeedFun Furious Evo F est un kit de r\u00e9glage qui augmente l'assistance au-dessus de 25 km\/h sur les v\u00e9los \u00e9lectriques \u00e0 moteur Giant Syncdrive Core, Life, Pro et Sport. Kit pr\u00eat \u00e0 l'emploi\u00a0!","og_url":"https:\/\/www.speedfun.bike\/fr\/produit\/speedfun-furious-evo-f-easy-pour-giant-syncdrive-core-life-pro-et-sport\/","og_site_name":"Speed Fun","article_modified_time":"2024-03-26T13:57:01+00:00","og_image":[{"width":2560,"height":2049,"url":"https:\/\/www.speedfun.bike\/wp-content\/uploads\/2024\/02\/SpeedFun-ebike-tuning-Furious-evo-F-easy-tuning-ebike-Giant-Syncdrive-Sport-Pro-Core_product_resized-scaled.jpg","type":"image\/jpeg"}],"twitter_card":"summary_large_image","twitter_misc":{"Est. reading time":"2 minutes"},"schema":{"@context":"https:\/\/schema.org","@graph":[{"@type":"WebPage","@id":"https:\/\/www.speedfun.bike\/fr\/produit\/speedfun-furious-evo-f-easy-pour-giant-syncdrive-core-life-pro-et-sport\/","url":"https:\/\/www.speedfun.bike\/fr\/produit\/speedfun-furious-evo-f-easy-pour-giant-syncdrive-core-life-pro-et-sport\/","name":"SpeedFun ebike tuning pour Giant Syncdrive Core, Life, Pro et Sport","isPartOf":{"@id":"https:\/\/www.speedfun.bike\/#website"},"primaryImageOfPage":{"@id":"https:\/\/www.speedfun.bike\/fr\/produit\/speedfun-furious-evo-f-easy-pour-giant-syncdrive-core-life-pro-et-sport\/#primaryimage"},"image":{"@id":"https:\/\/www.speedfun.bike\/fr\/produit\/speedfun-furious-evo-f-easy-pour-giant-syncdrive-core-life-pro-et-sport\/#primaryimage"},"thumbnailUrl":"https:\/\/www.speedfun.bike\/wp-content\/uploads\/2024\/02\/SpeedFun-ebike-tuning-Furious-evo-F-easy-tuning-ebike-Giant-Syncdrive-Sport-Pro-Core_product_resized-scaled.jpg","datePublished":"2024-02-12T15:15:06+00:00","dateModified":"2024-03-26T13:57:01+00:00","description":"SpeedFun Furious Evo F est un kit de r\u00e9glage qui augmente l'assistance au-dessus de 25 km\/h sur les v\u00e9los \u00e9lectriques \u00e0 moteur Giant Syncdrive Core, Life, Pro et Sport. Kit pr\u00eat \u00e0 l'emploi\u00a0!","breadcrumb":{"@id":"https:\/\/www.speedfun.bike\/fr\/produit\/speedfun-furious-evo-f-easy-pour-giant-syncdrive-core-life-pro-et-sport\/#breadcrumb"},"inLanguage":"fr-FR","potentialAction":[{"@type":"ReadAction","target":["https:\/\/www.speedfun.bike\/fr\/produit\/speedfun-furious-evo-f-easy-pour-giant-syncdrive-core-life-pro-et-sport\/"]}]},{"@type":"ImageObject","inLanguage":"fr-FR","@id":"https:\/\/www.speedfun.bike\/fr\/produit\/speedfun-furious-evo-f-easy-pour-giant-syncdrive-core-life-pro-et-sport\/#primaryimage","url":"https:\/\/www.speedfun.bike\/wp-content\/uploads\/2024\/02\/SpeedFun-ebike-tuning-Furious-evo-F-easy-tuning-ebike-Giant-Syncdrive-Sport-Pro-Core_product_resized-scaled.jpg","contentUrl":"https:\/\/www.speedfun.bike\/wp-content\/uploads\/2024\/02\/SpeedFun-ebike-tuning-Furious-evo-F-easy-tuning-ebike-Giant-Syncdrive-Sport-Pro-Core_product_resized-scaled.jpg","width":2560,"height":2049,"caption":"SpeedFun Furious evo F est un r\u00e9glage de nouvelle g\u00e9n\u00e9ration pour les v\u00e9los \u00e9lectriques Giant \u00e9quip\u00e9s de moteurs Giant Syncdrive Core, Syncdrive Life, Syncdrive Pro et Syncdrive Sport (PW-X2) et permet d'augmenter l'assistance au-dessus de 60 km\/h."},{"@type":"BreadcrumbList","@id":"https:\/\/www.speedfun.bike\/fr\/produit\/speedfun-furious-evo-f-easy-pour-giant-syncdrive-core-life-pro-et-sport\/#breadcrumb","itemListElement":[{"@type":"ListItem","position":1,"name":"Home","item":"https:\/\/www.speedfun.bike\/fr\/"},{"@type":"ListItem","position":2,"name":"Boutique","item":"https:\/\/www.speedfun.bike\/fr\/boutique\/"},{"@type":"ListItem","position":3,"name":"SpeedFun Furious Evo F easy+ pour Giant Syncdrive Core, Life, Pro et Sport"}]},{"@type":"WebSite","@id":"https:\/\/www.speedfun.bike\/#website","url":"https:\/\/www.speedfun.bike\/","name":"Speed Fun","description":"Sblocco velocit\u00e0 bici elettriche","potentialAction":[{"@type":"SearchAction","target":{"@type":"EntryPoint","urlTemplate":"https:\/\/www.speedfun.bike\/?s={search_term_string}"},"query-input":{"@type":"PropertyValueSpecification","valueRequired":true,"valueName":"search_term_string"}}],"inLanguage":"fr-FR"}]}},"_links":{"self":[{"href":"https:\/\/www.speedfun.bike\/fr\/wp-json\/wp\/v2\/product\/123076","targetHints":{"allow":["GET"]}}],"collection":[{"href":"https:\/\/www.speedfun.bike\/fr\/wp-json\/wp\/v2\/product"}],"about":[{"href":"https:\/\/www.speedfun.bike\/fr\/wp-json\/wp\/v2\/types\/product"}],"replies":[{"embeddable":true,"href":"https:\/\/www.speedfun.bike\/fr\/wp-json\/wp\/v2\/comments?post=123076"}],"wp:featuredmedia":[{"embeddable":true,"href":"https:\/\/www.speedfun.bike\/fr\/wp-json\/wp\/v2\/media\/123054"}],"wp:attachment":[{"href":"https:\/\/www.speedfun.bike\/fr\/wp-json\/wp\/v2\/media?parent=123076"}],"wp:term":[{"taxonomy":"product_brand","embeddable":true,"href":"https:\/\/www.speedfun.bike\/fr\/wp-json\/wp\/v2\/product_brand?post=123076"},{"taxonomy":"product_cat","embeddable":true,"href":"https:\/\/www.speedfun.bike\/fr\/wp-json\/wp\/v2\/product_cat?post=123076"},{"taxonomy":"product_tag","embeddable":true,"href":"https:\/\/www.speedfun.bike\/fr\/wp-json\/wp\/v2\/product_tag?post=123076"}],"curies":[{"name":"wp","href":"https:\/\/api.w.org\/{rel}","templated":true}]}}