{"id":122881,"date":"2024-01-31T16:46:47","date_gmt":"2024-01-31T15:46:47","guid":{"rendered":"https:\/\/speedfun.bike\/?post_type=product&#038;p=122881"},"modified":"2026-02-04T08:21:42","modified_gmt":"2026-02-04T07:21:42","slug":"speedfun-ribelle-pour-tq-hpr50-v2","status":"publish","type":"product","link":"https:\/\/www.speedfun.bike\/fr\/produit\/speedfun-ribelle-pour-tq-hpr50-v2\/","title":{"rendered":"SpeedFun Ribelle pour TQ HPR50 et TQ HPR60"},"content":{"rendered":"<div class=\"wpb-content-wrapper\"><p>[vc_row][vc_column width=&#8221;1\/1&#8243;][vc_column_text uncode_shortcode_id=&#8221;301418&#8243;]<\/p>\n<h2>Qu\u2019est-ce que le kit de r\u00e9glage de ebike SpeedFun Ribelle pour TQ HPR50 et TQ HPR60?<\/h2>\n<div class=\"widget\">\n<p><strong>SpeedFun Ribelle est un r\u00e9glage pour ebike \u00e9quip\u00e9s de moteurs TQ HPR50 et TQ HPR60<\/strong> qui permet d\u2019augmenter la vitesse du v\u00e9lo \u00e9lectrique en supprimant le bloc r\u00e9gl\u00e9 \u00e0 25 kmH. Avec SpeedFun Ribelle, l\u2019assistance active est augment\u00e9e jusqu\u2019\u00e0 des vitesses pouvant d\u00e9passer 60 kmH (<a href=\"https:\/\/speedfun.bike\/wp-content\/uploads\/2019\/06\/ebike-non-va-a-50-kmh.pdf\">info<\/a>), exploitant pleinement le potentiel du moteur.<\/p>\n<p>Ce dispositif de lib\u00e9ration de vitesse pour ebike\u00a0<strong>est con\u00e7u pour les moteurs TQ HPR50 et TQ HPR60 quel que soit l\u2019\u00e9cran <\/strong>install\u00e9 sur le VTT. Ce syst\u00e8me est principalement utilis\u00e9 sur les v\u00e9los \u00e9lectriques des marques Trek, Pinarello, BMC, Simplon, Mondraker, Fantic et bien d\u2019autres.<\/p>\n<p>Le r\u00e9glage du ebike SpeedFun\u00a0<strong>Ribelle affiche toutes les donn\u00e9es r\u00e9elles sur display\/l\u2019application<\/strong> et peut \u00eatre activ\u00e9 ou d\u00e9sactiv\u00e9 en appuyant sur une simple s\u00e9quence de boutons directement sur la commande au guidon ou sur l&#8217;\u00e9cran du VTT. L\u2019activation et la d\u00e9sactivation de l\u2019appareil sont indiqu\u00e9es sur l\u2019\u00e9cran. Le dispositif de d\u00e9verrouillage <strong>est fourni avec des connecteurs d\u2019origine <\/strong>pour une installation rapide et facile.<\/p>\n<p><strong>SpeedFun Ribelle pour TQ HPR50 et TQ HPR60<\/strong> est disponible en <strong>deux versions:<\/strong><\/p>\n<ul>\n<li><strong>\u2013 Version pour VTT avec commande au guidon:<\/strong> compatible uniquement et exclusivement avec les v\u00e9los \u00e9lectriques \u00e9quip\u00e9s d\u2019une commande pour s\u00e9lectionner le niveau d\u2019assistance au guidon (voir <a href=\"https:\/\/speedfun.bike\/wp-content\/uploads\/2024\/02\/SpeedFun-ebike-tuning_TQ-HPR50-HPR-50_controller-advice.jpg\">ici<\/a>)<\/li>\n<li><strong>&#8211; Version pour VTT sans commande au guidon:<\/strong> compatible uniquement et exclusivement avec les v\u00e9los \u00e9lectriques sans commande pour s\u00e9lectionner le niveau d&#8217;assistance au guidon (s\u00e9lection d&#8217;assistance uniquement depuis HPR Display, voir <a href=\"https:\/\/speedfun.bike\/wp-content\/uploads\/2024\/02\/SpeedFun-ebike-tuning_TQ-HPR50-HPR-50_controller-display-advice.jpg\">ici<\/a>)<\/li>\n<\/ul>\n<p><strong>ATTENTION!<\/strong><br \/>\n1. Ce dispositif n\u2019est pas compatible avec les v\u00e9los \u00e9lectriques \u00e9quip\u00e9s d\u2019un range extender, qu\u2019il soit d\u2019origine ou aftermarket.<br \/>\n2. This device is not compatible with ebikes equipped with V4 display.<\/p>\n<p>&nbsp;<\/p>\n<h2>VTT avec moteur TQ HPR50 et TQ HPR60 sur lequel le dispositif Ribelle a \u00e9t\u00e9 install\u00e9 avec succ\u00e8s<\/h2>\n<p>(cette liste est illustrative et non exhaustive)<\/p>\n<\/div>\n<p>[\/vc_column_text][vc_row_inner][vc_column_inner width=&#8221;1\/3&#8243;][vc_column_text uncode_shortcode_id=&#8221;104815&#8243;]<\/p>\n<p>&#8211; Trek Fuel EXe 9.9 XX1 AXS<br \/>&#8211; Trek Fuel EXe 9.9 XTR<br \/>&#8211; Trek Domane+ SLR 9 AXS<br \/>&#8211; Trek Domane+ SLR 9<br \/>&#8211; Trek Fuel EXe 9.8 GX AXS<br \/>&#8211; Trek Fuel EXe 9.8 XT<br \/>&#8211; Trek Domane + SLR 7 AXS<br \/>&#8211; Trek Domane+ SLR 6 AXS<br \/>&#8211; Trek Domane+ SLR 7<br \/>&#8211; Trek Fuel EXe 9.7<br \/>&#8211; Trek Domane+ SLR 6<br \/>&#8211; Trek Fuel EXe 9.5<\/p>\n<p>[\/vc_column_text][\/vc_column_inner][vc_column_inner width=&#8221;1\/3&#8243;][vc_column_text uncode_shortcode_id=&#8221;177879&#8243;]<\/p>\n<p>&#8211; Pinarello Nytro E9 Gravel<br \/>&#8211; Pinarello Nytro E7 Gravel<br \/>&#8211; Pinarello Nytro E5 Gravel<br \/>&#8211; Scott Lumen eRIDE 910<br \/>&#8211; Scott Lumen eRIDE 900<br \/>&#8211; Scott Lumen eRIDE 900 SL<br \/>&#8211; BMC Fourstroke AMP LT<br \/>&#8211; BMC Fourstroke AMP LT one<br \/>&#8211; BMC Fourstroke AMP LT two<br \/>&#8211; BMC Fourstroke AMP LT three<br \/>&#8211; BMC Roadmachine 01 AMP X<br \/>&#8211; Simplon Rapcon Pmax TQ<\/p>\n<p>[\/vc_column_text][\/vc_column_inner][vc_column_inner width=&#8221;1\/3&#8243;][vc_column_text uncode_shortcode_id=&#8221;103245&#8243;]<\/p>\n<p>&#8211; Mondraker Neat RR<br \/>&#8211; Mondraker Neat R<br \/>&#8211; Fantic Rampage 1.2 Race<br \/>&#8211; Fantic Rampage 1.2 Factory<br \/>&#8211; Fantic Rampage 1.4 Race<br \/>&#8211; Fantic Rampage 1.4 Sport<br \/>&#8211; Fantic Rampage 1.4 Factory<br \/>&#8211; Rotwild R.X275<br \/>&#8211; Bergamont E-Vitess Elite<br \/>&#8211; Bergamont E-Vitess Expert<\/p>\n<p>[\/vc_column_text][\/vc_column_inner][\/vc_row_inner][\/vc_column][\/vc_row][vc_row row_height_percent=&#8221;0&#8243; back_color=&#8221;color-jevc&#8221; overlay_alpha=&#8221;50&#8243; gutter_size=&#8221;3&#8243; column_width_percent=&#8221;100&#8243; shift_y=&#8221;0&#8243; z_index=&#8221;0&#8243; uncode_shortcode_id=&#8221;295788&#8243; back_color_type=&#8221;uncode-palette&#8221;][vc_column width=&#8221;1\/1&#8243;][vc_gallery el_id=&#8221;gallery-195448&#8243; medias=&#8221;123171,123177,123174&#8243; gutter_size=&#8221;3&#8243; screen_lg=&#8221;1000&#8243; screen_md=&#8221;600&#8243; screen_sm=&#8221;480&#8243; single_overlay_opacity=&#8221;50&#8243; single_padding=&#8221;2&#8243; uncode_shortcode_id=&#8221;218330&#8243;][\/vc_column][\/vc_row]<\/p>\n<\/div>","protected":false},"excerpt":{"rendered":"<p>SpeedFun Ribelle est un kit de tuning pour ebike \u00e9quip\u00e9s d\u2019un moteur TQ HPR50 et TQ HPR60 qui permet de supprimer le blocage de vitesse de 25 km\/h.<\/p>\n<p>Ce dispositif de d\u00e9clenchement est sp\u00e9cialement con\u00e7u pour les moteurs TQ HPR50 et TQ HPR60 utilis\u00e9s principalement par Trek, Pinarello, BMC, Simplon, Mondraker, Fantic et bien d\u2019autres, quel que soit l\u2019display install\u00e9 sur le v\u00e9lo \u00e9lectrique.<\/p>\n<p>SpeedFun Ribelle pour ebike avec moteur TQ HPR50 et TQ HPR60 affiche toujours la vitesse et la distance r\u00e9elles sur display\/l\u2019application.<\/p>\n","protected":false},"featured_media":123131,"comment_status":"open","ping_status":"closed","template":"","meta":{"_acf_changed":false},"product_brand":[],"product_cat":[110,274],"product_tag":[],"class_list":{"0":"post-122881","1":"product","2":"type-product","3":"status-publish","4":"has-post-thumbnail","6":"product_cat-for-flyon-fr","7":"product_cat-ribelle-fr","9":"first","10":"instock","11":"taxable","12":"shipping-taxable","13":"purchasable","14":"product-type-variable"},"acf":[],"yoast_head":"<!-- This site is optimized with the Yoast SEO plugin v27.3 - https:\/\/yoast.com\/product\/yoast-seo-wordpress\/ -->\n<title>SpeedFun Ribelle pour TQ HPR50 HPR60 - SpeedFun ebike tuning<\/title>\n<meta name=\"description\" content=\"SpeedFun Ribelle est un kit de r\u00e9glage de ebike pour les moteurs TQ HPR50 et TQ HPR60 qui vous permet de d\u00e9bloquer la vitesse sup\u00e9rieure \u00e0 60 km\/h. Appareil Plug and Go\u00a0!\" \/>\n<meta name=\"robots\" content=\"index, follow, max-snippet:-1, max-image-preview:large, max-video-preview:-1\" \/>\n<link rel=\"canonical\" href=\"https:\/\/www.speedfun.bike\/fr\/produit\/speedfun-ribelle-pour-tq-hpr50-v2\/\" \/>\n<meta property=\"og:locale\" content=\"fr_FR\" \/>\n<meta property=\"og:type\" content=\"article\" \/>\n<meta property=\"og:title\" content=\"SpeedFun Ribelle pour TQ HPR50 HPR60 - SpeedFun ebike tuning\" \/>\n<meta property=\"og:description\" content=\"SpeedFun Ribelle est un kit de r\u00e9glage de ebike pour les moteurs TQ HPR50 et TQ HPR60 qui vous permet de d\u00e9bloquer la vitesse sup\u00e9rieure \u00e0 60 km\/h. Appareil Plug and Go\u00a0!\" \/>\n<meta property=\"og:url\" content=\"https:\/\/www.speedfun.bike\/fr\/produit\/speedfun-ribelle-pour-tq-hpr50-v2\/\" \/>\n<meta property=\"og:site_name\" content=\"Speed Fun\" \/>\n<meta property=\"article:modified_time\" content=\"2026-02-04T07:21:42+00:00\" \/>\n<meta property=\"og:image\" content=\"https:\/\/www.speedfun.bike\/wp-content\/uploads\/2024\/02\/SpeedFun-ebike-tuning-Ribelle-for-TQ-HPR50-HPR-50-speed-tuning_product_resized-scaled.jpg\" \/>\n\t<meta property=\"og:image:width\" content=\"2560\" \/>\n\t<meta property=\"og:image:height\" content=\"2049\" \/>\n\t<meta property=\"og:image:type\" content=\"image\/jpeg\" \/>\n<meta name=\"twitter:card\" content=\"summary_large_image\" \/>\n<meta name=\"twitter:label1\" content=\"Est. reading time\" \/>\n\t<meta name=\"twitter:data1\" content=\"3 minutes\" \/>\n<script type=\"application\/ld+json\" class=\"yoast-schema-graph\">{\"@context\":\"https:\\\/\\\/schema.org\",\"@graph\":[{\"@type\":\"WebPage\",\"@id\":\"https:\\\/\\\/www.speedfun.bike\\\/fr\\\/produit\\\/speedfun-ribelle-pour-tq-hpr50-v2\\\/\",\"url\":\"https:\\\/\\\/www.speedfun.bike\\\/fr\\\/produit\\\/speedfun-ribelle-pour-tq-hpr50-v2\\\/\",\"name\":\"SpeedFun Ribelle pour TQ HPR50 HPR60 - SpeedFun ebike tuning\",\"isPartOf\":{\"@id\":\"https:\\\/\\\/www.speedfun.bike\\\/#website\"},\"primaryImageOfPage\":{\"@id\":\"https:\\\/\\\/www.speedfun.bike\\\/fr\\\/produit\\\/speedfun-ribelle-pour-tq-hpr50-v2\\\/#primaryimage\"},\"image\":{\"@id\":\"https:\\\/\\\/www.speedfun.bike\\\/fr\\\/produit\\\/speedfun-ribelle-pour-tq-hpr50-v2\\\/#primaryimage\"},\"thumbnailUrl\":\"https:\\\/\\\/www.speedfun.bike\\\/wp-content\\\/uploads\\\/2024\\\/02\\\/SpeedFun-ebike-tuning-Ribelle-for-TQ-HPR50-HPR-50-speed-tuning_product_resized-scaled.jpg\",\"datePublished\":\"2024-01-31T15:46:47+00:00\",\"dateModified\":\"2026-02-04T07:21:42+00:00\",\"description\":\"SpeedFun Ribelle est un kit de r\u00e9glage de ebike pour les moteurs TQ HPR50 et TQ HPR60 qui vous permet de d\u00e9bloquer la vitesse sup\u00e9rieure \u00e0 60 km\\\/h. Appareil Plug and Go\u00a0!\",\"breadcrumb\":{\"@id\":\"https:\\\/\\\/www.speedfun.bike\\\/fr\\\/produit\\\/speedfun-ribelle-pour-tq-hpr50-v2\\\/#breadcrumb\"},\"inLanguage\":\"fr-FR\",\"potentialAction\":[{\"@type\":\"ReadAction\",\"target\":[\"https:\\\/\\\/www.speedfun.bike\\\/fr\\\/produit\\\/speedfun-ribelle-pour-tq-hpr50-v2\\\/\"]}]},{\"@type\":\"ImageObject\",\"inLanguage\":\"fr-FR\",\"@id\":\"https:\\\/\\\/www.speedfun.bike\\\/fr\\\/produit\\\/speedfun-ribelle-pour-tq-hpr50-v2\\\/#primaryimage\",\"url\":\"https:\\\/\\\/www.speedfun.bike\\\/wp-content\\\/uploads\\\/2024\\\/02\\\/SpeedFun-ebike-tuning-Ribelle-for-TQ-HPR50-HPR-50-speed-tuning_product_resized-scaled.jpg\",\"contentUrl\":\"https:\\\/\\\/www.speedfun.bike\\\/wp-content\\\/uploads\\\/2024\\\/02\\\/SpeedFun-ebike-tuning-Ribelle-for-TQ-HPR50-HPR-50-speed-tuning_product_resized-scaled.jpg\",\"width\":2560,\"height\":2049,\"caption\":\"SpeedFun Ribelle pour TQ HPR50 est un dispositif de r\u00e9glage pour v\u00e9los \u00e9lectriques qui permet d'augmenter l'assistance au-dessus de 60 km\\\/h\"},{\"@type\":\"BreadcrumbList\",\"@id\":\"https:\\\/\\\/www.speedfun.bike\\\/fr\\\/produit\\\/speedfun-ribelle-pour-tq-hpr50-v2\\\/#breadcrumb\",\"itemListElement\":[{\"@type\":\"ListItem\",\"position\":1,\"name\":\"Home\",\"item\":\"https:\\\/\\\/www.speedfun.bike\\\/fr\\\/\"},{\"@type\":\"ListItem\",\"position\":2,\"name\":\"Boutique\",\"item\":\"https:\\\/\\\/www.speedfun.bike\\\/fr\\\/boutique\\\/\"},{\"@type\":\"ListItem\",\"position\":3,\"name\":\"SpeedFun Ribelle pour TQ HPR50 et TQ HPR60\"}]},{\"@type\":\"WebSite\",\"@id\":\"https:\\\/\\\/www.speedfun.bike\\\/#website\",\"url\":\"https:\\\/\\\/www.speedfun.bike\\\/\",\"name\":\"Speed Fun\",\"description\":\"Sblocco velocit\u00e0 bici elettriche\",\"potentialAction\":[{\"@type\":\"SearchAction\",\"target\":{\"@type\":\"EntryPoint\",\"urlTemplate\":\"https:\\\/\\\/www.speedfun.bike\\\/?s={search_term_string}\"},\"query-input\":{\"@type\":\"PropertyValueSpecification\",\"valueRequired\":true,\"valueName\":\"search_term_string\"}}],\"inLanguage\":\"fr-FR\"}]}<\/script>\n<!-- \/ Yoast SEO plugin. -->","yoast_head_json":{"title":"SpeedFun Ribelle pour TQ HPR50 HPR60 - SpeedFun ebike tuning","description":"SpeedFun Ribelle est un kit de r\u00e9glage de ebike pour les moteurs TQ HPR50 et TQ HPR60 qui vous permet de d\u00e9bloquer la vitesse sup\u00e9rieure \u00e0 60 km\/h. Appareil Plug and Go\u00a0!","robots":{"index":"index","follow":"follow","max-snippet":"max-snippet:-1","max-image-preview":"max-image-preview:large","max-video-preview":"max-video-preview:-1"},"canonical":"https:\/\/www.speedfun.bike\/fr\/produit\/speedfun-ribelle-pour-tq-hpr50-v2\/","og_locale":"fr_FR","og_type":"article","og_title":"SpeedFun Ribelle pour TQ HPR50 HPR60 - SpeedFun ebike tuning","og_description":"SpeedFun Ribelle est un kit de r\u00e9glage de ebike pour les moteurs TQ HPR50 et TQ HPR60 qui vous permet de d\u00e9bloquer la vitesse sup\u00e9rieure \u00e0 60 km\/h. Appareil Plug and Go\u00a0!","og_url":"https:\/\/www.speedfun.bike\/fr\/produit\/speedfun-ribelle-pour-tq-hpr50-v2\/","og_site_name":"Speed Fun","article_modified_time":"2026-02-04T07:21:42+00:00","og_image":[{"width":2560,"height":2049,"url":"https:\/\/www.speedfun.bike\/wp-content\/uploads\/2024\/02\/SpeedFun-ebike-tuning-Ribelle-for-TQ-HPR50-HPR-50-speed-tuning_product_resized-scaled.jpg","type":"image\/jpeg"}],"twitter_card":"summary_large_image","twitter_misc":{"Est. reading time":"3 minutes"},"schema":{"@context":"https:\/\/schema.org","@graph":[{"@type":"WebPage","@id":"https:\/\/www.speedfun.bike\/fr\/produit\/speedfun-ribelle-pour-tq-hpr50-v2\/","url":"https:\/\/www.speedfun.bike\/fr\/produit\/speedfun-ribelle-pour-tq-hpr50-v2\/","name":"SpeedFun Ribelle pour TQ HPR50 HPR60 - SpeedFun ebike tuning","isPartOf":{"@id":"https:\/\/www.speedfun.bike\/#website"},"primaryImageOfPage":{"@id":"https:\/\/www.speedfun.bike\/fr\/produit\/speedfun-ribelle-pour-tq-hpr50-v2\/#primaryimage"},"image":{"@id":"https:\/\/www.speedfun.bike\/fr\/produit\/speedfun-ribelle-pour-tq-hpr50-v2\/#primaryimage"},"thumbnailUrl":"https:\/\/www.speedfun.bike\/wp-content\/uploads\/2024\/02\/SpeedFun-ebike-tuning-Ribelle-for-TQ-HPR50-HPR-50-speed-tuning_product_resized-scaled.jpg","datePublished":"2024-01-31T15:46:47+00:00","dateModified":"2026-02-04T07:21:42+00:00","description":"SpeedFun Ribelle est un kit de r\u00e9glage de ebike pour les moteurs TQ HPR50 et TQ HPR60 qui vous permet de d\u00e9bloquer la vitesse sup\u00e9rieure \u00e0 60 km\/h. Appareil Plug and Go\u00a0!","breadcrumb":{"@id":"https:\/\/www.speedfun.bike\/fr\/produit\/speedfun-ribelle-pour-tq-hpr50-v2\/#breadcrumb"},"inLanguage":"fr-FR","potentialAction":[{"@type":"ReadAction","target":["https:\/\/www.speedfun.bike\/fr\/produit\/speedfun-ribelle-pour-tq-hpr50-v2\/"]}]},{"@type":"ImageObject","inLanguage":"fr-FR","@id":"https:\/\/www.speedfun.bike\/fr\/produit\/speedfun-ribelle-pour-tq-hpr50-v2\/#primaryimage","url":"https:\/\/www.speedfun.bike\/wp-content\/uploads\/2024\/02\/SpeedFun-ebike-tuning-Ribelle-for-TQ-HPR50-HPR-50-speed-tuning_product_resized-scaled.jpg","contentUrl":"https:\/\/www.speedfun.bike\/wp-content\/uploads\/2024\/02\/SpeedFun-ebike-tuning-Ribelle-for-TQ-HPR50-HPR-50-speed-tuning_product_resized-scaled.jpg","width":2560,"height":2049,"caption":"SpeedFun Ribelle pour TQ HPR50 est un dispositif de r\u00e9glage pour v\u00e9los \u00e9lectriques qui permet d'augmenter l'assistance au-dessus de 60 km\/h"},{"@type":"BreadcrumbList","@id":"https:\/\/www.speedfun.bike\/fr\/produit\/speedfun-ribelle-pour-tq-hpr50-v2\/#breadcrumb","itemListElement":[{"@type":"ListItem","position":1,"name":"Home","item":"https:\/\/www.speedfun.bike\/fr\/"},{"@type":"ListItem","position":2,"name":"Boutique","item":"https:\/\/www.speedfun.bike\/fr\/boutique\/"},{"@type":"ListItem","position":3,"name":"SpeedFun Ribelle pour TQ HPR50 et TQ HPR60"}]},{"@type":"WebSite","@id":"https:\/\/www.speedfun.bike\/#website","url":"https:\/\/www.speedfun.bike\/","name":"Speed Fun","description":"Sblocco velocit\u00e0 bici elettriche","potentialAction":[{"@type":"SearchAction","target":{"@type":"EntryPoint","urlTemplate":"https:\/\/www.speedfun.bike\/?s={search_term_string}"},"query-input":{"@type":"PropertyValueSpecification","valueRequired":true,"valueName":"search_term_string"}}],"inLanguage":"fr-FR"}]}},"_links":{"self":[{"href":"https:\/\/www.speedfun.bike\/fr\/wp-json\/wp\/v2\/product\/122881","targetHints":{"allow":["GET"]}}],"collection":[{"href":"https:\/\/www.speedfun.bike\/fr\/wp-json\/wp\/v2\/product"}],"about":[{"href":"https:\/\/www.speedfun.bike\/fr\/wp-json\/wp\/v2\/types\/product"}],"replies":[{"embeddable":true,"href":"https:\/\/www.speedfun.bike\/fr\/wp-json\/wp\/v2\/comments?post=122881"}],"wp:featuredmedia":[{"embeddable":true,"href":"https:\/\/www.speedfun.bike\/fr\/wp-json\/wp\/v2\/media\/123131"}],"wp:attachment":[{"href":"https:\/\/www.speedfun.bike\/fr\/wp-json\/wp\/v2\/media?parent=122881"}],"wp:term":[{"taxonomy":"product_brand","embeddable":true,"href":"https:\/\/www.speedfun.bike\/fr\/wp-json\/wp\/v2\/product_brand?post=122881"},{"taxonomy":"product_cat","embeddable":true,"href":"https:\/\/www.speedfun.bike\/fr\/wp-json\/wp\/v2\/product_cat?post=122881"},{"taxonomy":"product_tag","embeddable":true,"href":"https:\/\/www.speedfun.bike\/fr\/wp-json\/wp\/v2\/product_tag?post=122881"}],"curies":[{"name":"wp","href":"https:\/\/api.w.org\/{rel}","templated":true}]}}