{"id":122674,"date":"2023-12-27T14:45:25","date_gmt":"2023-12-27T13:45:26","guid":{"rendered":"https:\/\/speedfun.bike\/?post_type=product&#038;p=122674"},"modified":"2024-08-21T15:07:15","modified_gmt":"2024-08-21T14:07:15","slug":"speedfun-furious-evo-easy-pour-bh-2exmag-v2","status":"publish","type":"product","link":"https:\/\/www.speedfun.bike\/fr\/produit\/speedfun-furious-evo-easy-pour-bh-2exmag-v2\/","title":{"rendered":"SpeedFun Furious Evo easy+ pour BH 2EXMAG et BHZ by Seg"},"content":{"rendered":"<div class=\"wpb-content-wrapper\"><p>[vc_row][vc_column width=&#8221;1\/1&#8243;][vc_column_text uncode_shortcode_id=&#8221;830677&#8243;]<\/p>\n<h3 style=\"text-align: center;\"><span style=\"color: #ff0000;\">V\u00e9rifiez les connecteurs avant d\u2019acheter !<\/span><\/h3>\n<p style=\"text-align: center;\">Avant d\u2019acheter le r\u00e9glage SpeedFun, v\u00e9rifiez la couleur des connecteurs du capteur de vitesse. Entre 2022 et 2023, BH a cr\u00e9\u00e9 un nouveau moteur. Ce nouveau moteur poss\u00e8de des connecteurs de forme et de couleur diff\u00e9rentes par rapport aux pr\u00e9c\u00e9dents. Pour \u00e9viter de commettre des erreurs, rappelez-vous que:<\/p>\n<p>[\/vc_column_text][\/vc_column][\/vc_row][vc_row][vc_column width=&#8221;1\/2&#8243;][vc_single_image media=&#8221;122684&#8243; media_width_percent=&#8221;50&#8243; alignment=&#8221;center&#8221; uncode_shortcode_id=&#8221;193689&#8243;][vc_column_text uncode_shortcode_id=&#8221;146543&#8243;]<\/p>\n<h3 style=\"text-align: center;\">Connecteurs noirs = connecteurs noirs BH 2EXMAG<\/h3>\n<p>[\/vc_column_text][\/vc_column][vc_column width=&#8221;1\/2&#8243;][vc_single_image media=&#8221;122687&#8243; media_width_percent=&#8221;50&#8243; alignment=&#8221;center&#8221; uncode_shortcode_id=&#8221;140491&#8243;][vc_column_text uncode_shortcode_id=&#8221;742457&#8243;]<\/p>\n<h3 style=\"text-align: center;\">Connecteurs rouges = connecteurs rouges BH 2EXMAG<\/h3>\n<p>[\/vc_column_text][\/vc_column][\/vc_row][vc_row][vc_column width=&#8221;1\/1&#8243;][vc_column_text uncode_shortcode_id=&#8221;598532&#8243;]<\/p>\n<h2>Qu\u2019est-ce que le r\u00e9glage SpeedFun Furious Evo pour BH 2EXMAG et BHZ by Seg?<\/h2>\n<p>La fonction du dispositif de r\u00e9glage Furious Evo pour BH 2EXMAG at BHZ by Seg est de manipuler \u00e9lectroniquement la vitesse de rotation de la roue arri\u00e8re et de communiquer au moteur une vitesse toujours inf\u00e9rieure \u00e0 25 KmH afin d\u2019obtenir une vitesse r\u00e9elle \u00e0 tr\u00e8s haut moteur actif. La limite de vitesse maximale sera donc dict\u00e9e par la puissance du moteur ajout\u00e9e \u00e0 la puissance exprim\u00e9e par les jambes (<a href=\"https:\/\/speedfun.bike\/app\/uploads\/2019\/06\/ebike-non-va-a-50-kmh.pdf\">info<\/a>).<\/p>\n<p>Ce dispositif de d\u00e9brayage de vitesse est compatible avec les moteurs BH 2EXMAG et BHZ by Seg quel que soit le type d\u2019affichage ou de commande au guidon.<\/p>\n<p>SpeedFun Furious evo pour BH 2EXMAG et BHZ by Seg est disponible en deux versions :<\/p>\n<ul>\n<li>\u2013 version pour moteurs 2EXMAG (avec connecteurs noirs) : compatible avec les moteurs BH 2EXMAG et BHZ by Seg \u00e9quip\u00e9s de connecteurs noirs reliant le moteur et le capteur de vitesse<\/li>\n<li>\u2013 version pour moteurs 2EXMAG (avec connecteurs rouges) : compatible avec les moteurs BH 2EXMAG \u00e9quip\u00e9s de connecteurs rouges reliant le moteur et le capteur de vitesse<\/li>\n<\/ul>\n<p>Tous les dispositifs de tuning SpeedFun Furious Evo sont fournis pr\u00eats \u00e0 l\u2019emploi, plug and go avec des connecteurs d\u2019origine, qui peuvent \u00eatre activ\u00e9s\/d\u00e9sactiv\u00e9s \u00e0 volont\u00e9 avec un syst\u00e8me tr\u00e8s pratique (pour plus d\u2019informations, consulter la notice) et maintenir le r\u00e9glage m\u00eame apr\u00e8s avoir \u00e9teint le \u2018v\u00e9lo \u00e9lectrique.<\/p>\n<p><strong>Attention!<\/strong><br \/>\nCet appareil n\u2019est pas compatible avec les v\u00e9los \u00e9lectriques BH \u00e9quip\u00e9s de moteurs Dapu MD250 (\u00e9galement appel\u00e9s BH Drive-1E 36V, BH 1E, BH 2E et BH 2ESMAG). Pour les v\u00e9los \u00e9lectriques avec ce moteur, le Furious Evo pour Dapu MD250 est disponible (cliquez\u00a0<a href=\"https:\/\/speedfun.bike\/fr\/produit\/speedfun-furious-evo-pour-dapu-md250\/\">ici<\/a>).<\/p>\n<div class=\"widget\">\n<p>&nbsp;<\/p>\n<\/div>\n<h2>Ebike avec moteur BH 2EXMAG et BHZ by Seg o\u00f9 le dispositif Furious Evo easy+ a \u00e9t\u00e9 install\u00e9 avec succ\u00e8s<\/h2>\n<p>(cette liste est illustrative et non exhaustive)[\/vc_column_text][vc_row_inner][vc_column_inner width=&#8221;1\/2&#8243;][vc_column_text uncode_shortcode_id=&#8221;185594&#8243;]<\/p>\n<h3>BH 2EXMAG<\/h3>\n<p>&#8211; BH iLynx Trail Carbon Pro 8.9<br \/>\n&#8211; BH iLynx Trail Carbon Pro 8.8<br \/>\n&#8211; BH iLynx Trail Carbon 8.7<br \/>\n&#8211; BH iLynx Trail Carbon 8.6<br \/>\n&#8211; BH iLynx Race Carbon Pro 7.9<br \/>\n&#8211; BH iLynx Race Carbon Pro LT 7.8<br \/>\n&#8211; BH iLynx Race Carbon LT 7.7<br \/>\n&#8211; BH iLynx Race Carbon LT 7.6<br \/>\n&#8211; BH Core Race Carbon 1.6<br \/>\n&#8211; BH Core Gravelx Carbon 2.6<br \/>\n&#8211; BH Core Gravelx 2.4<br \/>\n&#8211; BH Core Gravelx 2.2<\/p>\n<p>[\/vc_column_text][\/vc_column_inner][vc_column_inner width=&#8221;1\/2&#8243;][vc_column_text uncode_shortcode_id=&#8221;872220&#8243;]<\/p>\n<h3>BHZ by Seg<\/h3>\n<p>&#8211; BH iLynx Trail<br \/>\n&#8211; BH iLynx Race<br \/>\n&#8211; BH iLynx Race Carbon<\/p>\n<p>[\/vc_column_text][\/vc_column_inner][\/vc_row_inner][\/vc_column][\/vc_row][vc_row row_height_percent=&#8221;0&#8243; back_color=&#8221;color-jevc&#8221; overlay_alpha=&#8221;50&#8243; gutter_size=&#8221;3&#8243; shift_y=&#8221;0&#8243;][vc_column width=&#8221;1\/1&#8243;][vc_gallery el_id=&#8221;gallery-646869&#8243; type=&#8221;carousel&#8221; medias=&#8221;95677,95676&#8243; carousel_lg=&#8221;2&#8243; carousel_md=&#8221;2&#8243; carousel_sm=&#8221;1&#8243; gutter_size=&#8221;3&#8243; carousel_v_align=&#8221;middle&#8221; carousel_interval=&#8221;5000&#8243; carousel_navspeed=&#8221;400&#8243; stage_padding=&#8221;0&#8243; single_overlay_opacity=&#8221;50&#8243; single_padding=&#8221;2&#8243;][\/vc_column][\/vc_row]<\/p>\n<\/div>","protected":false},"excerpt":{"rendered":"<p>SpeedFun Furious Evo easy + est un r\u00e9glage pour les v\u00e9los \u00e9lectriques BH \u00e9quip\u00e9s du moteur BH 2EXMAG qui permet de supprimer le blocage de vitesse \u00e0 25 km\/h.<\/p>\n<p>Ce dispositif de d\u00e9verrouillage est sp\u00e9cialement con\u00e7u pour les moteurs BH 2EXMAG et BHZ by Seg utilis\u00e9s principalement sur BH iLynx Trail Carbon, BH iLynx Trail Carbon Pro, BH iLynx Race Carbon Pro, BH iLynx Race Carbon LT et BH Core Race Carbon quel que soit l&#8217;affichage ou la commande au guidon. .<\/p>\n<p>Tous les d\u00e9clencheurs rapides SpeedFun Furious Evo peuvent \u00eatre activ\u00e9s et d\u00e9sactiv\u00e9s \u00e0 tout moment et sans avoir besoin de connexions \u00e0 la sortie lumi\u00e8re.<\/p>\n","protected":false},"featured_media":95665,"comment_status":"open","ping_status":"closed","template":"","meta":{"_acf_changed":false},"product_brand":[],"product_cat":[136,273],"product_tag":[],"class_list":{"0":"post-122674","1":"product","2":"type-product","3":"status-publish","4":"has-post-thumbnail","6":"product_cat-for-bh-2exmag-fr","7":"product_cat-furious-fr","8":"product_shipping_class-armadi-fr","10":"first","11":"instock","12":"taxable","13":"shipping-taxable","14":"purchasable","15":"product-type-variable"},"acf":[],"yoast_head":"<!-- This site is optimized with the Yoast SEO plugin v27.3 - https:\/\/yoast.com\/product\/yoast-seo-wordpress\/ -->\n<title>SpeedFun ebike tuning kit pour BH 2EXMAG et BHZ by Seg<\/title>\n<meta name=\"description\" content=\"SpeedFun Furious Evo easy+ est un kit de r\u00e9glage de ebike sp\u00e9cialement con\u00e7u pour \u00e9liminer le blocage \u00e0 25 km\/h sur les v\u00e9los \u00e9lectriques BH \u00e9quip\u00e9s d&#039;un moteur BH 2EXMAG et BHZ by Seg.\" \/>\n<meta name=\"robots\" content=\"index, follow, max-snippet:-1, max-image-preview:large, max-video-preview:-1\" \/>\n<link rel=\"canonical\" href=\"https:\/\/www.speedfun.bike\/fr\/produit\/speedfun-furious-evo-easy-pour-bh-2exmag-v2\/\" \/>\n<meta property=\"og:locale\" content=\"fr_FR\" \/>\n<meta property=\"og:type\" content=\"article\" \/>\n<meta property=\"og:title\" content=\"SpeedFun ebike tuning kit pour BH 2EXMAG et BHZ by Seg\" \/>\n<meta property=\"og:description\" content=\"SpeedFun Furious Evo easy+ est un kit de r\u00e9glage de ebike sp\u00e9cialement con\u00e7u pour \u00e9liminer le blocage \u00e0 25 km\/h sur les v\u00e9los \u00e9lectriques BH \u00e9quip\u00e9s d&#039;un moteur BH 2EXMAG et BHZ by Seg.\" \/>\n<meta property=\"og:url\" content=\"https:\/\/www.speedfun.bike\/fr\/produit\/speedfun-furious-evo-easy-pour-bh-2exmag-v2\/\" \/>\n<meta property=\"og:site_name\" content=\"Speed Fun\" \/>\n<meta property=\"article:modified_time\" content=\"2024-08-21T14:07:15+00:00\" \/>\n<meta property=\"og:image\" content=\"https:\/\/www.speedfun.bike\/wp-content\/uploads\/2022\/07\/Furious-Evo-easy-per-BH-2EXMAG_product-scaled.jpg\" \/>\n\t<meta property=\"og:image:width\" content=\"2560\" \/>\n\t<meta property=\"og:image:height\" content=\"2049\" \/>\n\t<meta property=\"og:image:type\" content=\"image\/jpeg\" \/>\n<meta name=\"twitter:card\" content=\"summary_large_image\" \/>\n<meta name=\"twitter:label1\" content=\"Est. reading time\" \/>\n\t<meta name=\"twitter:data1\" content=\"3 minutes\" \/>\n<script type=\"application\/ld+json\" class=\"yoast-schema-graph\">{\"@context\":\"https:\\\/\\\/schema.org\",\"@graph\":[{\"@type\":\"WebPage\",\"@id\":\"https:\\\/\\\/www.speedfun.bike\\\/fr\\\/produit\\\/speedfun-furious-evo-easy-pour-bh-2exmag-v2\\\/\",\"url\":\"https:\\\/\\\/www.speedfun.bike\\\/fr\\\/produit\\\/speedfun-furious-evo-easy-pour-bh-2exmag-v2\\\/\",\"name\":\"SpeedFun ebike tuning kit pour BH 2EXMAG et BHZ by Seg\",\"isPartOf\":{\"@id\":\"https:\\\/\\\/www.speedfun.bike\\\/#website\"},\"primaryImageOfPage\":{\"@id\":\"https:\\\/\\\/www.speedfun.bike\\\/fr\\\/produit\\\/speedfun-furious-evo-easy-pour-bh-2exmag-v2\\\/#primaryimage\"},\"image\":{\"@id\":\"https:\\\/\\\/www.speedfun.bike\\\/fr\\\/produit\\\/speedfun-furious-evo-easy-pour-bh-2exmag-v2\\\/#primaryimage\"},\"thumbnailUrl\":\"https:\\\/\\\/www.speedfun.bike\\\/wp-content\\\/uploads\\\/2022\\\/07\\\/Furious-Evo-easy-per-BH-2EXMAG_product-scaled.jpg\",\"datePublished\":\"2023-12-27T13:45:26+00:00\",\"dateModified\":\"2024-08-21T14:07:15+00:00\",\"description\":\"SpeedFun Furious Evo easy+ est un kit de r\u00e9glage de ebike sp\u00e9cialement con\u00e7u pour \u00e9liminer le blocage \u00e0 25 km\\\/h sur les v\u00e9los \u00e9lectriques BH \u00e9quip\u00e9s d'un moteur BH 2EXMAG et BHZ by Seg.\",\"breadcrumb\":{\"@id\":\"https:\\\/\\\/www.speedfun.bike\\\/fr\\\/produit\\\/speedfun-furious-evo-easy-pour-bh-2exmag-v2\\\/#breadcrumb\"},\"inLanguage\":\"fr-FR\",\"potentialAction\":[{\"@type\":\"ReadAction\",\"target\":[\"https:\\\/\\\/www.speedfun.bike\\\/fr\\\/produit\\\/speedfun-furious-evo-easy-pour-bh-2exmag-v2\\\/\"]}]},{\"@type\":\"ImageObject\",\"inLanguage\":\"fr-FR\",\"@id\":\"https:\\\/\\\/www.speedfun.bike\\\/fr\\\/produit\\\/speedfun-furious-evo-easy-pour-bh-2exmag-v2\\\/#primaryimage\",\"url\":\"https:\\\/\\\/www.speedfun.bike\\\/wp-content\\\/uploads\\\/2022\\\/07\\\/Furious-Evo-easy-per-BH-2EXMAG_product-scaled.jpg\",\"contentUrl\":\"https:\\\/\\\/www.speedfun.bike\\\/wp-content\\\/uploads\\\/2022\\\/07\\\/Furious-Evo-easy-per-BH-2EXMAG_product-scaled.jpg\",\"width\":2560,\"height\":2049,\"caption\":\"SpeedFun Furious Evo easy+ est un tuning pour v\u00e9lo \u00e9lectrique BH \u00e9quip\u00e9 du moteur BH 2EXMAG qui permet de d\u00e9bloquer la vitesse jusqu'\u00e0 plus de 60 km\\\/h. Ce dispositif de lib\u00e9ration de vitesse est con\u00e7u pour BH 2EXMAG utilis\u00e9 sur BH iLynx Trail, BH Core Carbon et est \u00e9quip\u00e9 de connecteurs d'origine pour une installation plug and go !\"},{\"@type\":\"BreadcrumbList\",\"@id\":\"https:\\\/\\\/www.speedfun.bike\\\/fr\\\/produit\\\/speedfun-furious-evo-easy-pour-bh-2exmag-v2\\\/#breadcrumb\",\"itemListElement\":[{\"@type\":\"ListItem\",\"position\":1,\"name\":\"Home\",\"item\":\"https:\\\/\\\/www.speedfun.bike\\\/fr\\\/\"},{\"@type\":\"ListItem\",\"position\":2,\"name\":\"Boutique\",\"item\":\"https:\\\/\\\/www.speedfun.bike\\\/fr\\\/boutique\\\/\"},{\"@type\":\"ListItem\",\"position\":3,\"name\":\"SpeedFun Furious Evo easy+ pour BH 2EXMAG et BHZ by Seg\"}]},{\"@type\":\"WebSite\",\"@id\":\"https:\\\/\\\/www.speedfun.bike\\\/#website\",\"url\":\"https:\\\/\\\/www.speedfun.bike\\\/\",\"name\":\"Speed Fun\",\"description\":\"Sblocco velocit\u00e0 bici elettriche\",\"potentialAction\":[{\"@type\":\"SearchAction\",\"target\":{\"@type\":\"EntryPoint\",\"urlTemplate\":\"https:\\\/\\\/www.speedfun.bike\\\/?s={search_term_string}\"},\"query-input\":{\"@type\":\"PropertyValueSpecification\",\"valueRequired\":true,\"valueName\":\"search_term_string\"}}],\"inLanguage\":\"fr-FR\"}]}<\/script>\n<!-- \/ Yoast SEO plugin. -->","yoast_head_json":{"title":"SpeedFun ebike tuning kit pour BH 2EXMAG et BHZ by Seg","description":"SpeedFun Furious Evo easy+ est un kit de r\u00e9glage de ebike sp\u00e9cialement con\u00e7u pour \u00e9liminer le blocage \u00e0 25 km\/h sur les v\u00e9los \u00e9lectriques BH \u00e9quip\u00e9s d'un moteur BH 2EXMAG et BHZ by Seg.","robots":{"index":"index","follow":"follow","max-snippet":"max-snippet:-1","max-image-preview":"max-image-preview:large","max-video-preview":"max-video-preview:-1"},"canonical":"https:\/\/www.speedfun.bike\/fr\/produit\/speedfun-furious-evo-easy-pour-bh-2exmag-v2\/","og_locale":"fr_FR","og_type":"article","og_title":"SpeedFun ebike tuning kit pour BH 2EXMAG et BHZ by Seg","og_description":"SpeedFun Furious Evo easy+ est un kit de r\u00e9glage de ebike sp\u00e9cialement con\u00e7u pour \u00e9liminer le blocage \u00e0 25 km\/h sur les v\u00e9los \u00e9lectriques BH \u00e9quip\u00e9s d'un moteur BH 2EXMAG et BHZ by Seg.","og_url":"https:\/\/www.speedfun.bike\/fr\/produit\/speedfun-furious-evo-easy-pour-bh-2exmag-v2\/","og_site_name":"Speed Fun","article_modified_time":"2024-08-21T14:07:15+00:00","og_image":[{"width":2560,"height":2049,"url":"https:\/\/www.speedfun.bike\/wp-content\/uploads\/2022\/07\/Furious-Evo-easy-per-BH-2EXMAG_product-scaled.jpg","type":"image\/jpeg"}],"twitter_card":"summary_large_image","twitter_misc":{"Est. reading time":"3 minutes"},"schema":{"@context":"https:\/\/schema.org","@graph":[{"@type":"WebPage","@id":"https:\/\/www.speedfun.bike\/fr\/produit\/speedfun-furious-evo-easy-pour-bh-2exmag-v2\/","url":"https:\/\/www.speedfun.bike\/fr\/produit\/speedfun-furious-evo-easy-pour-bh-2exmag-v2\/","name":"SpeedFun ebike tuning kit pour BH 2EXMAG et BHZ by Seg","isPartOf":{"@id":"https:\/\/www.speedfun.bike\/#website"},"primaryImageOfPage":{"@id":"https:\/\/www.speedfun.bike\/fr\/produit\/speedfun-furious-evo-easy-pour-bh-2exmag-v2\/#primaryimage"},"image":{"@id":"https:\/\/www.speedfun.bike\/fr\/produit\/speedfun-furious-evo-easy-pour-bh-2exmag-v2\/#primaryimage"},"thumbnailUrl":"https:\/\/www.speedfun.bike\/wp-content\/uploads\/2022\/07\/Furious-Evo-easy-per-BH-2EXMAG_product-scaled.jpg","datePublished":"2023-12-27T13:45:26+00:00","dateModified":"2024-08-21T14:07:15+00:00","description":"SpeedFun Furious Evo easy+ est un kit de r\u00e9glage de ebike sp\u00e9cialement con\u00e7u pour \u00e9liminer le blocage \u00e0 25 km\/h sur les v\u00e9los \u00e9lectriques BH \u00e9quip\u00e9s d'un moteur BH 2EXMAG et BHZ by Seg.","breadcrumb":{"@id":"https:\/\/www.speedfun.bike\/fr\/produit\/speedfun-furious-evo-easy-pour-bh-2exmag-v2\/#breadcrumb"},"inLanguage":"fr-FR","potentialAction":[{"@type":"ReadAction","target":["https:\/\/www.speedfun.bike\/fr\/produit\/speedfun-furious-evo-easy-pour-bh-2exmag-v2\/"]}]},{"@type":"ImageObject","inLanguage":"fr-FR","@id":"https:\/\/www.speedfun.bike\/fr\/produit\/speedfun-furious-evo-easy-pour-bh-2exmag-v2\/#primaryimage","url":"https:\/\/www.speedfun.bike\/wp-content\/uploads\/2022\/07\/Furious-Evo-easy-per-BH-2EXMAG_product-scaled.jpg","contentUrl":"https:\/\/www.speedfun.bike\/wp-content\/uploads\/2022\/07\/Furious-Evo-easy-per-BH-2EXMAG_product-scaled.jpg","width":2560,"height":2049,"caption":"SpeedFun Furious Evo easy+ est un tuning pour v\u00e9lo \u00e9lectrique BH \u00e9quip\u00e9 du moteur BH 2EXMAG qui permet de d\u00e9bloquer la vitesse jusqu'\u00e0 plus de 60 km\/h. Ce dispositif de lib\u00e9ration de vitesse est con\u00e7u pour BH 2EXMAG utilis\u00e9 sur BH iLynx Trail, BH Core Carbon et est \u00e9quip\u00e9 de connecteurs d'origine pour une installation plug and go !"},{"@type":"BreadcrumbList","@id":"https:\/\/www.speedfun.bike\/fr\/produit\/speedfun-furious-evo-easy-pour-bh-2exmag-v2\/#breadcrumb","itemListElement":[{"@type":"ListItem","position":1,"name":"Home","item":"https:\/\/www.speedfun.bike\/fr\/"},{"@type":"ListItem","position":2,"name":"Boutique","item":"https:\/\/www.speedfun.bike\/fr\/boutique\/"},{"@type":"ListItem","position":3,"name":"SpeedFun Furious Evo easy+ pour BH 2EXMAG et BHZ by Seg"}]},{"@type":"WebSite","@id":"https:\/\/www.speedfun.bike\/#website","url":"https:\/\/www.speedfun.bike\/","name":"Speed Fun","description":"Sblocco velocit\u00e0 bici elettriche","potentialAction":[{"@type":"SearchAction","target":{"@type":"EntryPoint","urlTemplate":"https:\/\/www.speedfun.bike\/?s={search_term_string}"},"query-input":{"@type":"PropertyValueSpecification","valueRequired":true,"valueName":"search_term_string"}}],"inLanguage":"fr-FR"}]}},"_links":{"self":[{"href":"https:\/\/www.speedfun.bike\/fr\/wp-json\/wp\/v2\/product\/122674","targetHints":{"allow":["GET"]}}],"collection":[{"href":"https:\/\/www.speedfun.bike\/fr\/wp-json\/wp\/v2\/product"}],"about":[{"href":"https:\/\/www.speedfun.bike\/fr\/wp-json\/wp\/v2\/types\/product"}],"replies":[{"embeddable":true,"href":"https:\/\/www.speedfun.bike\/fr\/wp-json\/wp\/v2\/comments?post=122674"}],"wp:featuredmedia":[{"embeddable":true,"href":"https:\/\/www.speedfun.bike\/fr\/wp-json\/wp\/v2\/media\/95665"}],"wp:attachment":[{"href":"https:\/\/www.speedfun.bike\/fr\/wp-json\/wp\/v2\/media?parent=122674"}],"wp:term":[{"taxonomy":"product_brand","embeddable":true,"href":"https:\/\/www.speedfun.bike\/fr\/wp-json\/wp\/v2\/product_brand?post=122674"},{"taxonomy":"product_cat","embeddable":true,"href":"https:\/\/www.speedfun.bike\/fr\/wp-json\/wp\/v2\/product_cat?post=122674"},{"taxonomy":"product_tag","embeddable":true,"href":"https:\/\/www.speedfun.bike\/fr\/wp-json\/wp\/v2\/product_tag?post=122674"}],"curies":[{"name":"wp","href":"https:\/\/api.w.org\/{rel}","templated":true}]}}