{"id":122057,"date":"2023-10-12T08:51:59","date_gmt":"2023-10-12T07:52:00","guid":{"rendered":"https:\/\/speedfun.bike\/?post_type=product&#038;p=122057"},"modified":"2024-06-03T14:59:50","modified_gmt":"2024-06-03T13:59:50","slug":"speedfun-furious-evo-easy-pour-dapu-md250","status":"publish","type":"product","link":"https:\/\/www.speedfun.bike\/fr\/produit\/speedfun-furious-evo-easy-pour-dapu-md250\/","title":{"rendered":"SpeedFun Furious Evo easy+ pour Dapu MD250"},"content":{"rendered":"<div class=\"wpb-content-wrapper\"><p>[vc_row][vc_column width=&#8221;1\/1&#8243;][vc_column_text uncode_shortcode_id=&#8221;197500&#8243;]<\/p>\n<div class=\"uncode_text_column\">\n<h2>Qu\u2019est-ce que le r\u00e9glage du v\u00e9lo \u00e9lectrique SpeedFun Furious Evo easy+ pour Dapu MD250?<\/h2>\n<p>La fonction du dispositif tuning Furious Evo easy+ pour Dapu MD250 (BH Drive-1E 36V, BH 1E, BH 2E, BH 2ESMAG, Megamo Central Motor, Megamo e-Gravel central motor, Central Motor DP, Megamo mid motor) est de manipuler \u00e9lectroniquement la vitesse de rotation de la roue arri\u00e8re et de communiquer au moteur une vitesse toujours inf\u00e9rieure \u00e0 25 KmH afin d\u2019obtenir une vitesse r\u00e9elle avec un moteur actif tr\u00e8s \u00e9lev\u00e9. La limite de vitesse maximale sera donc dict\u00e9e par la puissance du moteur ajout\u00e9e \u00e0 la puissance exprim\u00e9e par les jambes (<a href=\"https:\/\/speedfun.bike\/app\/uploads\/2019\/06\/ebike-non-va-a-50-kmh.pdf\">info<\/a>).<\/p>\n<p>Lorsque le dispositif de r\u00e9glage est actif, n\u2019ayant aucune communication avec l\u2019\u00e9cran, il affichera les donn\u00e9es r\u00e9duites de moiti\u00e9 sur l\u2019\u00e9cran \u00e0 partir d\u2019un certain seuil.<\/p>\n<p>SpeedFun Furious Evo easy+ peut \u00eatre activ\u00e9 et d\u00e9sactiv\u00e9 \u00e0 volont\u00e9 et maintient le r\u00e9glage m\u00eame apr\u00e8s que le v\u00e9lo \u00e9lectrique est \u00e9teint. Compatible avec le moteur Dapu MD250\u00a0principalement utilis\u00e9 par les fabricants de v\u00e9los \u00e9lectriques suivants:<\/p>\n<ul>\n<li>\u2013\u00a0BH Bikes\u00a0avec les noms \u201cBH Drive-1E 36V\u201c, \u201cBH Core\u201c, \u201cBH 1E\u201c, \u201cBH 2E\u201d et \u201cBH 2ESMAG\u201c<\/li>\n<li>\u2013\u00a0Megamo\u00a0avec les noms de \u201cMegamo Central Motor\u201c, \u201cMegamo Central Motor DP\u201d et \u201cMegamo Mid Motor\u201c<\/li>\n<\/ul>\n<p>Le dispositif de r\u00e9glage Furious Evo easy+ pour Dapu MD250 peut \u00eatre activ\u00e9\/d\u00e9sactiv\u00e9 avec un syst\u00e8me tr\u00e8s pratique (pour plus d\u2019informations, voir la notice). L\u2019appareil est fourni plug and go pr\u00eat \u00e0 l\u2019emploi et s\u2019installe de mani\u00e8re tr\u00e8s simple gr\u00e2ce aux connecteurs d\u2019origine avec lesquels aucune modification physique du v\u00e9lo \u00e9lectrique n\u2019est n\u00e9cessaire.<\/p>\n<p><strong>Attention 1<\/strong><br \/>\nCet appareil est compatible\u00a0<strong>uniquement et exclusivement avec<\/strong>\u00a0les v\u00e9los \u00e9lectriques \u00e9quip\u00e9s d\u2019un\u00a0<strong>moteur Dapu MD250<\/strong>. V\u00e9rifiez les connecteurs avant d\u2019acheter, s\u2019ils ne correspondent pas \u00e0 ceux de la photo, vous avez probablement un Dapu MD250S. Vous pouvez trouver le bon produit\u00a0<a href=\"https:\/\/speedfun.bike\/fr\/produit\/speedfun-furious-evo-easy-pour-dapu-md250s\/\">ICI<\/a>.<\/p>\n<p><strong>Attention 2<\/strong><br \/>\nCet appareil n\u2019est pas compatible avec les v\u00e9los \u00e9lectriques BH \u00e9quip\u00e9s de moteurs 2EXMAG. Pour les v\u00e9los \u00e9lectriques \u00e9quip\u00e9s de ce moteur, le r\u00e9glage appropri\u00e9 est disponible\u00a0<a href=\"https:\/\/speedfun.bike\/fr\/produit\/speedfun-furious-evo-easy-pour-bh-2exmag\/\">ICI<\/a>.<\/p>\n<p>&nbsp;<\/p>\n<h2>V\u00e9lo \u00e9lectrique avec moteur\u00a0<strong>Dapu MD250 <\/strong>o\u00f9 l\u2019appareil Furious Evo easy+ a \u00e9t\u00e9 install\u00e9 avec succ\u00e8s<\/h2>\n<p>(cette liste est illustrative et non exhaustive)<\/p>\n<\/div>\n<p>[\/vc_column_text][vc_row_inner][vc_column_inner width=&#8221;1\/3&#8243;][vc_column_text]<\/p>\n<p>&#8211; BH Atom<br \/>\n&#8211; BH Lynx e BH\u00a0iLynx<br \/>\n&#8211; BH Atom Cross<br \/>\n&#8211; BH Core<\/p>\n<p>[\/vc_column_text][\/vc_column_inner][vc_column_inner width=&#8221;1\/3&#8243;][vc_column_text uncode_shortcode_id=&#8221;195690&#8243;]<\/p>\n<p>&#8211; Megamo Ridon FS<br \/>\n&#8211; Megamo Ridon 04<br \/>\n&#8211; Megamo Ridon 10<br \/>\n&#8211; Megamo Low Ridon 05<br \/>\n&#8211; Megamo Kansas 24<\/p>\n<p>[\/vc_column_text][\/vc_column_inner][vc_column_inner width=&#8221;1\/3&#8243;][\/vc_column_inner][\/vc_row_inner][\/vc_column][\/vc_row]<\/p>\n<\/div>","protected":false},"excerpt":{"rendered":"<p>SpeedFun Furious Evo easy+ est un r\u00e9glage de v\u00e9lo \u00e9lectrique qui vous permet de supprimer le bloc de vitesse de 25 kmH en exploitant pleinement le potentiel des moteurs Dapu MD250.<\/p>\n<p>Ce r\u00e9glage est sp\u00e9cialement con\u00e7u pour les moteurs Dapu MD250 principalement mont\u00e9 sur les v\u00e9los \u00e9lectriques BH (BH Drive-1E 36V, BH 1E, BH 2E, BH 2ESMAG), Megamo (Megamo Central Motor, Megamo e-Gravel central motor, Central Motor DP, Megamo mid motor) et bien d&#8217;autres v\u00e9los \u00e9lectriques, permet d&#8217;augmenter l&#8217;assistance active jusqu&#8217;\u00e0 des vitesses pouvant atteindre 60 KmH.<\/p>\n<p>Tous les dispositifs de d\u00e9clenchement de vitesse SpeedFun Furious Evo easy+ peuvent \u00eatre activ\u00e9s et d\u00e9sactiv\u00e9s \u00e0 tout moment, m\u00eame sans \u00eatre connect\u00e9s \u00e0 la sortie des feux du moteur.<\/p>\n","protected":false},"featured_media":121996,"comment_status":"closed","ping_status":"closed","template":"","meta":{"_acf_changed":false},"product_brand":[],"product_cat":[133,273],"product_tag":[],"class_list":{"0":"post-122057","1":"product","2":"type-product","3":"status-publish","4":"has-post-thumbnail","6":"product_cat-for-dapu-fr","7":"product_cat-furious-fr","9":"first","10":"instock","11":"taxable","12":"shipping-taxable","13":"purchasable","14":"product-type-simple"},"acf":[],"yoast_head":"<!-- This site is optimized with the Yoast SEO plugin v27.3 - https:\/\/yoast.com\/product\/yoast-seo-wordpress\/ -->\n<title>SpeedFun ebike tuning kit pour Dapu MD250 (Megamo et BH ebike)<\/title>\n<meta name=\"description\" content=\"SpeedFun Furious Evo easy+ est un kit de r\u00e9glage pour v\u00e9los \u00e9lectriques sp\u00e9cialement con\u00e7u pour augmenter l&#039;assistance au-dessus de 60 km\/h sur les moteurs Dapu MD250 (BH et Megamo).\" \/>\n<meta name=\"robots\" content=\"index, follow, max-snippet:-1, max-image-preview:large, max-video-preview:-1\" \/>\n<link rel=\"canonical\" href=\"https:\/\/www.speedfun.bike\/fr\/produit\/speedfun-furious-evo-easy-pour-dapu-md250\/\" \/>\n<meta property=\"og:locale\" content=\"fr_FR\" \/>\n<meta property=\"og:type\" content=\"article\" \/>\n<meta property=\"og:title\" content=\"SpeedFun ebike tuning kit pour Dapu MD250 (Megamo et BH ebike)\" \/>\n<meta property=\"og:description\" content=\"SpeedFun Furious Evo easy+ est un kit de r\u00e9glage pour v\u00e9los \u00e9lectriques sp\u00e9cialement con\u00e7u pour augmenter l&#039;assistance au-dessus de 60 km\/h sur les moteurs Dapu MD250 (BH et Megamo).\" \/>\n<meta property=\"og:url\" content=\"https:\/\/www.speedfun.bike\/fr\/produit\/speedfun-furious-evo-easy-pour-dapu-md250\/\" \/>\n<meta property=\"og:site_name\" content=\"Speed Fun\" \/>\n<meta property=\"article:modified_time\" content=\"2024-06-03T13:59:50+00:00\" \/>\n<meta property=\"og:image\" content=\"https:\/\/www.speedfun.bike\/wp-content\/uploads\/2023\/10\/SpeedFun-ebike-tuning-kit-Furious-Evo-easy-Dapu-MD250_product_resized-scaled.jpg\" \/>\n\t<meta property=\"og:image:width\" content=\"2560\" \/>\n\t<meta property=\"og:image:height\" content=\"2049\" \/>\n\t<meta property=\"og:image:type\" content=\"image\/jpeg\" \/>\n<meta name=\"twitter:card\" content=\"summary_large_image\" \/>\n<meta name=\"twitter:label1\" content=\"Est. reading time\" \/>\n\t<meta name=\"twitter:data1\" content=\"3 minutes\" \/>\n<script type=\"application\/ld+json\" class=\"yoast-schema-graph\">{\"@context\":\"https:\\\/\\\/schema.org\",\"@graph\":[{\"@type\":\"WebPage\",\"@id\":\"https:\\\/\\\/www.speedfun.bike\\\/fr\\\/produit\\\/speedfun-furious-evo-easy-pour-dapu-md250\\\/\",\"url\":\"https:\\\/\\\/www.speedfun.bike\\\/fr\\\/produit\\\/speedfun-furious-evo-easy-pour-dapu-md250\\\/\",\"name\":\"SpeedFun ebike tuning kit pour Dapu MD250 (Megamo et BH ebike)\",\"isPartOf\":{\"@id\":\"https:\\\/\\\/www.speedfun.bike\\\/#website\"},\"primaryImageOfPage\":{\"@id\":\"https:\\\/\\\/www.speedfun.bike\\\/fr\\\/produit\\\/speedfun-furious-evo-easy-pour-dapu-md250\\\/#primaryimage\"},\"image\":{\"@id\":\"https:\\\/\\\/www.speedfun.bike\\\/fr\\\/produit\\\/speedfun-furious-evo-easy-pour-dapu-md250\\\/#primaryimage\"},\"thumbnailUrl\":\"https:\\\/\\\/www.speedfun.bike\\\/wp-content\\\/uploads\\\/2023\\\/10\\\/SpeedFun-ebike-tuning-kit-Furious-Evo-easy-Dapu-MD250_product_resized-scaled.jpg\",\"datePublished\":\"2023-10-12T07:52:00+00:00\",\"dateModified\":\"2024-06-03T13:59:50+00:00\",\"description\":\"SpeedFun Furious Evo easy+ est un kit de r\u00e9glage pour v\u00e9los \u00e9lectriques sp\u00e9cialement con\u00e7u pour augmenter l'assistance au-dessus de 60 km\\\/h sur les moteurs Dapu MD250 (BH et Megamo).\",\"breadcrumb\":{\"@id\":\"https:\\\/\\\/www.speedfun.bike\\\/fr\\\/produit\\\/speedfun-furious-evo-easy-pour-dapu-md250\\\/#breadcrumb\"},\"inLanguage\":\"fr-FR\",\"potentialAction\":[{\"@type\":\"ReadAction\",\"target\":[\"https:\\\/\\\/www.speedfun.bike\\\/fr\\\/produit\\\/speedfun-furious-evo-easy-pour-dapu-md250\\\/\"]}]},{\"@type\":\"ImageObject\",\"inLanguage\":\"fr-FR\",\"@id\":\"https:\\\/\\\/www.speedfun.bike\\\/fr\\\/produit\\\/speedfun-furious-evo-easy-pour-dapu-md250\\\/#primaryimage\",\"url\":\"https:\\\/\\\/www.speedfun.bike\\\/wp-content\\\/uploads\\\/2023\\\/10\\\/SpeedFun-ebike-tuning-kit-Furious-Evo-easy-Dapu-MD250_product_resized-scaled.jpg\",\"contentUrl\":\"https:\\\/\\\/www.speedfun.bike\\\/wp-content\\\/uploads\\\/2023\\\/10\\\/SpeedFun-ebike-tuning-kit-Furious-Evo-easy-Dapu-MD250_product_resized-scaled.jpg\",\"width\":2560,\"height\":2049,\"caption\":\"Kit de r\u00e9glage SpeedFun pour v\u00e9lo \u00e9lectrique Furious evo easy+ sp\u00e9cialement con\u00e7u pour retirer le blocage \u00e0 25 km\\\/h sur les moteurs Dapu MD250 et augmenter l'assistance au-dessus de 60 km\\\/h\"},{\"@type\":\"BreadcrumbList\",\"@id\":\"https:\\\/\\\/www.speedfun.bike\\\/fr\\\/produit\\\/speedfun-furious-evo-easy-pour-dapu-md250\\\/#breadcrumb\",\"itemListElement\":[{\"@type\":\"ListItem\",\"position\":1,\"name\":\"Home\",\"item\":\"https:\\\/\\\/www.speedfun.bike\\\/fr\\\/\"},{\"@type\":\"ListItem\",\"position\":2,\"name\":\"Boutique\",\"item\":\"https:\\\/\\\/www.speedfun.bike\\\/fr\\\/boutique\\\/\"},{\"@type\":\"ListItem\",\"position\":3,\"name\":\"SpeedFun Furious Evo easy+ pour Dapu MD250\"}]},{\"@type\":\"WebSite\",\"@id\":\"https:\\\/\\\/www.speedfun.bike\\\/#website\",\"url\":\"https:\\\/\\\/www.speedfun.bike\\\/\",\"name\":\"Speed Fun\",\"description\":\"Sblocco velocit\u00e0 bici elettriche\",\"potentialAction\":[{\"@type\":\"SearchAction\",\"target\":{\"@type\":\"EntryPoint\",\"urlTemplate\":\"https:\\\/\\\/www.speedfun.bike\\\/?s={search_term_string}\"},\"query-input\":{\"@type\":\"PropertyValueSpecification\",\"valueRequired\":true,\"valueName\":\"search_term_string\"}}],\"inLanguage\":\"fr-FR\"}]}<\/script>\n<!-- \/ Yoast SEO plugin. -->","yoast_head_json":{"title":"SpeedFun ebike tuning kit pour Dapu MD250 (Megamo et BH ebike)","description":"SpeedFun Furious Evo easy+ est un kit de r\u00e9glage pour v\u00e9los \u00e9lectriques sp\u00e9cialement con\u00e7u pour augmenter l'assistance au-dessus de 60 km\/h sur les moteurs Dapu MD250 (BH et Megamo).","robots":{"index":"index","follow":"follow","max-snippet":"max-snippet:-1","max-image-preview":"max-image-preview:large","max-video-preview":"max-video-preview:-1"},"canonical":"https:\/\/www.speedfun.bike\/fr\/produit\/speedfun-furious-evo-easy-pour-dapu-md250\/","og_locale":"fr_FR","og_type":"article","og_title":"SpeedFun ebike tuning kit pour Dapu MD250 (Megamo et BH ebike)","og_description":"SpeedFun Furious Evo easy+ est un kit de r\u00e9glage pour v\u00e9los \u00e9lectriques sp\u00e9cialement con\u00e7u pour augmenter l'assistance au-dessus de 60 km\/h sur les moteurs Dapu MD250 (BH et Megamo).","og_url":"https:\/\/www.speedfun.bike\/fr\/produit\/speedfun-furious-evo-easy-pour-dapu-md250\/","og_site_name":"Speed Fun","article_modified_time":"2024-06-03T13:59:50+00:00","og_image":[{"width":2560,"height":2049,"url":"https:\/\/www.speedfun.bike\/wp-content\/uploads\/2023\/10\/SpeedFun-ebike-tuning-kit-Furious-Evo-easy-Dapu-MD250_product_resized-scaled.jpg","type":"image\/jpeg"}],"twitter_card":"summary_large_image","twitter_misc":{"Est. reading time":"3 minutes"},"schema":{"@context":"https:\/\/schema.org","@graph":[{"@type":"WebPage","@id":"https:\/\/www.speedfun.bike\/fr\/produit\/speedfun-furious-evo-easy-pour-dapu-md250\/","url":"https:\/\/www.speedfun.bike\/fr\/produit\/speedfun-furious-evo-easy-pour-dapu-md250\/","name":"SpeedFun ebike tuning kit pour Dapu MD250 (Megamo et BH ebike)","isPartOf":{"@id":"https:\/\/www.speedfun.bike\/#website"},"primaryImageOfPage":{"@id":"https:\/\/www.speedfun.bike\/fr\/produit\/speedfun-furious-evo-easy-pour-dapu-md250\/#primaryimage"},"image":{"@id":"https:\/\/www.speedfun.bike\/fr\/produit\/speedfun-furious-evo-easy-pour-dapu-md250\/#primaryimage"},"thumbnailUrl":"https:\/\/www.speedfun.bike\/wp-content\/uploads\/2023\/10\/SpeedFun-ebike-tuning-kit-Furious-Evo-easy-Dapu-MD250_product_resized-scaled.jpg","datePublished":"2023-10-12T07:52:00+00:00","dateModified":"2024-06-03T13:59:50+00:00","description":"SpeedFun Furious Evo easy+ est un kit de r\u00e9glage pour v\u00e9los \u00e9lectriques sp\u00e9cialement con\u00e7u pour augmenter l'assistance au-dessus de 60 km\/h sur les moteurs Dapu MD250 (BH et Megamo).","breadcrumb":{"@id":"https:\/\/www.speedfun.bike\/fr\/produit\/speedfun-furious-evo-easy-pour-dapu-md250\/#breadcrumb"},"inLanguage":"fr-FR","potentialAction":[{"@type":"ReadAction","target":["https:\/\/www.speedfun.bike\/fr\/produit\/speedfun-furious-evo-easy-pour-dapu-md250\/"]}]},{"@type":"ImageObject","inLanguage":"fr-FR","@id":"https:\/\/www.speedfun.bike\/fr\/produit\/speedfun-furious-evo-easy-pour-dapu-md250\/#primaryimage","url":"https:\/\/www.speedfun.bike\/wp-content\/uploads\/2023\/10\/SpeedFun-ebike-tuning-kit-Furious-Evo-easy-Dapu-MD250_product_resized-scaled.jpg","contentUrl":"https:\/\/www.speedfun.bike\/wp-content\/uploads\/2023\/10\/SpeedFun-ebike-tuning-kit-Furious-Evo-easy-Dapu-MD250_product_resized-scaled.jpg","width":2560,"height":2049,"caption":"Kit de r\u00e9glage SpeedFun pour v\u00e9lo \u00e9lectrique Furious evo easy+ sp\u00e9cialement con\u00e7u pour retirer le blocage \u00e0 25 km\/h sur les moteurs Dapu MD250 et augmenter l'assistance au-dessus de 60 km\/h"},{"@type":"BreadcrumbList","@id":"https:\/\/www.speedfun.bike\/fr\/produit\/speedfun-furious-evo-easy-pour-dapu-md250\/#breadcrumb","itemListElement":[{"@type":"ListItem","position":1,"name":"Home","item":"https:\/\/www.speedfun.bike\/fr\/"},{"@type":"ListItem","position":2,"name":"Boutique","item":"https:\/\/www.speedfun.bike\/fr\/boutique\/"},{"@type":"ListItem","position":3,"name":"SpeedFun Furious Evo easy+ pour Dapu MD250"}]},{"@type":"WebSite","@id":"https:\/\/www.speedfun.bike\/#website","url":"https:\/\/www.speedfun.bike\/","name":"Speed Fun","description":"Sblocco velocit\u00e0 bici elettriche","potentialAction":[{"@type":"SearchAction","target":{"@type":"EntryPoint","urlTemplate":"https:\/\/www.speedfun.bike\/?s={search_term_string}"},"query-input":{"@type":"PropertyValueSpecification","valueRequired":true,"valueName":"search_term_string"}}],"inLanguage":"fr-FR"}]}},"_links":{"self":[{"href":"https:\/\/www.speedfun.bike\/fr\/wp-json\/wp\/v2\/product\/122057","targetHints":{"allow":["GET"]}}],"collection":[{"href":"https:\/\/www.speedfun.bike\/fr\/wp-json\/wp\/v2\/product"}],"about":[{"href":"https:\/\/www.speedfun.bike\/fr\/wp-json\/wp\/v2\/types\/product"}],"replies":[{"embeddable":true,"href":"https:\/\/www.speedfun.bike\/fr\/wp-json\/wp\/v2\/comments?post=122057"}],"wp:featuredmedia":[{"embeddable":true,"href":"https:\/\/www.speedfun.bike\/fr\/wp-json\/wp\/v2\/media\/121996"}],"wp:attachment":[{"href":"https:\/\/www.speedfun.bike\/fr\/wp-json\/wp\/v2\/media?parent=122057"}],"wp:term":[{"taxonomy":"product_brand","embeddable":true,"href":"https:\/\/www.speedfun.bike\/fr\/wp-json\/wp\/v2\/product_brand?post=122057"},{"taxonomy":"product_cat","embeddable":true,"href":"https:\/\/www.speedfun.bike\/fr\/wp-json\/wp\/v2\/product_cat?post=122057"},{"taxonomy":"product_tag","embeddable":true,"href":"https:\/\/www.speedfun.bike\/fr\/wp-json\/wp\/v2\/product_tag?post=122057"}],"curies":[{"name":"wp","href":"https:\/\/api.w.org\/{rel}","templated":true}]}}