{"id":121962,"date":"2023-10-10T14:09:47","date_gmt":"2023-10-10T13:09:51","guid":{"rendered":"https:\/\/speedfun.bike\/?post_type=product&#038;p=121962"},"modified":"2024-04-11T16:52:43","modified_gmt":"2024-04-11T15:52:43","slug":"speedfun-furious-evo-easy-pour-ananda-m80-et-am80-agile","status":"publish","type":"product","link":"https:\/\/www.speedfun.bike\/fr\/produit\/speedfun-furious-evo-easy-pour-ananda-m80-et-am80-agile\/","title":{"rendered":"SpeedFun Furious Evo easy+ pour Ananda M80 et AM80 Agile"},"content":{"rendered":"<div class=\"wpb-content-wrapper\"><p>[vc_row][vc_column width=&#8221;1\/1&#8243;][vc_column_text uncode_shortcode_id=&#8221;131832&#8243;]<\/p>\n<h2>Qu&#8217;est-ce que le r\u00e9glage du v\u00e9lo \u00e9lectrique SpeedFun Furious Evo easy+ Ananda M80 et Atala AM80 Agile (Gen. 1)?<\/h2>\n<p><strong>La fonction du dispositif de r\u00e9glage Furious Evo easy+ pour Ananda M80 et Atala AM80 Agile (Gen. 1)<\/strong>\u00a0est de manipuler \u00e9lectroniquement la vitesse de rotation de la roue arri\u00e8re et de communiquer au moteur une vitesse toujours inf\u00e9rieure \u00e0 25 KmH afin d&#8217;obtenir une vitesse r\u00e9elle tr\u00e8s \u00e9lev\u00e9e avec le moteur actif. La limitation de vitesse maximale sera donc dict\u00e9e par la puissance du moteur ajout\u00e9e \u00e0 la puissance exprim\u00e9e par vos jambes (<a href=\"https:\/\/speedfun.bike\/wp-content\/uploads\/2019\/06\/ebike-non-va-a-50-kmh.pdf\">info<\/a>).<\/p>\n<p>Ce dispositif de d\u00e9clenchement de vitesse est sp\u00e9cialement con\u00e7u pour les moteurs Ananda M80 et Atala AM80 Agile (Gen. 1)\u00a0mont\u00e9s principalement sur les v\u00e9los \u00e9lectriques Atala, Olympia, Nakamura (Intersport), Scrapper, Woodsun E-Reflex (Leclerc) et bien d&#8217;autres quel que soit le type d&#8217;affichage ou de commande lat\u00e9rale du v\u00e9lo \u00e9lectrique.<\/p>\n<p>Le dispositif de r\u00e9glage Furious Evo easy+ pour Ananda M80 et Atala AM80 Agile (Gen. 1) peut \u00eatre activ\u00e9\/d\u00e9sactiv\u00e9 avec un syst\u00e8me tr\u00e8s pratique (pour plus d&#8217;informations voir la notice). Lorsque le dispositif de r\u00e9glage est actif et n&#8217;a pas de communication avec l&#8217;\u00e9cran, il affichera les donn\u00e9es r\u00e9duites de moiti\u00e9 sur l&#8217;\u00e9cran \u00e0 partir d&#8217;un certain seuil. Le kit de tuning est fourni plug and go pr\u00eat \u00e0 l&#8217;emploi et s&#8217;installe tr\u00e8s simplement gr\u00e2ce aux connecteurs d&#8217;origine avec lesquels aucune modification physique du v\u00e9lo \u00e9lectrique n&#8217;est n\u00e9cessaire.<\/p>\n<p><strong>ATTENTION!<\/strong><br \/>\nCet appareil n&#8217;est pas compatible avec les moteurs Atala AM80 Agile (Gen. 2). Le produit compatible avec les moteurs Atala AM80 Agile (Gen. 2) est disponible <a href=\"https:\/\/speedfun.bike\/fr\/produit\/speedfun-furious-pour-m100\/\">ICI<\/a>.<\/p>\n<p>&nbsp;<\/p>\n<h2>Ebike avec moteur Ananda M80 et Atala AM80 Agile (Gen. 1) sur lequel le dispositif Furious Evo easy+ a \u00e9t\u00e9 install\u00e9 avec succ\u00e8s<\/h2>\n<p>(cette liste est illustrative et non exhaustive)[\/vc_column_text][vc_row_inner][vc_column_inner width=&#8221;1\/3&#8243;][vc_column_text]<\/p>\n<p>&#8211; Atala Califfo ebike<br \/>&#8211; Atala Clever 6.2 Lady e Clever 6.2 Man<\/p>\n<p>[\/vc_column_text][\/vc_column_inner][vc_column_inner width=&#8221;1\/3&#8243;][vc_column_text]<\/p>\n<p>&#8211; Olympia Magnum man<\/p>\n<p>[\/vc_column_text][\/vc_column_inner][vc_column_inner width=&#8221;1\/3&#8243;][\/vc_column_inner][\/vc_row_inner][\/vc_column][\/vc_row][vc_row row_height_percent=&#8221;0&#8243; back_color=&#8221;color-jevc&#8221; overlay_alpha=&#8221;50&#8243; gutter_size=&#8221;3&#8243; shift_y=&#8221;0&#8243;][vc_column width=&#8221;1\/1&#8243;][vc_single_image media=&#8221;31056&#8243; media_width_percent=&#8221;30&#8243; alignment=&#8221;center&#8221;][\/vc_column][\/vc_row]<\/p>\n<\/div>","protected":false},"excerpt":{"rendered":"<p>SpeedFun Furious Evo est un r\u00e9glage de v\u00e9lo \u00e9lectrique qui vous permet de supprimer le blocage de vitesse de 25 kmH en exploitant pleinement le potentiel des moteurs Ananda M80 et Atala AM80 Agile (Gen. 1).<\/p>\n<p>Ce r\u00e9glage est sp\u00e9cifiquement con\u00e7u pour les moteurs Ananda M80 et Atala AM80 Agile (Gen. 1) mont\u00e9s principalement sur les v\u00e9los \u00e9lectriques Atala, Olympia, Nakamura (Intersport), Scrapper, Woodsun E-Reflex (Leclerc). Ce r\u00e9glage permet d&#8217;augmenter l&#8217;assistance active jusqu&#8217;\u00e0 des vitesses pouvant atteindre 60 km\/h, en exploitant pleinement le moteur.<\/p>\n<p>Tous les d\u00e9clencheurs rapides SpeedFun Furious Evo peuvent \u00eatre activ\u00e9s et d\u00e9sactiv\u00e9s \u00e0 tout moment et sans avoir besoin de connexions \u00e0 la sortie lumineuse.<\/p>\n","protected":false},"featured_media":121978,"comment_status":"closed","ping_status":"closed","template":"","meta":{"_acf_changed":false},"product_brand":[],"product_cat":[273,104],"product_tag":[],"class_list":{"0":"post-121962","1":"product","2":"type-product","3":"status-publish","4":"has-post-thumbnail","6":"product_cat-furious-fr","7":"product_cat-for-ananda-fr","9":"first","10":"instock","11":"taxable","12":"shipping-taxable","13":"purchasable","14":"product-type-simple"},"acf":[],"yoast_head":"<!-- This site is optimized with the Yoast SEO plugin v27.3 - https:\/\/yoast.com\/product\/yoast-seo-wordpress\/ -->\n<title>SpeedFun Furious evo ebike tuning kit pour Ananda M80 AM80 Agile<\/title>\n<meta name=\"description\" content=\"SpeedFun Furious Evo est un kit de r\u00e9glage pour v\u00e9lo \u00e9lectrique sp\u00e9cialement con\u00e7u pour augmenter l&#039;assistance au-dessus de 60 km\/h sur les moteurs Ananda M80, AM80 Agile et Naka E-Power.\" \/>\n<meta name=\"robots\" content=\"index, follow, max-snippet:-1, max-image-preview:large, max-video-preview:-1\" \/>\n<link rel=\"canonical\" href=\"https:\/\/www.speedfun.bike\/fr\/produit\/speedfun-furious-evo-easy-pour-ananda-m80-et-am80-agile\/\" \/>\n<meta property=\"og:locale\" content=\"fr_FR\" \/>\n<meta property=\"og:type\" content=\"article\" \/>\n<meta property=\"og:title\" content=\"SpeedFun Furious evo ebike tuning kit pour Ananda M80 AM80 Agile\" \/>\n<meta property=\"og:description\" content=\"SpeedFun Furious Evo est un kit de r\u00e9glage pour v\u00e9lo \u00e9lectrique sp\u00e9cialement con\u00e7u pour augmenter l&#039;assistance au-dessus de 60 km\/h sur les moteurs Ananda M80, AM80 Agile et Naka E-Power.\" \/>\n<meta property=\"og:url\" content=\"https:\/\/www.speedfun.bike\/fr\/produit\/speedfun-furious-evo-easy-pour-ananda-m80-et-am80-agile\/\" \/>\n<meta property=\"og:site_name\" content=\"Speed Fun\" \/>\n<meta property=\"article:modified_time\" content=\"2024-04-11T15:52:43+00:00\" \/>\n<meta property=\"og:image\" content=\"https:\/\/www.speedfun.bike\/wp-content\/uploads\/2023\/10\/SpeedFun-Furious-Evo-easy-Ananda-M80_product-resized.png\" \/>\n\t<meta property=\"og:image:width\" content=\"2745\" \/>\n\t<meta property=\"og:image:height\" content=\"2197\" \/>\n\t<meta property=\"og:image:type\" content=\"image\/png\" \/>\n<meta name=\"twitter:card\" content=\"summary_large_image\" \/>\n<meta name=\"twitter:label1\" content=\"Est. reading time\" \/>\n\t<meta name=\"twitter:data1\" content=\"2 minutes\" \/>\n<script type=\"application\/ld+json\" class=\"yoast-schema-graph\">{\"@context\":\"https:\\\/\\\/schema.org\",\"@graph\":[{\"@type\":\"WebPage\",\"@id\":\"https:\\\/\\\/www.speedfun.bike\\\/fr\\\/produit\\\/speedfun-furious-evo-easy-pour-ananda-m80-et-am80-agile\\\/\",\"url\":\"https:\\\/\\\/www.speedfun.bike\\\/fr\\\/produit\\\/speedfun-furious-evo-easy-pour-ananda-m80-et-am80-agile\\\/\",\"name\":\"SpeedFun Furious evo ebike tuning kit pour Ananda M80 AM80 Agile\",\"isPartOf\":{\"@id\":\"https:\\\/\\\/www.speedfun.bike\\\/#website\"},\"primaryImageOfPage\":{\"@id\":\"https:\\\/\\\/www.speedfun.bike\\\/fr\\\/produit\\\/speedfun-furious-evo-easy-pour-ananda-m80-et-am80-agile\\\/#primaryimage\"},\"image\":{\"@id\":\"https:\\\/\\\/www.speedfun.bike\\\/fr\\\/produit\\\/speedfun-furious-evo-easy-pour-ananda-m80-et-am80-agile\\\/#primaryimage\"},\"thumbnailUrl\":\"https:\\\/\\\/www.speedfun.bike\\\/wp-content\\\/uploads\\\/2023\\\/10\\\/SpeedFun-Furious-Evo-easy-Ananda-M80_product-resized.png\",\"datePublished\":\"2023-10-10T13:09:51+00:00\",\"dateModified\":\"2024-04-11T15:52:43+00:00\",\"description\":\"SpeedFun Furious Evo est un kit de r\u00e9glage pour v\u00e9lo \u00e9lectrique sp\u00e9cialement con\u00e7u pour augmenter l'assistance au-dessus de 60 km\\\/h sur les moteurs Ananda M80, AM80 Agile et Naka E-Power.\",\"breadcrumb\":{\"@id\":\"https:\\\/\\\/www.speedfun.bike\\\/fr\\\/produit\\\/speedfun-furious-evo-easy-pour-ananda-m80-et-am80-agile\\\/#breadcrumb\"},\"inLanguage\":\"fr-FR\",\"potentialAction\":[{\"@type\":\"ReadAction\",\"target\":[\"https:\\\/\\\/www.speedfun.bike\\\/fr\\\/produit\\\/speedfun-furious-evo-easy-pour-ananda-m80-et-am80-agile\\\/\"]}]},{\"@type\":\"ImageObject\",\"inLanguage\":\"fr-FR\",\"@id\":\"https:\\\/\\\/www.speedfun.bike\\\/fr\\\/produit\\\/speedfun-furious-evo-easy-pour-ananda-m80-et-am80-agile\\\/#primaryimage\",\"url\":\"https:\\\/\\\/www.speedfun.bike\\\/wp-content\\\/uploads\\\/2023\\\/10\\\/SpeedFun-Furious-Evo-easy-Ananda-M80_product-resized.png\",\"contentUrl\":\"https:\\\/\\\/www.speedfun.bike\\\/wp-content\\\/uploads\\\/2023\\\/10\\\/SpeedFun-Furious-Evo-easy-Ananda-M80_product-resized.png\",\"width\":2745,\"height\":2197,\"caption\":\"SpeedFun Furious evo easy+ pour Ananda M80 est un r\u00e9glage qui vous permet de d\u00e9bloquer l'assistance jusqu'\u00e0 des vitesses de 60 km\\\/h\"},{\"@type\":\"BreadcrumbList\",\"@id\":\"https:\\\/\\\/www.speedfun.bike\\\/fr\\\/produit\\\/speedfun-furious-evo-easy-pour-ananda-m80-et-am80-agile\\\/#breadcrumb\",\"itemListElement\":[{\"@type\":\"ListItem\",\"position\":1,\"name\":\"Home\",\"item\":\"https:\\\/\\\/www.speedfun.bike\\\/fr\\\/\"},{\"@type\":\"ListItem\",\"position\":2,\"name\":\"Boutique\",\"item\":\"https:\\\/\\\/www.speedfun.bike\\\/fr\\\/boutique\\\/\"},{\"@type\":\"ListItem\",\"position\":3,\"name\":\"SpeedFun Furious Evo easy+ pour Ananda M80 et AM80 Agile\"}]},{\"@type\":\"WebSite\",\"@id\":\"https:\\\/\\\/www.speedfun.bike\\\/#website\",\"url\":\"https:\\\/\\\/www.speedfun.bike\\\/\",\"name\":\"Speed Fun\",\"description\":\"Sblocco velocit\u00e0 bici elettriche\",\"potentialAction\":[{\"@type\":\"SearchAction\",\"target\":{\"@type\":\"EntryPoint\",\"urlTemplate\":\"https:\\\/\\\/www.speedfun.bike\\\/?s={search_term_string}\"},\"query-input\":{\"@type\":\"PropertyValueSpecification\",\"valueRequired\":true,\"valueName\":\"search_term_string\"}}],\"inLanguage\":\"fr-FR\"}]}<\/script>\n<!-- \/ Yoast SEO plugin. -->","yoast_head_json":{"title":"SpeedFun Furious evo ebike tuning kit pour Ananda M80 AM80 Agile","description":"SpeedFun Furious Evo est un kit de r\u00e9glage pour v\u00e9lo \u00e9lectrique sp\u00e9cialement con\u00e7u pour augmenter l'assistance au-dessus de 60 km\/h sur les moteurs Ananda M80, AM80 Agile et Naka E-Power.","robots":{"index":"index","follow":"follow","max-snippet":"max-snippet:-1","max-image-preview":"max-image-preview:large","max-video-preview":"max-video-preview:-1"},"canonical":"https:\/\/www.speedfun.bike\/fr\/produit\/speedfun-furious-evo-easy-pour-ananda-m80-et-am80-agile\/","og_locale":"fr_FR","og_type":"article","og_title":"SpeedFun Furious evo ebike tuning kit pour Ananda M80 AM80 Agile","og_description":"SpeedFun Furious Evo est un kit de r\u00e9glage pour v\u00e9lo \u00e9lectrique sp\u00e9cialement con\u00e7u pour augmenter l'assistance au-dessus de 60 km\/h sur les moteurs Ananda M80, AM80 Agile et Naka E-Power.","og_url":"https:\/\/www.speedfun.bike\/fr\/produit\/speedfun-furious-evo-easy-pour-ananda-m80-et-am80-agile\/","og_site_name":"Speed Fun","article_modified_time":"2024-04-11T15:52:43+00:00","og_image":[{"width":2745,"height":2197,"url":"https:\/\/www.speedfun.bike\/wp-content\/uploads\/2023\/10\/SpeedFun-Furious-Evo-easy-Ananda-M80_product-resized.png","type":"image\/png"}],"twitter_card":"summary_large_image","twitter_misc":{"Est. reading time":"2 minutes"},"schema":{"@context":"https:\/\/schema.org","@graph":[{"@type":"WebPage","@id":"https:\/\/www.speedfun.bike\/fr\/produit\/speedfun-furious-evo-easy-pour-ananda-m80-et-am80-agile\/","url":"https:\/\/www.speedfun.bike\/fr\/produit\/speedfun-furious-evo-easy-pour-ananda-m80-et-am80-agile\/","name":"SpeedFun Furious evo ebike tuning kit pour Ananda M80 AM80 Agile","isPartOf":{"@id":"https:\/\/www.speedfun.bike\/#website"},"primaryImageOfPage":{"@id":"https:\/\/www.speedfun.bike\/fr\/produit\/speedfun-furious-evo-easy-pour-ananda-m80-et-am80-agile\/#primaryimage"},"image":{"@id":"https:\/\/www.speedfun.bike\/fr\/produit\/speedfun-furious-evo-easy-pour-ananda-m80-et-am80-agile\/#primaryimage"},"thumbnailUrl":"https:\/\/www.speedfun.bike\/wp-content\/uploads\/2023\/10\/SpeedFun-Furious-Evo-easy-Ananda-M80_product-resized.png","datePublished":"2023-10-10T13:09:51+00:00","dateModified":"2024-04-11T15:52:43+00:00","description":"SpeedFun Furious Evo est un kit de r\u00e9glage pour v\u00e9lo \u00e9lectrique sp\u00e9cialement con\u00e7u pour augmenter l'assistance au-dessus de 60 km\/h sur les moteurs Ananda M80, AM80 Agile et Naka E-Power.","breadcrumb":{"@id":"https:\/\/www.speedfun.bike\/fr\/produit\/speedfun-furious-evo-easy-pour-ananda-m80-et-am80-agile\/#breadcrumb"},"inLanguage":"fr-FR","potentialAction":[{"@type":"ReadAction","target":["https:\/\/www.speedfun.bike\/fr\/produit\/speedfun-furious-evo-easy-pour-ananda-m80-et-am80-agile\/"]}]},{"@type":"ImageObject","inLanguage":"fr-FR","@id":"https:\/\/www.speedfun.bike\/fr\/produit\/speedfun-furious-evo-easy-pour-ananda-m80-et-am80-agile\/#primaryimage","url":"https:\/\/www.speedfun.bike\/wp-content\/uploads\/2023\/10\/SpeedFun-Furious-Evo-easy-Ananda-M80_product-resized.png","contentUrl":"https:\/\/www.speedfun.bike\/wp-content\/uploads\/2023\/10\/SpeedFun-Furious-Evo-easy-Ananda-M80_product-resized.png","width":2745,"height":2197,"caption":"SpeedFun Furious evo easy+ pour Ananda M80 est un r\u00e9glage qui vous permet de d\u00e9bloquer l'assistance jusqu'\u00e0 des vitesses de 60 km\/h"},{"@type":"BreadcrumbList","@id":"https:\/\/www.speedfun.bike\/fr\/produit\/speedfun-furious-evo-easy-pour-ananda-m80-et-am80-agile\/#breadcrumb","itemListElement":[{"@type":"ListItem","position":1,"name":"Home","item":"https:\/\/www.speedfun.bike\/fr\/"},{"@type":"ListItem","position":2,"name":"Boutique","item":"https:\/\/www.speedfun.bike\/fr\/boutique\/"},{"@type":"ListItem","position":3,"name":"SpeedFun Furious Evo easy+ pour Ananda M80 et AM80 Agile"}]},{"@type":"WebSite","@id":"https:\/\/www.speedfun.bike\/#website","url":"https:\/\/www.speedfun.bike\/","name":"Speed Fun","description":"Sblocco velocit\u00e0 bici elettriche","potentialAction":[{"@type":"SearchAction","target":{"@type":"EntryPoint","urlTemplate":"https:\/\/www.speedfun.bike\/?s={search_term_string}"},"query-input":{"@type":"PropertyValueSpecification","valueRequired":true,"valueName":"search_term_string"}}],"inLanguage":"fr-FR"}]}},"_links":{"self":[{"href":"https:\/\/www.speedfun.bike\/fr\/wp-json\/wp\/v2\/product\/121962","targetHints":{"allow":["GET"]}}],"collection":[{"href":"https:\/\/www.speedfun.bike\/fr\/wp-json\/wp\/v2\/product"}],"about":[{"href":"https:\/\/www.speedfun.bike\/fr\/wp-json\/wp\/v2\/types\/product"}],"replies":[{"embeddable":true,"href":"https:\/\/www.speedfun.bike\/fr\/wp-json\/wp\/v2\/comments?post=121962"}],"wp:featuredmedia":[{"embeddable":true,"href":"https:\/\/www.speedfun.bike\/fr\/wp-json\/wp\/v2\/media\/121978"}],"wp:attachment":[{"href":"https:\/\/www.speedfun.bike\/fr\/wp-json\/wp\/v2\/media?parent=121962"}],"wp:term":[{"taxonomy":"product_brand","embeddable":true,"href":"https:\/\/www.speedfun.bike\/fr\/wp-json\/wp\/v2\/product_brand?post=121962"},{"taxonomy":"product_cat","embeddable":true,"href":"https:\/\/www.speedfun.bike\/fr\/wp-json\/wp\/v2\/product_cat?post=121962"},{"taxonomy":"product_tag","embeddable":true,"href":"https:\/\/www.speedfun.bike\/fr\/wp-json\/wp\/v2\/product_tag?post=121962"}],"curies":[{"name":"wp","href":"https:\/\/api.w.org\/{rel}","templated":true}]}}