{"id":12174,"date":"2018-12-14T10:40:20","date_gmt":"2018-12-14T09:40:20","guid":{"rendered":"https:\/\/speedfun.bike\/prodotto\/speedup-furious-pour-fazua\/"},"modified":"2024-09-04T07:25:10","modified_gmt":"2024-09-04T06:25:10","slug":"speedup-furious-pour-fazua","status":"publish","type":"product","link":"https:\/\/www.speedfun.bike\/fr\/produit\/speedup-furious-pour-fazua\/","title":{"rendered":"SpeedFun Furious Evo pour Fazua Ride 50"},"content":{"rendered":"<div class=\"wpb-content-wrapper\"><p>[vc_row][vc_column width=&#8221;1\/1&#8243;][vc_column_text uncode_shortcode_id=&#8221;923030&#8243;]<\/p>\n<h2>Qu\u2019est-ce que le r\u00e9glage du v\u00e9lo \u00e9lectrique SpeedFun Furious Evo pour Fazua Ride 50?<\/h2>\n<p><strong>La fonction du dispositif tuning Furious Evo pour Fazua Ride 50 <\/strong>est de manipuler \u00e9lectroniquement la vitesse de rotation de la roue arri\u00e8re et de communiquer au moteur une vitesse toujours inf\u00e9rieure \u00e0 25 KmH afin d\u2019obtenir une vitesse r\u00e9elle avec un moteur actif tr\u00e8s \u00e9lev\u00e9. La limite de vitesse maximale sera donc dict\u00e9e par la puissance du moteur ajout\u00e9e \u00e0 la puissance exprim\u00e9e par les jambes (<a href=\"https:\/\/speedfun.bike\/wp-content\/uploads\/2019\/06\/ebike-non-va-a-50-kmh.pdf\">info<\/a>).<\/p>\n<p>Lorsque le dispositif de r\u00e9glage est actif, n\u2019ayant aucune communication avec l\u2019\u00e9cran, il affichera les donn\u00e9es r\u00e9duites de moiti\u00e9 sur l\u2019\u00e9cran \u00e0 partir d\u2019un certain seuil.<\/p>\n<p>SpeedFun Furious Evo peut \u00eatre activ\u00e9 et d\u00e9sactiv\u00e9 \u00e0 volont\u00e9 et maintient le r\u00e9glage m\u00eame apr\u00e8s que le v\u00e9lo \u00e9lectrique est \u00e9teint. Il peut \u00eatre install\u00e9 sur ebike avec moteur Fazua Ride 50 principalement mont\u00e9 sur ebike Pinarello, Focus, Cube et bien d\u2019autres quel que soit le type d\u2019affichage ou de contr\u00f4le lat\u00e9ral du v\u00e9lo \u00e9lectrique.<\/p>\n<p>Le dispositif de r\u00e9glage Furiosu Evo pour Fazua Ride 50 peut \u00eatre activ\u00e9\/d\u00e9sactiv\u00e9 en appuyant simplement sur le bouton d\u2019\u00e9clairage du v\u00e9lo \u00e9lectrique. Si le v\u00e9lo \u00e9lectrique a d\u00e9j\u00e0 les feux connect\u00e9s \u00e0 la sortie lumi\u00e8re, ou s\u2019il n\u2019est pas possible de l\u2019utiliser, il sera toujours possible d\u2019activer\/d\u00e9sactiver le r\u00e9glage avec un syst\u00e8me tr\u00e8s pratique (pour plus d\u2019informations voir les instructions). L\u2019appareil est fourni plug and go pr\u00eat \u00e0 l\u2019emploi et s\u2019installe de mani\u00e8re tr\u00e8s simple gr\u00e2ce aux connecteurs d\u2019origine avec lesquels aucune modification physique du v\u00e9lo \u00e9lectrique n\u2019est n\u00e9cessaire.<\/p>\n<p>Le couvercle pour moteurs Fazua est \u00e9galement disponible\u00a0<a href=\"https:\/\/speedfun.bike\/fr\/produit\/couverture-conteneur-pour-fazua\/\">ici<\/a>\u00a0pour rendre l\u2019installation encore plus facile, plus rapide et plus s\u00fbre.<\/p>\n<p><strong>ATTENTION!<\/strong><br \/>\nCet appareil n&#8217;est pas compatible avec les moteurs Fazua Ride 60. Le produit compatible avec les moteurs Fazua Ride 60 est disponible <a href=\"https:\/\/speedfun.bike\/fr\/produit\/speedfun-furious-evo-easy-pour-fazua-ride-60\/\">ICI<\/a>.<\/p>\n<p>&nbsp;<\/p>\n<h2>V\u00e9lo \u00e9lectrique avec moteur Fazua Ride 50 o\u00f9 l\u2019appareil Furious Evo a \u00e9t\u00e9 install\u00e9 avec succ\u00e8s<\/h2>\n<p>(cette liste est illustrative et non exhaustive)[\/vc_column_text][vc_row_inner][vc_column_inner width=&#8221;1\/3&#8243;][vc_column_text]<\/p>\n<p>&#8211; Pinarello Nytro E-Road Bike<br \/>\n&#8211; Lombardo E-Mugello Road<br \/>\n&#8211; Cube Agree Hybrid C:62<br \/>\n&#8211; Whistle Flow<br \/>\n&#8211; Bianchi E-Doardo<\/p>\n<p>[\/vc_column_text][\/vc_column_inner][vc_column_inner width=&#8221;1\/3&#8243;][vc_column_text]<\/p>\n<p>&#8211; Fantic Passo Giau<br \/>\n&#8211; Focus Project Y<br \/>\n&#8211; Maserati MC Corse<br \/>\n&#8211; Atala E-Road Flow<br \/>\n&#8211; Bottecchia BE 90 Pulsar E-Road carbon<\/p>\n<p>[\/vc_column_text][\/vc_column_inner][vc_column_inner width=&#8221;1\/3&#8243;][vc_column_text]<\/p>\n<p>&#8211; Focus Raven 2<br \/>\n&#8211; Whistle E-Road Flow<br \/>\n&#8211; Focus Paralane\u00b2 e-road<br \/>\n&#8211; Boardman ADV 8.9E<br \/>\n&#8211; Boardman ADV 8.9E Adventure Electric Bike<\/p>\n<p>[\/vc_column_text][\/vc_column_inner][\/vc_row_inner][\/vc_column][\/vc_row][vc_row unlock_row_content=&#8221;yes&#8221; row_height_percent=&#8221;0&#8243; back_color=&#8221;color-jevc&#8221; overlay_alpha=&#8221;50&#8243; gutter_size=&#8221;3&#8243; shift_y=&#8221;0&#8243;][vc_column column_width_percent=&#8221;100&#8243; align_horizontal=&#8221;align_center&#8221; gutter_size=&#8221;3&#8243; overlay_alpha=&#8221;50&#8243; shift_x=&#8221;0&#8243; shift_y=&#8221;0&#8243; z_index=&#8221;0&#8243; medium_width=&#8221;0&#8243; mobile_width=&#8221;0&#8243; width=&#8221;1\/1&#8243;][vc_single_image media=&#8221;11834&#8243; media_width_use_pixel=&#8221;yes&#8221; alignment=&#8221;center&#8221; media_width_pixel=&#8221;420&#8243;][\/vc_column][\/vc_row]<\/p>\n<\/div>","protected":false},"excerpt":{"rendered":"<p>SpeedFun Furious Evo est un r\u00e9glage de v\u00e9lo \u00e9lectrique qui vous permet de supprimer le bloc de vitesse de 25 kmH en exploitant pleinement le potentiel du moteur Fazua Ride 50.<\/p>\n<p>Ce tuning est sp\u00e9cialement con\u00e7u pour les moteurs Fazua Ride 50 principalement mont\u00e9s sur Pinarello, Focus, Cube et bien d&#8217;autres. Ce r\u00e9glage permet d&#8217;augmenter l&#8217;assistance active jusqu&#8217;\u00e0 des vitesses pouvant atteindre 60 KmH en exploitant pleinement le potentiel du moteur.<\/p>\n<p>Tous les d\u00e9clencheurs rapides SpeedFun Furious Evo peuvent \u00eatre activ\u00e9s et d\u00e9sactiv\u00e9s \u00e0 tout moment et sans avoir besoin d&#8217;\u00eatre connect\u00e9s \u00e0 la sortie lumineuse.<\/p>\n","protected":false},"featured_media":91847,"comment_status":"closed","ping_status":"closed","template":"","meta":{"_acf_changed":false},"product_brand":[],"product_cat":[69,273],"product_tag":[],"class_list":{"0":"post-12174","1":"product","2":"type-product","3":"status-publish","4":"has-post-thumbnail","6":"product_cat-for-fazua-fr","7":"product_cat-furious-fr","8":"product_shipping_class-armadi-fr","10":"first","11":"instock","12":"taxable","13":"shipping-taxable","14":"purchasable","15":"product-type-simple"},"acf":[],"yoast_head":"<!-- This site is optimized with the Yoast SEO plugin v27.3 - https:\/\/yoast.com\/product\/yoast-seo-wordpress\/ -->\n<title>SpeedFun tuning ebike Furious Evo Fazua Ride 50 - SpeedFun ebike tuning<\/title>\n<meta name=\"description\" content=\"SpeedFun Furious Evo est une puce de r\u00e9glage pour v\u00e9los \u00e9lectriques avec moteur Fazua Ride 50 Vitesse sup\u00e9rieure \u00e0 60 km\/h, \u00e9quip\u00e9e de connecteurs d&#039;origine. Exp\u00e9dition sous 24 heures.\" \/>\n<meta name=\"robots\" content=\"index, follow, max-snippet:-1, max-image-preview:large, max-video-preview:-1\" \/>\n<link rel=\"canonical\" href=\"https:\/\/speedfun.bike\/fr\/produit\/speedup-furious-pour-fazua\/\" \/>\n<meta property=\"og:locale\" content=\"fr_FR\" \/>\n<meta property=\"og:type\" content=\"article\" \/>\n<meta property=\"og:title\" content=\"SpeedFun tuning ebike Furious Evo Fazua Ride 50 - SpeedFun ebike tuning\" \/>\n<meta property=\"og:description\" content=\"SpeedFun Furious Evo est une puce de r\u00e9glage pour v\u00e9los \u00e9lectriques avec moteur Fazua Ride 50 Vitesse sup\u00e9rieure \u00e0 60 km\/h, \u00e9quip\u00e9e de connecteurs d&#039;origine. Exp\u00e9dition sous 24 heures.\" \/>\n<meta property=\"og:url\" content=\"https:\/\/speedfun.bike\/fr\/produit\/speedup-furious-pour-fazua\/\" \/>\n<meta property=\"og:site_name\" content=\"Speed Fun\" \/>\n<meta property=\"article:modified_time\" content=\"2024-09-04T06:25:10+00:00\" \/>\n<meta property=\"og:image\" content=\"https:\/\/speedfun.bike\/wp-content\/uploads\/2022\/05\/Furious-Evo-Fazua-tuning-1_new.png\" \/>\n\t<meta property=\"og:image:width\" content=\"2745\" \/>\n\t<meta property=\"og:image:height\" content=\"2197\" \/>\n\t<meta property=\"og:image:type\" content=\"image\/png\" \/>\n<meta name=\"twitter:card\" content=\"summary_large_image\" \/>\n<meta name=\"twitter:label1\" content=\"Est. reading time\" \/>\n\t<meta name=\"twitter:data1\" content=\"3 minutes\" \/>\n<script type=\"application\/ld+json\" class=\"yoast-schema-graph\">{\"@context\":\"https:\\\/\\\/schema.org\",\"@graph\":[{\"@type\":\"WebPage\",\"@id\":\"https:\\\/\\\/speedfun.bike\\\/fr\\\/produit\\\/speedup-furious-pour-fazua\\\/\",\"url\":\"https:\\\/\\\/speedfun.bike\\\/fr\\\/produit\\\/speedup-furious-pour-fazua\\\/\",\"name\":\"SpeedFun tuning ebike Furious Evo Fazua Ride 50 - SpeedFun ebike tuning\",\"isPartOf\":{\"@id\":\"https:\\\/\\\/speedfun.bike\\\/#website\"},\"primaryImageOfPage\":{\"@id\":\"https:\\\/\\\/speedfun.bike\\\/fr\\\/produit\\\/speedup-furious-pour-fazua\\\/#primaryimage\"},\"image\":{\"@id\":\"https:\\\/\\\/speedfun.bike\\\/fr\\\/produit\\\/speedup-furious-pour-fazua\\\/#primaryimage\"},\"thumbnailUrl\":\"https:\\\/\\\/www.speedfun.bike\\\/wp-content\\\/uploads\\\/2022\\\/05\\\/Furious-Evo-Fazua-tuning-1_new.png\",\"datePublished\":\"2018-12-14T09:40:20+00:00\",\"dateModified\":\"2024-09-04T06:25:10+00:00\",\"description\":\"SpeedFun Furious Evo est une puce de r\u00e9glage pour v\u00e9los \u00e9lectriques avec moteur Fazua Ride 50 Vitesse sup\u00e9rieure \u00e0 60 km\\\/h, \u00e9quip\u00e9e de connecteurs d'origine. Exp\u00e9dition sous 24 heures.\",\"breadcrumb\":{\"@id\":\"https:\\\/\\\/speedfun.bike\\\/fr\\\/produit\\\/speedup-furious-pour-fazua\\\/#breadcrumb\"},\"inLanguage\":\"fr-FR\",\"potentialAction\":[{\"@type\":\"ReadAction\",\"target\":[\"https:\\\/\\\/speedfun.bike\\\/fr\\\/produit\\\/speedup-furious-pour-fazua\\\/\"]}]},{\"@type\":\"ImageObject\",\"inLanguage\":\"fr-FR\",\"@id\":\"https:\\\/\\\/speedfun.bike\\\/fr\\\/produit\\\/speedup-furious-pour-fazua\\\/#primaryimage\",\"url\":\"https:\\\/\\\/www.speedfun.bike\\\/wp-content\\\/uploads\\\/2022\\\/05\\\/Furious-Evo-Fazua-tuning-1_new.png\",\"contentUrl\":\"https:\\\/\\\/www.speedfun.bike\\\/wp-content\\\/uploads\\\/2022\\\/05\\\/Furious-Evo-Fazua-tuning-1_new.png\",\"width\":2745,\"height\":2197,\"caption\":\"SpeedFun Furious Evo est un r\u00e9glage de v\u00e9lo \u00e9lectrique qui vous permet de d\u00e9bloquer la vitesse sup\u00e9rieure \u00e0 25 km\\\/h des moteurs de v\u00e9lo \u00e9lectrique Fazua Evation System. Sp\u00e9cialement con\u00e7u pour les moteurs Fazua Evation System principalement mont\u00e9s sur les v\u00e9los \u00e9lectriques Pinarello, Focus, Cube et bien d'autres.\"},{\"@type\":\"BreadcrumbList\",\"@id\":\"https:\\\/\\\/speedfun.bike\\\/fr\\\/produit\\\/speedup-furious-pour-fazua\\\/#breadcrumb\",\"itemListElement\":[{\"@type\":\"ListItem\",\"position\":1,\"name\":\"Home\",\"item\":\"https:\\\/\\\/speedfun.bike\\\/fr\\\/\"},{\"@type\":\"ListItem\",\"position\":2,\"name\":\"Boutique\",\"item\":\"https:\\\/\\\/speedfun.bike\\\/fr\\\/boutique\\\/\"},{\"@type\":\"ListItem\",\"position\":3,\"name\":\"SpeedFun Furious Evo pour Fazua Ride 50\"}]},{\"@type\":\"WebSite\",\"@id\":\"https:\\\/\\\/speedfun.bike\\\/#website\",\"url\":\"https:\\\/\\\/speedfun.bike\\\/\",\"name\":\"Speed Fun\",\"description\":\"Sblocco velocit\u00e0 bici elettriche\",\"potentialAction\":[{\"@type\":\"SearchAction\",\"target\":{\"@type\":\"EntryPoint\",\"urlTemplate\":\"https:\\\/\\\/speedfun.bike\\\/?s={search_term_string}\"},\"query-input\":{\"@type\":\"PropertyValueSpecification\",\"valueRequired\":true,\"valueName\":\"search_term_string\"}}],\"inLanguage\":\"fr-FR\"}]}<\/script>\n<!-- \/ Yoast SEO plugin. -->","yoast_head_json":{"title":"SpeedFun tuning ebike Furious Evo Fazua Ride 50 - SpeedFun ebike tuning","description":"SpeedFun Furious Evo est une puce de r\u00e9glage pour v\u00e9los \u00e9lectriques avec moteur Fazua Ride 50 Vitesse sup\u00e9rieure \u00e0 60 km\/h, \u00e9quip\u00e9e de connecteurs d'origine. Exp\u00e9dition sous 24 heures.","robots":{"index":"index","follow":"follow","max-snippet":"max-snippet:-1","max-image-preview":"max-image-preview:large","max-video-preview":"max-video-preview:-1"},"canonical":"https:\/\/speedfun.bike\/fr\/produit\/speedup-furious-pour-fazua\/","og_locale":"fr_FR","og_type":"article","og_title":"SpeedFun tuning ebike Furious Evo Fazua Ride 50 - SpeedFun ebike tuning","og_description":"SpeedFun Furious Evo est une puce de r\u00e9glage pour v\u00e9los \u00e9lectriques avec moteur Fazua Ride 50 Vitesse sup\u00e9rieure \u00e0 60 km\/h, \u00e9quip\u00e9e de connecteurs d'origine. Exp\u00e9dition sous 24 heures.","og_url":"https:\/\/speedfun.bike\/fr\/produit\/speedup-furious-pour-fazua\/","og_site_name":"Speed Fun","article_modified_time":"2024-09-04T06:25:10+00:00","og_image":[{"width":2745,"height":2197,"url":"https:\/\/speedfun.bike\/wp-content\/uploads\/2022\/05\/Furious-Evo-Fazua-tuning-1_new.png","type":"image\/png"}],"twitter_card":"summary_large_image","twitter_misc":{"Est. reading time":"3 minutes"},"schema":{"@context":"https:\/\/schema.org","@graph":[{"@type":"WebPage","@id":"https:\/\/speedfun.bike\/fr\/produit\/speedup-furious-pour-fazua\/","url":"https:\/\/speedfun.bike\/fr\/produit\/speedup-furious-pour-fazua\/","name":"SpeedFun tuning ebike Furious Evo Fazua Ride 50 - SpeedFun ebike tuning","isPartOf":{"@id":"https:\/\/speedfun.bike\/#website"},"primaryImageOfPage":{"@id":"https:\/\/speedfun.bike\/fr\/produit\/speedup-furious-pour-fazua\/#primaryimage"},"image":{"@id":"https:\/\/speedfun.bike\/fr\/produit\/speedup-furious-pour-fazua\/#primaryimage"},"thumbnailUrl":"https:\/\/www.speedfun.bike\/wp-content\/uploads\/2022\/05\/Furious-Evo-Fazua-tuning-1_new.png","datePublished":"2018-12-14T09:40:20+00:00","dateModified":"2024-09-04T06:25:10+00:00","description":"SpeedFun Furious Evo est une puce de r\u00e9glage pour v\u00e9los \u00e9lectriques avec moteur Fazua Ride 50 Vitesse sup\u00e9rieure \u00e0 60 km\/h, \u00e9quip\u00e9e de connecteurs d'origine. Exp\u00e9dition sous 24 heures.","breadcrumb":{"@id":"https:\/\/speedfun.bike\/fr\/produit\/speedup-furious-pour-fazua\/#breadcrumb"},"inLanguage":"fr-FR","potentialAction":[{"@type":"ReadAction","target":["https:\/\/speedfun.bike\/fr\/produit\/speedup-furious-pour-fazua\/"]}]},{"@type":"ImageObject","inLanguage":"fr-FR","@id":"https:\/\/speedfun.bike\/fr\/produit\/speedup-furious-pour-fazua\/#primaryimage","url":"https:\/\/www.speedfun.bike\/wp-content\/uploads\/2022\/05\/Furious-Evo-Fazua-tuning-1_new.png","contentUrl":"https:\/\/www.speedfun.bike\/wp-content\/uploads\/2022\/05\/Furious-Evo-Fazua-tuning-1_new.png","width":2745,"height":2197,"caption":"SpeedFun Furious Evo est un r\u00e9glage de v\u00e9lo \u00e9lectrique qui vous permet de d\u00e9bloquer la vitesse sup\u00e9rieure \u00e0 25 km\/h des moteurs de v\u00e9lo \u00e9lectrique Fazua Evation System. Sp\u00e9cialement con\u00e7u pour les moteurs Fazua Evation System principalement mont\u00e9s sur les v\u00e9los \u00e9lectriques Pinarello, Focus, Cube et bien d'autres."},{"@type":"BreadcrumbList","@id":"https:\/\/speedfun.bike\/fr\/produit\/speedup-furious-pour-fazua\/#breadcrumb","itemListElement":[{"@type":"ListItem","position":1,"name":"Home","item":"https:\/\/speedfun.bike\/fr\/"},{"@type":"ListItem","position":2,"name":"Boutique","item":"https:\/\/speedfun.bike\/fr\/boutique\/"},{"@type":"ListItem","position":3,"name":"SpeedFun Furious Evo pour Fazua Ride 50"}]},{"@type":"WebSite","@id":"https:\/\/speedfun.bike\/#website","url":"https:\/\/speedfun.bike\/","name":"Speed Fun","description":"Sblocco velocit\u00e0 bici elettriche","potentialAction":[{"@type":"SearchAction","target":{"@type":"EntryPoint","urlTemplate":"https:\/\/speedfun.bike\/?s={search_term_string}"},"query-input":{"@type":"PropertyValueSpecification","valueRequired":true,"valueName":"search_term_string"}}],"inLanguage":"fr-FR"}]}},"_links":{"self":[{"href":"https:\/\/www.speedfun.bike\/fr\/wp-json\/wp\/v2\/product\/12174","targetHints":{"allow":["GET"]}}],"collection":[{"href":"https:\/\/www.speedfun.bike\/fr\/wp-json\/wp\/v2\/product"}],"about":[{"href":"https:\/\/www.speedfun.bike\/fr\/wp-json\/wp\/v2\/types\/product"}],"replies":[{"embeddable":true,"href":"https:\/\/www.speedfun.bike\/fr\/wp-json\/wp\/v2\/comments?post=12174"}],"wp:featuredmedia":[{"embeddable":true,"href":"https:\/\/www.speedfun.bike\/fr\/wp-json\/wp\/v2\/media\/91847"}],"wp:attachment":[{"href":"https:\/\/www.speedfun.bike\/fr\/wp-json\/wp\/v2\/media?parent=12174"}],"wp:term":[{"taxonomy":"product_brand","embeddable":true,"href":"https:\/\/www.speedfun.bike\/fr\/wp-json\/wp\/v2\/product_brand?post=12174"},{"taxonomy":"product_cat","embeddable":true,"href":"https:\/\/www.speedfun.bike\/fr\/wp-json\/wp\/v2\/product_cat?post=12174"},{"taxonomy":"product_tag","embeddable":true,"href":"https:\/\/www.speedfun.bike\/fr\/wp-json\/wp\/v2\/product_tag?post=12174"}],"curies":[{"name":"wp","href":"https:\/\/api.w.org\/{rel}","templated":true}]}}