{"id":121599,"date":"2023-09-04T17:29:45","date_gmt":"2023-09-04T16:29:45","guid":{"rendered":"https:\/\/speedfun.bike\/prodotto\/121599\/"},"modified":"2026-03-09T07:48:27","modified_gmt":"2026-03-09T06:48:27","slug":"speedfun-furious-evo-easy-pour-tq-hpr50","status":"publish","type":"product","link":"https:\/\/www.speedfun.bike\/fr\/produit\/speedfun-furious-evo-easy-pour-tq-hpr50\/","title":{"rendered":"SpeedFun Furious evo easy+ pour TQ HPR40, HPR50 et HPR60"},"content":{"rendered":"<div class=\"wpb-content-wrapper\"><p>[vc_row][vc_column width=&#8221;1\/1&#8243;][vc_column_text uncode_shortcode_id=&#8221;552481&#8243;]<\/p>\n<h2>Qu&#8217;est-ce que le r\u00e9glage SpeedFun Furious Evo pour TQ HPR40, HPR50 et HPR60?<\/h2>\n<p><strong>La fonction du dispositif de r\u00e9glage Furious Evo pour moteurs TQ TQ HPR40, HPR50 et HPR60<\/strong>\u00a0est de manipuler \u00e9lectroniquement la vitesse de rotation de la roue arri\u00e8re et de communiquer au moteur une vitesse toujours inf\u00e9rieure \u00e0 25 KmH afin d&#8217;obtenir une vitesse r\u00e9elle tr\u00e8s \u00e9lev\u00e9e avec le moteur actif. La limitation de vitesse maximale sera donc dict\u00e9e par la puissance du moteur ajout\u00e9e \u00e0 la puissance exprim\u00e9e par vos jambes (<a href=\"https:\/\/speedfun.bike\/wp-content\/uploads\/2019\/06\/ebike-non-va-a-50-kmh.pdf\">info<\/a>).<\/p>\n<p>Ce dispositif de lib\u00e9ration de vitesse <strong>est compatible avec les moteurs TQ HPR40, HPR50 et HPR60 quel que soit l&#8217;\u00e9cran\/commande au guidon install\u00e9 sur le ebike.<\/strong> Lorsque le r\u00e9glage est actif, l&#8217;\u00e9cran (ou l&#8217;application) affichera la vitesse et les kilom\u00e8tres modifi\u00e9s.<\/p>\n<p>SpeedFun Furious Evo est fourni pr\u00eat \u00e0 l&#8217;emploi, plug and go, peut \u00eatre activ\u00e9 et d\u00e9sactiv\u00e9 \u00e0 volont\u00e9 et maintient le r\u00e9glage m\u00eame apr\u00e8s l&#8217;arr\u00eat du v\u00e9lo \u00e9lectrique. Il s&#8217;installe facilement gr\u00e2ce aux connecteurs originaux et\/ou compatibles.<\/p>\n<div class=\"widget\">\n<p>&nbsp;<\/p>\n<\/div>\n<h2>Ebike avec moteur TQ HPR40, HPR50 et HPR60 sur lequel le dispositif Furious Evo easy+ a \u00e9t\u00e9 install\u00e9 avec succ\u00e8s<\/h2>\n<p>(cette liste est illustrative et non exhaustive)[\/vc_column_text][vc_row_inner][vc_column_inner width=&#8221;1\/3&#8243;][vc_column_text uncode_shortcode_id=&#8221;104815&#8243;]<\/p>\n<p>&#8211; Trek Fuel EXe 9.9 XX1 AXS<br \/>\n&#8211; Trek Fuel EXe 9.9 XTR<br \/>\n&#8211; Trek Domane+ SLR 9 AXS<br \/>\n&#8211; Trek Domane+ SLR 9<br \/>\n&#8211; Trek Fuel EXe 9.8 GX AXS<br \/>\n&#8211; Trek Fuel EXe 9.8 XT<br \/>\n&#8211; Trek Domane + SLR 7 AXS<br \/>\n&#8211; Trek Domane+ SLR 6 AXS<br \/>\n&#8211; Trek Domane+ SLR 7<br \/>\n&#8211; Trek Fuel EXe 9.7<br \/>\n&#8211; Trek Domane+ SLR 6<br \/>\n&#8211; Trek Fuel EXe 9.5<\/p>\n<p>[\/vc_column_text][\/vc_column_inner][vc_column_inner width=&#8221;1\/3&#8243;][vc_column_text uncode_shortcode_id=&#8221;177879&#8243;]<\/p>\n<p>&#8211; Pinarello Nytro E9 Gravel<br \/>\n&#8211; Pinarello Nytro E7 Gravel<br \/>\n&#8211; Pinarello Nytro E5 Gravel<br \/>\n&#8211; Scott Lumen eRIDE 910<br \/>\n&#8211; Scott Lumen eRIDE 900<br \/>\n&#8211; Scott Lumen eRIDE 900 SL<br \/>\n&#8211; BMC Fourstroke AMP LT<br \/>\n&#8211; BMC Fourstroke AMP LT one<br \/>\n&#8211; BMC Fourstroke AMP LT two<br \/>\n&#8211; BMC Fourstroke AMP LT three<br \/>\n&#8211; BMC Roadmachine 01 AMP X<br \/>\n&#8211; Simplon Rapcon Pmax TQ<\/p>\n<p>[\/vc_column_text][\/vc_column_inner][vc_column_inner width=&#8221;1\/3&#8243;][vc_column_text uncode_shortcode_id=&#8221;977771&#8243;]<\/p>\n<p>&#8211; Mondraker Neat RR<br \/>\n&#8211; Mondraker Neat R<br \/>\n&#8211; Fantic Rampage 1.2 Race<br \/>\n&#8211; Fantic Rampage 1.2 Factory<br \/>\n&#8211; Fantic Rampage 1.4 Race<br \/>\n&#8211; Fantic Rampage 1.4 Sport<br \/>\n&#8211; Fantic Rampage 1.4 Factory<br \/>\n\u2013 Rotwild R.X275<br \/>\n\u2013 Bergamont E-Vitess Elite<br \/>\n\u2013 Bergamont E-Vitess Expert<\/p>\n<p>[\/vc_column_text][\/vc_column_inner][\/vc_row_inner][\/vc_column][\/vc_row][vc_row row_height_percent=&#8221;0&#8243; back_color=&#8221;color-jevc&#8221; overlay_alpha=&#8221;50&#8243; gutter_size=&#8221;3&#8243; column_width_percent=&#8221;100&#8243; shift_y=&#8221;0&#8243; z_index=&#8221;0&#8243; uncode_shortcode_id=&#8221;125231&#8243; back_color_type=&#8221;uncode-palette&#8221;][vc_column width=&#8221;1\/1&#8243;][vc_gallery el_id=&#8221;gallery-152035&#8243; medias=&#8221;123174,123177,123171&#8243; gutter_size=&#8221;3&#8243; screen_lg=&#8221;1000&#8243; screen_md=&#8221;600&#8243; screen_sm=&#8221;480&#8243; single_overlay_opacity=&#8221;50&#8243; single_padding=&#8221;2&#8243; uncode_shortcode_id=&#8221;225528&#8243;][\/vc_column][\/vc_row]<\/p>\n<\/div>","protected":false},"excerpt":{"rendered":"<p>SpeedFun Furious Evo easy+ est un tuning pour ebike \u00e9quip\u00e9s d&#8217;un moteur TQ HPR40, HPR50 et HPR60 qui permet de supprimer le blocage de vitesse de 25 km\/h.<\/p>\n<p>Ce dispositif de d\u00e9clenchement est sp\u00e9cialement con\u00e7u pour les moteurs TQ HPR40, HPR50 et HPR60 utilis\u00e9s principalement par Cube, Focus, Riese &amp; Muller, Haibike, Ghost, Bulls et bien d&#8217;autres, quel que soit l&#8217;\u00e9cran ou la commande au guidon.<\/p>\n<p>Tous les d\u00e9clencheurs rapides SpeedFun Furious Evo peuvent \u00eatre activ\u00e9s et d\u00e9sactiv\u00e9s \u00e0 tout moment et sans avoir besoin de connexions \u00e0 la sortie lumineuse.<\/p>\n","protected":false},"featured_media":141716,"comment_status":"open","ping_status":"closed","template":"","meta":{"_acf_changed":false},"product_brand":[],"product_cat":[273,110],"product_tag":[],"class_list":{"0":"post-121599","1":"product","2":"type-product","3":"status-publish","4":"has-post-thumbnail","6":"product_cat-furious-fr","7":"product_cat-for-flyon-fr","8":"product_shipping_class-armadi-fr","10":"first","11":"instock","12":"taxable","13":"shipping-taxable","14":"purchasable","15":"product-type-simple"},"acf":[],"yoast_head":"<!-- This site is optimized with the Yoast SEO plugin v27.3 - https:\/\/yoast.com\/product\/yoast-seo-wordpress\/ -->\n<title>Kit Furious Evo TQ HPR40 HPR50 HPR60 - SpeedFun ebike tuning<\/title>\n<meta name=\"description\" content=\"SpeedFun Furious evo est un kit de r\u00e9glage de ebike pour les moteurs TQ HPR40, HPR50 et HPR60 qui vous permet de d\u00e9bloquer la vitesse sup\u00e9rieure \u00e0 60 km\/h. Appareils Plug and Go\u00a0!\" \/>\n<meta name=\"robots\" content=\"index, follow, max-snippet:-1, max-image-preview:large, max-video-preview:-1\" \/>\n<link rel=\"canonical\" href=\"https:\/\/www.speedfun.bike\/fr\/produit\/speedfun-furious-evo-easy-pour-tq-hpr50\/\" \/>\n<meta property=\"og:locale\" content=\"fr_FR\" \/>\n<meta property=\"og:type\" content=\"article\" \/>\n<meta property=\"og:title\" content=\"Kit Furious Evo TQ HPR40 HPR50 HPR60 - SpeedFun ebike tuning\" \/>\n<meta property=\"og:description\" content=\"SpeedFun Furious evo est un kit de r\u00e9glage de ebike pour les moteurs TQ HPR40, HPR50 et HPR60 qui vous permet de d\u00e9bloquer la vitesse sup\u00e9rieure \u00e0 60 km\/h. Appareils Plug and Go\u00a0!\" \/>\n<meta property=\"og:url\" content=\"https:\/\/www.speedfun.bike\/fr\/produit\/speedfun-furious-evo-easy-pour-tq-hpr50\/\" \/>\n<meta property=\"og:site_name\" content=\"Speed Fun\" \/>\n<meta property=\"article:modified_time\" content=\"2026-03-09T06:48:27+00:00\" \/>\n<meta property=\"og:image\" content=\"https:\/\/www.speedfun.bike\/wp-content\/uploads\/2024\/10\/SpeedFun-Furious-evo-easy-for-TQ-HPR50-ebike-tuning_original-connectors_product_resized-scaled.jpg\" \/>\n\t<meta property=\"og:image:width\" content=\"2560\" \/>\n\t<meta property=\"og:image:height\" content=\"2049\" \/>\n\t<meta property=\"og:image:type\" content=\"image\/jpeg\" \/>\n<meta name=\"twitter:card\" content=\"summary_large_image\" \/>\n<meta name=\"twitter:label1\" content=\"Est. reading time\" \/>\n\t<meta name=\"twitter:data1\" content=\"3 minutes\" \/>\n<script type=\"application\/ld+json\" class=\"yoast-schema-graph\">{\"@context\":\"https:\\\/\\\/schema.org\",\"@graph\":[{\"@type\":\"WebPage\",\"@id\":\"https:\\\/\\\/www.speedfun.bike\\\/fr\\\/produit\\\/speedfun-furious-evo-easy-pour-tq-hpr50\\\/\",\"url\":\"https:\\\/\\\/www.speedfun.bike\\\/fr\\\/produit\\\/speedfun-furious-evo-easy-pour-tq-hpr50\\\/\",\"name\":\"Kit Furious Evo TQ HPR40 HPR50 HPR60 - SpeedFun ebike tuning\",\"isPartOf\":{\"@id\":\"https:\\\/\\\/www.speedfun.bike\\\/#website\"},\"primaryImageOfPage\":{\"@id\":\"https:\\\/\\\/www.speedfun.bike\\\/fr\\\/produit\\\/speedfun-furious-evo-easy-pour-tq-hpr50\\\/#primaryimage\"},\"image\":{\"@id\":\"https:\\\/\\\/www.speedfun.bike\\\/fr\\\/produit\\\/speedfun-furious-evo-easy-pour-tq-hpr50\\\/#primaryimage\"},\"thumbnailUrl\":\"https:\\\/\\\/www.speedfun.bike\\\/wp-content\\\/uploads\\\/2024\\\/10\\\/SpeedFun-Furious-evo-easy-for-TQ-HPR50-ebike-tuning_original-connectors_product_resized-scaled.jpg\",\"datePublished\":\"2023-09-04T16:29:45+00:00\",\"dateModified\":\"2026-03-09T06:48:27+00:00\",\"description\":\"SpeedFun Furious evo est un kit de r\u00e9glage de ebike pour les moteurs TQ HPR40, HPR50 et HPR60 qui vous permet de d\u00e9bloquer la vitesse sup\u00e9rieure \u00e0 60 km\\\/h. Appareils Plug and Go\u00a0!\",\"breadcrumb\":{\"@id\":\"https:\\\/\\\/www.speedfun.bike\\\/fr\\\/produit\\\/speedfun-furious-evo-easy-pour-tq-hpr50\\\/#breadcrumb\"},\"inLanguage\":\"fr-FR\",\"potentialAction\":[{\"@type\":\"ReadAction\",\"target\":[\"https:\\\/\\\/www.speedfun.bike\\\/fr\\\/produit\\\/speedfun-furious-evo-easy-pour-tq-hpr50\\\/\"]}]},{\"@type\":\"ImageObject\",\"inLanguage\":\"fr-FR\",\"@id\":\"https:\\\/\\\/www.speedfun.bike\\\/fr\\\/produit\\\/speedfun-furious-evo-easy-pour-tq-hpr50\\\/#primaryimage\",\"url\":\"https:\\\/\\\/www.speedfun.bike\\\/wp-content\\\/uploads\\\/2024\\\/10\\\/SpeedFun-Furious-evo-easy-for-TQ-HPR50-ebike-tuning_original-connectors_product_resized-scaled.jpg\",\"contentUrl\":\"https:\\\/\\\/www.speedfun.bike\\\/wp-content\\\/uploads\\\/2024\\\/10\\\/SpeedFun-Furious-evo-easy-for-TQ-HPR50-ebike-tuning_original-connectors_product_resized-scaled.jpg\",\"width\":2560,\"height\":2049,\"caption\":\"Le r\u00e9glage du v\u00e9lo \u00e9lectrique SpeedFun Furious evo pour les moteurs TQ HPR50 et TQ HPR60 est un dispositif de lib\u00e9ration de vitesse qui vous permet de supprimer la limite de 50 km\\\/h sur le v\u00e9lo \u00e9lectrique, vous permettant ainsi de profiter pleinement de l'excellent moteur TQ HPR50. Ce kit tuning est livr\u00e9 pr\u00eat \u00e0 l'emploi, plug and go et est \u00e9quip\u00e9 de connecteurs d'origine.\"},{\"@type\":\"BreadcrumbList\",\"@id\":\"https:\\\/\\\/www.speedfun.bike\\\/fr\\\/produit\\\/speedfun-furious-evo-easy-pour-tq-hpr50\\\/#breadcrumb\",\"itemListElement\":[{\"@type\":\"ListItem\",\"position\":1,\"name\":\"Home\",\"item\":\"https:\\\/\\\/www.speedfun.bike\\\/fr\\\/\"},{\"@type\":\"ListItem\",\"position\":2,\"name\":\"Boutique\",\"item\":\"https:\\\/\\\/www.speedfun.bike\\\/fr\\\/boutique\\\/\"},{\"@type\":\"ListItem\",\"position\":3,\"name\":\"SpeedFun Furious evo easy+ pour TQ HPR40, HPR50 et HPR60\"}]},{\"@type\":\"WebSite\",\"@id\":\"https:\\\/\\\/www.speedfun.bike\\\/#website\",\"url\":\"https:\\\/\\\/www.speedfun.bike\\\/\",\"name\":\"Speed Fun\",\"description\":\"Sblocco velocit\u00e0 bici elettriche\",\"potentialAction\":[{\"@type\":\"SearchAction\",\"target\":{\"@type\":\"EntryPoint\",\"urlTemplate\":\"https:\\\/\\\/www.speedfun.bike\\\/?s={search_term_string}\"},\"query-input\":{\"@type\":\"PropertyValueSpecification\",\"valueRequired\":true,\"valueName\":\"search_term_string\"}}],\"inLanguage\":\"fr-FR\"}]}<\/script>\n<!-- \/ Yoast SEO plugin. -->","yoast_head_json":{"title":"Kit Furious Evo TQ HPR40 HPR50 HPR60 - SpeedFun ebike tuning","description":"SpeedFun Furious evo est un kit de r\u00e9glage de ebike pour les moteurs TQ HPR40, HPR50 et HPR60 qui vous permet de d\u00e9bloquer la vitesse sup\u00e9rieure \u00e0 60 km\/h. Appareils Plug and Go\u00a0!","robots":{"index":"index","follow":"follow","max-snippet":"max-snippet:-1","max-image-preview":"max-image-preview:large","max-video-preview":"max-video-preview:-1"},"canonical":"https:\/\/www.speedfun.bike\/fr\/produit\/speedfun-furious-evo-easy-pour-tq-hpr50\/","og_locale":"fr_FR","og_type":"article","og_title":"Kit Furious Evo TQ HPR40 HPR50 HPR60 - SpeedFun ebike tuning","og_description":"SpeedFun Furious evo est un kit de r\u00e9glage de ebike pour les moteurs TQ HPR40, HPR50 et HPR60 qui vous permet de d\u00e9bloquer la vitesse sup\u00e9rieure \u00e0 60 km\/h. Appareils Plug and Go\u00a0!","og_url":"https:\/\/www.speedfun.bike\/fr\/produit\/speedfun-furious-evo-easy-pour-tq-hpr50\/","og_site_name":"Speed Fun","article_modified_time":"2026-03-09T06:48:27+00:00","og_image":[{"width":2560,"height":2049,"url":"https:\/\/www.speedfun.bike\/wp-content\/uploads\/2024\/10\/SpeedFun-Furious-evo-easy-for-TQ-HPR50-ebike-tuning_original-connectors_product_resized-scaled.jpg","type":"image\/jpeg"}],"twitter_card":"summary_large_image","twitter_misc":{"Est. reading time":"3 minutes"},"schema":{"@context":"https:\/\/schema.org","@graph":[{"@type":"WebPage","@id":"https:\/\/www.speedfun.bike\/fr\/produit\/speedfun-furious-evo-easy-pour-tq-hpr50\/","url":"https:\/\/www.speedfun.bike\/fr\/produit\/speedfun-furious-evo-easy-pour-tq-hpr50\/","name":"Kit Furious Evo TQ HPR40 HPR50 HPR60 - SpeedFun ebike tuning","isPartOf":{"@id":"https:\/\/www.speedfun.bike\/#website"},"primaryImageOfPage":{"@id":"https:\/\/www.speedfun.bike\/fr\/produit\/speedfun-furious-evo-easy-pour-tq-hpr50\/#primaryimage"},"image":{"@id":"https:\/\/www.speedfun.bike\/fr\/produit\/speedfun-furious-evo-easy-pour-tq-hpr50\/#primaryimage"},"thumbnailUrl":"https:\/\/www.speedfun.bike\/wp-content\/uploads\/2024\/10\/SpeedFun-Furious-evo-easy-for-TQ-HPR50-ebike-tuning_original-connectors_product_resized-scaled.jpg","datePublished":"2023-09-04T16:29:45+00:00","dateModified":"2026-03-09T06:48:27+00:00","description":"SpeedFun Furious evo est un kit de r\u00e9glage de ebike pour les moteurs TQ HPR40, HPR50 et HPR60 qui vous permet de d\u00e9bloquer la vitesse sup\u00e9rieure \u00e0 60 km\/h. Appareils Plug and Go\u00a0!","breadcrumb":{"@id":"https:\/\/www.speedfun.bike\/fr\/produit\/speedfun-furious-evo-easy-pour-tq-hpr50\/#breadcrumb"},"inLanguage":"fr-FR","potentialAction":[{"@type":"ReadAction","target":["https:\/\/www.speedfun.bike\/fr\/produit\/speedfun-furious-evo-easy-pour-tq-hpr50\/"]}]},{"@type":"ImageObject","inLanguage":"fr-FR","@id":"https:\/\/www.speedfun.bike\/fr\/produit\/speedfun-furious-evo-easy-pour-tq-hpr50\/#primaryimage","url":"https:\/\/www.speedfun.bike\/wp-content\/uploads\/2024\/10\/SpeedFun-Furious-evo-easy-for-TQ-HPR50-ebike-tuning_original-connectors_product_resized-scaled.jpg","contentUrl":"https:\/\/www.speedfun.bike\/wp-content\/uploads\/2024\/10\/SpeedFun-Furious-evo-easy-for-TQ-HPR50-ebike-tuning_original-connectors_product_resized-scaled.jpg","width":2560,"height":2049,"caption":"Le r\u00e9glage du v\u00e9lo \u00e9lectrique SpeedFun Furious evo pour les moteurs TQ HPR50 et TQ HPR60 est un dispositif de lib\u00e9ration de vitesse qui vous permet de supprimer la limite de 50 km\/h sur le v\u00e9lo \u00e9lectrique, vous permettant ainsi de profiter pleinement de l'excellent moteur TQ HPR50. Ce kit tuning est livr\u00e9 pr\u00eat \u00e0 l'emploi, plug and go et est \u00e9quip\u00e9 de connecteurs d'origine."},{"@type":"BreadcrumbList","@id":"https:\/\/www.speedfun.bike\/fr\/produit\/speedfun-furious-evo-easy-pour-tq-hpr50\/#breadcrumb","itemListElement":[{"@type":"ListItem","position":1,"name":"Home","item":"https:\/\/www.speedfun.bike\/fr\/"},{"@type":"ListItem","position":2,"name":"Boutique","item":"https:\/\/www.speedfun.bike\/fr\/boutique\/"},{"@type":"ListItem","position":3,"name":"SpeedFun Furious evo easy+ pour TQ HPR40, HPR50 et HPR60"}]},{"@type":"WebSite","@id":"https:\/\/www.speedfun.bike\/#website","url":"https:\/\/www.speedfun.bike\/","name":"Speed Fun","description":"Sblocco velocit\u00e0 bici elettriche","potentialAction":[{"@type":"SearchAction","target":{"@type":"EntryPoint","urlTemplate":"https:\/\/www.speedfun.bike\/?s={search_term_string}"},"query-input":{"@type":"PropertyValueSpecification","valueRequired":true,"valueName":"search_term_string"}}],"inLanguage":"fr-FR"}]}},"_links":{"self":[{"href":"https:\/\/www.speedfun.bike\/fr\/wp-json\/wp\/v2\/product\/121599","targetHints":{"allow":["GET"]}}],"collection":[{"href":"https:\/\/www.speedfun.bike\/fr\/wp-json\/wp\/v2\/product"}],"about":[{"href":"https:\/\/www.speedfun.bike\/fr\/wp-json\/wp\/v2\/types\/product"}],"replies":[{"embeddable":true,"href":"https:\/\/www.speedfun.bike\/fr\/wp-json\/wp\/v2\/comments?post=121599"}],"wp:featuredmedia":[{"embeddable":true,"href":"https:\/\/www.speedfun.bike\/fr\/wp-json\/wp\/v2\/media\/141716"}],"wp:attachment":[{"href":"https:\/\/www.speedfun.bike\/fr\/wp-json\/wp\/v2\/media?parent=121599"}],"wp:term":[{"taxonomy":"product_brand","embeddable":true,"href":"https:\/\/www.speedfun.bike\/fr\/wp-json\/wp\/v2\/product_brand?post=121599"},{"taxonomy":"product_cat","embeddable":true,"href":"https:\/\/www.speedfun.bike\/fr\/wp-json\/wp\/v2\/product_cat?post=121599"},{"taxonomy":"product_tag","embeddable":true,"href":"https:\/\/www.speedfun.bike\/fr\/wp-json\/wp\/v2\/product_tag?post=121599"}],"curies":[{"name":"wp","href":"https:\/\/api.w.org\/{rel}","templated":true}]}}