{"id":12075,"date":"2018-12-10T16:53:03","date_gmt":"2018-12-10T15:53:03","guid":{"rendered":"https:\/\/speedfun.bike\/prodotto\/couverture-conteneur-pour-fazua\/"},"modified":"2024-03-19T17:00:26","modified_gmt":"2024-03-19T16:00:26","slug":"couverture-conteneur-pour-fazua","status":"publish","type":"product","link":"https:\/\/www.speedfun.bike\/fr\/produit\/couverture-conteneur-pour-fazua\/","title":{"rendered":"couverture conteneur pour Fazua"},"content":{"rendered":"<div class=\"wpb-content-wrapper\"><p>[vc_row][vc_column width=&#8221;1\/1&#8243;][vc_column_text uncode_shortcode_id=&#8221;480315&#8243;]<\/p>\n<h2>Quel est le couverture conteneur pour Fazua Ride 50?<\/h2>\n<p>Le couverture conteneur pour Fazua Ride 50 a \u00e9t\u00e9 sp\u00e9cialement con\u00e7u par SpeedFun pour obtenir un conteneur pour le dispositif de lib\u00e9ration Furious et, en m\u00eame temps, pour prot\u00e9ger contre les projections d\u2019eau caus\u00e9es par la rotation de la roue dans la zone &#8220;connecteurs&#8221; de la bo\u00eete de vitesses Fazua. Certains v\u00e9los \u00e9lectriques sont compl\u00e8tement non prot\u00e9g\u00e9s et dans ce cas, la housse est tr\u00e8s utile. Certains v\u00e9los \u00e9lectriques, par exemple Pinarello Nytro, sont fournis avec un carter moteur qui doit malheureusement \u00eatre retir\u00e9 si vous souhaitez placer l&#8217;appareil dans la zone pratique des connecteurs avant.<\/p>\n<p>Le dispositif Furieux pourrait \u00e9galement \u00eatre plac\u00e9 au-dessus de la bo\u00eete de vitesses, \u00e0 l&#8217;int\u00e9rieur des cavit\u00e9s du cadre, mais cette op\u00e9ration n\u00e9cessite un peu plus de dext\u00e9rit\u00e9 pour pouvoir enlever la bo\u00eete de vitesses elle-m\u00eame. Dans ce cas, le couvercle du conteneur n&#8217;est pas indispensable.<\/p>\n<p>Le couverture conteneur est disponible s\u00e9par\u00e9ment et n&#8217;est pas fourni avec l&#8217;appareil.<\/p>\n<p>Le couvercle du conteneur est en PLA imprim\u00e9 avec une imprimante 3D et doit \u00eatre fix\u00e9 \u00e0 l&#8217;aide des deux vis fournies pour remplacer les vis existantes de la bo\u00eete \u00e0 engrenages. En raison de la nature de l&#8217;objet et de la mani\u00e8re dont il est produit, nous ne pouvons garantir une ex\u00e9cution parfaite et une finition esth\u00e9tique.<\/p>\n<p>Nous avons \u00e9galement cr\u00e9\u00e9 une version sp\u00e9cifique du couvercle du conteneur pour Pinarello Nytro, qui comprend un coin en PLA n\u2019ayant que des fonctions esth\u00e9tiques consistant \u00e0 remplir une surface que le cadre particulier du Nytro laisserait autrement vide.[\/vc_column_text][vc_row_inner][vc_column_inner width=&#8221;2\/3&#8243;][vc_column_text]Cette nouvelle couverture, par rapport \u00e0 la version pr\u00e9c\u00e9dente, est toujours imprim\u00e9e en PLA (100% recyclable et \u00e9cologique) mais avec un remplissage plus important et une hauteur de couche tr\u00e8s r\u00e9duite afin de garantir une plus grande r\u00e9sistance et une finition extr\u00eamement agr\u00e9able.<br \/>\nUn si\u00e8ge a \u00e9t\u00e9 ajout\u00e9 \u00e0 l&#8217;int\u00e9rieur pour placer le r\u00e9glage SpeedFun Furious evo pour Fazua afin de faciliter davantage l&#8217;installation. En fait, il suffira de placer le r\u00e9glage dans le si\u00e8ge jusqu&#8217;\u00e0 ce que vous entendiez un &#8220;clic&#8221; et de fermer le couvercle en le fixant avec les vis appropri\u00e9es.[\/vc_column_text][\/vc_column_inner][vc_column_inner width=&#8221;1\/3&#8243;][vc_gallery el_id=&#8221;gallery-373996&#8243; type=&#8221;carousel&#8221; medias=&#8221;87478,87477&#8243; carousel_lg=&#8221;1&#8243; carousel_md=&#8221;1&#8243; carousel_sm=&#8221;1&#8243; gutter_size=&#8221;3&#8243; carousel_interval=&#8221;5000&#8243; carousel_navspeed=&#8221;400&#8243; carousel_loop=&#8221;yes&#8221; carousel_nav=&#8221;yes&#8221; carousel_nav_mobile=&#8221;yes&#8221; stage_padding=&#8221;0&#8243; single_overlay_opacity=&#8221;50&#8243; single_reduced=&#8221;half&#8221; single_padding=&#8221;2&#8243;][\/vc_column_inner][\/vc_row_inner][vc_column_text uncode_shortcode_id=&#8221;113277&#8243;]<\/p>\n<h2>Ebike avec moteur Fazua Ride 50 o\u00f9 la couverture conteneur a \u00e9t\u00e9 install\u00e9e avec succ\u00e8s<\/h2>\n<div class=\"uncode_text_column\">\n<p>(cette liste est exemplaire et non exhaustive)<\/p>\n<\/div>\n<p>[\/vc_column_text][vc_row_inner][vc_column_inner width=&#8221;1\/3&#8243;][vc_column_text]- Pinarello Nytro E-Road Bike<br \/>\n&#8211; Lombardo E-Mugello Road<br \/>\n&#8211; Cube Agree Hybrid C:62<br \/>\n&#8211; Whistle Flow<br \/>\n&#8211; Bianchi E-Doardo[\/vc_column_text][\/vc_column_inner][vc_column_inner width=&#8221;1\/3&#8243;][vc_column_text]- Fantic Passo Giau<br \/>\n&#8211; Focus Project Y<br \/>\n&#8211; Maserati MC Corse<br \/>\n&#8211; Focus Raven 2[\/vc_column_text][\/vc_column_inner][vc_column_inner width=&#8221;1\/3&#8243;][vc_column_text]- Focus Raven 2<br \/>\n&#8211; Whistle E-Road Flow<br \/>\n&#8211; Focus Paralane\u00b2 e-road<br \/>\n&#8211; Boardman ADV 8.9E Adventure Electric Bike[\/vc_column_text][\/vc_column_inner][\/vc_row_inner][\/vc_column][\/vc_row][vc_row row_height_percent=&#8221;0&#8243; back_color=&#8221;color-jevc&#8221; overlay_alpha=&#8221;50&#8243; gutter_size=&#8221;3&#8243; shift_y=&#8221;0&#8243;][vc_column width=&#8221;1\/1&#8243;][vc_gallery el_id=&#8221;gallery-103188&#8243; medias=&#8221;11834,12202,11831&#8243; gutter_size=&#8221;3&#8243; screen_lg=&#8221;1000&#8243; screen_md=&#8221;600&#8243; screen_sm=&#8221;480&#8243; single_overlay_opacity=&#8221;50&#8243; single_padding=&#8221;2&#8243;][\/vc_column][\/vc_row]<\/p>\n<\/div>","protected":false},"excerpt":{"rendered":"<p>Ce couvercle de conteneur a \u00e9t\u00e9 sp\u00e9cialement con\u00e7u par SpeedFun pour obtenir un conteneur pour le dispositif de lib\u00e9ration Furious et, en m\u00eame temps, pour prot\u00e9ger contre les \u00e9claboussures d&#8217;eau caus\u00e9es par la rotation de la roue dans la zone &#8220;connecteurs&#8221; de l&#8217;engrenage Fazua -bo\u00eete.<\/p>\n<p>En raison du tr\u00e8s peu d&#8217;espace disponible, cette couverture sp\u00e9ciale a \u00e9t\u00e9 cr\u00e9\u00e9e qui, gr\u00e2ce \u00e0 sa forme, facilitera l&#8217;installation de tout dispositif de d\u00e9verrouillage, vous donnant plus d&#8217;espace et \u00e9vitant d&#8217;avoir \u00e0 abaisser le moteur pour ins\u00e9rer le dispositif dans le cadre.<\/p>\n<p>Produit compatible uniquement et exclusivement avec les moteurs Fazua Ride 50.<\/p>\n","protected":false},"featured_media":87483,"comment_status":"closed","ping_status":"closed","template":"","meta":{"_acf_changed":false},"product_brand":[],"product_cat":[69],"product_tag":[],"class_list":{"0":"post-12075","1":"product","2":"type-product","3":"status-publish","4":"has-post-thumbnail","6":"product_cat-for-fazua-fr","7":"product_shipping_class-armadi-fr","9":"first","10":"instock","11":"taxable","12":"shipping-taxable","13":"purchasable","14":"product-type-variable"},"acf":[],"yoast_head":"<!-- This site is optimized with the Yoast SEO plugin v27.3 - https:\/\/yoast.com\/product\/yoast-seo-wordpress\/ -->\n<title>Cover gear box pour Moteurs Fazua Ride 50 - SpeedFun ebike tuning<\/title>\n<meta name=\"description\" content=\"Housse sp\u00e9cialement con\u00e7ue pour contenir le r\u00e9glage du v\u00e9lo \u00e9lectrique SpeedFun et pour prot\u00e9ger des \u00e9claboussures d&#039;eau caus\u00e9es par la rotation de la roue dans la zone &quot;connecteurs&quot; de la bo\u00eete de vitesses Fazua\" \/>\n<meta name=\"robots\" content=\"index, follow, max-snippet:-1, max-image-preview:large, max-video-preview:-1\" \/>\n<link rel=\"canonical\" href=\"https:\/\/www.speedfun.bike\/fr\/produit\/couverture-conteneur-pour-fazua\/\" \/>\n<meta property=\"og:locale\" content=\"fr_FR\" \/>\n<meta property=\"og:type\" content=\"article\" \/>\n<meta property=\"og:title\" content=\"Cover gear box pour Moteurs Fazua Ride 50 - SpeedFun ebike tuning\" \/>\n<meta property=\"og:description\" content=\"Housse sp\u00e9cialement con\u00e7ue pour contenir le r\u00e9glage du v\u00e9lo \u00e9lectrique SpeedFun et pour prot\u00e9ger des \u00e9claboussures d&#039;eau caus\u00e9es par la rotation de la roue dans la zone &quot;connecteurs&quot; de la bo\u00eete de vitesses Fazua\" \/>\n<meta property=\"og:url\" content=\"https:\/\/www.speedfun.bike\/fr\/produit\/couverture-conteneur-pour-fazua\/\" \/>\n<meta property=\"og:site_name\" content=\"Speed Fun\" \/>\n<meta property=\"article:modified_time\" content=\"2024-03-19T16:00:26+00:00\" \/>\n<meta property=\"og:image\" content=\"https:\/\/www.speedfun.bike\/wp-content\/uploads\/2022\/03\/Cover-Fazua-3.0_product-scaled.jpg\" \/>\n\t<meta property=\"og:image:width\" content=\"2560\" \/>\n\t<meta property=\"og:image:height\" content=\"2049\" \/>\n\t<meta property=\"og:image:type\" content=\"image\/jpeg\" \/>\n<meta name=\"twitter:card\" content=\"summary_large_image\" \/>\n<meta name=\"twitter:label1\" content=\"Est. reading time\" \/>\n\t<meta name=\"twitter:data1\" content=\"3 minutes\" \/>\n<script type=\"application\/ld+json\" class=\"yoast-schema-graph\">{\"@context\":\"https:\\\/\\\/schema.org\",\"@graph\":[{\"@type\":\"WebPage\",\"@id\":\"https:\\\/\\\/www.speedfun.bike\\\/fr\\\/produit\\\/couverture-conteneur-pour-fazua\\\/\",\"url\":\"https:\\\/\\\/www.speedfun.bike\\\/fr\\\/produit\\\/couverture-conteneur-pour-fazua\\\/\",\"name\":\"Cover gear box pour Moteurs Fazua Ride 50 - SpeedFun ebike tuning\",\"isPartOf\":{\"@id\":\"https:\\\/\\\/www.speedfun.bike\\\/#website\"},\"primaryImageOfPage\":{\"@id\":\"https:\\\/\\\/www.speedfun.bike\\\/fr\\\/produit\\\/couverture-conteneur-pour-fazua\\\/#primaryimage\"},\"image\":{\"@id\":\"https:\\\/\\\/www.speedfun.bike\\\/fr\\\/produit\\\/couverture-conteneur-pour-fazua\\\/#primaryimage\"},\"thumbnailUrl\":\"https:\\\/\\\/www.speedfun.bike\\\/wp-content\\\/uploads\\\/2022\\\/03\\\/Cover-Fazua-3.0_product-scaled.jpg\",\"datePublished\":\"2018-12-10T15:53:03+00:00\",\"dateModified\":\"2024-03-19T16:00:26+00:00\",\"description\":\"Housse sp\u00e9cialement con\u00e7ue pour contenir le r\u00e9glage du v\u00e9lo \u00e9lectrique SpeedFun et pour prot\u00e9ger des \u00e9claboussures d'eau caus\u00e9es par la rotation de la roue dans la zone \\\"connecteurs\\\" de la bo\u00eete de vitesses Fazua\",\"breadcrumb\":{\"@id\":\"https:\\\/\\\/www.speedfun.bike\\\/fr\\\/produit\\\/couverture-conteneur-pour-fazua\\\/#breadcrumb\"},\"inLanguage\":\"fr-FR\",\"potentialAction\":[{\"@type\":\"ReadAction\",\"target\":[\"https:\\\/\\\/www.speedfun.bike\\\/fr\\\/produit\\\/couverture-conteneur-pour-fazua\\\/\"]}]},{\"@type\":\"ImageObject\",\"inLanguage\":\"fr-FR\",\"@id\":\"https:\\\/\\\/www.speedfun.bike\\\/fr\\\/produit\\\/couverture-conteneur-pour-fazua\\\/#primaryimage\",\"url\":\"https:\\\/\\\/www.speedfun.bike\\\/wp-content\\\/uploads\\\/2022\\\/03\\\/Cover-Fazua-3.0_product-scaled.jpg\",\"contentUrl\":\"https:\\\/\\\/www.speedfun.bike\\\/wp-content\\\/uploads\\\/2022\\\/03\\\/Cover-Fazua-3.0_product-scaled.jpg\",\"width\":2560,\"height\":2049,\"caption\":\"Couvercle SpeedFun pour la zone des connecteurs du moteur et du syst\u00e8me Fazua Evation\"},{\"@type\":\"BreadcrumbList\",\"@id\":\"https:\\\/\\\/www.speedfun.bike\\\/fr\\\/produit\\\/couverture-conteneur-pour-fazua\\\/#breadcrumb\",\"itemListElement\":[{\"@type\":\"ListItem\",\"position\":1,\"name\":\"Home\",\"item\":\"https:\\\/\\\/www.speedfun.bike\\\/fr\\\/\"},{\"@type\":\"ListItem\",\"position\":2,\"name\":\"Boutique\",\"item\":\"https:\\\/\\\/www.speedfun.bike\\\/fr\\\/boutique\\\/\"},{\"@type\":\"ListItem\",\"position\":3,\"name\":\"couverture conteneur pour Fazua\"}]},{\"@type\":\"WebSite\",\"@id\":\"https:\\\/\\\/www.speedfun.bike\\\/#website\",\"url\":\"https:\\\/\\\/www.speedfun.bike\\\/\",\"name\":\"Speed Fun\",\"description\":\"Sblocco velocit\u00e0 bici elettriche\",\"potentialAction\":[{\"@type\":\"SearchAction\",\"target\":{\"@type\":\"EntryPoint\",\"urlTemplate\":\"https:\\\/\\\/www.speedfun.bike\\\/?s={search_term_string}\"},\"query-input\":{\"@type\":\"PropertyValueSpecification\",\"valueRequired\":true,\"valueName\":\"search_term_string\"}}],\"inLanguage\":\"fr-FR\"}]}<\/script>\n<!-- \/ Yoast SEO plugin. -->","yoast_head_json":{"title":"Cover gear box pour Moteurs Fazua Ride 50 - SpeedFun ebike tuning","description":"Housse sp\u00e9cialement con\u00e7ue pour contenir le r\u00e9glage du v\u00e9lo \u00e9lectrique SpeedFun et pour prot\u00e9ger des \u00e9claboussures d'eau caus\u00e9es par la rotation de la roue dans la zone \"connecteurs\" de la bo\u00eete de vitesses Fazua","robots":{"index":"index","follow":"follow","max-snippet":"max-snippet:-1","max-image-preview":"max-image-preview:large","max-video-preview":"max-video-preview:-1"},"canonical":"https:\/\/www.speedfun.bike\/fr\/produit\/couverture-conteneur-pour-fazua\/","og_locale":"fr_FR","og_type":"article","og_title":"Cover gear box pour Moteurs Fazua Ride 50 - SpeedFun ebike tuning","og_description":"Housse sp\u00e9cialement con\u00e7ue pour contenir le r\u00e9glage du v\u00e9lo \u00e9lectrique SpeedFun et pour prot\u00e9ger des \u00e9claboussures d'eau caus\u00e9es par la rotation de la roue dans la zone \"connecteurs\" de la bo\u00eete de vitesses Fazua","og_url":"https:\/\/www.speedfun.bike\/fr\/produit\/couverture-conteneur-pour-fazua\/","og_site_name":"Speed Fun","article_modified_time":"2024-03-19T16:00:26+00:00","og_image":[{"width":2560,"height":2049,"url":"https:\/\/www.speedfun.bike\/wp-content\/uploads\/2022\/03\/Cover-Fazua-3.0_product-scaled.jpg","type":"image\/jpeg"}],"twitter_card":"summary_large_image","twitter_misc":{"Est. reading time":"3 minutes"},"schema":{"@context":"https:\/\/schema.org","@graph":[{"@type":"WebPage","@id":"https:\/\/www.speedfun.bike\/fr\/produit\/couverture-conteneur-pour-fazua\/","url":"https:\/\/www.speedfun.bike\/fr\/produit\/couverture-conteneur-pour-fazua\/","name":"Cover gear box pour Moteurs Fazua Ride 50 - SpeedFun ebike tuning","isPartOf":{"@id":"https:\/\/www.speedfun.bike\/#website"},"primaryImageOfPage":{"@id":"https:\/\/www.speedfun.bike\/fr\/produit\/couverture-conteneur-pour-fazua\/#primaryimage"},"image":{"@id":"https:\/\/www.speedfun.bike\/fr\/produit\/couverture-conteneur-pour-fazua\/#primaryimage"},"thumbnailUrl":"https:\/\/www.speedfun.bike\/wp-content\/uploads\/2022\/03\/Cover-Fazua-3.0_product-scaled.jpg","datePublished":"2018-12-10T15:53:03+00:00","dateModified":"2024-03-19T16:00:26+00:00","description":"Housse sp\u00e9cialement con\u00e7ue pour contenir le r\u00e9glage du v\u00e9lo \u00e9lectrique SpeedFun et pour prot\u00e9ger des \u00e9claboussures d'eau caus\u00e9es par la rotation de la roue dans la zone \"connecteurs\" de la bo\u00eete de vitesses Fazua","breadcrumb":{"@id":"https:\/\/www.speedfun.bike\/fr\/produit\/couverture-conteneur-pour-fazua\/#breadcrumb"},"inLanguage":"fr-FR","potentialAction":[{"@type":"ReadAction","target":["https:\/\/www.speedfun.bike\/fr\/produit\/couverture-conteneur-pour-fazua\/"]}]},{"@type":"ImageObject","inLanguage":"fr-FR","@id":"https:\/\/www.speedfun.bike\/fr\/produit\/couverture-conteneur-pour-fazua\/#primaryimage","url":"https:\/\/www.speedfun.bike\/wp-content\/uploads\/2022\/03\/Cover-Fazua-3.0_product-scaled.jpg","contentUrl":"https:\/\/www.speedfun.bike\/wp-content\/uploads\/2022\/03\/Cover-Fazua-3.0_product-scaled.jpg","width":2560,"height":2049,"caption":"Couvercle SpeedFun pour la zone des connecteurs du moteur et du syst\u00e8me Fazua Evation"},{"@type":"BreadcrumbList","@id":"https:\/\/www.speedfun.bike\/fr\/produit\/couverture-conteneur-pour-fazua\/#breadcrumb","itemListElement":[{"@type":"ListItem","position":1,"name":"Home","item":"https:\/\/www.speedfun.bike\/fr\/"},{"@type":"ListItem","position":2,"name":"Boutique","item":"https:\/\/www.speedfun.bike\/fr\/boutique\/"},{"@type":"ListItem","position":3,"name":"couverture conteneur pour Fazua"}]},{"@type":"WebSite","@id":"https:\/\/www.speedfun.bike\/#website","url":"https:\/\/www.speedfun.bike\/","name":"Speed Fun","description":"Sblocco velocit\u00e0 bici elettriche","potentialAction":[{"@type":"SearchAction","target":{"@type":"EntryPoint","urlTemplate":"https:\/\/www.speedfun.bike\/?s={search_term_string}"},"query-input":{"@type":"PropertyValueSpecification","valueRequired":true,"valueName":"search_term_string"}}],"inLanguage":"fr-FR"}]}},"_links":{"self":[{"href":"https:\/\/www.speedfun.bike\/fr\/wp-json\/wp\/v2\/product\/12075","targetHints":{"allow":["GET"]}}],"collection":[{"href":"https:\/\/www.speedfun.bike\/fr\/wp-json\/wp\/v2\/product"}],"about":[{"href":"https:\/\/www.speedfun.bike\/fr\/wp-json\/wp\/v2\/types\/product"}],"replies":[{"embeddable":true,"href":"https:\/\/www.speedfun.bike\/fr\/wp-json\/wp\/v2\/comments?post=12075"}],"wp:featuredmedia":[{"embeddable":true,"href":"https:\/\/www.speedfun.bike\/fr\/wp-json\/wp\/v2\/media\/87483"}],"wp:attachment":[{"href":"https:\/\/www.speedfun.bike\/fr\/wp-json\/wp\/v2\/media?parent=12075"}],"wp:term":[{"taxonomy":"product_brand","embeddable":true,"href":"https:\/\/www.speedfun.bike\/fr\/wp-json\/wp\/v2\/product_brand?post=12075"},{"taxonomy":"product_cat","embeddable":true,"href":"https:\/\/www.speedfun.bike\/fr\/wp-json\/wp\/v2\/product_cat?post=12075"},{"taxonomy":"product_tag","embeddable":true,"href":"https:\/\/www.speedfun.bike\/fr\/wp-json\/wp\/v2\/product_tag?post=12075"}],"curies":[{"name":"wp","href":"https:\/\/api.w.org\/{rel}","templated":true}]}}