{"id":119060,"date":"2023-01-23T17:01:22","date_gmt":"2023-01-23T16:01:22","guid":{"rendered":"https:\/\/speedfun.bike\/prodotto\/speedfun-furious-evo-on-off-luci-pour-yamaha-pw-x3\/"},"modified":"2024-08-02T16:48:43","modified_gmt":"2024-08-02T15:48:43","slug":"speedfun-furious-evo-on-off-luci-pour-yamaha-pw-x3","status":"publish","type":"product","link":"https:\/\/www.speedfun.bike\/fr\/produit\/speedfun-furious-evo-on-off-luci-pour-yamaha-pw-x3\/","title":{"rendered":"SpeedFun Furious Evo on\/off feux pour Yamaha PW-X3 et PW-S2"},"content":{"rendered":"<div class=\"wpb-content-wrapper\"><p>[vc_row][vc_column width=&#8221;1\/1&#8243;][vc_column_text uncode_shortcode_id=&#8221;110744&#8243;]<\/p>\n<h2>Qu\u2019est-ce que le r\u00e9glage SpeedFun Furious Evo pour Yamaha PW-X3 et PW-S2?<\/h2>\n<p><strong>La fonction du dispositif de r\u00e9glage Furious Evo pour Yamaha PW-X3 et PW-S2<\/strong> est de manipuler \u00e9lectroniquement la vitesse de rotation de la roue arri\u00e8re et de communiquer au moteur une vitesse toujours inf\u00e9rieure \u00e0 25 KmH afin d\u2019obtenir une vitesse r\u00e9elle tr\u00e8s \u00e9lev\u00e9e avec le moteur actif. La limite de vitesse maximale sera donc dict\u00e9e par la puissance du moteur ajout\u00e9e \u00e0 la puissance exprim\u00e9e par les jambes (<a href=\"https:\/\/speedfun.bike\/app\/uploads\/2019\/06\/ebike-non-va-a-50-kmh.pdf\">info<\/a>).<\/p>\n<p>Lorsque le dispositif de r\u00e9glage est actif, puisqu\u2019il n\u2019a pas de communication avec l\u2019\u00e9cran, il affichera des donn\u00e9es divis\u00e9es par deux sur l\u2019\u00e9cran \u00e0 partir d\u2019un certain seuil.<\/p>\n<p>Il peut \u00eatre install\u00e9 sur des v\u00e9los \u00e9lectriques avec moteur Yamaha PW-X3 et PW-S2 principalement install\u00e9s sur Haibike Nduro, AllMtn, Adventr FS et bien d\u2019autres, quel que soit le type d\u2019affichage ou de contr\u00f4le lat\u00e9ral du v\u00e9lo \u00e9lectrique.<\/p>\n<p>Le dispositif de r\u00e9glage Furiosu Evo pour les v\u00e9los \u00e9lectriques Yamaha PW-X3 et PW-S2 peut \u00eatre activ\u00e9\/d\u00e9sactiv\u00e9 en appuyant simplement sur le bouton d\u2019\u00e9clairage du v\u00e9lo \u00e9lectrique. Si le v\u00e9lo \u00e9lectrique a d\u00e9j\u00e0 les lumi\u00e8res connect\u00e9es \u00e0 la sortie lumi\u00e8re, ou s\u2019il n\u2019est pas possible de l\u2019utiliser, il sera toujours possible d\u2019activer\/d\u00e9sactiver le r\u00e9glage avec un syst\u00e8me tr\u00e8s pratique (pour plus d\u2019informations, consultez la notice). L\u2019appareil est fourni plug and go pr\u00eat \u00e0 l\u2019emploi il est tr\u00e8s simple \u00e0 installer gr\u00e2ce aux connecteurs d\u2019origine avec lesquels aucune modification physique de l\u2019ebike n\u2019est n\u00e9cessaire.<\/p>\n<p><strong>ATTENTION!<\/strong><br \/>\nCet appareil n\u2019est pas compatible avec les ebike de marque Yamaha (par exemple Yamaha Moro, CrossCore, Booster, Wabash, etc.)<\/p>\n<p>&nbsp;<\/p>\n<h2>Ebike avec moteur Yamaha PW-X3 et PW-S2 o\u00f9 le dispositif Furious Evo a \u00e9t\u00e9 install\u00e9 avec succ\u00e8s<\/h2>\n<p>(cette liste est exemplaire et non exhaustive)[\/vc_column_text][vc_row_inner][vc_column_inner width=&#8221;1\/2&#8243;][vc_column_text]<\/p>\n<p>&#8211; Haibike NDuro 8 Freeride<br \/>\n&#8211; Haibike Nduro 7<br \/>\n&#8211; Haibike Nduro 6<\/p>\n<p>[\/vc_column_text][\/vc_column_inner][vc_column_inner width=&#8221;1\/2&#8243;][vc_column_text]<\/p>\n<p>&#8211; Haibike AllMtn 10<br \/>\n&#8211; Haibike AllMtn 7<br \/>\n&#8211; Haibike AllMtn 4<br \/>\n&#8211; Haibike AllMtn 2<br \/>\n&#8211; Haibike ADVENTR FS 10<\/p>\n<p>[\/vc_column_text][\/vc_column_inner][\/vc_row_inner][\/vc_column][\/vc_row]<\/p>\n<\/div>","protected":false},"excerpt":{"rendered":"<p>SpeedFun Furious Evo est un r\u00e9glage pour v\u00e9lo \u00e9lectrique Haibike avec moteur Yamaha PW-X3 et PW-S2 qui vous permet de supprimer le blocage de vitesse de 25 km\/h en exploitant pleinement le potentiel du moteur.<\/p>\n<p>Ce dispositif de lib\u00e9ration de vitesse est sp\u00e9cialement con\u00e7u pour les moteurs Yamaha PW-X3 et PW-S2 utilis\u00e9s par Haibike sur les mod\u00e8les NDuro, AllMnt et Adventr FS.<\/p>\n<p>Tous les d\u00e9clencheurs rapides SpeedFun Furious Evo peuvent \u00eatre activ\u00e9s et d\u00e9sactiv\u00e9s \u00e0 tout moment et sans avoir besoin de connexions \u00e0 la sortie lumi\u00e8re.<\/p>\n","protected":false},"featured_media":119054,"comment_status":"open","ping_status":"closed","template":"","meta":{"_acf_changed":false},"product_brand":[],"product_cat":[26,698,273],"product_tag":[],"class_list":{"0":"post-119060","1":"product","2":"type-product","3":"status-publish","4":"has-post-thumbnail","6":"product_cat-for-yamaha-fr","7":"product_cat-autres-marques-avec-moteur-yamaha","8":"product_cat-furious-fr","10":"first","11":"instock","12":"taxable","13":"shipping-taxable","14":"purchasable","15":"product-type-simple"},"acf":[],"yoast_head":"<!-- This site is optimized with the Yoast SEO plugin v27.3 - https:\/\/yoast.com\/product\/yoast-seo-wordpress\/ -->\n<title>SpeedFun ebike tuning kit Furious evo Yamaha PW-X3 et PW-S2<\/title>\n<meta name=\"description\" content=\"SpeedFun Furious Evo est un kit de tuning compatible avec les moteurs Yamaha PW-X3 (PWX3) et PW-S2 (PWS2) qui permet d&#039;augmenter l&#039;assistance au-dessus de 60 km\/h.\" \/>\n<meta name=\"robots\" content=\"index, follow, max-snippet:-1, max-image-preview:large, max-video-preview:-1\" \/>\n<link rel=\"canonical\" href=\"https:\/\/www.speedfun.bike\/fr\/produit\/speedfun-furious-evo-on-off-luci-pour-yamaha-pw-x3\/\" \/>\n<meta property=\"og:locale\" content=\"fr_FR\" \/>\n<meta property=\"og:type\" content=\"article\" \/>\n<meta property=\"og:title\" content=\"SpeedFun ebike tuning kit Furious evo Yamaha PW-X3 et PW-S2\" \/>\n<meta property=\"og:description\" content=\"SpeedFun Furious Evo est un kit de tuning compatible avec les moteurs Yamaha PW-X3 (PWX3) et PW-S2 (PWS2) qui permet d&#039;augmenter l&#039;assistance au-dessus de 60 km\/h.\" \/>\n<meta property=\"og:url\" content=\"https:\/\/www.speedfun.bike\/fr\/produit\/speedfun-furious-evo-on-off-luci-pour-yamaha-pw-x3\/\" \/>\n<meta property=\"og:site_name\" content=\"Speed Fun\" \/>\n<meta property=\"article:modified_time\" content=\"2024-08-02T15:48:43+00:00\" \/>\n<meta property=\"og:image\" content=\"https:\/\/www.speedfun.bike\/wp-content\/uploads\/2023\/03\/Speedfun-tuning-ebike-Furious-evo-for-Yamaha-PW-X3-speed-release_product_resize-scaled.jpg\" \/>\n\t<meta property=\"og:image:width\" content=\"2560\" \/>\n\t<meta property=\"og:image:height\" content=\"2049\" \/>\n\t<meta property=\"og:image:type\" content=\"image\/jpeg\" \/>\n<meta name=\"twitter:card\" content=\"summary_large_image\" \/>\n<meta name=\"twitter:label1\" content=\"Est. reading time\" \/>\n\t<meta name=\"twitter:data1\" content=\"2 minutes\" \/>\n<script type=\"application\/ld+json\" class=\"yoast-schema-graph\">{\"@context\":\"https:\\\/\\\/schema.org\",\"@graph\":[{\"@type\":\"WebPage\",\"@id\":\"https:\\\/\\\/www.speedfun.bike\\\/fr\\\/produit\\\/speedfun-furious-evo-on-off-luci-pour-yamaha-pw-x3\\\/\",\"url\":\"https:\\\/\\\/www.speedfun.bike\\\/fr\\\/produit\\\/speedfun-furious-evo-on-off-luci-pour-yamaha-pw-x3\\\/\",\"name\":\"SpeedFun ebike tuning kit Furious evo Yamaha PW-X3 et PW-S2\",\"isPartOf\":{\"@id\":\"https:\\\/\\\/www.speedfun.bike\\\/#website\"},\"primaryImageOfPage\":{\"@id\":\"https:\\\/\\\/www.speedfun.bike\\\/fr\\\/produit\\\/speedfun-furious-evo-on-off-luci-pour-yamaha-pw-x3\\\/#primaryimage\"},\"image\":{\"@id\":\"https:\\\/\\\/www.speedfun.bike\\\/fr\\\/produit\\\/speedfun-furious-evo-on-off-luci-pour-yamaha-pw-x3\\\/#primaryimage\"},\"thumbnailUrl\":\"https:\\\/\\\/www.speedfun.bike\\\/wp-content\\\/uploads\\\/2023\\\/03\\\/Speedfun-tuning-ebike-Furious-evo-for-Yamaha-PW-X3-speed-release_product_resize-scaled.jpg\",\"datePublished\":\"2023-01-23T16:01:22+00:00\",\"dateModified\":\"2024-08-02T15:48:43+00:00\",\"description\":\"SpeedFun Furious Evo est un kit de tuning compatible avec les moteurs Yamaha PW-X3 (PWX3) et PW-S2 (PWS2) qui permet d'augmenter l'assistance au-dessus de 60 km\\\/h.\",\"breadcrumb\":{\"@id\":\"https:\\\/\\\/www.speedfun.bike\\\/fr\\\/produit\\\/speedfun-furious-evo-on-off-luci-pour-yamaha-pw-x3\\\/#breadcrumb\"},\"inLanguage\":\"fr-FR\",\"potentialAction\":[{\"@type\":\"ReadAction\",\"target\":[\"https:\\\/\\\/www.speedfun.bike\\\/fr\\\/produit\\\/speedfun-furious-evo-on-off-luci-pour-yamaha-pw-x3\\\/\"]}]},{\"@type\":\"ImageObject\",\"inLanguage\":\"fr-FR\",\"@id\":\"https:\\\/\\\/www.speedfun.bike\\\/fr\\\/produit\\\/speedfun-furious-evo-on-off-luci-pour-yamaha-pw-x3\\\/#primaryimage\",\"url\":\"https:\\\/\\\/www.speedfun.bike\\\/wp-content\\\/uploads\\\/2023\\\/03\\\/Speedfun-tuning-ebike-Furious-evo-for-Yamaha-PW-X3-speed-release_product_resize-scaled.jpg\",\"contentUrl\":\"https:\\\/\\\/www.speedfun.bike\\\/wp-content\\\/uploads\\\/2023\\\/03\\\/Speedfun-tuning-ebike-Furious-evo-for-Yamaha-PW-X3-speed-release_product_resize-scaled.jpg\",\"width\":2560,\"height\":2049,\"caption\":\"SpeedFun Furious Evo \u00e8 un tuning kit per ebike Haibike dotate di motore Yamaha PW-X3. Questo sblocco di velocit\u00e0 \u00e8 appositamente studiato per aumentare l'assistenza fino a oltre 60 km\\\/h su ebike con motore Yamaha PW-X3 come Haibike NDURO 8 Freeride, NDURO 7, NDURO 6, AllMtn 10, AllMtn 7, AllMtn 4, AllMtn 2 e per finire la ADVENTR FS 10\"},{\"@type\":\"BreadcrumbList\",\"@id\":\"https:\\\/\\\/www.speedfun.bike\\\/fr\\\/produit\\\/speedfun-furious-evo-on-off-luci-pour-yamaha-pw-x3\\\/#breadcrumb\",\"itemListElement\":[{\"@type\":\"ListItem\",\"position\":1,\"name\":\"Home\",\"item\":\"https:\\\/\\\/www.speedfun.bike\\\/fr\\\/\"},{\"@type\":\"ListItem\",\"position\":2,\"name\":\"Boutique\",\"item\":\"https:\\\/\\\/www.speedfun.bike\\\/fr\\\/boutique\\\/\"},{\"@type\":\"ListItem\",\"position\":3,\"name\":\"SpeedFun Furious Evo on\\\/off feux pour Yamaha PW-X3 et PW-S2\"}]},{\"@type\":\"WebSite\",\"@id\":\"https:\\\/\\\/www.speedfun.bike\\\/#website\",\"url\":\"https:\\\/\\\/www.speedfun.bike\\\/\",\"name\":\"Speed Fun\",\"description\":\"Sblocco velocit\u00e0 bici elettriche\",\"potentialAction\":[{\"@type\":\"SearchAction\",\"target\":{\"@type\":\"EntryPoint\",\"urlTemplate\":\"https:\\\/\\\/www.speedfun.bike\\\/?s={search_term_string}\"},\"query-input\":{\"@type\":\"PropertyValueSpecification\",\"valueRequired\":true,\"valueName\":\"search_term_string\"}}],\"inLanguage\":\"fr-FR\"}]}<\/script>\n<!-- \/ Yoast SEO plugin. -->","yoast_head_json":{"title":"SpeedFun ebike tuning kit Furious evo Yamaha PW-X3 et PW-S2","description":"SpeedFun Furious Evo est un kit de tuning compatible avec les moteurs Yamaha PW-X3 (PWX3) et PW-S2 (PWS2) qui permet d'augmenter l'assistance au-dessus de 60 km\/h.","robots":{"index":"index","follow":"follow","max-snippet":"max-snippet:-1","max-image-preview":"max-image-preview:large","max-video-preview":"max-video-preview:-1"},"canonical":"https:\/\/www.speedfun.bike\/fr\/produit\/speedfun-furious-evo-on-off-luci-pour-yamaha-pw-x3\/","og_locale":"fr_FR","og_type":"article","og_title":"SpeedFun ebike tuning kit Furious evo Yamaha PW-X3 et PW-S2","og_description":"SpeedFun Furious Evo est un kit de tuning compatible avec les moteurs Yamaha PW-X3 (PWX3) et PW-S2 (PWS2) qui permet d'augmenter l'assistance au-dessus de 60 km\/h.","og_url":"https:\/\/www.speedfun.bike\/fr\/produit\/speedfun-furious-evo-on-off-luci-pour-yamaha-pw-x3\/","og_site_name":"Speed Fun","article_modified_time":"2024-08-02T15:48:43+00:00","og_image":[{"width":2560,"height":2049,"url":"https:\/\/www.speedfun.bike\/wp-content\/uploads\/2023\/03\/Speedfun-tuning-ebike-Furious-evo-for-Yamaha-PW-X3-speed-release_product_resize-scaled.jpg","type":"image\/jpeg"}],"twitter_card":"summary_large_image","twitter_misc":{"Est. reading time":"2 minutes"},"schema":{"@context":"https:\/\/schema.org","@graph":[{"@type":"WebPage","@id":"https:\/\/www.speedfun.bike\/fr\/produit\/speedfun-furious-evo-on-off-luci-pour-yamaha-pw-x3\/","url":"https:\/\/www.speedfun.bike\/fr\/produit\/speedfun-furious-evo-on-off-luci-pour-yamaha-pw-x3\/","name":"SpeedFun ebike tuning kit Furious evo Yamaha PW-X3 et PW-S2","isPartOf":{"@id":"https:\/\/www.speedfun.bike\/#website"},"primaryImageOfPage":{"@id":"https:\/\/www.speedfun.bike\/fr\/produit\/speedfun-furious-evo-on-off-luci-pour-yamaha-pw-x3\/#primaryimage"},"image":{"@id":"https:\/\/www.speedfun.bike\/fr\/produit\/speedfun-furious-evo-on-off-luci-pour-yamaha-pw-x3\/#primaryimage"},"thumbnailUrl":"https:\/\/www.speedfun.bike\/wp-content\/uploads\/2023\/03\/Speedfun-tuning-ebike-Furious-evo-for-Yamaha-PW-X3-speed-release_product_resize-scaled.jpg","datePublished":"2023-01-23T16:01:22+00:00","dateModified":"2024-08-02T15:48:43+00:00","description":"SpeedFun Furious Evo est un kit de tuning compatible avec les moteurs Yamaha PW-X3 (PWX3) et PW-S2 (PWS2) qui permet d'augmenter l'assistance au-dessus de 60 km\/h.","breadcrumb":{"@id":"https:\/\/www.speedfun.bike\/fr\/produit\/speedfun-furious-evo-on-off-luci-pour-yamaha-pw-x3\/#breadcrumb"},"inLanguage":"fr-FR","potentialAction":[{"@type":"ReadAction","target":["https:\/\/www.speedfun.bike\/fr\/produit\/speedfun-furious-evo-on-off-luci-pour-yamaha-pw-x3\/"]}]},{"@type":"ImageObject","inLanguage":"fr-FR","@id":"https:\/\/www.speedfun.bike\/fr\/produit\/speedfun-furious-evo-on-off-luci-pour-yamaha-pw-x3\/#primaryimage","url":"https:\/\/www.speedfun.bike\/wp-content\/uploads\/2023\/03\/Speedfun-tuning-ebike-Furious-evo-for-Yamaha-PW-X3-speed-release_product_resize-scaled.jpg","contentUrl":"https:\/\/www.speedfun.bike\/wp-content\/uploads\/2023\/03\/Speedfun-tuning-ebike-Furious-evo-for-Yamaha-PW-X3-speed-release_product_resize-scaled.jpg","width":2560,"height":2049,"caption":"SpeedFun Furious Evo \u00e8 un tuning kit per ebike Haibike dotate di motore Yamaha PW-X3. Questo sblocco di velocit\u00e0 \u00e8 appositamente studiato per aumentare l'assistenza fino a oltre 60 km\/h su ebike con motore Yamaha PW-X3 come Haibike NDURO 8 Freeride, NDURO 7, NDURO 6, AllMtn 10, AllMtn 7, AllMtn 4, AllMtn 2 e per finire la ADVENTR FS 10"},{"@type":"BreadcrumbList","@id":"https:\/\/www.speedfun.bike\/fr\/produit\/speedfun-furious-evo-on-off-luci-pour-yamaha-pw-x3\/#breadcrumb","itemListElement":[{"@type":"ListItem","position":1,"name":"Home","item":"https:\/\/www.speedfun.bike\/fr\/"},{"@type":"ListItem","position":2,"name":"Boutique","item":"https:\/\/www.speedfun.bike\/fr\/boutique\/"},{"@type":"ListItem","position":3,"name":"SpeedFun Furious Evo on\/off feux pour Yamaha PW-X3 et PW-S2"}]},{"@type":"WebSite","@id":"https:\/\/www.speedfun.bike\/#website","url":"https:\/\/www.speedfun.bike\/","name":"Speed Fun","description":"Sblocco velocit\u00e0 bici elettriche","potentialAction":[{"@type":"SearchAction","target":{"@type":"EntryPoint","urlTemplate":"https:\/\/www.speedfun.bike\/?s={search_term_string}"},"query-input":{"@type":"PropertyValueSpecification","valueRequired":true,"valueName":"search_term_string"}}],"inLanguage":"fr-FR"}]}},"_links":{"self":[{"href":"https:\/\/www.speedfun.bike\/fr\/wp-json\/wp\/v2\/product\/119060","targetHints":{"allow":["GET"]}}],"collection":[{"href":"https:\/\/www.speedfun.bike\/fr\/wp-json\/wp\/v2\/product"}],"about":[{"href":"https:\/\/www.speedfun.bike\/fr\/wp-json\/wp\/v2\/types\/product"}],"replies":[{"embeddable":true,"href":"https:\/\/www.speedfun.bike\/fr\/wp-json\/wp\/v2\/comments?post=119060"}],"wp:featuredmedia":[{"embeddable":true,"href":"https:\/\/www.speedfun.bike\/fr\/wp-json\/wp\/v2\/media\/119054"}],"wp:attachment":[{"href":"https:\/\/www.speedfun.bike\/fr\/wp-json\/wp\/v2\/media?parent=119060"}],"wp:term":[{"taxonomy":"product_brand","embeddable":true,"href":"https:\/\/www.speedfun.bike\/fr\/wp-json\/wp\/v2\/product_brand?post=119060"},{"taxonomy":"product_cat","embeddable":true,"href":"https:\/\/www.speedfun.bike\/fr\/wp-json\/wp\/v2\/product_cat?post=119060"},{"taxonomy":"product_tag","embeddable":true,"href":"https:\/\/www.speedfun.bike\/fr\/wp-json\/wp\/v2\/product_tag?post=119060"}],"curies":[{"name":"wp","href":"https:\/\/api.w.org\/{rel}","templated":true}]}}