{"id":104973,"date":"2023-01-23T15:53:29","date_gmt":"2023-01-23T14:53:29","guid":{"rendered":"https:\/\/speedfun.bike\/prodotto\/speedfun-furious-evo-easy-pour-dapu-md250s\/"},"modified":"2023-04-21T09:44:25","modified_gmt":"2023-04-21T08:44:25","slug":"speedfun-furious-evo-easy-pour-dapu-md250s","status":"publish","type":"product","link":"https:\/\/www.speedfun.bike\/fr\/produit\/speedfun-furious-evo-easy-pour-dapu-md250s\/","title":{"rendered":"SpeedFun Furious Evo easy+ pour Dapu MD250S"},"content":{"rendered":"<div class=\"wpb-content-wrapper\"><p>[vc_row][vc_column width=&#8221;1\/1&#8243;][vc_column_text]<\/p>\n<h2>Qu&#8217;est-ce que le r\u00e9glage du v\u00e9lo \u00e9lectrique SpeedFun Furious Evo pour Dapu MD250S?<\/h2>\n<p><strong>La fonction du dispositif tuning Furious Evo pour\u00a0Dapu MD250S\u00a0<\/strong>est de manipuler \u00e9lectroniquement la vitesse de rotation de la roue arri\u00e8re et de communiquer au moteur une vitesse toujours inf\u00e9rieure \u00e0 25 KmH afin d&#8217;obtenir une vitesse r\u00e9elle avec un moteur actif tr\u00e8s \u00e9lev\u00e9. La limite de vitesse maximale sera donc dict\u00e9e par la puissance du moteur ajout\u00e9e \u00e0 la puissance exprim\u00e9e par les jambes (<a href=\"https:\/\/speedfun.bike\/wp-content\/uploads\/2019\/06\/ebike-non-va-a-50-kmh.pdf\">info<\/a>).<\/p>\n<p>Lorsque le dispositif de r\u00e9glage est actif, n&#8217;ayant aucune communication avec l&#8217;\u00e9cran, il affichera les donn\u00e9es r\u00e9duites de moiti\u00e9 sur l&#8217;\u00e9cran \u00e0 partir d&#8217;un certain seuil.<\/p>\n<p>SpeedFun Furious Evo peut \u00eatre activ\u00e9 et d\u00e9sactiv\u00e9 \u00e0 volont\u00e9 et maintient le r\u00e9glage m\u00eame apr\u00e8s que le v\u00e9lo \u00e9lectrique est \u00e9teint. <strong>Compatible avec le moteur Dapu MD250S\u00a0<\/strong>principalement utilis\u00e9 par des fabricants tels que Cortina, Ekletta et bien d&#8217;autres.<\/p>\n<p>Le dispositif de r\u00e9glage Furious Evo pour Dapu MD250S peut \u00eatre activ\u00e9\/d\u00e9sactiv\u00e9 avec un syst\u00e8me tr\u00e8s pratique (pour plus d&#8217;informations, voir la notice). L&#8217;appareil est fourni plug and go pr\u00eat \u00e0 l&#8217;emploi et s&#8217;installe de mani\u00e8re tr\u00e8s simple gr\u00e2ce aux connecteurs d&#8217;origine avec lesquels aucune modification physique du v\u00e9lo \u00e9lectrique n&#8217;est n\u00e9cessaire.<\/p>\n<p><strong>Attention!<\/strong><br \/>\nCet appareil est <strong>compatible uniquement et exclusivement avec<\/strong> les v\u00e9los \u00e9lectriques \u00e9quip\u00e9s d&#8217;un <strong>moteur Dapu MD250S<\/strong>.\u00a0V\u00e9rifiez les connecteurs avant d&#8217;acheter, s&#8217;ils ne correspondent pas \u00e0 ceux de la photo, vous avez probablement un Dapu MD250. Vous pouvez trouver le bon produit\u00a0<a href=\"https:\/\/speedfun.bike\/fr\/produit\/speedfun-furious-evo-pour-dapu-md250\/\">ICI<\/a>.<\/p>\n<p>&nbsp;<\/p>\n<h2>Ebike avec moteur\u00a0<strong>Dapu MD250S\u00a0<\/strong>o\u00f9 l&#8217;appareil Furious Evo a \u00e9t\u00e9 install\u00e9 avec succ\u00e8s<\/h2>\n<p>(cette liste est illustrative et non exhaustive)[\/vc_column_text][vc_row_inner][vc_column_inner width=&#8221;1\/3&#8243;][vc_column_text uncode_shortcode_id=&#8221;161608&#8243;]<\/p>\n<p>&#8211; Ekletta Bumpy<br \/>\n&#8211; Rock Machine e-bike storm E70 29&#8243;<br \/>\n&#8211; Rock Machine e-bike Storm INT e90-29 Touring<\/p>\n<p>[\/vc_column_text][\/vc_column_inner][vc_column_inner width=&#8221;1\/3&#8243;][\/vc_column_inner][vc_column_inner width=&#8221;1\/3&#8243;][\/vc_column_inner][\/vc_row_inner][\/vc_column][\/vc_row]<\/p>\n<\/div>","protected":false},"excerpt":{"rendered":"<p>SpeedFun Furious Evo est un r\u00e9glage de v\u00e9lo \u00e9lectrique qui vous permet de supprimer le bloc de vitesse de 25 kmH en exploitant pleinement le potentiel du moteur Dapu md250.<\/p>\n<p>Ce d\u00e9clencheur de vitesse, sp\u00e9cialement con\u00e7u pour les v\u00e9los \u00e9lectriques \u00e9quip\u00e9s de moteurs Dapu MD250S mont\u00e9s principalement sur Cortina, Ekletta et de nombreux autres v\u00e9los \u00e9lectriques, vous permet d&#8217;augmenter leur assistance active jusqu&#8217;\u00e0 des vitesses pouvant atteindre 60 Km\/H.<\/p>\n<p>Tous les d\u00e9clencheurs rapides SpeedFun Furious Evo peuvent \u00eatre activ\u00e9s et d\u00e9sactiv\u00e9s \u00e0 tout moment et sans avoir besoin de connexions \u00e0 la sortie lumi\u00e8re.<\/p>\n","protected":false},"featured_media":104970,"comment_status":"open","ping_status":"closed","template":"","meta":{"_acf_changed":false},"product_brand":[],"product_cat":[133,273],"product_tag":[],"class_list":{"0":"post-104973","1":"product","2":"type-product","3":"status-publish","4":"has-post-thumbnail","6":"product_cat-for-dapu-fr","7":"product_cat-furious-fr","8":"product_shipping_class-armadi-fr","10":"first","11":"instock","12":"taxable","13":"shipping-taxable","14":"purchasable","15":"product-type-simple"},"acf":[],"yoast_head":"<!-- This site is optimized with the Yoast SEO plugin v27.3 - https:\/\/yoast.com\/product\/yoast-seo-wordpress\/ -->\n<title>SpeedFun Furious Evo easy+ pour Dapu MD250S - Speed Fun<\/title>\n<meta name=\"description\" content=\"SpeedFun Furious Evo est un r\u00e9glage de v\u00e9lo \u00e9lectrique sp\u00e9cialement con\u00e7u pour d\u00e9bloquer la vitesse maximale du moteur Dapu MD250S. Avec ce dispositif de d\u00e9verrouillage, il est possible d&#039;augmenter l&#039;assistance jusqu&#039;\u00e0 des vitesses allant jusqu&#039;\u00e0 60 km\/h. Compatible avec les v\u00e9los \u00e9lectriques tels que Ekletta, Cortina et bien d&#039;autres \u00e9quip\u00e9s de Dapu MD250S.\" \/>\n<meta name=\"robots\" content=\"index, follow, max-snippet:-1, max-image-preview:large, max-video-preview:-1\" \/>\n<link rel=\"canonical\" href=\"https:\/\/www.speedfun.bike\/fr\/produit\/speedfun-furious-evo-easy-pour-dapu-md250s\/\" \/>\n<meta property=\"og:locale\" content=\"fr_FR\" \/>\n<meta property=\"og:type\" content=\"article\" \/>\n<meta property=\"og:title\" content=\"SpeedFun Furious Evo easy+ pour Dapu MD250S - Speed Fun\" \/>\n<meta property=\"og:description\" content=\"SpeedFun Furious Evo est un r\u00e9glage de v\u00e9lo \u00e9lectrique sp\u00e9cialement con\u00e7u pour d\u00e9bloquer la vitesse maximale du moteur Dapu MD250S. Avec ce dispositif de d\u00e9verrouillage, il est possible d&#039;augmenter l&#039;assistance jusqu&#039;\u00e0 des vitesses allant jusqu&#039;\u00e0 60 km\/h. Compatible avec les v\u00e9los \u00e9lectriques tels que Ekletta, Cortina et bien d&#039;autres \u00e9quip\u00e9s de Dapu MD250S.\" \/>\n<meta property=\"og:url\" content=\"https:\/\/www.speedfun.bike\/fr\/produit\/speedfun-furious-evo-easy-pour-dapu-md250s\/\" \/>\n<meta property=\"og:site_name\" content=\"Speed Fun\" \/>\n<meta property=\"article:modified_time\" content=\"2023-04-21T08:44:25+00:00\" \/>\n<meta property=\"og:image\" content=\"https:\/\/www.speedfun.bike\/wp-content\/uploads\/2023\/01\/SpeedFun-tuning-ebike-furious-evo-dapu-md250s_product_resized-scaled.jpg\" \/>\n\t<meta property=\"og:image:width\" content=\"2560\" \/>\n\t<meta property=\"og:image:height\" content=\"2049\" \/>\n\t<meta property=\"og:image:type\" content=\"image\/jpeg\" \/>\n<meta name=\"twitter:card\" content=\"summary_large_image\" \/>\n<meta name=\"twitter:label1\" content=\"Est. reading time\" \/>\n\t<meta name=\"twitter:data1\" content=\"2 minutes\" \/>\n<script type=\"application\/ld+json\" class=\"yoast-schema-graph\">{\"@context\":\"https:\\\/\\\/schema.org\",\"@graph\":[{\"@type\":\"WebPage\",\"@id\":\"https:\\\/\\\/www.speedfun.bike\\\/fr\\\/produit\\\/speedfun-furious-evo-easy-pour-dapu-md250s\\\/\",\"url\":\"https:\\\/\\\/www.speedfun.bike\\\/fr\\\/produit\\\/speedfun-furious-evo-easy-pour-dapu-md250s\\\/\",\"name\":\"SpeedFun Furious Evo easy+ pour Dapu MD250S - Speed Fun\",\"isPartOf\":{\"@id\":\"https:\\\/\\\/www.speedfun.bike\\\/#website\"},\"primaryImageOfPage\":{\"@id\":\"https:\\\/\\\/www.speedfun.bike\\\/fr\\\/produit\\\/speedfun-furious-evo-easy-pour-dapu-md250s\\\/#primaryimage\"},\"image\":{\"@id\":\"https:\\\/\\\/www.speedfun.bike\\\/fr\\\/produit\\\/speedfun-furious-evo-easy-pour-dapu-md250s\\\/#primaryimage\"},\"thumbnailUrl\":\"https:\\\/\\\/www.speedfun.bike\\\/wp-content\\\/uploads\\\/2023\\\/01\\\/SpeedFun-tuning-ebike-furious-evo-dapu-md250s_product_resized-scaled.jpg\",\"datePublished\":\"2023-01-23T14:53:29+00:00\",\"dateModified\":\"2023-04-21T08:44:25+00:00\",\"description\":\"SpeedFun Furious Evo est un r\u00e9glage de v\u00e9lo \u00e9lectrique sp\u00e9cialement con\u00e7u pour d\u00e9bloquer la vitesse maximale du moteur Dapu MD250S. Avec ce dispositif de d\u00e9verrouillage, il est possible d'augmenter l'assistance jusqu'\u00e0 des vitesses allant jusqu'\u00e0 60 km\\\/h. Compatible avec les v\u00e9los \u00e9lectriques tels que Ekletta, Cortina et bien d'autres \u00e9quip\u00e9s de Dapu MD250S.\",\"breadcrumb\":{\"@id\":\"https:\\\/\\\/www.speedfun.bike\\\/fr\\\/produit\\\/speedfun-furious-evo-easy-pour-dapu-md250s\\\/#breadcrumb\"},\"inLanguage\":\"fr-FR\",\"potentialAction\":[{\"@type\":\"ReadAction\",\"target\":[\"https:\\\/\\\/www.speedfun.bike\\\/fr\\\/produit\\\/speedfun-furious-evo-easy-pour-dapu-md250s\\\/\"]}]},{\"@type\":\"ImageObject\",\"inLanguage\":\"fr-FR\",\"@id\":\"https:\\\/\\\/www.speedfun.bike\\\/fr\\\/produit\\\/speedfun-furious-evo-easy-pour-dapu-md250s\\\/#primaryimage\",\"url\":\"https:\\\/\\\/www.speedfun.bike\\\/wp-content\\\/uploads\\\/2023\\\/01\\\/SpeedFun-tuning-ebike-furious-evo-dapu-md250s_product_resized-scaled.jpg\",\"contentUrl\":\"https:\\\/\\\/www.speedfun.bike\\\/wp-content\\\/uploads\\\/2023\\\/01\\\/SpeedFun-tuning-ebike-furious-evo-dapu-md250s_product_resized-scaled.jpg\",\"width\":2560,\"height\":2049,\"caption\":\"R\u00e9glage du v\u00e9lo \u00e9lectrique SpeedFun avec le moteur Dapu MD250S utilis\u00e9 sur Cortina, Ekletta et de nombreux autres v\u00e9los \u00e9lectriques. D\u00e9verrouille la vitesse sup\u00e9rieure \u00e0 25 km\\\/h vous permettant d'atteindre des vitesses sup\u00e9rieures \u00e0 60 km\\\/h.\"},{\"@type\":\"BreadcrumbList\",\"@id\":\"https:\\\/\\\/www.speedfun.bike\\\/fr\\\/produit\\\/speedfun-furious-evo-easy-pour-dapu-md250s\\\/#breadcrumb\",\"itemListElement\":[{\"@type\":\"ListItem\",\"position\":1,\"name\":\"Home\",\"item\":\"https:\\\/\\\/www.speedfun.bike\\\/fr\\\/\"},{\"@type\":\"ListItem\",\"position\":2,\"name\":\"Boutique\",\"item\":\"https:\\\/\\\/www.speedfun.bike\\\/fr\\\/boutique\\\/\"},{\"@type\":\"ListItem\",\"position\":3,\"name\":\"SpeedFun Furious Evo easy+ pour Dapu MD250S\"}]},{\"@type\":\"WebSite\",\"@id\":\"https:\\\/\\\/www.speedfun.bike\\\/#website\",\"url\":\"https:\\\/\\\/www.speedfun.bike\\\/\",\"name\":\"Speed Fun\",\"description\":\"Sblocco velocit\u00e0 bici elettriche\",\"potentialAction\":[{\"@type\":\"SearchAction\",\"target\":{\"@type\":\"EntryPoint\",\"urlTemplate\":\"https:\\\/\\\/www.speedfun.bike\\\/?s={search_term_string}\"},\"query-input\":{\"@type\":\"PropertyValueSpecification\",\"valueRequired\":true,\"valueName\":\"search_term_string\"}}],\"inLanguage\":\"fr-FR\"}]}<\/script>\n<!-- \/ Yoast SEO plugin. -->","yoast_head_json":{"title":"SpeedFun Furious Evo easy+ pour Dapu MD250S - Speed Fun","description":"SpeedFun Furious Evo est un r\u00e9glage de v\u00e9lo \u00e9lectrique sp\u00e9cialement con\u00e7u pour d\u00e9bloquer la vitesse maximale du moteur Dapu MD250S. Avec ce dispositif de d\u00e9verrouillage, il est possible d'augmenter l'assistance jusqu'\u00e0 des vitesses allant jusqu'\u00e0 60 km\/h. Compatible avec les v\u00e9los \u00e9lectriques tels que Ekletta, Cortina et bien d'autres \u00e9quip\u00e9s de Dapu MD250S.","robots":{"index":"index","follow":"follow","max-snippet":"max-snippet:-1","max-image-preview":"max-image-preview:large","max-video-preview":"max-video-preview:-1"},"canonical":"https:\/\/www.speedfun.bike\/fr\/produit\/speedfun-furious-evo-easy-pour-dapu-md250s\/","og_locale":"fr_FR","og_type":"article","og_title":"SpeedFun Furious Evo easy+ pour Dapu MD250S - Speed Fun","og_description":"SpeedFun Furious Evo est un r\u00e9glage de v\u00e9lo \u00e9lectrique sp\u00e9cialement con\u00e7u pour d\u00e9bloquer la vitesse maximale du moteur Dapu MD250S. Avec ce dispositif de d\u00e9verrouillage, il est possible d'augmenter l'assistance jusqu'\u00e0 des vitesses allant jusqu'\u00e0 60 km\/h. Compatible avec les v\u00e9los \u00e9lectriques tels que Ekletta, Cortina et bien d'autres \u00e9quip\u00e9s de Dapu MD250S.","og_url":"https:\/\/www.speedfun.bike\/fr\/produit\/speedfun-furious-evo-easy-pour-dapu-md250s\/","og_site_name":"Speed Fun","article_modified_time":"2023-04-21T08:44:25+00:00","og_image":[{"width":2560,"height":2049,"url":"https:\/\/www.speedfun.bike\/wp-content\/uploads\/2023\/01\/SpeedFun-tuning-ebike-furious-evo-dapu-md250s_product_resized-scaled.jpg","type":"image\/jpeg"}],"twitter_card":"summary_large_image","twitter_misc":{"Est. reading time":"2 minutes"},"schema":{"@context":"https:\/\/schema.org","@graph":[{"@type":"WebPage","@id":"https:\/\/www.speedfun.bike\/fr\/produit\/speedfun-furious-evo-easy-pour-dapu-md250s\/","url":"https:\/\/www.speedfun.bike\/fr\/produit\/speedfun-furious-evo-easy-pour-dapu-md250s\/","name":"SpeedFun Furious Evo easy+ pour Dapu MD250S - Speed Fun","isPartOf":{"@id":"https:\/\/www.speedfun.bike\/#website"},"primaryImageOfPage":{"@id":"https:\/\/www.speedfun.bike\/fr\/produit\/speedfun-furious-evo-easy-pour-dapu-md250s\/#primaryimage"},"image":{"@id":"https:\/\/www.speedfun.bike\/fr\/produit\/speedfun-furious-evo-easy-pour-dapu-md250s\/#primaryimage"},"thumbnailUrl":"https:\/\/www.speedfun.bike\/wp-content\/uploads\/2023\/01\/SpeedFun-tuning-ebike-furious-evo-dapu-md250s_product_resized-scaled.jpg","datePublished":"2023-01-23T14:53:29+00:00","dateModified":"2023-04-21T08:44:25+00:00","description":"SpeedFun Furious Evo est un r\u00e9glage de v\u00e9lo \u00e9lectrique sp\u00e9cialement con\u00e7u pour d\u00e9bloquer la vitesse maximale du moteur Dapu MD250S. Avec ce dispositif de d\u00e9verrouillage, il est possible d'augmenter l'assistance jusqu'\u00e0 des vitesses allant jusqu'\u00e0 60 km\/h. Compatible avec les v\u00e9los \u00e9lectriques tels que Ekletta, Cortina et bien d'autres \u00e9quip\u00e9s de Dapu MD250S.","breadcrumb":{"@id":"https:\/\/www.speedfun.bike\/fr\/produit\/speedfun-furious-evo-easy-pour-dapu-md250s\/#breadcrumb"},"inLanguage":"fr-FR","potentialAction":[{"@type":"ReadAction","target":["https:\/\/www.speedfun.bike\/fr\/produit\/speedfun-furious-evo-easy-pour-dapu-md250s\/"]}]},{"@type":"ImageObject","inLanguage":"fr-FR","@id":"https:\/\/www.speedfun.bike\/fr\/produit\/speedfun-furious-evo-easy-pour-dapu-md250s\/#primaryimage","url":"https:\/\/www.speedfun.bike\/wp-content\/uploads\/2023\/01\/SpeedFun-tuning-ebike-furious-evo-dapu-md250s_product_resized-scaled.jpg","contentUrl":"https:\/\/www.speedfun.bike\/wp-content\/uploads\/2023\/01\/SpeedFun-tuning-ebike-furious-evo-dapu-md250s_product_resized-scaled.jpg","width":2560,"height":2049,"caption":"R\u00e9glage du v\u00e9lo \u00e9lectrique SpeedFun avec le moteur Dapu MD250S utilis\u00e9 sur Cortina, Ekletta et de nombreux autres v\u00e9los \u00e9lectriques. D\u00e9verrouille la vitesse sup\u00e9rieure \u00e0 25 km\/h vous permettant d'atteindre des vitesses sup\u00e9rieures \u00e0 60 km\/h."},{"@type":"BreadcrumbList","@id":"https:\/\/www.speedfun.bike\/fr\/produit\/speedfun-furious-evo-easy-pour-dapu-md250s\/#breadcrumb","itemListElement":[{"@type":"ListItem","position":1,"name":"Home","item":"https:\/\/www.speedfun.bike\/fr\/"},{"@type":"ListItem","position":2,"name":"Boutique","item":"https:\/\/www.speedfun.bike\/fr\/boutique\/"},{"@type":"ListItem","position":3,"name":"SpeedFun Furious Evo easy+ pour Dapu MD250S"}]},{"@type":"WebSite","@id":"https:\/\/www.speedfun.bike\/#website","url":"https:\/\/www.speedfun.bike\/","name":"Speed Fun","description":"Sblocco velocit\u00e0 bici elettriche","potentialAction":[{"@type":"SearchAction","target":{"@type":"EntryPoint","urlTemplate":"https:\/\/www.speedfun.bike\/?s={search_term_string}"},"query-input":{"@type":"PropertyValueSpecification","valueRequired":true,"valueName":"search_term_string"}}],"inLanguage":"fr-FR"}]}},"_links":{"self":[{"href":"https:\/\/www.speedfun.bike\/fr\/wp-json\/wp\/v2\/product\/104973","targetHints":{"allow":["GET"]}}],"collection":[{"href":"https:\/\/www.speedfun.bike\/fr\/wp-json\/wp\/v2\/product"}],"about":[{"href":"https:\/\/www.speedfun.bike\/fr\/wp-json\/wp\/v2\/types\/product"}],"replies":[{"embeddable":true,"href":"https:\/\/www.speedfun.bike\/fr\/wp-json\/wp\/v2\/comments?post=104973"}],"wp:featuredmedia":[{"embeddable":true,"href":"https:\/\/www.speedfun.bike\/fr\/wp-json\/wp\/v2\/media\/104970"}],"wp:attachment":[{"href":"https:\/\/www.speedfun.bike\/fr\/wp-json\/wp\/v2\/media?parent=104973"}],"wp:term":[{"taxonomy":"product_brand","embeddable":true,"href":"https:\/\/www.speedfun.bike\/fr\/wp-json\/wp\/v2\/product_brand?post=104973"},{"taxonomy":"product_cat","embeddable":true,"href":"https:\/\/www.speedfun.bike\/fr\/wp-json\/wp\/v2\/product_cat?post=104973"},{"taxonomy":"product_tag","embeddable":true,"href":"https:\/\/www.speedfun.bike\/fr\/wp-json\/wp\/v2\/product_tag?post=104973"}],"curies":[{"name":"wp","href":"https:\/\/api.w.org\/{rel}","templated":true}]}}