{"id":102708,"date":"2022-11-19T10:35:39","date_gmt":"2022-11-19T09:35:39","guid":{"rendered":"https:\/\/speedfun.bike\/prodotto\/speedfun-ribelle-pour-giant-syncdrive-pro-pw-x3-et-ridecontrol-go\/"},"modified":"2024-08-02T09:53:37","modified_gmt":"2024-08-02T08:53:37","slug":"speedfun-ribelle-pour-giant-syncdrive-pro-pw-x3-et-ridecontrol-go","status":"publish","type":"product","link":"https:\/\/www.speedfun.bike\/fr\/produit\/speedfun-ribelle-pour-giant-syncdrive-pro-pw-x3-et-ridecontrol-go\/","title":{"rendered":"SpeedFun Ribelle pour Giant Syncdrive Pro (PW-X3) et Ridecontrol Go"},"content":{"rendered":"<div class=\"wpb-content-wrapper\"><p>[vc_row][vc_column width=&#8221;1\/1&#8243;][vc_column_text uncode_shortcode_id=&#8221;171100&#8243;]<\/p>\n<h2>Qu\u2019est-ce que le tuning SpeedFun Rebel pour Giant Syncdrive Pro (PW-X3) et Ridecontrol Go?<\/h2>\n<p>SpeedFun Ribelle est un r\u00e9glage pour le v\u00e9lo \u00e9lectrique Giant Syncdrive Pro (PW-X3) de 2022 qui vous permet d\u2019augmenter la vitesse du v\u00e9lo \u00e9lectrique en supprimant le bloc r\u00e9gl\u00e9 \u00e0 25 kmH. Avec SpeedFun Ribelle, l\u2019assistance active est augment\u00e9e jusqu\u2019\u00e0 des vitesses pouvant d\u00e9passer 60 km\/h (<a href=\"https:\/\/speedfun.bike\/app\/uploads\/2019\/06\/ebike-non-va-a-50-kmh.pdf\">info<\/a>), en exploitant pleinement le potentiel du moteur.<\/p>\n<p>Ce dispositif de lib\u00e9ration de vitesse est compatible uniquement et exclusivement avec les moteurs Giant Syncdrive Pro (PW-X3) \u00e0 partir de 2022 combin\u00e9s avec l\u2019affichage Ridecontrol Go et la commande de guidon Ridecontrol Ergo 3 utilis\u00e9s principalement sur Giant Reign E+ 0, Reign E+ 1, Trance X E+ 1,\u00a0Trance X E+ 2,\u00a0Trance X Advance E+ 1 et\u00a0Trance X Advance E+ 2.<\/p>\n<p>Le dispositif de r\u00e9glage Ribelle pour v\u00e9los \u00e9lectriques Giant affiche toujours les vitesses et distances r\u00e9elles sur l\u2019\u00e9cran, le cas \u00e9ch\u00e9ant, ou dans l\u2019application. Il peut \u00eatre activ\u00e9 ou d\u00e9sactiv\u00e9 en appuyant sur une simple s\u00e9quence de touches directement depuis la commande du guidon du v\u00e9lo \u00e9lectrique.<\/p>\n<p>SpeedFun Ribelle est un tr\u00e8s petit appareil, mesurant seulement 37 x 22 x 7,5 mm. Il est \u00e9quip\u00e9 de connecteurs d\u2019origine gr\u00e2ce auxquels aucune modification physique du v\u00e9lo \u00e9lectrique n\u2019est n\u00e9cessaire et ils n\u2019alt\u00e8rent pas les caract\u00e9ristiques de r\u00e9sistance \u00e9lectrique et de r\u00e9sistance \u00e0 l\u2019eau.<\/p>\n<p><strong>ATTENTION!<\/strong><br \/>\nCet appareil n\u2019est pas compatible avec les unit\u00e9s d\u2019entra\u00eenement Giant avec les versions logicielles 2022 ou ult\u00e9rieures.<\/p>\n<p>&nbsp;<\/p>\n<h2>Giant ebike avec moteur Syncdrive Pro (PW-X3) de 2022 o\u00f9 le tuning Ribelle a \u00e9t\u00e9 install\u00e9 avec succ\u00e8s<\/h2>\n<p>(cette liste est exemplaire et non exhaustive)[\/vc_column_text][vc_row_inner][vc_column_inner width=&#8221;1\/2&#8243;][vc_column_text]<\/p>\n<p>&#8211;\u00a0Reign E+ 0<br \/>\n&#8211;\u00a0Reign E+ 1<br \/>\n&#8211;\u00a0Trance X E+ 1<br \/>\n&#8211; Trance X E+ 2<\/p>\n<p>[\/vc_column_text][\/vc_column_inner][vc_column_inner width=&#8221;1\/2&#8243;][vc_column_text]<\/p>\n<p>&#8211;\u00a0Trance X Advance E+ 1<br \/>\n&#8211;\u00a0Trance X Advance E+ 2.<\/p>\n<p>[\/vc_column_text][\/vc_column_inner][\/vc_row_inner][\/vc_column][\/vc_row][vc_row row_height_percent=&#8221;0&#8243; back_color=&#8221;color-jevc&#8221; overlay_alpha=&#8221;50&#8243; gutter_size=&#8221;3&#8243; shift_y=&#8221;0&#8243;][vc_column width=&#8221;1\/1&#8243;][vc_gallery el_id=&#8221;gallery-128670&#8243; type=&#8221;carousel&#8221; medias=&#8221;102766,102765&#8243; carousel_lg=&#8221;2&#8243; carousel_md=&#8221;2&#8243; carousel_sm=&#8221;1&#8243; gutter_size=&#8221;3&#8243; carousel_interval=&#8221;3000&#8243; carousel_navspeed=&#8221;400&#8243; stage_padding=&#8221;0&#8243; single_overlay_opacity=&#8221;50&#8243; single_padding=&#8221;2&#8243;][\/vc_column][\/vc_row]<\/p>\n<\/div>","protected":false},"excerpt":{"rendered":"<p>SpeedFun Ribelle est un tuning pour v\u00e9los \u00e9lectriques Giant avec moteur Syncdrive Pro (\u00e0 partir de 2022) qui permet de supprimer le blocage de vitesse \u00e0 25 kmH et d&#8217;augmenter son assistance active jusqu&#8217;\u00e0 des vitesses pouvant d\u00e9passer 60 KmH en exploitant pleinement le potentiel du moteur.<\/p>\n<p>Ce dispositif de lib\u00e9ration de vitesse est compatible uniquement et exclusivement avec les v\u00e9los \u00e9lectriques Giant \u00e9quip\u00e9s du moteur Syncdrive Pro (PW-X3) \u00e0 partir de 2022 combin\u00e9 \u00e0 l&#8217;\u00e9cran Ridecontrol Go et \u00e0 la commande au guidon Ridecontrol Ergo 3.<\/p>\n<p>Le dispositif de r\u00e9glage Ribelle pour les v\u00e9los \u00e9lectriques Giant affiche toujours les vitesses et les distances r\u00e9elles sur l&#8217;\u00e9cran.<\/p>\n","protected":false},"featured_media":102698,"comment_status":"open","ping_status":"closed","template":"","meta":{"_acf_changed":false},"product_brand":[],"product_cat":[88,274],"product_tag":[],"class_list":{"0":"post-102708","1":"product","2":"type-product","3":"status-publish","4":"has-post-thumbnail","6":"product_cat-for-giant-fr","7":"product_cat-ribelle-fr","8":"product_shipping_class-armadi-fr","10":"first","11":"instock","12":"taxable","13":"shipping-taxable","14":"purchasable","15":"product-type-simple"},"acf":[],"yoast_head":"<!-- This site is optimized with the Yoast SEO plugin v27.3 - https:\/\/yoast.com\/product\/yoast-seo-wordpress\/ -->\n<title>SpeedFun Ribelle pour Giant Syncdrive Pro2 - SpeedFun ebike tuning<\/title>\n<meta name=\"description\" content=\"SpeedFun Ribelle est un tuning pour v\u00e9los \u00e9lectriques qui permet de d\u00e9bloquer une assistance au-dessus de 60 km\/h. Sp\u00e9cialement d\u00e9velopp\u00e9 pour Giant Syncdrive Pro2 et Sport2 (PW-X3).\" \/>\n<meta name=\"robots\" content=\"index, follow, max-snippet:-1, max-image-preview:large, max-video-preview:-1\" \/>\n<link rel=\"canonical\" href=\"https:\/\/www.speedfun.bike\/fr\/produit\/speedfun-ribelle-pour-giant-syncdrive-pro-pw-x3-et-ridecontrol-go\/\" \/>\n<meta property=\"og:locale\" content=\"fr_FR\" \/>\n<meta property=\"og:type\" content=\"article\" \/>\n<meta property=\"og:title\" content=\"SpeedFun Ribelle pour Giant Syncdrive Pro2 - SpeedFun ebike tuning\" \/>\n<meta property=\"og:description\" content=\"SpeedFun Ribelle est un tuning pour v\u00e9los \u00e9lectriques qui permet de d\u00e9bloquer une assistance au-dessus de 60 km\/h. Sp\u00e9cialement d\u00e9velopp\u00e9 pour Giant Syncdrive Pro2 et Sport2 (PW-X3).\" \/>\n<meta property=\"og:url\" content=\"https:\/\/www.speedfun.bike\/fr\/produit\/speedfun-ribelle-pour-giant-syncdrive-pro-pw-x3-et-ridecontrol-go\/\" \/>\n<meta property=\"og:site_name\" content=\"Speed Fun\" \/>\n<meta property=\"article:modified_time\" content=\"2024-08-02T08:53:37+00:00\" \/>\n<meta property=\"og:image\" content=\"https:\/\/www.speedfun.bike\/wp-content\/uploads\/2022\/11\/tuning-ebike-SpeedFun-Ribelle-per-Giant-PW-X3-Ridecontrol-Go_product_web-scaled.jpg\" \/>\n\t<meta property=\"og:image:width\" content=\"2560\" \/>\n\t<meta property=\"og:image:height\" content=\"2049\" \/>\n\t<meta property=\"og:image:type\" content=\"image\/jpeg\" \/>\n<meta name=\"twitter:card\" content=\"summary_large_image\" \/>\n<meta name=\"twitter:label1\" content=\"Est. reading time\" \/>\n\t<meta name=\"twitter:data1\" content=\"2 minutes\" \/>\n<script type=\"application\/ld+json\" class=\"yoast-schema-graph\">{\"@context\":\"https:\\\/\\\/schema.org\",\"@graph\":[{\"@type\":\"WebPage\",\"@id\":\"https:\\\/\\\/www.speedfun.bike\\\/fr\\\/produit\\\/speedfun-ribelle-pour-giant-syncdrive-pro-pw-x3-et-ridecontrol-go\\\/\",\"url\":\"https:\\\/\\\/www.speedfun.bike\\\/fr\\\/produit\\\/speedfun-ribelle-pour-giant-syncdrive-pro-pw-x3-et-ridecontrol-go\\\/\",\"name\":\"SpeedFun Ribelle pour Giant Syncdrive Pro2 - SpeedFun ebike tuning\",\"isPartOf\":{\"@id\":\"https:\\\/\\\/www.speedfun.bike\\\/#website\"},\"primaryImageOfPage\":{\"@id\":\"https:\\\/\\\/www.speedfun.bike\\\/fr\\\/produit\\\/speedfun-ribelle-pour-giant-syncdrive-pro-pw-x3-et-ridecontrol-go\\\/#primaryimage\"},\"image\":{\"@id\":\"https:\\\/\\\/www.speedfun.bike\\\/fr\\\/produit\\\/speedfun-ribelle-pour-giant-syncdrive-pro-pw-x3-et-ridecontrol-go\\\/#primaryimage\"},\"thumbnailUrl\":\"https:\\\/\\\/www.speedfun.bike\\\/wp-content\\\/uploads\\\/2022\\\/11\\\/tuning-ebike-SpeedFun-Ribelle-per-Giant-PW-X3-Ridecontrol-Go_product_web-scaled.jpg\",\"datePublished\":\"2022-11-19T09:35:39+00:00\",\"dateModified\":\"2024-08-02T08:53:37+00:00\",\"description\":\"SpeedFun Ribelle est un tuning pour v\u00e9los \u00e9lectriques qui permet de d\u00e9bloquer une assistance au-dessus de 60 km\\\/h. Sp\u00e9cialement d\u00e9velopp\u00e9 pour Giant Syncdrive Pro2 et Sport2 (PW-X3).\",\"breadcrumb\":{\"@id\":\"https:\\\/\\\/www.speedfun.bike\\\/fr\\\/produit\\\/speedfun-ribelle-pour-giant-syncdrive-pro-pw-x3-et-ridecontrol-go\\\/#breadcrumb\"},\"inLanguage\":\"fr-FR\",\"potentialAction\":[{\"@type\":\"ReadAction\",\"target\":[\"https:\\\/\\\/www.speedfun.bike\\\/fr\\\/produit\\\/speedfun-ribelle-pour-giant-syncdrive-pro-pw-x3-et-ridecontrol-go\\\/\"]}]},{\"@type\":\"ImageObject\",\"inLanguage\":\"fr-FR\",\"@id\":\"https:\\\/\\\/www.speedfun.bike\\\/fr\\\/produit\\\/speedfun-ribelle-pour-giant-syncdrive-pro-pw-x3-et-ridecontrol-go\\\/#primaryimage\",\"url\":\"https:\\\/\\\/www.speedfun.bike\\\/wp-content\\\/uploads\\\/2022\\\/11\\\/tuning-ebike-SpeedFun-Ribelle-per-Giant-PW-X3-Ridecontrol-Go_product_web-scaled.jpg\",\"contentUrl\":\"https:\\\/\\\/www.speedfun.bike\\\/wp-content\\\/uploads\\\/2022\\\/11\\\/tuning-ebike-SpeedFun-Ribelle-per-Giant-PW-X3-Ridecontrol-Go_product_web-scaled.jpg\",\"width\":2560,\"height\":2049,\"caption\":\"SpeedFun Ribelle 2.0 pour Giant est un r\u00e9glage de v\u00e9lo \u00e9lectrique sp\u00e9cialement con\u00e7u pour d\u00e9bloquer des vitesses sup\u00e9rieures \u00e0 25 km\\\/h sur les v\u00e9los \u00e9lectriques Giant. Compatible avec le moteur Giant Syncdrive Pro \u00e0 partir de 2022 (W-X3) et Ridecontrol Go + Ridecontro Ergo 3.\"},{\"@type\":\"BreadcrumbList\",\"@id\":\"https:\\\/\\\/www.speedfun.bike\\\/fr\\\/produit\\\/speedfun-ribelle-pour-giant-syncdrive-pro-pw-x3-et-ridecontrol-go\\\/#breadcrumb\",\"itemListElement\":[{\"@type\":\"ListItem\",\"position\":1,\"name\":\"Home\",\"item\":\"https:\\\/\\\/www.speedfun.bike\\\/fr\\\/\"},{\"@type\":\"ListItem\",\"position\":2,\"name\":\"Boutique\",\"item\":\"https:\\\/\\\/www.speedfun.bike\\\/fr\\\/boutique\\\/\"},{\"@type\":\"ListItem\",\"position\":3,\"name\":\"SpeedFun Ribelle pour Giant Syncdrive Pro (PW-X3) et Ridecontrol Go\"}]},{\"@type\":\"WebSite\",\"@id\":\"https:\\\/\\\/www.speedfun.bike\\\/#website\",\"url\":\"https:\\\/\\\/www.speedfun.bike\\\/\",\"name\":\"Speed Fun\",\"description\":\"Sblocco velocit\u00e0 bici elettriche\",\"potentialAction\":[{\"@type\":\"SearchAction\",\"target\":{\"@type\":\"EntryPoint\",\"urlTemplate\":\"https:\\\/\\\/www.speedfun.bike\\\/?s={search_term_string}\"},\"query-input\":{\"@type\":\"PropertyValueSpecification\",\"valueRequired\":true,\"valueName\":\"search_term_string\"}}],\"inLanguage\":\"fr-FR\"}]}<\/script>\n<!-- \/ Yoast SEO plugin. -->","yoast_head_json":{"title":"SpeedFun Ribelle pour Giant Syncdrive Pro2 - SpeedFun ebike tuning","description":"SpeedFun Ribelle est un tuning pour v\u00e9los \u00e9lectriques qui permet de d\u00e9bloquer une assistance au-dessus de 60 km\/h. Sp\u00e9cialement d\u00e9velopp\u00e9 pour Giant Syncdrive Pro2 et Sport2 (PW-X3).","robots":{"index":"index","follow":"follow","max-snippet":"max-snippet:-1","max-image-preview":"max-image-preview:large","max-video-preview":"max-video-preview:-1"},"canonical":"https:\/\/www.speedfun.bike\/fr\/produit\/speedfun-ribelle-pour-giant-syncdrive-pro-pw-x3-et-ridecontrol-go\/","og_locale":"fr_FR","og_type":"article","og_title":"SpeedFun Ribelle pour Giant Syncdrive Pro2 - SpeedFun ebike tuning","og_description":"SpeedFun Ribelle est un tuning pour v\u00e9los \u00e9lectriques qui permet de d\u00e9bloquer une assistance au-dessus de 60 km\/h. Sp\u00e9cialement d\u00e9velopp\u00e9 pour Giant Syncdrive Pro2 et Sport2 (PW-X3).","og_url":"https:\/\/www.speedfun.bike\/fr\/produit\/speedfun-ribelle-pour-giant-syncdrive-pro-pw-x3-et-ridecontrol-go\/","og_site_name":"Speed Fun","article_modified_time":"2024-08-02T08:53:37+00:00","og_image":[{"width":2560,"height":2049,"url":"https:\/\/www.speedfun.bike\/wp-content\/uploads\/2022\/11\/tuning-ebike-SpeedFun-Ribelle-per-Giant-PW-X3-Ridecontrol-Go_product_web-scaled.jpg","type":"image\/jpeg"}],"twitter_card":"summary_large_image","twitter_misc":{"Est. reading time":"2 minutes"},"schema":{"@context":"https:\/\/schema.org","@graph":[{"@type":"WebPage","@id":"https:\/\/www.speedfun.bike\/fr\/produit\/speedfun-ribelle-pour-giant-syncdrive-pro-pw-x3-et-ridecontrol-go\/","url":"https:\/\/www.speedfun.bike\/fr\/produit\/speedfun-ribelle-pour-giant-syncdrive-pro-pw-x3-et-ridecontrol-go\/","name":"SpeedFun Ribelle pour Giant Syncdrive Pro2 - SpeedFun ebike tuning","isPartOf":{"@id":"https:\/\/www.speedfun.bike\/#website"},"primaryImageOfPage":{"@id":"https:\/\/www.speedfun.bike\/fr\/produit\/speedfun-ribelle-pour-giant-syncdrive-pro-pw-x3-et-ridecontrol-go\/#primaryimage"},"image":{"@id":"https:\/\/www.speedfun.bike\/fr\/produit\/speedfun-ribelle-pour-giant-syncdrive-pro-pw-x3-et-ridecontrol-go\/#primaryimage"},"thumbnailUrl":"https:\/\/www.speedfun.bike\/wp-content\/uploads\/2022\/11\/tuning-ebike-SpeedFun-Ribelle-per-Giant-PW-X3-Ridecontrol-Go_product_web-scaled.jpg","datePublished":"2022-11-19T09:35:39+00:00","dateModified":"2024-08-02T08:53:37+00:00","description":"SpeedFun Ribelle est un tuning pour v\u00e9los \u00e9lectriques qui permet de d\u00e9bloquer une assistance au-dessus de 60 km\/h. Sp\u00e9cialement d\u00e9velopp\u00e9 pour Giant Syncdrive Pro2 et Sport2 (PW-X3).","breadcrumb":{"@id":"https:\/\/www.speedfun.bike\/fr\/produit\/speedfun-ribelle-pour-giant-syncdrive-pro-pw-x3-et-ridecontrol-go\/#breadcrumb"},"inLanguage":"fr-FR","potentialAction":[{"@type":"ReadAction","target":["https:\/\/www.speedfun.bike\/fr\/produit\/speedfun-ribelle-pour-giant-syncdrive-pro-pw-x3-et-ridecontrol-go\/"]}]},{"@type":"ImageObject","inLanguage":"fr-FR","@id":"https:\/\/www.speedfun.bike\/fr\/produit\/speedfun-ribelle-pour-giant-syncdrive-pro-pw-x3-et-ridecontrol-go\/#primaryimage","url":"https:\/\/www.speedfun.bike\/wp-content\/uploads\/2022\/11\/tuning-ebike-SpeedFun-Ribelle-per-Giant-PW-X3-Ridecontrol-Go_product_web-scaled.jpg","contentUrl":"https:\/\/www.speedfun.bike\/wp-content\/uploads\/2022\/11\/tuning-ebike-SpeedFun-Ribelle-per-Giant-PW-X3-Ridecontrol-Go_product_web-scaled.jpg","width":2560,"height":2049,"caption":"SpeedFun Ribelle 2.0 pour Giant est un r\u00e9glage de v\u00e9lo \u00e9lectrique sp\u00e9cialement con\u00e7u pour d\u00e9bloquer des vitesses sup\u00e9rieures \u00e0 25 km\/h sur les v\u00e9los \u00e9lectriques Giant. Compatible avec le moteur Giant Syncdrive Pro \u00e0 partir de 2022 (W-X3) et Ridecontrol Go + Ridecontro Ergo 3."},{"@type":"BreadcrumbList","@id":"https:\/\/www.speedfun.bike\/fr\/produit\/speedfun-ribelle-pour-giant-syncdrive-pro-pw-x3-et-ridecontrol-go\/#breadcrumb","itemListElement":[{"@type":"ListItem","position":1,"name":"Home","item":"https:\/\/www.speedfun.bike\/fr\/"},{"@type":"ListItem","position":2,"name":"Boutique","item":"https:\/\/www.speedfun.bike\/fr\/boutique\/"},{"@type":"ListItem","position":3,"name":"SpeedFun Ribelle pour Giant Syncdrive Pro (PW-X3) et Ridecontrol Go"}]},{"@type":"WebSite","@id":"https:\/\/www.speedfun.bike\/#website","url":"https:\/\/www.speedfun.bike\/","name":"Speed Fun","description":"Sblocco velocit\u00e0 bici elettriche","potentialAction":[{"@type":"SearchAction","target":{"@type":"EntryPoint","urlTemplate":"https:\/\/www.speedfun.bike\/?s={search_term_string}"},"query-input":{"@type":"PropertyValueSpecification","valueRequired":true,"valueName":"search_term_string"}}],"inLanguage":"fr-FR"}]}},"_links":{"self":[{"href":"https:\/\/www.speedfun.bike\/fr\/wp-json\/wp\/v2\/product\/102708","targetHints":{"allow":["GET"]}}],"collection":[{"href":"https:\/\/www.speedfun.bike\/fr\/wp-json\/wp\/v2\/product"}],"about":[{"href":"https:\/\/www.speedfun.bike\/fr\/wp-json\/wp\/v2\/types\/product"}],"replies":[{"embeddable":true,"href":"https:\/\/www.speedfun.bike\/fr\/wp-json\/wp\/v2\/comments?post=102708"}],"wp:featuredmedia":[{"embeddable":true,"href":"https:\/\/www.speedfun.bike\/fr\/wp-json\/wp\/v2\/media\/102698"}],"wp:attachment":[{"href":"https:\/\/www.speedfun.bike\/fr\/wp-json\/wp\/v2\/media?parent=102708"}],"wp:term":[{"taxonomy":"product_brand","embeddable":true,"href":"https:\/\/www.speedfun.bike\/fr\/wp-json\/wp\/v2\/product_brand?post=102708"},{"taxonomy":"product_cat","embeddable":true,"href":"https:\/\/www.speedfun.bike\/fr\/wp-json\/wp\/v2\/product_cat?post=102708"},{"taxonomy":"product_tag","embeddable":true,"href":"https:\/\/www.speedfun.bike\/fr\/wp-json\/wp\/v2\/product_tag?post=102708"}],"curies":[{"name":"wp","href":"https:\/\/api.w.org\/{rel}","templated":true}]}}