{"id":101508,"date":"2022-10-21T17:26:38","date_gmt":"2022-10-21T16:26:38","guid":{"rendered":"https:\/\/speedfun.bike\/prodotto\/speedfun-furious-evo-easy-pour-fazua-ride-60\/"},"modified":"2024-08-02T15:03:36","modified_gmt":"2024-08-02T14:03:36","slug":"speedfun-furious-evo-easy-pour-fazua-ride-60","status":"publish","type":"product","link":"https:\/\/www.speedfun.bike\/fr\/produit\/speedfun-furious-evo-easy-pour-fazua-ride-60\/","title":{"rendered":"SpeedFun Furious Evo easy+ pour Fazua Ride 60"},"content":{"rendered":"<div class=\"wpb-content-wrapper\"><p>[vc_row][vc_column width=&#8221;1\/1&#8243;][vc_column_text uncode_shortcode_id=&#8221;364791&#8243;]<\/p>\n<h2>Qu&#8217;est-ce que le r\u00e9glage SpeedFun Furious Evo pour ebike avec moteur Fazua Ride 60?<\/h2>\n<p>La fonction du dispositif de r\u00e9glage Furious Evo pour moteurs Fazua Ride 60 est de manipuler \u00e9lectroniquement la vitesse de rotation de la roue arri\u00e8re et de communiquer au moteur une vitesse toujours inf\u00e9rieure \u00e0 25 KmH afin d&#8217;obtenir une vitesse r\u00e9elle avec un moteur tr\u00e8s actif . La limite de vitesse maximale sera donc dict\u00e9e par la puissance du moteur ajout\u00e9e \u00e0 la puissance exprim\u00e9e par les jambes (<a href=\"https:\/\/speedfun.bike\/wp-content\/uploads\/2019\/06\/ebike-non-va-a-50-kmh.pdf\">info<\/a>).<\/p>\n<p>Lorsque le dispositif de r\u00e9glage est actif, n&#8217;ayant aucune communication avec l&#8217;\u00e9cran, il affichera les donn\u00e9es divis\u00e9es par deux sur l&#8217;\u00e9cran (ou l&#8217;application) \u00e0 partir d&#8217;un certain seuil.<\/p>\n<p>SpeedFun Furious Evo peut \u00eatre install\u00e9 sur des v\u00e9los \u00e9lectriques \u00e9quip\u00e9s du syst\u00e8me Fazua Ride 60 \u00e0 la fois avec Fazua led HUB + Ring Control et avec Fazua Control HUB principalement mont\u00e9 sur Riese et Muller, Canyon, Transition Bikes, Pivot Cycles, Wilier et Haibike Lyke.<\/p>\n<p>Le dispositif de r\u00e9glage Furious Evo pour Fazua Ride 60 peut \u00eatre activ\u00e9\/d\u00e9sactiv\u00e9 avec un syst\u00e8me tr\u00e8s pratique (pour plus d&#8217;informations, voir la notice) et ne n\u00e9cessite pas l&#8217;activation de la sortie voyant moteur. L&#8217;appareil est fourni plug and go pr\u00eat \u00e0 l&#8217;emploi, il s&#8217;installe de mani\u00e8re tr\u00e8s simple gr\u00e2ce aux connecteurs d&#8217;origine avec lesquels aucune modification physique de l&#8217;ebike n&#8217;est n\u00e9cessaire.<\/p>\n<p><strong>ATTENTION!<\/strong><br \/>\nCet appareil n&#8217;est pas compatible avec les moteurs Fazua Ride 50. Le produit compatible avec les moteurs Fazua Ride 50 est disponible <a href=\"https:\/\/speedfun.bike\/fr\/produit\/speedup-furious-pour-fazua\/\">ICI<\/a>.<\/p>\n<p>&nbsp;<\/p>\n<h2><strong>Ebike avec syst\u00e8me Fazua ride 60 o\u00f9 le dispositif Furious Evo a \u00e9t\u00e9 install\u00e9 avec succ\u00e8s<\/strong><\/h2>\n<p>(cette liste est illustrative et non exhaustive)[\/vc_column_text][vc_row_inner][vc_column_inner width=&#8221;1\/3&#8243;][vc_column_text]- Canyon Roadlite:ON 8 LTD<br \/>\n&#8211; Canyon Commuter:ON 8 LTD<br \/>\n&#8211; Canyon Commuter:ON 8 LTD mid-step[\/vc_column_text][\/vc_column_inner][vc_column_inner width=&#8221;1\/3&#8243;][vc_column_text]- Pivot Shuttle SL<br \/>\n&#8211; Riese &amp; Muller UBN Seven<br \/>\n&#8211; Riese &amp; Muller UBN Five[\/vc_column_text][\/vc_column_inner][vc_column_inner width=&#8221;1\/3&#8243;][vc_column_text uncode_shortcode_id=&#8221;509402&#8243;]<\/p>\n<p>&#8211; Wilier ultra hybrid<br \/>\n&#8211; Haibike Lyke<br \/>\n&#8211; Focus Jam2 SL<br \/>\n&#8211; Cervelo Rouvida<\/p>\n<p>[\/vc_column_text][\/vc_column_inner][\/vc_row_inner][\/vc_column][\/vc_row][vc_row unlock_row_content=&#8221;yes&#8221; row_height_percent=&#8221;0&#8243; back_color=&#8221;color-jevc&#8221; overlay_alpha=&#8221;50&#8243; gutter_size=&#8221;3&#8243; shift_y=&#8221;0&#8243;][vc_column column_width_percent=&#8221;100&#8243; align_horizontal=&#8221;align_center&#8221; gutter_size=&#8221;3&#8243; overlay_alpha=&#8221;50&#8243; shift_x=&#8221;0&#8243; shift_y=&#8221;0&#8243; z_index=&#8221;0&#8243; medium_width=&#8221;0&#8243; mobile_width=&#8221;0&#8243; width=&#8221;1\/1&#8243;][vc_gallery el_id=&#8221;gallery-147125&#8243; type=&#8221;carousel&#8221; medias=&#8221;101757,101758,101759&#8243; carousel_lg=&#8221;3&#8243; carousel_md=&#8221;3&#8243; carousel_sm=&#8221;1&#8243; gutter_size=&#8221;3&#8243; carousel_interval=&#8221;3000&#8243; carousel_navspeed=&#8221;400&#8243; stage_padding=&#8221;0&#8243; single_overlay_opacity=&#8221;50&#8243; single_padding=&#8221;2&#8243;][\/vc_column][\/vc_row]<\/p>\n<\/div>","protected":false},"excerpt":{"rendered":"<p>SpeedFun Furious Evo est un r\u00e9glage de v\u00e9lo \u00e9lectrique qui vous permet de supprimer le blocage de vitesse de 25 kmH et d&#8217;augmenter l&#8217;assistance active jusqu&#8217;\u00e0 des vitesses pouvant atteindre 60 KmH en exploitant pleinement le potentiel du syst\u00e8me Fazua Ride 60.<\/p>\n<p>Ce r\u00e9glage est sp\u00e9cialement con\u00e7u pour les syst\u00e8mes Fazua Ride 60 \u00e0 la fois avec Fazua led HUB + Ring Control et avec Fazua Control HUB principalement mont\u00e9 sur Riese et Muller, Canyon, Focus, Transition Bikes, Pivot Cycles, Wilier et Haibike Lyke.<\/p>\n<p>Tous les tuning de vitesses SpeedFun Furious Evo peuvent \u00eatre activ\u00e9s et d\u00e9sactiv\u00e9s \u00e0 tout moment et sans avoir besoin de connexions \u00e0 la sortie lumi\u00e8re.<\/p>\n","protected":false},"featured_media":101496,"comment_status":"open","ping_status":"closed","template":"","meta":{"_acf_changed":false},"product_brand":[],"product_cat":[69,273],"product_tag":[],"class_list":{"0":"post-101508","1":"product","2":"type-product","3":"status-publish","4":"has-post-thumbnail","6":"product_cat-for-fazua-fr","7":"product_cat-furious-fr","9":"first","10":"instock","11":"taxable","12":"shipping-taxable","13":"purchasable","14":"product-type-simple"},"acf":[],"yoast_head":"<!-- This site is optimized with the Yoast SEO plugin v27.3 - https:\/\/yoast.com\/product\/yoast-seo-wordpress\/ -->\n<title>SpeedFun Furious Evo tuning ebike Fazua Ride 60 tuning de la vitesse du ebike<\/title>\n<meta name=\"description\" content=\"SpeedFun Furious Evo est un tuning de ebike qui d\u00e9verrouille l&#039;assistance jusqu&#039;\u00e0 60 km\/h. R\u00e9glage sp\u00e9cialement con\u00e7u pour Fazua Ride 60 utilis\u00e9 sur Riese et Muller UBN, Canyon Commuter: ON 8, Transition Bikes, Pivot Cycles Shuttle SL, Wilier ultra hybride, Haibike Lyke, Focus jam2 SL et bien d&#039;autres. Kit avec connecteurs d&#039;origine.\" \/>\n<meta name=\"robots\" content=\"index, follow, max-snippet:-1, max-image-preview:large, max-video-preview:-1\" \/>\n<link rel=\"canonical\" href=\"https:\/\/www.speedfun.bike\/fr\/produit\/speedfun-furious-evo-easy-pour-fazua-ride-60\/\" \/>\n<meta property=\"og:locale\" content=\"fr_FR\" \/>\n<meta property=\"og:type\" content=\"article\" \/>\n<meta property=\"og:title\" content=\"SpeedFun Furious Evo tuning ebike Fazua Ride 60 tuning de la vitesse du ebike\" \/>\n<meta property=\"og:description\" content=\"SpeedFun Furious Evo est un tuning de ebike qui d\u00e9verrouille l&#039;assistance jusqu&#039;\u00e0 60 km\/h. R\u00e9glage sp\u00e9cialement con\u00e7u pour Fazua Ride 60 utilis\u00e9 sur Riese et Muller UBN, Canyon Commuter: ON 8, Transition Bikes, Pivot Cycles Shuttle SL, Wilier ultra hybride, Haibike Lyke, Focus jam2 SL et bien d&#039;autres. Kit avec connecteurs d&#039;origine.\" \/>\n<meta property=\"og:url\" content=\"https:\/\/www.speedfun.bike\/fr\/produit\/speedfun-furious-evo-easy-pour-fazua-ride-60\/\" \/>\n<meta property=\"og:site_name\" content=\"Speed Fun\" \/>\n<meta property=\"article:modified_time\" content=\"2024-08-02T14:03:36+00:00\" \/>\n<meta property=\"og:image\" content=\"https:\/\/www.speedfun.bike\/wp-content\/uploads\/2022\/10\/Furious-Evo-easy-per-Fazua-Ride-60_product-scaled.jpg\" \/>\n\t<meta property=\"og:image:width\" content=\"2560\" \/>\n\t<meta property=\"og:image:height\" content=\"2049\" \/>\n\t<meta property=\"og:image:type\" content=\"image\/jpeg\" \/>\n<meta name=\"twitter:card\" content=\"summary_large_image\" \/>\n<meta name=\"twitter:label1\" content=\"Est. reading time\" \/>\n\t<meta name=\"twitter:data1\" content=\"2 minutes\" \/>\n<script type=\"application\/ld+json\" class=\"yoast-schema-graph\">{\"@context\":\"https:\\\/\\\/schema.org\",\"@graph\":[{\"@type\":\"WebPage\",\"@id\":\"https:\\\/\\\/www.speedfun.bike\\\/fr\\\/produit\\\/speedfun-furious-evo-easy-pour-fazua-ride-60\\\/\",\"url\":\"https:\\\/\\\/www.speedfun.bike\\\/fr\\\/produit\\\/speedfun-furious-evo-easy-pour-fazua-ride-60\\\/\",\"name\":\"SpeedFun Furious Evo tuning ebike Fazua Ride 60 tuning de la vitesse du ebike\",\"isPartOf\":{\"@id\":\"https:\\\/\\\/www.speedfun.bike\\\/#website\"},\"primaryImageOfPage\":{\"@id\":\"https:\\\/\\\/www.speedfun.bike\\\/fr\\\/produit\\\/speedfun-furious-evo-easy-pour-fazua-ride-60\\\/#primaryimage\"},\"image\":{\"@id\":\"https:\\\/\\\/www.speedfun.bike\\\/fr\\\/produit\\\/speedfun-furious-evo-easy-pour-fazua-ride-60\\\/#primaryimage\"},\"thumbnailUrl\":\"https:\\\/\\\/www.speedfun.bike\\\/wp-content\\\/uploads\\\/2022\\\/10\\\/Furious-Evo-easy-per-Fazua-Ride-60_product-scaled.jpg\",\"datePublished\":\"2022-10-21T16:26:38+00:00\",\"dateModified\":\"2024-08-02T14:03:36+00:00\",\"description\":\"SpeedFun Furious Evo est un tuning de ebike qui d\u00e9verrouille l'assistance jusqu'\u00e0 60 km\\\/h. R\u00e9glage sp\u00e9cialement con\u00e7u pour Fazua Ride 60 utilis\u00e9 sur Riese et Muller UBN, Canyon Commuter: ON 8, Transition Bikes, Pivot Cycles Shuttle SL, Wilier ultra hybride, Haibike Lyke, Focus jam2 SL et bien d'autres. Kit avec connecteurs d'origine.\",\"breadcrumb\":{\"@id\":\"https:\\\/\\\/www.speedfun.bike\\\/fr\\\/produit\\\/speedfun-furious-evo-easy-pour-fazua-ride-60\\\/#breadcrumb\"},\"inLanguage\":\"fr-FR\",\"potentialAction\":[{\"@type\":\"ReadAction\",\"target\":[\"https:\\\/\\\/www.speedfun.bike\\\/fr\\\/produit\\\/speedfun-furious-evo-easy-pour-fazua-ride-60\\\/\"]}]},{\"@type\":\"ImageObject\",\"inLanguage\":\"fr-FR\",\"@id\":\"https:\\\/\\\/www.speedfun.bike\\\/fr\\\/produit\\\/speedfun-furious-evo-easy-pour-fazua-ride-60\\\/#primaryimage\",\"url\":\"https:\\\/\\\/www.speedfun.bike\\\/wp-content\\\/uploads\\\/2022\\\/10\\\/Furious-Evo-easy-per-Fazua-Ride-60_product-scaled.jpg\",\"contentUrl\":\"https:\\\/\\\/www.speedfun.bike\\\/wp-content\\\/uploads\\\/2022\\\/10\\\/Furious-Evo-easy-per-Fazua-Ride-60_product-scaled.jpg\",\"width\":2560,\"height\":2049,\"caption\":\"SpeedFun Furious Evo est un r\u00e9glage de v\u00e9lo \u00e9lectrique avec le syst\u00e8me Fazua Ride 60 qui vous permet de d\u00e9bloquer la vitesse jusqu'\u00e0 plus de 60 km\\\/h. Kit de r\u00e9glage compatible avec le v\u00e9lo \u00e9lectrique Fazua Ride 60 \u00e0 la fois avec Fazua led HUB + Ring Control et avec Fazua Control HUB principalement mont\u00e9 sur Riese et Muller, Canyon, Transition Bikes et Pivot Cycles. Il peut \u00eatre activ\u00e9\\\/d\u00e9sactiv\u00e9 \u00e0 tout moment et \u00e9quip\u00e9 de connecteurs d'origine.\"},{\"@type\":\"BreadcrumbList\",\"@id\":\"https:\\\/\\\/www.speedfun.bike\\\/fr\\\/produit\\\/speedfun-furious-evo-easy-pour-fazua-ride-60\\\/#breadcrumb\",\"itemListElement\":[{\"@type\":\"ListItem\",\"position\":1,\"name\":\"Home\",\"item\":\"https:\\\/\\\/www.speedfun.bike\\\/fr\\\/\"},{\"@type\":\"ListItem\",\"position\":2,\"name\":\"Boutique\",\"item\":\"https:\\\/\\\/www.speedfun.bike\\\/fr\\\/boutique\\\/\"},{\"@type\":\"ListItem\",\"position\":3,\"name\":\"SpeedFun Furious Evo easy+ pour Fazua Ride 60\"}]},{\"@type\":\"WebSite\",\"@id\":\"https:\\\/\\\/www.speedfun.bike\\\/#website\",\"url\":\"https:\\\/\\\/www.speedfun.bike\\\/\",\"name\":\"Speed Fun\",\"description\":\"Sblocco velocit\u00e0 bici elettriche\",\"potentialAction\":[{\"@type\":\"SearchAction\",\"target\":{\"@type\":\"EntryPoint\",\"urlTemplate\":\"https:\\\/\\\/www.speedfun.bike\\\/?s={search_term_string}\"},\"query-input\":{\"@type\":\"PropertyValueSpecification\",\"valueRequired\":true,\"valueName\":\"search_term_string\"}}],\"inLanguage\":\"fr-FR\"}]}<\/script>\n<!-- \/ Yoast SEO plugin. -->","yoast_head_json":{"title":"SpeedFun Furious Evo tuning ebike Fazua Ride 60 tuning de la vitesse du ebike","description":"SpeedFun Furious Evo est un tuning de ebike qui d\u00e9verrouille l'assistance jusqu'\u00e0 60 km\/h. R\u00e9glage sp\u00e9cialement con\u00e7u pour Fazua Ride 60 utilis\u00e9 sur Riese et Muller UBN, Canyon Commuter: ON 8, Transition Bikes, Pivot Cycles Shuttle SL, Wilier ultra hybride, Haibike Lyke, Focus jam2 SL et bien d'autres. Kit avec connecteurs d'origine.","robots":{"index":"index","follow":"follow","max-snippet":"max-snippet:-1","max-image-preview":"max-image-preview:large","max-video-preview":"max-video-preview:-1"},"canonical":"https:\/\/www.speedfun.bike\/fr\/produit\/speedfun-furious-evo-easy-pour-fazua-ride-60\/","og_locale":"fr_FR","og_type":"article","og_title":"SpeedFun Furious Evo tuning ebike Fazua Ride 60 tuning de la vitesse du ebike","og_description":"SpeedFun Furious Evo est un tuning de ebike qui d\u00e9verrouille l'assistance jusqu'\u00e0 60 km\/h. R\u00e9glage sp\u00e9cialement con\u00e7u pour Fazua Ride 60 utilis\u00e9 sur Riese et Muller UBN, Canyon Commuter: ON 8, Transition Bikes, Pivot Cycles Shuttle SL, Wilier ultra hybride, Haibike Lyke, Focus jam2 SL et bien d'autres. Kit avec connecteurs d'origine.","og_url":"https:\/\/www.speedfun.bike\/fr\/produit\/speedfun-furious-evo-easy-pour-fazua-ride-60\/","og_site_name":"Speed Fun","article_modified_time":"2024-08-02T14:03:36+00:00","og_image":[{"width":2560,"height":2049,"url":"https:\/\/www.speedfun.bike\/wp-content\/uploads\/2022\/10\/Furious-Evo-easy-per-Fazua-Ride-60_product-scaled.jpg","type":"image\/jpeg"}],"twitter_card":"summary_large_image","twitter_misc":{"Est. reading time":"2 minutes"},"schema":{"@context":"https:\/\/schema.org","@graph":[{"@type":"WebPage","@id":"https:\/\/www.speedfun.bike\/fr\/produit\/speedfun-furious-evo-easy-pour-fazua-ride-60\/","url":"https:\/\/www.speedfun.bike\/fr\/produit\/speedfun-furious-evo-easy-pour-fazua-ride-60\/","name":"SpeedFun Furious Evo tuning ebike Fazua Ride 60 tuning de la vitesse du ebike","isPartOf":{"@id":"https:\/\/www.speedfun.bike\/#website"},"primaryImageOfPage":{"@id":"https:\/\/www.speedfun.bike\/fr\/produit\/speedfun-furious-evo-easy-pour-fazua-ride-60\/#primaryimage"},"image":{"@id":"https:\/\/www.speedfun.bike\/fr\/produit\/speedfun-furious-evo-easy-pour-fazua-ride-60\/#primaryimage"},"thumbnailUrl":"https:\/\/www.speedfun.bike\/wp-content\/uploads\/2022\/10\/Furious-Evo-easy-per-Fazua-Ride-60_product-scaled.jpg","datePublished":"2022-10-21T16:26:38+00:00","dateModified":"2024-08-02T14:03:36+00:00","description":"SpeedFun Furious Evo est un tuning de ebike qui d\u00e9verrouille l'assistance jusqu'\u00e0 60 km\/h. R\u00e9glage sp\u00e9cialement con\u00e7u pour Fazua Ride 60 utilis\u00e9 sur Riese et Muller UBN, Canyon Commuter: ON 8, Transition Bikes, Pivot Cycles Shuttle SL, Wilier ultra hybride, Haibike Lyke, Focus jam2 SL et bien d'autres. Kit avec connecteurs d'origine.","breadcrumb":{"@id":"https:\/\/www.speedfun.bike\/fr\/produit\/speedfun-furious-evo-easy-pour-fazua-ride-60\/#breadcrumb"},"inLanguage":"fr-FR","potentialAction":[{"@type":"ReadAction","target":["https:\/\/www.speedfun.bike\/fr\/produit\/speedfun-furious-evo-easy-pour-fazua-ride-60\/"]}]},{"@type":"ImageObject","inLanguage":"fr-FR","@id":"https:\/\/www.speedfun.bike\/fr\/produit\/speedfun-furious-evo-easy-pour-fazua-ride-60\/#primaryimage","url":"https:\/\/www.speedfun.bike\/wp-content\/uploads\/2022\/10\/Furious-Evo-easy-per-Fazua-Ride-60_product-scaled.jpg","contentUrl":"https:\/\/www.speedfun.bike\/wp-content\/uploads\/2022\/10\/Furious-Evo-easy-per-Fazua-Ride-60_product-scaled.jpg","width":2560,"height":2049,"caption":"SpeedFun Furious Evo est un r\u00e9glage de v\u00e9lo \u00e9lectrique avec le syst\u00e8me Fazua Ride 60 qui vous permet de d\u00e9bloquer la vitesse jusqu'\u00e0 plus de 60 km\/h. Kit de r\u00e9glage compatible avec le v\u00e9lo \u00e9lectrique Fazua Ride 60 \u00e0 la fois avec Fazua led HUB + Ring Control et avec Fazua Control HUB principalement mont\u00e9 sur Riese et Muller, Canyon, Transition Bikes et Pivot Cycles. Il peut \u00eatre activ\u00e9\/d\u00e9sactiv\u00e9 \u00e0 tout moment et \u00e9quip\u00e9 de connecteurs d'origine."},{"@type":"BreadcrumbList","@id":"https:\/\/www.speedfun.bike\/fr\/produit\/speedfun-furious-evo-easy-pour-fazua-ride-60\/#breadcrumb","itemListElement":[{"@type":"ListItem","position":1,"name":"Home","item":"https:\/\/www.speedfun.bike\/fr\/"},{"@type":"ListItem","position":2,"name":"Boutique","item":"https:\/\/www.speedfun.bike\/fr\/boutique\/"},{"@type":"ListItem","position":3,"name":"SpeedFun Furious Evo easy+ pour Fazua Ride 60"}]},{"@type":"WebSite","@id":"https:\/\/www.speedfun.bike\/#website","url":"https:\/\/www.speedfun.bike\/","name":"Speed Fun","description":"Sblocco velocit\u00e0 bici elettriche","potentialAction":[{"@type":"SearchAction","target":{"@type":"EntryPoint","urlTemplate":"https:\/\/www.speedfun.bike\/?s={search_term_string}"},"query-input":{"@type":"PropertyValueSpecification","valueRequired":true,"valueName":"search_term_string"}}],"inLanguage":"fr-FR"}]}},"_links":{"self":[{"href":"https:\/\/www.speedfun.bike\/fr\/wp-json\/wp\/v2\/product\/101508","targetHints":{"allow":["GET"]}}],"collection":[{"href":"https:\/\/www.speedfun.bike\/fr\/wp-json\/wp\/v2\/product"}],"about":[{"href":"https:\/\/www.speedfun.bike\/fr\/wp-json\/wp\/v2\/types\/product"}],"replies":[{"embeddable":true,"href":"https:\/\/www.speedfun.bike\/fr\/wp-json\/wp\/v2\/comments?post=101508"}],"wp:featuredmedia":[{"embeddable":true,"href":"https:\/\/www.speedfun.bike\/fr\/wp-json\/wp\/v2\/media\/101496"}],"wp:attachment":[{"href":"https:\/\/www.speedfun.bike\/fr\/wp-json\/wp\/v2\/media?parent=101508"}],"wp:term":[{"taxonomy":"product_brand","embeddable":true,"href":"https:\/\/www.speedfun.bike\/fr\/wp-json\/wp\/v2\/product_brand?post=101508"},{"taxonomy":"product_cat","embeddable":true,"href":"https:\/\/www.speedfun.bike\/fr\/wp-json\/wp\/v2\/product_cat?post=101508"},{"taxonomy":"product_tag","embeddable":true,"href":"https:\/\/www.speedfun.bike\/fr\/wp-json\/wp\/v2\/product_tag?post=101508"}],"curies":[{"name":"wp","href":"https:\/\/api.w.org\/{rel}","templated":true}]}}