{"id":146150,"date":"2026-04-02T09:39:50","date_gmt":"2026-04-02T08:39:50","guid":{"rendered":"https:\/\/speedfun.bike\/?page_id=146150"},"modified":"2026-04-02T09:39:50","modified_gmt":"2026-04-02T08:39:50","slug":"configurateur-pour-la-personnalisation-des-velos-electriques-specialized-speedfun-ebike-tuning","status":"publish","type":"page","link":"https:\/\/www.speedfun.bike\/fr\/configurateur-pour-la-personnalisation-des-velos-electriques-specialized-speedfun-ebike-tuning\/","title":{"rendered":"Configurateur pour la personnalisation des v\u00e9los \u00e9lectriques Specialized &#8211; SpeedFun ebike tuning"},"content":{"rendered":"<div class=\"wpb-content-wrapper\"><p>[vc_row unlock_row_content=&#8221;yes&#8221; row_height_percent=&#8221;0&#8243; override_padding=&#8221;yes&#8221; h_padding=&#8221;0&#8243; top_padding=&#8221;0&#8243; bottom_padding=&#8221;0&#8243; overlay_alpha=&#8221;100&#8243; equal_height=&#8221;yes&#8221; gutter_size=&#8221;0&#8243; column_width_percent=&#8221;100&#8243; shift_y=&#8221;0&#8243; z_index=&#8221;0&#8243; content_parallax=&#8221;0&#8243; uncode_shortcode_id=&#8221;167361&#8243; back_color_type=&#8221;uncode-solid&#8221; back_color_solid=&#8221;#fafafa&#8221;][vc_column column_width_percent=&#8221;100&#8243; position_horizontal=&#8221;left&#8221; gutter_size=&#8221;3&#8243; override_padding=&#8221;yes&#8221; column_padding=&#8221;5&#8243; overlay_alpha=&#8221;100&#8243; shift_x=&#8221;0&#8243; shift_y=&#8221;0&#8243; z_index=&#8221;0&#8243; medium_width=&#8221;0&#8243; zoom_width=&#8221;0&#8243; zoom_height=&#8221;0&#8243; width=&#8221;1\/3&#8243;][vc_custom_heading sub_reduced=&#8221;yes&#8221; text_uppercase=&#8221;&#8221; uncode_shortcode_id=&#8221;905852&#8243;]Trouvez le kit de tuning compatible avec votre v\u00e9lo \u00e9lectrique \u00e9quip\u00e9 d&#8217;un moteur Specialized.[\/vc_custom_heading][vc_column_text text_color=&#8221;color-jevc&#8221; uncode_shortcode_id=&#8221;119650&#8243; text_color_type=&#8221;uncode-palette&#8221;]Trouvez l&#8217;\u00e9quipement id\u00e9al pour votre v\u00e9lo \u00e9lectrique gr\u00e2ce \u00e0 notre configurateur. S\u00e9lectionnez \u00e9tape par \u00e9tape les composants de votre v\u00e9lo \u00e9lectrique pour d\u00e9couvrir les options de personnalisation compatibles.[\/vc_column_text][\/vc_column][vc_column column_width_percent=&#8221;100&#8243; gutter_size=&#8221;1&#8243; override_padding=&#8221;yes&#8221; column_padding=&#8221;5&#8243; back_color=&#8221;color-xsdn&#8221; overlay_alpha=&#8221;50&#8243; shift_x=&#8221;0&#8243; shift_y=&#8221;0&#8243; shift_y_down=&#8221;0&#8243; z_index=&#8221;0&#8243; medium_width=&#8221;0&#8243; mobile_width=&#8221;0&#8243; zoom_width=&#8221;0&#8243; zoom_height=&#8221;0&#8243; width=&#8221;2\/3&#8243; uncode_shortcode_id=&#8221;398365&#8243; back_color_type=&#8221;uncode-palette&#8221;][vc_raw_html]W3NwZWNpYWxpemVkX2NvbmZpZ3VyYXRvcl0=[\/vc_raw_html][\/vc_column][\/vc_row]<\/p>\n<\/div>","protected":false},"excerpt":{"rendered":"<p>[vc_row unlock_row_content=&#8221;yes&#8221; row_height_percent=&#8221;0&#8243; override_padding=&#8221;yes&#8221; h_padding=&#8221;0&#8243; top_padding=&#8221;0&#8243; bottom_padding=&#8221;0&#8243; overlay_alpha=&#8221;100&#8243; equal_height=&#8221;yes&#8221; gutter_size=&#8221;0&#8243; column_width_percent=&#8221;100&#8243; shift_y=&#8221;0&#8243; z_index=&#8221;0&#8243; content_parallax=&#8221;0&#8243; uncode_shortcode_id=&#8221;167361&#8243; back_color_type=&#8221;uncode-solid&#8221; back_color_solid=&#8221;#fafafa&#8221;][vc_column column_width_percent=&#8221;100&#8243; position_horizontal=&#8221;left&#8221; gutter_size=&#8221;3&#8243; [&hellip;]<\/p>\n","protected":false},"author":524,"featured_media":0,"parent":0,"menu_order":0,"comment_status":"closed","ping_status":"closed","template":"","meta":{"_acf_changed":false,"footnotes":""},"class_list":["post-146150","page","type-page","status-publish","hentry"],"acf":[],"yoast_head":"<!-- This site is optimized with the Yoast SEO plugin v27.3 - https:\/\/yoast.com\/product\/yoast-seo-wordpress\/ -->\n<title>Configurateur pour la personnalisation des v\u00e9los \u00e9lectriques Specialized - SpeedFun ebike tuning - Speed Fun<\/title>\n<meta name=\"description\" content=\"Trouvez l&#039;\u00e9quipement id\u00e9al pour votre v\u00e9lo \u00e9lectrique Specialized gr\u00e2ce \u00e0 notre configurateur. S\u00e9lectionnez \u00e9tape par \u00e9tape les composants de votre v\u00e9lo \u00e9lectrique pour d\u00e9couvrir les options compatibles.\" \/>\n<meta name=\"robots\" content=\"index, follow, max-snippet:-1, max-image-preview:large, max-video-preview:-1\" \/>\n<link rel=\"canonical\" href=\"https:\/\/www.speedfun.bike\/fr\/configurateur-pour-la-personnalisation-des-velos-electriques-specialized-speedfun-ebike-tuning\/\" \/>\n<meta property=\"og:locale\" content=\"fr_FR\" \/>\n<meta property=\"og:type\" content=\"article\" \/>\n<meta property=\"og:title\" content=\"Configurateur pour la personnalisation des v\u00e9los \u00e9lectriques Specialized - SpeedFun ebike tuning - Speed Fun\" \/>\n<meta property=\"og:description\" content=\"Trouvez l&#039;\u00e9quipement id\u00e9al pour votre v\u00e9lo \u00e9lectrique Specialized gr\u00e2ce \u00e0 notre configurateur. S\u00e9lectionnez \u00e9tape par \u00e9tape les composants de votre v\u00e9lo \u00e9lectrique pour d\u00e9couvrir les options compatibles.\" \/>\n<meta property=\"og:url\" content=\"https:\/\/www.speedfun.bike\/fr\/configurateur-pour-la-personnalisation-des-velos-electriques-specialized-speedfun-ebike-tuning\/\" \/>\n<meta property=\"og:site_name\" content=\"Speed Fun\" \/>\n<meta name=\"twitter:card\" content=\"summary_large_image\" \/>\n<meta name=\"twitter:label1\" content=\"Est. reading time\" \/>\n\t<meta name=\"twitter:data1\" content=\"1 minute\" \/>\n<script type=\"application\/ld+json\" class=\"yoast-schema-graph\">{\"@context\":\"https:\\\/\\\/schema.org\",\"@graph\":[{\"@type\":\"WebPage\",\"@id\":\"https:\\\/\\\/www.speedfun.bike\\\/fr\\\/configurateur-pour-la-personnalisation-des-velos-electriques-specialized-speedfun-ebike-tuning\\\/\",\"url\":\"https:\\\/\\\/www.speedfun.bike\\\/fr\\\/configurateur-pour-la-personnalisation-des-velos-electriques-specialized-speedfun-ebike-tuning\\\/\",\"name\":\"Configurateur pour la personnalisation des v\u00e9los \u00e9lectriques Specialized - SpeedFun ebike tuning - Speed Fun\",\"isPartOf\":{\"@id\":\"https:\\\/\\\/www.speedfun.bike\\\/#website\"},\"datePublished\":\"2026-04-02T08:39:50+00:00\",\"description\":\"Trouvez l'\u00e9quipement id\u00e9al pour votre v\u00e9lo \u00e9lectrique Specialized gr\u00e2ce \u00e0 notre configurateur. S\u00e9lectionnez \u00e9tape par \u00e9tape les composants de votre v\u00e9lo \u00e9lectrique pour d\u00e9couvrir les options compatibles.\",\"breadcrumb\":{\"@id\":\"https:\\\/\\\/www.speedfun.bike\\\/fr\\\/configurateur-pour-la-personnalisation-des-velos-electriques-specialized-speedfun-ebike-tuning\\\/#breadcrumb\"},\"inLanguage\":\"fr-FR\",\"potentialAction\":[{\"@type\":\"ReadAction\",\"target\":[\"https:\\\/\\\/www.speedfun.bike\\\/fr\\\/configurateur-pour-la-personnalisation-des-velos-electriques-specialized-speedfun-ebike-tuning\\\/\"]}]},{\"@type\":\"BreadcrumbList\",\"@id\":\"https:\\\/\\\/www.speedfun.bike\\\/fr\\\/configurateur-pour-la-personnalisation-des-velos-electriques-specialized-speedfun-ebike-tuning\\\/#breadcrumb\",\"itemListElement\":[{\"@type\":\"ListItem\",\"position\":1,\"name\":\"Home\",\"item\":\"https:\\\/\\\/www.speedfun.bike\\\/fr\\\/\"},{\"@type\":\"ListItem\",\"position\":2,\"name\":\"Configurateur pour la personnalisation des v\u00e9los \u00e9lectriques Specialized &#8211; SpeedFun ebike tuning\"}]},{\"@type\":\"WebSite\",\"@id\":\"https:\\\/\\\/www.speedfun.bike\\\/#website\",\"url\":\"https:\\\/\\\/www.speedfun.bike\\\/\",\"name\":\"Speed Fun\",\"description\":\"Sblocco velocit\u00e0 bici elettriche\",\"potentialAction\":[{\"@type\":\"SearchAction\",\"target\":{\"@type\":\"EntryPoint\",\"urlTemplate\":\"https:\\\/\\\/www.speedfun.bike\\\/?s={search_term_string}\"},\"query-input\":{\"@type\":\"PropertyValueSpecification\",\"valueRequired\":true,\"valueName\":\"search_term_string\"}}],\"inLanguage\":\"fr-FR\"}]}<\/script>\n<!-- \/ Yoast SEO plugin. -->","yoast_head_json":{"title":"Configurateur pour la personnalisation des v\u00e9los \u00e9lectriques Specialized - SpeedFun ebike tuning - Speed Fun","description":"Trouvez l'\u00e9quipement id\u00e9al pour votre v\u00e9lo \u00e9lectrique Specialized gr\u00e2ce \u00e0 notre configurateur. S\u00e9lectionnez \u00e9tape par \u00e9tape les composants de votre v\u00e9lo \u00e9lectrique pour d\u00e9couvrir les options compatibles.","robots":{"index":"index","follow":"follow","max-snippet":"max-snippet:-1","max-image-preview":"max-image-preview:large","max-video-preview":"max-video-preview:-1"},"canonical":"https:\/\/www.speedfun.bike\/fr\/configurateur-pour-la-personnalisation-des-velos-electriques-specialized-speedfun-ebike-tuning\/","og_locale":"fr_FR","og_type":"article","og_title":"Configurateur pour la personnalisation des v\u00e9los \u00e9lectriques Specialized - SpeedFun ebike tuning - Speed Fun","og_description":"Trouvez l'\u00e9quipement id\u00e9al pour votre v\u00e9lo \u00e9lectrique Specialized gr\u00e2ce \u00e0 notre configurateur. S\u00e9lectionnez \u00e9tape par \u00e9tape les composants de votre v\u00e9lo \u00e9lectrique pour d\u00e9couvrir les options compatibles.","og_url":"https:\/\/www.speedfun.bike\/fr\/configurateur-pour-la-personnalisation-des-velos-electriques-specialized-speedfun-ebike-tuning\/","og_site_name":"Speed Fun","twitter_card":"summary_large_image","twitter_misc":{"Est. reading time":"1 minute"},"schema":{"@context":"https:\/\/schema.org","@graph":[{"@type":"WebPage","@id":"https:\/\/www.speedfun.bike\/fr\/configurateur-pour-la-personnalisation-des-velos-electriques-specialized-speedfun-ebike-tuning\/","url":"https:\/\/www.speedfun.bike\/fr\/configurateur-pour-la-personnalisation-des-velos-electriques-specialized-speedfun-ebike-tuning\/","name":"Configurateur pour la personnalisation des v\u00e9los \u00e9lectriques Specialized - SpeedFun ebike tuning - Speed Fun","isPartOf":{"@id":"https:\/\/www.speedfun.bike\/#website"},"datePublished":"2026-04-02T08:39:50+00:00","description":"Trouvez l'\u00e9quipement id\u00e9al pour votre v\u00e9lo \u00e9lectrique Specialized gr\u00e2ce \u00e0 notre configurateur. S\u00e9lectionnez \u00e9tape par \u00e9tape les composants de votre v\u00e9lo \u00e9lectrique pour d\u00e9couvrir les options compatibles.","breadcrumb":{"@id":"https:\/\/www.speedfun.bike\/fr\/configurateur-pour-la-personnalisation-des-velos-electriques-specialized-speedfun-ebike-tuning\/#breadcrumb"},"inLanguage":"fr-FR","potentialAction":[{"@type":"ReadAction","target":["https:\/\/www.speedfun.bike\/fr\/configurateur-pour-la-personnalisation-des-velos-electriques-specialized-speedfun-ebike-tuning\/"]}]},{"@type":"BreadcrumbList","@id":"https:\/\/www.speedfun.bike\/fr\/configurateur-pour-la-personnalisation-des-velos-electriques-specialized-speedfun-ebike-tuning\/#breadcrumb","itemListElement":[{"@type":"ListItem","position":1,"name":"Home","item":"https:\/\/www.speedfun.bike\/fr\/"},{"@type":"ListItem","position":2,"name":"Configurateur pour la personnalisation des v\u00e9los \u00e9lectriques Specialized &#8211; SpeedFun ebike tuning"}]},{"@type":"WebSite","@id":"https:\/\/www.speedfun.bike\/#website","url":"https:\/\/www.speedfun.bike\/","name":"Speed Fun","description":"Sblocco velocit\u00e0 bici elettriche","potentialAction":[{"@type":"SearchAction","target":{"@type":"EntryPoint","urlTemplate":"https:\/\/www.speedfun.bike\/?s={search_term_string}"},"query-input":{"@type":"PropertyValueSpecification","valueRequired":true,"valueName":"search_term_string"}}],"inLanguage":"fr-FR"}]}},"_links":{"self":[{"href":"https:\/\/www.speedfun.bike\/fr\/wp-json\/wp\/v2\/pages\/146150","targetHints":{"allow":["GET"]}}],"collection":[{"href":"https:\/\/www.speedfun.bike\/fr\/wp-json\/wp\/v2\/pages"}],"about":[{"href":"https:\/\/www.speedfun.bike\/fr\/wp-json\/wp\/v2\/types\/page"}],"author":[{"embeddable":true,"href":"https:\/\/www.speedfun.bike\/fr\/wp-json\/wp\/v2\/users\/524"}],"replies":[{"embeddable":true,"href":"https:\/\/www.speedfun.bike\/fr\/wp-json\/wp\/v2\/comments?post=146150"}],"version-history":[{"count":4,"href":"https:\/\/www.speedfun.bike\/fr\/wp-json\/wp\/v2\/pages\/146150\/revisions"}],"predecessor-version":[{"id":146420,"href":"https:\/\/www.speedfun.bike\/fr\/wp-json\/wp\/v2\/pages\/146150\/revisions\/146420"}],"wp:attachment":[{"href":"https:\/\/www.speedfun.bike\/fr\/wp-json\/wp\/v2\/media?parent=146150"}],"curies":[{"name":"wp","href":"https:\/\/api.w.org\/{rel}","templated":true}]}}