{"id":145161,"date":"2025-10-13T15:03:18","date_gmt":"2025-10-13T14:03:18","guid":{"rendered":"https:\/\/speedfun.bike\/contactez-nous-v2\/"},"modified":"2025-10-13T15:11:25","modified_gmt":"2025-10-13T14:11:25","slug":"contactez-nous-v2","status":"publish","type":"page","link":"https:\/\/www.speedfun.bike\/fr\/contactez-nous-v2\/","title":{"rendered":"Contactez-nous"},"content":{"rendered":"<div class=\"wpb-content-wrapper\"><p>[vc_row row_height_percent=&#8221;0&#8243; override_padding=&#8221;yes&#8221; h_padding=&#8221;2&#8243; top_padding=&#8221;5&#8243; bottom_padding=&#8221;5&#8243; overlay_alpha=&#8221;50&#8243; gutter_size=&#8221;2&#8243; column_width_use_pixel=&#8221;yes&#8221; shift_y=&#8221;0&#8243; z_index=&#8221;2&#8243; top_divider=&#8221;gradient&#8221; enable_bottom_divider=&#8221;default&#8221; bottom_divider=&#8221;step&#8221; shape_bottom_h_use_pixel=&#8221;true&#8221; shape_bottom_height_percent=&#8221;33&#8243; shape_bottom_color=&#8221;accent&#8221; shape_bottom_opacity=&#8221;100&#8243; shape_bottom_index=&#8221;0&#8243; column_width_pixel=&#8221;1444&#8243; uncode_shortcode_id=&#8221;214237&#8243; shape_bottom_color_type=&#8221;uncode-palette&#8221;][vc_column column_width_percent=&#8221;100&#8243; gutter_size=&#8221;4&#8243; overlay_alpha=&#8221;50&#8243; shift_x=&#8221;0&#8243; shift_y=&#8221;0&#8243; shift_y_down=&#8221;0&#8243; z_index=&#8221;0&#8243; medium_width=&#8221;0&#8243; mobile_width=&#8221;0&#8243; width=&#8221;1\/1&#8243; uncode_shortcode_id=&#8221;532565&#8243;][vc_row_inner limit_content=&#8221;&#8221;][vc_column_inner column_width_use_pixel=&#8221;yes&#8221; align_horizontal=&#8221;align_center&#8221; gutter_size=&#8221;3&#8243; overlay_alpha=&#8221;50&#8243; shift_x=&#8221;0&#8243; shift_y=&#8221;0&#8243; shift_y_down=&#8221;0&#8243; z_index=&#8221;0&#8243; medium_width=&#8221;0&#8243; mobile_width=&#8221;0&#8243; width=&#8221;1\/1&#8243; column_width_pixel=&#8221;770&#8243; el_class=&#8221;demo-center-section&#8221; uncode_shortcode_id=&#8221;242858&#8243;][vc_custom_heading heading_semantic=&#8221;h3&#8243; text_size=&#8221;custom&#8221; sub_lead=&#8221;yes&#8221; sub_reduced=&#8221;yes&#8221; el_class=&#8221;demo-heading&#8221; uncode_shortcode_id=&#8221;177853&#8243; heading_custom_size=&#8221;clamp(30px,4vw,50px)&#8221;]Contactez l&#8217;\u00e9quipe SpeedFun![\/vc_custom_heading][\/vc_column_inner][\/vc_row_inner][vc_row_inner row_inner_height_percent=&#8221;0&#8243; overlay_alpha=&#8221;50&#8243; gutter_size=&#8221;2&#8243; shift_y=&#8221;0&#8243; z_index=&#8221;0&#8243; limit_content=&#8221;&#8221; uncode_shortcode_id=&#8221;878063&#8243;][vc_column_inner column_width_percent=&#8221;100&#8243; align_horizontal=&#8221;align_center&#8221; gutter_size=&#8221;3&#8243; override_padding=&#8221;yes&#8221; column_padding=&#8221;3&#8243; back_color=&#8221;color-xsdn&#8221; overlay_alpha=&#8221;50&#8243; radius=&#8221;lg&#8221; shadow=&#8221;xl&#8221; shift_x=&#8221;0&#8243; shift_y=&#8221;0&#8243; shift_y_down=&#8221;0&#8243; z_index=&#8221;0&#8243; medium_width=&#8221;3&#8243; mobile_width=&#8221;0&#8243; css_animation=&#8221;right-t-left&#8221; animation_speed=&#8221;600&#8243; width=&#8221;1\/2&#8243; uncode_shortcode_id=&#8221;116425&#8243; back_color_type=&#8221;uncode-palette&#8221;][vc_custom_heading heading_semantic=&#8221;h4&#8243; text_size=&#8221;custom&#8221; text_space=&#8221;fontspace-781688&#8243; uncode_shortcode_id=&#8221;132507&#8243; heading_custom_size=&#8221;clamp(25px,4vw,28px)&#8221; subheading=&#8221;Besoin d&#8217;informations rapidement? Aucun probl\u00e8me, contactez-nous sur WhatsApp!&#8221;]<\/p>\n<h2>Une question rapide? Utilisez WhatsApp!<\/h2>\n<p>[\/vc_custom_heading][vc_button button_color=&#8221;accent&#8221; size=&#8221;btn-lg&#8221; border_width=&#8221;0&#8243; button_color_type=&#8221;uncode-palette&#8221; uncode_shortcode_id=&#8221;423587&#8243; link=&#8221;url:https%3A%2F%2Fwa.me%2F390498740422%3Ftext%3DSalve%2C%2520vorrei%2520informazioni%2520riguardo&#8230;|&#8221; icon=&#8221;fa fa-whatsapp&#8221;]Whatsapp[\/vc_button][\/vc_column_inner][vc_column_inner column_width_percent=&#8221;100&#8243; align_horizontal=&#8221;align_center&#8221; gutter_size=&#8221;3&#8243; override_padding=&#8221;yes&#8221; column_padding=&#8221;3&#8243; back_color=&#8221;color-xsdn&#8221; overlay_alpha=&#8221;50&#8243; radius=&#8221;lg&#8221; shadow=&#8221;xl&#8221; shift_x=&#8221;0&#8243; shift_y=&#8221;0&#8243; shift_y_down=&#8221;0&#8243; z_index=&#8221;0&#8243; medium_width=&#8221;3&#8243; mobile_width=&#8221;0&#8243; css_animation=&#8221;left-t-right&#8221; animation_speed=&#8221;600&#8243; shadow_hover=&#8221;yes&#8221; shadow_hover_weight=&#8221;std&#8221; width=&#8221;1\/2&#8243; uncode_shortcode_id=&#8221;141540&#8243; back_color_type=&#8221;uncode-palette&#8221;][vc_custom_heading heading_semantic=&#8221;h4&#8243; text_size=&#8221;custom&#8221; text_space=&#8221;fontspace-781688&#8243; uncode_shortcode_id=&#8221;183348&#8243; heading_custom_size=&#8221;clamp(25px,4vw,28px)&#8221; subheading=&#8221;Remplissez le formulaire avec les informations demand\u00e9es et notre \u00e9quipe vous r\u00e9pondra dans les plus brefs d\u00e9lais.&#8221;]<\/p>\n<h2>Contactez le support client<\/h2>\n<p>[\/vc_custom_heading][vc_button button_color=&#8221;accent&#8221; size=&#8221;btn-lg&#8221; border_width=&#8221;0&#8243; button_color_type=&#8221;uncode-palette&#8221; uncode_shortcode_id=&#8221;229813&#8243; link=&#8221;url:https%3A%2F%2Fspeedfun.bike%2Frichiesta-assistenza%2Ffr%2F|&#8221; icon=&#8221;fa fa-envelope-o&#8221;]Remplissez le formulaire[\/vc_button][\/vc_column_inner][\/vc_row_inner][\/vc_column][\/vc_row][vc_row row_height_percent=&#8221;0&#8243; back_color=&#8221;accent&#8221; overlay_alpha=&#8221;50&#8243; gutter_size=&#8221;3&#8243; column_width_percent=&#8221;100&#8243; shift_y=&#8221;0&#8243; z_index=&#8221;0&#8243; content_parallax=&#8221;0&#8243; uncode_shortcode_id=&#8221;514058&#8243; back_color_type=&#8221;uncode-palette&#8221;][vc_column width=&#8221;1\/1&#8243;][vc_empty_space empty_h=&#8221;2&#8243;][\/vc_column][\/vc_row][vc_row row_height_percent=&#8221;0&#8243; override_padding=&#8221;yes&#8221; h_padding=&#8221;3&#8243; top_padding=&#8221;2&#8243; bottom_padding=&#8221;5&#8243; back_color=&#8221;accent&#8221; overlay_alpha=&#8221;50&#8243; gutter_size=&#8221;3&#8243; column_width_use_pixel=&#8221;yes&#8221; shift_y=&#8221;0&#8243; z_index=&#8221;2&#8243; content_parallax=&#8221;0&#8243; uncode_shortcode_id=&#8221;149108&#8243; back_color_type=&#8221;uncode-palette&#8221;][vc_column column_width_percent=&#8221;100&#8243; align_horizontal=&#8221;align_center&#8221; gutter_size=&#8221;3&#8243; override_padding=&#8221;yes&#8221; column_padding=&#8221;3&#8243; style=&#8221;light&#8221; back_color=&#8221;color-xsdn&#8221; overlay_alpha=&#8221;50&#8243; radius=&#8221;std&#8221; shadow=&#8221;lg&#8221; shift_x=&#8221;0&#8243; shift_y=&#8221;-5&#8243; shift_y_fixed=&#8221;yes&#8221; shift_y_down=&#8221;0&#8243; z_index=&#8221;0&#8243; medium_width=&#8221;0&#8243; mobile_width=&#8221;0&#8243; width=&#8221;1\/1&#8243; uncode_shortcode_id=&#8221;316640&#8243; back_color_type=&#8221;uncode-palette&#8221;][vc_custom_heading heading_semantic=&#8221;h6&#8243; text_size=&#8221;fontsize-160000&#8243; text_transform=&#8221;uppercase&#8221; text_space=&#8221;fontspace-135905&#8243; uncode_shortcode_id=&#8221;126300&#8243;]nos bureaux[\/vc_custom_heading][vc_separator sep_color=&#8221;,Default&#8221;][vc_row_inner row_inner_height_percent=&#8221;0&#8243; overlay_alpha=&#8221;50&#8243; gutter_size=&#8221;4&#8243; shift_y=&#8221;0&#8243; z_index=&#8221;0&#8243;][vc_column_inner column_width_percent=&#8221;100&#8243; align_horizontal=&#8221;align_right&#8221; gutter_size=&#8221;3&#8243; style=&#8221;dark&#8221; overlay_alpha=&#8221;50&#8243; shift_x=&#8221;0&#8243; shift_y=&#8221;0&#8243; shift_y_down=&#8221;0&#8243; z_index=&#8221;0&#8243; align_medium=&#8221;align_center_tablet&#8221; medium_width=&#8221;0&#8243; align_mobile=&#8221;align_center_mobile&#8221; mobile_width=&#8221;0&#8243; width=&#8221;1\/2&#8243;][vc_raw_html]PGlmcmFtZSBzcmM9Imh0dHBzOi8vd3d3Lmdvb2dsZS5jb20vbWFwcy9lbWJlZD9wYj0hMW0xNCExbTghMW0zITFkNzAxLjQ4NDUyNjkyMzAzNzYhMmQxMS45MTM4NzA1MzMxMzQ5MyEzZDQ1LjMwOTY3NTg0NzQ3MzY1ITNtMiExaTEwMjQhMmk3NjghNGYxMy4xITNtMyExbTIhMXMweDAlM0EweDkwMjM1YmJmNDkwZDQyZTYhMnNTcGVlZEZ1biE1ZTAhM20yITFzaXQhMnNpdCE0djE1ODYxNTk0NzE0NjchNW0yITFzaXQhMnNpdCIgd2lkdGg9IjUwMCIgaGVpZ2h0PSIzNTAiIGZyYW1lYm9yZGVyPSIwIiBzdHlsZT0iYm9yZGVyOjA7IiBhbGxvd2Z1bGxzY3JlZW49IiIgYXJpYS1oaWRkZW49ImZhbHNlIiB0YWJpbmRleD0iMCI+PC9pZnJhbWU+[\/vc_raw_html][\/vc_column_inner][vc_column_inner column_width_percent=&#8221;100&#8243; align_horizontal=&#8221;align_center&#8221; gutter_size=&#8221;3&#8243; style=&#8221;light&#8221; overlay_alpha=&#8221;50&#8243; shift_x=&#8221;0&#8243; shift_y=&#8221;0&#8243; shift_y_down=&#8221;0&#8243; z_index=&#8221;0&#8243; align_medium=&#8221;align_center_tablet&#8221; medium_width=&#8221;0&#8243; align_mobile=&#8221;align_center_mobile&#8221; mobile_width=&#8221;0&#8243; width=&#8221;1\/2&#8243; uncode_shortcode_id=&#8221;120858&#8243;][vc_column_text text_lead=&#8221;yes&#8221; uncode_shortcode_id=&#8221;188642&#8243;]<\/p>\n<h2>Ou venez nous rendre visite !<\/h2>\n<p>Nos bureaux sont ouverts aux horaires suivants\u00a0:<br \/>\nLun-Ven\u00a0: 08:00-12:00 14:00-18:00 (CET)<br \/>\nSam-Dim\u00a0: Ferm\u00e9[\/vc_column_text][\/vc_column_inner][\/vc_row_inner][\/vc_column][\/vc_row]<\/p>\n<\/div>","protected":false},"excerpt":{"rendered":"<p>[vc_row row_height_percent=&#8221;0&#8243; override_padding=&#8221;yes&#8221; h_padding=&#8221;2&#8243; top_padding=&#8221;5&#8243; bottom_padding=&#8221;5&#8243; overlay_alpha=&#8221;50&#8243; gutter_size=&#8221;2&#8243; column_width_use_pixel=&#8221;yes&#8221; shift_y=&#8221;0&#8243; z_index=&#8221;2&#8243; top_divider=&#8221;gradient&#8221; enable_bottom_divider=&#8221;default&#8221; bottom_divider=&#8221;step&#8221; shape_bottom_h_use_pixel=&#8221;true&#8221; shape_bottom_height_percent=&#8221;33&#8243; shape_bottom_color=&#8221;accent&#8221; shape_bottom_opacity=&#8221;100&#8243; shape_bottom_index=&#8221;0&#8243; column_width_pixel=&#8221;1444&#8243; [&hellip;]<\/p>\n","protected":false},"author":1,"featured_media":0,"parent":0,"menu_order":0,"comment_status":"closed","ping_status":"closed","template":"","meta":{"_acf_changed":false,"footnotes":""},"class_list":["post-145161","page","type-page","status-publish","hentry"],"acf":[],"yoast_head":"<!-- This site is optimized with the Yoast SEO plugin v27.3 - https:\/\/yoast.com\/product\/yoast-seo-wordpress\/ -->\n<title>Contactez-nous - SpeedFun ebike tuning<\/title>\n<meta name=\"description\" content=\"Besoin d&#039;assistance avant ou apr\u00e8s-vente\u00a0? Voici tout ce dont vous avez besoin pour contacter l&#039;\u00e9quipe de tuning de v\u00e9los \u00e9lectriques SpeedFun\u00a0!\" \/>\n<meta name=\"robots\" content=\"index, follow, max-snippet:-1, max-image-preview:large, max-video-preview:-1\" \/>\n<link rel=\"canonical\" href=\"https:\/\/speedfun.bike\/fr\/contactez-nous-v2\/\" \/>\n<meta property=\"og:locale\" content=\"fr_FR\" \/>\n<meta property=\"og:type\" content=\"article\" \/>\n<meta property=\"og:title\" content=\"Contactez-nous - SpeedFun ebike tuning\" \/>\n<meta property=\"og:description\" content=\"Besoin d&#039;assistance avant ou apr\u00e8s-vente\u00a0? Voici tout ce dont vous avez besoin pour contacter l&#039;\u00e9quipe de tuning de v\u00e9los \u00e9lectriques SpeedFun\u00a0!\" \/>\n<meta property=\"og:url\" content=\"https:\/\/speedfun.bike\/fr\/contactez-nous-v2\/\" \/>\n<meta property=\"og:site_name\" content=\"Speed Fun\" \/>\n<meta property=\"article:modified_time\" content=\"2025-10-13T14:11:25+00:00\" \/>\n<meta name=\"twitter:card\" content=\"summary_large_image\" \/>\n<meta name=\"twitter:label1\" content=\"Est. reading time\" \/>\n\t<meta name=\"twitter:data1\" content=\"2 minutes\" \/>\n<script type=\"application\/ld+json\" class=\"yoast-schema-graph\">{\"@context\":\"https:\\\/\\\/schema.org\",\"@graph\":[{\"@type\":\"WebPage\",\"@id\":\"https:\\\/\\\/speedfun.bike\\\/fr\\\/contactez-nous-v2\\\/\",\"url\":\"https:\\\/\\\/speedfun.bike\\\/fr\\\/contactez-nous-v2\\\/\",\"name\":\"Contactez-nous - SpeedFun ebike tuning\",\"isPartOf\":{\"@id\":\"https:\\\/\\\/speedfun.bike\\\/#website\"},\"datePublished\":\"2025-10-13T14:03:18+00:00\",\"dateModified\":\"2025-10-13T14:11:25+00:00\",\"description\":\"Besoin d'assistance avant ou apr\u00e8s-vente\u00a0? Voici tout ce dont vous avez besoin pour contacter l'\u00e9quipe de tuning de v\u00e9los \u00e9lectriques SpeedFun\u00a0!\",\"breadcrumb\":{\"@id\":\"https:\\\/\\\/speedfun.bike\\\/fr\\\/contactez-nous-v2\\\/#breadcrumb\"},\"inLanguage\":\"fr-FR\",\"potentialAction\":[{\"@type\":\"ReadAction\",\"target\":[\"https:\\\/\\\/speedfun.bike\\\/fr\\\/contactez-nous-v2\\\/\"]}]},{\"@type\":\"BreadcrumbList\",\"@id\":\"https:\\\/\\\/speedfun.bike\\\/fr\\\/contactez-nous-v2\\\/#breadcrumb\",\"itemListElement\":[{\"@type\":\"ListItem\",\"position\":1,\"name\":\"Home\",\"item\":\"https:\\\/\\\/speedfun.bike\\\/fr\\\/\"},{\"@type\":\"ListItem\",\"position\":2,\"name\":\"Contactez-nous\"}]},{\"@type\":\"WebSite\",\"@id\":\"https:\\\/\\\/speedfun.bike\\\/#website\",\"url\":\"https:\\\/\\\/speedfun.bike\\\/\",\"name\":\"Speed Fun\",\"description\":\"Sblocco velocit\u00e0 bici elettriche\",\"potentialAction\":[{\"@type\":\"SearchAction\",\"target\":{\"@type\":\"EntryPoint\",\"urlTemplate\":\"https:\\\/\\\/speedfun.bike\\\/?s={search_term_string}\"},\"query-input\":{\"@type\":\"PropertyValueSpecification\",\"valueRequired\":true,\"valueName\":\"search_term_string\"}}],\"inLanguage\":\"fr-FR\"}]}<\/script>\n<!-- \/ Yoast SEO plugin. -->","yoast_head_json":{"title":"Contactez-nous - SpeedFun ebike tuning","description":"Besoin d'assistance avant ou apr\u00e8s-vente\u00a0? Voici tout ce dont vous avez besoin pour contacter l'\u00e9quipe de tuning de v\u00e9los \u00e9lectriques SpeedFun\u00a0!","robots":{"index":"index","follow":"follow","max-snippet":"max-snippet:-1","max-image-preview":"max-image-preview:large","max-video-preview":"max-video-preview:-1"},"canonical":"https:\/\/speedfun.bike\/fr\/contactez-nous-v2\/","og_locale":"fr_FR","og_type":"article","og_title":"Contactez-nous - SpeedFun ebike tuning","og_description":"Besoin d'assistance avant ou apr\u00e8s-vente\u00a0? Voici tout ce dont vous avez besoin pour contacter l'\u00e9quipe de tuning de v\u00e9los \u00e9lectriques SpeedFun\u00a0!","og_url":"https:\/\/speedfun.bike\/fr\/contactez-nous-v2\/","og_site_name":"Speed Fun","article_modified_time":"2025-10-13T14:11:25+00:00","twitter_card":"summary_large_image","twitter_misc":{"Est. reading time":"2 minutes"},"schema":{"@context":"https:\/\/schema.org","@graph":[{"@type":"WebPage","@id":"https:\/\/speedfun.bike\/fr\/contactez-nous-v2\/","url":"https:\/\/speedfun.bike\/fr\/contactez-nous-v2\/","name":"Contactez-nous - SpeedFun ebike tuning","isPartOf":{"@id":"https:\/\/speedfun.bike\/#website"},"datePublished":"2025-10-13T14:03:18+00:00","dateModified":"2025-10-13T14:11:25+00:00","description":"Besoin d'assistance avant ou apr\u00e8s-vente\u00a0? Voici tout ce dont vous avez besoin pour contacter l'\u00e9quipe de tuning de v\u00e9los \u00e9lectriques SpeedFun\u00a0!","breadcrumb":{"@id":"https:\/\/speedfun.bike\/fr\/contactez-nous-v2\/#breadcrumb"},"inLanguage":"fr-FR","potentialAction":[{"@type":"ReadAction","target":["https:\/\/speedfun.bike\/fr\/contactez-nous-v2\/"]}]},{"@type":"BreadcrumbList","@id":"https:\/\/speedfun.bike\/fr\/contactez-nous-v2\/#breadcrumb","itemListElement":[{"@type":"ListItem","position":1,"name":"Home","item":"https:\/\/speedfun.bike\/fr\/"},{"@type":"ListItem","position":2,"name":"Contactez-nous"}]},{"@type":"WebSite","@id":"https:\/\/speedfun.bike\/#website","url":"https:\/\/speedfun.bike\/","name":"Speed Fun","description":"Sblocco velocit\u00e0 bici elettriche","potentialAction":[{"@type":"SearchAction","target":{"@type":"EntryPoint","urlTemplate":"https:\/\/speedfun.bike\/?s={search_term_string}"},"query-input":{"@type":"PropertyValueSpecification","valueRequired":true,"valueName":"search_term_string"}}],"inLanguage":"fr-FR"}]}},"_links":{"self":[{"href":"https:\/\/www.speedfun.bike\/fr\/wp-json\/wp\/v2\/pages\/145161","targetHints":{"allow":["GET"]}}],"collection":[{"href":"https:\/\/www.speedfun.bike\/fr\/wp-json\/wp\/v2\/pages"}],"about":[{"href":"https:\/\/www.speedfun.bike\/fr\/wp-json\/wp\/v2\/types\/page"}],"author":[{"embeddable":true,"href":"https:\/\/www.speedfun.bike\/fr\/wp-json\/wp\/v2\/users\/1"}],"replies":[{"embeddable":true,"href":"https:\/\/www.speedfun.bike\/fr\/wp-json\/wp\/v2\/comments?post=145161"}],"version-history":[{"count":3,"href":"https:\/\/www.speedfun.bike\/fr\/wp-json\/wp\/v2\/pages\/145161\/revisions"}],"predecessor-version":[{"id":145172,"href":"https:\/\/www.speedfun.bike\/fr\/wp-json\/wp\/v2\/pages\/145161\/revisions\/145172"}],"wp:attachment":[{"href":"https:\/\/www.speedfun.bike\/fr\/wp-json\/wp\/v2\/media?parent=145161"}],"curies":[{"name":"wp","href":"https:\/\/api.w.org\/{rel}","templated":true}]}}