{"id":126,"date":"2017-07-13T16:56:30","date_gmt":"2017-07-13T16:56:30","guid":{"rendered":"https:\/\/speedfun.bike\/homepage\/"},"modified":"2023-01-23T16:14:04","modified_gmt":"2023-01-23T15:14:04","slug":"homepage","status":"publish","type":"page","link":"https:\/\/www.speedfun.bike\/fr\/homepage\/","title":{"rendered":"Homepage"},"content":{"rendered":"<div class=\"wpb-content-wrapper\"><p>[vc_row unlock_row_content=&#8221;yes&#8221; row_height_percent=&#8221;85&#8243; override_padding=&#8221;yes&#8221; h_padding=&#8221;0&#8243; top_padding=&#8221;0&#8243; bottom_padding=&#8221;0&#8243; back_color=&#8221;color-wayh&#8221; parallax=&#8221;yes&#8221; overlay_color=&#8221;color-wayh&#8221; overlay_alpha=&#8221;0&#8243; gutter_size=&#8221;3&#8243; shift_y=&#8221;0&#8243; column_width_percent=&#8221;100&#8243; z_index=&#8221;0&#8243;][vc_column column_width_percent=&#8221;100&#8243; position_vertical=&#8221;middle&#8221; align_horizontal=&#8221;align_center&#8221; style=&#8221;dark&#8221; overlay_alpha=&#8221;50&#8243; gutter_size=&#8221;0&#8243; medium_width=&#8221;0&#8243; mobile_width=&#8221;0&#8243; shift_x=&#8221;0&#8243; shift_y=&#8221;0&#8243; z_index=&#8221;0&#8243; shift_y_down=&#8221;0&#8243; width=&#8221;1\/1&#8243;][uncode_slider slider_interval=&#8221;10000&#8243; slider_navspeed=&#8221;400&#8243; slider_loop=&#8221;yes&#8221;][vc_row_inner row_inner_height_percent=&#8221;100&#8243; force_width_grid=&#8221;yes&#8221; back_image=&#8221;848&#8243; parallax=&#8221;yes&#8221; overlay_alpha=&#8221;50&#8243; gutter_size=&#8221;3&#8243; shift_y=&#8221;0&#8243; row_height_pixel=&#8221;500px&#8221;][vc_column_inner column_width_use_pixel=&#8221;yes&#8221; position_vertical=&#8221;middle&#8221; align_horizontal=&#8221;align_center&#8221; expand_height=&#8221;yes&#8221; override_padding=&#8221;yes&#8221; column_padding=&#8221;5&#8243; gutter_size=&#8221;3&#8243; overlay_alpha=&#8221;50&#8243; medium_width=&#8221;0&#8243; mobile_width=&#8221;0&#8243; shift_x=&#8221;0&#8243; shift_y=&#8221;0&#8243; z_index=&#8221;0&#8243; width=&#8221;1\/1&#8243; column_width_pixel=&#8221;990&#8243;][vc_custom_heading heading_semantic=&#8221;h1&#8243; text_size=&#8221;bigtext&#8221; text_font=&#8221;font-762333&#8243; text_weight=&#8221;700&#8243; text_color=&#8221;color-xsdn&#8221; css_animation=&#8221;bottom-t-top&#8221; title=&#8221;&#8221;]<span style=\"font-weight: 400;\">Dispositif de d\u00e9bridage pour v\u00e9los \u00e0 assistance \u00e9lectrique<\/span>[\/vc_custom_heading][\/vc_column_inner][\/vc_row_inner][vc_row_inner row_inner_height_percent=&#8221;100&#8243; force_width_grid=&#8221;yes&#8221; back_image=&#8221;857&#8243; parallax=&#8221;yes&#8221; overlay_alpha=&#8221;50&#8243; gutter_size=&#8221;3&#8243; shift_y=&#8221;0&#8243; row_height_pixel=&#8221;500px&#8221;][vc_column_inner column_width_use_pixel=&#8221;yes&#8221; position_vertical=&#8221;middle&#8221; expand_height=&#8221;yes&#8221; override_padding=&#8221;yes&#8221; column_padding=&#8221;5&#8243; gutter_size=&#8221;3&#8243; overlay_alpha=&#8221;50&#8243; medium_width=&#8221;0&#8243; mobile_width=&#8221;0&#8243; shift_x=&#8221;0&#8243; shift_y=&#8221;0&#8243; z_index=&#8221;0&#8243; width=&#8221;1\/1&#8243; column_width_pixel=&#8221;990&#8243;][vc_custom_heading heading_semantic=&#8221;h1&#8243; text_size=&#8221;bigtext&#8221; text_font=&#8221;font-762333&#8243; text_weight=&#8221;700&#8243; text_color=&#8221;color-xsdn&#8221; css_animation=&#8221;bottom-t-top&#8221; title=&#8221;&#8221;]<span style=\"font-weight: 400;\">Dispositif de d\u00e9bridage pour v\u00e9los \u00e0 assistance \u00e9lectrique<\/span>[\/vc_custom_heading][\/vc_column_inner][\/vc_row_inner][vc_row_inner row_inner_height_percent=&#8221;100&#8243; force_width_grid=&#8221;yes&#8221; back_image=&#8221;866&#8243; parallax=&#8221;yes&#8221; overlay_alpha=&#8221;50&#8243; gutter_size=&#8221;3&#8243; shift_y=&#8221;0&#8243; row_height_pixel=&#8221;500px&#8221;][vc_column_inner column_width_use_pixel=&#8221;yes&#8221; position_vertical=&#8221;middle&#8221; expand_height=&#8221;yes&#8221; override_padding=&#8221;yes&#8221; column_padding=&#8221;5&#8243; gutter_size=&#8221;3&#8243; overlay_alpha=&#8221;50&#8243; medium_width=&#8221;0&#8243; mobile_width=&#8221;0&#8243; shift_x=&#8221;0&#8243; shift_y=&#8221;0&#8243; z_index=&#8221;0&#8243; width=&#8221;1\/1&#8243; column_width_pixel=&#8221;990&#8243;][vc_custom_heading heading_semantic=&#8221;h1&#8243; text_size=&#8221;bigtext&#8221; text_font=&#8221;font-762333&#8243; text_weight=&#8221;700&#8243; text_color=&#8221;color-xsdn&#8221; css_animation=&#8221;bottom-t-top&#8221; title=&#8221;&#8221;]<span style=\"font-weight: 400;\">Dispositif de d\u00e9bridage pour v\u00e9los \u00e0 assistance \u00e9lectrique<\/span>[\/vc_custom_heading][\/vc_column_inner][\/vc_row_inner][vc_row_inner row_inner_height_percent=&#8221;100&#8243; force_width_grid=&#8221;yes&#8221; back_image=&#8221;1207&#8243; parallax=&#8221;yes&#8221; overlay_alpha=&#8221;50&#8243; gutter_size=&#8221;3&#8243; shift_y=&#8221;0&#8243; row_height_pixel=&#8221;500px&#8221;][vc_column_inner column_width_use_pixel=&#8221;yes&#8221; position_vertical=&#8221;middle&#8221; expand_height=&#8221;yes&#8221; override_padding=&#8221;yes&#8221; column_padding=&#8221;5&#8243; gutter_size=&#8221;3&#8243; overlay_alpha=&#8221;50&#8243; medium_width=&#8221;0&#8243; mobile_width=&#8221;0&#8243; shift_x=&#8221;0&#8243; shift_y=&#8221;0&#8243; z_index=&#8221;0&#8243; width=&#8221;1\/1&#8243; column_width_pixel=&#8221;990&#8243;][vc_custom_heading heading_semantic=&#8221;h1&#8243; text_size=&#8221;bigtext&#8221; text_font=&#8221;font-762333&#8243; text_weight=&#8221;700&#8243; text_color=&#8221;color-xsdn&#8221; css_animation=&#8221;bottom-t-top&#8221; title=&#8221;&#8221;]<span style=\"font-weight: 400;\">Dispositif de d\u00e9bridage pour v\u00e9los \u00e0 assistance \u00e9lectrique<\/span>[\/vc_custom_heading][\/vc_column_inner][\/vc_row_inner][\/uncode_slider][\/vc_column][\/vc_row][vc_row row_height_percent=&#8221;0&#8243; override_padding=&#8221;yes&#8221; h_padding=&#8221;3&#8243; top_padding=&#8221;2&#8243; bottom_padding=&#8221;0&#8243; overlay_alpha=&#8221;50&#8243; gutter_size=&#8221;3&#8243; shift_y=&#8221;0&#8243; column_width_percent=&#8221;100&#8243; z_index=&#8221;2&#8243;][vc_column column_width_percent=&#8221;100&#8243; align_horizontal=&#8221;align_center&#8221; override_padding=&#8221;yes&#8221; column_padding=&#8221;3&#8243; style=&#8221;dark&#8221; back_color=&#8221;accent&#8221; overlay_alpha=&#8221;50&#8243; gutter_size=&#8221;3&#8243; medium_width=&#8221;0&#8243; mobile_width=&#8221;0&#8243; shift_x=&#8221;0&#8243; shift_y=&#8221;-5&#8243; shift_y_fixed=&#8221;yes&#8221; z_index=&#8221;0&#8243; shift_y_down=&#8221;0&#8243; shadow=&#8221;std&#8221; radius=&#8221;std&#8221; width=&#8221;1\/1&#8243;][vc_row_inner row_inner_height_percent=&#8221;0&#8243; overlay_alpha=&#8221;50&#8243; gutter_size=&#8221;3&#8243; shift_y=&#8221;0&#8243; css=&#8221;.vc_custom_1504099676328{margin-bottom: 0px !important;}&#8221;][vc_column_inner column_width_percent=&#8221;100&#8243; align_horizontal=&#8221;align_right&#8221; style=&#8221;dark&#8221; gutter_size=&#8221;3&#8243; overlay_alpha=&#8221;50&#8243; align_medium=&#8221;align_center_tablet&#8221; medium_width=&#8221;0&#8243; align_mobile=&#8221;align_center_mobile&#8221; mobile_width=&#8221;0&#8243; shift_x=&#8221;0&#8243; shift_y=&#8221;0&#8243; z_index=&#8221;0&#8243; shift_y_down=&#8221;0&#8243; width=&#8221;1\/2&#8243;][vc_custom_heading heading_semantic=&#8221;h1&#8243; text_size=&#8221;&#8221; text_font=&#8221;font-762333&#8243; text_weight=&#8221;700&#8243; sub_lead=&#8221;yes&#8221;]SpeedFun<br \/>\nChampion!<br \/>\nWe multiply<br \/>\nyour<br \/>\nperformance[\/vc_custom_heading][\/vc_column_inner][vc_column_inner column_width_percent=&#8221;100&#8243; style=&#8221;dark&#8221; gutter_size=&#8221;3&#8243; overlay_alpha=&#8221;50&#8243; align_medium=&#8221;align_center_tablet&#8221; medium_width=&#8221;0&#8243; align_mobile=&#8221;align_center_mobile&#8221; mobile_width=&#8221;0&#8243; shift_x=&#8221;0&#8243; shift_y=&#8221;0&#8243; z_index=&#8221;0&#8243; shift_y_down=&#8221;0&#8243; width=&#8221;1\/2&#8243;][vc_custom_heading heading_semantic=&#8221;h3&#8243; text_size=&#8221;h3&#8243; text_weight=&#8221;400&#8243; sub_lead=&#8221;yes&#8221;]Ci sono elettrociclisti che amano andar piano&#8230;<\/p>\n<p>Ci sono elettrociclisti che amano andare su sentieri in salita&#8230;<\/p>\n<p>Ci sono elettrociclisti che amano andar veloci&#8230; Ai quali il limite dei 25kmH va veramente, insopportabilmente stretto!<\/p>\n<p>&nbsp;<\/p>\n<p>Dispositivo di sblocco velocit\u00e0 per biciclette elettriche.[\/vc_custom_heading][\/vc_column_inner][\/vc_row_inner][\/vc_column][\/vc_row][vc_row row_height_percent=&#8221;0&#8243; overlay_alpha=&#8221;50&#8243; gutter_size=&#8221;3&#8243; shift_y=&#8221;0&#8243;][vc_column column_width_percent=&#8221;100&#8243; align_horizontal=&#8221;align_center&#8221; overlay_alpha=&#8221;50&#8243; gutter_size=&#8221;3&#8243; medium_width=&#8221;0&#8243; mobile_width=&#8221;0&#8243; shift_x=&#8221;0&#8243; shift_y=&#8221;0&#8243; z_index=&#8221;0&#8243;][uncode_slider slider_interval=&#8221;5000&#8243; slider_navspeed=&#8221;400&#8243; slider_loop=&#8221;yes&#8221;][vc_row_inner][vc_column_inner width=&#8221;1\/1&#8243;][vc_raw_html]PGRpdiBjbGFzcz0icm93Ij4NCjxkaXYgY2xhc3M9ImNvbC1sZy0zIiBzdHlsZT0icGFkZGluZzogM3B4OyI+PGEgaHJlZj0iaHR0cDovL3d3dy5zcGVlZHVwLmJpa2UvY2F0ZWdvcmlhLXByb2RvdHRvL2Zvci1ib3NjaC8iPg0KPGltZyBzcmM9Imh0dHA6Ly93d3cuc3BlZWR1cC5iaWtlL2FwcC91cGxvYWRzLzIwMTcvMDcvMDEtZG9wcGlhLUEuanBnIiBhbHQ9IiIgLz48L2E+DQo8aDMgc3R5bGU9InRleHQtYWxpZ246IGNlbnRlcjsiPkJvc2NoPC9oMz4NCiZuYnNwOw0KDQo8L2Rpdj4NCjxkaXYgY2xhc3M9ImNvbC1sZy0zIiBzdHlsZT0icGFkZGluZzogM3B4OyI+PGEgaHJlZj0iaHR0cDovL3d3dy5zcGVlZHVwLmJpa2UvY2F0ZWdvcmlhLXByb2RvdHRvL2Zvci15YW1haGEvIj4NCjxpbWcgc3JjPSJodHRwOi8vd3d3LnNwZWVkdXAuYmlrZS9hcHAvdXBsb2Fkcy8yMDE3LzA3LzAxLWRvcHBpYS1CLmpwZyIgYWx0PSIiIC8+PC9hPg0KPGgzIHN0eWxlPSJ0ZXh0LWFsaWduOiBjZW50ZXI7Ij5ZYW1haGE8L2gzPg0KJm5ic3A7DQoNCjwvZGl2Pg0KPGRpdiBjbGFzcz0iY29sLWxnLTMiIHN0eWxlPSJwYWRkaW5nOiAzcHg7Ij48YSBocmVmPSJodHRwOi8vd3d3LnNwZWVkdXAuYmlrZS9jYXRlZ29yaWEtcHJvZG90dG8vZm9yLWJyb3NlLyI+DQo8aW1nIHNyYz0iaHR0cDovL3d3dy5zcGVlZHVwLmJpa2UvYXBwL3VwbG9hZHMvMjAxNy8wNy8wMi1kb3BwaWEtQS5qcGciIGFsdD0iIiAvPjwvYT4NCjxoMyBzdHlsZT0idGV4dC1hbGlnbjogY2VudGVyOyI+QnJvc2U8L2gzPg0KJm5ic3A7DQoNCjwvZGl2Pg0KPGRpdiBjbGFzcz0iY29sLWxnLTMiIHN0eWxlPSJwYWRkaW5nOiAzcHg7Ij48YSBocmVmPSJodHRwOi8vd3d3LnNwZWVkdXAuYmlrZS9jYXRlZ29yaWEtcHJvZG90dG8vZm9yLWltcHVsc2UvIj4NCjxpbWcgc3JjPSJodHRwOi8vd3d3LnNwZWVkdXAuYmlrZS9hcHAvdXBsb2Fkcy8yMDE3LzA3LzAyLWRvcHBpYS1CLmpwZyIgYWx0PSIiIC8+PC9hPg0KPGgzIHN0eWxlPSJ0ZXh0LWFsaWduOiBjZW50ZXI7Ij5JbXB1bHNlPC9oMz4NCiZuYnNwOw0KDQo8L2Rpdj4NCjwvZGl2Pg==[\/vc_raw_html][\/vc_column_inner][\/vc_row_inner][vc_row_inner][vc_column_inner width=&#8221;1\/1&#8243;][vc_raw_html]PGRpdiBjbGFzcz0icm93Ij4NCjxkaXYgY2xhc3M9ImNvbC1sZy0zIiBzdHlsZT0icGFkZGluZzogM3B4OyI+PGEgaHJlZj0iaHR0cDovL3d3dy5zcGVlZHVwLmJpa2UvY2F0ZWdvcmlhLXByb2RvdHRvL2Zvci1zaGltYW5vLyI+DQo8aW1nIHNyYz0iaHR0cDovL3d3dy5zcGVlZHVwLmJpa2UvYXBwL3VwbG9hZHMvMjAxNy8wNy8wMy1kb3BwaWEtQS5qcGciIGFsdD0iIiAvPjwvYT4NCjxoMyBzdHlsZT0idGV4dC1hbGlnbjogY2VudGVyOyI+U2hpbWFubzwvaDM+DQombmJzcDsNCg0KPC9kaXY+DQo8ZGl2IGNsYXNzPSJjb2wtbGctMyIgc3R5bGU9InBhZGRpbmc6IDNweDsiPjxhIGhyZWY9Imh0dHA6Ly93d3cuc3BlZWR1cC5iaWtlL2NhdGVnb3JpYS1wcm9kb3R0by9mb3ItcGFuYXNvbmljLyI+DQo8aW1nIHNyYz0iaHR0cDovL3d3dy5zcGVlZHVwLmJpa2UvYXBwL3VwbG9hZHMvMjAxNy8wNy8wMy1kb3BwaWEtQi0xLmpwZyIgYWx0PSIiIC8+PC9hPg0KPGgzIHN0eWxlPSJ0ZXh0LWFsaWduOiBjZW50ZXI7Ij5QYW5hc29uaWM8L2gzPg0KJm5ic3A7DQoNCjwvZGl2Pg0KPGRpdiBjbGFzcz0iY29sLWxnLTMiIHN0eWxlPSJwYWRkaW5nOiAzcHg7Ij48YSBocmVmPSJodHRwOi8vd3d3LnNwZWVkdXAuYmlrZS9jYXRlZ29yaWEtcHJvZG90dG8vZm9yLW9pbGVkcy1hbTgwLyI+DQo8aW1nIHNyYz0iaHR0cDovL3d3dy5zcGVlZHVwLmJpa2UvYXBwL3VwbG9hZHMvMjAxNy8wNy8wNC1kb3BwaWEtQS0xLmpwZyIgYWx0PSIiIC8+PC9hPg0KPGgzIHN0eWxlPSJ0ZXh0LWFsaWduOiBjZW50ZXI7Ij5PaWxlZHM8L2gzPg0KJm5ic3A7DQoNCjwvZGl2Pg0KPGRpdiBjbGFzcz0iY29sLWxnLTMiIHN0eWxlPSJwYWRkaW5nOiAzcHg7Ij48YSBocmVmPSJodHRwOi8vd3d3LnNwZWVkdXAuYmlrZS9jYXRlZ29yaWEtcHJvZG90dG8vZm9yLXJvY2t5LW1vdW50YWluLy8iPg0KPGltZyBzcmM9Imh0dHA6Ly93d3cuc3BlZWR1cC5iaWtlL2FwcC91cGxvYWRzLzIwMTcvMDcvMDQtZG9wcGlhLUIuanBnIiBhbHQ9IiIgLz48L2E+DQo8aDMgc3R5bGU9InRleHQtYWxpZ246IGNlbnRlcjsiPlJvY2t5IE1vdW50YWluPC9oMz4NCiZuYnNwOw0KDQo8L2Rpdj4NCjwvZGl2Pg==[\/vc_raw_html][\/vc_column_inner][\/vc_row_inner][\/uncode_slider][\/vc_column][\/vc_row][vc_row row_height_percent=&#8221;0&#8243; override_padding=&#8221;yes&#8221; h_padding=&#8221;2&#8243; top_padding=&#8221;2&#8243; bottom_padding=&#8221;0&#8243; overlay_alpha=&#8221;50&#8243; gutter_size=&#8221;3&#8243; shift_y=&#8221;0&#8243;][vc_column width=&#8221;1\/3&#8243;][\/vc_column][vc_column width=&#8221;1\/3&#8243;][\/vc_column][vc_column width=&#8221;1\/3&#8243;][\/vc_column][\/vc_row][vc_row row_height_percent=&#8221;0&#8243; override_padding=&#8221;yes&#8221; h_padding=&#8221;2&#8243; top_padding=&#8221;2&#8243; bottom_padding=&#8221;3&#8243; overlay_alpha=&#8221;50&#8243; gutter_size=&#8221;3&#8243; shift_y=&#8221;0&#8243;][vc_column width=&#8221;1\/1&#8243;][vc_custom_heading]<strong style=\"font-family: 'Poppins'; font-weight: bold; display: inline-block; padding: 10px 25px; background: #dd3333; color: #fff;\">News<\/strong>[\/vc_custom_heading][uncode_index el_id=&#8221;index-191476&#8243; isotope_mode=&#8221;fitRows&#8221; loop=&#8221;size:3|order_by:date|post_type:post&#8221; gutter_size=&#8221;3&#8243; post_items=&#8221;media|featured|onpost|original,title,date,text|excerpt,sep-one|full&#8221; screen_lg=&#8221;1000&#8243; screen_md=&#8221;600&#8243; screen_sm=&#8221;480&#8243; single_overlay_opacity=&#8221;50&#8243; single_padding=&#8221;2&#8243;][\/vc_column][\/vc_row][vc_row row_height_percent=&#8221;0&#8243; override_padding=&#8221;yes&#8221; h_padding=&#8221;2&#8243; top_padding=&#8221;2&#8243; bottom_padding=&#8221;0&#8243; overlay_alpha=&#8221;50&#8243; gutter_size=&#8221;3&#8243; shift_y=&#8221;0&#8243;][vc_column width=&#8221;1\/1&#8243;][vc_single_image media=&#8221;32107&#8243; media_width_percent=&#8221;100&#8243;][\/vc_column][\/vc_row][vc_row unlock_row=&#8221;&#8221; row_height_percent=&#8221;0&#8243; override_padding=&#8221;yes&#8221; h_padding=&#8221;2&#8243; top_padding=&#8221;0&#8243; bottom_padding=&#8221;2&#8243; overlay_alpha=&#8221;50&#8243; gutter_size=&#8221;3&#8243; shift_y=&#8221;0&#8243; css=&#8221;.vc_custom_1506360378348{margin-top: 0px !important;}&#8221;][vc_column column_width_percent=&#8221;100&#8243; style=&#8221;light&#8221; back_color=&#8221;color-553288&#8243; overlay_alpha=&#8221;50&#8243; gutter_size=&#8221;3&#8243; medium_width=&#8221;0&#8243; mobile_width=&#8221;0&#8243; shift_x=&#8221;0&#8243; shift_y=&#8221;0&#8243; z_index=&#8221;0&#8243; width=&#8221;1\/1&#8243; css=&#8221;.vc_custom_1506360648178{border-top-width: 0px !important;}&#8221;][vc_row_inner row_inner_height_percent=&#8221;0&#8243; overlay_alpha=&#8221;50&#8243; gutter_size=&#8221;3&#8243; shift_y=&#8221;0&#8243; css=&#8221;.vc_custom_1506360419768{margin-top: 0px !important;}&#8221;][vc_column_inner column_width_percent=&#8221;100&#8243; style=&#8221;dark&#8221; gutter_size=&#8221;0&#8243; overlay_alpha=&#8221;50&#8243; medium_width=&#8221;0&#8243; mobile_width=&#8221;0&#8243; shift_x=&#8221;0&#8243; shift_y=&#8221;0&#8243; z_index=&#8221;0&#8243; width=&#8221;1\/1&#8243; css=&#8221;.vc_custom_1506360445959{border-top-width: 0px !important;}&#8221;][vc_custom_heading heading_semantic=&#8221;h1&#8243; text_size=&#8221;h1&#8243; text_color=&#8221;color-xsdn&#8221;]<\/p>\n<h2 id=\"title-18890355\">Come \u00e8 nato SpeedFun!<\/h2>\n<p>[\/vc_custom_heading][\/vc_column_inner][\/vc_row_inner][vc_row_inner row_inner_height_percent=&#8221;0&#8243; overlay_alpha=&#8221;50&#8243; gutter_size=&#8221;4&#8243; shift_y=&#8221;0&#8243;][vc_column_inner column_width_percent=&#8221;100&#8243; style=&#8221;dark&#8221; gutter_size=&#8221;3&#8243; overlay_alpha=&#8221;50&#8243; medium_width=&#8221;0&#8243; mobile_width=&#8221;0&#8243; shift_x=&#8221;0&#8243; shift_y=&#8221;0&#8243; z_index=&#8221;0&#8243; width=&#8221;1\/2&#8243;][vc_column_text]<\/p>\n<div style=\"font-size: 16px;\">\n<p>Il limite di 25 Km\/h oltre il quale il dispositivo elettrico di assistenza alla pedalata smette di agire, fino ad oggi \u00e8 stato \u00e8 stato un limite invalicabile per le biciclette dotate di servomotori BOSCH dato che rispettano i limiti imposti dalla legge comunitaria.<\/p>\n<p>SpeedFun nasce dall&#8217;evoluzione di una semplice intuizione dei suoi inventori che per<\/p>\n<\/div>\n<p>[\/vc_column_text][\/vc_column_inner][vc_column_inner column_width_percent=&#8221;100&#8243; style=&#8221;dark&#8221; gutter_size=&#8221;3&#8243; overlay_alpha=&#8221;50&#8243; medium_width=&#8221;0&#8243; mobile_width=&#8221;0&#8243; shift_x=&#8221;0&#8243; shift_y=&#8221;0&#8243; z_index=&#8221;0&#8243; width=&#8221;1\/2&#8243;][vc_column_text]<\/p>\n<div style=\"font-size: 16px;\">hobby hanno realizzato una demoltilplica meccanica che inganna l&#8217;elettronica del motore rallentando\u00a0 la rilevazione della cadenza del sensore ancorato alla ruota, per mezzo del quale il motore percepisce l&#8217;effettiva velocit\u00e0 della bicicletta e sulla base della quale (ma non solo) decide di modulare ed eventualmente annullare l&#8217;assistenza alla pedalata.<\/div>\n<p>[\/vc_column_text][\/vc_column_inner][\/vc_row_inner][vc_row_inner][vc_column_inner column_width_percent=&#8221;100&#8243; align_horizontal=&#8221;align_center&#8221; style=&#8221;dark&#8221; gutter_size=&#8221;3&#8243; overlay_alpha=&#8221;50&#8243; medium_width=&#8221;0&#8243; mobile_width=&#8221;0&#8243; shift_x=&#8221;0&#8243; shift_y=&#8221;0&#8243; z_index=&#8221;0&#8243; width=&#8221;1\/1&#8243;][vc_button button_color=&#8221;color-xsdn&#8221; size=&#8221;btn-lg&#8221; text_skin=&#8221;yes&#8221; link=&#8221;url:http%3A%2F%2Fwww.speedup.bike%2Fshop%2F|||&#8221; icon=&#8221;fa fa-bag&#8221; el_class=&#8221;text-red&#8221;]Compra ora![\/vc_button][\/vc_column_inner][\/vc_row_inner][\/vc_column][\/vc_row][vc_row][vc_column width=&#8221;1\/1&#8243;][vc_separator sep_color=&#8221;color-jevc&#8221;][\/vc_column][\/vc_row][vc_row][vc_column width=&#8221;1\/4&#8243;][vc_single_image media=&#8221;249&#8243; media_width_percent=&#8221;100&#8243;][\/vc_column][vc_column width=&#8221;3\/4&#8243;][vc_row_inner][vc_column_inner width=&#8221;2\/3&#8243;][vc_column_text]<iframe src=\"https:\/\/www.youtube.com\/embed\/BS1-MF3hUY4?ecver=1\" width=\"100%\" height=\"315\" frameborder=\"0\" allowfullscreen=\"allowfullscreen\"><\/iframe>[\/vc_column_text][\/vc_column_inner][vc_column_inner width=&#8221;1\/3&#8243;][vc_single_image media=&#8221;252&#8243; media_width_percent=&#8221;100&#8243;][\/vc_column_inner][\/vc_row_inner][\/vc_column][\/vc_row]<\/p>\n<\/div>","protected":false},"excerpt":{"rendered":"<p>[vc_row unlock_row_content=&#8221;yes&#8221; row_height_percent=&#8221;85&#8243; override_padding=&#8221;yes&#8221; h_padding=&#8221;0&#8243; top_padding=&#8221;0&#8243; bottom_padding=&#8221;0&#8243; back_color=&#8221;color-wayh&#8221; parallax=&#8221;yes&#8221; overlay_color=&#8221;color-wayh&#8221; overlay_alpha=&#8221;0&#8243; gutter_size=&#8221;3&#8243; shift_y=&#8221;0&#8243; column_width_percent=&#8221;100&#8243; z_index=&#8221;0&#8243;][vc_column column_width_percent=&#8221;100&#8243; position_vertical=&#8221;middle&#8221; align_horizontal=&#8221;align_center&#8221; style=&#8221;dark&#8221; overlay_alpha=&#8221;50&#8243; [&hellip;]<\/p>\n","protected":false},"author":1,"featured_media":0,"parent":0,"menu_order":0,"comment_status":"closed","ping_status":"open","template":"","meta":{"_acf_changed":false,"footnotes":""},"class_list":["post-126","page","type-page","status-publish","hentry"],"acf":[],"yoast_head":"<!-- This site is optimized with the Yoast SEO plugin v27.3 - https:\/\/yoast.com\/product\/yoast-seo-wordpress\/ -->\n<title>Dispositif de d\u00e9bridage pour VAE<\/title>\n<meta name=\"description\" content=\"Voulez-vous augmenter la vitesse de votre v\u00e9lo \u00e9lectrique? Dispositif de d\u00e9bridage pour les moteurs Bosch, les moteurs Yamaha, les moteurs Brose, les moteurs Impulse, les moteurs Shimano, les moteurs Panasonic, les moteurs Polini, les moteurs OliEDS-AM80, les moteurs Rocky Mountain, les moteurs Bafang vous apportant toute l&#039;assistance. Appelez-nous au +39 0498740422 ou info@speedup.bike\" \/>\n<meta name=\"robots\" content=\"index, follow, max-snippet:-1, max-image-preview:large, max-video-preview:-1\" \/>\n<link rel=\"canonical\" href=\"https:\/\/www.speedfun.bike\/homepage\/\" \/>\n<meta property=\"og:locale\" content=\"fr_FR\" \/>\n<meta property=\"og:type\" content=\"article\" \/>\n<meta property=\"og:title\" content=\"Dispositif de d\u00e9bridage pour VAE\" \/>\n<meta property=\"og:description\" content=\"Voulez-vous augmenter la vitesse de votre v\u00e9lo \u00e9lectrique? Dispositif de d\u00e9bridage pour les moteurs Bosch, les moteurs Yamaha, les moteurs Brose, les moteurs Impulse, les moteurs Shimano, les moteurs Panasonic, les moteurs Polini, les moteurs OliEDS-AM80, les moteurs Rocky Mountain, les moteurs Bafang vous apportant toute l&#039;assistance. Appelez-nous au +39 0498740422 ou info@speedup.bike\" \/>\n<meta property=\"og:url\" content=\"https:\/\/www.speedfun.bike\/homepage\/\" \/>\n<meta property=\"og:site_name\" content=\"Speed Fun\" \/>\n<meta property=\"article:modified_time\" content=\"2023-01-23T15:14:04+00:00\" \/>\n<meta name=\"twitter:card\" content=\"summary_large_image\" \/>\n<meta name=\"twitter:label1\" content=\"Est. reading time\" \/>\n\t<meta name=\"twitter:data1\" content=\"9 minutes\" \/>\n<script type=\"application\/ld+json\" class=\"yoast-schema-graph\">{\"@context\":\"https:\\\/\\\/schema.org\",\"@graph\":[{\"@type\":\"WebPage\",\"@id\":\"https:\\\/\\\/www.speedfun.bike\\\/homepage\\\/\",\"url\":\"https:\\\/\\\/www.speedfun.bike\\\/homepage\\\/\",\"name\":\"Dispositif de d\u00e9bridage pour VAE\",\"isPartOf\":{\"@id\":\"https:\\\/\\\/www.speedfun.bike\\\/#website\"},\"datePublished\":\"2017-07-13T16:56:30+00:00\",\"dateModified\":\"2023-01-23T15:14:04+00:00\",\"description\":\"Voulez-vous augmenter la vitesse de votre v\u00e9lo \u00e9lectrique? Dispositif de d\u00e9bridage pour les moteurs Bosch, les moteurs Yamaha, les moteurs Brose, les moteurs Impulse, les moteurs Shimano, les moteurs Panasonic, les moteurs Polini, les moteurs OliEDS-AM80, les moteurs Rocky Mountain, les moteurs Bafang vous apportant toute l'assistance. Appelez-nous au +39 0498740422 ou info@speedup.bike\",\"breadcrumb\":{\"@id\":\"https:\\\/\\\/www.speedfun.bike\\\/homepage\\\/#breadcrumb\"},\"inLanguage\":\"fr-FR\",\"potentialAction\":[{\"@type\":\"ReadAction\",\"target\":[\"https:\\\/\\\/www.speedfun.bike\\\/homepage\\\/\"]}]},{\"@type\":\"BreadcrumbList\",\"@id\":\"https:\\\/\\\/www.speedfun.bike\\\/homepage\\\/#breadcrumb\",\"itemListElement\":[{\"@type\":\"ListItem\",\"position\":1,\"name\":\"Home\",\"item\":\"https:\\\/\\\/www.speedfun.bike\\\/fr\\\/\"},{\"@type\":\"ListItem\",\"position\":2,\"name\":\"Homepage\"}]},{\"@type\":\"WebSite\",\"@id\":\"https:\\\/\\\/www.speedfun.bike\\\/#website\",\"url\":\"https:\\\/\\\/www.speedfun.bike\\\/\",\"name\":\"Speed Fun\",\"description\":\"Sblocco velocit\u00e0 bici elettriche\",\"potentialAction\":[{\"@type\":\"SearchAction\",\"target\":{\"@type\":\"EntryPoint\",\"urlTemplate\":\"https:\\\/\\\/www.speedfun.bike\\\/?s={search_term_string}\"},\"query-input\":{\"@type\":\"PropertyValueSpecification\",\"valueRequired\":true,\"valueName\":\"search_term_string\"}}],\"inLanguage\":\"fr-FR\"}]}<\/script>\n<!-- \/ Yoast SEO plugin. -->","yoast_head_json":{"title":"Dispositif de d\u00e9bridage pour VAE","description":"Voulez-vous augmenter la vitesse de votre v\u00e9lo \u00e9lectrique? Dispositif de d\u00e9bridage pour les moteurs Bosch, les moteurs Yamaha, les moteurs Brose, les moteurs Impulse, les moteurs Shimano, les moteurs Panasonic, les moteurs Polini, les moteurs OliEDS-AM80, les moteurs Rocky Mountain, les moteurs Bafang vous apportant toute l'assistance. Appelez-nous au +39 0498740422 ou info@speedup.bike","robots":{"index":"index","follow":"follow","max-snippet":"max-snippet:-1","max-image-preview":"max-image-preview:large","max-video-preview":"max-video-preview:-1"},"canonical":"https:\/\/www.speedfun.bike\/homepage\/","og_locale":"fr_FR","og_type":"article","og_title":"Dispositif de d\u00e9bridage pour VAE","og_description":"Voulez-vous augmenter la vitesse de votre v\u00e9lo \u00e9lectrique? Dispositif de d\u00e9bridage pour les moteurs Bosch, les moteurs Yamaha, les moteurs Brose, les moteurs Impulse, les moteurs Shimano, les moteurs Panasonic, les moteurs Polini, les moteurs OliEDS-AM80, les moteurs Rocky Mountain, les moteurs Bafang vous apportant toute l'assistance. Appelez-nous au +39 0498740422 ou info@speedup.bike","og_url":"https:\/\/www.speedfun.bike\/homepage\/","og_site_name":"Speed Fun","article_modified_time":"2023-01-23T15:14:04+00:00","twitter_card":"summary_large_image","twitter_misc":{"Est. reading time":"9 minutes"},"schema":{"@context":"https:\/\/schema.org","@graph":[{"@type":"WebPage","@id":"https:\/\/www.speedfun.bike\/homepage\/","url":"https:\/\/www.speedfun.bike\/homepage\/","name":"Dispositif de d\u00e9bridage pour VAE","isPartOf":{"@id":"https:\/\/www.speedfun.bike\/#website"},"datePublished":"2017-07-13T16:56:30+00:00","dateModified":"2023-01-23T15:14:04+00:00","description":"Voulez-vous augmenter la vitesse de votre v\u00e9lo \u00e9lectrique? Dispositif de d\u00e9bridage pour les moteurs Bosch, les moteurs Yamaha, les moteurs Brose, les moteurs Impulse, les moteurs Shimano, les moteurs Panasonic, les moteurs Polini, les moteurs OliEDS-AM80, les moteurs Rocky Mountain, les moteurs Bafang vous apportant toute l'assistance. Appelez-nous au +39 0498740422 ou info@speedup.bike","breadcrumb":{"@id":"https:\/\/www.speedfun.bike\/homepage\/#breadcrumb"},"inLanguage":"fr-FR","potentialAction":[{"@type":"ReadAction","target":["https:\/\/www.speedfun.bike\/homepage\/"]}]},{"@type":"BreadcrumbList","@id":"https:\/\/www.speedfun.bike\/homepage\/#breadcrumb","itemListElement":[{"@type":"ListItem","position":1,"name":"Home","item":"https:\/\/www.speedfun.bike\/fr\/"},{"@type":"ListItem","position":2,"name":"Homepage"}]},{"@type":"WebSite","@id":"https:\/\/www.speedfun.bike\/#website","url":"https:\/\/www.speedfun.bike\/","name":"Speed Fun","description":"Sblocco velocit\u00e0 bici elettriche","potentialAction":[{"@type":"SearchAction","target":{"@type":"EntryPoint","urlTemplate":"https:\/\/www.speedfun.bike\/?s={search_term_string}"},"query-input":{"@type":"PropertyValueSpecification","valueRequired":true,"valueName":"search_term_string"}}],"inLanguage":"fr-FR"}]}},"_links":{"self":[{"href":"https:\/\/www.speedfun.bike\/fr\/wp-json\/wp\/v2\/pages\/126","targetHints":{"allow":["GET"]}}],"collection":[{"href":"https:\/\/www.speedfun.bike\/fr\/wp-json\/wp\/v2\/pages"}],"about":[{"href":"https:\/\/www.speedfun.bike\/fr\/wp-json\/wp\/v2\/types\/page"}],"author":[{"embeddable":true,"href":"https:\/\/www.speedfun.bike\/fr\/wp-json\/wp\/v2\/users\/1"}],"replies":[{"embeddable":true,"href":"https:\/\/www.speedfun.bike\/fr\/wp-json\/wp\/v2\/comments?post=126"}],"version-history":[{"count":65,"href":"https:\/\/www.speedfun.bike\/fr\/wp-json\/wp\/v2\/pages\/126\/revisions"}],"predecessor-version":[{"id":46594,"href":"https:\/\/www.speedfun.bike\/fr\/wp-json\/wp\/v2\/pages\/126\/revisions\/46594"}],"wp:attachment":[{"href":"https:\/\/www.speedfun.bike\/fr\/wp-json\/wp\/v2\/media?parent=126"}],"curies":[{"name":"wp","href":"https:\/\/api.w.org\/{rel}","templated":true}]}}