{"id":119551,"date":"2023-03-14T18:03:31","date_gmt":"2023-03-14T17:03:31","guid":{"rendered":"https:\/\/speedfun.bike\/qui-sommes-nous\/"},"modified":"2023-03-14T18:03:32","modified_gmt":"2023-03-14T17:03:32","slug":"qui-sommes-nous","status":"publish","type":"page","link":"https:\/\/www.speedfun.bike\/fr\/qui-sommes-nous\/","title":{"rendered":"Qui sommes-nous"},"content":{"rendered":"<div class=\"wpb-content-wrapper\"><p>[vc_row row_height_percent=&#8221;0&#8243; override_padding=&#8221;yes&#8221; h_padding=&#8221;2&#8243; top_padding=&#8221;5&#8243; bottom_padding=&#8221;5&#8243; back_color=&#8221;accent&#8221; back_image=&#8221;118345&#8243; kburns=&#8221;yes&#8221; overlay_color=&#8221;accent&#8221; overlay_alpha=&#8221;80&#8243; gutter_size=&#8221;3&#8243; column_width_percent=&#8221;100&#8243; shift_y=&#8221;0&#8243; z_index=&#8221;0&#8243; uncode_shortcode_id=&#8221;191532&#8243; back_color_type=&#8221;uncode-palette&#8221; overlay_color_type=&#8221;uncode-palette&#8221;][vc_column column_width_percent=&#8221;100&#8243; position_vertical=&#8221;middle&#8221; gutter_size=&#8221;4&#8243; style=&#8221;dark&#8221; overlay_alpha=&#8221;50&#8243; shift_x=&#8221;0&#8243; shift_y=&#8221;0&#8243; shift_y_down=&#8221;0&#8243; z_index=&#8221;0&#8243; medium_width=&#8221;0&#8243; mobile_width=&#8221;0&#8243; width=&#8221;1\/1&#8243;][vc_row_inner row_inner_height_percent=&#8221;0&#8243; overlay_alpha=&#8221;50&#8243; gutter_size=&#8221;4&#8243; shift_y=&#8221;0&#8243; z_index=&#8221;0&#8243;][vc_column_inner column_width_percent=&#8221;100&#8243; position_vertical=&#8221;bottom&#8221; gutter_size=&#8221;3&#8243; style=&#8221;dark&#8221; overlay_alpha=&#8221;50&#8243; shift_x=&#8221;0&#8243; shift_y=&#8221;0&#8243; shift_y_down=&#8221;0&#8243; z_index=&#8221;0&#8243; medium_width=&#8221;0&#8243; mobile_width=&#8221;0&#8243; width=&#8221;6\/12&#8243;][vc_custom_heading heading_semantic=&#8221;h4&#8243; text_size=&#8221;fontsize-338686&#8243; text_height=&#8221;fontheight-179065&#8243; uncode_shortcode_id=&#8221;593573&#8243;]SpeedFun ebike tuning[\/vc_custom_heading][\/vc_column_inner][vc_column_inner column_width_percent=&#8221;100&#8243; position_vertical=&#8221;bottom&#8221; align_horizontal=&#8221;align_center&#8221; gutter_size=&#8221;2&#8243; style=&#8221;dark&#8221; overlay_alpha=&#8221;0&#8243; shift_x=&#8221;0&#8243; shift_y=&#8221;0&#8243; shift_y_down=&#8221;0&#8243; z_index=&#8221;0&#8243; medium_width=&#8221;0&#8243; mobile_width=&#8221;0&#8243; width=&#8221;3\/12&#8243; uncode_shortcode_id=&#8221;318286&#8243;][uncode_counter value=&#8221;25&#8243; counter_color=&#8221;&#8221; size=&#8221;fontsize-338686&#8243; weight=&#8221;700&#8243; height=&#8221;fontheight-179065&#8243; suffix=&#8221;+&#8221; uncode_shortcode_id=&#8221;536970&#8243;][vc_column_text uncode_shortcode_id=&#8221;177773&#8243;]<\/p>\n<h2 style=\"text-align: center;\">MOTEURS D\u00c9VERROUILLABLES<\/h2>\n<p>[\/vc_column_text][\/vc_column_inner][vc_column_inner column_width_percent=&#8221;100&#8243; position_vertical=&#8221;bottom&#8221; align_horizontal=&#8221;align_center&#8221; gutter_size=&#8221;2&#8243; style=&#8221;dark&#8221; overlay_alpha=&#8221;50&#8243; shift_x=&#8221;0&#8243; shift_y=&#8221;0&#8243; shift_y_down=&#8221;0&#8243; z_index=&#8221;0&#8243; medium_width=&#8221;0&#8243; mobile_width=&#8221;0&#8243; width=&#8221;3\/12&#8243; uncode_shortcode_id=&#8221;794840&#8243;][uncode_counter value=&#8221;30&#8243; counter_color=&#8221;&#8221; size=&#8221;fontsize-338686&#8243; weight=&#8221;700&#8243; height=&#8221;fontheight-179065&#8243; uncode_shortcode_id=&#8221;877068&#8243; suffix=&#8221;K&#8221;][vc_column_text uncode_shortcode_id=&#8221;468934&#8243;]<\/p>\n<h2 style=\"text-align: center;\">CLIENTS SATISFAITS<\/h2>\n<p>[\/vc_column_text][\/vc_column_inner][\/vc_row_inner][vc_separator sep_color=&#8221;,Default&#8221;][vc_row_inner row_inner_height_percent=&#8221;0&#8243; overlay_alpha=&#8221;50&#8243; equal_height=&#8221;yes&#8221; gutter_size=&#8221;3&#8243; shift_y=&#8221;0&#8243; z_index=&#8221;0&#8243;][vc_column_inner column_width_percent=&#8221;100&#8243; gutter_size=&#8221;2&#8243; style=&#8221;dark&#8221; overlay_alpha=&#8221;50&#8243; shift_x=&#8221;0&#8243; shift_y=&#8221;0&#8243; shift_y_down=&#8221;0&#8243; z_index=&#8221;0&#8243; medium_width=&#8221;0&#8243; mobile_width=&#8221;7&#8243; width=&#8221;1\/4&#8243;][vc_icon position=&#8221;left&#8221; title_aligned_icon=&#8221;yes&#8221; icon=&#8221;fa fa-globe&#8221; size=&#8221;fa-4x&#8221; text_size=&#8221;h4&#8243; add_margin=&#8221;yes&#8221; title=&#8221;B2B&#8221; uncode_shortcode_id=&#8221;126417&#8243;]Nous fournissons plus de 200 entreprises et professionnels dans le monde entier[\/vc_icon][\/vc_column_inner][vc_column_inner column_width_percent=&#8221;100&#8243; gutter_size=&#8221;2&#8243; style=&#8221;dark&#8221; overlay_alpha=&#8221;10&#8243; shift_x=&#8221;0&#8243; shift_y=&#8221;0&#8243; shift_y_down=&#8221;0&#8243; z_index=&#8221;0&#8243; medium_width=&#8221;0&#8243; mobile_width=&#8221;7&#8243; width=&#8221;1\/4&#8243;][vc_icon position=&#8221;left&#8221; title_aligned_icon=&#8221;yes&#8221; icon=&#8221;fa fa-group&#8221; size=&#8221;fa-4x&#8221; text_size=&#8221;h4&#8243; add_margin=&#8221;yes&#8221; title=&#8221;TEAM&#8221; uncode_shortcode_id=&#8221;182142&#8243;]Notre \u00e9quipe sp\u00e9cialis\u00e9e peut fournir une assistance avant et apr\u00e8s-vente[\/vc_icon][\/vc_column_inner][vc_column_inner column_width_percent=&#8221;100&#8243; gutter_size=&#8221;2&#8243; style=&#8221;dark&#8221; overlay_alpha=&#8221;50&#8243; shift_x=&#8221;0&#8243; shift_y=&#8221;0&#8243; shift_y_down=&#8221;0&#8243; z_index=&#8221;0&#8243; medium_width=&#8221;0&#8243; mobile_width=&#8221;7&#8243; width=&#8221;1\/4&#8243;][vc_icon position=&#8221;left&#8221; title_aligned_icon=&#8221;yes&#8221; icon=&#8221;fa fa-truck&#8221; size=&#8221;fa-4x&#8221; text_size=&#8221;h4&#8243; add_margin=&#8221;yes&#8221; title=&#8221;RAPIDIT\u00c9&#8221; uncode_shortcode_id=&#8221;181400&#8243;]Entrep\u00f4t toujours approvisionn\u00e9 et d\u00e9lais de livraison tr\u00e8s rapides partout dans le monde[\/vc_icon][\/vc_column_inner][vc_column_inner column_width_percent=&#8221;100&#8243; gutter_size=&#8221;2&#8243; style=&#8221;dark&#8221; overlay_alpha=&#8221;50&#8243; shift_x=&#8221;0&#8243; shift_y=&#8221;0&#8243; shift_y_down=&#8221;0&#8243; z_index=&#8221;0&#8243; medium_width=&#8221;0&#8243; mobile_width=&#8221;7&#8243; width=&#8221;1\/4&#8243;][vc_icon position=&#8221;left&#8221; title_aligned_icon=&#8221;yes&#8221; icon=&#8221;fa fa-line-chart&#8221; size=&#8221;fa-4x&#8221; text_size=&#8221;h4&#8243; add_margin=&#8221;yes&#8221; title=&#8221;PERFORMANCE&#8221; uncode_shortcode_id=&#8221;190384&#8243;]Nous am\u00e9liorons sans cesse nos r\u00e9glages pour les rendre de plus en plus comp\u00e9titifs et performants[\/vc_icon][\/vc_column_inner][\/vc_row_inner][\/vc_column][\/vc_row][vc_row row_height_percent=&#8221;0&#8243; override_padding=&#8221;yes&#8221; h_padding=&#8221;2&#8243; top_padding=&#8221;5&#8243; bottom_padding=&#8221;2&#8243; overlay_alpha=&#8221;50&#8243; gutter_size=&#8221;4&#8243; column_width_percent=&#8221;100&#8243; shift_y=&#8221;0&#8243; z_index=&#8221;0&#8243;][vc_column column_width_percent=&#8221;80&#8243; position_horizontal=&#8221;left&#8221; gutter_size=&#8221;2&#8243; overlay_alpha=&#8221;50&#8243; shift_x=&#8221;0&#8243; shift_y=&#8221;3&#8243; shift_y_down=&#8221;0&#8243; z_index=&#8221;0&#8243; align_medium=&#8221;align_center_tablet&#8221; medium_width=&#8221;0&#8243; align_mobile=&#8221;align_center_mobile&#8221; mobile_width=&#8221;0&#8243; width=&#8221;5\/12&#8243;][vc_custom_heading heading_semantic=&#8221;h3&#8243; text_size=&#8221;h1&#8243; css_animation=&#8221;left-t-right&#8221; animation_speed=&#8221;600&#8243; uncode_shortcode_id=&#8221;106823&#8243;]AM\u00c9LIORER LES PERFORMANCES[\/vc_custom_heading][vc_column_text css_animation=&#8221;left-t-right&#8221; uncode_shortcode_id=&#8221;155186&#8243;]<strong>UN BESOIN TR\u00c8S SIMPLE COMME D\u00c9VERROUILLER LA VITESSE DE VOTRE VAE AU-DEL\u00c0 DE 25 KM\/H EST POUR NOUS UN D\u00c9FI QUE NOUS RELEVONS DEPUIS 2014.<\/strong><\/p>\n<p><strong>NOUS CR\u00c9ONS DES R\u00c9GLAGES QUI VOUS PERMETTENT D&#8217;EXPLOITER PLEINEMENT VOTRE EBIKE EN AM\u00c9LIORANT SES PERFORMANCES ET SES D\u00c9LIVRANCES.<\/strong>[\/vc_column_text][\/vc_column][vc_column column_width_percent=&#8221;100&#8243; gutter_size=&#8221;3&#8243; overlay_alpha=&#8221;50&#8243; shift_x=&#8221;0&#8243; shift_y=&#8221;0&#8243; shift_y_down=&#8221;0&#8243; z_index=&#8221;0&#8243; medium_width=&#8221;0&#8243; mobile_width=&#8221;0&#8243; width=&#8221;7\/12&#8243;][vc_single_image media=&#8221;84045&#8243; media_width_percent=&#8221;100&#8243; media_ratio=&#8221;four-three&#8221; shadow=&#8221;yes&#8221; css_animation=&#8221;zoom-in&#8221; animation_speed=&#8221;800&#8243; uncode_shortcode_id=&#8221;227010&#8243;][\/vc_column][\/vc_row][vc_row row_height_percent=&#8221;0&#8243; override_padding=&#8221;yes&#8221; h_padding=&#8221;2&#8243; top_padding=&#8221;0&#8243; bottom_padding=&#8221;5&#8243; overlay_alpha=&#8221;50&#8243; gutter_size=&#8221;4&#8243; column_width_percent=&#8221;100&#8243; shift_y=&#8221;0&#8243; z_index=&#8221;0&#8243; el_class=&#8221;inverted-device-order&#8221;][vc_column column_width_percent=&#8221;100&#8243; gutter_size=&#8221;3&#8243; overlay_alpha=&#8221;50&#8243; shift_x=&#8221;0&#8243; shift_y=&#8221;-5&#8243; shift_y_down=&#8221;0&#8243; z_index=&#8221;0&#8243; medium_width=&#8221;0&#8243; mobile_width=&#8221;0&#8243; width=&#8221;7\/12&#8243;][vc_single_image media=&#8221;83659&#8243; media_width_percent=&#8221;100&#8243; media_ratio=&#8221;four-three&#8221; shadow=&#8221;yes&#8221; shadow_weight=&#8221;std&#8221; css_animation=&#8221;zoom-in&#8221; animation_speed=&#8221;800&#8243; uncode_shortcode_id=&#8221;212298&#8243;][\/vc_column][vc_column column_width_percent=&#8221;80&#8243; position_horizontal=&#8221;right&#8221; position_vertical=&#8221;middle&#8221; gutter_size=&#8221;2&#8243; overlay_alpha=&#8221;50&#8243; shift_x=&#8221;0&#8243; shift_y=&#8221;0&#8243; shift_y_down=&#8221;0&#8243; z_index=&#8221;0&#8243; align_medium=&#8221;align_center_tablet&#8221; medium_width=&#8221;0&#8243; align_mobile=&#8221;align_center_mobile&#8221; mobile_width=&#8221;0&#8243; width=&#8221;5\/12&#8243;][vc_custom_heading heading_semantic=&#8221;h3&#8243; text_size=&#8221;h1&#8243; css_animation=&#8221;right-t-left&#8221; animation_speed=&#8221;600&#8243; uncode_shortcode_id=&#8221;929219&#8243;]BEAUCOUP DE TUNING POUR TOUS LES EBIKES[\/vc_custom_heading][vc_column_text css_animation=&#8221;right-t-left&#8221; animation_speed=&#8221;600&#8243; uncode_shortcode_id=&#8221;252377&#8243;]<strong>L&#8217;ENGAGEMENT QUE NOUS AVONS UTILIS\u00c9 DEPUIS PLUS DE 10 ANS DANS LA CONCEPTION ET LA CR\u00c9ATION DE NOS TUNINGS NOUS A CONDUIT \u00c0 OFFRIR UNE LARGE GAMME DE PRODUITS POUR CHAQUE BESOIN ET POUR CHAQUE MOTEUR.<\/strong><\/p>\n<p><strong>AUJOURD&#8217;HUI, NOUS AVONS TUNING POUR PLUS DE 20 MOTEURS EBIKE DIFF\u00c9RENTS.<\/strong>[\/vc_column_text][\/vc_column][\/vc_row][vc_row][vc_column width=&#8221;1\/1&#8243;][uncode_block id=&#8221;119536&#8243;][\/vc_column][\/vc_row]<\/p>\n<\/div>","protected":false},"excerpt":{"rendered":"<p>[vc_row row_height_percent=&#8221;0&#8243; override_padding=&#8221;yes&#8221; h_padding=&#8221;2&#8243; top_padding=&#8221;5&#8243; bottom_padding=&#8221;5&#8243; back_color=&#8221;accent&#8221; back_image=&#8221;118345&#8243; kburns=&#8221;yes&#8221; overlay_color=&#8221;accent&#8221; overlay_alpha=&#8221;80&#8243; gutter_size=&#8221;3&#8243; column_width_percent=&#8221;100&#8243; shift_y=&#8221;0&#8243; z_index=&#8221;0&#8243; uncode_shortcode_id=&#8221;191532&#8243; back_color_type=&#8221;uncode-palette&#8221; overlay_color_type=&#8221;uncode-palette&#8221;][vc_column column_width_percent=&#8221;100&#8243; position_vertical=&#8221;middle&#8221; [&hellip;]<\/p>\n","protected":false},"author":1,"featured_media":0,"parent":0,"menu_order":0,"comment_status":"closed","ping_status":"closed","template":"","meta":{"_acf_changed":false,"footnotes":""},"class_list":["post-119551","page","type-page","status-publish","hentry"],"acf":[],"yoast_head":"<!-- This site is optimized with the Yoast SEO plugin v27.3 - https:\/\/yoast.com\/product\/yoast-seo-wordpress\/ -->\n<title>Qui sommes-nous - SpeedFun ebike tuning<\/title>\n<meta name=\"description\" content=\"Actifs depuis plus de 10 ans dans le secteur, nous concevons, fabriquons et commercialisons du tuning pour les v\u00e9los \u00e9lectriques qui vous permettent de d\u00e9bloquer la vitesse maximale \u00e0 plus de 25 km\/h. \u00c0 ce jour, notre soci\u00e9t\u00e9 a r\u00e9gl\u00e9 plus de 25 moteurs diff\u00e9rents et compte plus de 30 000 clients satisfaits.\" \/>\n<meta name=\"robots\" content=\"index, follow, max-snippet:-1, max-image-preview:large, max-video-preview:-1\" \/>\n<link rel=\"canonical\" href=\"https:\/\/www.speedfun.bike\/fr\/qui-sommes-nous\/\" \/>\n<meta property=\"og:locale\" content=\"fr_FR\" \/>\n<meta property=\"og:type\" content=\"article\" \/>\n<meta property=\"og:title\" content=\"Qui sommes-nous - SpeedFun ebike tuning\" \/>\n<meta property=\"og:description\" content=\"Actifs depuis plus de 10 ans dans le secteur, nous concevons, fabriquons et commercialisons du tuning pour les v\u00e9los \u00e9lectriques qui vous permettent de d\u00e9bloquer la vitesse maximale \u00e0 plus de 25 km\/h. \u00c0 ce jour, notre soci\u00e9t\u00e9 a r\u00e9gl\u00e9 plus de 25 moteurs diff\u00e9rents et compte plus de 30 000 clients satisfaits.\" \/>\n<meta property=\"og:url\" content=\"https:\/\/www.speedfun.bike\/fr\/qui-sommes-nous\/\" \/>\n<meta property=\"og:site_name\" content=\"Speed Fun\" \/>\n<meta property=\"article:modified_time\" content=\"2023-03-14T17:03:32+00:00\" \/>\n<meta name=\"twitter:card\" content=\"summary_large_image\" \/>\n<meta name=\"twitter:label1\" content=\"Est. reading time\" \/>\n\t<meta name=\"twitter:data1\" content=\"5 minutes\" \/>\n<script type=\"application\/ld+json\" class=\"yoast-schema-graph\">{\"@context\":\"https:\\\/\\\/schema.org\",\"@graph\":[{\"@type\":\"WebPage\",\"@id\":\"https:\\\/\\\/www.speedfun.bike\\\/fr\\\/qui-sommes-nous\\\/\",\"url\":\"https:\\\/\\\/www.speedfun.bike\\\/fr\\\/qui-sommes-nous\\\/\",\"name\":\"Qui sommes-nous - SpeedFun ebike tuning\",\"isPartOf\":{\"@id\":\"https:\\\/\\\/www.speedfun.bike\\\/#website\"},\"datePublished\":\"2023-03-14T17:03:31+00:00\",\"dateModified\":\"2023-03-14T17:03:32+00:00\",\"description\":\"Actifs depuis plus de 10 ans dans le secteur, nous concevons, fabriquons et commercialisons du tuning pour les v\u00e9los \u00e9lectriques qui vous permettent de d\u00e9bloquer la vitesse maximale \u00e0 plus de 25 km\\\/h. \u00c0 ce jour, notre soci\u00e9t\u00e9 a r\u00e9gl\u00e9 plus de 25 moteurs diff\u00e9rents et compte plus de 30 000 clients satisfaits.\",\"breadcrumb\":{\"@id\":\"https:\\\/\\\/www.speedfun.bike\\\/fr\\\/qui-sommes-nous\\\/#breadcrumb\"},\"inLanguage\":\"fr-FR\",\"potentialAction\":[{\"@type\":\"ReadAction\",\"target\":[\"https:\\\/\\\/www.speedfun.bike\\\/fr\\\/qui-sommes-nous\\\/\"]}]},{\"@type\":\"BreadcrumbList\",\"@id\":\"https:\\\/\\\/www.speedfun.bike\\\/fr\\\/qui-sommes-nous\\\/#breadcrumb\",\"itemListElement\":[{\"@type\":\"ListItem\",\"position\":1,\"name\":\"Home\",\"item\":\"https:\\\/\\\/www.speedfun.bike\\\/fr\\\/\"},{\"@type\":\"ListItem\",\"position\":2,\"name\":\"Qui sommes-nous\"}]},{\"@type\":\"WebSite\",\"@id\":\"https:\\\/\\\/www.speedfun.bike\\\/#website\",\"url\":\"https:\\\/\\\/www.speedfun.bike\\\/\",\"name\":\"Speed Fun\",\"description\":\"Sblocco velocit\u00e0 bici elettriche\",\"potentialAction\":[{\"@type\":\"SearchAction\",\"target\":{\"@type\":\"EntryPoint\",\"urlTemplate\":\"https:\\\/\\\/www.speedfun.bike\\\/?s={search_term_string}\"},\"query-input\":{\"@type\":\"PropertyValueSpecification\",\"valueRequired\":true,\"valueName\":\"search_term_string\"}}],\"inLanguage\":\"fr-FR\"}]}<\/script>\n<!-- \/ Yoast SEO plugin. -->","yoast_head_json":{"title":"Qui sommes-nous - SpeedFun ebike tuning","description":"Actifs depuis plus de 10 ans dans le secteur, nous concevons, fabriquons et commercialisons du tuning pour les v\u00e9los \u00e9lectriques qui vous permettent de d\u00e9bloquer la vitesse maximale \u00e0 plus de 25 km\/h. \u00c0 ce jour, notre soci\u00e9t\u00e9 a r\u00e9gl\u00e9 plus de 25 moteurs diff\u00e9rents et compte plus de 30 000 clients satisfaits.","robots":{"index":"index","follow":"follow","max-snippet":"max-snippet:-1","max-image-preview":"max-image-preview:large","max-video-preview":"max-video-preview:-1"},"canonical":"https:\/\/www.speedfun.bike\/fr\/qui-sommes-nous\/","og_locale":"fr_FR","og_type":"article","og_title":"Qui sommes-nous - SpeedFun ebike tuning","og_description":"Actifs depuis plus de 10 ans dans le secteur, nous concevons, fabriquons et commercialisons du tuning pour les v\u00e9los \u00e9lectriques qui vous permettent de d\u00e9bloquer la vitesse maximale \u00e0 plus de 25 km\/h. \u00c0 ce jour, notre soci\u00e9t\u00e9 a r\u00e9gl\u00e9 plus de 25 moteurs diff\u00e9rents et compte plus de 30 000 clients satisfaits.","og_url":"https:\/\/www.speedfun.bike\/fr\/qui-sommes-nous\/","og_site_name":"Speed Fun","article_modified_time":"2023-03-14T17:03:32+00:00","twitter_card":"summary_large_image","twitter_misc":{"Est. reading time":"5 minutes"},"schema":{"@context":"https:\/\/schema.org","@graph":[{"@type":"WebPage","@id":"https:\/\/www.speedfun.bike\/fr\/qui-sommes-nous\/","url":"https:\/\/www.speedfun.bike\/fr\/qui-sommes-nous\/","name":"Qui sommes-nous - SpeedFun ebike tuning","isPartOf":{"@id":"https:\/\/www.speedfun.bike\/#website"},"datePublished":"2023-03-14T17:03:31+00:00","dateModified":"2023-03-14T17:03:32+00:00","description":"Actifs depuis plus de 10 ans dans le secteur, nous concevons, fabriquons et commercialisons du tuning pour les v\u00e9los \u00e9lectriques qui vous permettent de d\u00e9bloquer la vitesse maximale \u00e0 plus de 25 km\/h. \u00c0 ce jour, notre soci\u00e9t\u00e9 a r\u00e9gl\u00e9 plus de 25 moteurs diff\u00e9rents et compte plus de 30 000 clients satisfaits.","breadcrumb":{"@id":"https:\/\/www.speedfun.bike\/fr\/qui-sommes-nous\/#breadcrumb"},"inLanguage":"fr-FR","potentialAction":[{"@type":"ReadAction","target":["https:\/\/www.speedfun.bike\/fr\/qui-sommes-nous\/"]}]},{"@type":"BreadcrumbList","@id":"https:\/\/www.speedfun.bike\/fr\/qui-sommes-nous\/#breadcrumb","itemListElement":[{"@type":"ListItem","position":1,"name":"Home","item":"https:\/\/www.speedfun.bike\/fr\/"},{"@type":"ListItem","position":2,"name":"Qui sommes-nous"}]},{"@type":"WebSite","@id":"https:\/\/www.speedfun.bike\/#website","url":"https:\/\/www.speedfun.bike\/","name":"Speed Fun","description":"Sblocco velocit\u00e0 bici elettriche","potentialAction":[{"@type":"SearchAction","target":{"@type":"EntryPoint","urlTemplate":"https:\/\/www.speedfun.bike\/?s={search_term_string}"},"query-input":{"@type":"PropertyValueSpecification","valueRequired":true,"valueName":"search_term_string"}}],"inLanguage":"fr-FR"}]}},"_links":{"self":[{"href":"https:\/\/www.speedfun.bike\/fr\/wp-json\/wp\/v2\/pages\/119551","targetHints":{"allow":["GET"]}}],"collection":[{"href":"https:\/\/www.speedfun.bike\/fr\/wp-json\/wp\/v2\/pages"}],"about":[{"href":"https:\/\/www.speedfun.bike\/fr\/wp-json\/wp\/v2\/types\/page"}],"author":[{"embeddable":true,"href":"https:\/\/www.speedfun.bike\/fr\/wp-json\/wp\/v2\/users\/1"}],"replies":[{"embeddable":true,"href":"https:\/\/www.speedfun.bike\/fr\/wp-json\/wp\/v2\/comments?post=119551"}],"version-history":[{"count":2,"href":"https:\/\/www.speedfun.bike\/fr\/wp-json\/wp\/v2\/pages\/119551\/revisions"}],"predecessor-version":[{"id":119553,"href":"https:\/\/www.speedfun.bike\/fr\/wp-json\/wp\/v2\/pages\/119551\/revisions\/119553"}],"wp:attachment":[{"href":"https:\/\/www.speedfun.bike\/fr\/wp-json\/wp\/v2\/media?parent=119551"}],"curies":[{"name":"wp","href":"https:\/\/api.w.org\/{rel}","templated":true}]}}