{"id":118009,"date":"2021-03-30T12:32:03","date_gmt":"2021-03-30T10:32:03","guid":{"rendered":"https:\/\/speedfun.bike\/shop-streetwear\/"},"modified":"2023-03-16T13:05:59","modified_gmt":"2023-03-16T12:05:59","slug":"shop-streetwear","status":"publish","type":"page","link":"https:\/\/www.speedfun.bike\/fr\/","title":{"rendered":"Homepage"},"content":{"rendered":"<div class=\"wpb-content-wrapper\"><p>[vc_row row_height_percent=&#8221;0&#8243; override_padding=&#8221;yes&#8221; h_padding=&#8221;2&#8243; top_padding=&#8221;3&#8243; bottom_padding=&#8221;3&#8243; back_image=&#8221;118345&#8243; parallax=&#8221;yes&#8221; overlay_color=&#8221;color-jevc&#8221; overlay_alpha=&#8221;70&#8243; gutter_size=&#8221;3&#8243; column_width_percent=&#8221;100&#8243; shift_y=&#8221;0&#8243; z_index=&#8221;0&#8243; uncode_shortcode_id=&#8221;147625&#8243; overlay_color_type=&#8221;uncode-palette&#8221;][vc_column column_width_percent=&#8221;100&#8243; position_vertical=&#8221;middle&#8221; gutter_size=&#8221;0&#8243; style=&#8221;dark&#8221; overlay_alpha=&#8221;50&#8243; shift_x=&#8221;0&#8243; shift_y=&#8221;0&#8243; shift_y_down=&#8221;0&#8243; z_index=&#8221;0&#8243; medium_width=&#8221;0&#8243; mobile_width=&#8221;0&#8243; width=&#8221;1\/1&#8243; uncode_shortcode_id=&#8221;137353&#8243;][uncode_index el_id=&#8221;index-124363&#8243; index_type=&#8221;carousel&#8221; loop=&#8221;size:3|order_by:date|post_type:product|taxonomy_count:10&#8243; carousel_lg=&#8221;1&#8243; carousel_md=&#8221;1&#8243; carousel_sm=&#8221;1&#8243; thumb_size=&#8221;one-one&#8221; gutter_size=&#8221;3&#8243; post_items=&#8221;media|featured|onpost|original,category|nobg,title,text|excerpt|120,spacer|two,link|default&#8221; product_items=&#8221;media|featured|onpost|poster|hide-sale|enhanced-atc|auto-w-atc|atc-typo-default|hide-atc,spacer|two,title,text|excerpt|300,link|round|default_size|Vedi il prodotto&#8221; carousel_v_align=&#8221;middle&#8221; carousel_interval=&#8221;5000&#8243; carousel_navspeed=&#8221;700&#8243; carousel_loop=&#8221;yes&#8221; carousel_nav=&#8221;yes&#8221; carousel_nav_mobile=&#8221;yes&#8221; carousel_nav_skin=&#8221;dark&#8221; stage_padding=&#8221;0&#8243; single_text=&#8221;lateral&#8221; single_image_size=&#8221;5&#8243; single_style=&#8221;dark&#8221; single_shape=&#8221;round&#8221; radius=&#8221;xs&#8221; single_overlay_coloration=&#8221;bottom_gradient&#8221; single_overlay_opacity=&#8221;1&#8243; single_overlay_visible=&#8221;yes&#8221; single_overlay_anim=&#8221;no&#8221; single_text_visible=&#8221;yes&#8221; single_text_anim=&#8221;no&#8221; single_image_anim=&#8221;no&#8221; single_vertical_text=&#8221;middle&#8221; single_padding=&#8221;5&#8243; single_title_dimension=&#8221;h2&#8243; single_title_weight=&#8221;500&#8243; single_border=&#8221;yes&#8221; single_css_animation=&#8221;alpha-anim&#8221; single_animation_first=&#8221;yes&#8221; custom_order=&#8221;yes&#8221; order_ids=&#8221;18932,18907,18935&#8243; uncode_shortcode_id=&#8221;602460&#8243;][\/vc_column][\/vc_row][vc_row row_height_percent=&#8221;0&#8243; override_padding=&#8221;yes&#8221; h_padding=&#8221;2&#8243; top_padding=&#8221;3&#8243; bottom_padding=&#8221;3&#8243; back_color=&#8221;color-210407&#8243; overlay_alpha=&#8221;50&#8243; gutter_size=&#8221;3&#8243; column_width_percent=&#8221;100&#8243; shift_y=&#8221;0&#8243; z_index=&#8221;0&#8243; uncode_shortcode_id=&#8221;119122&#8243; back_color_type=&#8221;uncode-palette&#8221; el_class=&#8221;categorie&#8221;][vc_column column_width_percent=&#8221;100&#8243; gutter_size=&#8221;3&#8243; overlay_alpha=&#8221;50&#8243; shift_x=&#8221;0&#8243; shift_y=&#8221;0&#8243; shift_y_down=&#8221;0&#8243; z_index=&#8221;0&#8243; medium_width=&#8221;0&#8243; mobile_width=&#8221;0&#8243; width=&#8221;1\/1&#8243; uncode_shortcode_id=&#8221;198801&#8243;][uncode_index el_id=&#8221;index-9876&#8243; index_type=&#8221;carousel&#8221; loop=&#8221;size:All|order_by:date|post_type:product|taxonomy_query:product_cat|taxonomy_order:term_order|taxonomy_count:All&#8221; carousel_lg=&#8221;6&#8243; carousel_md=&#8221;6&#8243; carousel_sm=&#8221;2&#8243; gutter_size=&#8221;2&#8243; uncode_taxonomy_items=&#8221;title&#8221; carousel_v_align=&#8221;middle&#8221; carousel_interval=&#8221;3000&#8243; carousel_navspeed=&#8221;400&#8243; carousel_loop=&#8221;yes&#8221; carousel_nav=&#8221;yes&#8221; stage_padding=&#8221;0&#8243; single_style=&#8221;dark&#8221; single_shape=&#8221;round&#8221; single_overlay_opacity=&#8221;50&#8243; single_overlay_anim=&#8221;no&#8221; single_text_visible=&#8221;yes&#8221; single_text_anim=&#8221;no&#8221; single_h_align=&#8221;center&#8221; single_padding=&#8221;1&#8243; single_title_dimension=&#8221;h3&#8243; single_border=&#8221;yes&#8221; custom_order=&#8221;yes&#8221; no_double_tap=&#8221;yes&#8221; uncode_shortcode_id=&#8221;196348&#8243;][\/vc_column][\/vc_row][vc_row row_height_percent=&#8221;0&#8243; override_padding=&#8221;yes&#8221; h_padding=&#8221;2&#8243; top_padding=&#8221;5&#8243; bottom_padding=&#8221;5&#8243; back_image=&#8221;118466&#8243; back_repeat=&#8221;no-repeat&#8221; back_position=&#8221;center bottom&#8221; overlay_alpha=&#8221;50&#8243; gutter_size=&#8221;3&#8243; column_width_percent=&#8221;100&#8243; shift_y=&#8221;0&#8243; z_index=&#8221;0&#8243; uncode_shortcode_id=&#8221;171120&#8243; back_size=&#8221;contain&#8221;][vc_column column_width_use_pixel=&#8221;yes&#8221; position_vertical=&#8221;middle&#8221; align_horizontal=&#8221;align_center&#8221; gutter_size=&#8221;3&#8243; overlay_alpha=&#8221;50&#8243; shift_x=&#8221;0&#8243; shift_y=&#8221;0&#8243; shift_y_down=&#8221;0&#8243; z_index=&#8221;0&#8243; medium_width=&#8221;0&#8243; mobile_width=&#8221;0&#8243; width=&#8221;1\/1&#8243; column_width_pixel=&#8221;900&#8243;][vc_custom_heading text_color=&#8221;accent&#8221; heading_semantic=&#8221;h6&#8243; text_size=&#8221;fontsize-160000&#8243; text_transform=&#8221;uppercase&#8221; text_space=&#8221;fontspace-135905&#8243; uncode_shortcode_id=&#8221;123762&#8243; text_color_type=&#8221;uncode-palette&#8221;]SPEEDFUN | D\u00c9CLENCHEUR DE VITESSE POUR E-BIKE[\/vc_custom_heading][vc_custom_heading heading_semantic=&#8221;h3&#8243; text_size=&#8221;fontsize-445851&#8243; css_animation=&#8221;curtain&#8221; interval_animation=&#8221;200&#8243; uncode_shortcode_id=&#8221;102184&#8243;]<span class=\"heading-text-highlight \" data-atts='{\"bg\":\"style-color-xsdn-bg\",\"height\":\"15%\",\"offset\":\"0.15em\",\"opacity\":\"0.25\",\"animated\":\"yes\"}'>Vitesse <span style=\"color: #dd3333;\">illimit\u00e9e<\/span><\/span>[\/vc_custom_heading][vc_button button_color=&#8221;accent&#8221; border_width=&#8221;0&#8243; link=&#8221;url:%23|||&#8221; button_color_type=&#8221;uncode-palette&#8221; uncode_shortcode_id=&#8221;116116&#8243;]Notre histoire[\/vc_button][vc_empty_space empty_h=&#8221;3&#8243; mobile_visibility=&#8221;yes&#8221;][vc_empty_space empty_h=&#8221;3&#8243; mobile_visibility=&#8221;yes&#8221;][\/vc_column][\/vc_row][vc_row unlock_row_content=&#8221;yes&#8221; row_height_percent=&#8221;0&#8243; override_padding=&#8221;yes&#8221; h_padding=&#8221;5&#8243; top_padding=&#8221;5&#8243; bottom_padding=&#8221;5&#8243; back_color=&#8221;color-nhtu&#8221; overlay_alpha=&#8221;50&#8243; gutter_size=&#8221;3&#8243; column_width_percent=&#8221;100&#8243; shift_y=&#8221;0&#8243; z_index=&#8221;0&#8243; uncode_shortcode_id=&#8221;120673&#8243; back_color_type=&#8221;uncode-palette&#8221;][vc_column column_width_percent=&#8221;100&#8243; align_horizontal=&#8221;align_center&#8221; gutter_size=&#8221;3&#8243; overlay_alpha=&#8221;50&#8243; shift_x=&#8221;0&#8243; shift_y=&#8221;-3&#8243; shift_y_down=&#8221;0&#8243; z_index=&#8221;0&#8243; medium_width=&#8221;0&#8243; mobile_width=&#8221;0&#8243; css_animation=&#8221;alpha-anim&#8221; animation_speed=&#8221;800&#8243; animation_delay=&#8221;200&#8243; width=&#8221;1\/1&#8243; uncode_shortcode_id=&#8221;175060&#8243;][vc_custom_heading text_color=&#8221;accent&#8221; heading_semantic=&#8221;h6&#8243; text_size=&#8221;fontsize-160000&#8243; text_transform=&#8221;uppercase&#8221; text_space=&#8221;fontspace-135905&#8243; uncode_shortcode_id=&#8221;551165&#8243; text_color_type=&#8221;uncode-palette&#8221;]<span style=\"text-align: center;\">SPEEDFUN<\/span>[\/vc_custom_heading][vc_custom_heading text_color=&#8221;color-xsdn&#8221; heading_semantic=&#8221;h3&#8243; text_size=&#8221;fontsize-155944&#8243; uncode_shortcode_id=&#8221;999601&#8243; text_color_type=&#8221;uncode-palette&#8221;]Les derniers produits arriv\u00e9s dans notre boutique[\/vc_custom_heading][vc_empty_space empty_h=&#8221;3&#8243; mobile_visibility=&#8221;yes&#8221;][vc_custom_heading text_size=&#8221;fontsize-160206&#8243; text_weight=&#8221;900&#8243; text_transform=&#8221;uppercase&#8221; text_space=&#8221;fontspace-111509&#8243; css_animation=&#8221;marquee-scroll-opposite&#8221; marquee_clone=&#8221;yes&#8221; sticky_trigger=&#8221;yes&#8221; sticky_trigger_option=&#8221;no-height&#8221; uncode_shortcode_id=&#8221;561225&#8243;]nouvelles \/[\/vc_custom_heading][uncode_index el_id=&#8221;index-609212479&#8243; isotope_mode=&#8221;fitRows&#8221; loop=&#8221;size:8|order_by:date|post_type:product|taxonomy_count:10&#8243; screen_lg=&#8221;1000&#8243; screen_md=&#8221;600&#8243; screen_sm=&#8221;480&#8243; gutter_size=&#8221;3&#8243; post_items=&#8221;media|featured|onpost|poster,date,title,text|excerpt|90,category|bordered|topright|hide-icon&#8221; product_items=&#8221;title,media|featured|onpost|original|show-sale|enhanced-atc|inherit-w-atc|atc-typo-default|show-atc,price|default&#8221; portfolio_items=&#8221;media|featured|onpost|original,title,icon|sm&#8221; single_width=&#8221;3&#8243; single_style=&#8221;dark&#8221; single_overlay_color=&#8221;color-wayh&#8221; single_overlay_opacity=&#8221;50&#8243; single_image_anim=&#8221;no&#8221; single_h_align=&#8221;center&#8221; single_padding=&#8221;1&#8243; single_title_dimension=&#8221;h3&#8243; single_meta_custom_typo=&#8221;yes&#8221; single_border=&#8221;yes&#8221; single_icon=&#8221;fa fa-plus2&#8243; uncode_shortcode_id=&#8221;168328&#8243;][\/vc_column][\/vc_row][vc_row unlock_row_content=&#8221;yes&#8221; row_height_percent=&#8221;0&#8243; override_padding=&#8221;yes&#8221; h_padding=&#8221;0&#8243; top_padding=&#8221;5&#8243; bottom_padding=&#8221;5&#8243; back_color=&#8221;color-nhtu&#8221; overlay_alpha=&#8221;50&#8243; gutter_size=&#8221;3&#8243; column_width_percent=&#8221;100&#8243; shift_y=&#8221;0&#8243; z_index=&#8221;0&#8243; uncode_shortcode_id=&#8221;900073&#8243; back_color_type=&#8221;uncode-palette&#8221;][vc_column column_width_percent=&#8221;100&#8243; gutter_size=&#8221;0&#8243; overlay_alpha=&#8221;50&#8243; shift_x=&#8221;0&#8243; shift_y=&#8221;0&#8243; shift_y_down=&#8221;0&#8243; z_index=&#8221;0&#8243; medium_width=&#8221;0&#8243; mobile_width=&#8221;0&#8243; width=&#8221;1\/1&#8243; uncode_shortcode_id=&#8221;119200&#8243;][vc_custom_heading text_size=&#8221;fontsize-338686&#8243; text_space=&#8221;fontspace-781688&#8243; css_animation=&#8221;marquee-scroll&#8221; marquee_clone=&#8221;yes&#8221; uncode_shortcode_id=&#8221;927182&#8243; text_color_type=&#8221;uncode-solid&#8221; text_color_solid=&#8221;#e0dad1&#8243;]SPEEDFUN \u00b7[\/vc_custom_heading][vc_custom_heading text_size=&#8221;fontsize-338686&#8243; text_space=&#8221;fontspace-781688&#8243; css_animation=&#8221;marquee-scroll-opposite&#8221; marquee_clone=&#8221;yes&#8221; uncode_shortcode_id=&#8221;102552&#8243; text_color_type=&#8221;uncode-solid&#8221; text_color_solid=&#8221;#e0dad1&#8243;]SPEEDFUN \u00b7[\/vc_custom_heading][\/vc_column][\/vc_row][vc_row unlock_row_content=&#8221;yes&#8221; row_height_percent=&#8221;0&#8243; override_padding=&#8221;yes&#8221; h_padding=&#8221;3&#8243; top_padding=&#8221;3&#8243; bottom_padding=&#8221;3&#8243; back_color=&#8221;color-nhtu&#8221; overlay_alpha=&#8221;50&#8243; equal_height=&#8221;yes&#8221; gutter_size=&#8221;3&#8243; column_width_percent=&#8221;100&#8243; shift_y=&#8221;0&#8243; z_index=&#8221;0&#8243; medium_visibility=&#8221;yes&#8221; mobile_visibility=&#8221;yes&#8221; uncode_shortcode_id=&#8221;207187&#8243; back_color_type=&#8221;uncode-palette&#8221;][vc_column column_width_percent=&#8221;100&#8243; position_vertical=&#8221;middle&#8221; align_horizontal=&#8221;align_center&#8221; gutter_size=&#8221;2&#8243; override_padding=&#8221;yes&#8221; column_padding=&#8221;5&#8243; style=&#8221;dark&#8221; back_color=&#8221;color-wayh&#8221; back_image=&#8221;84045&#8243; kburns=&#8221;zoom&#8221; overlay_color=&#8221;color-wayh&#8221; overlay_alpha=&#8221;50&#8243; shift_x=&#8221;0&#8243; shift_y=&#8221;0&#8243; shift_y_down=&#8221;0&#8243; z_index=&#8221;0&#8243; medium_width=&#8221;0&#8243; mobile_width=&#8221;0&#8243; width=&#8221;1\/2&#8243; link_to=&#8221;url:https%3A%2F%2Fspeedfun.bike%2Ffr%2Fribelle%2F|title:Ribelle&#8221; uncode_shortcode_id=&#8221;108983&#8243; back_color_type=&#8221;uncode-palette&#8221; overlay_color_type=&#8221;uncode-palette&#8221;][vc_custom_heading heading_semantic=&#8221;h3&#8243; text_size=&#8221;fontsize-338686&#8243; css_animation=&#8221;curtain&#8221; animation_speed=&#8221;1000&#8243; animation_delay=&#8221;200&#8243; uncode_shortcode_id=&#8221;817754&#8243;]Ribelle[\/vc_custom_heading][vc_custom_heading heading_semantic=&#8221;h3&#8243; text_size=&#8221;h4&#8243; text_weight=&#8221;400&#8243; text_height=&#8221;fontheight-357766&#8243; css_animation=&#8221;curtain&#8221; animation_speed=&#8221;1000&#8243; animation_delay=&#8221;400&#8243; interval_animation=&#8221;200&#8243; uncode_shortcode_id=&#8221;169352&#8243;]Pas de compromis. Ce r\u00e9glage vous permet de d\u00e9verrouiller votre v\u00e9lo \u00e9lectrique jusqu&#8217;\u00e0 des vitesses de plus de 60 Km\/h, toutes les donn\u00e9es restent inchang\u00e9es sur l&#8217;\u00e9cran et peuvent \u00eatre activ\u00e9es et d\u00e9sactiv\u00e9es \u00e0 tout moment avec une simple s\u00e9quence de touches.[\/vc_custom_heading][vc_empty_space empty_h=&#8221;1&#8243;][vc_button border_width=&#8221;0&#8243; css_animation=&#8221;alpha-anim&#8221; animation_delay=&#8221;600&#8243; link=&#8221;url:%23|||&#8221; uncode_shortcode_id=&#8221;424726&#8243;]SPEEDFUN RIBELLE[\/vc_button][\/vc_column][vc_column column_width_percent=&#8221;100&#8243; position_vertical=&#8221;middle&#8221; align_horizontal=&#8221;align_center&#8221; gutter_size=&#8221;2&#8243; override_padding=&#8221;yes&#8221; column_padding=&#8221;5&#8243; style=&#8221;dark&#8221; back_color=&#8221;color-wayh&#8221; back_image=&#8221;851&#8243; kburns=&#8221;zoom&#8221; overlay_color=&#8221;color-wayh&#8221; overlay_alpha=&#8221;49&#8243; shift_x=&#8221;0&#8243; shift_y=&#8221;0&#8243; shift_y_down=&#8221;0&#8243; z_index=&#8221;0&#8243; medium_width=&#8221;0&#8243; mobile_width=&#8221;0&#8243; width=&#8221;1\/2&#8243; link_to=&#8221;url:https%3A%2F%2Fspeedfun.bike%2Ffr%2Ffurious%2F|title:Furious&#8221; uncode_shortcode_id=&#8221;353524&#8243; back_color_type=&#8221;uncode-palette&#8221; overlay_color_type=&#8221;uncode-palette&#8221;][vc_custom_heading heading_semantic=&#8221;h3&#8243; text_size=&#8221;fontsize-338686&#8243; css_animation=&#8221;curtain&#8221; animation_speed=&#8221;1000&#8243; animation_delay=&#8221;200&#8243; uncode_shortcode_id=&#8221;592609&#8243;]Furios Evo[\/vc_custom_heading][vc_custom_heading heading_semantic=&#8221;h3&#8243; text_size=&#8221;h4&#8243; text_weight=&#8221;400&#8243; text_height=&#8221;fontheight-357766&#8243; css_animation=&#8221;curtain&#8221; animation_speed=&#8221;1000&#8243; animation_delay=&#8221;400&#8243; interval_animation=&#8221;200&#8243; uncode_shortcode_id=&#8221;881972&#8243;]L&#8217;appareil simple et \u00e9conomique pour d\u00e9verrouiller votre v\u00e9lo \u00e9lectrique. Ce kit vous permet de d\u00e9verrouiller votre v\u00e9lo \u00e9lectrique jusqu&#8217;\u00e0 des vitesses de 50 Km\/h, toutes les donn\u00e9es sont divis\u00e9es par deux sur l&#8217;\u00e9cran et peuvent \u00eatre activ\u00e9es et d\u00e9sactiv\u00e9es en appuyant simplement sur le bouton d&#8217;\u00e9clairag.[\/vc_custom_heading][vc_empty_space empty_h=&#8221;1&#8243;][vc_button border_width=&#8221;0&#8243; css_animation=&#8221;alpha-anim&#8221; animation_delay=&#8221;600&#8243; link=&#8221;url:%23|||&#8221; uncode_shortcode_id=&#8221;186712&#8243;]SPEEDFUN FURIOUS[\/vc_button][\/vc_column][\/vc_row]<\/p>\n<\/div>","protected":false},"excerpt":{"rendered":"<p>[vc_row row_height_percent=&#8221;0&#8243; override_padding=&#8221;yes&#8221; h_padding=&#8221;2&#8243; top_padding=&#8221;3&#8243; bottom_padding=&#8221;3&#8243; back_image=&#8221;118345&#8243; parallax=&#8221;yes&#8221; overlay_color=&#8221;color-jevc&#8221; overlay_alpha=&#8221;70&#8243; gutter_size=&#8221;3&#8243; column_width_percent=&#8221;100&#8243; shift_y=&#8221;0&#8243; z_index=&#8221;0&#8243; uncode_shortcode_id=&#8221;147625&#8243; overlay_color_type=&#8221;uncode-palette&#8221;][vc_column column_width_percent=&#8221;100&#8243; position_vertical=&#8221;middle&#8221; gutter_size=&#8221;0&#8243; style=&#8221;dark&#8221; [&hellip;]<\/p>\n","protected":false},"author":524,"featured_media":118257,"parent":0,"menu_order":0,"comment_status":"closed","ping_status":"closed","template":"","meta":{"_acf_changed":false,"footnotes":""},"class_list":["post-118009","page","type-page","status-publish","has-post-thumbnail","hentry","page_category-demo-shop-fr"],"acf":[],"yoast_head":"<!-- This site is optimized with the Yoast SEO plugin v27.3 - https:\/\/yoast.com\/product\/yoast-seo-wordpress\/ -->\n<title>Homepage - Speed Fun<\/title>\n<meta name=\"robots\" content=\"index, follow, max-snippet:-1, max-image-preview:large, max-video-preview:-1\" \/>\n<link rel=\"canonical\" href=\"https:\/\/www.speedfun.bike\/fr\/\" \/>\n<meta property=\"og:locale\" content=\"fr_FR\" \/>\n<meta property=\"og:type\" content=\"article\" \/>\n<meta property=\"og:title\" content=\"Homepage - Speed Fun\" \/>\n<meta property=\"og:description\" content=\"[vc_row row_height_percent=&#8221;0&#8243; override_padding=&#8221;yes&#8221; h_padding=&#8221;2&#8243; top_padding=&#8221;3&#8243; bottom_padding=&#8221;3&#8243; back_image=&#8221;118345&#8243; parallax=&#8221;yes&#8221; overlay_color=&#8221;color-jevc&#8221; overlay_alpha=&#8221;70&#8243; gutter_size=&#8221;3&#8243; column_width_percent=&#8221;100&#8243; shift_y=&#8221;0&#8243; z_index=&#8221;0&#8243; uncode_shortcode_id=&#8221;147625&#8243; overlay_color_type=&#8221;uncode-palette&#8221;][vc_column column_width_percent=&#8221;100&#8243; position_vertical=&#8221;middle&#8221; gutter_size=&#8221;0&#8243; style=&#8221;dark&#8221; [&hellip;]\" \/>\n<meta property=\"og:url\" content=\"https:\/\/www.speedfun.bike\/fr\/\" \/>\n<meta property=\"og:site_name\" content=\"Speed Fun\" \/>\n<meta property=\"article:modified_time\" content=\"2023-03-16T12:05:59+00:00\" \/>\n<meta property=\"og:image\" content=\"https:\/\/www.speedfun.bike\/wp-content\/uploads\/2023\/02\/triang.png\" \/>\n\t<meta property=\"og:image:width\" content=\"791\" \/>\n\t<meta property=\"og:image:height\" content=\"815\" \/>\n\t<meta property=\"og:image:type\" content=\"image\/png\" \/>\n<meta name=\"twitter:card\" content=\"summary_large_image\" \/>\n<meta name=\"twitter:label1\" content=\"Est. reading time\" \/>\n\t<meta name=\"twitter:data1\" content=\"3 minutes\" \/>\n<script type=\"application\/ld+json\" class=\"yoast-schema-graph\">{\"@context\":\"https:\\\/\\\/schema.org\",\"@graph\":[{\"@type\":\"WebPage\",\"@id\":\"https:\\\/\\\/www.speedfun.bike\\\/fr\\\/\",\"url\":\"https:\\\/\\\/www.speedfun.bike\\\/fr\\\/\",\"name\":\"Homepage - Speed Fun\",\"isPartOf\":{\"@id\":\"https:\\\/\\\/www.speedfun.bike\\\/#website\"},\"primaryImageOfPage\":{\"@id\":\"https:\\\/\\\/www.speedfun.bike\\\/fr\\\/#primaryimage\"},\"image\":{\"@id\":\"https:\\\/\\\/www.speedfun.bike\\\/fr\\\/#primaryimage\"},\"thumbnailUrl\":\"https:\\\/\\\/www.speedfun.bike\\\/wp-content\\\/uploads\\\/2023\\\/02\\\/triang.png\",\"datePublished\":\"2021-03-30T10:32:03+00:00\",\"dateModified\":\"2023-03-16T12:05:59+00:00\",\"breadcrumb\":{\"@id\":\"https:\\\/\\\/www.speedfun.bike\\\/fr\\\/#breadcrumb\"},\"inLanguage\":\"fr-FR\",\"potentialAction\":[{\"@type\":\"ReadAction\",\"target\":[\"https:\\\/\\\/www.speedfun.bike\\\/fr\\\/\"]}]},{\"@type\":\"ImageObject\",\"inLanguage\":\"fr-FR\",\"@id\":\"https:\\\/\\\/www.speedfun.bike\\\/fr\\\/#primaryimage\",\"url\":\"https:\\\/\\\/www.speedfun.bike\\\/wp-content\\\/uploads\\\/2023\\\/02\\\/triang.png\",\"contentUrl\":\"https:\\\/\\\/www.speedfun.bike\\\/wp-content\\\/uploads\\\/2023\\\/02\\\/triang.png\",\"width\":791,\"height\":815},{\"@type\":\"BreadcrumbList\",\"@id\":\"https:\\\/\\\/www.speedfun.bike\\\/fr\\\/#breadcrumb\",\"itemListElement\":[{\"@type\":\"ListItem\",\"position\":1,\"name\":\"Home\",\"item\":\"https:\\\/\\\/www.speedfun.bike\\\/fr\\\/\"},{\"@type\":\"ListItem\",\"position\":2,\"name\":\"Homepage\"}]},{\"@type\":\"WebSite\",\"@id\":\"https:\\\/\\\/www.speedfun.bike\\\/#website\",\"url\":\"https:\\\/\\\/www.speedfun.bike\\\/\",\"name\":\"Speed Fun\",\"description\":\"Sblocco velocit\u00e0 bici elettriche\",\"potentialAction\":[{\"@type\":\"SearchAction\",\"target\":{\"@type\":\"EntryPoint\",\"urlTemplate\":\"https:\\\/\\\/www.speedfun.bike\\\/?s={search_term_string}\"},\"query-input\":{\"@type\":\"PropertyValueSpecification\",\"valueRequired\":true,\"valueName\":\"search_term_string\"}}],\"inLanguage\":\"fr-FR\"}]}<\/script>\n<!-- \/ Yoast SEO plugin. -->","yoast_head_json":{"title":"Homepage - Speed Fun","robots":{"index":"index","follow":"follow","max-snippet":"max-snippet:-1","max-image-preview":"max-image-preview:large","max-video-preview":"max-video-preview:-1"},"canonical":"https:\/\/www.speedfun.bike\/fr\/","og_locale":"fr_FR","og_type":"article","og_title":"Homepage - Speed Fun","og_description":"[vc_row row_height_percent=&#8221;0&#8243; override_padding=&#8221;yes&#8221; h_padding=&#8221;2&#8243; top_padding=&#8221;3&#8243; bottom_padding=&#8221;3&#8243; back_image=&#8221;118345&#8243; parallax=&#8221;yes&#8221; overlay_color=&#8221;color-jevc&#8221; overlay_alpha=&#8221;70&#8243; gutter_size=&#8221;3&#8243; column_width_percent=&#8221;100&#8243; shift_y=&#8221;0&#8243; z_index=&#8221;0&#8243; uncode_shortcode_id=&#8221;147625&#8243; overlay_color_type=&#8221;uncode-palette&#8221;][vc_column column_width_percent=&#8221;100&#8243; position_vertical=&#8221;middle&#8221; gutter_size=&#8221;0&#8243; style=&#8221;dark&#8221; [&hellip;]","og_url":"https:\/\/www.speedfun.bike\/fr\/","og_site_name":"Speed Fun","article_modified_time":"2023-03-16T12:05:59+00:00","og_image":[{"width":791,"height":815,"url":"https:\/\/www.speedfun.bike\/wp-content\/uploads\/2023\/02\/triang.png","type":"image\/png"}],"twitter_card":"summary_large_image","twitter_misc":{"Est. reading time":"3 minutes"},"schema":{"@context":"https:\/\/schema.org","@graph":[{"@type":"WebPage","@id":"https:\/\/www.speedfun.bike\/fr\/","url":"https:\/\/www.speedfun.bike\/fr\/","name":"Homepage - Speed Fun","isPartOf":{"@id":"https:\/\/www.speedfun.bike\/#website"},"primaryImageOfPage":{"@id":"https:\/\/www.speedfun.bike\/fr\/#primaryimage"},"image":{"@id":"https:\/\/www.speedfun.bike\/fr\/#primaryimage"},"thumbnailUrl":"https:\/\/www.speedfun.bike\/wp-content\/uploads\/2023\/02\/triang.png","datePublished":"2021-03-30T10:32:03+00:00","dateModified":"2023-03-16T12:05:59+00:00","breadcrumb":{"@id":"https:\/\/www.speedfun.bike\/fr\/#breadcrumb"},"inLanguage":"fr-FR","potentialAction":[{"@type":"ReadAction","target":["https:\/\/www.speedfun.bike\/fr\/"]}]},{"@type":"ImageObject","inLanguage":"fr-FR","@id":"https:\/\/www.speedfun.bike\/fr\/#primaryimage","url":"https:\/\/www.speedfun.bike\/wp-content\/uploads\/2023\/02\/triang.png","contentUrl":"https:\/\/www.speedfun.bike\/wp-content\/uploads\/2023\/02\/triang.png","width":791,"height":815},{"@type":"BreadcrumbList","@id":"https:\/\/www.speedfun.bike\/fr\/#breadcrumb","itemListElement":[{"@type":"ListItem","position":1,"name":"Home","item":"https:\/\/www.speedfun.bike\/fr\/"},{"@type":"ListItem","position":2,"name":"Homepage"}]},{"@type":"WebSite","@id":"https:\/\/www.speedfun.bike\/#website","url":"https:\/\/www.speedfun.bike\/","name":"Speed Fun","description":"Sblocco velocit\u00e0 bici elettriche","potentialAction":[{"@type":"SearchAction","target":{"@type":"EntryPoint","urlTemplate":"https:\/\/www.speedfun.bike\/?s={search_term_string}"},"query-input":{"@type":"PropertyValueSpecification","valueRequired":true,"valueName":"search_term_string"}}],"inLanguage":"fr-FR"}]}},"_links":{"self":[{"href":"https:\/\/www.speedfun.bike\/fr\/wp-json\/wp\/v2\/pages\/118009","targetHints":{"allow":["GET"]}}],"collection":[{"href":"https:\/\/www.speedfun.bike\/fr\/wp-json\/wp\/v2\/pages"}],"about":[{"href":"https:\/\/www.speedfun.bike\/fr\/wp-json\/wp\/v2\/types\/page"}],"author":[{"embeddable":true,"href":"https:\/\/www.speedfun.bike\/fr\/wp-json\/wp\/v2\/users\/524"}],"replies":[{"embeddable":true,"href":"https:\/\/www.speedfun.bike\/fr\/wp-json\/wp\/v2\/comments?post=118009"}],"version-history":[{"count":108,"href":"https:\/\/www.speedfun.bike\/fr\/wp-json\/wp\/v2\/pages\/118009\/revisions"}],"predecessor-version":[{"id":119578,"href":"https:\/\/www.speedfun.bike\/fr\/wp-json\/wp\/v2\/pages\/118009\/revisions\/119578"}],"wp:featuredmedia":[{"embeddable":true,"href":"https:\/\/www.speedfun.bike\/fr\/wp-json\/wp\/v2\/media\/118257"}],"wp:attachment":[{"href":"https:\/\/www.speedfun.bike\/fr\/wp-json\/wp\/v2\/media?parent=118009"}],"curies":[{"name":"wp","href":"https:\/\/api.w.org\/{rel}","templated":true}]}}