{"id":104963,"date":"2023-01-23T15:53:29","date_gmt":"2023-01-23T14:53:29","guid":{"rendered":"https:\/\/speedfun.bike\/prodotto\/speedfun-furious-evo-easy-for-dapu-md250s\/"},"modified":"2023-04-21T09:43:55","modified_gmt":"2023-04-21T08:43:55","slug":"speedfun-furious-evo-easy-for-dapu-md250s","status":"publish","type":"product","link":"https:\/\/www.speedfun.bike\/en\/prodotto\/speedfun-furious-evo-easy-for-dapu-md250s\/","title":{"rendered":"SpeedFun Furious Evo easy+ for Dapu MD250S"},"content":{"rendered":"<div class=\"wpb-content-wrapper\"><p>[vc_row][vc_column width=&#8221;1\/1&#8243;][vc_column_text]<\/p>\n<h2>What is SpeedFun Furious Evo ebike tuning for Dapu MD250S?<\/h2>\n<p><strong>The function of the Furious Evo tuning device for\u00a0Dapu MD250S\u00a0<\/strong>is to electronically manipulate the rotation speed of the rear wheel and to communicate to the motor a speed always lower than 25 KmH in order to obtain a real speed with very high active motor. The maximum speed limit will therefore be dictated by the power of the engine added to the power expressed by one&#8217;s legs (<a href=\"https:\/\/speedfun.bike\/wp-content\/uploads\/2019\/06\/ebike-non-va-a-50-kmh.pdf\">info<\/a>).<\/p>\n<p>When the tuning device is active, having no communication with the display, it will show the halved data on the display starting from a certain threshold.<\/p>\n<p>SpeedFun Furious Evo can be activated and deactivated at will and maintains the setting even after the ebike is turned off. <strong>Compatible with Dapu MD250S motor<\/strong> mainly used by Cortina, Ekletta and many other.<\/p>\n<p>The Furiosu Evo for Dapu MD250S tuning device can be activated\/deactivated in a very practical system (for more information see the instructions). The device is supplied plug and go ready to use and is installed in a very simple way thanks to the original connectors with which no physical modification of the ebike is necessary.<\/p>\n<p><strong>Caution<\/strong><br \/>\nThis device is <strong>compatible only and exclusively<\/strong> <strong>with<\/strong> ebikes equipped with a <strong>Dapu MD250S<\/strong> motor.\u00a0Check the connectors before buying, if they don&#8217;t match the ones in the photo you probably have a Dapu MD250. You can find the correct product\u00a0<a href=\"https:\/\/speedfun.bike\/en\/prodotto\/speedfun-furious-evo-for-dapu-md250\/\">HERE<\/a>.<\/p>\n<p>&nbsp;<\/p>\n<h2>Ebike with\u00a0<strong>Dapu MD250S\u00a0<\/strong>motor where the Furious Evo device was successfully installed<\/h2>\n<p>(this list is illustrative and not exhaustive)[\/vc_column_text][vc_row_inner][vc_column_inner width=&#8221;1\/3&#8243;][vc_column_text uncode_shortcode_id=&#8221;161608&#8243;]<\/p>\n<p>&#8211; Ekletta Bumpy<br \/>\n&#8211; Rock Machine e-bike storm E70 29&#8243;<br \/>\n&#8211; Rock Machine e-bike Storm INT e90-29 Touring<\/p>\n<p>[\/vc_column_text][\/vc_column_inner][vc_column_inner width=&#8221;1\/3&#8243;][\/vc_column_inner][vc_column_inner width=&#8221;1\/3&#8243;][\/vc_column_inner][\/vc_row_inner][\/vc_column][\/vc_row]<\/p>\n<\/div>","protected":false},"excerpt":{"rendered":"<p>SpeedFun Furious Evo is an ebike tuning that allows you to remove the 25 kmH speed block by fully exploiting the potential of the Dapu md250 engine.<\/p>\n<p>This speed release, specially designed for ebikes with Dapu MD250S motors mostly mounted on Cortina, Ekletta and many other ebikes, allows you to increase their active assistance up to speeds that can reach 60 Km\/h.<\/p>\n<p>All SpeedFun Furious Evo speed release devices can be activated and deactivated at any time and without the need for connections to the light output.<\/p>\n","protected":false},"featured_media":104967,"comment_status":"open","ping_status":"closed","template":"","meta":{"_acf_changed":false},"product_brand":[],"product_cat":[132,271],"product_tag":[],"class_list":{"0":"post-104963","1":"product","2":"type-product","3":"status-publish","4":"has-post-thumbnail","6":"product_cat-for-dapu-en","7":"product_cat-furious-en","8":"product_shipping_class-armadi-en","10":"first","11":"instock","12":"taxable","13":"shipping-taxable","14":"purchasable","15":"product-type-simple"},"acf":[],"yoast_head":"<!-- This site is optimized with the Yoast SEO plugin v27.3 - https:\/\/yoast.com\/product\/yoast-seo-wordpress\/ -->\n<title>SpeedFun Furious Evo easy+ for Dapu MD250S - Speed Fun<\/title>\n<meta name=\"description\" content=\"SpeedFun Furious Evo \u00e8 un tuning ebike appositamente realizzato per sbloccare la velocit\u00e0 massima del motore Dapu MD250S. Con questo dispositivo di sblocco \u00e8 possibile aumentare l&#039;assistenza fino a velocit\u00e0 che possono arrivare a 60 km\/h. Compatibile con ebike come Ekletta, Cortina e molte altre dotate di Dapu MD250S.\" \/>\n<meta name=\"robots\" content=\"index, follow, max-snippet:-1, max-image-preview:large, max-video-preview:-1\" \/>\n<link rel=\"canonical\" href=\"https:\/\/www.speedfun.bike\/en\/prodotto\/speedfun-furious-evo-easy-for-dapu-md250s\/\" \/>\n<meta property=\"og:locale\" content=\"en_US\" \/>\n<meta property=\"og:type\" content=\"article\" \/>\n<meta property=\"og:title\" content=\"SpeedFun Furious Evo easy+ for Dapu MD250S - Speed Fun\" \/>\n<meta property=\"og:description\" content=\"SpeedFun Furious Evo \u00e8 un tuning ebike appositamente realizzato per sbloccare la velocit\u00e0 massima del motore Dapu MD250S. Con questo dispositivo di sblocco \u00e8 possibile aumentare l&#039;assistenza fino a velocit\u00e0 che possono arrivare a 60 km\/h. Compatibile con ebike come Ekletta, Cortina e molte altre dotate di Dapu MD250S.\" \/>\n<meta property=\"og:url\" content=\"https:\/\/www.speedfun.bike\/en\/prodotto\/speedfun-furious-evo-easy-for-dapu-md250s\/\" \/>\n<meta property=\"og:site_name\" content=\"Speed Fun\" \/>\n<meta property=\"article:modified_time\" content=\"2023-04-21T08:43:55+00:00\" \/>\n<meta property=\"og:image\" content=\"https:\/\/www.speedfun.bike\/wp-content\/uploads\/2023\/01\/SpeedFun-tuning-ebike-furious-evo-dapu-md250s_product_resized-scaled.jpg\" \/>\n\t<meta property=\"og:image:width\" content=\"2560\" \/>\n\t<meta property=\"og:image:height\" content=\"2049\" \/>\n\t<meta property=\"og:image:type\" content=\"image\/jpeg\" \/>\n<meta name=\"twitter:card\" content=\"summary_large_image\" \/>\n<meta name=\"twitter:label1\" content=\"Est. reading time\" \/>\n\t<meta name=\"twitter:data1\" content=\"2 minutes\" \/>\n<script type=\"application\/ld+json\" class=\"yoast-schema-graph\">{\"@context\":\"https:\\\/\\\/schema.org\",\"@graph\":[{\"@type\":\"WebPage\",\"@id\":\"https:\\\/\\\/www.speedfun.bike\\\/en\\\/prodotto\\\/speedfun-furious-evo-easy-for-dapu-md250s\\\/\",\"url\":\"https:\\\/\\\/www.speedfun.bike\\\/en\\\/prodotto\\\/speedfun-furious-evo-easy-for-dapu-md250s\\\/\",\"name\":\"SpeedFun Furious Evo easy+ for Dapu MD250S - Speed Fun\",\"isPartOf\":{\"@id\":\"https:\\\/\\\/www.speedfun.bike\\\/#website\"},\"primaryImageOfPage\":{\"@id\":\"https:\\\/\\\/www.speedfun.bike\\\/en\\\/prodotto\\\/speedfun-furious-evo-easy-for-dapu-md250s\\\/#primaryimage\"},\"image\":{\"@id\":\"https:\\\/\\\/www.speedfun.bike\\\/en\\\/prodotto\\\/speedfun-furious-evo-easy-for-dapu-md250s\\\/#primaryimage\"},\"thumbnailUrl\":\"https:\\\/\\\/www.speedfun.bike\\\/wp-content\\\/uploads\\\/2023\\\/01\\\/SpeedFun-tuning-ebike-furious-evo-dapu-md250s_product_resized-scaled.jpg\",\"datePublished\":\"2023-01-23T14:53:29+00:00\",\"dateModified\":\"2023-04-21T08:43:55+00:00\",\"description\":\"SpeedFun Furious Evo \u00e8 un tuning ebike appositamente realizzato per sbloccare la velocit\u00e0 massima del motore Dapu MD250S. Con questo dispositivo di sblocco \u00e8 possibile aumentare l'assistenza fino a velocit\u00e0 che possono arrivare a 60 km\\\/h. Compatibile con ebike come Ekletta, Cortina e molte altre dotate di Dapu MD250S.\",\"breadcrumb\":{\"@id\":\"https:\\\/\\\/www.speedfun.bike\\\/en\\\/prodotto\\\/speedfun-furious-evo-easy-for-dapu-md250s\\\/#breadcrumb\"},\"inLanguage\":\"en-US\",\"potentialAction\":[{\"@type\":\"ReadAction\",\"target\":[\"https:\\\/\\\/www.speedfun.bike\\\/en\\\/prodotto\\\/speedfun-furious-evo-easy-for-dapu-md250s\\\/\"]}]},{\"@type\":\"ImageObject\",\"inLanguage\":\"en-US\",\"@id\":\"https:\\\/\\\/www.speedfun.bike\\\/en\\\/prodotto\\\/speedfun-furious-evo-easy-for-dapu-md250s\\\/#primaryimage\",\"url\":\"https:\\\/\\\/www.speedfun.bike\\\/wp-content\\\/uploads\\\/2023\\\/01\\\/SpeedFun-tuning-ebike-furious-evo-dapu-md250s_product_resized-scaled.jpg\",\"contentUrl\":\"https:\\\/\\\/www.speedfun.bike\\\/wp-content\\\/uploads\\\/2023\\\/01\\\/SpeedFun-tuning-ebike-furious-evo-dapu-md250s_product_resized-scaled.jpg\",\"width\":2560,\"height\":2049,\"caption\":\"SpeedFun ebike tuning with Dapu MD250S engine used on Cortina, Ekletta and many other ebikes. Unlocks speed above 25km\\\/h allowing you to reach speeds above 60km\\\/h.\"},{\"@type\":\"BreadcrumbList\",\"@id\":\"https:\\\/\\\/www.speedfun.bike\\\/en\\\/prodotto\\\/speedfun-furious-evo-easy-for-dapu-md250s\\\/#breadcrumb\",\"itemListElement\":[{\"@type\":\"ListItem\",\"position\":1,\"name\":\"Home\",\"item\":\"https:\\\/\\\/www.speedfun.bike\\\/en\\\/\"},{\"@type\":\"ListItem\",\"position\":2,\"name\":\"Shop\",\"item\":\"https:\\\/\\\/www.speedfun.bike\\\/en\\\/shop-2\\\/\"},{\"@type\":\"ListItem\",\"position\":3,\"name\":\"SpeedFun Furious Evo easy+ for Dapu MD250S\"}]},{\"@type\":\"WebSite\",\"@id\":\"https:\\\/\\\/www.speedfun.bike\\\/#website\",\"url\":\"https:\\\/\\\/www.speedfun.bike\\\/\",\"name\":\"Speed Fun\",\"description\":\"Sblocco velocit\u00e0 bici elettriche\",\"potentialAction\":[{\"@type\":\"SearchAction\",\"target\":{\"@type\":\"EntryPoint\",\"urlTemplate\":\"https:\\\/\\\/www.speedfun.bike\\\/?s={search_term_string}\"},\"query-input\":{\"@type\":\"PropertyValueSpecification\",\"valueRequired\":true,\"valueName\":\"search_term_string\"}}],\"inLanguage\":\"en-US\"}]}<\/script>\n<!-- \/ Yoast SEO plugin. -->","yoast_head_json":{"title":"SpeedFun Furious Evo easy+ for Dapu MD250S - Speed Fun","description":"SpeedFun Furious Evo \u00e8 un tuning ebike appositamente realizzato per sbloccare la velocit\u00e0 massima del motore Dapu MD250S. Con questo dispositivo di sblocco \u00e8 possibile aumentare l'assistenza fino a velocit\u00e0 che possono arrivare a 60 km\/h. Compatibile con ebike come Ekletta, Cortina e molte altre dotate di Dapu MD250S.","robots":{"index":"index","follow":"follow","max-snippet":"max-snippet:-1","max-image-preview":"max-image-preview:large","max-video-preview":"max-video-preview:-1"},"canonical":"https:\/\/www.speedfun.bike\/en\/prodotto\/speedfun-furious-evo-easy-for-dapu-md250s\/","og_locale":"en_US","og_type":"article","og_title":"SpeedFun Furious Evo easy+ for Dapu MD250S - Speed Fun","og_description":"SpeedFun Furious Evo \u00e8 un tuning ebike appositamente realizzato per sbloccare la velocit\u00e0 massima del motore Dapu MD250S. Con questo dispositivo di sblocco \u00e8 possibile aumentare l'assistenza fino a velocit\u00e0 che possono arrivare a 60 km\/h. Compatibile con ebike come Ekletta, Cortina e molte altre dotate di Dapu MD250S.","og_url":"https:\/\/www.speedfun.bike\/en\/prodotto\/speedfun-furious-evo-easy-for-dapu-md250s\/","og_site_name":"Speed Fun","article_modified_time":"2023-04-21T08:43:55+00:00","og_image":[{"width":2560,"height":2049,"url":"https:\/\/www.speedfun.bike\/wp-content\/uploads\/2023\/01\/SpeedFun-tuning-ebike-furious-evo-dapu-md250s_product_resized-scaled.jpg","type":"image\/jpeg"}],"twitter_card":"summary_large_image","twitter_misc":{"Est. reading time":"2 minutes"},"schema":{"@context":"https:\/\/schema.org","@graph":[{"@type":"WebPage","@id":"https:\/\/www.speedfun.bike\/en\/prodotto\/speedfun-furious-evo-easy-for-dapu-md250s\/","url":"https:\/\/www.speedfun.bike\/en\/prodotto\/speedfun-furious-evo-easy-for-dapu-md250s\/","name":"SpeedFun Furious Evo easy+ for Dapu MD250S - Speed Fun","isPartOf":{"@id":"https:\/\/www.speedfun.bike\/#website"},"primaryImageOfPage":{"@id":"https:\/\/www.speedfun.bike\/en\/prodotto\/speedfun-furious-evo-easy-for-dapu-md250s\/#primaryimage"},"image":{"@id":"https:\/\/www.speedfun.bike\/en\/prodotto\/speedfun-furious-evo-easy-for-dapu-md250s\/#primaryimage"},"thumbnailUrl":"https:\/\/www.speedfun.bike\/wp-content\/uploads\/2023\/01\/SpeedFun-tuning-ebike-furious-evo-dapu-md250s_product_resized-scaled.jpg","datePublished":"2023-01-23T14:53:29+00:00","dateModified":"2023-04-21T08:43:55+00:00","description":"SpeedFun Furious Evo \u00e8 un tuning ebike appositamente realizzato per sbloccare la velocit\u00e0 massima del motore Dapu MD250S. Con questo dispositivo di sblocco \u00e8 possibile aumentare l'assistenza fino a velocit\u00e0 che possono arrivare a 60 km\/h. Compatibile con ebike come Ekletta, Cortina e molte altre dotate di Dapu MD250S.","breadcrumb":{"@id":"https:\/\/www.speedfun.bike\/en\/prodotto\/speedfun-furious-evo-easy-for-dapu-md250s\/#breadcrumb"},"inLanguage":"en-US","potentialAction":[{"@type":"ReadAction","target":["https:\/\/www.speedfun.bike\/en\/prodotto\/speedfun-furious-evo-easy-for-dapu-md250s\/"]}]},{"@type":"ImageObject","inLanguage":"en-US","@id":"https:\/\/www.speedfun.bike\/en\/prodotto\/speedfun-furious-evo-easy-for-dapu-md250s\/#primaryimage","url":"https:\/\/www.speedfun.bike\/wp-content\/uploads\/2023\/01\/SpeedFun-tuning-ebike-furious-evo-dapu-md250s_product_resized-scaled.jpg","contentUrl":"https:\/\/www.speedfun.bike\/wp-content\/uploads\/2023\/01\/SpeedFun-tuning-ebike-furious-evo-dapu-md250s_product_resized-scaled.jpg","width":2560,"height":2049,"caption":"SpeedFun ebike tuning with Dapu MD250S engine used on Cortina, Ekletta and many other ebikes. Unlocks speed above 25km\/h allowing you to reach speeds above 60km\/h."},{"@type":"BreadcrumbList","@id":"https:\/\/www.speedfun.bike\/en\/prodotto\/speedfun-furious-evo-easy-for-dapu-md250s\/#breadcrumb","itemListElement":[{"@type":"ListItem","position":1,"name":"Home","item":"https:\/\/www.speedfun.bike\/en\/"},{"@type":"ListItem","position":2,"name":"Shop","item":"https:\/\/www.speedfun.bike\/en\/shop-2\/"},{"@type":"ListItem","position":3,"name":"SpeedFun Furious Evo easy+ for Dapu MD250S"}]},{"@type":"WebSite","@id":"https:\/\/www.speedfun.bike\/#website","url":"https:\/\/www.speedfun.bike\/","name":"Speed Fun","description":"Sblocco velocit\u00e0 bici elettriche","potentialAction":[{"@type":"SearchAction","target":{"@type":"EntryPoint","urlTemplate":"https:\/\/www.speedfun.bike\/?s={search_term_string}"},"query-input":{"@type":"PropertyValueSpecification","valueRequired":true,"valueName":"search_term_string"}}],"inLanguage":"en-US"}]}},"_links":{"self":[{"href":"https:\/\/www.speedfun.bike\/en\/wp-json\/wp\/v2\/product\/104963","targetHints":{"allow":["GET"]}}],"collection":[{"href":"https:\/\/www.speedfun.bike\/en\/wp-json\/wp\/v2\/product"}],"about":[{"href":"https:\/\/www.speedfun.bike\/en\/wp-json\/wp\/v2\/types\/product"}],"replies":[{"embeddable":true,"href":"https:\/\/www.speedfun.bike\/en\/wp-json\/wp\/v2\/comments?post=104963"}],"wp:featuredmedia":[{"embeddable":true,"href":"https:\/\/www.speedfun.bike\/en\/wp-json\/wp\/v2\/media\/104967"}],"wp:attachment":[{"href":"https:\/\/www.speedfun.bike\/en\/wp-json\/wp\/v2\/media?parent=104963"}],"wp:term":[{"taxonomy":"product_brand","embeddable":true,"href":"https:\/\/www.speedfun.bike\/en\/wp-json\/wp\/v2\/product_brand?post=104963"},{"taxonomy":"product_cat","embeddable":true,"href":"https:\/\/www.speedfun.bike\/en\/wp-json\/wp\/v2\/product_cat?post=104963"},{"taxonomy":"product_tag","embeddable":true,"href":"https:\/\/www.speedfun.bike\/en\/wp-json\/wp\/v2\/product_tag?post=104963"}],"curies":[{"name":"wp","href":"https:\/\/api.w.org\/{rel}","templated":true}]}}